{"id":28635,"date":"2020-04-27T00:00:00","date_gmt":"2020-04-26T22:00:00","guid":{"rendered":"http:\/\/fermentis.com\/product\/springcell\/"},"modified":"2026-04-17T18:59:21","modified_gmt":"2026-04-17T16:59:21","slug":"springcell","status":"publish","type":"product","link":"https:\/\/fermentis.com\/fr\/produit\/springcell\/","title":{"rendered":"SpringCell\u2122"},"content":{"rendered":"<div class=\"container section-title-container\" ><h2 class=\"section-title section-title-center\"><b aria-hidden=\"true\"><\/b><span class=\"section-title-main\" style=\"font-size:115%;\">LA SOLUTION POUR \u00c9VITER LES RALENTIS ET RELANCER LES FERMENTATIONS BLOQU\u00c9ES<\/span><b aria-hidden=\"true\"><\/b><\/h2><\/div>\n<p>Some of the operations made to activate fermentation act on the yeast growth and the fermentation kinetic at its beginning only without acting on the yeast survival or the end of fermentation.<\/p>\n<p>The use of <strong>SpringCell<\/strong>\u2122 yeast hulls helps acting on the yeast viability on a long term thanks to their must detoxification properties and the supply in survival factors for the yeast generations formed during the yeast growth phase. Yeast cell walls are performing fermentation aids that allow to act efficiently against stuck &amp; sluggish fermentation.<\/p>\n<p><strong>SpringCell<\/strong>\u2122 yeast hulls are the original cell walls patented by the university of Bordeaux (Lafon-Lafourcade and al, 1984).<\/p>\n\t<div id=\"gap-1676482286\" class=\"gap-element clearfix\" style=\"display:block; height:auto;\">\n\t\t\n<style>\n#gap-1676482286 {\n  padding-top: 30px;\n}\n<\/style>\n\t<\/div>\n\t\n<div class=\"container section-title-container\" ><h3 class=\"section-title section-title-center\"><b aria-hidden=\"true\"><\/b><span class=\"section-title-main\" style=\"font-size:115%;\">SPRINGCELL\u2122 - Caract\u00e9ristiques techniques <\/span><b aria-hidden=\"true\"><\/b><\/h3><\/div>\n\n\t\t<div class=\"tabbed-content\">\n\t\t\t\n\t\t\t<ul class=\"nav nav-tabs nav-uppercase nav-size-normal nav-left\" role=\"tablist\"><li id=\"tab-propri\u00e9t\u00e9s\" class=\"tab active has-icon\" role=\"presentation\"><a href=\"#tab_propri\u00e9t\u00e9s\" role=\"tab\" aria-selected=\"true\" aria-controls=\"tab_propri\u00e9t\u00e9s\"><span>Propri\u00e9t\u00e9s<\/span><\/a><\/li>\n<li id=\"tab-essai\" class=\"tab has-icon\" role=\"presentation\"><a href=\"#tab_essai\" tabindex=\"-1\" role=\"tab\" aria-selected=\"false\" aria-controls=\"tab_essai\"><span>Essai<\/span><\/a><\/li>\n<li id=\"tab-dosage-et-utilisation\" class=\"tab has-icon\" role=\"presentation\"><a href=\"#tab_dosage-et-utilisation\" tabindex=\"-1\" role=\"tab\" aria-selected=\"false\" aria-controls=\"tab_dosage-et-utilisation\"><span>Dosage et utilisation<\/span><\/a><\/li>\n<li id=\"tab-emballage-&amp;-garantie\" class=\"tab has-icon\" role=\"presentation\"><a href=\"#tab_emballage-&amp;-garantie\" tabindex=\"-1\" role=\"tab\" aria-selected=\"false\" aria-controls=\"tab_emballage-&amp;-garantie\"><span>Emballage &amp; garantie<\/span><\/a><\/li><\/ul><div class=\"tab-panels\"><div id=\"tab_propri\u00e9t\u00e9s\" class=\"panel active entry-content\" role=\"tabpanel\" aria-labelledby=\"tab-propri\u00e9t\u00e9s\">\n<h4>Absorption des compos\u00e9s toxiques pour la levure<\/h4>\n<p>Acides gras inhibiteurs, r\u00e9sidus de produits phytosanitaires, ochratoxine A, gr\u00e2ce \u00e0 la pr\u00e9sence de glucanes &amp; mannanes qui fixent ces compos\u00e9s.<\/p>\n<h4>Richesse en facteurs de survie, st\u00e9rols, acides gras insatur\u00e9s, consid\u00e9r\u00e9s comme substituts de l&#039;oxyg\u00e8ne<\/h4>\n<p>Ces \u00e9l\u00e9ments permettent de prot\u00e9ger les g\u00e9n\u00e9rations successives de levures actives d\u00e8s la premi\u00e8re g\u00e9n\u00e9ration tout en maintenant l&#039;int\u00e9grit\u00e9 de leur membrane tout en augmentant leur r\u00e9sistance \u00e0 l&#039;\u00e9thanol.<\/p>\n<h4>Taux d&#039;augmentation de multiplication cellulaire<\/h4>\n<p>SpringCell\u2122 est le seul activateur permettant d\u2019atteindre une consommation totale des sucres dans un mo\u00fbt dont la fermentation est lente, sans produire d\u2019acidit\u00e9 volatile.<\/p>\n<h4>R\u00f4le de support dans les mo\u00fbts<\/h4>\n<p>SpringCell\u2122 est presque 100% insoluble et a un effet de soutien dans les mo\u00fbts hautement clarifi\u00e9s en augmentant leur turbidit\u00e9 sans les inconv\u00e9nients des d\u00e9viations organoleptiques qui peuvent \u00eatre caus\u00e9es par les lies.<\/p>\n<\/div>\n<div id=\"tab_essai\" class=\"panel entry-content\" role=\"tabpanel\" aria-labelledby=\"tab-essai\">\n<h4><strong>Gros Manseng must 2010, 13.5% v\/v, initial YAN: 115ppm<\/strong><\/h4>\n<p><em>The use of 30g\/hl SpringCell cell walls at third fermentation was<\/em><br \/>\n<em>more efficient than 10mg\/l oxygen addition at maximum fermentation speed.<\/em><\/p>\n<p>Combined with a yeast derivative (YD \u2013 organic nutrient source) that wasn\u2019t able to complete the fermentation by itself, it helped finishing it.<\/p>\n<\/div>\n<div id=\"tab_dosage-et-utilisation\" class=\"panel entry-content\" role=\"tabpanel\" aria-labelledby=\"tab-dosage-et-utilisation\">\n<h4>Dosage<\/h4>\n<p><em><b>Dilute 20 to 30 g\/hl in 10 times its volume of wine, add to the must between 35 and 45% of the sugars consumed and homogenize using a pumping-over<\/b><\/em><\/p>\n<p>In red wine making,\u00a0<strong>SpringCell\u2122<\/strong>\u00a0addition should be done underneath the cap. In case of musts with a high settlement it is recommended to add\u00a0<strong>SpringCell\u2122<\/strong>\u00a0after the settling down, just before yeast inoculation.<br \/>\nAs a cure, for stuck or sluggish fermentations:<br \/>\nDilute 30 to 40 g\/hl in 10 times its volume of wine then incorporate directly in the racked wine sulfited at a dose of 2 to 3 g\/hl.<br \/>\nConsult our restarting protocol.<br \/>\nWarning:\u00a0<strong>SpringCell\u2122<\/strong>\u00a0yeast hulls are subjected to usage limit of 40g\/hl according to the European legislation.<\/p>\n<\/div>\n<div id=\"tab_emballage-&amp;-garantie\" class=\"panel entry-content\" role=\"tabpanel\" aria-labelledby=\"tab-emballage-&amp;-garantie\">\n<h4>Packaging<\/h4>\n<p>Carton of 20 vacuum-packed sachets of 500 g each (Full box net weight: 10 kg).<br \/>\n1 bag-in-box pack of 10 kg (full box net weight: 10 kg)<br \/>\n1 bag of 25 kg<\/p>\n<h4>Guarantee<\/h4>\n<p>The high rate of dry matter of our yeasts assures an optimum storage in its original packaging at a temperature not higher than 20\u00b0C (during 3 years) and 10\u00b0C for an extended storage (4 years). Fermentis guarantees the product complies with the International Oenological Codex until its Best Before End Date in the storage conditions mentioned above.<\/p>\n<p>Each Fermentis yeast is developed under a specific production scheme and benefits from the know-how of the Lesaffre group, world leader in yeast manufacturing. This guarantees the highest microbiological purity and maximum fermentation activity.<\/p>\n<\/div><\/div><\/div>\n\t<div id=\"gap-765112579\" class=\"gap-element clearfix\" style=\"display:block; height:auto;\">\n\t\t\n<style>\n#gap-765112579 {\n  padding-top: 30px;\n}\n<\/style>\n\t<\/div>\n\t\n<p><i>Les donn\u00e9es contenues dans cette fiche technique sont la transcription exacte de nos connaissances du produit \u00e0 la date mentionn\u00e9e. Ils sont la propri\u00e9t\u00e9 exclusive de Fermentis-Division de S.I. Lesaffre. Il est de la responsabilit\u00e9 de l&#039;utilisateur de s&#039;assurer que l&#039;utilisation de ce produit particulier est conforme \u00e0 la l\u00e9gislation.<\/i><\/p>\n","protected":false},"excerpt":{"rendered":"<p>La solution pour \u00e9viter les ralentis et relancer les fermentations bloqu\u00e9es<\/p>\n","protected":false},"featured_media":29456,"comment_status":"closed","ping_status":"closed","template":"","meta":{"_acf_changed":false},"product_brand":[],"product_cat":[299,301,287],"product_tag":[1155],"class_list":{"0":"post-28635","1":"product","2":"type-product","3":"status-publish","4":"has-post-thumbnail","6":"product_cat-aide-fermentation-vin","7":"product_cat-springcell-fr-2","8":"product_cat-vinification","9":"product_tag-springcell-fr","11":"first","12":"instock","13":"shipping-taxable","14":"product-type-simple"},"acf":[],"yoast_head":"<!-- This site is optimized with the Yoast SEO Premium plugin v27.4 (Yoast SEO v27.4) - https:\/\/yoast.com\/product\/yoast-seo-premium-wordpress\/ -->\n<title>SpringCell - Ecorces de levure d&#039;aide \u00e0 la fermentation du vin - Fermentis<\/title>\n<meta name=\"description\" content=\"Les \u00e9corces de levure Fermentis SpringCell sont une aide \u00e0 la fermentation du vin agissant sur la viabilit\u00e9 des levures et sont efficaces contre les fermentations bloqu\u00e9es et lentes.\" \/>\n<meta name=\"robots\" content=\"index, follow, max-snippet:-1, max-image-preview:large, max-video-preview:-1\" \/>\n<link rel=\"canonical\" href=\"https:\/\/fermentis.com\/fr\/produit\/springcell\/\" \/>\n<meta property=\"og:locale\" content=\"fr_FR\" \/>\n<meta property=\"og:type\" content=\"article\" \/>\n<meta property=\"og:title\" content=\"SpringCell\u2122\" \/>\n<meta property=\"og:description\" content=\"Les \u00e9corces de levure Fermentis SpringCell sont une aide \u00e0 la fermentation du vin agissant sur la viabilit\u00e9 des levures et sont efficaces contre les fermentations bloqu\u00e9es et lentes.\" \/>\n<meta property=\"og:url\" content=\"https:\/\/fermentis.com\/fr\/produit\/springcell\/\" \/>\n<meta property=\"og:site_name\" content=\"Fermentis\" \/>\n<meta property=\"article:publisher\" content=\"https:\/\/www.facebook.com\/Fermentis\" \/>\n<meta property=\"article:modified_time\" content=\"2026-04-17T16:59:21+00:00\" \/>\n<meta property=\"og:image\" content=\"https:\/\/fermentis.com\/wp-content\/uploads\/2020\/04\/springcell-1.jpg\" \/>\n\t<meta property=\"og:image:width\" content=\"1200\" \/>\n\t<meta property=\"og:image:height\" content=\"1200\" \/>\n\t<meta property=\"og:image:type\" content=\"image\/jpeg\" \/>\n<meta name=\"twitter:card\" content=\"summary_large_image\" \/>\n<meta name=\"twitter:site\" content=\"@fermentis\" \/>\n<meta name=\"twitter:label1\" content=\"Prix\" \/>\n\t<meta name=\"twitter:data1\" content=\"\" \/>\n\t<meta name=\"twitter:label2\" content=\"Disponibilit\u00e9\" \/>\n\t<meta name=\"twitter:data2\" content=\"En stock\" \/>\n<script type=\"application\/ld+json\" class=\"yoast-schema-graph\">{\"@context\":\"https:\\\/\\\/schema.org\",\"@graph\":[{\"@type\":\"WebPage\",\"@id\":\"https:\\\/\\\/fermentis.com\\\/fr\\\/produit\\\/springcell\\\/\",\"url\":\"https:\\\/\\\/fermentis.com\\\/fr\\\/produit\\\/springcell\\\/\",\"name\":\"SpringCell - Ecorces de levure d'aide \u00e0 la fermentation du vin - Fermentis\",\"isPartOf\":{\"@id\":\"https:\\\/\\\/fermentis.com\\\/fr\\\/#website\"},\"primaryImageOfPage\":{\"@id\":\"https:\\\/\\\/fermentis.com\\\/fr\\\/produit\\\/springcell\\\/#primaryimage\"},\"image\":{\"@id\":\"https:\\\/\\\/fermentis.com\\\/fr\\\/produit\\\/springcell\\\/#primaryimage\"},\"thumbnailUrl\":\"https:\\\/\\\/fermentis.com\\\/wp-content\\\/uploads\\\/2020\\\/04\\\/springcell-1.jpg\",\"datePublished\":\"2020-04-26T22:00:00+00:00\",\"dateModified\":\"2026-04-17T16:59:21+00:00\",\"description\":\"Les \u00e9corces de levure Fermentis SpringCell sont une aide \u00e0 la fermentation du vin agissant sur la viabilit\u00e9 des levures et sont efficaces contre les fermentations bloqu\u00e9es et lentes.\",\"breadcrumb\":{\"@id\":\"https:\\\/\\\/fermentis.com\\\/fr\\\/produit\\\/springcell\\\/#breadcrumb\"},\"inLanguage\":\"fr-FR\",\"potentialAction\":[{\"@type\":\"ReadAction\",\"target\":[\"https:\\\/\\\/fermentis.com\\\/fr\\\/produit\\\/springcell\\\/\"]}]},{\"@type\":\"ImageObject\",\"inLanguage\":\"fr-FR\",\"@id\":\"https:\\\/\\\/fermentis.com\\\/fr\\\/produit\\\/springcell\\\/#primaryimage\",\"url\":\"https:\\\/\\\/fermentis.com\\\/wp-content\\\/uploads\\\/2020\\\/04\\\/springcell-1.jpg\",\"contentUrl\":\"https:\\\/\\\/fermentis.com\\\/wp-content\\\/uploads\\\/2020\\\/04\\\/springcell-1.jpg\",\"width\":1200,\"height\":1200,\"caption\":\"Springcell fermentation aid pack by fermentis\"},{\"@type\":\"BreadcrumbList\",\"@id\":\"https:\\\/\\\/fermentis.com\\\/fr\\\/produit\\\/springcell\\\/#breadcrumb\",\"itemListElement\":[{\"@type\":\"ListItem\",\"position\":1,\"name\":\"Home\",\"item\":\"https:\\\/\\\/fermentis.com\\\/fr\\\/\"},{\"@type\":\"ListItem\",\"position\":2,\"name\":\"Produits\"},{\"@type\":\"ListItem\",\"position\":3,\"name\":\"Vinification\",\"item\":\"https:\\\/\\\/fermentis.com\\\/fr\\\/fermentation\\\/vinification\\\/\"},{\"@type\":\"ListItem\",\"position\":4,\"name\":\"Aide \u00e0 la fermentation\",\"item\":\"https:\\\/\\\/fermentis.com\\\/fr\\\/fermentation\\\/vinification\\\/aide-fermentation-vin\\\/\"},{\"@type\":\"ListItem\",\"position\":5,\"name\":\"SpringCell\u2122\"}]},{\"@type\":\"WebSite\",\"@id\":\"https:\\\/\\\/fermentis.com\\\/fr\\\/#website\",\"url\":\"https:\\\/\\\/fermentis.com\\\/fr\\\/\",\"name\":\"Fermentis\",\"description\":\"Un site utilisant WordPress\",\"publisher\":{\"@id\":\"https:\\\/\\\/fermentis.com\\\/fr\\\/#organization\"},\"potentialAction\":[{\"@type\":\"SearchAction\",\"target\":{\"@type\":\"EntryPoint\",\"urlTemplate\":\"https:\\\/\\\/fermentis.com\\\/fr\\\/?s={search_term_string}\"},\"query-input\":{\"@type\":\"PropertyValueSpecification\",\"valueRequired\":true,\"valueName\":\"search_term_string\"}}],\"inLanguage\":\"fr-FR\"},{\"@type\":\"Organization\",\"@id\":\"https:\\\/\\\/fermentis.com\\\/fr\\\/#organization\",\"name\":\"Fermentis\",\"url\":\"https:\\\/\\\/fermentis.com\\\/fr\\\/\",\"logo\":{\"@type\":\"ImageObject\",\"inLanguage\":\"fr-FR\",\"@id\":\"https:\\\/\\\/fermentis.com\\\/fr\\\/#\\\/schema\\\/logo\\\/image\\\/\",\"url\":\"https:\\\/\\\/fermentis.com\\\/wp-content\\\/uploads\\\/2021\\\/07\\\/Logo-Fermentis-5.png\",\"contentUrl\":\"https:\\\/\\\/fermentis.com\\\/wp-content\\\/uploads\\\/2021\\\/07\\\/Logo-Fermentis-5.png\",\"width\":308,\"height\":95,\"caption\":\"Fermentis\"},\"image\":{\"@id\":\"https:\\\/\\\/fermentis.com\\\/fr\\\/#\\\/schema\\\/logo\\\/image\\\/\"},\"sameAs\":[\"https:\\\/\\\/www.facebook.com\\\/Fermentis\",\"https:\\\/\\\/x.com\\\/fermentis\",\"https:\\\/\\\/www.instagram.com\\\/fermentisbylesaffre\\\/\",\"https:\\\/\\\/www.linkedin.com\\\/company\\\/fermentis\\\/\",\"https:\\\/\\\/www.youtube.com\\\/channel\\\/UCt_Lp3IZnUNXZeqSi6iiAdA\"]}]}<\/script>\n<meta property=\"product:price:currency\" content=\"GBP\" \/>\n<meta property=\"og:availability\" content=\"instock\" \/>\n<meta property=\"product:availability\" content=\"instock\" \/>\n<meta property=\"product:condition\" content=\"new\" \/>\n<!-- \/ Yoast SEO Premium plugin. -->","yoast_head_json":{"title":"SpringCell - Ecorces de levure d'aide \u00e0 la fermentation du vin - Fermentis","description":"Les \u00e9corces de levure Fermentis SpringCell sont une aide \u00e0 la fermentation du vin agissant sur la viabilit\u00e9 des levures et sont efficaces contre les fermentations bloqu\u00e9es et lentes.","robots":{"index":"index","follow":"follow","max-snippet":"max-snippet:-1","max-image-preview":"max-image-preview:large","max-video-preview":"max-video-preview:-1"},"canonical":"https:\/\/fermentis.com\/fr\/produit\/springcell\/","og_locale":"fr_FR","og_type":"article","og_title":"SpringCell\u2122","og_description":"Les \u00e9corces de levure Fermentis SpringCell sont une aide \u00e0 la fermentation du vin agissant sur la viabilit\u00e9 des levures et sont efficaces contre les fermentations bloqu\u00e9es et lentes.","og_url":"https:\/\/fermentis.com\/fr\/produit\/springcell\/","og_site_name":"Fermentis","article_publisher":"https:\/\/www.facebook.com\/Fermentis","article_modified_time":"2026-04-17T16:59:21+00:00","og_image":[{"width":1200,"height":1200,"url":"https:\/\/fermentis.com\/wp-content\/uploads\/2020\/04\/springcell-1.jpg","type":"image\/jpeg"}],"twitter_card":"summary_large_image","twitter_site":"@fermentis","twitter_misc":{"Prix":"","Disponibilit\u00e9":"En stock"},"schema":{"@context":"https:\/\/schema.org","@graph":[{"@type":"WebPage","@id":"https:\/\/fermentis.com\/fr\/produit\/springcell\/","url":"https:\/\/fermentis.com\/fr\/produit\/springcell\/","name":"SpringCell - Ecorces de levure d'aide \u00e0 la fermentation du vin - Fermentis","isPartOf":{"@id":"https:\/\/fermentis.com\/fr\/#website"},"primaryImageOfPage":{"@id":"https:\/\/fermentis.com\/fr\/produit\/springcell\/#primaryimage"},"image":{"@id":"https:\/\/fermentis.com\/fr\/produit\/springcell\/#primaryimage"},"thumbnailUrl":"https:\/\/fermentis.com\/wp-content\/uploads\/2020\/04\/springcell-1.jpg","datePublished":"2020-04-26T22:00:00+00:00","dateModified":"2026-04-17T16:59:21+00:00","description":"Les \u00e9corces de levure Fermentis SpringCell sont une aide \u00e0 la fermentation du vin agissant sur la viabilit\u00e9 des levures et sont efficaces contre les fermentations bloqu\u00e9es et lentes.","breadcrumb":{"@id":"https:\/\/fermentis.com\/fr\/produit\/springcell\/#breadcrumb"},"inLanguage":"fr-FR","potentialAction":[{"@type":"ReadAction","target":["https:\/\/fermentis.com\/fr\/produit\/springcell\/"]}]},{"@type":"ImageObject","inLanguage":"fr-FR","@id":"https:\/\/fermentis.com\/fr\/produit\/springcell\/#primaryimage","url":"https:\/\/fermentis.com\/wp-content\/uploads\/2020\/04\/springcell-1.jpg","contentUrl":"https:\/\/fermentis.com\/wp-content\/uploads\/2020\/04\/springcell-1.jpg","width":1200,"height":1200,"caption":"Springcell fermentation aid pack by fermentis"},{"@type":"BreadcrumbList","@id":"https:\/\/fermentis.com\/fr\/produit\/springcell\/#breadcrumb","itemListElement":[{"@type":"ListItem","position":1,"name":"Home","item":"https:\/\/fermentis.com\/fr\/"},{"@type":"ListItem","position":2,"name":"Produits"},{"@type":"ListItem","position":3,"name":"Vinification","item":"https:\/\/fermentis.com\/fr\/fermentation\/vinification\/"},{"@type":"ListItem","position":4,"name":"Aide \u00e0 la fermentation","item":"https:\/\/fermentis.com\/fr\/fermentation\/vinification\/aide-fermentation-vin\/"},{"@type":"ListItem","position":5,"name":"SpringCell\u2122"}]},{"@type":"WebSite","@id":"https:\/\/fermentis.com\/fr\/#website","url":"https:\/\/fermentis.com\/fr\/","name":"Fermentis","description":"Un site utilisant WordPress","publisher":{"@id":"https:\/\/fermentis.com\/fr\/#organization"},"potentialAction":[{"@type":"SearchAction","target":{"@type":"EntryPoint","urlTemplate":"https:\/\/fermentis.com\/fr\/?s={search_term_string}"},"query-input":{"@type":"PropertyValueSpecification","valueRequired":true,"valueName":"search_term_string"}}],"inLanguage":"fr-FR"},{"@type":"Organization","@id":"https:\/\/fermentis.com\/fr\/#organization","name":"Fermentis","url":"https:\/\/fermentis.com\/fr\/","logo":{"@type":"ImageObject","inLanguage":"fr-FR","@id":"https:\/\/fermentis.com\/fr\/#\/schema\/logo\/image\/","url":"https:\/\/fermentis.com\/wp-content\/uploads\/2021\/07\/Logo-Fermentis-5.png","contentUrl":"https:\/\/fermentis.com\/wp-content\/uploads\/2021\/07\/Logo-Fermentis-5.png","width":308,"height":95,"caption":"Fermentis"},"image":{"@id":"https:\/\/fermentis.com\/fr\/#\/schema\/logo\/image\/"},"sameAs":["https:\/\/www.facebook.com\/Fermentis","https:\/\/x.com\/fermentis","https:\/\/www.instagram.com\/fermentisbylesaffre\/","https:\/\/www.linkedin.com\/company\/fermentis\/","https:\/\/www.youtube.com\/channel\/UCt_Lp3IZnUNXZeqSi6iiAdA"]}]},"product_price_currency":"GBP","og_availability":"instock","product_availability":"instock","product_condition":"new"},"_links":{"self":[{"href":"https:\/\/fermentis.com\/fr\/wp-json\/wp\/v2\/product\/28635","targetHints":{"allow":["GET"]}}],"collection":[{"href":"https:\/\/fermentis.com\/fr\/wp-json\/wp\/v2\/product"}],"about":[{"href":"https:\/\/fermentis.com\/fr\/wp-json\/wp\/v2\/types\/product"}],"replies":[{"embeddable":true,"href":"https:\/\/fermentis.com\/fr\/wp-json\/wp\/v2\/comments?post=28635"}],"wp:featuredmedia":[{"embeddable":true,"href":"https:\/\/fermentis.com\/fr\/wp-json\/wp\/v2\/media\/29456"}],"wp:attachment":[{"href":"https:\/\/fermentis.com\/fr\/wp-json\/wp\/v2\/media?parent=28635"}],"wp:term":[{"taxonomy":"product_brand","embeddable":true,"href":"https:\/\/fermentis.com\/fr\/wp-json\/wp\/v2\/product_brand?post=28635"},{"taxonomy":"product_cat","embeddable":true,"href":"https:\/\/fermentis.com\/fr\/wp-json\/wp\/v2\/product_cat?post=28635"},{"taxonomy":"product_tag","embeddable":true,"href":"https:\/\/fermentis.com\/fr\/wp-json\/wp\/v2\/product_tag?post=28635"}],"curies":[{"name":"wp","href":"https:\/\/api.w.org\/{rel}","templated":true}]}}