{"id":28637,"date":"2020-04-29T00:00:00","date_gmt":"2020-04-28T22:00:00","guid":{"rendered":"http:\/\/fermentis.com\/product\/springcell-color-g2\/"},"modified":"2026-03-30T19:29:08","modified_gmt":"2026-03-30T17:29:08","slug":"springcell-color-g2","status":"publish","type":"product","link":"https:\/\/fermentis.com\/fr\/produit\/springcell-color-g2\/","title":{"rendered":"SpringCell\u2122 Color G2"},"content":{"rendered":"<div class=\"container section-title-container\" ><h2 class=\"section-title section-title-center\"><b aria-hidden=\"true\"><\/b><span class=\"section-title-main\" style=\"font-size:115%;\">POUR UNE MEILLEURE STABILIT\u00c9 DE LA COULEUR DES VINS ROUGES<\/span><b aria-hidden=\"true\"><\/b><\/h2><\/div>\n<p><strong>SpringCell\u2122 Color G2<\/strong> est une optimisation du <strong>SpringCell\u2122 Color<\/strong>. A base de levure pure inactiv\u00e9e de Saccharomyces cerevisiae particuli\u00e8rement riche en polysaccharides, il am\u00e9liore l&#039;action du <strong>SpringCell\u2122 Color<\/strong> sur l&#039;intensit\u00e9 et la stabilit\u00e9 du profil polyph\u00e9nolique des vins rouges.<\/p>\n<p><br data-source=\"\n\"><br data-source=\"\n\n\"><strong>SpringCell\u2122 Color G2<\/strong> apporte une meilleure qualit\u00e9 de la structure du vin (en particulier des tanins), am\u00e9liorant ainsi le profil organoleptique des rouges premium cors\u00e9s \u00e0 vieillissement moyen \u00e0 long.<br data-source=\"\n\n\">\t<div id=\"gap-1217444221\" class=\"gap-element clearfix\" style=\"display:block; height:auto;\">\n\t\t\n<style>\n#gap-1217444221 {\n  padding-top: 30px;\n}\n<\/style>\n\t<\/div>\n\t\n<div class=\"container section-title-container\" ><h3 class=\"section-title section-title-center\"><b aria-hidden=\"true\"><\/b><span class=\"section-title-main\" style=\"font-size:115%;\">SPRINGCELL\u2122 Color G2 - Caract\u00e9ristiques techniques<\/span><b aria-hidden=\"true\"><\/b><\/h3><\/div>\n\n\t\t<div class=\"tabbed-content\">\n\t\t\t\n\t\t\t<ul class=\"nav nav-tabs nav-uppercase nav-size-normal nav-left\" role=\"tablist\"><li id=\"tab-application\" class=\"tab active has-icon\" role=\"presentation\"><a href=\"#tab_application\" role=\"tab\" aria-selected=\"true\" aria-controls=\"tab_application\"><span>Application<\/span><\/a><\/li>\n<li id=\"tab-propri\u00e9t\u00e9s\" class=\"tab has-icon\" role=\"presentation\"><a href=\"#tab_propri\u00e9t\u00e9s\" tabindex=\"-1\" role=\"tab\" aria-selected=\"false\" aria-controls=\"tab_propri\u00e9t\u00e9s\"><span>Propri\u00e9t\u00e9s<\/span><\/a><\/li>\n<li id=\"tab-dosage-et-composition\" class=\"tab has-icon\" role=\"presentation\"><a href=\"#tab_dosage-et-composition\" tabindex=\"-1\" role=\"tab\" aria-selected=\"false\" aria-controls=\"tab_dosage-et-composition\"><span>Dosage et composition<\/span><\/a><\/li>\n<li id=\"tab-emballage-&amp;-garantie\" class=\"tab has-icon\" role=\"presentation\"><a href=\"#tab_emballage-&amp;-garantie\" tabindex=\"-1\" role=\"tab\" aria-selected=\"false\" aria-controls=\"tab_emballage-&amp;-garantie\"><span>Emballage &amp; garantie<\/span><\/a><\/li><\/ul><div class=\"tab-panels\"><div id=\"tab_application\" class=\"panel active entry-content\" role=\"tabpanel\" aria-labelledby=\"tab-application\">\n<p><br data-source=\"\n\n\"><strong>SpringCell\u2122 Color G2<\/strong> convient pour :<br data-source=\"\n\">\u2013 L\u2019\u00e9laboration de vins rouges intenses et ronds de garde moyenne \u00e0 longue<br \/><br data-source=\"\n\">\u2013 Mo\u00fbts de mac\u00e9ration longue ou ayant subi une extraction trop forte (ramollissement des tannins verts)<br \/><br data-source=\"\n\">\u2013 Vins issus de c\u00e9pages tr\u00e8s tanniques et color\u00e9s<br \/><br data-source=\"\n\"><br data-source=\"\n\">\u2013 Vins ayant d\u00e9j\u00e0 connu une instabilit\u00e9 de couleur<br \/><br data-source=\"\n\n\"><\/p>\n<\/div>\n<div id=\"tab_propri\u00e9t\u00e9s\" class=\"panel entry-content\" role=\"tabpanel\" aria-labelledby=\"tab-propri\u00e9t\u00e9s\">\n<br data-source=\"\n\"><\/p>\n<h4>Profil polyph\u00e9nolique<\/h4>\n<p><br data-source=\"\n\">Teneur en polyph\u00e9nols augment\u00e9e : <strong>SpringCell\u2122 Color G2<\/strong> augmente significativement l&#039;intensit\u00e9 de la couleur et la teneur finale en tanins du vin apr\u00e8s traitement (augmentation des OD520 &amp; OD280)<br \/><br data-source=\"\n\">Stabilit\u00e9 accrue des polyph\u00e9nols : L\u2019effet des<strong> polysaccharides SpringCell\u2122 Color G2<\/strong> est renforc\u00e9 pour favoriser la stabilisation des complexes tannins-anthocyanes et permettre la r\u00e9duction du taux d\u2019anthocyanes libres. G2 apporte \u00e9galement une autre dimension \u00e0 la stabilit\u00e9 gr\u00e2ce \u00e0 l\u2019induction de la production de tanins beaucoup plus polym\u00e9ris\u00e9s.<br data-source=\"\n\"><\/p>\n<h4>Profil organoleptique<\/h4>\n<p><br data-source=\"\n\"><strong>SpringCell\u2122 Color G2<\/strong> contribue largement \u00e0 l&#039;assouplissement des tanins les plus astringents gr\u00e2ce \u00e0 l&#039;augmentation de leur degr\u00e9 de polym\u00e9risation et \u00e0 l&#039;action enrobante des polysaccharides (diminution du pouvoir tannique et augmentation de l&#039;indice d&#039;\u00e9thanol).<br data-source=\"\n\"><\/p>\n<h4>Nutrition, effets secondaires<\/h4>\n<p><br data-source=\"\n\">Apport de vitamines et d&#039;azote organique pendant la fermentation sous forme d&#039;acides amin\u00e9s qui sont rapidement assimil\u00e9s par la levure.<br data-source=\"\n\">Apport d&#039;\u00e9l\u00e9ments insolubles et de facteurs de survie (ergost\u00e9rols, acides gras) pour aider la vigueur des levures tout au long de la fermentation.<br data-source=\"\n\"><\/p>\n<h4>E2U\u2122<\/h4>\n<p><br data-source=\"\n\"><strong>SpringCell\u2122 Color G2<\/strong> a une forme micro granul\u00e9e rendant sa dissolution meilleure et s\u00e9curisant son utilisation.<br data-source=\"\n\n\"><\/p>\n<\/div>\n<div id=\"tab_dosage-et-composition\" class=\"panel entry-content\" role=\"tabpanel\" aria-labelledby=\"tab-dosage-et-composition\">\n<br data-source=\"\n\"><\/p>\n<h4>Dosage<\/h4>\n<p><br data-source=\"\n\">20 \u00e0 30g\/hl de <strong>SpringCell\u2122 Color G2<\/strong> doit \u00eatre incorpor\u00e9 juste avant l&#039;inoculation des levures pour jouer son r\u00f4le fonctionnel ainsi que son r\u00f4le d&#039;\u00e9l\u00e9ment de support, dilu\u00e9 dans dix fois son volume de vin ou d&#039;eau.<br data-source=\"\n\"><br data-source=\"\n\"><\/p>\n<h4>Composition<\/h4>\n<p><br data-source=\"\n\">Mati\u00e8re s\u00e8che &gt; 94%<br \/><br data-source=\"\n\">Azote total 7,5 \u2013 8,8 %<br \/><br data-source=\"\n\">Glucides totaux 28,0 \u2013 34,0 %<br \/><br data-source=\"\n\">Lipides 4,0 \u2013 8,0 %<br \/><br data-source=\"\n\">Mati\u00e8res min\u00e9rales 4,0 \u2013 8,0 %<br \/><br data-source=\"\n\n\"><\/p>\n<\/div>\n<div id=\"tab_emballage-&amp;-garantie\" class=\"panel entry-content\" role=\"tabpanel\" aria-labelledby=\"tab-emballage-&amp;-garantie\">\n<br data-source=\"\n\"><\/p>\n<h4>Conditionnement<\/h4>\n<p><br data-source=\"\n\">Carton de 20 sachets sous vide de 500 g chacun (Poids net du carton plein : 10 kg).<br data-source=\"\n\"><\/p>\n<h4>Garantie<\/h4>\n<p><br data-source=\"\n\">Fermentis\u00ae garantit une conservation optimale de ce produit pendant 3 ans dans son emballage d&#039;origine \u00e0 une temp\u00e9rature de maximum 20\u00b0C et dans un endroit sec.<\/p>\n<p><br data-source=\"\n\n\">Fermentis\u00ae garantit la conformit\u00e9 du produit au Codex \u0152nologique International jusqu&#039;\u00e0 sa Date Limite d&#039;Utilisation Optimale dans les conditions de stockage mentionn\u00e9es ci-dessus.<\/p>\n<p><br data-source=\"\n\"><br data-source=\"\n\n\">Les auxiliaires de fermentation et produits fonctionnels Fermentis\u00ae sont fabriqu\u00e9s exclusivement \u00e0 partir de produits de levure naturels. Le savoir-faire du groupe Lesaffre garantit aux utilisateurs finaux des produits performants tels que l\u2019exigent les applications \u0153nologiques modernes.<br data-source=\"\n\n\"><\/p>\n<\/div><\/div><\/div>\n\t<div id=\"gap-994509435\" class=\"gap-element clearfix\" style=\"display:block; height:auto;\">\n\t\t\n<style>\n#gap-994509435 {\n  padding-top: 30px;\n}\n<\/style>\n\t<\/div>\n\t<br data-source=\"\n\n\"><i>Les donn\u00e9es contenues dans cette fiche technique sont la transcription exacte de nos connaissances du produit \u00e0 la date mentionn\u00e9e. Ils sont la propri\u00e9t\u00e9 exclusive de Fermentis-Division de S.I. Lesaffre. Il est de la responsabilit\u00e9 de l&#039;utilisateur de s&#039;assurer que l&#039;utilisation de ce produit particulier est conforme \u00e0 la l\u00e9gislation.<\/i><\/p>\n","protected":false},"excerpt":{"rendered":"<p>Pour une meilleure stabilit\u00e9 de la couleur des vins rouges<\/p>\n","protected":false},"featured_media":29473,"comment_status":"closed","ping_status":"closed","template":"","meta":{"_acf_changed":false},"product_brand":[],"product_cat":[302,303,287],"product_tag":[1171,1172,1155,1173,1175,1174],"class_list":{"0":"post-28637","1":"product","2":"type-product","3":"status-publish","4":"has-post-thumbnail","6":"product_cat-produits-fonctionnels-vinification","7":"product_cat-springcell-color-fr-2","8":"product_cat-vinification","9":"product_tag-color-g2-fr","10":"product_tag-colorg2-fr","11":"product_tag-springcell-fr","12":"product_tag-springcell-color-g2-fr","13":"product_tag-springcell-colorg2-fr","14":"product_tag-springcellcolorg2-fr","16":"first","17":"instock","18":"shipping-taxable","19":"product-type-simple"},"acf":[],"yoast_head":"<!-- This site is optimized with the Yoast SEO Premium plugin v27.5 (Yoast SEO v27.5) - https:\/\/yoast.com\/product\/yoast-seo-premium-wordpress\/ -->\n<title>SpringCell Color G2 - Produit fonctionnel rouge - Fermentis<\/title>\n<meta name=\"description\" content=\"Le produit fonctionnel Fermentis SpringCell Color G2 est id\u00e9al pour agir sur l&#039;intensit\u00e9 et la stabilit\u00e9 du profil polyph\u00e9nolique des vins rouges premium.\" \/>\n<meta name=\"robots\" content=\"index, follow, max-snippet:-1, max-image-preview:large, max-video-preview:-1\" \/>\n<link rel=\"canonical\" href=\"https:\/\/fermentis.com\/fr\/produit\/springcell-color-g2\/\" \/>\n<meta property=\"og:locale\" content=\"fr_FR\" \/>\n<meta property=\"og:type\" content=\"article\" \/>\n<meta property=\"og:title\" content=\"SpringCell\u2122 Color G2\" \/>\n<meta property=\"og:description\" content=\"Le produit fonctionnel Fermentis SpringCell Color G2 est id\u00e9al pour agir sur l&#039;intensit\u00e9 et la stabilit\u00e9 du profil polyph\u00e9nolique des vins rouges premium.\" \/>\n<meta property=\"og:url\" content=\"https:\/\/fermentis.com\/fr\/produit\/springcell-color-g2\/\" \/>\n<meta property=\"og:site_name\" content=\"Fermentis\" \/>\n<meta property=\"article:publisher\" content=\"https:\/\/www.facebook.com\/Fermentis\" \/>\n<meta property=\"article:modified_time\" content=\"2026-03-30T17:29:08+00:00\" \/>\n<meta property=\"og:image\" content=\"https:\/\/fermentis.com\/wp-content\/uploads\/2020\/05\/springcell-color-g2.jpg\" \/>\n\t<meta property=\"og:image:width\" content=\"1200\" \/>\n\t<meta property=\"og:image:height\" content=\"1200\" \/>\n\t<meta property=\"og:image:type\" content=\"image\/jpeg\" \/>\n<meta name=\"twitter:card\" content=\"summary_large_image\" \/>\n<meta name=\"twitter:site\" content=\"@fermentis\" \/>\n<meta name=\"twitter:label1\" content=\"Prix\" \/>\n\t<meta name=\"twitter:data1\" content=\"\" \/>\n\t<meta name=\"twitter:label2\" content=\"Disponibilit\u00e9\" \/>\n\t<meta name=\"twitter:data2\" content=\"En stock\" \/>\n<script type=\"application\/ld+json\" class=\"yoast-schema-graph\">{\"@context\":\"https:\\\/\\\/schema.org\",\"@graph\":[{\"@type\":\"WebPage\",\"@id\":\"https:\\\/\\\/fermentis.com\\\/fr\\\/produit\\\/springcell-color-g2\\\/\",\"url\":\"https:\\\/\\\/fermentis.com\\\/fr\\\/produit\\\/springcell-color-g2\\\/\",\"name\":\"SpringCell Color G2 - Produit fonctionnel rouge - Fermentis\",\"isPartOf\":{\"@id\":\"https:\\\/\\\/fermentis.com\\\/fr\\\/#website\"},\"primaryImageOfPage\":{\"@id\":\"https:\\\/\\\/fermentis.com\\\/fr\\\/produit\\\/springcell-color-g2\\\/#primaryimage\"},\"image\":{\"@id\":\"https:\\\/\\\/fermentis.com\\\/fr\\\/produit\\\/springcell-color-g2\\\/#primaryimage\"},\"thumbnailUrl\":\"https:\\\/\\\/fermentis.com\\\/wp-content\\\/uploads\\\/2020\\\/05\\\/springcell-color-g2.jpg\",\"datePublished\":\"2020-04-28T22:00:00+00:00\",\"dateModified\":\"2026-03-30T17:29:08+00:00\",\"description\":\"Le produit fonctionnel Fermentis SpringCell Color G2 est id\u00e9al pour agir sur l'intensit\u00e9 et la stabilit\u00e9 du profil polyph\u00e9nolique des vins rouges premium.\",\"breadcrumb\":{\"@id\":\"https:\\\/\\\/fermentis.com\\\/fr\\\/produit\\\/springcell-color-g2\\\/#breadcrumb\"},\"inLanguage\":\"fr-FR\",\"potentialAction\":[{\"@type\":\"ReadAction\",\"target\":[\"https:\\\/\\\/fermentis.com\\\/fr\\\/produit\\\/springcell-color-g2\\\/\"]}]},{\"@type\":\"ImageObject\",\"inLanguage\":\"fr-FR\",\"@id\":\"https:\\\/\\\/fermentis.com\\\/fr\\\/produit\\\/springcell-color-g2\\\/#primaryimage\",\"url\":\"https:\\\/\\\/fermentis.com\\\/wp-content\\\/uploads\\\/2020\\\/05\\\/springcell-color-g2.jpg\",\"contentUrl\":\"https:\\\/\\\/fermentis.com\\\/wp-content\\\/uploads\\\/2020\\\/05\\\/springcell-color-g2.jpg\",\"width\":1200,\"height\":1200,\"caption\":\"Springcell color G2 wine making solution pack by fermentis\"},{\"@type\":\"BreadcrumbList\",\"@id\":\"https:\\\/\\\/fermentis.com\\\/fr\\\/produit\\\/springcell-color-g2\\\/#breadcrumb\",\"itemListElement\":[{\"@type\":\"ListItem\",\"position\":1,\"name\":\"Home\",\"item\":\"https:\\\/\\\/fermentis.com\\\/fr\\\/\"},{\"@type\":\"ListItem\",\"position\":2,\"name\":\"Produits\"},{\"@type\":\"ListItem\",\"position\":3,\"name\":\"Vinification\",\"item\":\"https:\\\/\\\/fermentis.com\\\/fr\\\/fermentation\\\/vinification\\\/\"},{\"@type\":\"ListItem\",\"position\":4,\"name\":\"Produits fonctionnels\",\"item\":\"https:\\\/\\\/fermentis.com\\\/fr\\\/fermentation\\\/vinification\\\/produits-fonctionnels-vinification\\\/\"},{\"@type\":\"ListItem\",\"position\":5,\"name\":\"SpringCell\u2122 Color G2\"}]},{\"@type\":\"WebSite\",\"@id\":\"https:\\\/\\\/fermentis.com\\\/fr\\\/#website\",\"url\":\"https:\\\/\\\/fermentis.com\\\/fr\\\/\",\"name\":\"Fermentis\",\"description\":\"Un site utilisant WordPress\",\"publisher\":{\"@id\":\"https:\\\/\\\/fermentis.com\\\/fr\\\/#organization\"},\"potentialAction\":[{\"@type\":\"SearchAction\",\"target\":{\"@type\":\"EntryPoint\",\"urlTemplate\":\"https:\\\/\\\/fermentis.com\\\/fr\\\/?s={search_term_string}\"},\"query-input\":{\"@type\":\"PropertyValueSpecification\",\"valueRequired\":true,\"valueName\":\"search_term_string\"}}],\"inLanguage\":\"fr-FR\"},{\"@type\":\"Organization\",\"@id\":\"https:\\\/\\\/fermentis.com\\\/fr\\\/#organization\",\"name\":\"Fermentis\",\"url\":\"https:\\\/\\\/fermentis.com\\\/fr\\\/\",\"logo\":{\"@type\":\"ImageObject\",\"inLanguage\":\"fr-FR\",\"@id\":\"https:\\\/\\\/fermentis.com\\\/fr\\\/#\\\/schema\\\/logo\\\/image\\\/\",\"url\":\"https:\\\/\\\/fermentis.com\\\/wp-content\\\/uploads\\\/2021\\\/07\\\/Logo-Fermentis-5.png\",\"contentUrl\":\"https:\\\/\\\/fermentis.com\\\/wp-content\\\/uploads\\\/2021\\\/07\\\/Logo-Fermentis-5.png\",\"width\":308,\"height\":95,\"caption\":\"Fermentis\"},\"image\":{\"@id\":\"https:\\\/\\\/fermentis.com\\\/fr\\\/#\\\/schema\\\/logo\\\/image\\\/\"},\"sameAs\":[\"https:\\\/\\\/www.facebook.com\\\/Fermentis\",\"https:\\\/\\\/x.com\\\/fermentis\",\"https:\\\/\\\/www.instagram.com\\\/fermentisbylesaffre\\\/\",\"https:\\\/\\\/www.linkedin.com\\\/company\\\/fermentis\\\/\",\"https:\\\/\\\/www.youtube.com\\\/channel\\\/UCt_Lp3IZnUNXZeqSi6iiAdA\"]}]}<\/script>\n<meta property=\"product:price:currency\" content=\"GBP\" \/>\n<meta property=\"og:availability\" content=\"instock\" \/>\n<meta property=\"product:availability\" content=\"instock\" \/>\n<meta property=\"product:condition\" content=\"new\" \/>\n<!-- \/ Yoast SEO Premium plugin. -->","yoast_head_json":{"title":"SpringCell Color G2 - Produit fonctionnel rouge - Fermentis","description":"Le produit fonctionnel Fermentis SpringCell Color G2 est id\u00e9al pour agir sur l'intensit\u00e9 et la stabilit\u00e9 du profil polyph\u00e9nolique des vins rouges premium.","robots":{"index":"index","follow":"follow","max-snippet":"max-snippet:-1","max-image-preview":"max-image-preview:large","max-video-preview":"max-video-preview:-1"},"canonical":"https:\/\/fermentis.com\/fr\/produit\/springcell-color-g2\/","og_locale":"fr_FR","og_type":"article","og_title":"SpringCell\u2122 Color G2","og_description":"Le produit fonctionnel Fermentis SpringCell Color G2 est id\u00e9al pour agir sur l'intensit\u00e9 et la stabilit\u00e9 du profil polyph\u00e9nolique des vins rouges premium.","og_url":"https:\/\/fermentis.com\/fr\/produit\/springcell-color-g2\/","og_site_name":"Fermentis","article_publisher":"https:\/\/www.facebook.com\/Fermentis","article_modified_time":"2026-03-30T17:29:08+00:00","og_image":[{"width":1200,"height":1200,"url":"https:\/\/fermentis.com\/wp-content\/uploads\/2020\/05\/springcell-color-g2.jpg","type":"image\/jpeg"}],"twitter_card":"summary_large_image","twitter_site":"@fermentis","twitter_misc":{"Prix":"","Disponibilit\u00e9":"En stock"},"schema":{"@context":"https:\/\/schema.org","@graph":[{"@type":"WebPage","@id":"https:\/\/fermentis.com\/fr\/produit\/springcell-color-g2\/","url":"https:\/\/fermentis.com\/fr\/produit\/springcell-color-g2\/","name":"SpringCell Color G2 - Produit fonctionnel rouge - Fermentis","isPartOf":{"@id":"https:\/\/fermentis.com\/fr\/#website"},"primaryImageOfPage":{"@id":"https:\/\/fermentis.com\/fr\/produit\/springcell-color-g2\/#primaryimage"},"image":{"@id":"https:\/\/fermentis.com\/fr\/produit\/springcell-color-g2\/#primaryimage"},"thumbnailUrl":"https:\/\/fermentis.com\/wp-content\/uploads\/2020\/05\/springcell-color-g2.jpg","datePublished":"2020-04-28T22:00:00+00:00","dateModified":"2026-03-30T17:29:08+00:00","description":"Le produit fonctionnel Fermentis SpringCell Color G2 est id\u00e9al pour agir sur l'intensit\u00e9 et la stabilit\u00e9 du profil polyph\u00e9nolique des vins rouges premium.","breadcrumb":{"@id":"https:\/\/fermentis.com\/fr\/produit\/springcell-color-g2\/#breadcrumb"},"inLanguage":"fr-FR","potentialAction":[{"@type":"ReadAction","target":["https:\/\/fermentis.com\/fr\/produit\/springcell-color-g2\/"]}]},{"@type":"ImageObject","inLanguage":"fr-FR","@id":"https:\/\/fermentis.com\/fr\/produit\/springcell-color-g2\/#primaryimage","url":"https:\/\/fermentis.com\/wp-content\/uploads\/2020\/05\/springcell-color-g2.jpg","contentUrl":"https:\/\/fermentis.com\/wp-content\/uploads\/2020\/05\/springcell-color-g2.jpg","width":1200,"height":1200,"caption":"Springcell color G2 wine making solution pack by fermentis"},{"@type":"BreadcrumbList","@id":"https:\/\/fermentis.com\/fr\/produit\/springcell-color-g2\/#breadcrumb","itemListElement":[{"@type":"ListItem","position":1,"name":"Home","item":"https:\/\/fermentis.com\/fr\/"},{"@type":"ListItem","position":2,"name":"Produits"},{"@type":"ListItem","position":3,"name":"Vinification","item":"https:\/\/fermentis.com\/fr\/fermentation\/vinification\/"},{"@type":"ListItem","position":4,"name":"Produits fonctionnels","item":"https:\/\/fermentis.com\/fr\/fermentation\/vinification\/produits-fonctionnels-vinification\/"},{"@type":"ListItem","position":5,"name":"SpringCell\u2122 Color G2"}]},{"@type":"WebSite","@id":"https:\/\/fermentis.com\/fr\/#website","url":"https:\/\/fermentis.com\/fr\/","name":"Fermentis","description":"Un site utilisant WordPress","publisher":{"@id":"https:\/\/fermentis.com\/fr\/#organization"},"potentialAction":[{"@type":"SearchAction","target":{"@type":"EntryPoint","urlTemplate":"https:\/\/fermentis.com\/fr\/?s={search_term_string}"},"query-input":{"@type":"PropertyValueSpecification","valueRequired":true,"valueName":"search_term_string"}}],"inLanguage":"fr-FR"},{"@type":"Organization","@id":"https:\/\/fermentis.com\/fr\/#organization","name":"Fermentis","url":"https:\/\/fermentis.com\/fr\/","logo":{"@type":"ImageObject","inLanguage":"fr-FR","@id":"https:\/\/fermentis.com\/fr\/#\/schema\/logo\/image\/","url":"https:\/\/fermentis.com\/wp-content\/uploads\/2021\/07\/Logo-Fermentis-5.png","contentUrl":"https:\/\/fermentis.com\/wp-content\/uploads\/2021\/07\/Logo-Fermentis-5.png","width":308,"height":95,"caption":"Fermentis"},"image":{"@id":"https:\/\/fermentis.com\/fr\/#\/schema\/logo\/image\/"},"sameAs":["https:\/\/www.facebook.com\/Fermentis","https:\/\/x.com\/fermentis","https:\/\/www.instagram.com\/fermentisbylesaffre\/","https:\/\/www.linkedin.com\/company\/fermentis\/","https:\/\/www.youtube.com\/channel\/UCt_Lp3IZnUNXZeqSi6iiAdA"]}]},"product_price_currency":"GBP","og_availability":"instock","product_availability":"instock","product_condition":"new"},"_links":{"self":[{"href":"https:\/\/fermentis.com\/fr\/wp-json\/wp\/v2\/product\/28637","targetHints":{"allow":["GET"]}}],"collection":[{"href":"https:\/\/fermentis.com\/fr\/wp-json\/wp\/v2\/product"}],"about":[{"href":"https:\/\/fermentis.com\/fr\/wp-json\/wp\/v2\/types\/product"}],"replies":[{"embeddable":true,"href":"https:\/\/fermentis.com\/fr\/wp-json\/wp\/v2\/comments?post=28637"}],"wp:featuredmedia":[{"embeddable":true,"href":"https:\/\/fermentis.com\/fr\/wp-json\/wp\/v2\/media\/29473"}],"wp:attachment":[{"href":"https:\/\/fermentis.com\/fr\/wp-json\/wp\/v2\/media?parent=28637"}],"wp:term":[{"taxonomy":"product_brand","embeddable":true,"href":"https:\/\/fermentis.com\/fr\/wp-json\/wp\/v2\/product_brand?post=28637"},{"taxonomy":"product_cat","embeddable":true,"href":"https:\/\/fermentis.com\/fr\/wp-json\/wp\/v2\/product_cat?post=28637"},{"taxonomy":"product_tag","embeddable":true,"href":"https:\/\/fermentis.com\/fr\/wp-json\/wp\/v2\/product_tag?post=28637"}],"curies":[{"name":"wp","href":"https:\/\/api.w.org\/{rel}","templated":true}]}}