{"id":28638,"date":"2020-05-04T00:00:00","date_gmt":"2020-05-03T22:00:00","guid":{"rendered":"http:\/\/fermentis.com\/product\/springcell-color\/"},"modified":"2026-04-09T06:53:35","modified_gmt":"2026-04-09T04:53:35","slug":"springcell-color","status":"publish","type":"product","link":"https:\/\/fermentis.com\/fr\/produit\/springcell-color\/","title":{"rendered":"SpringCell\u2122 Color"},"content":{"rendered":"<div class=\"container section-title-container\" ><h2 class=\"section-title section-title-center\"><b aria-hidden=\"true\"><\/b><span class=\"section-title-main\" style=\"font-size:115%;\">POUR UNE COULEUR STABLE DANS LES VINS ROUGES<\/span><b aria-hidden=\"true\"><\/b><\/h2><\/div>\n<div class=\"wpb_text_column wpb_content_elementvc_custom_1573226810900\">\n<div class=\"wpb_wrapper\">\n<p><strong>SpringCell\u2122 Color<\/strong> a \u00e9t\u00e9 sp\u00e9cifiquement d\u00e9velopp\u00e9 pour agir sur l\u2019intensit\u00e9 et la stabilit\u00e9 de la couleur ainsi que sur la rondeur des vins rouges sur le long terme. Il contient deux fois plus de polysaccharides que la levure basique inactiv\u00e9e.<\/p>\n<p><strong>SpringCell\u2122 Color<\/strong> a prouv\u00e9 son impact qualitatif sur les vins rouges primeurs ainsi que sur les vins rouges de garde de haute qualit\u00e9.<\/p>\n<\/div>\n<\/div>\n\t<div id=\"gap-1327904736\" class=\"gap-element clearfix\" style=\"display:block; height:auto;\">\n\t\t\n<style>\n#gap-1327904736 {\n  padding-top: 30px;\n}\n<\/style>\n\t<\/div>\n\t\n<div class=\"container section-title-container\" ><h3 class=\"section-title section-title-center\"><b aria-hidden=\"true\"><\/b><span class=\"section-title-main\" style=\"font-size:115%;\">SPRINGCELL\u2122 Color - Caract\u00e9ristiques techniques <\/span><b aria-hidden=\"true\"><\/b><\/h3><\/div>\n\n\t\t<div class=\"tabbed-content\">\n\t\t\t\n\t\t\t<ul class=\"nav nav-tabs nav-uppercase nav-size-normal nav-left\" role=\"tablist\"><li id=\"tab-application\" class=\"tab active has-icon\" role=\"presentation\"><a href=\"#tab_application\" role=\"tab\" aria-selected=\"true\" aria-controls=\"tab_application\"><span>Application<\/span><\/a><\/li>\n<li id=\"tab-propri\u00e9t\u00e9s\" class=\"tab has-icon\" role=\"presentation\"><a href=\"#tab_propri\u00e9t\u00e9s\" tabindex=\"-1\" role=\"tab\" aria-selected=\"false\" aria-controls=\"tab_propri\u00e9t\u00e9s\"><span>Propri\u00e9t\u00e9s<\/span><\/a><\/li>\n<li id=\"tab-dosage-et-composition\" class=\"tab has-icon\" role=\"presentation\"><a href=\"#tab_dosage-et-composition\" tabindex=\"-1\" role=\"tab\" aria-selected=\"false\" aria-controls=\"tab_dosage-et-composition\"><span>Dosage et composition<\/span><\/a><\/li>\n<li id=\"tab-emballage-&amp;-garantie\" class=\"tab has-icon\" role=\"presentation\"><a href=\"#tab_emballage-&amp;-garantie\" tabindex=\"-1\" role=\"tab\" aria-selected=\"false\" aria-controls=\"tab_emballage-&amp;-garantie\"><span>Emballage &amp; garantie<\/span><\/a><\/li><\/ul><div class=\"tab-panels\"><div id=\"tab_application\" class=\"panel active entry-content\" role=\"tabpanel\" aria-labelledby=\"tab-application\">\n<p><strong>SpringCell\u2122 Color<\/strong> convient pour :<br \/>\n\u2013 L\u2019\u00e9laboration de vins rouges intenses et ronds<br \/>\n\u2013 Mo\u00fbts de mac\u00e9ration longue ou ayant subi une extraction trop forte (ramollissement des tannins verts)<br \/>\n\u2013 Vins \u00e9labor\u00e9s par vinifications thermiques<br \/>\n\u2013 Vins issus de c\u00e9pages tr\u00e8s tanniques et color\u00e9s<br \/>\n\u2013 Mo\u00fbts pauvres en anthocyanes<\/p>\n<\/div>\n<div id=\"tab_propri\u00e9t\u00e9s\" class=\"panel entry-content\" role=\"tabpanel\" aria-labelledby=\"tab-propri\u00e9t\u00e9s\">\n<h4>Couleur<\/h4>\n<p>Augmentation de l&#039;intensit\u00e9 colorante : gr\u00e2ce \u00e0 une meilleure composition en tanins et anthocyanes du vin apr\u00e8s traitement (augmentation des DO520 &amp; DO280 et de la quantit\u00e9 d&#039;anthocyanes).<br \/>\nStabilisation de la couleur : Les polysaccharides aident \u00e0 la stabilisation des complexes tannins-anthocyanes et permettent la r\u00e9duction du taux d&#039;anthocyanes libres.<\/p>\n<h4>Saveur<\/h4>\n<p>Assouplissement significatif des tanins les plus astringents gr\u00e2ce \u00e0 l&#039;action enrobante des polysaccharides sur les tanins verts (diminution du taux de g\u00e9latine)<\/p>\n<h4>Nutrition, effets secondaires<\/h4>\n<p>Apport d&#039;azote organique pendant la fermentation sous forme d&#039;acides amin\u00e9s qui sont rapidement assimil\u00e9s par la levure.<br \/>\nApport de facteurs de survie (ergost\u00e9rols, acides gras) pour garantir la fin de la fermentation gr\u00e2ce \u00e0 sa composition en parois cellulaires de levure SpringCell.<\/p>\n<\/div>\n<div id=\"tab_dosage-et-composition\" class=\"panel entry-content\" role=\"tabpanel\" aria-labelledby=\"tab-dosage-et-composition\">\n<h4>Dosage<\/h4>\n<p>20 \u00e0 30g\/hl de SpringCell\u2122 Color doit \u00eatre incorpor\u00e9 juste avant l&#039;inoculation des levures pour jouer son r\u00f4le fonctionnel ainsi que son r\u00f4le d&#039;\u00e9l\u00e9ment de support, dilu\u00e9 dans dix fois son volume de vin ou d&#039;eau.<\/p>\n<p>Attention : SpringCell\u2122 Color contient des \u00e9corces de levure soumises \u00e0 une limite l\u00e9gale d&#039;utilisation de 40g\/hl selon la l\u00e9gislation europ\u00e9enne dont il faut tenir compte pour d&#039;\u00e9ventuels approvisionnements suppl\u00e9mentaires. En cas de fermentation difficile, les \u00e9corces de levure SpringCell peuvent \u00e9galement \u00eatre ajout\u00e9es \u00e0 raison de 10-20g\/hl entre la troisi\u00e8me et la mi-fermentation (densit\u00e9 1 050-1 040). Pour toute autre utilisation, contacter Fermentis.<\/p>\n<p>Pensez \u00e0 v\u00e9rifier les \u00e9ventuelles limites applicables dans votre pays tout en tenant compte de vos propres conditions d&#039;utilisation du produit.<\/p>\n<h4>Composition<\/h4>\n<p>Mati\u00e8re s\u00e8che &gt; 93%<br \/>\nAzote total 4-6%<br \/>\nGlucides totaux 42-46%<br \/>\nParmi lesquels les polysaccharides 39-43%<br \/>\nLipides 11-15%<br \/>\nMati\u00e8res min\u00e9rales 4-8%<\/p>\n<\/div>\n<div id=\"tab_emballage-&amp;-garantie\" class=\"panel entry-content\" role=\"tabpanel\" aria-labelledby=\"tab-emballage-&amp;-garantie\">\n<h4>Conditionnement<\/h4>\n<p>1 sac de 10 kg<br \/>\nCarton de 20 sachets sous vide de 500 g chacun (Poids net du carton plein : 10 kg).<\/p>\n<h4>Garantie<\/h4>\n<p>Fermentis\u00ae garantit une conservation optimale de ce produit pendant 3 ans dans son emballage d&#039;origine \u00e0 une temp\u00e9rature de maximum 20\u00b0C et dans un endroit sec.<\/p>\n<p>Fermentis\u00ae garantit la conformit\u00e9 du produit au Codex \u0152nologique International jusqu&#039;\u00e0 sa Date Limite d&#039;Utilisation Optimale dans les conditions de stockage mentionn\u00e9es ci-dessus.<\/p>\n<p>Les auxiliaires de fermentation et produits fonctionnels Fermentis\u00ae sont fabriqu\u00e9s exclusivement \u00e0 partir de produits de levure naturels. Le savoir-faire du groupe Lesaffre garantit aux utilisateurs finaux des produits performants tels que l\u2019exigent les applications \u0153nologiques modernes.<\/p>\n<\/div><\/div><\/div>\n\t<div id=\"gap-723878704\" class=\"gap-element clearfix\" style=\"display:block; height:auto;\">\n\t\t\n<style>\n#gap-723878704 {\n  padding-top: 30px;\n}\n<\/style>\n\t<\/div>\n\t\n<p><i>Les donn\u00e9es contenues dans cette fiche technique sont la transcription exacte de nos connaissances du produit \u00e0 la date mentionn\u00e9e. Ils sont la propri\u00e9t\u00e9 exclusive de Fermentis-Division de SILesaffre. Il est de la responsabilit\u00e9 de l&#039;utilisateur de s&#039;assurer que l&#039;utilisation de ce produit particulier est conforme \u00e0 la l\u00e9gislation.<\/i><\/p>\n","protected":false},"excerpt":{"rendered":"<p>Pour une couleur stable dans les vins rouges<\/p>\n","protected":false},"featured_media":29471,"comment_status":"closed","ping_status":"closed","template":"","meta":{"_acf_changed":false},"product_brand":[],"product_cat":[302,303,287],"product_tag":[1168,1155,1169,1170],"class_list":{"0":"post-28638","1":"product","2":"type-product","3":"status-publish","4":"has-post-thumbnail","6":"product_cat-produits-fonctionnels-vinification","7":"product_cat-springcell-color-fr-2","8":"product_cat-vinification","9":"product_tag-color-fr","10":"product_tag-springcell-fr","11":"product_tag-springcell-color-fr","12":"product_tag-springcellcolor-fr","14":"first","15":"instock","16":"shipping-taxable","17":"product-type-simple"},"acf":[],"yoast_head":"<!-- This site is optimized with the Yoast SEO Premium plugin v27.3 (Yoast SEO v27.3) - https:\/\/yoast.com\/product\/yoast-seo-premium-wordpress\/ -->\n<title>SpringCell Color - Produit fonctionnel vin rouge - Fermentis<\/title>\n<meta name=\"description\" content=\"Le produit fonctionnel Fermentis SpringCell Color est id\u00e9al pour les vins rouges avec de la rondeur et une couleur intense et stable. Concevez votre propre vin avec notre application !\" \/>\n<meta name=\"robots\" content=\"index, follow, max-snippet:-1, max-image-preview:large, max-video-preview:-1\" \/>\n<link rel=\"canonical\" href=\"https:\/\/fermentis.com\/fr\/produit\/springcell-color\/\" \/>\n<meta property=\"og:locale\" content=\"fr_FR\" \/>\n<meta property=\"og:type\" content=\"article\" \/>\n<meta property=\"og:title\" content=\"SpringCell\u2122 Color\" \/>\n<meta property=\"og:description\" content=\"Le produit fonctionnel Fermentis SpringCell Color est id\u00e9al pour les vins rouges avec de la rondeur et une couleur intense et stable. Concevez votre propre vin avec notre application !\" \/>\n<meta property=\"og:url\" content=\"https:\/\/fermentis.com\/fr\/produit\/springcell-color\/\" \/>\n<meta property=\"og:site_name\" content=\"Fermentis\" \/>\n<meta property=\"article:publisher\" content=\"https:\/\/www.facebook.com\/Fermentis\" \/>\n<meta property=\"article:modified_time\" content=\"2026-04-09T04:53:35+00:00\" \/>\n<meta property=\"og:image\" content=\"https:\/\/fermentis.com\/wp-content\/uploads\/2020\/05\/springcell-color.jpg\" \/>\n\t<meta property=\"og:image:width\" content=\"1200\" \/>\n\t<meta property=\"og:image:height\" content=\"1200\" \/>\n\t<meta property=\"og:image:type\" content=\"image\/jpeg\" \/>\n<meta name=\"twitter:card\" content=\"summary_large_image\" \/>\n<meta name=\"twitter:site\" content=\"@fermentis\" \/>\n<meta name=\"twitter:label1\" content=\"Prix\" \/>\n\t<meta name=\"twitter:data1\" content=\"\" \/>\n\t<meta name=\"twitter:label2\" content=\"Disponibilit\u00e9\" \/>\n\t<meta name=\"twitter:data2\" content=\"En stock\" \/>\n<script type=\"application\/ld+json\" class=\"yoast-schema-graph\">{\"@context\":\"https:\\\/\\\/schema.org\",\"@graph\":[{\"@type\":\"WebPage\",\"@id\":\"https:\\\/\\\/fermentis.com\\\/fr\\\/produit\\\/springcell-color\\\/\",\"url\":\"https:\\\/\\\/fermentis.com\\\/fr\\\/produit\\\/springcell-color\\\/\",\"name\":\"SpringCell Color - Produit fonctionnel vin rouge - Fermentis\",\"isPartOf\":{\"@id\":\"https:\\\/\\\/fermentis.com\\\/fr\\\/#website\"},\"primaryImageOfPage\":{\"@id\":\"https:\\\/\\\/fermentis.com\\\/fr\\\/produit\\\/springcell-color\\\/#primaryimage\"},\"image\":{\"@id\":\"https:\\\/\\\/fermentis.com\\\/fr\\\/produit\\\/springcell-color\\\/#primaryimage\"},\"thumbnailUrl\":\"https:\\\/\\\/fermentis.com\\\/wp-content\\\/uploads\\\/2020\\\/05\\\/springcell-color.jpg\",\"datePublished\":\"2020-05-03T22:00:00+00:00\",\"dateModified\":\"2026-04-09T04:53:35+00:00\",\"description\":\"Le produit fonctionnel Fermentis SpringCell Color est id\u00e9al pour les vins rouges avec de la rondeur et une couleur intense et stable. Concevez votre propre vin avec notre application !\",\"breadcrumb\":{\"@id\":\"https:\\\/\\\/fermentis.com\\\/fr\\\/produit\\\/springcell-color\\\/#breadcrumb\"},\"inLanguage\":\"fr-FR\",\"potentialAction\":[{\"@type\":\"ReadAction\",\"target\":[\"https:\\\/\\\/fermentis.com\\\/fr\\\/produit\\\/springcell-color\\\/\"]}]},{\"@type\":\"ImageObject\",\"inLanguage\":\"fr-FR\",\"@id\":\"https:\\\/\\\/fermentis.com\\\/fr\\\/produit\\\/springcell-color\\\/#primaryimage\",\"url\":\"https:\\\/\\\/fermentis.com\\\/wp-content\\\/uploads\\\/2020\\\/05\\\/springcell-color.jpg\",\"contentUrl\":\"https:\\\/\\\/fermentis.com\\\/wp-content\\\/uploads\\\/2020\\\/05\\\/springcell-color.jpg\",\"width\":1200,\"height\":1200,\"caption\":\"Springcell color wine making solution pack by fermentis\"},{\"@type\":\"BreadcrumbList\",\"@id\":\"https:\\\/\\\/fermentis.com\\\/fr\\\/produit\\\/springcell-color\\\/#breadcrumb\",\"itemListElement\":[{\"@type\":\"ListItem\",\"position\":1,\"name\":\"Home\",\"item\":\"https:\\\/\\\/fermentis.com\\\/fr\\\/\"},{\"@type\":\"ListItem\",\"position\":2,\"name\":\"Produits\"},{\"@type\":\"ListItem\",\"position\":3,\"name\":\"Vinification\",\"item\":\"https:\\\/\\\/fermentis.com\\\/fr\\\/fermentation\\\/vinification\\\/\"},{\"@type\":\"ListItem\",\"position\":4,\"name\":\"Produits fonctionnels\",\"item\":\"https:\\\/\\\/fermentis.com\\\/fr\\\/fermentation\\\/vinification\\\/produits-fonctionnels-vinification\\\/\"},{\"@type\":\"ListItem\",\"position\":5,\"name\":\"SpringCell\u2122 Color\"}]},{\"@type\":\"WebSite\",\"@id\":\"https:\\\/\\\/fermentis.com\\\/fr\\\/#website\",\"url\":\"https:\\\/\\\/fermentis.com\\\/fr\\\/\",\"name\":\"Fermentis\",\"description\":\"Un site utilisant WordPress\",\"publisher\":{\"@id\":\"https:\\\/\\\/fermentis.com\\\/fr\\\/#organization\"},\"potentialAction\":[{\"@type\":\"SearchAction\",\"target\":{\"@type\":\"EntryPoint\",\"urlTemplate\":\"https:\\\/\\\/fermentis.com\\\/fr\\\/?s={search_term_string}\"},\"query-input\":{\"@type\":\"PropertyValueSpecification\",\"valueRequired\":true,\"valueName\":\"search_term_string\"}}],\"inLanguage\":\"fr-FR\"},{\"@type\":\"Organization\",\"@id\":\"https:\\\/\\\/fermentis.com\\\/fr\\\/#organization\",\"name\":\"Fermentis\",\"url\":\"https:\\\/\\\/fermentis.com\\\/fr\\\/\",\"logo\":{\"@type\":\"ImageObject\",\"inLanguage\":\"fr-FR\",\"@id\":\"https:\\\/\\\/fermentis.com\\\/fr\\\/#\\\/schema\\\/logo\\\/image\\\/\",\"url\":\"https:\\\/\\\/fermentis.com\\\/wp-content\\\/uploads\\\/2021\\\/07\\\/Logo-Fermentis-5.png\",\"contentUrl\":\"https:\\\/\\\/fermentis.com\\\/wp-content\\\/uploads\\\/2021\\\/07\\\/Logo-Fermentis-5.png\",\"width\":308,\"height\":95,\"caption\":\"Fermentis\"},\"image\":{\"@id\":\"https:\\\/\\\/fermentis.com\\\/fr\\\/#\\\/schema\\\/logo\\\/image\\\/\"},\"sameAs\":[\"https:\\\/\\\/www.facebook.com\\\/Fermentis\",\"https:\\\/\\\/x.com\\\/fermentis\",\"https:\\\/\\\/www.instagram.com\\\/fermentisbylesaffre\\\/\",\"https:\\\/\\\/www.linkedin.com\\\/company\\\/fermentis\\\/\",\"https:\\\/\\\/www.youtube.com\\\/channel\\\/UCt_Lp3IZnUNXZeqSi6iiAdA\"]}]}<\/script>\n<meta property=\"product:price:currency\" content=\"GBP\" \/>\n<meta property=\"og:availability\" content=\"instock\" \/>\n<meta property=\"product:availability\" content=\"instock\" \/>\n<meta property=\"product:condition\" content=\"new\" \/>\n<!-- \/ Yoast SEO Premium plugin. -->","yoast_head_json":{"title":"SpringCell Color - Produit fonctionnel vin rouge - Fermentis","description":"Le produit fonctionnel Fermentis SpringCell Color est id\u00e9al pour les vins rouges avec de la rondeur et une couleur intense et stable. Concevez votre propre vin avec notre application !","robots":{"index":"index","follow":"follow","max-snippet":"max-snippet:-1","max-image-preview":"max-image-preview:large","max-video-preview":"max-video-preview:-1"},"canonical":"https:\/\/fermentis.com\/fr\/produit\/springcell-color\/","og_locale":"fr_FR","og_type":"article","og_title":"SpringCell\u2122 Color","og_description":"Le produit fonctionnel Fermentis SpringCell Color est id\u00e9al pour les vins rouges avec de la rondeur et une couleur intense et stable. Concevez votre propre vin avec notre application !","og_url":"https:\/\/fermentis.com\/fr\/produit\/springcell-color\/","og_site_name":"Fermentis","article_publisher":"https:\/\/www.facebook.com\/Fermentis","article_modified_time":"2026-04-09T04:53:35+00:00","og_image":[{"width":1200,"height":1200,"url":"https:\/\/fermentis.com\/wp-content\/uploads\/2020\/05\/springcell-color.jpg","type":"image\/jpeg"}],"twitter_card":"summary_large_image","twitter_site":"@fermentis","twitter_misc":{"Prix":"","Disponibilit\u00e9":"En stock"},"schema":{"@context":"https:\/\/schema.org","@graph":[{"@type":"WebPage","@id":"https:\/\/fermentis.com\/fr\/produit\/springcell-color\/","url":"https:\/\/fermentis.com\/fr\/produit\/springcell-color\/","name":"SpringCell Color - Produit fonctionnel vin rouge - Fermentis","isPartOf":{"@id":"https:\/\/fermentis.com\/fr\/#website"},"primaryImageOfPage":{"@id":"https:\/\/fermentis.com\/fr\/produit\/springcell-color\/#primaryimage"},"image":{"@id":"https:\/\/fermentis.com\/fr\/produit\/springcell-color\/#primaryimage"},"thumbnailUrl":"https:\/\/fermentis.com\/wp-content\/uploads\/2020\/05\/springcell-color.jpg","datePublished":"2020-05-03T22:00:00+00:00","dateModified":"2026-04-09T04:53:35+00:00","description":"Le produit fonctionnel Fermentis SpringCell Color est id\u00e9al pour les vins rouges avec de la rondeur et une couleur intense et stable. Concevez votre propre vin avec notre application !","breadcrumb":{"@id":"https:\/\/fermentis.com\/fr\/produit\/springcell-color\/#breadcrumb"},"inLanguage":"fr-FR","potentialAction":[{"@type":"ReadAction","target":["https:\/\/fermentis.com\/fr\/produit\/springcell-color\/"]}]},{"@type":"ImageObject","inLanguage":"fr-FR","@id":"https:\/\/fermentis.com\/fr\/produit\/springcell-color\/#primaryimage","url":"https:\/\/fermentis.com\/wp-content\/uploads\/2020\/05\/springcell-color.jpg","contentUrl":"https:\/\/fermentis.com\/wp-content\/uploads\/2020\/05\/springcell-color.jpg","width":1200,"height":1200,"caption":"Springcell color wine making solution pack by fermentis"},{"@type":"BreadcrumbList","@id":"https:\/\/fermentis.com\/fr\/produit\/springcell-color\/#breadcrumb","itemListElement":[{"@type":"ListItem","position":1,"name":"Home","item":"https:\/\/fermentis.com\/fr\/"},{"@type":"ListItem","position":2,"name":"Produits"},{"@type":"ListItem","position":3,"name":"Vinification","item":"https:\/\/fermentis.com\/fr\/fermentation\/vinification\/"},{"@type":"ListItem","position":4,"name":"Produits fonctionnels","item":"https:\/\/fermentis.com\/fr\/fermentation\/vinification\/produits-fonctionnels-vinification\/"},{"@type":"ListItem","position":5,"name":"SpringCell\u2122 Color"}]},{"@type":"WebSite","@id":"https:\/\/fermentis.com\/fr\/#website","url":"https:\/\/fermentis.com\/fr\/","name":"Fermentis","description":"Un site utilisant WordPress","publisher":{"@id":"https:\/\/fermentis.com\/fr\/#organization"},"potentialAction":[{"@type":"SearchAction","target":{"@type":"EntryPoint","urlTemplate":"https:\/\/fermentis.com\/fr\/?s={search_term_string}"},"query-input":{"@type":"PropertyValueSpecification","valueRequired":true,"valueName":"search_term_string"}}],"inLanguage":"fr-FR"},{"@type":"Organization","@id":"https:\/\/fermentis.com\/fr\/#organization","name":"Fermentis","url":"https:\/\/fermentis.com\/fr\/","logo":{"@type":"ImageObject","inLanguage":"fr-FR","@id":"https:\/\/fermentis.com\/fr\/#\/schema\/logo\/image\/","url":"https:\/\/fermentis.com\/wp-content\/uploads\/2021\/07\/Logo-Fermentis-5.png","contentUrl":"https:\/\/fermentis.com\/wp-content\/uploads\/2021\/07\/Logo-Fermentis-5.png","width":308,"height":95,"caption":"Fermentis"},"image":{"@id":"https:\/\/fermentis.com\/fr\/#\/schema\/logo\/image\/"},"sameAs":["https:\/\/www.facebook.com\/Fermentis","https:\/\/x.com\/fermentis","https:\/\/www.instagram.com\/fermentisbylesaffre\/","https:\/\/www.linkedin.com\/company\/fermentis\/","https:\/\/www.youtube.com\/channel\/UCt_Lp3IZnUNXZeqSi6iiAdA"]}]},"product_price_currency":"GBP","og_availability":"instock","product_availability":"instock","product_condition":"new"},"_links":{"self":[{"href":"https:\/\/fermentis.com\/fr\/wp-json\/wp\/v2\/product\/28638","targetHints":{"allow":["GET"]}}],"collection":[{"href":"https:\/\/fermentis.com\/fr\/wp-json\/wp\/v2\/product"}],"about":[{"href":"https:\/\/fermentis.com\/fr\/wp-json\/wp\/v2\/types\/product"}],"replies":[{"embeddable":true,"href":"https:\/\/fermentis.com\/fr\/wp-json\/wp\/v2\/comments?post=28638"}],"wp:featuredmedia":[{"embeddable":true,"href":"https:\/\/fermentis.com\/fr\/wp-json\/wp\/v2\/media\/29471"}],"wp:attachment":[{"href":"https:\/\/fermentis.com\/fr\/wp-json\/wp\/v2\/media?parent=28638"}],"wp:term":[{"taxonomy":"product_brand","embeddable":true,"href":"https:\/\/fermentis.com\/fr\/wp-json\/wp\/v2\/product_brand?post=28638"},{"taxonomy":"product_cat","embeddable":true,"href":"https:\/\/fermentis.com\/fr\/wp-json\/wp\/v2\/product_cat?post=28638"},{"taxonomy":"product_tag","embeddable":true,"href":"https:\/\/fermentis.com\/fr\/wp-json\/wp\/v2\/product_tag?post=28638"}],"curies":[{"name":"wp","href":"https:\/\/api.w.org\/{rel}","templated":true}]}}