{"id":28640,"date":"2020-05-04T00:00:00","date_gmt":"2020-05-03T22:00:00","guid":{"rendered":"http:\/\/fermentis.com\/product\/springarom\/"},"modified":"2026-04-09T06:14:19","modified_gmt":"2026-04-09T04:14:19","slug":"springaroml","status":"publish","type":"product","link":"https:\/\/fermentis.com\/fr\/produit\/springaroml\/","title":{"rendered":"SpringArom\u2122"},"content":{"rendered":"<div class=\"container section-title-container\" ><h2 class=\"section-title section-title-center\"><b aria-hidden=\"true\"><\/b><span class=\"section-title-main\" style=\"font-size:115%;\">POUR PROT\u00c9GER LA FRA\u00ceCHEUR AROMATIQUE DES VINS BLANCS ET ROS\u00c9S<\/span><b aria-hidden=\"true\"><\/b><\/h2><\/div>\nLes vins blancs et ros\u00e9s aromatiques destin\u00e9s \u00e0 \u00eatre consomm\u00e9s peu de temps apr\u00e8s leur mise en bouteille rencontrent un grand succ\u00e8s aupr\u00e8s des nouveaux consommateurs de vin pour leur fra\u00eecheur et leur intensit\u00e9 aromatique. Pour pr\u00e9server ces caract\u00e9ristiques, le vigneron est amen\u00e9 \u00e0 trouver de nouvelles solutions pour pr\u00e9venir les risques d&#039;oxydation.<\/p>\n<p>Fermentis\u00ae a d\u00e9velopp\u00e9 <strong>SpringArom\u00ae<\/strong>, une levure inactiv\u00e9e poss\u00e9dant un pouvoir r\u00e9ducteur important gr\u00e2ce \u00e0 sa teneur \u00e9lev\u00e9e en \u00e9quivalent glutathion naturel, un tripeptide antioxydant contenu dans la levure qui pr\u00e9vient les r\u00e9actions d\u2019oxydation et \u00e9vite le vieillissement organoleptique.<\/p>\n\t<div id=\"gap-126528130\" class=\"gap-element clearfix\" style=\"display:block; height:auto;\">\n\t\t\n<style>\n#gap-126528130 {\n  padding-top: 30px;\n}\n<\/style>\n\t<\/div>\n\t\n<div class=\"container section-title-container\" ><h3 class=\"section-title section-title-center\"><b aria-hidden=\"true\"><\/b><span class=\"section-title-main\" style=\"font-size:115%;\">SPRINGAROM\u2122 - Caract\u00e9ristiques techniques <\/span><b aria-hidden=\"true\"><\/b><\/h3><\/div>\n\n\t\t<div class=\"tabbed-content\">\n\t\t\t\n\t\t\t<ul class=\"nav nav-tabs nav-uppercase nav-size-normal nav-left\" role=\"tablist\"><li id=\"tab-application\" class=\"tab active has-icon\" role=\"presentation\"><a href=\"#tab_application\" role=\"tab\" aria-selected=\"true\" aria-controls=\"tab_application\"><span>Application<\/span><\/a><\/li>\n<li id=\"tab-propri\u00e9t\u00e9s\" class=\"tab has-icon\" role=\"presentation\"><a href=\"#tab_propri\u00e9t\u00e9s\" tabindex=\"-1\" role=\"tab\" aria-selected=\"false\" aria-controls=\"tab_propri\u00e9t\u00e9s\"><span>Propri\u00e9t\u00e9s<\/span><\/a><\/li>\n<li id=\"tab-dosage-et-composition\" class=\"tab has-icon\" role=\"presentation\"><a href=\"#tab_dosage-et-composition\" tabindex=\"-1\" role=\"tab\" aria-selected=\"false\" aria-controls=\"tab_dosage-et-composition\"><span>Dosage et composition<\/span><\/a><\/li>\n<li id=\"tab-emballage-&amp;-garantie\" class=\"tab has-icon\" role=\"presentation\"><a href=\"#tab_emballage-&amp;-garantie\" tabindex=\"-1\" role=\"tab\" aria-selected=\"false\" aria-controls=\"tab_emballage-&amp;-garantie\"><span>Emballage &amp; garantie<\/span><\/a><\/li><\/ul><div class=\"tab-panels\"><div id=\"tab_application\" class=\"panel active entry-content\" role=\"tabpanel\" aria-labelledby=\"tab-application\">\n<p><strong>SpringArom\u00ae<\/strong> est particuli\u00e8rement adapt\u00e9<\/p>\n<p>\u2013 Pour l\u2019\u00e9laboration de vins blancs et ros\u00e9s expressifs et \u00e9quilibr\u00e9s<br \/>\n\u2013 Pour les vins blancs et ros\u00e9s vinifi\u00e9s sans contr\u00f4le de temp\u00e9rature et donc susceptibles de perdre des ar\u00f4mes<br \/>\n\u2013 Aux c\u00e9pages riches en thiols (Sauvignon, Petit et Gros Manseng, Cabernet Sauvignon, Merlot)<br \/>\n\u2013 Aux vins rouges et ros\u00e9s jeunes qui se veulent frais et fruit\u00e9s<\/p>\n<\/div>\n<div id=\"tab_propri\u00e9t\u00e9s\" class=\"panel entry-content\" role=\"tabpanel\" aria-labelledby=\"tab-propri\u00e9t\u00e9s\">\n<h4><strong>Effet antioxydant (pi\u00e8ge \u00e0 quinones)<\/strong><\/h4>\n<p>Protection des couleurs contre le brunissement.<br \/>\nPr\u00e9servation des mol\u00e9cules aromatiques notamment des thiols.<\/p>\n<h4><strong>Effets secondaires de la nutrition <\/strong><\/h4>\n<p>Richesse en azote organique pour une s\u00e9curit\u00e9 fermentaire optimale en association ou non avec du DAP.<\/p>\n<h4><strong>Am\u00e9lioration organoleptique <\/strong><\/h4>\n<p>Fra\u00eecheur et gras en bouche.<\/p>\n<\/div>\n<div id=\"tab_dosage-et-composition\" class=\"panel entry-content\" role=\"tabpanel\" aria-labelledby=\"tab-dosage-et-composition\">\n<h4>Dosage<\/h4>\n<p>Ajouter 20 \u00e0 30 g\/hl dans le mo\u00fbt imm\u00e9diatement apr\u00e8s le d\u00e9bourbage et juste avant l&#039;ensemencement des levures pour b\u00e9n\u00e9ficier de ses \u00e9l\u00e9ments de soutien. Nous recommandons de proc\u00e9der syst\u00e9matiquement \u00e0 un \u00e9levage sur lies avec b\u00e2tonnage lorsque<strong> SpringArom\u00ae<\/strong> est utilis\u00e9.<\/p>\n<p><strong>SpringArom\u00ae<\/strong> ne peut pas remplacer un v\u00e9ritable auxiliaire de fermentation.<\/p>\n<p>En cas de mo\u00fbts fortement carenc\u00e9s en azote, il est recommand\u00e9 d&#039;ajouter du DAP ainsi que du SpringFerm\u2122 dans des dosages adapt\u00e9s (se r\u00e9f\u00e9rer \u00e0 la fiche technique SpringFerm\u2122).<\/p>\n<h4>Composition<\/h4>\n<p>Mati\u00e8re s\u00e8che &gt; 94%<br \/>\nMati\u00e8re prot\u00e9ique, dont \u00e9quivalent glutathion 53-63 % &gt; 1,5 %<br \/>\nGlucides totaux 24-28%<br \/>\nLipides 4-8%<br \/>\nMin\u00e9raux 4-8%<\/p>\n<\/div>\n<div id=\"tab_emballage-&amp;-garantie\" class=\"panel entry-content\" role=\"tabpanel\" aria-labelledby=\"tab-emballage-&amp;-garantie\">\n<h4>Conditionnement<\/h4>\n<p>1 carton de 10 sachets sous vide de 1 kg chacun (Poids net du carton plein : 10 kg)<br \/>\n1 sac de 10kg<br \/>\n1 sac de 25kg<\/p>\n<h4>Garantie<\/h4>\n<p>Fermentis\u00ae garantit une conservation optimale de ce produit pendant 3 ans dans son emballage d&#039;origine \u00e0 une temp\u00e9rature de maximum 20\u00b0C et dans un endroit sec.<\/p>\n<p>Fermentis\u00ae garantit la conformit\u00e9 du produit au Codex \u0152nologique International jusqu&#039;\u00e0 sa Date Limite d&#039;Utilisation Optimale dans les conditions de stockage mentionn\u00e9es ci-dessus.<\/p>\n<p>Les auxiliaires de fermentation et produits fonctionnels Fermentis\u00ae sont fabriqu\u00e9s exclusivement \u00e0 partir de produits de levure naturels. Le savoir-faire du groupe Lesaffre garantit aux utilisateurs finaux des produits performants tels que l\u2019exigent les applications \u0153nologiques modernes.<\/p>\n<\/div><\/div><\/div>\n\t<div id=\"gap-1555820798\" class=\"gap-element clearfix\" style=\"display:block; height:auto;\">\n\t\t\n<style>\n#gap-1555820798 {\n  padding-top: 30px;\n}\n<\/style>\n\t<\/div>\n\t\n<p><i>Les donn\u00e9es contenues dans cette fiche technique sont la transcription exacte de nos connaissances du produit \u00e0 la date mentionn\u00e9e. Ils sont la propri\u00e9t\u00e9 exclusive de Fermentis-Division de SILesaffre. Il est de la responsabilit\u00e9 de l&#039;utilisateur de s&#039;assurer que l&#039;utilisation de ce produit particulier est conforme \u00e0 la l\u00e9gislation.<\/i><\/p>\n","protected":false},"excerpt":{"rendered":"<p>Pour prot\u00e9ger la fra\u00eecheur aromatique des vins blancs et ros\u00e9s<\/p>\n","protected":false},"featured_media":29468,"comment_status":"closed","ping_status":"closed","template":"","meta":{"_acf_changed":false},"product_brand":[],"product_cat":[302,304,287],"product_tag":[1167,1165,1166],"class_list":{"0":"post-28640","1":"product","2":"type-product","3":"status-publish","4":"has-post-thumbnail","6":"product_cat-produits-fonctionnels-vinification","7":"product_cat-springarom-fr-2","8":"product_cat-vinification","9":"product_tag-arom-fr","10":"product_tag-spring-arom-fr","11":"product_tag-springarom-fr","13":"first","14":"instock","15":"shipping-taxable","16":"product-type-simple"},"acf":[],"yoast_head":"<!-- This site is optimized with the Yoast SEO Premium plugin v27.4 (Yoast SEO v27.4) - https:\/\/yoast.com\/product\/yoast-seo-premium-wordpress\/ -->\n<title>SpringArom - Produit fonctionnel Ros\u00e9s &amp; blancs - Fermentis<\/title>\n<meta name=\"description\" content=\"Le produit fonctionnel vinicole Fermentis SpringArom est id\u00e9al pour pr\u00e9server la fra\u00eecheur aromatique des ros\u00e9s et des blancs. Obtenez de l&#039;aide pour concevoir votre vin avec notre appli !\" \/>\n<meta name=\"robots\" content=\"index, follow, max-snippet:-1, max-image-preview:large, max-video-preview:-1\" \/>\n<link rel=\"canonical\" href=\"https:\/\/fermentis.com\/fr\/produit\/springaroml\/\" \/>\n<meta property=\"og:locale\" content=\"fr_FR\" \/>\n<meta property=\"og:type\" content=\"article\" \/>\n<meta property=\"og:title\" content=\"SpringArom\u2122\" \/>\n<meta property=\"og:description\" content=\"Le produit fonctionnel vinicole Fermentis SpringArom est id\u00e9al pour pr\u00e9server la fra\u00eecheur aromatique des ros\u00e9s et des blancs. Obtenez de l&#039;aide pour concevoir votre vin avec notre appli !\" \/>\n<meta property=\"og:url\" content=\"https:\/\/fermentis.com\/fr\/produit\/springaroml\/\" \/>\n<meta property=\"og:site_name\" content=\"Fermentis\" \/>\n<meta property=\"article:publisher\" content=\"https:\/\/www.facebook.com\/Fermentis\" \/>\n<meta property=\"article:modified_time\" content=\"2026-04-09T04:14:19+00:00\" \/>\n<meta property=\"og:image\" content=\"https:\/\/fermentis.com\/wp-content\/uploads\/2020\/05\/springarom.jpg\" \/>\n\t<meta property=\"og:image:width\" content=\"1200\" \/>\n\t<meta property=\"og:image:height\" content=\"1200\" \/>\n\t<meta property=\"og:image:type\" content=\"image\/jpeg\" \/>\n<meta name=\"twitter:card\" content=\"summary_large_image\" \/>\n<meta name=\"twitter:site\" content=\"@fermentis\" \/>\n<meta name=\"twitter:label1\" content=\"Prix\" \/>\n\t<meta name=\"twitter:data1\" content=\"\" \/>\n\t<meta name=\"twitter:label2\" content=\"Disponibilit\u00e9\" \/>\n\t<meta name=\"twitter:data2\" content=\"En stock\" \/>\n<script type=\"application\/ld+json\" class=\"yoast-schema-graph\">{\"@context\":\"https:\\\/\\\/schema.org\",\"@graph\":[{\"@type\":\"WebPage\",\"@id\":\"https:\\\/\\\/fermentis.com\\\/fr\\\/produit\\\/springaroml\\\/\",\"url\":\"https:\\\/\\\/fermentis.com\\\/fr\\\/produit\\\/springaroml\\\/\",\"name\":\"SpringArom - Produit fonctionnel Ros\u00e9s & blancs - Fermentis\",\"isPartOf\":{\"@id\":\"https:\\\/\\\/fermentis.com\\\/fr\\\/#website\"},\"primaryImageOfPage\":{\"@id\":\"https:\\\/\\\/fermentis.com\\\/fr\\\/produit\\\/springaroml\\\/#primaryimage\"},\"image\":{\"@id\":\"https:\\\/\\\/fermentis.com\\\/fr\\\/produit\\\/springaroml\\\/#primaryimage\"},\"thumbnailUrl\":\"https:\\\/\\\/fermentis.com\\\/wp-content\\\/uploads\\\/2020\\\/05\\\/springarom.jpg\",\"datePublished\":\"2020-05-03T22:00:00+00:00\",\"dateModified\":\"2026-04-09T04:14:19+00:00\",\"description\":\"Le produit fonctionnel vinicole Fermentis SpringArom est id\u00e9al pour pr\u00e9server la fra\u00eecheur aromatique des ros\u00e9s et des blancs. Obtenez de l'aide pour concevoir votre vin avec notre appli !\",\"breadcrumb\":{\"@id\":\"https:\\\/\\\/fermentis.com\\\/fr\\\/produit\\\/springaroml\\\/#breadcrumb\"},\"inLanguage\":\"fr-FR\",\"potentialAction\":[{\"@type\":\"ReadAction\",\"target\":[\"https:\\\/\\\/fermentis.com\\\/fr\\\/produit\\\/springaroml\\\/\"]}]},{\"@type\":\"ImageObject\",\"inLanguage\":\"fr-FR\",\"@id\":\"https:\\\/\\\/fermentis.com\\\/fr\\\/produit\\\/springaroml\\\/#primaryimage\",\"url\":\"https:\\\/\\\/fermentis.com\\\/wp-content\\\/uploads\\\/2020\\\/05\\\/springarom.jpg\",\"contentUrl\":\"https:\\\/\\\/fermentis.com\\\/wp-content\\\/uploads\\\/2020\\\/05\\\/springarom.jpg\",\"width\":1200,\"height\":1200,\"caption\":\"Springarom wine making solution pack by fermentis\"},{\"@type\":\"BreadcrumbList\",\"@id\":\"https:\\\/\\\/fermentis.com\\\/fr\\\/produit\\\/springaroml\\\/#breadcrumb\",\"itemListElement\":[{\"@type\":\"ListItem\",\"position\":1,\"name\":\"Home\",\"item\":\"https:\\\/\\\/fermentis.com\\\/fr\\\/\"},{\"@type\":\"ListItem\",\"position\":2,\"name\":\"Produits\"},{\"@type\":\"ListItem\",\"position\":3,\"name\":\"Vinification\",\"item\":\"https:\\\/\\\/fermentis.com\\\/fr\\\/fermentation\\\/vinification\\\/\"},{\"@type\":\"ListItem\",\"position\":4,\"name\":\"Produits fonctionnels\",\"item\":\"https:\\\/\\\/fermentis.com\\\/fr\\\/fermentation\\\/vinification\\\/produits-fonctionnels-vinification\\\/\"},{\"@type\":\"ListItem\",\"position\":5,\"name\":\"SpringArom\u00ae\",\"item\":\"https:\\\/\\\/fermentis.com\\\/fr\\\/fermentation\\\/vinification\\\/produits-fonctionnels-vinification\\\/springarom-fr-2\\\/\"},{\"@type\":\"ListItem\",\"position\":6,\"name\":\"SpringArom\u2122\"}]},{\"@type\":\"WebSite\",\"@id\":\"https:\\\/\\\/fermentis.com\\\/fr\\\/#website\",\"url\":\"https:\\\/\\\/fermentis.com\\\/fr\\\/\",\"name\":\"Fermentis\",\"description\":\"Un site utilisant WordPress\",\"publisher\":{\"@id\":\"https:\\\/\\\/fermentis.com\\\/fr\\\/#organization\"},\"potentialAction\":[{\"@type\":\"SearchAction\",\"target\":{\"@type\":\"EntryPoint\",\"urlTemplate\":\"https:\\\/\\\/fermentis.com\\\/fr\\\/?s={search_term_string}\"},\"query-input\":{\"@type\":\"PropertyValueSpecification\",\"valueRequired\":true,\"valueName\":\"search_term_string\"}}],\"inLanguage\":\"fr-FR\"},{\"@type\":\"Organization\",\"@id\":\"https:\\\/\\\/fermentis.com\\\/fr\\\/#organization\",\"name\":\"Fermentis\",\"url\":\"https:\\\/\\\/fermentis.com\\\/fr\\\/\",\"logo\":{\"@type\":\"ImageObject\",\"inLanguage\":\"fr-FR\",\"@id\":\"https:\\\/\\\/fermentis.com\\\/fr\\\/#\\\/schema\\\/logo\\\/image\\\/\",\"url\":\"https:\\\/\\\/fermentis.com\\\/wp-content\\\/uploads\\\/2021\\\/07\\\/Logo-Fermentis-5.png\",\"contentUrl\":\"https:\\\/\\\/fermentis.com\\\/wp-content\\\/uploads\\\/2021\\\/07\\\/Logo-Fermentis-5.png\",\"width\":308,\"height\":95,\"caption\":\"Fermentis\"},\"image\":{\"@id\":\"https:\\\/\\\/fermentis.com\\\/fr\\\/#\\\/schema\\\/logo\\\/image\\\/\"},\"sameAs\":[\"https:\\\/\\\/www.facebook.com\\\/Fermentis\",\"https:\\\/\\\/x.com\\\/fermentis\",\"https:\\\/\\\/www.instagram.com\\\/fermentisbylesaffre\\\/\",\"https:\\\/\\\/www.linkedin.com\\\/company\\\/fermentis\\\/\",\"https:\\\/\\\/www.youtube.com\\\/channel\\\/UCt_Lp3IZnUNXZeqSi6iiAdA\"]}]}<\/script>\n<meta property=\"product:price:currency\" content=\"GBP\" \/>\n<meta property=\"og:availability\" content=\"instock\" \/>\n<meta property=\"product:availability\" content=\"instock\" \/>\n<meta property=\"product:condition\" content=\"new\" \/>\n<!-- \/ Yoast SEO Premium plugin. -->","yoast_head_json":{"title":"SpringArom - Produit fonctionnel Ros\u00e9s & blancs - Fermentis","description":"Le produit fonctionnel vinicole Fermentis SpringArom est id\u00e9al pour pr\u00e9server la fra\u00eecheur aromatique des ros\u00e9s et des blancs. Obtenez de l'aide pour concevoir votre vin avec notre appli !","robots":{"index":"index","follow":"follow","max-snippet":"max-snippet:-1","max-image-preview":"max-image-preview:large","max-video-preview":"max-video-preview:-1"},"canonical":"https:\/\/fermentis.com\/fr\/produit\/springaroml\/","og_locale":"fr_FR","og_type":"article","og_title":"SpringArom\u2122","og_description":"Le produit fonctionnel vinicole Fermentis SpringArom est id\u00e9al pour pr\u00e9server la fra\u00eecheur aromatique des ros\u00e9s et des blancs. Obtenez de l'aide pour concevoir votre vin avec notre appli !","og_url":"https:\/\/fermentis.com\/fr\/produit\/springaroml\/","og_site_name":"Fermentis","article_publisher":"https:\/\/www.facebook.com\/Fermentis","article_modified_time":"2026-04-09T04:14:19+00:00","og_image":[{"width":1200,"height":1200,"url":"https:\/\/fermentis.com\/wp-content\/uploads\/2020\/05\/springarom.jpg","type":"image\/jpeg"}],"twitter_card":"summary_large_image","twitter_site":"@fermentis","twitter_misc":{"Prix":"","Disponibilit\u00e9":"En stock"},"schema":{"@context":"https:\/\/schema.org","@graph":[{"@type":"WebPage","@id":"https:\/\/fermentis.com\/fr\/produit\/springaroml\/","url":"https:\/\/fermentis.com\/fr\/produit\/springaroml\/","name":"SpringArom - Produit fonctionnel Ros\u00e9s & blancs - Fermentis","isPartOf":{"@id":"https:\/\/fermentis.com\/fr\/#website"},"primaryImageOfPage":{"@id":"https:\/\/fermentis.com\/fr\/produit\/springaroml\/#primaryimage"},"image":{"@id":"https:\/\/fermentis.com\/fr\/produit\/springaroml\/#primaryimage"},"thumbnailUrl":"https:\/\/fermentis.com\/wp-content\/uploads\/2020\/05\/springarom.jpg","datePublished":"2020-05-03T22:00:00+00:00","dateModified":"2026-04-09T04:14:19+00:00","description":"Le produit fonctionnel vinicole Fermentis SpringArom est id\u00e9al pour pr\u00e9server la fra\u00eecheur aromatique des ros\u00e9s et des blancs. Obtenez de l'aide pour concevoir votre vin avec notre appli !","breadcrumb":{"@id":"https:\/\/fermentis.com\/fr\/produit\/springaroml\/#breadcrumb"},"inLanguage":"fr-FR","potentialAction":[{"@type":"ReadAction","target":["https:\/\/fermentis.com\/fr\/produit\/springaroml\/"]}]},{"@type":"ImageObject","inLanguage":"fr-FR","@id":"https:\/\/fermentis.com\/fr\/produit\/springaroml\/#primaryimage","url":"https:\/\/fermentis.com\/wp-content\/uploads\/2020\/05\/springarom.jpg","contentUrl":"https:\/\/fermentis.com\/wp-content\/uploads\/2020\/05\/springarom.jpg","width":1200,"height":1200,"caption":"Springarom wine making solution pack by fermentis"},{"@type":"BreadcrumbList","@id":"https:\/\/fermentis.com\/fr\/produit\/springaroml\/#breadcrumb","itemListElement":[{"@type":"ListItem","position":1,"name":"Home","item":"https:\/\/fermentis.com\/fr\/"},{"@type":"ListItem","position":2,"name":"Produits"},{"@type":"ListItem","position":3,"name":"Vinification","item":"https:\/\/fermentis.com\/fr\/fermentation\/vinification\/"},{"@type":"ListItem","position":4,"name":"Produits fonctionnels","item":"https:\/\/fermentis.com\/fr\/fermentation\/vinification\/produits-fonctionnels-vinification\/"},{"@type":"ListItem","position":5,"name":"SpringArom\u00ae","item":"https:\/\/fermentis.com\/fr\/fermentation\/vinification\/produits-fonctionnels-vinification\/springarom-fr-2\/"},{"@type":"ListItem","position":6,"name":"SpringArom\u2122"}]},{"@type":"WebSite","@id":"https:\/\/fermentis.com\/fr\/#website","url":"https:\/\/fermentis.com\/fr\/","name":"Fermentis","description":"Un site utilisant WordPress","publisher":{"@id":"https:\/\/fermentis.com\/fr\/#organization"},"potentialAction":[{"@type":"SearchAction","target":{"@type":"EntryPoint","urlTemplate":"https:\/\/fermentis.com\/fr\/?s={search_term_string}"},"query-input":{"@type":"PropertyValueSpecification","valueRequired":true,"valueName":"search_term_string"}}],"inLanguage":"fr-FR"},{"@type":"Organization","@id":"https:\/\/fermentis.com\/fr\/#organization","name":"Fermentis","url":"https:\/\/fermentis.com\/fr\/","logo":{"@type":"ImageObject","inLanguage":"fr-FR","@id":"https:\/\/fermentis.com\/fr\/#\/schema\/logo\/image\/","url":"https:\/\/fermentis.com\/wp-content\/uploads\/2021\/07\/Logo-Fermentis-5.png","contentUrl":"https:\/\/fermentis.com\/wp-content\/uploads\/2021\/07\/Logo-Fermentis-5.png","width":308,"height":95,"caption":"Fermentis"},"image":{"@id":"https:\/\/fermentis.com\/fr\/#\/schema\/logo\/image\/"},"sameAs":["https:\/\/www.facebook.com\/Fermentis","https:\/\/x.com\/fermentis","https:\/\/www.instagram.com\/fermentisbylesaffre\/","https:\/\/www.linkedin.com\/company\/fermentis\/","https:\/\/www.youtube.com\/channel\/UCt_Lp3IZnUNXZeqSi6iiAdA"]}]},"product_price_currency":"GBP","og_availability":"instock","product_availability":"instock","product_condition":"new"},"_links":{"self":[{"href":"https:\/\/fermentis.com\/fr\/wp-json\/wp\/v2\/product\/28640","targetHints":{"allow":["GET"]}}],"collection":[{"href":"https:\/\/fermentis.com\/fr\/wp-json\/wp\/v2\/product"}],"about":[{"href":"https:\/\/fermentis.com\/fr\/wp-json\/wp\/v2\/types\/product"}],"replies":[{"embeddable":true,"href":"https:\/\/fermentis.com\/fr\/wp-json\/wp\/v2\/comments?post=28640"}],"wp:featuredmedia":[{"embeddable":true,"href":"https:\/\/fermentis.com\/fr\/wp-json\/wp\/v2\/media\/29468"}],"wp:attachment":[{"href":"https:\/\/fermentis.com\/fr\/wp-json\/wp\/v2\/media?parent=28640"}],"wp:term":[{"taxonomy":"product_brand","embeddable":true,"href":"https:\/\/fermentis.com\/fr\/wp-json\/wp\/v2\/product_brand?post=28640"},{"taxonomy":"product_cat","embeddable":true,"href":"https:\/\/fermentis.com\/fr\/wp-json\/wp\/v2\/product_cat?post=28640"},{"taxonomy":"product_tag","embeddable":true,"href":"https:\/\/fermentis.com\/fr\/wp-json\/wp\/v2\/product_tag?post=28640"}],"curies":[{"name":"wp","href":"https:\/\/api.w.org\/{rel}","templated":true}]}}