{"id":28641,"date":"2020-05-04T00:00:00","date_gmt":"2020-05-03T22:00:00","guid":{"rendered":"http:\/\/fermentis.com\/product\/springcell-manno\/"},"modified":"2026-04-13T21:24:56","modified_gmt":"2026-04-13T19:24:56","slug":"springcell-manno","status":"publish","type":"product","link":"https:\/\/fermentis.com\/fr\/produit\/springcell-manno\/","title":{"rendered":"SpringCell\u2122 Manno"},"content":{"rendered":"<div class=\"container section-title-container\" ><h2 class=\"section-title section-title-center\"><b aria-hidden=\"true\"><\/b><span class=\"section-title-main\" style=\"font-size:115%;\">LE MEILLEUR DES LIES POUR UN \u00c9QUILIBRE EN BOUCHE ET UNE STABILIT\u00c9 DU VIN<\/span><b aria-hidden=\"true\"><\/b><\/h2><\/div>\n<p>L\u2019industrie vitivinicole exige des vins ronds et onctueux qui puissent \u00eatre rapidement mis \u00e0 disposition sur le march\u00e9.  Fermentis a d\u00e9velopp\u00e9 <strong>SpringCell Manno<\/strong>, un produit 100% polysaccharides de levure (glucanes et mannoprot\u00e9ines solubles) qui repr\u00e9sentent la partie la plus noble des lies.<\/p>\n\t<div id=\"gap-1416959396\" class=\"gap-element clearfix\" style=\"display:block; height:auto;\">\n\t\t\n<style>\n#gap-1416959396 {\n  padding-top: 30px;\n}\n<\/style>\n\t<\/div>\n\t\n<div class=\"container section-title-container\" ><h3 class=\"section-title section-title-center\"><b aria-hidden=\"true\"><\/b><span class=\"section-title-main\" style=\"font-size:115%;\">SPRINGCELL\u2122 Manno - Caract\u00e9ristiques techniques<\/span><b aria-hidden=\"true\"><\/b><\/h3><\/div>\n\n\t\t<div class=\"tabbed-content\">\n\t\t\t\n\t\t\t<ul class=\"nav nav-tabs nav-uppercase nav-size-normal nav-left\" role=\"tablist\"><li id=\"tab-application\" class=\"tab active has-icon\" role=\"presentation\"><a href=\"#tab_application\" role=\"tab\" aria-selected=\"true\" aria-controls=\"tab_application\"><span>Application<\/span><\/a><\/li>\n<li id=\"tab-propri\u00e9t\u00e9s\" class=\"tab has-icon\" role=\"presentation\"><a href=\"#tab_propri\u00e9t\u00e9s\" tabindex=\"-1\" role=\"tab\" aria-selected=\"false\" aria-controls=\"tab_propri\u00e9t\u00e9s\"><span>Propri\u00e9t\u00e9s<\/span><\/a><\/li>\n<li id=\"tab-dosage-et-composition\" class=\"tab has-icon\" role=\"presentation\"><a href=\"#tab_dosage-et-composition\" tabindex=\"-1\" role=\"tab\" aria-selected=\"false\" aria-controls=\"tab_dosage-et-composition\"><span>Dosage et composition<\/span><\/a><\/li>\n<li id=\"tab-emballage-&amp;-garantie\" class=\"tab has-icon\" role=\"presentation\"><a href=\"#tab_emballage-&amp;-garantie\" tabindex=\"-1\" role=\"tab\" aria-selected=\"false\" aria-controls=\"tab_emballage-&amp;-garantie\"><span>Emballage &amp; garantie<\/span><\/a><\/li><\/ul><div class=\"tab-panels\"><div id=\"tab_application\" class=\"panel active entry-content\" role=\"tabpanel\" aria-labelledby=\"tab-application\">\n<p>Pour les vins l\u00e9gers et peu structur\u00e9s.<\/p>\n<p>\u2013 Pour les vins rouges issus de cultivars tanniques et richement color\u00e9s.<br \/>\n\u2013 Pour tout type de vin en compl\u00e9ment des lies fines.<\/p>\n<\/div>\n<div id=\"tab_propri\u00e9t\u00e9s\" class=\"panel entry-content\" role=\"tabpanel\" aria-labelledby=\"tab-propri\u00e9t\u00e9s\">\n<h4><strong>Contribution \u00e0 la rondeur &amp; volume<\/strong><\/h4>\n<p><strong>SpringCell\u2122 Manno<\/strong> contient des mannoprot\u00e9ines hautement solubles non li\u00e9es aux \u00df-glucanes dont l&#039;efficacit\u00e9 est instantan\u00e9e dans le vin. Ces polysaccharides agissent d\u00e9licatement sur la sensation de volume et de corps habituellement apport\u00e9e pendant la maturation sur lie.<\/p>\n<h4><strong>Diminution de l&#039;astringence<\/strong><\/h4>\n<p>Les polysaccharides s&#039;associent aux tanins les plus astringents pour en att\u00e9nuer la duret\u00e9 et apporter de la rondeur au vin. <\/p>\n<h4><strong>Stabilisation de la couleur rouge<\/strong><\/h4>\n<p>Les polysaccharides levuriens permettent une stabilisation durable des complexes tanniques anthocyaniques. <\/p>\n<h4><strong>Stabilisation du vin<\/strong><\/h4>\n<p><strong>SpringCell\u2122 Manno<\/strong> apporte au vin plus de richesse en collo\u00efdes protecteurs (mannoprot\u00e9ines).  Aux taux auxquels ils sont pr\u00e9sents dans le vin, ces polysaccharides emp\u00eachent la cristallisation des sels de l&#039;acide tartrique.<\/p>\n<h4>Pr\u00e9vention des go\u00fbts de bouchon<\/h4>\n<p><strong>SpringCell\u2122 Manno<\/strong> peut se substituer aux lies fines, \u00e9vitant ainsi la formation de notes r\u00e9ductrices g\u00e9n\u00e9r\u00e9es par ces derni\u00e8res (H2S) pendant la p\u00e9riode de maturation.  Cette substitution pr\u00e9vient \u00e9galement le d\u00e9veloppement de tout micro-organisme ind\u00e9sirable contenu dans les lies naturelles.<\/p>\n<\/div>\n<div id=\"tab_dosage-et-composition\" class=\"panel entry-content\" role=\"tabpanel\" aria-labelledby=\"tab-dosage-et-composition\">\n<h4><b>Dosage<\/b><\/h4>\n<p>L&#039;ajout de SpringCell\u2122 Manno est recommand\u00e9 en d\u00e9but de maturation.<\/p>\n<p>Vins rouges : 20-40 g\/hl<\/p>\n<p>Vins blancs : 10-30 g\/hl<\/p>\n<p>Dissoudre SpringCell\u2122 Manno dans un minimum d\u2019eau.<\/p>\n<p>Avertissements :<\/p>\n<p>Ce produit n&#039;est pas totalement soluble.<br \/>\nLes \u00e9corces de levure SpringCell\u2122 Manno sont soumises \u00e0 une limite d&#039;utilisation de 40g\/hl selon la l\u00e9gislation europ\u00e9enne.<\/p>\n<h4><b>Composition<\/b><\/h4>\n<p>Mati\u00e8re s\u00e8che : &gt; 94%<br \/>\nAzote total : 1,4-3,0 %<br \/>\nPolysaccharides totaux : 42-56 %<br \/>\nMati\u00e8res min\u00e9rales : 2,5-5,5 %<\/p>\n<\/div>\n<div id=\"tab_emballage-&amp;-garantie\" class=\"panel entry-content\" role=\"tabpanel\" aria-labelledby=\"tab-emballage-&amp;-garantie\">\n<h4>Conditionnement<\/h4>\n<p>Carton de 20 sachets sous vide de 500g chacun (Poids net du carton plein : 10 kg).<br \/>\n1 sac de 10 kg<\/p>\n<h4>Garantie<\/h4>\n<p>Fermentis\u00ae garantit une conservation optimale de ce produit pendant 3 ans dans son emballage d&#039;origine \u00e0 une temp\u00e9rature de maximum 20\u00b0C et dans un endroit sec.<\/p>\n<p>Fermentis\u00ae garantit la conformit\u00e9 du produit au Codex \u0152nologique International jusqu&#039;\u00e0 sa Date Limite d&#039;Utilisation Optimale dans les conditions de stockage mentionn\u00e9es ci-dessus.<\/p>\n<p>Les auxiliaires de fermentation et produits fonctionnels Fermentis\u00ae sont fabriqu\u00e9s exclusivement \u00e0 partir de produits de levure naturels. Le savoir-faire du groupe Lesaffre garantit aux utilisateurs finaux des produits performants tels que l\u2019exigent les applications \u0153nologiques modernes.<\/p>\n<\/div><\/div><\/div>\n\t<div id=\"gap-74539351\" class=\"gap-element clearfix\" style=\"display:block; height:auto;\">\n\t\t\n<style>\n#gap-74539351 {\n  padding-top: 30px;\n}\n<\/style>\n\t<\/div>\n\t\n<p><i>Les donn\u00e9es contenues dans cette fiche technique sont la transcription exacte de nos connaissances du produit \u00e0 la date mentionn\u00e9e. Ils sont la propri\u00e9t\u00e9 exclusive de Fermentis-Division de SILesaffre. Il est de la responsabilit\u00e9 de l&#039;utilisateur de s&#039;assurer que l&#039;utilisation de ce produit particulier est conforme \u00e0 la l\u00e9gislation.<\/i><\/p>\n","protected":false},"excerpt":{"rendered":"<p>Le meilleur des lies pour un \u00e9quilibre en bouche et une stabilit\u00e9 du vin<\/p>\n","protected":false},"featured_media":29475,"comment_status":"closed","ping_status":"closed","template":"","meta":{"_acf_changed":false},"product_brand":[],"product_cat":[302,305,287],"product_tag":[1162,1155,1163,1164],"class_list":{"0":"post-28641","1":"product","2":"type-product","3":"status-publish","4":"has-post-thumbnail","6":"product_cat-produits-fonctionnels-vinification","7":"product_cat-springcell-manno-fr-2","8":"product_cat-vinification","9":"product_tag-manno-fr","10":"product_tag-springcell-fr","11":"product_tag-springcell-mannno-fr","12":"product_tag-springcellmanno-fr","14":"first","15":"instock","16":"shipping-taxable","17":"product-type-simple"},"acf":[],"yoast_head":"<!-- This site is optimized with the Yoast SEO Premium plugin v27.4 (Yoast SEO v27.4) - https:\/\/yoast.com\/product\/yoast-seo-premium-wordpress\/ -->\n<title>SpringCell Manno - Produit fonctionnel tous vins - Fermentis<\/title>\n<meta name=\"description\" content=\"Le produit fonctionnel Fermentis SpringCell Manno est id\u00e9al pour les vins l\u00e9gers et peu structur\u00e9s et tout type de vin en plus des lies fines.\" \/>\n<meta name=\"robots\" content=\"index, follow, max-snippet:-1, max-image-preview:large, max-video-preview:-1\" \/>\n<link rel=\"canonical\" href=\"https:\/\/fermentis.com\/fr\/produit\/springcell-manno\/\" \/>\n<meta property=\"og:locale\" content=\"fr_FR\" \/>\n<meta property=\"og:type\" content=\"article\" \/>\n<meta property=\"og:title\" content=\"SpringCell\u2122 Manno\" \/>\n<meta property=\"og:description\" content=\"Le produit fonctionnel Fermentis SpringCell Manno est id\u00e9al pour les vins l\u00e9gers et peu structur\u00e9s et tout type de vin en plus des lies fines.\" \/>\n<meta property=\"og:url\" content=\"https:\/\/fermentis.com\/fr\/produit\/springcell-manno\/\" \/>\n<meta property=\"og:site_name\" content=\"Fermentis\" \/>\n<meta property=\"article:publisher\" content=\"https:\/\/www.facebook.com\/Fermentis\" \/>\n<meta property=\"article:modified_time\" content=\"2026-04-13T19:24:56+00:00\" \/>\n<meta property=\"og:image\" content=\"https:\/\/fermentis.com\/wp-content\/uploads\/2020\/05\/springcell-manno.jpg\" \/>\n\t<meta property=\"og:image:width\" content=\"1200\" \/>\n\t<meta property=\"og:image:height\" content=\"1200\" \/>\n\t<meta property=\"og:image:type\" content=\"image\/jpeg\" \/>\n<meta name=\"twitter:card\" content=\"summary_large_image\" \/>\n<meta name=\"twitter:site\" content=\"@fermentis\" \/>\n<meta name=\"twitter:label1\" content=\"Prix\" \/>\n\t<meta name=\"twitter:data1\" content=\"\" \/>\n\t<meta name=\"twitter:label2\" content=\"Disponibilit\u00e9\" \/>\n\t<meta name=\"twitter:data2\" content=\"En stock\" \/>\n<script type=\"application\/ld+json\" class=\"yoast-schema-graph\">{\"@context\":\"https:\\\/\\\/schema.org\",\"@graph\":[{\"@type\":\"WebPage\",\"@id\":\"https:\\\/\\\/fermentis.com\\\/fr\\\/produit\\\/springcell-manno\\\/\",\"url\":\"https:\\\/\\\/fermentis.com\\\/fr\\\/produit\\\/springcell-manno\\\/\",\"name\":\"SpringCell Manno - Produit fonctionnel tous vins - Fermentis\",\"isPartOf\":{\"@id\":\"https:\\\/\\\/fermentis.com\\\/fr\\\/#website\"},\"primaryImageOfPage\":{\"@id\":\"https:\\\/\\\/fermentis.com\\\/fr\\\/produit\\\/springcell-manno\\\/#primaryimage\"},\"image\":{\"@id\":\"https:\\\/\\\/fermentis.com\\\/fr\\\/produit\\\/springcell-manno\\\/#primaryimage\"},\"thumbnailUrl\":\"https:\\\/\\\/fermentis.com\\\/wp-content\\\/uploads\\\/2020\\\/05\\\/springcell-manno.jpg\",\"datePublished\":\"2020-05-03T22:00:00+00:00\",\"dateModified\":\"2026-04-13T19:24:56+00:00\",\"description\":\"Le produit fonctionnel Fermentis SpringCell Manno est id\u00e9al pour les vins l\u00e9gers et peu structur\u00e9s et tout type de vin en plus des lies fines.\",\"breadcrumb\":{\"@id\":\"https:\\\/\\\/fermentis.com\\\/fr\\\/produit\\\/springcell-manno\\\/#breadcrumb\"},\"inLanguage\":\"fr-FR\",\"potentialAction\":[{\"@type\":\"ReadAction\",\"target\":[\"https:\\\/\\\/fermentis.com\\\/fr\\\/produit\\\/springcell-manno\\\/\"]}]},{\"@type\":\"ImageObject\",\"inLanguage\":\"fr-FR\",\"@id\":\"https:\\\/\\\/fermentis.com\\\/fr\\\/produit\\\/springcell-manno\\\/#primaryimage\",\"url\":\"https:\\\/\\\/fermentis.com\\\/wp-content\\\/uploads\\\/2020\\\/05\\\/springcell-manno.jpg\",\"contentUrl\":\"https:\\\/\\\/fermentis.com\\\/wp-content\\\/uploads\\\/2020\\\/05\\\/springcell-manno.jpg\",\"width\":1200,\"height\":1200,\"caption\":\"Spring cell manno wine making solution pack by fermentis\"},{\"@type\":\"BreadcrumbList\",\"@id\":\"https:\\\/\\\/fermentis.com\\\/fr\\\/produit\\\/springcell-manno\\\/#breadcrumb\",\"itemListElement\":[{\"@type\":\"ListItem\",\"position\":1,\"name\":\"Home\",\"item\":\"https:\\\/\\\/fermentis.com\\\/fr\\\/\"},{\"@type\":\"ListItem\",\"position\":2,\"name\":\"Produits\"},{\"@type\":\"ListItem\",\"position\":3,\"name\":\"Vinification\",\"item\":\"https:\\\/\\\/fermentis.com\\\/fr\\\/fermentation\\\/vinification\\\/\"},{\"@type\":\"ListItem\",\"position\":4,\"name\":\"Produits fonctionnels\",\"item\":\"https:\\\/\\\/fermentis.com\\\/fr\\\/fermentation\\\/vinification\\\/produits-fonctionnels-vinification\\\/\"},{\"@type\":\"ListItem\",\"position\":5,\"name\":\"SpringCell\u2122 Manno\"}]},{\"@type\":\"WebSite\",\"@id\":\"https:\\\/\\\/fermentis.com\\\/fr\\\/#website\",\"url\":\"https:\\\/\\\/fermentis.com\\\/fr\\\/\",\"name\":\"Fermentis\",\"description\":\"Un site utilisant WordPress\",\"publisher\":{\"@id\":\"https:\\\/\\\/fermentis.com\\\/fr\\\/#organization\"},\"potentialAction\":[{\"@type\":\"SearchAction\",\"target\":{\"@type\":\"EntryPoint\",\"urlTemplate\":\"https:\\\/\\\/fermentis.com\\\/fr\\\/?s={search_term_string}\"},\"query-input\":{\"@type\":\"PropertyValueSpecification\",\"valueRequired\":true,\"valueName\":\"search_term_string\"}}],\"inLanguage\":\"fr-FR\"},{\"@type\":\"Organization\",\"@id\":\"https:\\\/\\\/fermentis.com\\\/fr\\\/#organization\",\"name\":\"Fermentis\",\"url\":\"https:\\\/\\\/fermentis.com\\\/fr\\\/\",\"logo\":{\"@type\":\"ImageObject\",\"inLanguage\":\"fr-FR\",\"@id\":\"https:\\\/\\\/fermentis.com\\\/fr\\\/#\\\/schema\\\/logo\\\/image\\\/\",\"url\":\"https:\\\/\\\/fermentis.com\\\/wp-content\\\/uploads\\\/2021\\\/07\\\/Logo-Fermentis-5.png\",\"contentUrl\":\"https:\\\/\\\/fermentis.com\\\/wp-content\\\/uploads\\\/2021\\\/07\\\/Logo-Fermentis-5.png\",\"width\":308,\"height\":95,\"caption\":\"Fermentis\"},\"image\":{\"@id\":\"https:\\\/\\\/fermentis.com\\\/fr\\\/#\\\/schema\\\/logo\\\/image\\\/\"},\"sameAs\":[\"https:\\\/\\\/www.facebook.com\\\/Fermentis\",\"https:\\\/\\\/x.com\\\/fermentis\",\"https:\\\/\\\/www.instagram.com\\\/fermentisbylesaffre\\\/\",\"https:\\\/\\\/www.linkedin.com\\\/company\\\/fermentis\\\/\",\"https:\\\/\\\/www.youtube.com\\\/channel\\\/UCt_Lp3IZnUNXZeqSi6iiAdA\"]}]}<\/script>\n<meta property=\"product:price:currency\" content=\"GBP\" \/>\n<meta property=\"og:availability\" content=\"instock\" \/>\n<meta property=\"product:availability\" content=\"instock\" \/>\n<meta property=\"product:condition\" content=\"new\" \/>\n<!-- \/ Yoast SEO Premium plugin. -->","yoast_head_json":{"title":"SpringCell Manno - Produit fonctionnel tous vins - Fermentis","description":"Le produit fonctionnel Fermentis SpringCell Manno est id\u00e9al pour les vins l\u00e9gers et peu structur\u00e9s et tout type de vin en plus des lies fines.","robots":{"index":"index","follow":"follow","max-snippet":"max-snippet:-1","max-image-preview":"max-image-preview:large","max-video-preview":"max-video-preview:-1"},"canonical":"https:\/\/fermentis.com\/fr\/produit\/springcell-manno\/","og_locale":"fr_FR","og_type":"article","og_title":"SpringCell\u2122 Manno","og_description":"Le produit fonctionnel Fermentis SpringCell Manno est id\u00e9al pour les vins l\u00e9gers et peu structur\u00e9s et tout type de vin en plus des lies fines.","og_url":"https:\/\/fermentis.com\/fr\/produit\/springcell-manno\/","og_site_name":"Fermentis","article_publisher":"https:\/\/www.facebook.com\/Fermentis","article_modified_time":"2026-04-13T19:24:56+00:00","og_image":[{"width":1200,"height":1200,"url":"https:\/\/fermentis.com\/wp-content\/uploads\/2020\/05\/springcell-manno.jpg","type":"image\/jpeg"}],"twitter_card":"summary_large_image","twitter_site":"@fermentis","twitter_misc":{"Prix":"","Disponibilit\u00e9":"En stock"},"schema":{"@context":"https:\/\/schema.org","@graph":[{"@type":"WebPage","@id":"https:\/\/fermentis.com\/fr\/produit\/springcell-manno\/","url":"https:\/\/fermentis.com\/fr\/produit\/springcell-manno\/","name":"SpringCell Manno - Produit fonctionnel tous vins - Fermentis","isPartOf":{"@id":"https:\/\/fermentis.com\/fr\/#website"},"primaryImageOfPage":{"@id":"https:\/\/fermentis.com\/fr\/produit\/springcell-manno\/#primaryimage"},"image":{"@id":"https:\/\/fermentis.com\/fr\/produit\/springcell-manno\/#primaryimage"},"thumbnailUrl":"https:\/\/fermentis.com\/wp-content\/uploads\/2020\/05\/springcell-manno.jpg","datePublished":"2020-05-03T22:00:00+00:00","dateModified":"2026-04-13T19:24:56+00:00","description":"Le produit fonctionnel Fermentis SpringCell Manno est id\u00e9al pour les vins l\u00e9gers et peu structur\u00e9s et tout type de vin en plus des lies fines.","breadcrumb":{"@id":"https:\/\/fermentis.com\/fr\/produit\/springcell-manno\/#breadcrumb"},"inLanguage":"fr-FR","potentialAction":[{"@type":"ReadAction","target":["https:\/\/fermentis.com\/fr\/produit\/springcell-manno\/"]}]},{"@type":"ImageObject","inLanguage":"fr-FR","@id":"https:\/\/fermentis.com\/fr\/produit\/springcell-manno\/#primaryimage","url":"https:\/\/fermentis.com\/wp-content\/uploads\/2020\/05\/springcell-manno.jpg","contentUrl":"https:\/\/fermentis.com\/wp-content\/uploads\/2020\/05\/springcell-manno.jpg","width":1200,"height":1200,"caption":"Spring cell manno wine making solution pack by fermentis"},{"@type":"BreadcrumbList","@id":"https:\/\/fermentis.com\/fr\/produit\/springcell-manno\/#breadcrumb","itemListElement":[{"@type":"ListItem","position":1,"name":"Home","item":"https:\/\/fermentis.com\/fr\/"},{"@type":"ListItem","position":2,"name":"Produits"},{"@type":"ListItem","position":3,"name":"Vinification","item":"https:\/\/fermentis.com\/fr\/fermentation\/vinification\/"},{"@type":"ListItem","position":4,"name":"Produits fonctionnels","item":"https:\/\/fermentis.com\/fr\/fermentation\/vinification\/produits-fonctionnels-vinification\/"},{"@type":"ListItem","position":5,"name":"SpringCell\u2122 Manno"}]},{"@type":"WebSite","@id":"https:\/\/fermentis.com\/fr\/#website","url":"https:\/\/fermentis.com\/fr\/","name":"Fermentis","description":"Un site utilisant WordPress","publisher":{"@id":"https:\/\/fermentis.com\/fr\/#organization"},"potentialAction":[{"@type":"SearchAction","target":{"@type":"EntryPoint","urlTemplate":"https:\/\/fermentis.com\/fr\/?s={search_term_string}"},"query-input":{"@type":"PropertyValueSpecification","valueRequired":true,"valueName":"search_term_string"}}],"inLanguage":"fr-FR"},{"@type":"Organization","@id":"https:\/\/fermentis.com\/fr\/#organization","name":"Fermentis","url":"https:\/\/fermentis.com\/fr\/","logo":{"@type":"ImageObject","inLanguage":"fr-FR","@id":"https:\/\/fermentis.com\/fr\/#\/schema\/logo\/image\/","url":"https:\/\/fermentis.com\/wp-content\/uploads\/2021\/07\/Logo-Fermentis-5.png","contentUrl":"https:\/\/fermentis.com\/wp-content\/uploads\/2021\/07\/Logo-Fermentis-5.png","width":308,"height":95,"caption":"Fermentis"},"image":{"@id":"https:\/\/fermentis.com\/fr\/#\/schema\/logo\/image\/"},"sameAs":["https:\/\/www.facebook.com\/Fermentis","https:\/\/x.com\/fermentis","https:\/\/www.instagram.com\/fermentisbylesaffre\/","https:\/\/www.linkedin.com\/company\/fermentis\/","https:\/\/www.youtube.com\/channel\/UCt_Lp3IZnUNXZeqSi6iiAdA"]}]},"product_price_currency":"GBP","og_availability":"instock","product_availability":"instock","product_condition":"new"},"_links":{"self":[{"href":"https:\/\/fermentis.com\/fr\/wp-json\/wp\/v2\/product\/28641","targetHints":{"allow":["GET"]}}],"collection":[{"href":"https:\/\/fermentis.com\/fr\/wp-json\/wp\/v2\/product"}],"about":[{"href":"https:\/\/fermentis.com\/fr\/wp-json\/wp\/v2\/types\/product"}],"replies":[{"embeddable":true,"href":"https:\/\/fermentis.com\/fr\/wp-json\/wp\/v2\/comments?post=28641"}],"wp:featuredmedia":[{"embeddable":true,"href":"https:\/\/fermentis.com\/fr\/wp-json\/wp\/v2\/media\/29475"}],"wp:attachment":[{"href":"https:\/\/fermentis.com\/fr\/wp-json\/wp\/v2\/media?parent=28641"}],"wp:term":[{"taxonomy":"product_brand","embeddable":true,"href":"https:\/\/fermentis.com\/fr\/wp-json\/wp\/v2\/product_brand?post=28641"},{"taxonomy":"product_cat","embeddable":true,"href":"https:\/\/fermentis.com\/fr\/wp-json\/wp\/v2\/product_cat?post=28641"},{"taxonomy":"product_tag","embeddable":true,"href":"https:\/\/fermentis.com\/fr\/wp-json\/wp\/v2\/product_tag?post=28641"}],"curies":[{"name":"wp","href":"https:\/\/api.w.org\/{rel}","templated":true}]}}