{"id":28643,"date":"2020-05-04T00:00:00","date_gmt":"2020-05-03T22:00:00","guid":{"rendered":"http:\/\/fermentis.com\/product\/safizym-clar-plus\/"},"modified":"2026-02-14T17:19:35","modified_gmt":"2026-02-14T16:19:35","slug":"safizym-clar-plus","status":"publish","type":"product","link":"https:\/\/fermentis.com\/fr\/produit\/safizym-clar-plus\/","title":{"rendered":"Safizym\u00ae Clar Plus"},"content":{"rendered":"<div class=\"container section-title-container\" ><h2 class=\"section-title section-title-center\"><b aria-hidden=\"true\"><\/b><span class=\"section-title-main\" style=\"font-size:115%;\">PR\u00c9PARATION ENZYMATIQUE POUR LE D\u00c9BOURBAGE DES MO\u00dbTS DE VINS BLANCS ET ROS\u00c9S<\/span><b aria-hidden=\"true\"><\/b><\/h2><\/div>\n<div class=\"wpb_text_column wpb_content_elementvc_custom_1573226810900\">\n<div class=\"wpb_wrapper\">\n<p><strong>Safizym\u00ae Clar Plus<\/strong> est utilis\u00e9e pour le d\u00e9bourbage des mo\u00fbts blancs ou ros\u00e9s avant la fermentation alcoolique. Ses activit\u00e9s enzymatiques sp\u00e9cifiques d\u00e9stabilisent le trouble en hydrolysant les pectines du mo\u00fbt : les collo\u00efdes s&#039;agglom\u00e8rent et pr\u00e9cipitent tout en entra\u00eenant les plus grandes particules pr\u00e9judiciables \u00e0 la qualit\u00e9 organoleptique du vin. La souche de production de la pr\u00e9paration enzymatique est une souche s\u00e9lectionn\u00e9e d\u2019Aspergillus niger<\/p>\n<\/div>\n<\/div>\n\t<div id=\"gap-834898413\" class=\"gap-element clearfix\" style=\"display:block; height:auto;\">\n\t\t\n<style>\n#gap-834898413 {\n  padding-top: 30px;\n}\n<\/style>\n\t<\/div>\n\t\n<div class=\"container section-title-container\" ><h3 class=\"section-title section-title-center\"><b aria-hidden=\"true\"><\/b><span class=\"section-title-main\" style=\"font-size:115%;\"> SAFIZYM\u00ae CLAR PLUS - Caract\u00e9ristiques techniques<\/span><b aria-hidden=\"true\"><\/b><\/h3><\/div>\n\n\t\t<div class=\"tabbed-content\">\n\t\t\t\n\t\t\t<ul class=\"nav nav-tabs nav-uppercase nav-size-normal nav-left\" role=\"tablist\"><li id=\"tab-application\" class=\"tab active has-icon\" role=\"presentation\"><a href=\"#tab_application\" role=\"tab\" aria-selected=\"true\" aria-controls=\"tab_application\"><span>Application<\/span><\/a><\/li>\n<li id=\"tab-propri\u00e9t\u00e9s\" class=\"tab has-icon\" role=\"presentation\"><a href=\"#tab_propri\u00e9t\u00e9s\" tabindex=\"-1\" role=\"tab\" aria-selected=\"false\" aria-controls=\"tab_propri\u00e9t\u00e9s\"><span>Propri\u00e9t\u00e9s<\/span><\/a><\/li>\n<li id=\"tab-utilisation-et-dosage\" class=\"tab has-icon\" role=\"presentation\"><a href=\"#tab_utilisation-et-dosage\" tabindex=\"-1\" role=\"tab\" aria-selected=\"false\" aria-controls=\"tab_utilisation-et-dosage\"><span>Utilisation et dosage<\/span><\/a><\/li>\n<li id=\"tab-analyse-microbiologique\" class=\"tab has-icon\" role=\"presentation\"><a href=\"#tab_analyse-microbiologique\" tabindex=\"-1\" role=\"tab\" aria-selected=\"false\" aria-controls=\"tab_analyse-microbiologique\"><span>Analyse microbiologique<\/span><\/a><\/li>\n<li id=\"tab-emballage-&amp;-garantie\" class=\"tab has-icon\" role=\"presentation\"><a href=\"#tab_emballage-&amp;-garantie\" tabindex=\"-1\" role=\"tab\" aria-selected=\"false\" aria-controls=\"tab_emballage-&amp;-garantie\"><span>Emballage &amp; garantie<\/span><\/a><\/li><\/ul><div class=\"tab-panels\"><div id=\"tab_application\" class=\"panel active entry-content\" role=\"tabpanel\" aria-labelledby=\"tab-application\">\n<p>La clarification du mo\u00fbt est plus rapide. La turbidit\u00e9 obtenue sera parfaite pour une bonne fermentation. L&#039;\u00e9limination des pectines (collo\u00efdes colmatants) facilitera ensuite la filtration.<\/p>\n<p> <strong>Safizym\u00ae Clar Plus<\/strong> est \u00e9galement recommand\u00e9e<br \/>\n\u2013 sur le mo\u00fbt du dernier pressurage<br \/>\n\u2013 sur des mo\u00fbts fortement charg\u00e9s en pectines et autres particules <br \/>\n\u2013 pour une d\u00e9pectinisation des mo\u00fbts avant clarification par flottation<\/p>\n<\/div>\n<div id=\"tab_propri\u00e9t\u00e9s\" class=\"panel entry-content\" role=\"tabpanel\" aria-labelledby=\"tab-propri\u00e9t\u00e9s\">\n<h4><strong>Conditions d&#039;activit\u00e9<\/strong><\/h4>\n<ul>\n<li>Pectinases* : endo polygalacturonase (&gt; 1750 PG\/g), pectine m\u00e9thyl est\u00e9rase (&gt; 350 PE\/g) et pectine lyase (&gt; 50 PL\/g)<\/li>\n<li>Actif dans des conditions \u0153nologiques (pH, SO<sub>2<\/sub>)<\/li>\n<li>D\u00e9pectinisation \u00e0 basse temp\u00e9rature (&gt; 8 \u00b0C)<\/li>\n<\/ul>\n<p>(*) : m\u00e9thode disponible sur demande.<\/p>\n<h4><strong>Effets<\/strong><\/h4>\n<h5><strong>Optimisation de la clarification des mo\u00fbts blancs ou ros\u00e9s :<\/strong><\/h5>\n<ul>\n<li>Hydrolyse les cha\u00eenes de pectine dans les mo\u00fbts gr\u00e2ce \u00e0 la polygalacturonase, l&#039;endopolygalacturonase et la pectine est\u00e9rase<\/li>\n<li>activit\u00e9s<\/li>\n<li>Conduit \u00e0 une rapide d\u00e9cantation des bourbes grossi\u00e8res et des lies fines<\/li>\n<li>Effet limit\u00e9 permettant de maintenir la turbidit\u00e9 et de faciliter une bonne fermentation<\/li>\n<li>Pr\u00e9paration concentr\u00e9e optimisant la productivit\u00e9<\/li>\n<li>Aucune activit\u00e9 secondaire pouvant nuire \u00e0 la qualit\u00e9 organoleptique des vins<\/li>\n<\/ul>\n<\/div>\n<div id=\"tab_utilisation-et-dosage\" class=\"panel entry-content\" role=\"tabpanel\" aria-labelledby=\"tab-utilisation-et-dosage\">\n<h4><b>Usage<\/b><\/h4>\n<p>Diluer la dose souhait\u00e9e dans 10 fois son poids d&#039;eau ou de mo\u00fbt. Cette solution ne doit pas \u00eatre conserv\u00e9e plus de quelques heures. Incorporer la totalit\u00e9 du volume au mo\u00fbt \u00e0 d\u00e9pectiniser au d\u00e9but du remplissage de la cuve. Cet apport sera homog\u00e9n\u00e9is\u00e9 lors d&#039;un remontage ou par micro oxyg\u00e9nation.<\/p>\n<h4><b>Dosage<\/b><\/h4>\n<p>Ajout sur jus de goutte : 0,5 \u00e0 1,0 g\/hl<br \/>\nAjout sur jus de presse : 1,0 \u00e0 2,0 g\/hl<br \/>\nAjout avant flottation : 0,5 \u00e0 1,5 g\/hl<\/p>\n<\/div>\n<div id=\"tab_analyse-microbiologique\" class=\"panel entry-content\" role=\"tabpanel\" aria-labelledby=\"tab-analyse-microbiologique\">\n<table>\n<tbody>\n<tr>\n<td style=\"text-align: left\">% Salmonella :<\/td>\n<td style=\"text-align: center\">Absence dans 25 g de pr\u00e9paration<\/td>\n<\/tr>\n<tr>\n<td>Absence dans 25 g de pr\u00e9paration Coliformes :<\/td>\n<td style=\"text-align: center\">&lt; 30 \/g de pr\u00e9paration<\/td>\n<\/tr>\n<tr>\n<td style=\"text-align: left\">Escherichia coli :<\/td>\n<td style=\"text-align: center\">Absence dans 25 g de pr\u00e9paration<\/td>\n<\/tr>\n<tr>\n<td style=\"text-align: left\">Nombre total de germes :<\/td>\n<td style=\"text-align: center\">&lt; 5 x 10<span class=\"decale\"><sup>4<\/sup><\/span> \/g<\/td>\n<\/tr>\n<tr>\n<td>Substances antibiotiques inhibitrices :<\/td>\n<td style=\"text-align: center\">N\u00e9gatif<\/td>\n<\/tr>\n<\/tbody>\n<\/table>\n<\/div>\n<div id=\"tab_emballage-&amp;-garantie\" class=\"panel entry-content\" role=\"tabpanel\" aria-labelledby=\"tab-emballage-&amp;-garantie\">\n<h4>Conditionnement<\/h4>\n<p>Cartons de 50 bo\u00eetes de s\u00e9curit\u00e9 de 100 g (poids net bo\u00eete pleine : 5 kg).<br \/>\nCartons de 10 bo\u00eetes de s\u00e9curit\u00e9 de 500 g (poids net bo\u00eete pleine : 5 kg).<\/p>\n<h4>Garantie<\/h4>\n<p><b>Cette pr\u00e9paration pectolytique est fabriqu\u00e9e \u00e0 partir d&#039;un micro-organisme non g\u00e9n\u00e9tiquement modifi\u00e9.<\/b><\/p>\n<p>Fermentis garantit une conservation optimale de ce produit pendant trois ans dans son emballage d&#039;origine, conserv\u00e9 \u00e0 une temp\u00e9rature maximale de 20\u00b0C, \u00e0 l&#039;abri de l&#039;humidit\u00e9 et des produits odorants. <br \/>Fermentis garantit que le produit sera conforme au Codex \u0152nologique International jusqu&#039;\u00e0 sa date limite d&#039;utilisation optimale s&#039;il aura \u00e9t\u00e9 conserv\u00e9 dans les conditions de stockage mentionn\u00e9es ci-dessus. <\/p>\n<p>La qualit\u00e9 des enzymes Fermentis est garantie par le savoir-faire de la Soci\u00e9t\u00e9 Soufflet Biotechnologies.<\/p>\n<\/div><\/div><\/div>\n\t<div id=\"gap-1913687092\" class=\"gap-element clearfix\" style=\"display:block; height:auto;\">\n\t\t\n<style>\n#gap-1913687092 {\n  padding-top: 30px;\n}\n<\/style>\n\t<\/div>\n\t\n<p><em>Les donn\u00e9es contenues dans cette fiche technique sont la transcription exacte de nos connaissances du produit \u00e0 la date mentionn\u00e9e. Ils sont la propri\u00e9t\u00e9 exclusive de Fermentis-Division de SILesaffre. Il est de la responsabilit\u00e9 de l&#039;utilisateur de s&#039;assurer que l&#039;utilisation de ce produit particulier est conforme \u00e0 la l\u00e9gislation.<\/em><\/p>\n","protected":false},"excerpt":{"rendered":"<p>Pr\u00e9paration enzymatique pour le d\u00e9bourbage des mo\u00fbts de vins blancs et ros\u00e9s<\/p>\n","protected":false},"featured_media":29460,"comment_status":"closed","ping_status":"closed","template":"","meta":{"_acf_changed":false},"product_brand":[],"product_cat":[307,308,287],"product_tag":[970,971,972,973,974],"class_list":{"0":"post-28643","1":"product","2":"type-product","3":"status-publish","4":"has-post-thumbnail","6":"product_cat-enzymes-fr","7":"product_cat-safizym-clar-fr-2","8":"product_cat-vinification","9":"product_tag-clar-plus-fr","10":"product_tag-clarplus-fr","11":"product_tag-safizym-clar-plus-fr","12":"product_tag-safizym-clarplus-fr","13":"product_tag-safizymclarplus-fr","15":"first","16":"instock","17":"shipping-taxable","18":"product-type-simple"},"acf":[],"yoast_head":"<!-- This site is optimized with the Yoast SEO Premium plugin v27.4 (Yoast SEO v27.4) - https:\/\/yoast.com\/product\/yoast-seo-premium-wordpress\/ -->\n<title>Enzyme Safizym Clar Plus pour vins blancs ou ros\u00e9s - Fermentis<\/title>\n<meta name=\"description\" content=\"L&#039;enzyme Fermentis Safizym Clar Plus est utilis\u00e9e pour le d\u00e9bourbage des mo\u00fbts blancs ou ros\u00e9s avant la fermentation alcoolique. Obtenez de l&#039;aide pour concevoir votre vin avec notre appli !\" \/>\n<meta name=\"robots\" content=\"index, follow, max-snippet:-1, max-image-preview:large, max-video-preview:-1\" \/>\n<link rel=\"canonical\" href=\"https:\/\/fermentis.com\/fr\/produit\/safizym-clar-plus\/\" \/>\n<meta property=\"og:locale\" content=\"fr_FR\" \/>\n<meta property=\"og:type\" content=\"article\" \/>\n<meta property=\"og:title\" content=\"Safizym\u00ae Clar Plus\" \/>\n<meta property=\"og:description\" content=\"L&#039;enzyme Fermentis Safizym Clar Plus est utilis\u00e9e pour le d\u00e9bourbage des mo\u00fbts blancs ou ros\u00e9s avant la fermentation alcoolique. Obtenez de l&#039;aide pour concevoir votre vin avec notre appli !\" \/>\n<meta property=\"og:url\" content=\"https:\/\/fermentis.com\/fr\/produit\/safizym-clar-plus\/\" \/>\n<meta property=\"og:site_name\" content=\"Fermentis\" \/>\n<meta property=\"article:publisher\" content=\"https:\/\/www.facebook.com\/Fermentis\" \/>\n<meta property=\"article:modified_time\" content=\"2026-02-14T16:19:35+00:00\" \/>\n<meta property=\"og:image\" content=\"https:\/\/fermentis.com\/wp-content\/uploads\/2020\/05\/safizym-clar-plus.jpg\" \/>\n\t<meta property=\"og:image:width\" content=\"1200\" \/>\n\t<meta property=\"og:image:height\" content=\"1200\" \/>\n\t<meta property=\"og:image:type\" content=\"image\/jpeg\" \/>\n<meta name=\"twitter:card\" content=\"summary_large_image\" \/>\n<meta name=\"twitter:site\" content=\"@fermentis\" \/>\n<meta name=\"twitter:label1\" content=\"Prix\" \/>\n\t<meta name=\"twitter:data1\" content=\"\" \/>\n\t<meta name=\"twitter:label2\" content=\"Disponibilit\u00e9\" \/>\n\t<meta name=\"twitter:data2\" content=\"En stock\" \/>\n<script type=\"application\/ld+json\" class=\"yoast-schema-graph\">{\"@context\":\"https:\\\/\\\/schema.org\",\"@graph\":[{\"@type\":\"WebPage\",\"@id\":\"https:\\\/\\\/fermentis.com\\\/fr\\\/produit\\\/safizym-clar-plus\\\/\",\"url\":\"https:\\\/\\\/fermentis.com\\\/fr\\\/produit\\\/safizym-clar-plus\\\/\",\"name\":\"Enzyme Safizym Clar Plus pour vins blancs ou ros\u00e9s - Fermentis\",\"isPartOf\":{\"@id\":\"https:\\\/\\\/fermentis.com\\\/fr\\\/#website\"},\"primaryImageOfPage\":{\"@id\":\"https:\\\/\\\/fermentis.com\\\/fr\\\/produit\\\/safizym-clar-plus\\\/#primaryimage\"},\"image\":{\"@id\":\"https:\\\/\\\/fermentis.com\\\/fr\\\/produit\\\/safizym-clar-plus\\\/#primaryimage\"},\"thumbnailUrl\":\"https:\\\/\\\/fermentis.com\\\/wp-content\\\/uploads\\\/2020\\\/05\\\/safizym-clar-plus.jpg\",\"datePublished\":\"2020-05-03T22:00:00+00:00\",\"dateModified\":\"2026-02-14T16:19:35+00:00\",\"description\":\"L'enzyme Fermentis Safizym Clar Plus est utilis\u00e9e pour le d\u00e9bourbage des mo\u00fbts blancs ou ros\u00e9s avant la fermentation alcoolique. Obtenez de l'aide pour concevoir votre vin avec notre appli !\",\"breadcrumb\":{\"@id\":\"https:\\\/\\\/fermentis.com\\\/fr\\\/produit\\\/safizym-clar-plus\\\/#breadcrumb\"},\"inLanguage\":\"fr-FR\",\"potentialAction\":[{\"@type\":\"ReadAction\",\"target\":[\"https:\\\/\\\/fermentis.com\\\/fr\\\/produit\\\/safizym-clar-plus\\\/\"]}]},{\"@type\":\"ImageObject\",\"inLanguage\":\"fr-FR\",\"@id\":\"https:\\\/\\\/fermentis.com\\\/fr\\\/produit\\\/safizym-clar-plus\\\/#primaryimage\",\"url\":\"https:\\\/\\\/fermentis.com\\\/wp-content\\\/uploads\\\/2020\\\/05\\\/safizym-clar-plus.jpg\",\"contentUrl\":\"https:\\\/\\\/fermentis.com\\\/wp-content\\\/uploads\\\/2020\\\/05\\\/safizym-clar-plus.jpg\",\"width\":1200,\"height\":1200,\"caption\":\"Safizym clar plus wine fermentation pack by Fermentis\"},{\"@type\":\"BreadcrumbList\",\"@id\":\"https:\\\/\\\/fermentis.com\\\/fr\\\/produit\\\/safizym-clar-plus\\\/#breadcrumb\",\"itemListElement\":[{\"@type\":\"ListItem\",\"position\":1,\"name\":\"Home\",\"item\":\"https:\\\/\\\/fermentis.com\\\/fr\\\/\"},{\"@type\":\"ListItem\",\"position\":2,\"name\":\"Produits\"},{\"@type\":\"ListItem\",\"position\":3,\"name\":\"Vinification\",\"item\":\"https:\\\/\\\/fermentis.com\\\/fr\\\/fermentation\\\/vinification\\\/\"},{\"@type\":\"ListItem\",\"position\":4,\"name\":\"Enzymes\",\"item\":\"https:\\\/\\\/fermentis.com\\\/fr\\\/fermentation\\\/vinification\\\/enzymes-fr\\\/\"},{\"@type\":\"ListItem\",\"position\":5,\"name\":\"Safizym\u00ae Clar Plus\"}]},{\"@type\":\"WebSite\",\"@id\":\"https:\\\/\\\/fermentis.com\\\/fr\\\/#website\",\"url\":\"https:\\\/\\\/fermentis.com\\\/fr\\\/\",\"name\":\"Fermentis\",\"description\":\"Un site utilisant WordPress\",\"publisher\":{\"@id\":\"https:\\\/\\\/fermentis.com\\\/fr\\\/#organization\"},\"potentialAction\":[{\"@type\":\"SearchAction\",\"target\":{\"@type\":\"EntryPoint\",\"urlTemplate\":\"https:\\\/\\\/fermentis.com\\\/fr\\\/?s={search_term_string}\"},\"query-input\":{\"@type\":\"PropertyValueSpecification\",\"valueRequired\":true,\"valueName\":\"search_term_string\"}}],\"inLanguage\":\"fr-FR\"},{\"@type\":\"Organization\",\"@id\":\"https:\\\/\\\/fermentis.com\\\/fr\\\/#organization\",\"name\":\"Fermentis\",\"url\":\"https:\\\/\\\/fermentis.com\\\/fr\\\/\",\"logo\":{\"@type\":\"ImageObject\",\"inLanguage\":\"fr-FR\",\"@id\":\"https:\\\/\\\/fermentis.com\\\/fr\\\/#\\\/schema\\\/logo\\\/image\\\/\",\"url\":\"https:\\\/\\\/fermentis.com\\\/wp-content\\\/uploads\\\/2021\\\/07\\\/Logo-Fermentis-5.png\",\"contentUrl\":\"https:\\\/\\\/fermentis.com\\\/wp-content\\\/uploads\\\/2021\\\/07\\\/Logo-Fermentis-5.png\",\"width\":308,\"height\":95,\"caption\":\"Fermentis\"},\"image\":{\"@id\":\"https:\\\/\\\/fermentis.com\\\/fr\\\/#\\\/schema\\\/logo\\\/image\\\/\"},\"sameAs\":[\"https:\\\/\\\/www.facebook.com\\\/Fermentis\",\"https:\\\/\\\/x.com\\\/fermentis\",\"https:\\\/\\\/www.instagram.com\\\/fermentisbylesaffre\\\/\",\"https:\\\/\\\/www.linkedin.com\\\/company\\\/fermentis\\\/\",\"https:\\\/\\\/www.youtube.com\\\/channel\\\/UCt_Lp3IZnUNXZeqSi6iiAdA\"]}]}<\/script>\n<meta property=\"product:price:currency\" content=\"GBP\" \/>\n<meta property=\"og:availability\" content=\"instock\" \/>\n<meta property=\"product:availability\" content=\"instock\" \/>\n<meta property=\"product:condition\" content=\"new\" \/>\n<!-- \/ Yoast SEO Premium plugin. -->","yoast_head_json":{"title":"Enzyme Safizym Clar Plus pour vins blancs ou ros\u00e9s - Fermentis","description":"L'enzyme Fermentis Safizym Clar Plus est utilis\u00e9e pour le d\u00e9bourbage des mo\u00fbts blancs ou ros\u00e9s avant la fermentation alcoolique. Obtenez de l'aide pour concevoir votre vin avec notre appli !","robots":{"index":"index","follow":"follow","max-snippet":"max-snippet:-1","max-image-preview":"max-image-preview:large","max-video-preview":"max-video-preview:-1"},"canonical":"https:\/\/fermentis.com\/fr\/produit\/safizym-clar-plus\/","og_locale":"fr_FR","og_type":"article","og_title":"Safizym\u00ae Clar Plus","og_description":"L'enzyme Fermentis Safizym Clar Plus est utilis\u00e9e pour le d\u00e9bourbage des mo\u00fbts blancs ou ros\u00e9s avant la fermentation alcoolique. Obtenez de l'aide pour concevoir votre vin avec notre appli !","og_url":"https:\/\/fermentis.com\/fr\/produit\/safizym-clar-plus\/","og_site_name":"Fermentis","article_publisher":"https:\/\/www.facebook.com\/Fermentis","article_modified_time":"2026-02-14T16:19:35+00:00","og_image":[{"width":1200,"height":1200,"url":"https:\/\/fermentis.com\/wp-content\/uploads\/2020\/05\/safizym-clar-plus.jpg","type":"image\/jpeg"}],"twitter_card":"summary_large_image","twitter_site":"@fermentis","twitter_misc":{"Prix":"","Disponibilit\u00e9":"En stock"},"schema":{"@context":"https:\/\/schema.org","@graph":[{"@type":"WebPage","@id":"https:\/\/fermentis.com\/fr\/produit\/safizym-clar-plus\/","url":"https:\/\/fermentis.com\/fr\/produit\/safizym-clar-plus\/","name":"Enzyme Safizym Clar Plus pour vins blancs ou ros\u00e9s - Fermentis","isPartOf":{"@id":"https:\/\/fermentis.com\/fr\/#website"},"primaryImageOfPage":{"@id":"https:\/\/fermentis.com\/fr\/produit\/safizym-clar-plus\/#primaryimage"},"image":{"@id":"https:\/\/fermentis.com\/fr\/produit\/safizym-clar-plus\/#primaryimage"},"thumbnailUrl":"https:\/\/fermentis.com\/wp-content\/uploads\/2020\/05\/safizym-clar-plus.jpg","datePublished":"2020-05-03T22:00:00+00:00","dateModified":"2026-02-14T16:19:35+00:00","description":"L'enzyme Fermentis Safizym Clar Plus est utilis\u00e9e pour le d\u00e9bourbage des mo\u00fbts blancs ou ros\u00e9s avant la fermentation alcoolique. Obtenez de l'aide pour concevoir votre vin avec notre appli !","breadcrumb":{"@id":"https:\/\/fermentis.com\/fr\/produit\/safizym-clar-plus\/#breadcrumb"},"inLanguage":"fr-FR","potentialAction":[{"@type":"ReadAction","target":["https:\/\/fermentis.com\/fr\/produit\/safizym-clar-plus\/"]}]},{"@type":"ImageObject","inLanguage":"fr-FR","@id":"https:\/\/fermentis.com\/fr\/produit\/safizym-clar-plus\/#primaryimage","url":"https:\/\/fermentis.com\/wp-content\/uploads\/2020\/05\/safizym-clar-plus.jpg","contentUrl":"https:\/\/fermentis.com\/wp-content\/uploads\/2020\/05\/safizym-clar-plus.jpg","width":1200,"height":1200,"caption":"Safizym clar plus wine fermentation pack by Fermentis"},{"@type":"BreadcrumbList","@id":"https:\/\/fermentis.com\/fr\/produit\/safizym-clar-plus\/#breadcrumb","itemListElement":[{"@type":"ListItem","position":1,"name":"Home","item":"https:\/\/fermentis.com\/fr\/"},{"@type":"ListItem","position":2,"name":"Produits"},{"@type":"ListItem","position":3,"name":"Vinification","item":"https:\/\/fermentis.com\/fr\/fermentation\/vinification\/"},{"@type":"ListItem","position":4,"name":"Enzymes","item":"https:\/\/fermentis.com\/fr\/fermentation\/vinification\/enzymes-fr\/"},{"@type":"ListItem","position":5,"name":"Safizym\u00ae Clar Plus"}]},{"@type":"WebSite","@id":"https:\/\/fermentis.com\/fr\/#website","url":"https:\/\/fermentis.com\/fr\/","name":"Fermentis","description":"Un site utilisant WordPress","publisher":{"@id":"https:\/\/fermentis.com\/fr\/#organization"},"potentialAction":[{"@type":"SearchAction","target":{"@type":"EntryPoint","urlTemplate":"https:\/\/fermentis.com\/fr\/?s={search_term_string}"},"query-input":{"@type":"PropertyValueSpecification","valueRequired":true,"valueName":"search_term_string"}}],"inLanguage":"fr-FR"},{"@type":"Organization","@id":"https:\/\/fermentis.com\/fr\/#organization","name":"Fermentis","url":"https:\/\/fermentis.com\/fr\/","logo":{"@type":"ImageObject","inLanguage":"fr-FR","@id":"https:\/\/fermentis.com\/fr\/#\/schema\/logo\/image\/","url":"https:\/\/fermentis.com\/wp-content\/uploads\/2021\/07\/Logo-Fermentis-5.png","contentUrl":"https:\/\/fermentis.com\/wp-content\/uploads\/2021\/07\/Logo-Fermentis-5.png","width":308,"height":95,"caption":"Fermentis"},"image":{"@id":"https:\/\/fermentis.com\/fr\/#\/schema\/logo\/image\/"},"sameAs":["https:\/\/www.facebook.com\/Fermentis","https:\/\/x.com\/fermentis","https:\/\/www.instagram.com\/fermentisbylesaffre\/","https:\/\/www.linkedin.com\/company\/fermentis\/","https:\/\/www.youtube.com\/channel\/UCt_Lp3IZnUNXZeqSi6iiAdA"]}]},"product_price_currency":"GBP","og_availability":"instock","product_availability":"instock","product_condition":"new"},"_links":{"self":[{"href":"https:\/\/fermentis.com\/fr\/wp-json\/wp\/v2\/product\/28643","targetHints":{"allow":["GET"]}}],"collection":[{"href":"https:\/\/fermentis.com\/fr\/wp-json\/wp\/v2\/product"}],"about":[{"href":"https:\/\/fermentis.com\/fr\/wp-json\/wp\/v2\/types\/product"}],"replies":[{"embeddable":true,"href":"https:\/\/fermentis.com\/fr\/wp-json\/wp\/v2\/comments?post=28643"}],"wp:featuredmedia":[{"embeddable":true,"href":"https:\/\/fermentis.com\/fr\/wp-json\/wp\/v2\/media\/29460"}],"wp:attachment":[{"href":"https:\/\/fermentis.com\/fr\/wp-json\/wp\/v2\/media?parent=28643"}],"wp:term":[{"taxonomy":"product_brand","embeddable":true,"href":"https:\/\/fermentis.com\/fr\/wp-json\/wp\/v2\/product_brand?post=28643"},{"taxonomy":"product_cat","embeddable":true,"href":"https:\/\/fermentis.com\/fr\/wp-json\/wp\/v2\/product_cat?post=28643"},{"taxonomy":"product_tag","embeddable":true,"href":"https:\/\/fermentis.com\/fr\/wp-json\/wp\/v2\/product_tag?post=28643"}],"curies":[{"name":"wp","href":"https:\/\/api.w.org\/{rel}","templated":true}]}}