{"id":28644,"date":"2020-05-04T00:00:00","date_gmt":"2020-05-03T22:00:00","guid":{"rendered":"http:\/\/fermentis.com\/product\/safizym-clean\/"},"modified":"2026-03-20T08:42:25","modified_gmt":"2026-03-20T07:42:25","slug":"safizym-clean","status":"publish","type":"product","link":"https:\/\/fermentis.com\/fr\/produit\/safizym-clean\/","title":{"rendered":"Safizym\u00ae Clean"},"content":{"rendered":"<div class=\"container section-title-container\" ><h2 class=\"section-title section-title-center\"><b aria-hidden=\"true\"><\/b><span class=\"section-title-main\" style=\"font-size:115%;\">PURIFI\u00c9 ET CONCENTR\u00c9 POUR UNE OPTIMISATION DES VINIFICATIONS PREMIUM<\/span><b aria-hidden=\"true\"><\/b><\/h2><\/div>\n<p><strong>Safizym\u00ae Clean<\/strong> est une pr\u00e9paration purifi\u00e9e limitant les risques de d\u00e9viations gustatives : l\u2019activit\u00e9 cinnamyl est\u00e9rase est  une activit\u00e9 secondaire n\u00e9faste \u00e0 la qualit\u00e9 des vins car elle est responsable de la formation de vinyl-ph\u00e9nols et d\u2019\u00e9thyl-ph\u00e9nols (odeurs d\u2019\u00e9curie, sueur de cheval\u2026), quand elle est associ\u00e9e \u00e0 des activit\u00e9s d\u00e9carboxylase ou r\u00e9ductase d\u2019origine levurienne La souche de production de la pr\u00e9paration enzymatique est une souche s\u00e9lectionn\u00e9e d\u2019Aspergillus niger<\/p>\n\t<div id=\"gap-2097431765\" class=\"gap-element clearfix\" style=\"display:block; height:auto;\">\n\t\t\n<style>\n#gap-2097431765 {\n  padding-top: 30px;\n}\n<\/style>\n\t<\/div>\n\t\n<div class=\"container section-title-container\" ><h3 class=\"section-title section-title-center\"><b aria-hidden=\"true\"><\/b><span class=\"section-title-main\" style=\"font-size:115%;\">Safizym\u00ae Clean - Caract\u00e9ristiques techniques<\/span><b aria-hidden=\"true\"><\/b><\/h3><\/div>\n\n\t\t<div class=\"tabbed-content\">\n\t\t\t\n\t\t\t<ul class=\"nav nav-tabs nav-uppercase nav-size-normal nav-left\" role=\"tablist\"><li id=\"tab-application\" class=\"tab active has-icon\" role=\"presentation\"><a href=\"#tab_application\" role=\"tab\" aria-selected=\"true\" aria-controls=\"tab_application\"><span>Application<\/span><\/a><\/li>\n<li id=\"tab-propri\u00e9t\u00e9s\" class=\"tab has-icon\" role=\"presentation\"><a href=\"#tab_propri\u00e9t\u00e9s\" tabindex=\"-1\" role=\"tab\" aria-selected=\"false\" aria-controls=\"tab_propri\u00e9t\u00e9s\"><span>Propri\u00e9t\u00e9s<\/span><\/a><\/li>\n<li id=\"tab-utilisation-et-dosage\" class=\"tab has-icon\" role=\"presentation\"><a href=\"#tab_utilisation-et-dosage\" tabindex=\"-1\" role=\"tab\" aria-selected=\"false\" aria-controls=\"tab_utilisation-et-dosage\"><span>Utilisation et dosage<\/span><\/a><\/li>\n<li id=\"tab-analyse-microbiologique\" class=\"tab has-icon\" role=\"presentation\"><a href=\"#tab_analyse-microbiologique\" tabindex=\"-1\" role=\"tab\" aria-selected=\"false\" aria-controls=\"tab_analyse-microbiologique\"><span>Analyse microbiologique<\/span><\/a><\/li>\n<li id=\"tab-emballage-&amp;-garantie\" class=\"tab has-icon\" role=\"presentation\"><a href=\"#tab_emballage-&amp;-garantie\" tabindex=\"-1\" role=\"tab\" aria-selected=\"false\" aria-controls=\"tab_emballage-&amp;-garantie\"><span>Emballage &amp; garantie<\/span><\/a><\/li><\/ul><div class=\"tab-panels\"><div id=\"tab_application\" class=\"panel active entry-content\" role=\"tabpanel\" aria-labelledby=\"tab-application\">\n<p><strong>Safizym\u00ae Clean<\/strong> est une pr\u00e9paration enzymatique sp\u00e9cialement d\u00e9velopp\u00e9e pour sa stabilit\u00e9 aux faibles pH des mo\u00fbts. Sa forte concentration et son spectre d&#039;activit\u00e9s secondaires permettent la clarification des mo\u00fbts de tous les c\u00e9pages, conduisant \u00e0 une forte agglom\u00e9ration des s\u00e9diments.<\/p>\n<p>L\u2019utilisation de <strong>Safizym\u00ae Clean<\/strong> est particuli\u00e8rement recommand\u00e9e dans les vinifications de vins rouges de longue garde, en raison de sa capacit\u00e9 \u00e0 extraire les polyph\u00e9nols et de son influence sur la stabilit\u00e9 de la couleur.<\/p>\n<\/div>\n<div id=\"tab_propri\u00e9t\u00e9s\" class=\"panel entry-content\" role=\"tabpanel\" aria-labelledby=\"tab-propri\u00e9t\u00e9s\">\n<h4><strong>Conditions d&#039;activit\u00e9<\/strong><\/h4>\n<ul>\n<li>Pectinases* : endo polygalacturonase (&gt; 2450 PG\/g), pectine m\u00e9thyl est\u00e9rase (&gt; 490 PE\/g) et pectine lyase (&gt; 70 PL\/g)<\/li>\n<li>pH optimal : 3,4<\/li>\n<li>Activit\u00e9 \u00e0 basse et haute temp\u00e9rature (5\u00b0 \u00e0 65\u00b0C)<\/li>\n<li>Riche en activit\u00e9 h\u00e9micellulase secondaire<\/li>\n<\/ul>\n<p>(*) : m\u00e9thode disponible sur demande.<\/p>\n<h4><strong>Effets<\/strong><\/h4>\n<h5><strong>Actions simultan\u00e9es sur la clarification et l&#039;extraction.<\/strong><\/h5>\n<ul>\n<li>Hydrolyse les cha\u00eenes de pectine du mo\u00fbt<\/li>\n<li>Conduit \u00e0 une d\u00e9cantation rapide des bourbes grossi\u00e8res et des lies fines, facilitant ainsi la clarification<\/li>\n<li>Effet contr\u00f4l\u00e9 permettant de maintenir une certaine turbidit\u00e9 et de faciliter la fermentation<\/li>\n<li>Permet l&#039;extraction des polyph\u00e9nols, des tanins et des anthocyanes de la pellicule des baies rouges augmentant ainsi l&#039;intensit\u00e9 de la couleur et am\u00e9liorant leur stabilit\u00e9.<\/li>\n<li>Favorise l&#039;extraction des pr\u00e9curseurs aromatiques des mo\u00fbts blancs<\/li>\n<\/ul>\n<h5><strong>Am\u00e9lioration de la qualit\u00e9 organoleptique.<\/strong><\/h5>\n<ul>\n<li>Contribue \u00e0 l&#039;assouplissement des vins rouges et \u00e0 l&#039;exaltation du caract\u00e8re vari\u00e9tal des vins blancs<\/li>\n<li>Activit\u00e9 CLEAN : CinnamyL-Esterase &amp; Anthocyanase N\u00e9gative<\/li>\n<\/ul>\n<\/div>\n<div id=\"tab_utilisation-et-dosage\" class=\"panel entry-content\" role=\"tabpanel\" aria-labelledby=\"tab-utilisation-et-dosage\">\n<h4><b>Usage<\/b><\/h4>\n<p>Diluer la dose souhait\u00e9e dans 10 fois son poids d&#039;eau ou de mo\u00fbt. Cette solution ne doit pas \u00eatre conserv\u00e9e plus de quelques heures. Incorporer la totalit\u00e9 du volume au mo\u00fbt \u00e0 d\u00e9pectiniser au d\u00e9but du remplissage de la cuve. Cet apport sera homog\u00e9n\u00e9is\u00e9 lors d&#039;un remontage ou par micro oxyg\u00e9nation.<\/p>\n<h4><b>Dosage<\/b><\/h4>\n<p><strong>Vinifications en blanc ou ros\u00e9 :<\/strong><br \/>\nAjout sur jus de goutte : 0,5 \u00e0 1,0 g\/hl<br \/>\nAjout sur jus de presse : 0,5 \u00e0 1,5 g\/hl<br \/>\nAjout avant flottation : 0,5 \u00e0 1,5 g\/h<\/p>\n<p><strong>Vinifications en rouge :<\/strong><br \/>\nAjout \u00e0 l&#039;encuvage : 1,0 \u00e0 2,0 g\/hl<br \/>\nAjout en mac\u00e9ration finale : 1,0 \u00e0 1,5 g\/hl<br \/>\nAjout en mac\u00e9ration \u00e0 froid : 2,0 \u00e0 4,0 g\/hl<br \/>\nAjout sur vin de presse : 2,0 \u00e0 3,0 g\/hl<\/p>\n<\/div>\n<div id=\"tab_analyse-microbiologique\" class=\"panel entry-content\" role=\"tabpanel\" aria-labelledby=\"tab-analyse-microbiologique\">\n<table>\n<tbody>\n<tr>\n<td>% Salmonella :<\/td>\n<td style=\"text-align: center\">Absence dans 25 g de pr\u00e9paration<\/td>\n<\/tr>\n<tr>\n<td>Absence dans 25 g de pr\u00e9paration Coliformes :<\/td>\n<td style=\"text-align: center\">&lt; 30 \/g de pr\u00e9paration<\/td>\n<\/tr>\n<tr>\n<td>Escherichia coli :<\/td>\n<td style=\"text-align: center\">Absence dans 25 g de pr\u00e9paration<\/td>\n<\/tr>\n<tr>\n<td>Nombre total de germes :<\/td>\n<td style=\"text-align: center\">&lt; 5 x 10<span class=\"decale\"><sup>4<\/sup><\/span> \/g<\/td>\n<\/tr>\n<tr>\n<td>Substances antibiotiques inhibitrices :<\/td>\n<td style=\"text-align: center\">N\u00e9gatif<\/td>\n<\/tr>\n<\/tbody>\n<\/table>\n<\/div>\n<div id=\"tab_emballage-&amp;-garantie\" class=\"panel entry-content\" role=\"tabpanel\" aria-labelledby=\"tab-emballage-&amp;-garantie\">\n<h4>Conditionnement<\/h4>\n<p>Cartons de 50 bo\u00eetes de s\u00e9curit\u00e9 de 100 g (poids net bo\u00eete pleine : 5 kg).<br \/>\nCartons de 10 bo\u00eetes de s\u00e9curit\u00e9 de 500 g (poids net bo\u00eete pleine : 5 kg).<\/p>\n<h4>Garantie<\/h4>\n<p><b>Cette pr\u00e9paration pectolytique est fabriqu\u00e9e \u00e0 partir d&#039;un micro-organisme non g\u00e9n\u00e9tiquement modifi\u00e9.<\/b><\/p>\n<p>Fermentis garantit une conservation optimale de ce produit pendant trois ans dans son emballage d&#039;origine, conserv\u00e9 \u00e0 une temp\u00e9rature maximale de 20\u00b0C, \u00e0 l&#039;abri de l&#039;humidit\u00e9 et des produits odorants. Fermentis garantit que le produit sera conforme au Codex \u0152nologique International jusqu&#039;\u00e0 sa date limite d&#039;utilisation optimale s&#039;il aura \u00e9t\u00e9 conserv\u00e9 dans les conditions de stockage mentionn\u00e9es ci-dessus. <\/p>\n<p><\/p>\n<p>La qualit\u00e9 des enzymes Fermentis est garantie par le savoir-faire de la Soci\u00e9t\u00e9 Soufflet Biotechnologies.<\/p>\n<\/div><\/div><\/div>\n\t<div id=\"gap-1151784278\" class=\"gap-element clearfix\" style=\"display:block; height:auto;\">\n\t\t\n<style>\n#gap-1151784278 {\n  padding-top: 30px;\n}\n<\/style>\n\t<\/div>\n\t\n<p><em>Les donn\u00e9es contenues dans cette fiche technique sont la transcription exacte de nos connaissances du produit \u00e0 la date mentionn\u00e9e. Ils sont la propri\u00e9t\u00e9 exclusive de Fermentis-Division de SILesaffre. Il est de la responsabilit\u00e9 de l&#039;utilisateur de s&#039;assurer que l&#039;utilisation de ce produit particulier est conforme \u00e0 la l\u00e9gislation.<\/em><\/p>\n","protected":false},"excerpt":{"rendered":"<p>PURIFI\u00c9 ET CONCENTR\u00c9 POUR UNE OPTIMISATION DES VINIFICATIONS PREMIUM<\/p>\n","protected":false},"featured_media":29466,"comment_status":"closed","ping_status":"closed","template":"","meta":{"_acf_changed":false},"product_brand":[],"product_cat":[307,309,287],"product_tag":[2953,2954,2955,2956],"class_list":{"0":"post-28644","1":"product","2":"type-product","3":"status-publish","4":"has-post-thumbnail","6":"product_cat-enzymes-fr","7":"product_cat-safizym-clean-fr-2","8":"product_cat-vinification","9":"product_tag-clean-fr","10":"product_tag-safizym-fr","11":"product_tag-safizym-clean-fr","12":"product_tag-safizymclean-fr","14":"first","15":"instock","16":"shipping-taxable","17":"product-type-simple"},"acf":[],"yoast_head":"<!-- This site is optimized with the Yoast SEO Premium plugin v27.3 (Yoast SEO v27.3) - https:\/\/yoast.com\/product\/yoast-seo-premium-wordpress\/ -->\n<title>Safizym Clean enzyme pour vins rouges, ros\u00e9s, blancs - Fermentis<\/title>\n<meta name=\"description\" content=\"L&#039;enzyme Fermentis Safizym Clean est une pr\u00e9paration purifi\u00e9e limitant les risques de d\u00e9viations gustatives pour les vins rouges, ros\u00e9s ou blancs. Obtenez de l&#039;aide avec notre appli !\" \/>\n<meta name=\"robots\" content=\"index, follow, max-snippet:-1, max-image-preview:large, max-video-preview:-1\" \/>\n<link rel=\"canonical\" href=\"https:\/\/fermentis.com\/fr\/produit\/safizym-clean\/\" \/>\n<meta property=\"og:locale\" content=\"fr_FR\" \/>\n<meta property=\"og:type\" content=\"article\" \/>\n<meta property=\"og:title\" content=\"Safizym\u00ae Clean\" \/>\n<meta property=\"og:description\" content=\"L&#039;enzyme Fermentis Safizym Clean est une pr\u00e9paration purifi\u00e9e limitant les risques de d\u00e9viations gustatives pour les vins rouges, ros\u00e9s ou blancs. Obtenez de l&#039;aide avec notre appli !\" \/>\n<meta property=\"og:url\" content=\"https:\/\/fermentis.com\/fr\/produit\/safizym-clean\/\" \/>\n<meta property=\"og:site_name\" content=\"Fermentis\" \/>\n<meta property=\"article:publisher\" content=\"https:\/\/www.facebook.com\/Fermentis\" \/>\n<meta property=\"article:modified_time\" content=\"2026-03-20T07:42:25+00:00\" \/>\n<meta property=\"og:image\" content=\"https:\/\/fermentis.com\/wp-content\/uploads\/2020\/05\/safizym-clean.jpg\" \/>\n\t<meta property=\"og:image:width\" content=\"1200\" \/>\n\t<meta property=\"og:image:height\" content=\"1200\" \/>\n\t<meta property=\"og:image:type\" content=\"image\/jpeg\" \/>\n<meta name=\"twitter:card\" content=\"summary_large_image\" \/>\n<meta name=\"twitter:site\" content=\"@fermentis\" \/>\n<meta name=\"twitter:label1\" content=\"Prix\" \/>\n\t<meta name=\"twitter:data1\" content=\"\" \/>\n\t<meta name=\"twitter:label2\" content=\"Disponibilit\u00e9\" \/>\n\t<meta name=\"twitter:data2\" content=\"En stock\" \/>\n<script type=\"application\/ld+json\" class=\"yoast-schema-graph\">{\"@context\":\"https:\\\/\\\/schema.org\",\"@graph\":[{\"@type\":\"WebPage\",\"@id\":\"https:\\\/\\\/fermentis.com\\\/fr\\\/produit\\\/safizym-clean\\\/\",\"url\":\"https:\\\/\\\/fermentis.com\\\/fr\\\/produit\\\/safizym-clean\\\/\",\"name\":\"Safizym Clean enzyme pour vins rouges, ros\u00e9s, blancs - Fermentis\",\"isPartOf\":{\"@id\":\"https:\\\/\\\/fermentis.com\\\/fr\\\/#website\"},\"primaryImageOfPage\":{\"@id\":\"https:\\\/\\\/fermentis.com\\\/fr\\\/produit\\\/safizym-clean\\\/#primaryimage\"},\"image\":{\"@id\":\"https:\\\/\\\/fermentis.com\\\/fr\\\/produit\\\/safizym-clean\\\/#primaryimage\"},\"thumbnailUrl\":\"https:\\\/\\\/fermentis.com\\\/wp-content\\\/uploads\\\/2020\\\/05\\\/safizym-clean.jpg\",\"datePublished\":\"2020-05-03T22:00:00+00:00\",\"dateModified\":\"2026-03-20T07:42:25+00:00\",\"description\":\"L'enzyme Fermentis Safizym Clean est une pr\u00e9paration purifi\u00e9e limitant les risques de d\u00e9viations gustatives pour les vins rouges, ros\u00e9s ou blancs. Obtenez de l'aide avec notre appli !\",\"breadcrumb\":{\"@id\":\"https:\\\/\\\/fermentis.com\\\/fr\\\/produit\\\/safizym-clean\\\/#breadcrumb\"},\"inLanguage\":\"fr-FR\",\"potentialAction\":[{\"@type\":\"ReadAction\",\"target\":[\"https:\\\/\\\/fermentis.com\\\/fr\\\/produit\\\/safizym-clean\\\/\"]}]},{\"@type\":\"ImageObject\",\"inLanguage\":\"fr-FR\",\"@id\":\"https:\\\/\\\/fermentis.com\\\/fr\\\/produit\\\/safizym-clean\\\/#primaryimage\",\"url\":\"https:\\\/\\\/fermentis.com\\\/wp-content\\\/uploads\\\/2020\\\/05\\\/safizym-clean.jpg\",\"contentUrl\":\"https:\\\/\\\/fermentis.com\\\/wp-content\\\/uploads\\\/2020\\\/05\\\/safizym-clean.jpg\",\"width\":1200,\"height\":1200,\"caption\":\"Safizym clean wine fermentation pack by Fermentis\"},{\"@type\":\"BreadcrumbList\",\"@id\":\"https:\\\/\\\/fermentis.com\\\/fr\\\/produit\\\/safizym-clean\\\/#breadcrumb\",\"itemListElement\":[{\"@type\":\"ListItem\",\"position\":1,\"name\":\"Home\",\"item\":\"https:\\\/\\\/fermentis.com\\\/fr\\\/\"},{\"@type\":\"ListItem\",\"position\":2,\"name\":\"Produits\"},{\"@type\":\"ListItem\",\"position\":3,\"name\":\"Vinification\",\"item\":\"https:\\\/\\\/fermentis.com\\\/fr\\\/fermentation\\\/vinification\\\/\"},{\"@type\":\"ListItem\",\"position\":4,\"name\":\"Enzymes\",\"item\":\"https:\\\/\\\/fermentis.com\\\/fr\\\/fermentation\\\/vinification\\\/enzymes-fr\\\/\"},{\"@type\":\"ListItem\",\"position\":5,\"name\":\"Safizym\u00ae Clean\"}]},{\"@type\":\"WebSite\",\"@id\":\"https:\\\/\\\/fermentis.com\\\/fr\\\/#website\",\"url\":\"https:\\\/\\\/fermentis.com\\\/fr\\\/\",\"name\":\"Fermentis\",\"description\":\"Un site utilisant WordPress\",\"publisher\":{\"@id\":\"https:\\\/\\\/fermentis.com\\\/fr\\\/#organization\"},\"potentialAction\":[{\"@type\":\"SearchAction\",\"target\":{\"@type\":\"EntryPoint\",\"urlTemplate\":\"https:\\\/\\\/fermentis.com\\\/fr\\\/?s={search_term_string}\"},\"query-input\":{\"@type\":\"PropertyValueSpecification\",\"valueRequired\":true,\"valueName\":\"search_term_string\"}}],\"inLanguage\":\"fr-FR\"},{\"@type\":\"Organization\",\"@id\":\"https:\\\/\\\/fermentis.com\\\/fr\\\/#organization\",\"name\":\"Fermentis\",\"url\":\"https:\\\/\\\/fermentis.com\\\/fr\\\/\",\"logo\":{\"@type\":\"ImageObject\",\"inLanguage\":\"fr-FR\",\"@id\":\"https:\\\/\\\/fermentis.com\\\/fr\\\/#\\\/schema\\\/logo\\\/image\\\/\",\"url\":\"https:\\\/\\\/fermentis.com\\\/wp-content\\\/uploads\\\/2021\\\/07\\\/Logo-Fermentis-5.png\",\"contentUrl\":\"https:\\\/\\\/fermentis.com\\\/wp-content\\\/uploads\\\/2021\\\/07\\\/Logo-Fermentis-5.png\",\"width\":308,\"height\":95,\"caption\":\"Fermentis\"},\"image\":{\"@id\":\"https:\\\/\\\/fermentis.com\\\/fr\\\/#\\\/schema\\\/logo\\\/image\\\/\"},\"sameAs\":[\"https:\\\/\\\/www.facebook.com\\\/Fermentis\",\"https:\\\/\\\/x.com\\\/fermentis\",\"https:\\\/\\\/www.instagram.com\\\/fermentisbylesaffre\\\/\",\"https:\\\/\\\/www.linkedin.com\\\/company\\\/fermentis\\\/\",\"https:\\\/\\\/www.youtube.com\\\/channel\\\/UCt_Lp3IZnUNXZeqSi6iiAdA\"]}]}<\/script>\n<meta property=\"product:price:currency\" content=\"GBP\" \/>\n<meta property=\"og:availability\" content=\"instock\" \/>\n<meta property=\"product:availability\" content=\"instock\" \/>\n<meta property=\"product:condition\" content=\"new\" \/>\n<!-- \/ Yoast SEO Premium plugin. -->","yoast_head_json":{"title":"Safizym Clean enzyme pour vins rouges, ros\u00e9s, blancs - Fermentis","description":"L'enzyme Fermentis Safizym Clean est une pr\u00e9paration purifi\u00e9e limitant les risques de d\u00e9viations gustatives pour les vins rouges, ros\u00e9s ou blancs. Obtenez de l'aide avec notre appli !","robots":{"index":"index","follow":"follow","max-snippet":"max-snippet:-1","max-image-preview":"max-image-preview:large","max-video-preview":"max-video-preview:-1"},"canonical":"https:\/\/fermentis.com\/fr\/produit\/safizym-clean\/","og_locale":"fr_FR","og_type":"article","og_title":"Safizym\u00ae Clean","og_description":"L'enzyme Fermentis Safizym Clean est une pr\u00e9paration purifi\u00e9e limitant les risques de d\u00e9viations gustatives pour les vins rouges, ros\u00e9s ou blancs. Obtenez de l'aide avec notre appli !","og_url":"https:\/\/fermentis.com\/fr\/produit\/safizym-clean\/","og_site_name":"Fermentis","article_publisher":"https:\/\/www.facebook.com\/Fermentis","article_modified_time":"2026-03-20T07:42:25+00:00","og_image":[{"width":1200,"height":1200,"url":"https:\/\/fermentis.com\/wp-content\/uploads\/2020\/05\/safizym-clean.jpg","type":"image\/jpeg"}],"twitter_card":"summary_large_image","twitter_site":"@fermentis","twitter_misc":{"Prix":"","Disponibilit\u00e9":"En stock"},"schema":{"@context":"https:\/\/schema.org","@graph":[{"@type":"WebPage","@id":"https:\/\/fermentis.com\/fr\/produit\/safizym-clean\/","url":"https:\/\/fermentis.com\/fr\/produit\/safizym-clean\/","name":"Safizym Clean enzyme pour vins rouges, ros\u00e9s, blancs - Fermentis","isPartOf":{"@id":"https:\/\/fermentis.com\/fr\/#website"},"primaryImageOfPage":{"@id":"https:\/\/fermentis.com\/fr\/produit\/safizym-clean\/#primaryimage"},"image":{"@id":"https:\/\/fermentis.com\/fr\/produit\/safizym-clean\/#primaryimage"},"thumbnailUrl":"https:\/\/fermentis.com\/wp-content\/uploads\/2020\/05\/safizym-clean.jpg","datePublished":"2020-05-03T22:00:00+00:00","dateModified":"2026-03-20T07:42:25+00:00","description":"L'enzyme Fermentis Safizym Clean est une pr\u00e9paration purifi\u00e9e limitant les risques de d\u00e9viations gustatives pour les vins rouges, ros\u00e9s ou blancs. Obtenez de l'aide avec notre appli !","breadcrumb":{"@id":"https:\/\/fermentis.com\/fr\/produit\/safizym-clean\/#breadcrumb"},"inLanguage":"fr-FR","potentialAction":[{"@type":"ReadAction","target":["https:\/\/fermentis.com\/fr\/produit\/safizym-clean\/"]}]},{"@type":"ImageObject","inLanguage":"fr-FR","@id":"https:\/\/fermentis.com\/fr\/produit\/safizym-clean\/#primaryimage","url":"https:\/\/fermentis.com\/wp-content\/uploads\/2020\/05\/safizym-clean.jpg","contentUrl":"https:\/\/fermentis.com\/wp-content\/uploads\/2020\/05\/safizym-clean.jpg","width":1200,"height":1200,"caption":"Safizym clean wine fermentation pack by Fermentis"},{"@type":"BreadcrumbList","@id":"https:\/\/fermentis.com\/fr\/produit\/safizym-clean\/#breadcrumb","itemListElement":[{"@type":"ListItem","position":1,"name":"Home","item":"https:\/\/fermentis.com\/fr\/"},{"@type":"ListItem","position":2,"name":"Produits"},{"@type":"ListItem","position":3,"name":"Vinification","item":"https:\/\/fermentis.com\/fr\/fermentation\/vinification\/"},{"@type":"ListItem","position":4,"name":"Enzymes","item":"https:\/\/fermentis.com\/fr\/fermentation\/vinification\/enzymes-fr\/"},{"@type":"ListItem","position":5,"name":"Safizym\u00ae Clean"}]},{"@type":"WebSite","@id":"https:\/\/fermentis.com\/fr\/#website","url":"https:\/\/fermentis.com\/fr\/","name":"Fermentis","description":"Un site utilisant WordPress","publisher":{"@id":"https:\/\/fermentis.com\/fr\/#organization"},"potentialAction":[{"@type":"SearchAction","target":{"@type":"EntryPoint","urlTemplate":"https:\/\/fermentis.com\/fr\/?s={search_term_string}"},"query-input":{"@type":"PropertyValueSpecification","valueRequired":true,"valueName":"search_term_string"}}],"inLanguage":"fr-FR"},{"@type":"Organization","@id":"https:\/\/fermentis.com\/fr\/#organization","name":"Fermentis","url":"https:\/\/fermentis.com\/fr\/","logo":{"@type":"ImageObject","inLanguage":"fr-FR","@id":"https:\/\/fermentis.com\/fr\/#\/schema\/logo\/image\/","url":"https:\/\/fermentis.com\/wp-content\/uploads\/2021\/07\/Logo-Fermentis-5.png","contentUrl":"https:\/\/fermentis.com\/wp-content\/uploads\/2021\/07\/Logo-Fermentis-5.png","width":308,"height":95,"caption":"Fermentis"},"image":{"@id":"https:\/\/fermentis.com\/fr\/#\/schema\/logo\/image\/"},"sameAs":["https:\/\/www.facebook.com\/Fermentis","https:\/\/x.com\/fermentis","https:\/\/www.instagram.com\/fermentisbylesaffre\/","https:\/\/www.linkedin.com\/company\/fermentis\/","https:\/\/www.youtube.com\/channel\/UCt_Lp3IZnUNXZeqSi6iiAdA"]}]},"product_price_currency":"GBP","og_availability":"instock","product_availability":"instock","product_condition":"new"},"_links":{"self":[{"href":"https:\/\/fermentis.com\/fr\/wp-json\/wp\/v2\/product\/28644","targetHints":{"allow":["GET"]}}],"collection":[{"href":"https:\/\/fermentis.com\/fr\/wp-json\/wp\/v2\/product"}],"about":[{"href":"https:\/\/fermentis.com\/fr\/wp-json\/wp\/v2\/types\/product"}],"replies":[{"embeddable":true,"href":"https:\/\/fermentis.com\/fr\/wp-json\/wp\/v2\/comments?post=28644"}],"wp:featuredmedia":[{"embeddable":true,"href":"https:\/\/fermentis.com\/fr\/wp-json\/wp\/v2\/media\/29466"}],"wp:attachment":[{"href":"https:\/\/fermentis.com\/fr\/wp-json\/wp\/v2\/media?parent=28644"}],"wp:term":[{"taxonomy":"product_brand","embeddable":true,"href":"https:\/\/fermentis.com\/fr\/wp-json\/wp\/v2\/product_brand?post=28644"},{"taxonomy":"product_cat","embeddable":true,"href":"https:\/\/fermentis.com\/fr\/wp-json\/wp\/v2\/product_cat?post=28644"},{"taxonomy":"product_tag","embeddable":true,"href":"https:\/\/fermentis.com\/fr\/wp-json\/wp\/v2\/product_tag?post=28644"}],"curies":[{"name":"wp","href":"https:\/\/api.w.org\/{rel}","templated":true}]}}