{"id":28653,"date":"2020-06-30T00:00:00","date_gmt":"2020-06-29T22:00:00","guid":{"rendered":"http:\/\/fermentis.com\/product\/safspirit-gr-2\/"},"modified":"2026-04-13T11:00:54","modified_gmt":"2026-04-13T09:00:54","slug":"safspirit-gr-2","status":"publish","type":"product","link":"https:\/\/fermentis.com\/fr\/produit\/safspirit-gr-2\/","title":{"rendered":"SafSpirit\u2122 GR\u20112"},"content":{"rendered":"<div class=\"container section-title-container\" ><h2 class=\"section-title section-title-center\"><b aria-hidden=\"true\"><\/b><span class=\"section-title-main\" style=\"font-size:115%;\">La levure id\u00e9ale pour les unit\u00e9s de production sans contr\u00f4le de temp\u00e9rature<\/span><b aria-hidden=\"true\"><\/b><\/h2><\/div>\n<p>Excellent option to produce <strong>very neutral alcohol, especially vodka from<\/strong> grain and other kind of <strong>amylaceous substrates<\/strong>. Its regular kinetics avoid explosive fermentations and peaks of high temperatures during the growing phase, making it an ideal option for plants without temperature control or insufficient cooling capacity.<\/p>\n<p><strong>Ingredients:<\/strong>\u00a0yeast (Saccharomyces cerevisiae), emulsifier: E491 (sorbitan monostearate)<\/p>\n\t<div id=\"gap-1138151828\" class=\"gap-element clearfix\" style=\"display:block; height:auto;\">\n\t\t\n<style>\n#gap-1138151828 {\n  padding-top: 30px;\n}\n<\/style>\n\t<\/div>\n\t\n<div class=\"container section-title-container\" ><h3 class=\"section-title section-title-center\"><b aria-hidden=\"true\"><\/b><span class=\"section-title-main\" style=\"font-size:115%;\">SafSpirit\u2122 GR-2<\/span><b aria-hidden=\"true\"><\/b><\/h3><\/div>\n\n\t\t<div class=\"tabbed-content\">\n\t\t\t\n\t\t\t<ul class=\"nav nav-tabs nav-uppercase nav-size-normal nav-left\" role=\"tablist\"><li id=\"tab-dosage-et-utilisation\" class=\"tab active has-icon\" role=\"presentation\"><a href=\"#tab_dosage-et-utilisation\" role=\"tab\" aria-selected=\"true\" aria-controls=\"tab_dosage-et-utilisation\"><span>Dosage et utilisation<\/span><\/a><\/li>\n<li id=\"tab-stockage-et-dur\u00e9e-de-conservation\" class=\"tab has-icon\" role=\"presentation\"><a href=\"#tab_stockage-et-dur\u00e9e-de-conservation\" tabindex=\"-1\" role=\"tab\" aria-selected=\"false\" aria-controls=\"tab_stockage-et-dur\u00e9e-de-conservation\"><span>Stockage et dur\u00e9e de conservation<\/span><\/a><\/li>\n<li id=\"tab-analyse-type\" class=\"tab has-icon\" role=\"presentation\"><a href=\"#tab_analyse-type\" tabindex=\"-1\" role=\"tab\" aria-selected=\"false\" aria-controls=\"tab_analyse-type\"><span>Analyse type<\/span><\/a><\/li><\/ul><div class=\"tab-panels\"><div id=\"tab_dosage-et-utilisation\" class=\"panel active entry-content\" role=\"tabpanel\" aria-labelledby=\"tab-dosage-et-utilisation\">\n<p><b>DOSAGE<\/b><\/p>\n<p><strong>30-50 g\/hl<\/strong><\/p>\n<p><b>REHYDRATION INSTRUCTIONS<\/b><\/p>\n<p>\u2460 Rehydrate the yeast in 10 times its volume of water or wort at 25\u00b0C \u2013 35 \u00b0C (77.0\u00b0F \u2013 95.0\u00b0F)<\/p>\n<p>\u2461 Leave to rest for 15 minutes<\/p>\n<p>\u2462 Gently stir<\/p>\n<p>\u2463 Pitch in the fermentor<\/p>\n<\/div>\n<div id=\"tab_stockage-et-dur\u00e9e-de-conservation\" class=\"panel entry-content\" role=\"tabpanel\" aria-labelledby=\"tab-stockage-et-dur\u00e9e-de-conservation\">\n<p><b>STORAGE<\/b><\/p>\n<p>During transport: The product can be transported and stored at room temperature for periods of time not exceeding 3 months, without affecting its performance.<\/p>\n<p>At final destination: Store in cool (&lt;10\u00b0C\/50\u00b0F), dry conditions.<\/p>\n<p><b>SHELF LIFE<\/b><\/p>\n<p>Refer to best before end date printed on the sachet.<\/p>\n<p>Opened sachets must be sealed and stored at 4\u00b0C (39\u00b0F) and used within 7 days of opening. Do not use soft or damaged sachets.<\/p>\n<p>&nbsp;<\/p>\n<p><em>Each Fermentis yeast is developed under a specific production scheme and benefits from the know-how of the Lesaffre group, world leader in yeast manufacturing. This guarantees the highest microbiological purity and maximum fermentation activity.<\/em><\/p>\n<\/div>\n<div id=\"tab_analyse-type\" class=\"panel entry-content\" role=\"tabpanel\" aria-labelledby=\"tab-analyse-type\">\n<table width=\"693\">\n<tbody>\n<tr>\n<td width=\"400\">% dry weight:<\/td>\n<td width=\"293\">94.0 \u2013 96.5<\/td>\n<\/tr>\n<tr>\n<td width=\"400\">Viable cells at packaging:<\/td>\n<td width=\"293\">&gt; 15 x 10<sup>9<\/sup>\u00a0\/gram<\/td>\n<\/tr>\n<tr>\n<td width=\"400\">Total bacteria*:<\/td>\n<td width=\"293\">&lt; 1 x 10<sup>4<\/sup>\/gram<\/td>\n<\/tr>\n<tr>\n<td width=\"400\">Acetic acid bacteria*:<\/td>\n<td width=\"293\">&lt; 1 x 10<sup>3<\/sup>\/gram<\/td>\n<\/tr>\n<tr>\n<td width=\"400\"><em>Lactobacillus*:<\/em><\/td>\n<td width=\"293\">&lt; 1 x 10<sup>4<\/sup>\/gram<\/td>\n<\/tr>\n<\/tbody>\n<\/table>\n<p>Pathogenic micro-organisms: in accordance with regulation<\/p>\n<\/div><\/div><\/div>\n\t<div id=\"gap-905029689\" class=\"gap-element clearfix\" style=\"display:block; height:auto;\">\n\t\t\n<style>\n#gap-905029689 {\n  padding-top: 30px;\n}\n<\/style>\n\t<\/div>\n\t\n<p><em>The data contained in this technical sheet are the exact transcription of our knowledge of the product at the mentioned date. They are the exclusive property of Fermentis-Division of S.I.Lesaffre. It is of the user responsibility to make sure that the usage of this particular product complies with the legislation. Given the impact of yeast on the quality of the final alcool, we strongly advise users to make fermentation trials before any commercial usage of our products.<\/em><\/p>\n","protected":false},"excerpt":{"rendered":"<p>La levure id\u00e9ale pour les usines sans contr\u00f4le de temp\u00e9rature<\/p>\n","protected":false},"featured_media":28285,"comment_status":"closed","ping_status":"closed","template":"","meta":{"_acf_changed":false},"product_brand":[],"product_cat":[313,312],"product_tag":[1266,1267],"class_list":{"0":"post-28653","1":"product","2":"type-product","3":"status-publish","4":"has-post-thumbnail","6":"product_cat-levure-seche-active-spiritueux","7":"product_cat-spiritueux-distillation","8":"product_tag-gr-2-fr","9":"product_tag-gr2-fr","11":"first","12":"instock","13":"shipping-taxable","14":"product-type-simple"},"acf":[],"yoast_head":"<!-- This site is optimized with the Yoast SEO Premium plugin v27.3 (Yoast SEO v27.3) - https:\/\/yoast.com\/product\/yoast-seo-premium-wordpress\/ -->\n<title>SafSpirit\u2122 GR-2 - Levure pour spiritueux, alcool neutre - Fermentis<\/title>\n<meta name=\"description\" content=\"La levure Fermentis SafSpirit\u2122 GR-2 est id\u00e9ale pour les usines ne disposant pas de contr\u00f4le de temp\u00e9rature et pour les alcools tr\u00e8s neutres comme la vodka de grain.\" \/>\n<meta name=\"robots\" content=\"index, follow, max-snippet:-1, max-image-preview:large, max-video-preview:-1\" \/>\n<link rel=\"canonical\" href=\"https:\/\/fermentis.com\/fr\/produit\/safspirit-gr-2\/\" \/>\n<meta property=\"og:locale\" content=\"fr_FR\" \/>\n<meta property=\"og:type\" content=\"article\" \/>\n<meta property=\"og:title\" content=\"SafSpirit\u2122 GR\u20112\" \/>\n<meta property=\"og:description\" content=\"La levure Fermentis SafSpirit\u2122 GR-2 est id\u00e9ale pour les usines ne disposant pas de contr\u00f4le de temp\u00e9rature et pour les alcools tr\u00e8s neutres comme la vodka de grain.\" \/>\n<meta property=\"og:url\" content=\"https:\/\/fermentis.com\/fr\/produit\/safspirit-gr-2\/\" \/>\n<meta property=\"og:site_name\" content=\"Fermentis\" \/>\n<meta property=\"article:publisher\" content=\"https:\/\/www.facebook.com\/Fermentis\" \/>\n<meta property=\"article:modified_time\" content=\"2026-04-13T09:00:54+00:00\" \/>\n<meta property=\"og:image\" content=\"https:\/\/fermentis.com\/wp-content\/uploads\/2020\/10\/safspirit-gr2.jpg\" \/>\n\t<meta property=\"og:image:width\" content=\"1200\" \/>\n\t<meta property=\"og:image:height\" content=\"1200\" \/>\n\t<meta property=\"og:image:type\" content=\"image\/jpeg\" \/>\n<meta name=\"twitter:card\" content=\"summary_large_image\" \/>\n<meta name=\"twitter:site\" content=\"@fermentis\" \/>\n<meta name=\"twitter:label1\" content=\"Prix\" \/>\n\t<meta name=\"twitter:data1\" content=\"\" \/>\n\t<meta name=\"twitter:label2\" content=\"Disponibilit\u00e9\" \/>\n\t<meta name=\"twitter:data2\" content=\"En stock\" \/>\n<script type=\"application\/ld+json\" class=\"yoast-schema-graph\">{\"@context\":\"https:\\\/\\\/schema.org\",\"@graph\":[{\"@type\":\"WebPage\",\"@id\":\"https:\\\/\\\/fermentis.com\\\/fr\\\/produit\\\/safspirit-gr-2\\\/\",\"url\":\"https:\\\/\\\/fermentis.com\\\/fr\\\/produit\\\/safspirit-gr-2\\\/\",\"name\":\"SafSpirit\u2122 GR-2 - Levure pour spiritueux, alcool neutre - Fermentis\",\"isPartOf\":{\"@id\":\"https:\\\/\\\/fermentis.com\\\/fr\\\/#website\"},\"primaryImageOfPage\":{\"@id\":\"https:\\\/\\\/fermentis.com\\\/fr\\\/produit\\\/safspirit-gr-2\\\/#primaryimage\"},\"image\":{\"@id\":\"https:\\\/\\\/fermentis.com\\\/fr\\\/produit\\\/safspirit-gr-2\\\/#primaryimage\"},\"thumbnailUrl\":\"https:\\\/\\\/fermentis.com\\\/wp-content\\\/uploads\\\/2020\\\/10\\\/safspirit-gr2.jpg\",\"datePublished\":\"2020-06-29T22:00:00+00:00\",\"dateModified\":\"2026-04-13T09:00:54+00:00\",\"description\":\"La levure Fermentis SafSpirit\u2122 GR-2 est id\u00e9ale pour les usines ne disposant pas de contr\u00f4le de temp\u00e9rature et pour les alcools tr\u00e8s neutres comme la vodka de grain.\",\"breadcrumb\":{\"@id\":\"https:\\\/\\\/fermentis.com\\\/fr\\\/produit\\\/safspirit-gr-2\\\/#breadcrumb\"},\"inLanguage\":\"fr-FR\",\"potentialAction\":[{\"@type\":\"ReadAction\",\"target\":[\"https:\\\/\\\/fermentis.com\\\/fr\\\/produit\\\/safspirit-gr-2\\\/\"]}]},{\"@type\":\"ImageObject\",\"inLanguage\":\"fr-FR\",\"@id\":\"https:\\\/\\\/fermentis.com\\\/fr\\\/produit\\\/safspirit-gr-2\\\/#primaryimage\",\"url\":\"https:\\\/\\\/fermentis.com\\\/wp-content\\\/uploads\\\/2020\\\/10\\\/safspirit-gr2.jpg\",\"contentUrl\":\"https:\\\/\\\/fermentis.com\\\/wp-content\\\/uploads\\\/2020\\\/10\\\/safspirit-gr2.jpg\",\"width\":1200,\"height\":1200,\"caption\":\"SafSpirit active dry yeast for distillers by Fermentis\"},{\"@type\":\"BreadcrumbList\",\"@id\":\"https:\\\/\\\/fermentis.com\\\/fr\\\/produit\\\/safspirit-gr-2\\\/#breadcrumb\",\"itemListElement\":[{\"@type\":\"ListItem\",\"position\":1,\"name\":\"Home\",\"item\":\"https:\\\/\\\/fermentis.com\\\/fr\\\/\"},{\"@type\":\"ListItem\",\"position\":2,\"name\":\"Produits\"},{\"@type\":\"ListItem\",\"position\":3,\"name\":\"Spiritueux &amp; Distillation\",\"item\":\"https:\\\/\\\/fermentis.com\\\/fr\\\/fermentation\\\/spiritueux-distillation\\\/\"},{\"@type\":\"ListItem\",\"position\":4,\"name\":\"Levure s\u00e8che active\",\"item\":\"https:\\\/\\\/fermentis.com\\\/fr\\\/fermentation\\\/spiritueux-distillation\\\/levure-seche-active-spiritueux\\\/\"},{\"@type\":\"ListItem\",\"position\":5,\"name\":\"SafSpirit\u2122 GR\u20112\"}]},{\"@type\":\"WebSite\",\"@id\":\"https:\\\/\\\/fermentis.com\\\/fr\\\/#website\",\"url\":\"https:\\\/\\\/fermentis.com\\\/fr\\\/\",\"name\":\"Fermentis\",\"description\":\"Un site utilisant WordPress\",\"publisher\":{\"@id\":\"https:\\\/\\\/fermentis.com\\\/fr\\\/#organization\"},\"potentialAction\":[{\"@type\":\"SearchAction\",\"target\":{\"@type\":\"EntryPoint\",\"urlTemplate\":\"https:\\\/\\\/fermentis.com\\\/fr\\\/?s={search_term_string}\"},\"query-input\":{\"@type\":\"PropertyValueSpecification\",\"valueRequired\":true,\"valueName\":\"search_term_string\"}}],\"inLanguage\":\"fr-FR\"},{\"@type\":\"Organization\",\"@id\":\"https:\\\/\\\/fermentis.com\\\/fr\\\/#organization\",\"name\":\"Fermentis\",\"url\":\"https:\\\/\\\/fermentis.com\\\/fr\\\/\",\"logo\":{\"@type\":\"ImageObject\",\"inLanguage\":\"fr-FR\",\"@id\":\"https:\\\/\\\/fermentis.com\\\/fr\\\/#\\\/schema\\\/logo\\\/image\\\/\",\"url\":\"https:\\\/\\\/fermentis.com\\\/wp-content\\\/uploads\\\/2021\\\/07\\\/Logo-Fermentis-5.png\",\"contentUrl\":\"https:\\\/\\\/fermentis.com\\\/wp-content\\\/uploads\\\/2021\\\/07\\\/Logo-Fermentis-5.png\",\"width\":308,\"height\":95,\"caption\":\"Fermentis\"},\"image\":{\"@id\":\"https:\\\/\\\/fermentis.com\\\/fr\\\/#\\\/schema\\\/logo\\\/image\\\/\"},\"sameAs\":[\"https:\\\/\\\/www.facebook.com\\\/Fermentis\",\"https:\\\/\\\/x.com\\\/fermentis\",\"https:\\\/\\\/www.instagram.com\\\/fermentisbylesaffre\\\/\",\"https:\\\/\\\/www.linkedin.com\\\/company\\\/fermentis\\\/\",\"https:\\\/\\\/www.youtube.com\\\/channel\\\/UCt_Lp3IZnUNXZeqSi6iiAdA\"]}]}<\/script>\n<meta property=\"product:price:currency\" content=\"GBP\" \/>\n<meta property=\"og:availability\" content=\"instock\" \/>\n<meta property=\"product:availability\" content=\"instock\" \/>\n<meta property=\"product:condition\" content=\"new\" \/>\n<!-- \/ Yoast SEO Premium plugin. -->","yoast_head_json":{"title":"SafSpirit\u2122 GR-2 - Levure pour spiritueux, alcool neutre - Fermentis","description":"La levure Fermentis SafSpirit\u2122 GR-2 est id\u00e9ale pour les usines ne disposant pas de contr\u00f4le de temp\u00e9rature et pour les alcools tr\u00e8s neutres comme la vodka de grain.","robots":{"index":"index","follow":"follow","max-snippet":"max-snippet:-1","max-image-preview":"max-image-preview:large","max-video-preview":"max-video-preview:-1"},"canonical":"https:\/\/fermentis.com\/fr\/produit\/safspirit-gr-2\/","og_locale":"fr_FR","og_type":"article","og_title":"SafSpirit\u2122 GR\u20112","og_description":"La levure Fermentis SafSpirit\u2122 GR-2 est id\u00e9ale pour les usines ne disposant pas de contr\u00f4le de temp\u00e9rature et pour les alcools tr\u00e8s neutres comme la vodka de grain.","og_url":"https:\/\/fermentis.com\/fr\/produit\/safspirit-gr-2\/","og_site_name":"Fermentis","article_publisher":"https:\/\/www.facebook.com\/Fermentis","article_modified_time":"2026-04-13T09:00:54+00:00","og_image":[{"width":1200,"height":1200,"url":"https:\/\/fermentis.com\/wp-content\/uploads\/2020\/10\/safspirit-gr2.jpg","type":"image\/jpeg"}],"twitter_card":"summary_large_image","twitter_site":"@fermentis","twitter_misc":{"Prix":"","Disponibilit\u00e9":"En stock"},"schema":{"@context":"https:\/\/schema.org","@graph":[{"@type":"WebPage","@id":"https:\/\/fermentis.com\/fr\/produit\/safspirit-gr-2\/","url":"https:\/\/fermentis.com\/fr\/produit\/safspirit-gr-2\/","name":"SafSpirit\u2122 GR-2 - Levure pour spiritueux, alcool neutre - Fermentis","isPartOf":{"@id":"https:\/\/fermentis.com\/fr\/#website"},"primaryImageOfPage":{"@id":"https:\/\/fermentis.com\/fr\/produit\/safspirit-gr-2\/#primaryimage"},"image":{"@id":"https:\/\/fermentis.com\/fr\/produit\/safspirit-gr-2\/#primaryimage"},"thumbnailUrl":"https:\/\/fermentis.com\/wp-content\/uploads\/2020\/10\/safspirit-gr2.jpg","datePublished":"2020-06-29T22:00:00+00:00","dateModified":"2026-04-13T09:00:54+00:00","description":"La levure Fermentis SafSpirit\u2122 GR-2 est id\u00e9ale pour les usines ne disposant pas de contr\u00f4le de temp\u00e9rature et pour les alcools tr\u00e8s neutres comme la vodka de grain.","breadcrumb":{"@id":"https:\/\/fermentis.com\/fr\/produit\/safspirit-gr-2\/#breadcrumb"},"inLanguage":"fr-FR","potentialAction":[{"@type":"ReadAction","target":["https:\/\/fermentis.com\/fr\/produit\/safspirit-gr-2\/"]}]},{"@type":"ImageObject","inLanguage":"fr-FR","@id":"https:\/\/fermentis.com\/fr\/produit\/safspirit-gr-2\/#primaryimage","url":"https:\/\/fermentis.com\/wp-content\/uploads\/2020\/10\/safspirit-gr2.jpg","contentUrl":"https:\/\/fermentis.com\/wp-content\/uploads\/2020\/10\/safspirit-gr2.jpg","width":1200,"height":1200,"caption":"SafSpirit active dry yeast for distillers by Fermentis"},{"@type":"BreadcrumbList","@id":"https:\/\/fermentis.com\/fr\/produit\/safspirit-gr-2\/#breadcrumb","itemListElement":[{"@type":"ListItem","position":1,"name":"Home","item":"https:\/\/fermentis.com\/fr\/"},{"@type":"ListItem","position":2,"name":"Produits"},{"@type":"ListItem","position":3,"name":"Spiritueux &amp; Distillation","item":"https:\/\/fermentis.com\/fr\/fermentation\/spiritueux-distillation\/"},{"@type":"ListItem","position":4,"name":"Levure s\u00e8che active","item":"https:\/\/fermentis.com\/fr\/fermentation\/spiritueux-distillation\/levure-seche-active-spiritueux\/"},{"@type":"ListItem","position":5,"name":"SafSpirit\u2122 GR\u20112"}]},{"@type":"WebSite","@id":"https:\/\/fermentis.com\/fr\/#website","url":"https:\/\/fermentis.com\/fr\/","name":"Fermentis","description":"Un site utilisant WordPress","publisher":{"@id":"https:\/\/fermentis.com\/fr\/#organization"},"potentialAction":[{"@type":"SearchAction","target":{"@type":"EntryPoint","urlTemplate":"https:\/\/fermentis.com\/fr\/?s={search_term_string}"},"query-input":{"@type":"PropertyValueSpecification","valueRequired":true,"valueName":"search_term_string"}}],"inLanguage":"fr-FR"},{"@type":"Organization","@id":"https:\/\/fermentis.com\/fr\/#organization","name":"Fermentis","url":"https:\/\/fermentis.com\/fr\/","logo":{"@type":"ImageObject","inLanguage":"fr-FR","@id":"https:\/\/fermentis.com\/fr\/#\/schema\/logo\/image\/","url":"https:\/\/fermentis.com\/wp-content\/uploads\/2021\/07\/Logo-Fermentis-5.png","contentUrl":"https:\/\/fermentis.com\/wp-content\/uploads\/2021\/07\/Logo-Fermentis-5.png","width":308,"height":95,"caption":"Fermentis"},"image":{"@id":"https:\/\/fermentis.com\/fr\/#\/schema\/logo\/image\/"},"sameAs":["https:\/\/www.facebook.com\/Fermentis","https:\/\/x.com\/fermentis","https:\/\/www.instagram.com\/fermentisbylesaffre\/","https:\/\/www.linkedin.com\/company\/fermentis\/","https:\/\/www.youtube.com\/channel\/UCt_Lp3IZnUNXZeqSi6iiAdA"]}]},"product_price_currency":"GBP","og_availability":"instock","product_availability":"instock","product_condition":"new"},"_links":{"self":[{"href":"https:\/\/fermentis.com\/fr\/wp-json\/wp\/v2\/product\/28653","targetHints":{"allow":["GET"]}}],"collection":[{"href":"https:\/\/fermentis.com\/fr\/wp-json\/wp\/v2\/product"}],"about":[{"href":"https:\/\/fermentis.com\/fr\/wp-json\/wp\/v2\/types\/product"}],"replies":[{"embeddable":true,"href":"https:\/\/fermentis.com\/fr\/wp-json\/wp\/v2\/comments?post=28653"}],"wp:featuredmedia":[{"embeddable":true,"href":"https:\/\/fermentis.com\/fr\/wp-json\/wp\/v2\/media\/28285"}],"wp:attachment":[{"href":"https:\/\/fermentis.com\/fr\/wp-json\/wp\/v2\/media?parent=28653"}],"wp:term":[{"taxonomy":"product_brand","embeddable":true,"href":"https:\/\/fermentis.com\/fr\/wp-json\/wp\/v2\/product_brand?post=28653"},{"taxonomy":"product_cat","embeddable":true,"href":"https:\/\/fermentis.com\/fr\/wp-json\/wp\/v2\/product_cat?post=28653"},{"taxonomy":"product_tag","embeddable":true,"href":"https:\/\/fermentis.com\/fr\/wp-json\/wp\/v2\/product_tag?post=28653"}],"curies":[{"name":"wp","href":"https:\/\/api.w.org\/{rel}","templated":true}]}}