{"id":28654,"date":"2020-06-30T00:00:00","date_gmt":"2020-06-29T22:00:00","guid":{"rendered":"http:\/\/fermentis.com\/product\/safspirit-c-70\/"},"modified":"2026-03-30T09:04:45","modified_gmt":"2026-03-30T07:04:45","slug":"safspirit-c-70","status":"publish","type":"product","link":"https:\/\/fermentis.com\/fr\/produit\/safspirit-c-70\/","title":{"rendered":"SafSpirit\u2122 C\u201170"},"content":{"rendered":"<div class=\"container section-title-container\" ><h2 class=\"section-title section-title-center\"><b aria-hidden=\"true\"><\/b><span class=\"section-title-main\" style=\"font-size:115%;\">La vari\u00e9t\u00e9 la plus populaire aupr\u00e8s des distillateurs<\/span><b aria-hidden=\"true\"><\/b><\/h2><\/div>\n<p>Robust, multipurpose strain and one of the most popular within distillers. Produces very high quality alcohol from all kinds of substrates, with subtle congeners. Used extensively in the Caribbean and Central America for producing good quality potable alcohol and rums from sugar cane juice or molasses. Very good performance in agave juice (mezcales and tequila). Good option for low and medium gravity grain mash fermentation.<\/p>\n<p><strong>Ingredients:<\/strong>\u00a0yeast (Saccharomyces cerevisiae), emulsifier: E491 (sorbitan monostearate)<\/p>\n\t<div id=\"gap-392681885\" class=\"gap-element clearfix\" style=\"display:block; height:auto;\">\n\t\t\n<style>\n#gap-392681885 {\n  padding-top: 30px;\n}\n<\/style>\n\t<\/div>\n\t\n<div class=\"container section-title-container\" ><h3 class=\"section-title section-title-center\"><b aria-hidden=\"true\"><\/b><span class=\"section-title-main\" style=\"font-size:115%;\">SafSpirit\u2122 C-70<\/span><b aria-hidden=\"true\"><\/b><\/h3><\/div>\n\n\t\t<div class=\"tabbed-content\">\n\t\t\t\n\t\t\t<ul class=\"nav nav-tabs nav-uppercase nav-size-normal nav-left\" role=\"tablist\"><li id=\"tab-dosage-et-utilisation\" class=\"tab active has-icon\" role=\"presentation\"><a href=\"#tab_dosage-et-utilisation\" role=\"tab\" aria-selected=\"true\" aria-controls=\"tab_dosage-et-utilisation\"><span>Dosage et utilisation<\/span><\/a><\/li>\n<li id=\"tab-stockage-et-dur\u00e9e-de-conservation\" class=\"tab has-icon\" role=\"presentation\"><a href=\"#tab_stockage-et-dur\u00e9e-de-conservation\" tabindex=\"-1\" role=\"tab\" aria-selected=\"false\" aria-controls=\"tab_stockage-et-dur\u00e9e-de-conservation\"><span>Stockage et dur\u00e9e de conservation<\/span><\/a><\/li>\n<li id=\"tab-analyse-typique\" class=\"tab has-icon\" role=\"presentation\"><a href=\"#tab_analyse-typique\" tabindex=\"-1\" role=\"tab\" aria-selected=\"false\" aria-controls=\"tab_analyse-typique\"><span>Analyse typique<\/span><\/a><\/li><\/ul><div class=\"tab-panels\"><div id=\"tab_dosage-et-utilisation\" class=\"panel active entry-content\" role=\"tabpanel\" aria-labelledby=\"tab-dosage-et-utilisation\">\n<p><b><span style=\"vertical-align: inherit\"><span style=\"vertical-align: inherit\">DOSAGE<\/span><\/span><\/b><\/p>\n<p><strong><span style=\"vertical-align: inherit\"><span style=\"vertical-align: inherit\">30-50 g\/hl<\/span><\/span><\/strong><\/p>\n<p><b>REHYDRATION INSTRUCTIONS<\/b><\/p>\n<p>\u2460 Rehydrate the yeast in 10 times its volume of water or wort at 25\u00b0C \u2013 35 \u00b0C (77.0\u00b0F \u2013 95.0\u00b0F)<\/p>\n<p>\u2461 Leave to rest for 15 minutes<\/p>\n<p>\u2462 Gently stir<\/p>\n<p>\u2463 Pitch in the fermentor<\/p>\n<\/div>\n<div id=\"tab_stockage-et-dur\u00e9e-de-conservation\" class=\"panel entry-content\" role=\"tabpanel\" aria-labelledby=\"tab-stockage-et-dur\u00e9e-de-conservation\">\n<p><b>STORAGE<\/b><\/p>\n<p>During transport: The product can be transported and stored at room temperature for periods of time not exceeding 3 months, without affecting its performance.<\/p>\n<p>At final destination: Store in cool (&lt;10\u00b0C\/50\u00b0F), dry conditions.<\/p>\n<p><b>SHELF LIFE<\/b><\/p>\n<p>Refer to best before end date printed on the sachet.<\/p>\n<p>Opened sachets must be sealed and stored at 4\u00b0C (39\u00b0F) and used within 7 days of opening. Do not use soft or damaged sachets.<\/p>\n<p>&nbsp;<\/p>\n<p><em>Each Fermentis yeast is developed under a specific production scheme and benefits from the know-how of the Lesaffre group, world leader in yeast manufacturing. This guarantees the highest microbiological purity and maximum fermentation activity.<\/em><\/p>\n<\/div>\n<div id=\"tab_analyse-typique\" class=\"panel entry-content\" role=\"tabpanel\" aria-labelledby=\"tab-analyse-typique\">\n<table width=\"693\">\n<tbody>\n<tr>\n<td width=\"400\">% dry weight:<\/td>\n<td width=\"293\">94.0 \u2013 96.5<\/td>\n<\/tr>\n<tr>\n<td width=\"400\">Viable cells at packaging:<\/td>\n<td width=\"293\">&gt; 15 x 10<sup>9<\/sup>\u00a0\/gram<\/td>\n<\/tr>\n<tr>\n<td width=\"400\">Total bacteria*:<\/td>\n<td width=\"293\">&lt; 1 x 10<sup>4<\/sup>\/gram<\/td>\n<\/tr>\n<tr>\n<td width=\"400\">Acetic acid bacteria*:<\/td>\n<td width=\"293\">&lt; 1 x 10<sup>3<\/sup>\/gram<\/td>\n<\/tr>\n<tr>\n<td width=\"400\"><em>Lactobacillus*:<\/em><\/td>\n<td width=\"293\">&lt; 1 x 10<sup>4<\/sup>\/gram<\/td>\n<\/tr>\n<\/tbody>\n<\/table>\n<p>Pathogenic micro-organisms: in accordance with regulation<\/p>\n<\/div><\/div><\/div>\n\t<div id=\"gap-1724288906\" class=\"gap-element clearfix\" style=\"display:block; height:auto;\">\n\t\t\n<style>\n#gap-1724288906 {\n  padding-top: 30px;\n}\n<\/style>\n\t<\/div>\n\t\n<p><em>The data contained in this technical sheet are the exact transcription of our knowledge of the product at the mentioned date. They are the exclusive property of Fermentis-Division of S.I.Lesaffre. It is of the user responsibility to make sure that the usage of this particular product complies with the legislation. Given the impact of yeast on the quality of the final alcool, we strongly advise users to make fermentation trials before any commercial usage of our products.<\/em><\/p>\n","protected":false},"excerpt":{"rendered":"<p>La vari\u00e9t\u00e9 la plus populaire aupr\u00e8s des distillateurs<\/p>\n","protected":false},"featured_media":658617,"comment_status":"closed","ping_status":"closed","template":"","meta":{"_acf_changed":false},"product_brand":[],"product_cat":[313,312],"product_tag":[1264,1265],"class_list":{"0":"post-28654","1":"product","2":"type-product","3":"status-publish","4":"has-post-thumbnail","6":"product_cat-levure-seche-active-spiritueux","7":"product_cat-spiritueux-distillation","8":"product_tag-c-70-fr","9":"product_tag-c70-fr","11":"first","12":"instock","13":"shipping-taxable","14":"product-type-simple"},"acf":[],"yoast_head":"<!-- This site is optimized with the Yoast SEO Premium plugin v27.3 (Yoast SEO v27.3) - https:\/\/yoast.com\/product\/yoast-seo-premium-wordpress\/ -->\n<title>SafSpirit\u2122 C-70 - Levure polyvalente de distillerie - Fermentis<\/title>\n<meta name=\"description\" content=\"La levure Fermentis SafSpirit\u2122 C-70 est c\u00e9l\u00e8bre car elle produit de l&#039;alcool de tr\u00e8s haute qualit\u00e9 \u00e0 partir de toutes sortes de substrats. Elle est id\u00e9ale pour le rhum.\" \/>\n<meta name=\"robots\" content=\"index, follow, max-snippet:-1, max-image-preview:large, max-video-preview:-1\" \/>\n<link rel=\"canonical\" href=\"https:\/\/fermentis.com\/fr\/produit\/safspirit-c-70\/\" \/>\n<meta property=\"og:locale\" content=\"fr_FR\" \/>\n<meta property=\"og:type\" content=\"article\" \/>\n<meta property=\"og:title\" content=\"SafSpirit\u2122 C\u201170\" \/>\n<meta property=\"og:description\" content=\"La levure Fermentis SafSpirit\u2122 C-70 est c\u00e9l\u00e8bre car elle produit de l&#039;alcool de tr\u00e8s haute qualit\u00e9 \u00e0 partir de toutes sortes de substrats. Elle est id\u00e9ale pour le rhum.\" \/>\n<meta property=\"og:url\" content=\"https:\/\/fermentis.com\/fr\/produit\/safspirit-c-70\/\" \/>\n<meta property=\"og:site_name\" content=\"Fermentis\" \/>\n<meta property=\"article:publisher\" content=\"https:\/\/www.facebook.com\/Fermentis\" \/>\n<meta property=\"article:modified_time\" content=\"2026-03-30T07:04:45+00:00\" \/>\n<meta property=\"og:image\" content=\"https:\/\/cdn.bfldr.com\/G7S7MSWL\/as\/3f9sf499vprcsjrvnvz4h33\/SafSpirit_C-70_-_Spirits_Packshot_-_500g_brick?auto=webp&format=png\" \/>\n<meta name=\"twitter:card\" content=\"summary_large_image\" \/>\n<meta name=\"twitter:image\" content=\"https:\/\/cdn.bfldr.com\/G7S7MSWL\/as\/3f9sf499vprcsjrvnvz4h33\/SafSpirit_C-70_-_Spirits_Packshot_-_500g_brick?auto=webp&format=png\" \/>\n<meta name=\"twitter:site\" content=\"@fermentis\" \/>\n<meta name=\"twitter:label1\" content=\"Prix\" \/>\n\t<meta name=\"twitter:data1\" content=\"\" \/>\n\t<meta name=\"twitter:label2\" content=\"Disponibilit\u00e9\" \/>\n\t<meta name=\"twitter:data2\" content=\"En stock\" \/>\n<script type=\"application\/ld+json\" class=\"yoast-schema-graph\">{\"@context\":\"https:\\\/\\\/schema.org\",\"@graph\":[{\"@type\":\"WebPage\",\"@id\":\"https:\\\/\\\/fermentis.com\\\/fr\\\/produit\\\/safspirit-c-70\\\/\",\"url\":\"https:\\\/\\\/fermentis.com\\\/fr\\\/produit\\\/safspirit-c-70\\\/\",\"name\":\"SafSpirit\u2122 C-70 - Levure polyvalente de distillerie - Fermentis\",\"isPartOf\":{\"@id\":\"https:\\\/\\\/fermentis.com\\\/fr\\\/#website\"},\"primaryImageOfPage\":{\"@id\":\"https:\\\/\\\/fermentis.com\\\/fr\\\/produit\\\/safspirit-c-70\\\/#primaryimage\"},\"image\":{\"@id\":\"https:\\\/\\\/fermentis.com\\\/fr\\\/produit\\\/safspirit-c-70\\\/#primaryimage\"},\"thumbnailUrl\":\"https:\\\/\\\/cdn.bfldr.com\\\/G7S7MSWL\\\/as\\\/3f9sf499vprcsjrvnvz4h33\\\/SafSpirit_C-70_-_Spirits_Packshot_-_500g_brick?auto=webp&format=png\",\"datePublished\":\"2020-06-29T22:00:00+00:00\",\"dateModified\":\"2026-03-30T07:04:45+00:00\",\"description\":\"La levure Fermentis SafSpirit\u2122 C-70 est c\u00e9l\u00e8bre car elle produit de l'alcool de tr\u00e8s haute qualit\u00e9 \u00e0 partir de toutes sortes de substrats. Elle est id\u00e9ale pour le rhum.\",\"breadcrumb\":{\"@id\":\"https:\\\/\\\/fermentis.com\\\/fr\\\/produit\\\/safspirit-c-70\\\/#breadcrumb\"},\"inLanguage\":\"fr-FR\",\"potentialAction\":[{\"@type\":\"ReadAction\",\"target\":[\"https:\\\/\\\/fermentis.com\\\/fr\\\/produit\\\/safspirit-c-70\\\/\"]}]},{\"@type\":\"ImageObject\",\"inLanguage\":\"fr-FR\",\"@id\":\"https:\\\/\\\/fermentis.com\\\/fr\\\/produit\\\/safspirit-c-70\\\/#primaryimage\",\"url\":\"https:\\\/\\\/cdn.bfldr.com\\\/G7S7MSWL\\\/as\\\/3f9sf499vprcsjrvnvz4h33\\\/SafSpirit_C-70_-_Spirits_Packshot_-_500g_brick?auto=webp&format=png\",\"contentUrl\":\"https:\\\/\\\/cdn.bfldr.com\\\/G7S7MSWL\\\/as\\\/3f9sf499vprcsjrvnvz4h33\\\/SafSpirit_C-70_-_Spirits_Packshot_-_500g_brick?auto=webp&format=png\",\"width\":\"1600\",\"height\":\"1600\",\"caption\":\"SafSpirit\u2122 C-70\"},{\"@type\":\"BreadcrumbList\",\"@id\":\"https:\\\/\\\/fermentis.com\\\/fr\\\/produit\\\/safspirit-c-70\\\/#breadcrumb\",\"itemListElement\":[{\"@type\":\"ListItem\",\"position\":1,\"name\":\"Home\",\"item\":\"https:\\\/\\\/fermentis.com\\\/fr\\\/\"},{\"@type\":\"ListItem\",\"position\":2,\"name\":\"Produits\"},{\"@type\":\"ListItem\",\"position\":3,\"name\":\"Spiritueux &amp; Distillation\",\"item\":\"https:\\\/\\\/fermentis.com\\\/fr\\\/fermentation\\\/spiritueux-distillation\\\/\"},{\"@type\":\"ListItem\",\"position\":4,\"name\":\"Levure s\u00e8che active\",\"item\":\"https:\\\/\\\/fermentis.com\\\/fr\\\/fermentation\\\/spiritueux-distillation\\\/levure-seche-active-spiritueux\\\/\"},{\"@type\":\"ListItem\",\"position\":5,\"name\":\"SafSpirit\u2122 C\u201170\"}]},{\"@type\":\"WebSite\",\"@id\":\"https:\\\/\\\/fermentis.com\\\/fr\\\/#website\",\"url\":\"https:\\\/\\\/fermentis.com\\\/fr\\\/\",\"name\":\"Fermentis\",\"description\":\"Un site utilisant WordPress\",\"publisher\":{\"@id\":\"https:\\\/\\\/fermentis.com\\\/fr\\\/#organization\"},\"potentialAction\":[{\"@type\":\"SearchAction\",\"target\":{\"@type\":\"EntryPoint\",\"urlTemplate\":\"https:\\\/\\\/fermentis.com\\\/fr\\\/?s={search_term_string}\"},\"query-input\":{\"@type\":\"PropertyValueSpecification\",\"valueRequired\":true,\"valueName\":\"search_term_string\"}}],\"inLanguage\":\"fr-FR\"},{\"@type\":\"Organization\",\"@id\":\"https:\\\/\\\/fermentis.com\\\/fr\\\/#organization\",\"name\":\"Fermentis\",\"url\":\"https:\\\/\\\/fermentis.com\\\/fr\\\/\",\"logo\":{\"@type\":\"ImageObject\",\"inLanguage\":\"fr-FR\",\"@id\":\"https:\\\/\\\/fermentis.com\\\/fr\\\/#\\\/schema\\\/logo\\\/image\\\/\",\"url\":\"https:\\\/\\\/fermentis.com\\\/wp-content\\\/uploads\\\/2021\\\/07\\\/Logo-Fermentis-5.png\",\"contentUrl\":\"https:\\\/\\\/fermentis.com\\\/wp-content\\\/uploads\\\/2021\\\/07\\\/Logo-Fermentis-5.png\",\"width\":308,\"height\":95,\"caption\":\"Fermentis\"},\"image\":{\"@id\":\"https:\\\/\\\/fermentis.com\\\/fr\\\/#\\\/schema\\\/logo\\\/image\\\/\"},\"sameAs\":[\"https:\\\/\\\/www.facebook.com\\\/Fermentis\",\"https:\\\/\\\/x.com\\\/fermentis\",\"https:\\\/\\\/www.instagram.com\\\/fermentisbylesaffre\\\/\",\"https:\\\/\\\/www.linkedin.com\\\/company\\\/fermentis\\\/\",\"https:\\\/\\\/www.youtube.com\\\/channel\\\/UCt_Lp3IZnUNXZeqSi6iiAdA\"]}]}<\/script>\n<meta property=\"product:price:currency\" content=\"GBP\" \/>\n<meta property=\"og:availability\" content=\"instock\" \/>\n<meta property=\"product:availability\" content=\"instock\" \/>\n<meta property=\"product:condition\" content=\"new\" \/>\n<!-- \/ Yoast SEO Premium plugin. -->","yoast_head_json":{"title":"SafSpirit\u2122 C-70 - Levure polyvalente de distillerie - Fermentis","description":"La levure Fermentis SafSpirit\u2122 C-70 est c\u00e9l\u00e8bre car elle produit de l'alcool de tr\u00e8s haute qualit\u00e9 \u00e0 partir de toutes sortes de substrats. Elle est id\u00e9ale pour le rhum.","robots":{"index":"index","follow":"follow","max-snippet":"max-snippet:-1","max-image-preview":"max-image-preview:large","max-video-preview":"max-video-preview:-1"},"canonical":"https:\/\/fermentis.com\/fr\/produit\/safspirit-c-70\/","og_locale":"fr_FR","og_type":"article","og_title":"SafSpirit\u2122 C\u201170","og_description":"La levure Fermentis SafSpirit\u2122 C-70 est c\u00e9l\u00e8bre car elle produit de l'alcool de tr\u00e8s haute qualit\u00e9 \u00e0 partir de toutes sortes de substrats. Elle est id\u00e9ale pour le rhum.","og_url":"https:\/\/fermentis.com\/fr\/produit\/safspirit-c-70\/","og_site_name":"Fermentis","article_publisher":"https:\/\/www.facebook.com\/Fermentis","article_modified_time":"2026-03-30T07:04:45+00:00","og_image":[{"url":"https:\/\/cdn.bfldr.com\/G7S7MSWL\/as\/3f9sf499vprcsjrvnvz4h33\/SafSpirit_C-70_-_Spirits_Packshot_-_500g_brick?auto=webp&format=png","type":"","width":"","height":""}],"twitter_card":"summary_large_image","twitter_image":"https:\/\/cdn.bfldr.com\/G7S7MSWL\/as\/3f9sf499vprcsjrvnvz4h33\/SafSpirit_C-70_-_Spirits_Packshot_-_500g_brick?auto=webp&format=png","twitter_site":"@fermentis","twitter_misc":{"Prix":"","Disponibilit\u00e9":"En stock"},"schema":{"@context":"https:\/\/schema.org","@graph":[{"@type":"WebPage","@id":"https:\/\/fermentis.com\/fr\/produit\/safspirit-c-70\/","url":"https:\/\/fermentis.com\/fr\/produit\/safspirit-c-70\/","name":"SafSpirit\u2122 C-70 - Levure polyvalente de distillerie - Fermentis","isPartOf":{"@id":"https:\/\/fermentis.com\/fr\/#website"},"primaryImageOfPage":{"@id":"https:\/\/fermentis.com\/fr\/produit\/safspirit-c-70\/#primaryimage"},"image":{"@id":"https:\/\/fermentis.com\/fr\/produit\/safspirit-c-70\/#primaryimage"},"thumbnailUrl":"https:\/\/cdn.bfldr.com\/G7S7MSWL\/as\/3f9sf499vprcsjrvnvz4h33\/SafSpirit_C-70_-_Spirits_Packshot_-_500g_brick?auto=webp&format=png","datePublished":"2020-06-29T22:00:00+00:00","dateModified":"2026-03-30T07:04:45+00:00","description":"La levure Fermentis SafSpirit\u2122 C-70 est c\u00e9l\u00e8bre car elle produit de l'alcool de tr\u00e8s haute qualit\u00e9 \u00e0 partir de toutes sortes de substrats. Elle est id\u00e9ale pour le rhum.","breadcrumb":{"@id":"https:\/\/fermentis.com\/fr\/produit\/safspirit-c-70\/#breadcrumb"},"inLanguage":"fr-FR","potentialAction":[{"@type":"ReadAction","target":["https:\/\/fermentis.com\/fr\/produit\/safspirit-c-70\/"]}]},{"@type":"ImageObject","inLanguage":"fr-FR","@id":"https:\/\/fermentis.com\/fr\/produit\/safspirit-c-70\/#primaryimage","url":"https:\/\/cdn.bfldr.com\/G7S7MSWL\/as\/3f9sf499vprcsjrvnvz4h33\/SafSpirit_C-70_-_Spirits_Packshot_-_500g_brick?auto=webp&format=png","contentUrl":"https:\/\/cdn.bfldr.com\/G7S7MSWL\/as\/3f9sf499vprcsjrvnvz4h33\/SafSpirit_C-70_-_Spirits_Packshot_-_500g_brick?auto=webp&format=png","width":"1600","height":"1600","caption":"SafSpirit\u2122 C-70"},{"@type":"BreadcrumbList","@id":"https:\/\/fermentis.com\/fr\/produit\/safspirit-c-70\/#breadcrumb","itemListElement":[{"@type":"ListItem","position":1,"name":"Home","item":"https:\/\/fermentis.com\/fr\/"},{"@type":"ListItem","position":2,"name":"Produits"},{"@type":"ListItem","position":3,"name":"Spiritueux &amp; Distillation","item":"https:\/\/fermentis.com\/fr\/fermentation\/spiritueux-distillation\/"},{"@type":"ListItem","position":4,"name":"Levure s\u00e8che active","item":"https:\/\/fermentis.com\/fr\/fermentation\/spiritueux-distillation\/levure-seche-active-spiritueux\/"},{"@type":"ListItem","position":5,"name":"SafSpirit\u2122 C\u201170"}]},{"@type":"WebSite","@id":"https:\/\/fermentis.com\/fr\/#website","url":"https:\/\/fermentis.com\/fr\/","name":"Fermentis","description":"Un site utilisant WordPress","publisher":{"@id":"https:\/\/fermentis.com\/fr\/#organization"},"potentialAction":[{"@type":"SearchAction","target":{"@type":"EntryPoint","urlTemplate":"https:\/\/fermentis.com\/fr\/?s={search_term_string}"},"query-input":{"@type":"PropertyValueSpecification","valueRequired":true,"valueName":"search_term_string"}}],"inLanguage":"fr-FR"},{"@type":"Organization","@id":"https:\/\/fermentis.com\/fr\/#organization","name":"Fermentis","url":"https:\/\/fermentis.com\/fr\/","logo":{"@type":"ImageObject","inLanguage":"fr-FR","@id":"https:\/\/fermentis.com\/fr\/#\/schema\/logo\/image\/","url":"https:\/\/fermentis.com\/wp-content\/uploads\/2021\/07\/Logo-Fermentis-5.png","contentUrl":"https:\/\/fermentis.com\/wp-content\/uploads\/2021\/07\/Logo-Fermentis-5.png","width":308,"height":95,"caption":"Fermentis"},"image":{"@id":"https:\/\/fermentis.com\/fr\/#\/schema\/logo\/image\/"},"sameAs":["https:\/\/www.facebook.com\/Fermentis","https:\/\/x.com\/fermentis","https:\/\/www.instagram.com\/fermentisbylesaffre\/","https:\/\/www.linkedin.com\/company\/fermentis\/","https:\/\/www.youtube.com\/channel\/UCt_Lp3IZnUNXZeqSi6iiAdA"]}]},"product_price_currency":"GBP","og_availability":"instock","product_availability":"instock","product_condition":"new"},"fifu_image_url":"https:\/\/cdn.bfldr.com\/G7S7MSWL\/as\/3f9sf499vprcsjrvnvz4h33\/SafSpirit_C-70_-_Spirits_Packshot_-_500g_brick?auto=webp&format=png","fifu_image_alt":"SafSpirit\u2122 C-70","_links":{"self":[{"href":"https:\/\/fermentis.com\/fr\/wp-json\/wp\/v2\/product\/28654","targetHints":{"allow":["GET"]}}],"collection":[{"href":"https:\/\/fermentis.com\/fr\/wp-json\/wp\/v2\/product"}],"about":[{"href":"https:\/\/fermentis.com\/fr\/wp-json\/wp\/v2\/types\/product"}],"replies":[{"embeddable":true,"href":"https:\/\/fermentis.com\/fr\/wp-json\/wp\/v2\/comments?post=28654"}],"wp:featuredmedia":[{"embeddable":true,"href":"https:\/\/fermentis.com\/fr\/wp-json\/wp\/v2\/media\/658617"}],"wp:attachment":[{"href":"https:\/\/fermentis.com\/fr\/wp-json\/wp\/v2\/media?parent=28654"}],"wp:term":[{"taxonomy":"product_brand","embeddable":true,"href":"https:\/\/fermentis.com\/fr\/wp-json\/wp\/v2\/product_brand?post=28654"},{"taxonomy":"product_cat","embeddable":true,"href":"https:\/\/fermentis.com\/fr\/wp-json\/wp\/v2\/product_cat?post=28654"},{"taxonomy":"product_tag","embeddable":true,"href":"https:\/\/fermentis.com\/fr\/wp-json\/wp\/v2\/product_tag?post=28654"}],"curies":[{"name":"wp","href":"https:\/\/api.w.org\/{rel}","templated":true}]}}