{"id":28655,"date":"2020-06-29T00:00:00","date_gmt":"2020-06-28T22:00:00","guid":{"rendered":"http:\/\/fermentis.com\/product\/safspirit-hg-1\/"},"modified":"2026-03-16T16:39:58","modified_gmt":"2026-03-16T15:39:58","slug":"safspirit-hg-1","status":"publish","type":"product","link":"https:\/\/fermentis.com\/fr\/produit\/safspirit-hg-1\/","title":{"rendered":"SafSpirit\u2122 HG\u20111"},"content":{"rendered":"<div class=\"container section-title-container\" ><h2 class=\"section-title section-title-center\"><b aria-hidden=\"true\"><\/b><span class=\"section-title-main\" style=\"font-size:115%;\">Le choix pour une fermentation \u00e0 tr\u00e8s haute densit\u00e9<\/span><b aria-hidden=\"true\"><\/b><\/h2><\/div>\n<p><strong>Used for Very High Gravity (VHG) fermentation.<\/strong> High tolerance to ethanol, able to reach 18% v\/v, depending on the process and substrate. <strong>Very good resistance to the osmotic pressure and high fermentation temperatures<\/strong> (thermotolerant yeast). This strain achieves good yields when fermenting at VHG, allowing maximized production capacity, generating incredible savings in energy. Generally produces neutral alcohol profiles. <strong>Ferments all kind of mashes, worts, or juices produce<\/strong>d from any kind of grain, potatoes or other type of starches, sugar cane substrates, agave or tequila juice, and pure sugar solutions.<\/p>\n<p><strong>Ingredients:<\/strong>\u00a0yeast (Saccharomyces cerevisiae), emulsifier: E491 (sorbitan monostearate)<\/p>\n\t<div id=\"gap-1433789856\" class=\"gap-element clearfix\" style=\"display:block; height:auto;\">\n\t\t\n<style>\n#gap-1433789856 {\n  padding-top: 30px;\n}\n<\/style>\n\t<\/div>\n\t\n<div class=\"container section-title-container\" ><h3 class=\"section-title section-title-center\"><b aria-hidden=\"true\"><\/b><span class=\"section-title-main\" style=\"font-size:115%;\">SafSpirit\u2122 HG-1<\/span><b aria-hidden=\"true\"><\/b><\/h3><\/div>\n\n\t\t<div class=\"tabbed-content\">\n\t\t\t\n\t\t\t<ul class=\"nav nav-tabs nav-uppercase nav-size-normal nav-left\" role=\"tablist\"><li id=\"tab-dosage-et-utilisation\" class=\"tab active has-icon\" role=\"presentation\"><a href=\"#tab_dosage-et-utilisation\" role=\"tab\" aria-selected=\"true\" aria-controls=\"tab_dosage-et-utilisation\"><span>Dosage et utilisation<\/span><\/a><\/li>\n<li id=\"tab-stockage-et-dur\u00e9e-de-conservation\" class=\"tab has-icon\" role=\"presentation\"><a href=\"#tab_stockage-et-dur\u00e9e-de-conservation\" tabindex=\"-1\" role=\"tab\" aria-selected=\"false\" aria-controls=\"tab_stockage-et-dur\u00e9e-de-conservation\"><span>Stockage et dur\u00e9e de conservation<\/span><\/a><\/li>\n<li id=\"tab-analyse-type\" class=\"tab has-icon\" role=\"presentation\"><a href=\"#tab_analyse-type\" tabindex=\"-1\" role=\"tab\" aria-selected=\"false\" aria-controls=\"tab_analyse-type\"><span>Analyse type<\/span><\/a><\/li><\/ul><div class=\"tab-panels\"><div id=\"tab_dosage-et-utilisation\" class=\"panel active entry-content\" role=\"tabpanel\" aria-labelledby=\"tab-dosage-et-utilisation\">\n<p><b>DOSAGE<\/b><\/p>\n<p>30-50 g\/hl<\/p>\n<p><b>REHYDRATION INSTRUCTIONS<\/b><\/p>\n<p>\u2460 Rehydrate the yeast in 10 times its volume of water or wort at 25\u00b0C \u2013 35 \u00b0C (77.0\u00b0F \u2013 95.0\u00b0F)<\/p>\n<p>\u2461 Leave to rest for 15 minutes<\/p>\n<p>\u2462 Gently stir<\/p>\n<p>\u2463 Pitch in the fermentor<\/p>\n<\/div>\n<div id=\"tab_stockage-et-dur\u00e9e-de-conservation\" class=\"panel entry-content\" role=\"tabpanel\" aria-labelledby=\"tab-stockage-et-dur\u00e9e-de-conservation\">\n<p><b>STORAGE<\/b><\/p>\n<p>During transport: The product can be transported and stored at room temperature for periods of time not exceeding 3 months, without affecting its performance.<\/p>\n<p>At final destination: Store in cool (&lt;10\u00b0C\/50\u00b0F), dry conditions.<\/p>\n<p><b>SHELF LIFE<\/b><\/p>\n<p>Refer to best before end date printed on the sachet.<\/p>\n<p>Opened sachets must be sealed and stored at 4\u00b0C (39\u00b0F) and used within 7 days of opening. Do not use soft or damaged sachets.<\/p>\n<p>&nbsp;<\/p>\n<p><em>Each Fermentis yeast is developed under a specific production scheme and benefits from the know-how of the Lesaffre group, world leader in yeast manufacturing. This guarantees the highest microbiological purity and maximum fermentation activity.<\/em><\/p>\n<\/div>\n<div id=\"tab_analyse-type\" class=\"panel entry-content\" role=\"tabpanel\" aria-labelledby=\"tab-analyse-type\">\n<table width=\"693\">\n<tbody>\n<tr>\n<td width=\"400\">% dry weight:<\/td>\n<td width=\"293\">94.0 \u2013 96.5<\/td>\n<\/tr>\n<tr>\n<td width=\"400\">Viable cells at packaging:<\/td>\n<td width=\"293\">&gt; 20 x 10<sup>9<\/sup>\u00a0\/gram<\/td>\n<\/tr>\n<tr>\n<td width=\"400\">Total bacteria*:<\/td>\n<td width=\"293\">&lt; 1 x 10<sup>4<\/sup>\/gram<\/td>\n<\/tr>\n<tr>\n<td width=\"400\">Acetic acid bacteria*:<\/td>\n<td width=\"293\">&lt; 1 x 10<sup>3<\/sup>\/gram<\/td>\n<\/tr>\n<tr>\n<td width=\"400\"><em>Lactobacillus*:<\/em><\/td>\n<td width=\"293\">&lt; 1 x 10<sup>4<\/sup>\/gram<\/td>\n<\/tr>\n<\/tbody>\n<\/table>\n<p>Pathogenic micro-organisms: in accordance with regulation<\/p>\n<\/div><\/div><\/div>\n\t<div id=\"gap-1385065616\" class=\"gap-element clearfix\" style=\"display:block; height:auto;\">\n\t\t\n<style>\n#gap-1385065616 {\n  padding-top: 30px;\n}\n<\/style>\n\t<\/div>\n\t\n<p><em>The data contained in this technical sheet are the exact transcription of our knowledge of the product at the mentioned date. They are the exclusive property of Fermentis-Division of S.I.Lesaffre. It is of the user responsibility to make sure that the usage of this particular product complies with the legislation. Given the impact of yeast on the quality of the final alcool, we strongly advise users to make fermentation trials before any commercial usage of our products.<\/em><\/p>\n","protected":false},"excerpt":{"rendered":"<p>Le choix pour une fermentation \u00e0 tr\u00e8s haute densit\u00e9<\/p>\n","protected":false},"featured_media":28294,"comment_status":"closed","ping_status":"closed","template":"","meta":{"_acf_changed":false},"product_brand":[],"product_cat":[313,312],"product_tag":[1274,1275],"class_list":{"0":"post-28655","1":"product","2":"type-product","3":"status-publish","4":"has-post-thumbnail","6":"product_cat-levure-seche-active-spiritueux","7":"product_cat-spiritueux-distillation","8":"product_tag-hg-1-fr","9":"product_tag-hg1-fr","11":"first","12":"instock","13":"shipping-taxable","14":"product-type-simple"},"acf":[],"yoast_head":"<!-- This site is optimized with the Yoast SEO Premium plugin v27.4 (Yoast SEO v27.4) - https:\/\/yoast.com\/product\/yoast-seo-premium-wordpress\/ -->\n<title>SafSpirit\u2122 HG-1 - Levure pour fermentation tr\u00e8s haute densit\u00e9 - Fermentis<\/title>\n<meta name=\"description\" content=\"La levure pour spiritueux Fermentis SafSpirit\u2122 HG-1 est id\u00e9ale pour la fermentation \u00e0 temp\u00e9rature \u00e9lev\u00e9e et sous pression osmotique. Elle fermente des brassins, des mo\u00fbts ou des jus.\" \/>\n<meta name=\"robots\" content=\"index, follow, max-snippet:-1, max-image-preview:large, max-video-preview:-1\" \/>\n<link rel=\"canonical\" href=\"https:\/\/fermentis.com\/fr\/produit\/safspirit-hg-1\/\" \/>\n<meta property=\"og:locale\" content=\"fr_FR\" \/>\n<meta property=\"og:type\" content=\"article\" \/>\n<meta property=\"og:title\" content=\"SafSpirit\u2122 HG\u20111\" \/>\n<meta property=\"og:description\" content=\"La levure pour spiritueux Fermentis SafSpirit\u2122 HG-1 est id\u00e9ale pour la fermentation \u00e0 temp\u00e9rature \u00e9lev\u00e9e et sous pression osmotique. Elle fermente des brassins, des mo\u00fbts ou des jus.\" \/>\n<meta property=\"og:url\" content=\"https:\/\/fermentis.com\/fr\/produit\/safspirit-hg-1\/\" \/>\n<meta property=\"og:site_name\" content=\"Fermentis\" \/>\n<meta property=\"article:publisher\" content=\"https:\/\/www.facebook.com\/Fermentis\" \/>\n<meta property=\"article:modified_time\" content=\"2026-03-16T15:39:58+00:00\" \/>\n<meta property=\"og:image\" content=\"https:\/\/fermentis.com\/wp-content\/uploads\/2020\/10\/safspirit-hg1.jpg\" \/>\n\t<meta property=\"og:image:width\" content=\"1200\" \/>\n\t<meta property=\"og:image:height\" content=\"1200\" \/>\n\t<meta property=\"og:image:type\" content=\"image\/jpeg\" \/>\n<meta name=\"twitter:card\" content=\"summary_large_image\" \/>\n<meta name=\"twitter:site\" content=\"@fermentis\" \/>\n<meta name=\"twitter:label1\" content=\"Prix\" \/>\n\t<meta name=\"twitter:data1\" content=\"\" \/>\n\t<meta name=\"twitter:label2\" content=\"Disponibilit\u00e9\" \/>\n\t<meta name=\"twitter:data2\" content=\"En stock\" \/>\n<script type=\"application\/ld+json\" class=\"yoast-schema-graph\">{\"@context\":\"https:\\\/\\\/schema.org\",\"@graph\":[{\"@type\":\"WebPage\",\"@id\":\"https:\\\/\\\/fermentis.com\\\/fr\\\/produit\\\/safspirit-hg-1\\\/\",\"url\":\"https:\\\/\\\/fermentis.com\\\/fr\\\/produit\\\/safspirit-hg-1\\\/\",\"name\":\"SafSpirit\u2122 HG-1 - Levure pour fermentation tr\u00e8s haute densit\u00e9 - Fermentis\",\"isPartOf\":{\"@id\":\"https:\\\/\\\/fermentis.com\\\/fr\\\/#website\"},\"primaryImageOfPage\":{\"@id\":\"https:\\\/\\\/fermentis.com\\\/fr\\\/produit\\\/safspirit-hg-1\\\/#primaryimage\"},\"image\":{\"@id\":\"https:\\\/\\\/fermentis.com\\\/fr\\\/produit\\\/safspirit-hg-1\\\/#primaryimage\"},\"thumbnailUrl\":\"https:\\\/\\\/fermentis.com\\\/wp-content\\\/uploads\\\/2020\\\/10\\\/safspirit-hg1.jpg\",\"datePublished\":\"2020-06-28T22:00:00+00:00\",\"dateModified\":\"2026-03-16T15:39:58+00:00\",\"description\":\"La levure pour spiritueux Fermentis SafSpirit\u2122 HG-1 est id\u00e9ale pour la fermentation \u00e0 temp\u00e9rature \u00e9lev\u00e9e et sous pression osmotique. Elle fermente des brassins, des mo\u00fbts ou des jus.\",\"breadcrumb\":{\"@id\":\"https:\\\/\\\/fermentis.com\\\/fr\\\/produit\\\/safspirit-hg-1\\\/#breadcrumb\"},\"inLanguage\":\"fr-FR\",\"potentialAction\":[{\"@type\":\"ReadAction\",\"target\":[\"https:\\\/\\\/fermentis.com\\\/fr\\\/produit\\\/safspirit-hg-1\\\/\"]}]},{\"@type\":\"ImageObject\",\"inLanguage\":\"fr-FR\",\"@id\":\"https:\\\/\\\/fermentis.com\\\/fr\\\/produit\\\/safspirit-hg-1\\\/#primaryimage\",\"url\":\"https:\\\/\\\/fermentis.com\\\/wp-content\\\/uploads\\\/2020\\\/10\\\/safspirit-hg1.jpg\",\"contentUrl\":\"https:\\\/\\\/fermentis.com\\\/wp-content\\\/uploads\\\/2020\\\/10\\\/safspirit-hg1.jpg\",\"width\":1200,\"height\":1200,\"caption\":\"SafSpirit active dry yeast for distillers by Fermentis\"},{\"@type\":\"BreadcrumbList\",\"@id\":\"https:\\\/\\\/fermentis.com\\\/fr\\\/produit\\\/safspirit-hg-1\\\/#breadcrumb\",\"itemListElement\":[{\"@type\":\"ListItem\",\"position\":1,\"name\":\"Home\",\"item\":\"https:\\\/\\\/fermentis.com\\\/fr\\\/\"},{\"@type\":\"ListItem\",\"position\":2,\"name\":\"Produits\"},{\"@type\":\"ListItem\",\"position\":3,\"name\":\"Spiritueux &amp; Distillation\",\"item\":\"https:\\\/\\\/fermentis.com\\\/fr\\\/fermentation\\\/spiritueux-distillation\\\/\"},{\"@type\":\"ListItem\",\"position\":4,\"name\":\"Levure s\u00e8che active\",\"item\":\"https:\\\/\\\/fermentis.com\\\/fr\\\/fermentation\\\/spiritueux-distillation\\\/levure-seche-active-spiritueux\\\/\"},{\"@type\":\"ListItem\",\"position\":5,\"name\":\"SafSpirit\u2122 HG\u20111\"}]},{\"@type\":\"WebSite\",\"@id\":\"https:\\\/\\\/fermentis.com\\\/fr\\\/#website\",\"url\":\"https:\\\/\\\/fermentis.com\\\/fr\\\/\",\"name\":\"Fermentis\",\"description\":\"Un site utilisant WordPress\",\"publisher\":{\"@id\":\"https:\\\/\\\/fermentis.com\\\/fr\\\/#organization\"},\"potentialAction\":[{\"@type\":\"SearchAction\",\"target\":{\"@type\":\"EntryPoint\",\"urlTemplate\":\"https:\\\/\\\/fermentis.com\\\/fr\\\/?s={search_term_string}\"},\"query-input\":{\"@type\":\"PropertyValueSpecification\",\"valueRequired\":true,\"valueName\":\"search_term_string\"}}],\"inLanguage\":\"fr-FR\"},{\"@type\":\"Organization\",\"@id\":\"https:\\\/\\\/fermentis.com\\\/fr\\\/#organization\",\"name\":\"Fermentis\",\"url\":\"https:\\\/\\\/fermentis.com\\\/fr\\\/\",\"logo\":{\"@type\":\"ImageObject\",\"inLanguage\":\"fr-FR\",\"@id\":\"https:\\\/\\\/fermentis.com\\\/fr\\\/#\\\/schema\\\/logo\\\/image\\\/\",\"url\":\"https:\\\/\\\/fermentis.com\\\/wp-content\\\/uploads\\\/2021\\\/07\\\/Logo-Fermentis-5.png\",\"contentUrl\":\"https:\\\/\\\/fermentis.com\\\/wp-content\\\/uploads\\\/2021\\\/07\\\/Logo-Fermentis-5.png\",\"width\":308,\"height\":95,\"caption\":\"Fermentis\"},\"image\":{\"@id\":\"https:\\\/\\\/fermentis.com\\\/fr\\\/#\\\/schema\\\/logo\\\/image\\\/\"},\"sameAs\":[\"https:\\\/\\\/www.facebook.com\\\/Fermentis\",\"https:\\\/\\\/x.com\\\/fermentis\",\"https:\\\/\\\/www.instagram.com\\\/fermentisbylesaffre\\\/\",\"https:\\\/\\\/www.linkedin.com\\\/company\\\/fermentis\\\/\",\"https:\\\/\\\/www.youtube.com\\\/channel\\\/UCt_Lp3IZnUNXZeqSi6iiAdA\"]}]}<\/script>\n<meta property=\"product:price:currency\" content=\"GBP\" \/>\n<meta property=\"og:availability\" content=\"instock\" \/>\n<meta property=\"product:availability\" content=\"instock\" \/>\n<meta property=\"product:condition\" content=\"new\" \/>\n<!-- \/ Yoast SEO Premium plugin. -->","yoast_head_json":{"title":"SafSpirit\u2122 HG-1 - Levure pour fermentation tr\u00e8s haute densit\u00e9 - Fermentis","description":"La levure pour spiritueux Fermentis SafSpirit\u2122 HG-1 est id\u00e9ale pour la fermentation \u00e0 temp\u00e9rature \u00e9lev\u00e9e et sous pression osmotique. Elle fermente des brassins, des mo\u00fbts ou des jus.","robots":{"index":"index","follow":"follow","max-snippet":"max-snippet:-1","max-image-preview":"max-image-preview:large","max-video-preview":"max-video-preview:-1"},"canonical":"https:\/\/fermentis.com\/fr\/produit\/safspirit-hg-1\/","og_locale":"fr_FR","og_type":"article","og_title":"SafSpirit\u2122 HG\u20111","og_description":"La levure pour spiritueux Fermentis SafSpirit\u2122 HG-1 est id\u00e9ale pour la fermentation \u00e0 temp\u00e9rature \u00e9lev\u00e9e et sous pression osmotique. Elle fermente des brassins, des mo\u00fbts ou des jus.","og_url":"https:\/\/fermentis.com\/fr\/produit\/safspirit-hg-1\/","og_site_name":"Fermentis","article_publisher":"https:\/\/www.facebook.com\/Fermentis","article_modified_time":"2026-03-16T15:39:58+00:00","og_image":[{"width":1200,"height":1200,"url":"https:\/\/fermentis.com\/wp-content\/uploads\/2020\/10\/safspirit-hg1.jpg","type":"image\/jpeg"}],"twitter_card":"summary_large_image","twitter_site":"@fermentis","twitter_misc":{"Prix":"","Disponibilit\u00e9":"En stock"},"schema":{"@context":"https:\/\/schema.org","@graph":[{"@type":"WebPage","@id":"https:\/\/fermentis.com\/fr\/produit\/safspirit-hg-1\/","url":"https:\/\/fermentis.com\/fr\/produit\/safspirit-hg-1\/","name":"SafSpirit\u2122 HG-1 - Levure pour fermentation tr\u00e8s haute densit\u00e9 - Fermentis","isPartOf":{"@id":"https:\/\/fermentis.com\/fr\/#website"},"primaryImageOfPage":{"@id":"https:\/\/fermentis.com\/fr\/produit\/safspirit-hg-1\/#primaryimage"},"image":{"@id":"https:\/\/fermentis.com\/fr\/produit\/safspirit-hg-1\/#primaryimage"},"thumbnailUrl":"https:\/\/fermentis.com\/wp-content\/uploads\/2020\/10\/safspirit-hg1.jpg","datePublished":"2020-06-28T22:00:00+00:00","dateModified":"2026-03-16T15:39:58+00:00","description":"La levure pour spiritueux Fermentis SafSpirit\u2122 HG-1 est id\u00e9ale pour la fermentation \u00e0 temp\u00e9rature \u00e9lev\u00e9e et sous pression osmotique. Elle fermente des brassins, des mo\u00fbts ou des jus.","breadcrumb":{"@id":"https:\/\/fermentis.com\/fr\/produit\/safspirit-hg-1\/#breadcrumb"},"inLanguage":"fr-FR","potentialAction":[{"@type":"ReadAction","target":["https:\/\/fermentis.com\/fr\/produit\/safspirit-hg-1\/"]}]},{"@type":"ImageObject","inLanguage":"fr-FR","@id":"https:\/\/fermentis.com\/fr\/produit\/safspirit-hg-1\/#primaryimage","url":"https:\/\/fermentis.com\/wp-content\/uploads\/2020\/10\/safspirit-hg1.jpg","contentUrl":"https:\/\/fermentis.com\/wp-content\/uploads\/2020\/10\/safspirit-hg1.jpg","width":1200,"height":1200,"caption":"SafSpirit active dry yeast for distillers by Fermentis"},{"@type":"BreadcrumbList","@id":"https:\/\/fermentis.com\/fr\/produit\/safspirit-hg-1\/#breadcrumb","itemListElement":[{"@type":"ListItem","position":1,"name":"Home","item":"https:\/\/fermentis.com\/fr\/"},{"@type":"ListItem","position":2,"name":"Produits"},{"@type":"ListItem","position":3,"name":"Spiritueux &amp; Distillation","item":"https:\/\/fermentis.com\/fr\/fermentation\/spiritueux-distillation\/"},{"@type":"ListItem","position":4,"name":"Levure s\u00e8che active","item":"https:\/\/fermentis.com\/fr\/fermentation\/spiritueux-distillation\/levure-seche-active-spiritueux\/"},{"@type":"ListItem","position":5,"name":"SafSpirit\u2122 HG\u20111"}]},{"@type":"WebSite","@id":"https:\/\/fermentis.com\/fr\/#website","url":"https:\/\/fermentis.com\/fr\/","name":"Fermentis","description":"Un site utilisant WordPress","publisher":{"@id":"https:\/\/fermentis.com\/fr\/#organization"},"potentialAction":[{"@type":"SearchAction","target":{"@type":"EntryPoint","urlTemplate":"https:\/\/fermentis.com\/fr\/?s={search_term_string}"},"query-input":{"@type":"PropertyValueSpecification","valueRequired":true,"valueName":"search_term_string"}}],"inLanguage":"fr-FR"},{"@type":"Organization","@id":"https:\/\/fermentis.com\/fr\/#organization","name":"Fermentis","url":"https:\/\/fermentis.com\/fr\/","logo":{"@type":"ImageObject","inLanguage":"fr-FR","@id":"https:\/\/fermentis.com\/fr\/#\/schema\/logo\/image\/","url":"https:\/\/fermentis.com\/wp-content\/uploads\/2021\/07\/Logo-Fermentis-5.png","contentUrl":"https:\/\/fermentis.com\/wp-content\/uploads\/2021\/07\/Logo-Fermentis-5.png","width":308,"height":95,"caption":"Fermentis"},"image":{"@id":"https:\/\/fermentis.com\/fr\/#\/schema\/logo\/image\/"},"sameAs":["https:\/\/www.facebook.com\/Fermentis","https:\/\/x.com\/fermentis","https:\/\/www.instagram.com\/fermentisbylesaffre\/","https:\/\/www.linkedin.com\/company\/fermentis\/","https:\/\/www.youtube.com\/channel\/UCt_Lp3IZnUNXZeqSi6iiAdA"]}]},"product_price_currency":"GBP","og_availability":"instock","product_availability":"instock","product_condition":"new"},"_links":{"self":[{"href":"https:\/\/fermentis.com\/fr\/wp-json\/wp\/v2\/product\/28655","targetHints":{"allow":["GET"]}}],"collection":[{"href":"https:\/\/fermentis.com\/fr\/wp-json\/wp\/v2\/product"}],"about":[{"href":"https:\/\/fermentis.com\/fr\/wp-json\/wp\/v2\/types\/product"}],"replies":[{"embeddable":true,"href":"https:\/\/fermentis.com\/fr\/wp-json\/wp\/v2\/comments?post=28655"}],"wp:featuredmedia":[{"embeddable":true,"href":"https:\/\/fermentis.com\/fr\/wp-json\/wp\/v2\/media\/28294"}],"wp:attachment":[{"href":"https:\/\/fermentis.com\/fr\/wp-json\/wp\/v2\/media?parent=28655"}],"wp:term":[{"taxonomy":"product_brand","embeddable":true,"href":"https:\/\/fermentis.com\/fr\/wp-json\/wp\/v2\/product_brand?post=28655"},{"taxonomy":"product_cat","embeddable":true,"href":"https:\/\/fermentis.com\/fr\/wp-json\/wp\/v2\/product_cat?post=28655"},{"taxonomy":"product_tag","embeddable":true,"href":"https:\/\/fermentis.com\/fr\/wp-json\/wp\/v2\/product_tag?post=28655"}],"curies":[{"name":"wp","href":"https:\/\/api.w.org\/{rel}","templated":true}]}}