{"id":29454,"date":"2020-11-20T09:51:59","date_gmt":"2020-11-20T08:51:59","guid":{"rendered":"http:\/\/fermentis.com\/product\/springferm-nab\/"},"modified":"2026-04-17T15:38:13","modified_gmt":"2026-04-17T13:38:13","slug":"springferm-nab","status":"publish","type":"product","link":"https:\/\/fermentis.com\/fr\/produit\/springferm-nab\/","title":{"rendered":"SpringFerm\u2122 NAB"},"content":{"rendered":"<div class=\"container section-title-container\" ><h2 class=\"section-title section-title-center\"><b aria-hidden=\"true\"><\/b><span class=\"section-title-main\" style=\"font-size:115%;\">La solution id\u00e9ale pour les bases alcoolis\u00e9es neutres telles que les hard seltzer <\/span><b aria-hidden=\"true\"><\/b><\/h2><\/div>\n<p>D\u00e9velopp\u00e9 pour <strong>fermenter tr\u00e8s rapidement des sucres \u00ab purs \u00bb sans aucun autre ajout<\/strong> et pour obtenir un produit final parfaitement neutre.<\/p>\n<p><br data-source=\"\n\n\"><strong>Ingr\u00e9dients<\/strong> : min\u00e9raux et vitamines (voir composition d\u00e9taill\u00e9e sur l&#039;\u00e9tiquette du produit).<br \/><br data-source=\"\n\">Tous les ingr\u00e9dients sont de qualit\u00e9 alimentaire ou pharmaceutique.<br data-source=\"\n\n\">\t<div id=\"gap-940816669\" class=\"gap-element clearfix\" style=\"display:block; height:auto;\">\n\t\t\n<style>\n#gap-940816669 {\n  padding-top: 30px;\n}\n<\/style>\n\t<\/div>\n\t\n\n\t\t<div class=\"tabbed-content\">\n\t\t\t\n\t\t\t<ul class=\"nav nav-tabs nav-uppercase nav-size-normal nav-left\" role=\"tablist\"><li id=\"tab-dosage-et-utilisation\" class=\"tab active has-icon\" role=\"presentation\"><a href=\"#tab_dosage-et-utilisation\" role=\"tab\" aria-selected=\"true\" aria-controls=\"tab_dosage-et-utilisation\"><span>Dosage et utilisation<\/span><\/a><\/li>\n<li id=\"tab-propri\u00e9t\u00e9s\" class=\"tab has-icon\" role=\"presentation\"><a href=\"#tab_propri\u00e9t\u00e9s\" tabindex=\"-1\" role=\"tab\" aria-selected=\"false\" aria-controls=\"tab_propri\u00e9t\u00e9s\"><span>Propri\u00e9t\u00e9s<\/span><\/a><\/li>\n<li id=\"tab-stockage-et-dur\u00e9e-de-conservation\" class=\"tab has-icon\" role=\"presentation\"><a href=\"#tab_stockage-et-dur\u00e9e-de-conservation\" tabindex=\"-1\" role=\"tab\" aria-selected=\"false\" aria-controls=\"tab_stockage-et-dur\u00e9e-de-conservation\"><span>Stockage et dur\u00e9e de conservation<\/span><\/a><\/li><\/ul><div class=\"tab-panels\"><div id=\"tab_dosage-et-utilisation\" class=\"panel active entry-content\" role=\"tabpanel\" aria-labelledby=\"tab-dosage-et-utilisation\">\n<p><strong>DOSAGE<\/strong><br data-source=\"\n\n\">550 g\/hl (SpringFerm\u2122 NAB-2) ou 440 g\/hl (SpringFerm\u2122 NAB-3) pour le mo\u00fbt \u00e0 haute densit\u00e9 contenant<br data-source=\"\n\">[270 \u2013 300] g de sucre \u00ab pur \u00bb \/ litre.<br data-source=\"\n\n\">Pour un mo\u00fbt \u00e0 faible densit\u00e9, contactez-nous \u00e0 fermentis@lesaffre.com pour conna\u00eetre nos recommandations.<br data-source=\"\n\"><br data-source=\"\n\n\"><strong>TEMP\u00c9RATURE DE FERMENTATION<\/strong><br data-source=\"\n\n\">Pour la souche de levure choisie, veuillez consulter la fiche technique de la levure pour conna\u00eetre les plages de temp\u00e9ratures de fermentation.<br data-source=\"\n\n\"><strong>USAGE<\/strong><br data-source=\"\n\n\">En raison de l&#039;objectif de neutralit\u00e9 du produit final, l&#039;accent doit \u00eatre mis sur la st\u00e9rilit\u00e9 tout au long du processus.<br data-source=\"\n\">le processus. Cependant, veuillez noter que la st\u00e9rilisation ou la pasteurisation peuvent endommager les vitamines<br data-source=\"\n\">contenu dans SpringFerm\u2122 NAB.<br data-source=\"\n\">\u2192 Refroidir d\u2019<strong>abord la solution sucr\u00e9e ou le mo\u00fbt<\/strong> \u00e0 tr\u00e8s haute teneur en additifs \u00e0 30-35\u00b0C\/86-95\u00b0F,<br data-source=\"\n\">puis ajoutez SpringFerm\u2122 NAB.<br data-source=\"\n\">\u2192 <strong>Si possible, faire fonctionner l&#039;agitation\/recirculation pendant 10 minutes<\/strong> pour assurer l&#039;homog\u00e9n\u00e9it\u00e9,<br data-source=\"\n\">avant l&#039;ensemencement de la levure.<br data-source=\"\n\">\u2192 <strong>La levure doit \u00eatre soit lanc\u00e9e directement dans la cuve<\/strong> de fermentation (si la levure choisie<br data-source=\"\n\">est certifi\u00e9 E2U\u2122) ou <strong>r\u00e9hydrat\u00e9 dans un r\u00e9cipient s\u00e9par\u00e9.<\/strong> Dans ce cas, remplissez un r\u00e9cipient avec 10x<br data-source=\"\n\">le poids de la levure dans de l&#039;eau st\u00e9rile \u00e0 32-35\u00b0C\/90-95\u00b0F.<br data-source=\"\n\">\u2192 <strong>Ajoutez la levure s\u00e8che dans le r\u00e9cipient et laissez reposer 10 \u00e0 15 minutes.<\/strong><br data-source=\"\n\">\u2192 Apr\u00e8s cette p\u00e9riode d&#039;attente, remuez <strong>doucement la solution<\/strong> pour r\u00e9hydrater davantage la levure s\u00e8che dans l&#039;eau<br data-source=\"\n\">pour faire une solution cr\u00e9meuse.<br data-source=\"\n\">\u2192 <strong>Attendez encore 10 \u00e0 15 minutes<\/strong> et la levure cr\u00e9meuse est pr\u00eate \u00e0 \u00eatre lanc\u00e9e.<br data-source=\"\n\"><strong>Pour la souche de levure choisie, veuillez consulter la fiche technique de la levure pour la fermentation<\/strong><br data-source=\"\n\"><strong>plages de temp\u00e9rature.<\/strong><\/p>\n<\/div>\n<div id=\"tab_propri\u00e9t\u00e9s\" class=\"panel entry-content\" role=\"tabpanel\" aria-labelledby=\"tab-propri\u00e9t\u00e9s\">\n<p>Vous souhaitez produire des hard seltzers ou toute autre boisson \u00e0 base d&#8217;alcool neutre ? SpringFerm\u2122 NAB est la solution id\u00e9ale. D\u00e9velopp\u00e9e pour fermenter les solutions de sucre pur et les mo\u00fbts avec grains non malt\u00e9s avec de levure, c\u2019est une aide \u00e0 la fermentation 100% \u00e0 base min\u00e9rale. Vous obtiendrez une fermentation tr\u00e8s rapide et un produit final parfait sans ajouts suppl\u00e9mentaires.<\/p>\n<\/div>\n<div id=\"tab_stockage-et-dur\u00e9e-de-conservation\" class=\"panel entry-content\" role=\"tabpanel\" aria-labelledby=\"tab-stockage-et-dur\u00e9e-de-conservation\">\n<p><br data-source=\"\n\n\"><strong>STOCKAGE<\/strong><br data-source=\"\n\n\">Conserver \u00e0 temp\u00e9rature <strong>ambiante (moins de 25\u00b0C\/77\u00b0F<\/strong>) dans un endroit sec et \u00e0 l&#039;abri du soleil. Les sachets <strong>ouverts doivent \u00eatre scell\u00e9s<\/strong> et conserv\u00e9s \u00e0 temp\u00e9rature ambiante (moins de 25\u00b0C\/77\u00b0F) et utilis\u00e9s dans le mois suivant l&#039;ouverture. <strong>N&#039;utilisez pas de sachets<\/strong> mous ou endommag\u00e9s.<br data-source=\"\n\n\"><strong>DUR\u00c9E DE CONSERVATION<\/strong><br data-source=\"\n\n\">Se r\u00e9f\u00e9rer \u00e0 la date limite de consommation imprim\u00e9e sur le sachet.<br data-source=\"\n\n\"><br data-source=\"\n\"><\/p>\n<\/div><\/div><\/div>\n\t<div id=\"gap-572217901\" class=\"gap-element clearfix\" style=\"display:block; height:auto;\">\n\t\t\n<style>\n#gap-572217901 {\n  padding-top: 30px;\n}\n<\/style>\n\t<\/div>\n\t\n","protected":false},"excerpt":{"rendered":"<p>La solution id\u00e9ale pour les bases alcoolis\u00e9es neutres telles que les hard seltzer <\/p>\n","protected":false},"featured_media":29879,"comment_status":"closed","ping_status":"closed","template":"","meta":{"_acf_changed":false},"product_brand":[],"product_cat":[385,384],"product_tag":[1276,1277],"class_list":{"0":"post-29454","1":"product","2":"type-product","3":"status-publish","4":"has-post-thumbnail","6":"product_cat-alcool-base-neutre","7":"product_cat-autres-boissons","8":"product_tag-nab-fr","9":"product_tag-springferm-nab-fr","11":"first","12":"instock","13":"shipping-taxable","14":"product-type-simple"},"acf":[],"yoast_head":"<!-- This site is optimized with the Yoast SEO Premium plugin v27.4 (Yoast SEO v27.4) - https:\/\/yoast.com\/product\/yoast-seo-premium-wordpress\/ -->\n<title>SpringFerm\u2122 NAB - Solution pour base alcoolis\u00e9e neutre - Fermentis<\/title>\n<meta name=\"description\" content=\"SpringFerm\u2122 NAB est un m\u00e9lange de min\u00e9raux et de vitamines pour cr\u00e9er des boissons \u00e0 base d&#039;alcool neutres telles que des hard seltzers (boisson gazeuse \u00e0 faible teneur en alcool) et d&#039;autres boissons.\" \/>\n<meta name=\"robots\" content=\"index, follow, max-snippet:-1, max-image-preview:large, max-video-preview:-1\" \/>\n<link rel=\"canonical\" href=\"https:\/\/fermentis.com\/fr\/produit\/springferm-nab\/\" \/>\n<meta property=\"og:locale\" content=\"fr_FR\" \/>\n<meta property=\"og:type\" content=\"article\" \/>\n<meta property=\"og:title\" content=\"SpringFerm\u2122 NAB\" \/>\n<meta property=\"og:description\" content=\"SpringFerm\u2122 NAB est un m\u00e9lange de min\u00e9raux et de vitamines pour cr\u00e9er des boissons \u00e0 base d&#039;alcool neutres telles que des hard seltzers (boisson gazeuse \u00e0 faible teneur en alcool) et d&#039;autres boissons.\" \/>\n<meta property=\"og:url\" content=\"https:\/\/fermentis.com\/fr\/produit\/springferm-nab\/\" \/>\n<meta property=\"og:site_name\" content=\"Fermentis\" \/>\n<meta property=\"article:publisher\" content=\"https:\/\/www.facebook.com\/Fermentis\" \/>\n<meta property=\"article:modified_time\" content=\"2026-04-17T13:38:13+00:00\" \/>\n<meta property=\"og:image\" content=\"https:\/\/fermentis.com\/wp-content\/uploads\/2020\/11\/springferm-nab.jpg\" \/>\n\t<meta property=\"og:image:width\" content=\"1200\" \/>\n\t<meta property=\"og:image:height\" content=\"1200\" \/>\n\t<meta property=\"og:image:type\" content=\"image\/jpeg\" \/>\n<meta name=\"twitter:card\" content=\"summary_large_image\" \/>\n<meta name=\"twitter:site\" content=\"@fermentis\" \/>\n<meta name=\"twitter:label1\" content=\"Prix\" \/>\n\t<meta name=\"twitter:data1\" content=\"\" \/>\n\t<meta name=\"twitter:label2\" content=\"Disponibilit\u00e9\" \/>\n\t<meta name=\"twitter:data2\" content=\"En stock\" \/>\n<script type=\"application\/ld+json\" class=\"yoast-schema-graph\">{\"@context\":\"https:\\\/\\\/schema.org\",\"@graph\":[{\"@type\":\"WebPage\",\"@id\":\"https:\\\/\\\/fermentis.com\\\/fr\\\/produit\\\/springferm-nab\\\/\",\"url\":\"https:\\\/\\\/fermentis.com\\\/fr\\\/produit\\\/springferm-nab\\\/\",\"name\":\"SpringFerm\u2122 NAB - Solution pour base alcoolis\u00e9e neutre - Fermentis\",\"isPartOf\":{\"@id\":\"https:\\\/\\\/fermentis.com\\\/fr\\\/#website\"},\"primaryImageOfPage\":{\"@id\":\"https:\\\/\\\/fermentis.com\\\/fr\\\/produit\\\/springferm-nab\\\/#primaryimage\"},\"image\":{\"@id\":\"https:\\\/\\\/fermentis.com\\\/fr\\\/produit\\\/springferm-nab\\\/#primaryimage\"},\"thumbnailUrl\":\"https:\\\/\\\/fermentis.com\\\/wp-content\\\/uploads\\\/2020\\\/11\\\/springferm-nab.jpg\",\"datePublished\":\"2020-11-20T08:51:59+00:00\",\"dateModified\":\"2026-04-17T13:38:13+00:00\",\"description\":\"SpringFerm\u2122 NAB est un m\u00e9lange de min\u00e9raux et de vitamines pour cr\u00e9er des boissons \u00e0 base d'alcool neutres telles que des hard seltzers (boisson gazeuse \u00e0 faible teneur en alcool) et d'autres boissons.\",\"breadcrumb\":{\"@id\":\"https:\\\/\\\/fermentis.com\\\/fr\\\/produit\\\/springferm-nab\\\/#breadcrumb\"},\"inLanguage\":\"fr-FR\",\"potentialAction\":[{\"@type\":\"ReadAction\",\"target\":[\"https:\\\/\\\/fermentis.com\\\/fr\\\/produit\\\/springferm-nab\\\/\"]}]},{\"@type\":\"ImageObject\",\"inLanguage\":\"fr-FR\",\"@id\":\"https:\\\/\\\/fermentis.com\\\/fr\\\/produit\\\/springferm-nab\\\/#primaryimage\",\"url\":\"https:\\\/\\\/fermentis.com\\\/wp-content\\\/uploads\\\/2020\\\/11\\\/springferm-nab.jpg\",\"contentUrl\":\"https:\\\/\\\/fermentis.com\\\/wp-content\\\/uploads\\\/2020\\\/11\\\/springferm-nab.jpg\",\"width\":1200,\"height\":1200,\"caption\":\"Springferm NAB-3 hard seltzer yeast pack by fermentis\"},{\"@type\":\"BreadcrumbList\",\"@id\":\"https:\\\/\\\/fermentis.com\\\/fr\\\/produit\\\/springferm-nab\\\/#breadcrumb\",\"itemListElement\":[{\"@type\":\"ListItem\",\"position\":1,\"name\":\"Home\",\"item\":\"https:\\\/\\\/fermentis.com\\\/fr\\\/\"},{\"@type\":\"ListItem\",\"position\":2,\"name\":\"Produits\"},{\"@type\":\"ListItem\",\"position\":3,\"name\":\"Autres boissons ferment\u00e9es\",\"item\":\"https:\\\/\\\/fermentis.com\\\/fr\\\/fermentation\\\/autres-boissons\\\/\"},{\"@type\":\"ListItem\",\"position\":4,\"name\":\"SpringFerm\u2122 NAB\"}]},{\"@type\":\"WebSite\",\"@id\":\"https:\\\/\\\/fermentis.com\\\/fr\\\/#website\",\"url\":\"https:\\\/\\\/fermentis.com\\\/fr\\\/\",\"name\":\"Fermentis\",\"description\":\"Un site utilisant WordPress\",\"publisher\":{\"@id\":\"https:\\\/\\\/fermentis.com\\\/fr\\\/#organization\"},\"potentialAction\":[{\"@type\":\"SearchAction\",\"target\":{\"@type\":\"EntryPoint\",\"urlTemplate\":\"https:\\\/\\\/fermentis.com\\\/fr\\\/?s={search_term_string}\"},\"query-input\":{\"@type\":\"PropertyValueSpecification\",\"valueRequired\":true,\"valueName\":\"search_term_string\"}}],\"inLanguage\":\"fr-FR\"},{\"@type\":\"Organization\",\"@id\":\"https:\\\/\\\/fermentis.com\\\/fr\\\/#organization\",\"name\":\"Fermentis\",\"url\":\"https:\\\/\\\/fermentis.com\\\/fr\\\/\",\"logo\":{\"@type\":\"ImageObject\",\"inLanguage\":\"fr-FR\",\"@id\":\"https:\\\/\\\/fermentis.com\\\/fr\\\/#\\\/schema\\\/logo\\\/image\\\/\",\"url\":\"https:\\\/\\\/fermentis.com\\\/wp-content\\\/uploads\\\/2021\\\/07\\\/Logo-Fermentis-5.png\",\"contentUrl\":\"https:\\\/\\\/fermentis.com\\\/wp-content\\\/uploads\\\/2021\\\/07\\\/Logo-Fermentis-5.png\",\"width\":308,\"height\":95,\"caption\":\"Fermentis\"},\"image\":{\"@id\":\"https:\\\/\\\/fermentis.com\\\/fr\\\/#\\\/schema\\\/logo\\\/image\\\/\"},\"sameAs\":[\"https:\\\/\\\/www.facebook.com\\\/Fermentis\",\"https:\\\/\\\/x.com\\\/fermentis\",\"https:\\\/\\\/www.instagram.com\\\/fermentisbylesaffre\\\/\",\"https:\\\/\\\/www.linkedin.com\\\/company\\\/fermentis\\\/\",\"https:\\\/\\\/www.youtube.com\\\/channel\\\/UCt_Lp3IZnUNXZeqSi6iiAdA\"]}]}<\/script>\n<meta property=\"product:price:currency\" content=\"GBP\" \/>\n<meta property=\"og:availability\" content=\"instock\" \/>\n<meta property=\"product:availability\" content=\"instock\" \/>\n<meta property=\"product:condition\" content=\"new\" \/>\n<!-- \/ Yoast SEO Premium plugin. -->","yoast_head_json":{"title":"SpringFerm\u2122 NAB - Solution pour base alcoolis\u00e9e neutre - Fermentis","description":"SpringFerm\u2122 NAB est un m\u00e9lange de min\u00e9raux et de vitamines pour cr\u00e9er des boissons \u00e0 base d'alcool neutres telles que des hard seltzers (boisson gazeuse \u00e0 faible teneur en alcool) et d'autres boissons.","robots":{"index":"index","follow":"follow","max-snippet":"max-snippet:-1","max-image-preview":"max-image-preview:large","max-video-preview":"max-video-preview:-1"},"canonical":"https:\/\/fermentis.com\/fr\/produit\/springferm-nab\/","og_locale":"fr_FR","og_type":"article","og_title":"SpringFerm\u2122 NAB","og_description":"SpringFerm\u2122 NAB est un m\u00e9lange de min\u00e9raux et de vitamines pour cr\u00e9er des boissons \u00e0 base d'alcool neutres telles que des hard seltzers (boisson gazeuse \u00e0 faible teneur en alcool) et d'autres boissons.","og_url":"https:\/\/fermentis.com\/fr\/produit\/springferm-nab\/","og_site_name":"Fermentis","article_publisher":"https:\/\/www.facebook.com\/Fermentis","article_modified_time":"2026-04-17T13:38:13+00:00","og_image":[{"width":1200,"height":1200,"url":"https:\/\/fermentis.com\/wp-content\/uploads\/2020\/11\/springferm-nab.jpg","type":"image\/jpeg"}],"twitter_card":"summary_large_image","twitter_site":"@fermentis","twitter_misc":{"Prix":"","Disponibilit\u00e9":"En stock"},"schema":{"@context":"https:\/\/schema.org","@graph":[{"@type":"WebPage","@id":"https:\/\/fermentis.com\/fr\/produit\/springferm-nab\/","url":"https:\/\/fermentis.com\/fr\/produit\/springferm-nab\/","name":"SpringFerm\u2122 NAB - Solution pour base alcoolis\u00e9e neutre - Fermentis","isPartOf":{"@id":"https:\/\/fermentis.com\/fr\/#website"},"primaryImageOfPage":{"@id":"https:\/\/fermentis.com\/fr\/produit\/springferm-nab\/#primaryimage"},"image":{"@id":"https:\/\/fermentis.com\/fr\/produit\/springferm-nab\/#primaryimage"},"thumbnailUrl":"https:\/\/fermentis.com\/wp-content\/uploads\/2020\/11\/springferm-nab.jpg","datePublished":"2020-11-20T08:51:59+00:00","dateModified":"2026-04-17T13:38:13+00:00","description":"SpringFerm\u2122 NAB est un m\u00e9lange de min\u00e9raux et de vitamines pour cr\u00e9er des boissons \u00e0 base d'alcool neutres telles que des hard seltzers (boisson gazeuse \u00e0 faible teneur en alcool) et d'autres boissons.","breadcrumb":{"@id":"https:\/\/fermentis.com\/fr\/produit\/springferm-nab\/#breadcrumb"},"inLanguage":"fr-FR","potentialAction":[{"@type":"ReadAction","target":["https:\/\/fermentis.com\/fr\/produit\/springferm-nab\/"]}]},{"@type":"ImageObject","inLanguage":"fr-FR","@id":"https:\/\/fermentis.com\/fr\/produit\/springferm-nab\/#primaryimage","url":"https:\/\/fermentis.com\/wp-content\/uploads\/2020\/11\/springferm-nab.jpg","contentUrl":"https:\/\/fermentis.com\/wp-content\/uploads\/2020\/11\/springferm-nab.jpg","width":1200,"height":1200,"caption":"Springferm NAB-3 hard seltzer yeast pack by fermentis"},{"@type":"BreadcrumbList","@id":"https:\/\/fermentis.com\/fr\/produit\/springferm-nab\/#breadcrumb","itemListElement":[{"@type":"ListItem","position":1,"name":"Home","item":"https:\/\/fermentis.com\/fr\/"},{"@type":"ListItem","position":2,"name":"Produits"},{"@type":"ListItem","position":3,"name":"Autres boissons ferment\u00e9es","item":"https:\/\/fermentis.com\/fr\/fermentation\/autres-boissons\/"},{"@type":"ListItem","position":4,"name":"SpringFerm\u2122 NAB"}]},{"@type":"WebSite","@id":"https:\/\/fermentis.com\/fr\/#website","url":"https:\/\/fermentis.com\/fr\/","name":"Fermentis","description":"Un site utilisant WordPress","publisher":{"@id":"https:\/\/fermentis.com\/fr\/#organization"},"potentialAction":[{"@type":"SearchAction","target":{"@type":"EntryPoint","urlTemplate":"https:\/\/fermentis.com\/fr\/?s={search_term_string}"},"query-input":{"@type":"PropertyValueSpecification","valueRequired":true,"valueName":"search_term_string"}}],"inLanguage":"fr-FR"},{"@type":"Organization","@id":"https:\/\/fermentis.com\/fr\/#organization","name":"Fermentis","url":"https:\/\/fermentis.com\/fr\/","logo":{"@type":"ImageObject","inLanguage":"fr-FR","@id":"https:\/\/fermentis.com\/fr\/#\/schema\/logo\/image\/","url":"https:\/\/fermentis.com\/wp-content\/uploads\/2021\/07\/Logo-Fermentis-5.png","contentUrl":"https:\/\/fermentis.com\/wp-content\/uploads\/2021\/07\/Logo-Fermentis-5.png","width":308,"height":95,"caption":"Fermentis"},"image":{"@id":"https:\/\/fermentis.com\/fr\/#\/schema\/logo\/image\/"},"sameAs":["https:\/\/www.facebook.com\/Fermentis","https:\/\/x.com\/fermentis","https:\/\/www.instagram.com\/fermentisbylesaffre\/","https:\/\/www.linkedin.com\/company\/fermentis\/","https:\/\/www.youtube.com\/channel\/UCt_Lp3IZnUNXZeqSi6iiAdA"]}]},"product_price_currency":"GBP","og_availability":"instock","product_availability":"instock","product_condition":"new"},"_links":{"self":[{"href":"https:\/\/fermentis.com\/fr\/wp-json\/wp\/v2\/product\/29454","targetHints":{"allow":["GET"]}}],"collection":[{"href":"https:\/\/fermentis.com\/fr\/wp-json\/wp\/v2\/product"}],"about":[{"href":"https:\/\/fermentis.com\/fr\/wp-json\/wp\/v2\/types\/product"}],"replies":[{"embeddable":true,"href":"https:\/\/fermentis.com\/fr\/wp-json\/wp\/v2\/comments?post=29454"}],"wp:featuredmedia":[{"embeddable":true,"href":"https:\/\/fermentis.com\/fr\/wp-json\/wp\/v2\/media\/29879"}],"wp:attachment":[{"href":"https:\/\/fermentis.com\/fr\/wp-json\/wp\/v2\/media?parent=29454"}],"wp:term":[{"taxonomy":"product_brand","embeddable":true,"href":"https:\/\/fermentis.com\/fr\/wp-json\/wp\/v2\/product_brand?post=29454"},{"taxonomy":"product_cat","embeddable":true,"href":"https:\/\/fermentis.com\/fr\/wp-json\/wp\/v2\/product_cat?post=29454"},{"taxonomy":"product_tag","embeddable":true,"href":"https:\/\/fermentis.com\/fr\/wp-json\/wp\/v2\/product_tag?post=29454"}],"curies":[{"name":"wp","href":"https:\/\/api.w.org\/{rel}","templated":true}]}}