{"id":29483,"date":"2020-06-28T00:00:00","date_gmt":"2020-06-27T22:00:00","guid":{"rendered":"http:\/\/fermentis.com\/product\/safkvas-c-73\/"},"modified":"2026-04-24T18:20:12","modified_gmt":"2026-04-24T16:20:12","slug":"safkvas-c-73","status":"publish","type":"product","link":"https:\/\/fermentis.com\/fr\/produit\/safkvas-c-73\/","title":{"rendered":"SafKvas\u2122 C\u201173"},"content":{"rendered":"<div class=\"container section-title-container\" ><h2 class=\"section-title section-title-center\"><b aria-hidden=\"true\"><\/b><span class=\"section-title-main\" style=\"font-size:115%;\">Pour la production de kvas sur des substrats de c\u00e9r\u00e9ales ou de fruits<\/span><b aria-hidden=\"true\"><\/b><\/h2><\/div>\n<p>Les levures s\u00e8ches permettent d&#039;obtenir d&#039;excellents r\u00e9sultats sur l&#039;activit\u00e9 fermentaire, la s\u00e9dimentation, la filtrabilit\u00e9\/clarification, la vitalit\u00e9 de la population cellulaire et la production d&#039;acidit\u00e9 totale. SafKvas\u2122 C-73 sur substrat de c\u00e9r\u00e9ales ou de fruits permet d&#039;obtenir un profil organoleptique \u00e9quilibr\u00e9 avec des compos\u00e9s aromatiques typiques qui conf\u00e8rent un caract\u00e8re agr\u00e9able \u00e0 la boisson.<\/p>\n<p>&nbsp;<\/p>\n<p><strong>Ingr\u00e9dients<\/strong> : levure (Saccharomyces cerevisiae), \u00e9mulsifiant E491<\/p>\n\t<div id=\"gap-1865341175\" class=\"gap-element clearfix\" style=\"display:block; height:auto;\">\n\t\t\n<style>\n#gap-1865341175 {\n  padding-top: 30px;\n}\n<\/style>\n\t<\/div>\n\t\n\n\t\t<div class=\"tabbed-content\">\n\t\t\t\n\t\t\t<ul class=\"nav nav-tabs nav-uppercase nav-size-normal nav-left\" role=\"tablist\"><li id=\"tab-dosage-et-utilisation\" class=\"tab active has-icon\" role=\"presentation\"><a href=\"#tab_dosage-et-utilisation\" role=\"tab\" aria-selected=\"true\" aria-controls=\"tab_dosage-et-utilisation\"><span>Dosage et utilisation<\/span><\/a><\/li>\n<li id=\"tab-stockage-et-dur\u00e9e-de-conservation\" class=\"tab has-icon\" role=\"presentation\"><a href=\"#tab_stockage-et-dur\u00e9e-de-conservation\" tabindex=\"-1\" role=\"tab\" aria-selected=\"false\" aria-controls=\"tab_stockage-et-dur\u00e9e-de-conservation\"><span>Stockage et dur\u00e9e de conservation<\/span><\/a><\/li>\n<li id=\"tab-caract\u00e9ristiques-techniques\" class=\"tab has-icon\" role=\"presentation\"><a href=\"#tab_caract\u00e9ristiques-techniques\" tabindex=\"-1\" role=\"tab\" aria-selected=\"false\" aria-controls=\"tab_caract\u00e9ristiques-techniques\"><span>Caract\u00e9ristiques techniques<\/span><\/a><\/li><\/ul><div class=\"tab-panels\"><div id=\"tab_dosage-et-utilisation\" class=\"panel active entry-content\" role=\"tabpanel\" aria-labelledby=\"tab-dosage-et-utilisation\">\n<p><b>DOSAGE<\/b><\/p>\n<p>10-60 g\/hl de mo\u00fbt selon le proc\u00e9d\u00e9 choisi<\/p>\n<p><b>TEMP\u00c9RATURE<\/b><\/p>\n<p>25\u00b0C \u00b1 5\u00b0C<\/p>\n<p><b>UTILISATION<\/b><\/p>\n<p>La levure s\u00e8che peut \u00eatre ajout\u00e9e directement dans la cuve de fermentation. Saupoudrer peu \u00e0 peu la levure s\u00e8che sur le mo\u00fbt \u00e0 25\u00b0C \u00b1 5\u00b0C et veiller \u00e0 ce que la levure recouvre toute sa surface afin d&#039;\u00e9viter les agr\u00e9gats. Laissez reposer 15 \u00e0 30 minutes puis homog\u00e9n\u00e9iser. La levure peut \u00eatre r\u00e9hydrat\u00e9e dans une cuve s\u00e9par\u00e9e : saupoudrez la levure s\u00e8che dans 10 fois son propre poids d&#039;eau ou de mo\u00fbt. Une fois la cr\u00e8me de levure est obtenue (15 \u00e0 30 min), maintenir l&#039;agitation pendant encore 30 minutes. La cr\u00e8me de levure est alors pr\u00eate \u00e0 \u00eatre ajout\u00e9e dans la cuve de fermentation.<\/p>\n<p><b>CONDITIONNEMENT<\/b><\/p>\n<p>1 sachet sous vide de 10 kg dans une bo\u00eete en carton.<\/p>\n<\/div>\n<div id=\"tab_stockage-et-dur\u00e9e-de-conservation\" class=\"panel entry-content\" role=\"tabpanel\" aria-labelledby=\"tab-stockage-et-dur\u00e9e-de-conservation\">\n<p><b>CONSERVATION<\/b><\/p>\n<p>&nbsp;<\/p>\n<p>Pendant le transport : le produit peut \u00eatre transport\u00e9 et conserv\u00e9 \u00e0 temp\u00e9rature ambiante pendant au maximum 3 mois sans affecter ses performances \u00c0 destination finale : conserver dans un endroit frais et sec. Les sachets ouverts doivent \u00eatre herm\u00e9tiquement referm\u00e9s et conserv\u00e9s \u00e0 4\u00b0C et utilis\u00e9s dans les 7 jours suivant l&#039;ouverture. N&#039;utilisez pas les sachets mous ou ab\u00eem\u00e9s.<\/p>\n<p>&nbsp;<\/p>\n<p><b>DUR\u00c9E DE CONSERVATION<\/b><\/p>\n<p>&nbsp;<\/p>\n<p>Consulter la date limite d&#039;utilisation optimale imprim\u00e9e sur le sachet. 36 mois \u00e0 compter de la date de production dans les conditions de stockage recommand\u00e9es.<\/p>\n<\/div>\n<div id=\"tab_caract\u00e9ristiques-techniques\" class=\"panel entry-content\" role=\"tabpanel\" aria-labelledby=\"tab-caract\u00e9ristiques-techniques\">\n<p>CARACT\u00c9RISTIQUES PHYSIQUES ET CHIMIQUES (BRUTTO)<\/p>\n<table style=\"height: 249px\" width=\"384\" cellspacing=\"0\" cellpadding=\"0\">\n<tbody>\n<tr>\n<td valign=\"top\">% Mati\u00e8re s\u00e8che :<\/td>\n<td valign=\"top\">94,0 &#8211; 96,5<\/td>\n<\/tr>\n<tr>\n<td valign=\"top\">Prot\u00e9ines :<\/td>\n<td valign=\"top\">47 \u00b1 8%<\/td>\n<\/tr>\n<tr>\n<td valign=\"top\">Glucides :<\/td>\n<td valign=\"top\">37 \u00b1 5%<\/td>\n<\/tr>\n<tr>\n<td valign=\"top\">Lipides :<\/td>\n<td valign=\"top\">7 \u00b1 2%<\/td>\n<\/tr>\n<tr>\n<td valign=\"top\">\u00c9nergie:<\/td>\n<td valign=\"top\">350 \u00b1 50 Kcal pour 100g<\/td>\n<\/tr>\n<\/tbody>\n<\/table>\n<p>CARACT\u00c9RISTIQUES MICROBIOLOGIQUES<\/p>\n<table cellspacing=\"0\" cellpadding=\"0\">\n<tbody>\n<tr>\n<td valign=\"top\">Cellules viables \u00e0 l&#039;emballage :<\/td>\n<td valign=\"top\">&gt; 20 x 10<sup>9<\/sup>\/gramme<\/td>\n<\/tr>\n<tr>\n<td valign=\"top\">Micro-organismes pathog\u00e8nes :<\/td>\n<td valign=\"top\">conform\u00e9ment \u00e0 la r\u00e9glementation<\/td>\n<\/tr>\n<\/tbody>\n<\/table>\n<p>ALLERG\u00c8NES Ce produit est conforme \u00e0 la Directive 2003-89-CE relative aux allerg\u00e8nes.<\/p>\n<\/div><\/div><\/div>\n\t<div id=\"gap-1885900497\" class=\"gap-element clearfix\" style=\"display:block; height:auto;\">\n\t\t\n<style>\n#gap-1885900497 {\n  padding-top: 30px;\n}\n<\/style>\n\t<\/div>\n\t\n","protected":false},"excerpt":{"rendered":"<p>Pour la production de kvas sur des substrats de c\u00e9r\u00e9ales ou de fruits<\/p>\n","protected":false},"featured_media":29883,"comment_status":"closed","ping_status":"closed","template":"","meta":{"_acf_changed":false},"product_brand":[],"product_cat":[384,2964],"product_tag":[958,957],"class_list":{"0":"post-29483","1":"product","2":"type-product","3":"status-publish","4":"has-post-thumbnail","6":"product_cat-autres-boissons","7":"product_cat-kvas-fr","8":"product_tag-c-73-fr","9":"product_tag-c73-fr","11":"first","12":"instock","13":"shipping-taxable","14":"product-type-simple"},"acf":[],"yoast_head":"<!-- This site is optimized with the Yoast SEO Premium plugin v27.4 (Yoast SEO v27.4) - https:\/\/yoast.com\/product\/yoast-seo-premium-wordpress\/ -->\n<title>SafKvas C-73 - Levure pour la production de kvas - Fermentis<\/title>\n<meta name=\"description\" content=\"La levure Fermentis SafKvas C-73 est id\u00e9ale pour la production de kvas sur substrat de c\u00e9r\u00e9ales ou de fruits. Son profil organoleptique \u00e9quilibr\u00e9 donne un caract\u00e8re plaisant \u00e0 la boisson\" \/>\n<meta name=\"robots\" content=\"index, follow, max-snippet:-1, max-image-preview:large, max-video-preview:-1\" \/>\n<link rel=\"canonical\" href=\"https:\/\/fermentis.com\/fr\/produit\/safkvas-c-73\/\" \/>\n<meta property=\"og:locale\" content=\"fr_FR\" \/>\n<meta property=\"og:type\" content=\"article\" \/>\n<meta property=\"og:title\" content=\"SafKvas\u2122 C\u201173\" \/>\n<meta property=\"og:description\" content=\"La levure Fermentis SafKvas C-73 est id\u00e9ale pour la production de kvas sur substrat de c\u00e9r\u00e9ales ou de fruits. Son profil organoleptique \u00e9quilibr\u00e9 donne un caract\u00e8re plaisant \u00e0 la boisson\" \/>\n<meta property=\"og:url\" content=\"https:\/\/fermentis.com\/fr\/produit\/safkvas-c-73\/\" \/>\n<meta property=\"og:site_name\" content=\"Fermentis\" \/>\n<meta property=\"article:publisher\" content=\"https:\/\/www.facebook.com\/Fermentis\" \/>\n<meta property=\"article:modified_time\" content=\"2026-04-24T16:20:12+00:00\" \/>\n<meta property=\"og:image\" content=\"https:\/\/fermentis.com\/wp-content\/uploads\/2020\/06\/packshot-safkvas.jpg\" \/>\n\t<meta property=\"og:image:width\" content=\"1200\" \/>\n\t<meta property=\"og:image:height\" content=\"1200\" \/>\n\t<meta property=\"og:image:type\" content=\"image\/jpeg\" \/>\n<meta name=\"twitter:card\" content=\"summary_large_image\" \/>\n<meta name=\"twitter:site\" content=\"@fermentis\" \/>\n<meta name=\"twitter:label1\" content=\"Prix\" \/>\n\t<meta name=\"twitter:data1\" content=\"\" \/>\n\t<meta name=\"twitter:label2\" content=\"Disponibilit\u00e9\" \/>\n\t<meta name=\"twitter:data2\" content=\"En stock\" \/>\n<script type=\"application\/ld+json\" class=\"yoast-schema-graph\">{\"@context\":\"https:\\\/\\\/schema.org\",\"@graph\":[{\"@type\":\"WebPage\",\"@id\":\"https:\\\/\\\/fermentis.com\\\/fr\\\/produit\\\/safkvas-c-73\\\/\",\"url\":\"https:\\\/\\\/fermentis.com\\\/fr\\\/produit\\\/safkvas-c-73\\\/\",\"name\":\"SafKvas C-73 - Levure pour la production de kvas - Fermentis\",\"isPartOf\":{\"@id\":\"https:\\\/\\\/fermentis.com\\\/fr\\\/#website\"},\"primaryImageOfPage\":{\"@id\":\"https:\\\/\\\/fermentis.com\\\/fr\\\/produit\\\/safkvas-c-73\\\/#primaryimage\"},\"image\":{\"@id\":\"https:\\\/\\\/fermentis.com\\\/fr\\\/produit\\\/safkvas-c-73\\\/#primaryimage\"},\"thumbnailUrl\":\"https:\\\/\\\/fermentis.com\\\/wp-content\\\/uploads\\\/2020\\\/06\\\/packshot-safkvas.jpg\",\"datePublished\":\"2020-06-27T22:00:00+00:00\",\"dateModified\":\"2026-04-24T16:20:12+00:00\",\"description\":\"La levure Fermentis SafKvas C-73 est id\u00e9ale pour la production de kvas sur substrat de c\u00e9r\u00e9ales ou de fruits. Son profil organoleptique \u00e9quilibr\u00e9 donne un caract\u00e8re plaisant \u00e0 la boisson\",\"breadcrumb\":{\"@id\":\"https:\\\/\\\/fermentis.com\\\/fr\\\/produit\\\/safkvas-c-73\\\/#breadcrumb\"},\"inLanguage\":\"fr-FR\",\"potentialAction\":[{\"@type\":\"ReadAction\",\"target\":[\"https:\\\/\\\/fermentis.com\\\/fr\\\/produit\\\/safkvas-c-73\\\/\"]}]},{\"@type\":\"ImageObject\",\"inLanguage\":\"fr-FR\",\"@id\":\"https:\\\/\\\/fermentis.com\\\/fr\\\/produit\\\/safkvas-c-73\\\/#primaryimage\",\"url\":\"https:\\\/\\\/fermentis.com\\\/wp-content\\\/uploads\\\/2020\\\/06\\\/packshot-safkvas.jpg\",\"contentUrl\":\"https:\\\/\\\/fermentis.com\\\/wp-content\\\/uploads\\\/2020\\\/06\\\/packshot-safkvas.jpg\",\"width\":1200,\"height\":1200,\"caption\":\"SafKvas C-73 kvass yeast pack by fermentis\"},{\"@type\":\"BreadcrumbList\",\"@id\":\"https:\\\/\\\/fermentis.com\\\/fr\\\/produit\\\/safkvas-c-73\\\/#breadcrumb\",\"itemListElement\":[{\"@type\":\"ListItem\",\"position\":1,\"name\":\"Home\",\"item\":\"https:\\\/\\\/fermentis.com\\\/fr\\\/\"},{\"@type\":\"ListItem\",\"position\":2,\"name\":\"Produits\"},{\"@type\":\"ListItem\",\"position\":3,\"name\":\"Autres boissons ferment\u00e9es\",\"item\":\"https:\\\/\\\/fermentis.com\\\/fr\\\/fermentation\\\/autres-boissons\\\/\"},{\"@type\":\"ListItem\",\"position\":4,\"name\":\"SafKvas\u2122 C\u201173\"}]},{\"@type\":\"WebSite\",\"@id\":\"https:\\\/\\\/fermentis.com\\\/fr\\\/#website\",\"url\":\"https:\\\/\\\/fermentis.com\\\/fr\\\/\",\"name\":\"Fermentis\",\"description\":\"Un site utilisant WordPress\",\"publisher\":{\"@id\":\"https:\\\/\\\/fermentis.com\\\/fr\\\/#organization\"},\"potentialAction\":[{\"@type\":\"SearchAction\",\"target\":{\"@type\":\"EntryPoint\",\"urlTemplate\":\"https:\\\/\\\/fermentis.com\\\/fr\\\/?s={search_term_string}\"},\"query-input\":{\"@type\":\"PropertyValueSpecification\",\"valueRequired\":true,\"valueName\":\"search_term_string\"}}],\"inLanguage\":\"fr-FR\"},{\"@type\":\"Organization\",\"@id\":\"https:\\\/\\\/fermentis.com\\\/fr\\\/#organization\",\"name\":\"Fermentis\",\"url\":\"https:\\\/\\\/fermentis.com\\\/fr\\\/\",\"logo\":{\"@type\":\"ImageObject\",\"inLanguage\":\"fr-FR\",\"@id\":\"https:\\\/\\\/fermentis.com\\\/fr\\\/#\\\/schema\\\/logo\\\/image\\\/\",\"url\":\"https:\\\/\\\/fermentis.com\\\/wp-content\\\/uploads\\\/2021\\\/07\\\/Logo-Fermentis-5.png\",\"contentUrl\":\"https:\\\/\\\/fermentis.com\\\/wp-content\\\/uploads\\\/2021\\\/07\\\/Logo-Fermentis-5.png\",\"width\":308,\"height\":95,\"caption\":\"Fermentis\"},\"image\":{\"@id\":\"https:\\\/\\\/fermentis.com\\\/fr\\\/#\\\/schema\\\/logo\\\/image\\\/\"},\"sameAs\":[\"https:\\\/\\\/www.facebook.com\\\/Fermentis\",\"https:\\\/\\\/x.com\\\/fermentis\",\"https:\\\/\\\/www.instagram.com\\\/fermentisbylesaffre\\\/\",\"https:\\\/\\\/www.linkedin.com\\\/company\\\/fermentis\\\/\",\"https:\\\/\\\/www.youtube.com\\\/channel\\\/UCt_Lp3IZnUNXZeqSi6iiAdA\"]}]}<\/script>\n<meta property=\"product:price:currency\" content=\"GBP\" \/>\n<meta property=\"og:availability\" content=\"instock\" \/>\n<meta property=\"product:availability\" content=\"instock\" \/>\n<meta property=\"product:condition\" content=\"new\" \/>\n<!-- \/ Yoast SEO Premium plugin. -->","yoast_head_json":{"title":"SafKvas C-73 - Levure pour la production de kvas - Fermentis","description":"La levure Fermentis SafKvas C-73 est id\u00e9ale pour la production de kvas sur substrat de c\u00e9r\u00e9ales ou de fruits. Son profil organoleptique \u00e9quilibr\u00e9 donne un caract\u00e8re plaisant \u00e0 la boisson","robots":{"index":"index","follow":"follow","max-snippet":"max-snippet:-1","max-image-preview":"max-image-preview:large","max-video-preview":"max-video-preview:-1"},"canonical":"https:\/\/fermentis.com\/fr\/produit\/safkvas-c-73\/","og_locale":"fr_FR","og_type":"article","og_title":"SafKvas\u2122 C\u201173","og_description":"La levure Fermentis SafKvas C-73 est id\u00e9ale pour la production de kvas sur substrat de c\u00e9r\u00e9ales ou de fruits. Son profil organoleptique \u00e9quilibr\u00e9 donne un caract\u00e8re plaisant \u00e0 la boisson","og_url":"https:\/\/fermentis.com\/fr\/produit\/safkvas-c-73\/","og_site_name":"Fermentis","article_publisher":"https:\/\/www.facebook.com\/Fermentis","article_modified_time":"2026-04-24T16:20:12+00:00","og_image":[{"width":1200,"height":1200,"url":"https:\/\/fermentis.com\/wp-content\/uploads\/2020\/06\/packshot-safkvas.jpg","type":"image\/jpeg"}],"twitter_card":"summary_large_image","twitter_site":"@fermentis","twitter_misc":{"Prix":"","Disponibilit\u00e9":"En stock"},"schema":{"@context":"https:\/\/schema.org","@graph":[{"@type":"WebPage","@id":"https:\/\/fermentis.com\/fr\/produit\/safkvas-c-73\/","url":"https:\/\/fermentis.com\/fr\/produit\/safkvas-c-73\/","name":"SafKvas C-73 - Levure pour la production de kvas - Fermentis","isPartOf":{"@id":"https:\/\/fermentis.com\/fr\/#website"},"primaryImageOfPage":{"@id":"https:\/\/fermentis.com\/fr\/produit\/safkvas-c-73\/#primaryimage"},"image":{"@id":"https:\/\/fermentis.com\/fr\/produit\/safkvas-c-73\/#primaryimage"},"thumbnailUrl":"https:\/\/fermentis.com\/wp-content\/uploads\/2020\/06\/packshot-safkvas.jpg","datePublished":"2020-06-27T22:00:00+00:00","dateModified":"2026-04-24T16:20:12+00:00","description":"La levure Fermentis SafKvas C-73 est id\u00e9ale pour la production de kvas sur substrat de c\u00e9r\u00e9ales ou de fruits. Son profil organoleptique \u00e9quilibr\u00e9 donne un caract\u00e8re plaisant \u00e0 la boisson","breadcrumb":{"@id":"https:\/\/fermentis.com\/fr\/produit\/safkvas-c-73\/#breadcrumb"},"inLanguage":"fr-FR","potentialAction":[{"@type":"ReadAction","target":["https:\/\/fermentis.com\/fr\/produit\/safkvas-c-73\/"]}]},{"@type":"ImageObject","inLanguage":"fr-FR","@id":"https:\/\/fermentis.com\/fr\/produit\/safkvas-c-73\/#primaryimage","url":"https:\/\/fermentis.com\/wp-content\/uploads\/2020\/06\/packshot-safkvas.jpg","contentUrl":"https:\/\/fermentis.com\/wp-content\/uploads\/2020\/06\/packshot-safkvas.jpg","width":1200,"height":1200,"caption":"SafKvas C-73 kvass yeast pack by fermentis"},{"@type":"BreadcrumbList","@id":"https:\/\/fermentis.com\/fr\/produit\/safkvas-c-73\/#breadcrumb","itemListElement":[{"@type":"ListItem","position":1,"name":"Home","item":"https:\/\/fermentis.com\/fr\/"},{"@type":"ListItem","position":2,"name":"Produits"},{"@type":"ListItem","position":3,"name":"Autres boissons ferment\u00e9es","item":"https:\/\/fermentis.com\/fr\/fermentation\/autres-boissons\/"},{"@type":"ListItem","position":4,"name":"SafKvas\u2122 C\u201173"}]},{"@type":"WebSite","@id":"https:\/\/fermentis.com\/fr\/#website","url":"https:\/\/fermentis.com\/fr\/","name":"Fermentis","description":"Un site utilisant WordPress","publisher":{"@id":"https:\/\/fermentis.com\/fr\/#organization"},"potentialAction":[{"@type":"SearchAction","target":{"@type":"EntryPoint","urlTemplate":"https:\/\/fermentis.com\/fr\/?s={search_term_string}"},"query-input":{"@type":"PropertyValueSpecification","valueRequired":true,"valueName":"search_term_string"}}],"inLanguage":"fr-FR"},{"@type":"Organization","@id":"https:\/\/fermentis.com\/fr\/#organization","name":"Fermentis","url":"https:\/\/fermentis.com\/fr\/","logo":{"@type":"ImageObject","inLanguage":"fr-FR","@id":"https:\/\/fermentis.com\/fr\/#\/schema\/logo\/image\/","url":"https:\/\/fermentis.com\/wp-content\/uploads\/2021\/07\/Logo-Fermentis-5.png","contentUrl":"https:\/\/fermentis.com\/wp-content\/uploads\/2021\/07\/Logo-Fermentis-5.png","width":308,"height":95,"caption":"Fermentis"},"image":{"@id":"https:\/\/fermentis.com\/fr\/#\/schema\/logo\/image\/"},"sameAs":["https:\/\/www.facebook.com\/Fermentis","https:\/\/x.com\/fermentis","https:\/\/www.instagram.com\/fermentisbylesaffre\/","https:\/\/www.linkedin.com\/company\/fermentis\/","https:\/\/www.youtube.com\/channel\/UCt_Lp3IZnUNXZeqSi6iiAdA"]}]},"product_price_currency":"GBP","og_availability":"instock","product_availability":"instock","product_condition":"new"},"_links":{"self":[{"href":"https:\/\/fermentis.com\/fr\/wp-json\/wp\/v2\/product\/29483","targetHints":{"allow":["GET"]}}],"collection":[{"href":"https:\/\/fermentis.com\/fr\/wp-json\/wp\/v2\/product"}],"about":[{"href":"https:\/\/fermentis.com\/fr\/wp-json\/wp\/v2\/types\/product"}],"replies":[{"embeddable":true,"href":"https:\/\/fermentis.com\/fr\/wp-json\/wp\/v2\/comments?post=29483"}],"wp:featuredmedia":[{"embeddable":true,"href":"https:\/\/fermentis.com\/fr\/wp-json\/wp\/v2\/media\/29883"}],"wp:attachment":[{"href":"https:\/\/fermentis.com\/fr\/wp-json\/wp\/v2\/media?parent=29483"}],"wp:term":[{"taxonomy":"product_brand","embeddable":true,"href":"https:\/\/fermentis.com\/fr\/wp-json\/wp\/v2\/product_brand?post=29483"},{"taxonomy":"product_cat","embeddable":true,"href":"https:\/\/fermentis.com\/fr\/wp-json\/wp\/v2\/product_cat?post=29483"},{"taxonomy":"product_tag","embeddable":true,"href":"https:\/\/fermentis.com\/fr\/wp-json\/wp\/v2\/product_tag?post=29483"}],"curies":[{"name":"wp","href":"https:\/\/api.w.org\/{rel}","templated":true}]}}