{"id":33474,"date":"2022-05-23T18:04:55","date_gmt":"2022-05-23T16:04:55","guid":{"rendered":"https:\/\/fermentis.com\/?post_type=product&#038;p=33474"},"modified":"2026-04-13T11:04:50","modified_gmt":"2026-04-13T09:04:50","slug":"safoeno-ef-85","status":"publish","type":"product","link":"https:\/\/fermentis.com\/fr\/produit\/safoeno-ef-85\/","title":{"rendered":"Saf\u0152no\u2122 EF 85"},"content":{"rendered":"<div class=\"container section-title-container\" ><h2 class=\"section-title section-title-center\"><b aria-hidden=\"true\"><\/b><span class=\"section-title-main\" style=\"font-size:115%;\">POUR DES VINS BLANCS \u00c9L\u00c9GANTS AUX AR\u00d4MES COMPLEXES<\/span><b aria-hidden=\"true\"><\/b><\/h2><\/div>\n<p><span style=\"vertical-align: inherit\"><span style=\"vertical-align: inherit\"><strong>Saf\u0152no\u2122 EF 85<\/strong> est originaire du Val de Loire (France) et est issu d&#039;un programme de s\u00e9lection men\u00e9 en partenariat avec l&#039;Institut Fran\u00e7ais de la Vigne et du Vin.<\/span><\/span><\/p>\n<p><strong>Dosage :<\/strong> Vins blancs tranquilles : 20 g\/hl<\/p>\n<p><strong>Ingr\u00e9dients :<\/strong> Levure (Saccharomyces cerevisiae*), \u00c9mulsifiant : Monost\u00e9arate de sorbitane (E\/INS 491)<\/p>\n<p>*D&#039;apr\u00e8s \u00abRevisiter les synonymes taxonomiques et les populations de Saccharomyces cerevisiae \u2013 Phylog\u00e9nie, ph\u00e9notypes, \u00e9cologie et domestication\u00bb. Pontes A., Hutzler M., Brito PH et Sampaio JP, 2020 et \u00ab Diversit\u00e9 et \u00e9volution du g\u00e9nome chez les levures \u00e0 bourgeonnement (Saccharomycotina). G\u00e9n\u00e9tique.\u00bb Dujon BA, Louis EJ, 2017 ; 206(2):717\u2010750.<\/p>\n\t<div id=\"gap-1640476509\" class=\"gap-element clearfix\" style=\"display:block; height:auto;\">\n\t\t\n<style>\n#gap-1640476509 {\n  padding-top: 30px;\n}\n<\/style>\n\t<\/div>\n\t\n<div class=\"container section-title-container\" ><h3 class=\"section-title section-title-center\"><b aria-hidden=\"true\"><\/b><span class=\"section-title-main\" style=\"font-size:115%;\">Caract\u00e9ristiques sensorielles du Saf\u0152no\u2122 EF 85<\/span><b aria-hidden=\"true\"><\/b><\/h3><\/div>\n\n\t\t<div class=\"tabbed-content\">\n\t\t\t\n\t\t\t<ul class=\"nav nav-tabs nav-uppercase nav-size-normal nav-left\" role=\"tablist\"><li id=\"tab-recommandations\" class=\"tab active has-icon\" role=\"presentation\"><a href=\"#tab_recommandations\" role=\"tab\" aria-selected=\"true\" aria-controls=\"tab_recommandations\"><span>recommandations<\/span><\/a><\/li>\n<li id=\"tab-essai\" class=\"tab has-icon\" role=\"presentation\"><a href=\"#tab_essai\" tabindex=\"-1\" role=\"tab\" aria-selected=\"false\" aria-controls=\"tab_essai\"><span>essai<\/span><\/a><\/li><\/ul><div class=\"tab-panels\"><div id=\"tab_recommandations\" class=\"panel active entry-content\" role=\"tabpanel\" aria-labelledby=\"tab-recommandations\">\n<p>Gr\u00e2ce \u00e0 sa forte production d\u2019esters \u00e9thyliques associ\u00e9e \u00e0 une production moyenne d\u2019esters ac\u00e9tates, Saf\u0152no\u2122 EF 85 apporte aux vins des notes fruit\u00e9es complexes et \u00e9quilibr\u00e9es.<br \/>\nAu cours des nombreuses vinifications r\u00e9alis\u00e9es au cours de son programme de s\u00e9lection, Saf\u0152no\u2122 EF 85 a montr\u00e9 de bonnes performances sur de nombreux c\u00e9pages blancs diff\u00e9rents, des c\u00e9pages neutres (Chardonnay, Grenache blanc, Ugni blanc, etc.) aux c\u00e9pages aromatiques (Muscat, etc.), offrant toujours un profil aromatique bien appr\u00e9ci\u00e9 des d\u00e9gustateurs.<br \/>\nSa capacit\u00e9 \u00e0 maintenir une acidit\u00e9 totale \u00e9lev\u00e9e favorise une bouche fra\u00eeche et \u00e9quilibr\u00e9e faisant de Saf\u0152no\u2122 EF 85 un vin id\u00e9alement adapt\u00e9 \u00e0 l&#039;\u00e9laboration de vins blancs \u00e9l\u00e9gants dans le respect du c\u00e9page.<\/p>\n<\/div>\n<div id=\"tab_essai\" class=\"panel entry-content\" role=\"tabpanel\" aria-labelledby=\"tab-essai\">\n<p>Melon de Bourgogne (Val de Loire \u2013 France), 12,14% v\/v, temp\u00e9rature de fermentation constante \u00e0 18\u00b0C (64\u00b0F), pH 3,1.<\/p>\n<p>Ajustement de l&#039;azote assimilable avec DAP en YAN (mg\/L) \/ Sucres initiaux (g\/L) = 0,98.<\/p>\n\t<div class=\"img has-hover x md-x lg-x y md-y lg-y\" id=\"image_1959999467\">\n\t\t\t\t\t\t\t\t<div class=\"img-inner dark\" >\n\t\t\t<img loading=\"lazy\" decoding=\"async\" width=\"1020\" height=\"332\" src=\"https:\/\/fermentis.com\/wp-content\/uploads\/2022\/05\/EF-85-SENSORY-PROFILE-ANALYSIS-1024x333.jpg\" class=\"attachment-large size-large\" alt=\"Saf\u0152no\u2122 EF 85 SENSORY PROFILE &amp; ANALYSIS\" srcset=\"https:\/\/fermentis.com\/wp-content\/uploads\/2022\/05\/EF-85-SENSORY-PROFILE-ANALYSIS-1024x333.jpg 1024w, https:\/\/fermentis.com\/wp-content\/uploads\/2022\/05\/EF-85-SENSORY-PROFILE-ANALYSIS-800x260.jpg 800w, https:\/\/fermentis.com\/wp-content\/uploads\/2022\/05\/EF-85-SENSORY-PROFILE-ANALYSIS-768x250.jpg 768w, https:\/\/fermentis.com\/wp-content\/uploads\/2022\/05\/EF-85-SENSORY-PROFILE-ANALYSIS-600x195.jpg 600w, https:\/\/fermentis.com\/wp-content\/uploads\/2022\/05\/EF-85-SENSORY-PROFILE-ANALYSIS.jpg 1159w\" sizes=\"auto, (max-width: 1020px) 100vw, 1020px\" \/>\t\t\t\t\t\t\n\t\t\t\t\t<\/div>\n\t\t\t\t\t\t\t\t\n<style>\n#image_1959999467 {\n  width: 100%;\n}\n<\/style>\n\t<\/div>\n\t\n\t<div id=\"gap-1829004750\" class=\"gap-element clearfix\" style=\"display:block; height:auto;\">\n\t\t\n<style>\n#gap-1829004750 {\n  padding-top: 10px;\n}\n<\/style>\n\t<\/div>\n\t\n<p>Fig. 1 et 2\u00a0: Saf\u0152no\u2122 EF 85 conduit \u00e0 un profil fruit\u00e9, complexe et \u00e9quilibr\u00e9 en augmentant la concentration d&#8217;esters \u00e9thyliques dans le vin par rapport \u00e0 Saf\u0152no\u2122 HD A54 qui est un producteur \u00e9lev\u00e9 d&#8217;esters ac\u00e9tates, ce qui donne des profils plus intenses mais moins complexes.<\/p>\n<\/div><\/div><\/div>\n\t<div id=\"gap-1963031218\" class=\"gap-element clearfix\" style=\"display:block; height:auto;\">\n\t\t\n<style>\n#gap-1963031218 {\n  padding-top: 30px;\n}\n<\/style>\n\t<\/div>\n\t\n<div class=\"container section-title-container\" ><h3 class=\"section-title section-title-center\"><b aria-hidden=\"true\"><\/b><span class=\"section-title-main\" style=\"font-size:115%;\">Caract\u00e9ristiques techniques du Saf\u0152no\u2122 EF 85<\/span><b aria-hidden=\"true\"><\/b><\/h3><\/div>\n\n\t\t<div class=\"tabbed-content\">\n\t\t\t\n\t\t\t<ul class=\"nav nav-tabs nav-uppercase nav-size-normal nav-left\" role=\"tablist\"><li id=\"tab-fermentation\" class=\"tab active has-icon\" role=\"presentation\"><a href=\"#tab_fermentation\" role=\"tab\" aria-selected=\"true\" aria-controls=\"tab_fermentation\"><span>fermentation<\/span><\/a><\/li>\n<li id=\"tab-m\u00e9tabolique\" class=\"tab has-icon\" role=\"presentation\"><a href=\"#tab_m\u00e9tabolique\" tabindex=\"-1\" role=\"tab\" aria-selected=\"false\" aria-controls=\"tab_m\u00e9tabolique\"><span>M\u00e9tabolique<\/span><\/a><\/li>\n<li id=\"tab-easy-2-use\" class=\"tab has-icon\" role=\"presentation\"><a href=\"#tab_easy-2-use\" tabindex=\"-1\" role=\"tab\" aria-selected=\"false\" aria-controls=\"tab_easy-2-use\"><span>easy 2 use<\/span><\/a><\/li>\n<li id=\"tab-emballage-&amp;-garantie\" class=\"tab has-icon\" role=\"presentation\"><a href=\"#tab_emballage-&amp;-garantie\" tabindex=\"-1\" role=\"tab\" aria-selected=\"false\" aria-controls=\"tab_emballage-&amp;-garantie\"><span>Emballage &amp; garantie<\/span><\/a><\/li><\/ul><div class=\"tab-panels\"><div id=\"tab_fermentation\" class=\"panel active entry-content\" role=\"tabpanel\" aria-labelledby=\"tab-fermentation\">\n<p><b>Capacit\u00e9s fermentaires :<\/b><\/p>\n<p>\u2022 Forte force d&#039;implantation gr\u00e2ce \u00e0 son ph\u00e9notype Killer<br \/>\n\u2022 Phase de latence courte \u00e0 moyenne ; ensuite, cin\u00e9tique rapide et r\u00e9guli\u00e8re<br \/>\n\u2022 Bonne tol\u00e9rance \u00e0 l&#039;alcool : jusqu&#039;\u00e0 15,5 % v\/v<br \/>\n\u2022 Large gamme de temp\u00e9ratures de fermentation : 10-30\u00b0C (50-86\u00b0F)<br \/>\n\u2022 Besoins mod\u00e9r\u00e9s en azote : Ratio YAN (mg\/L) Sucres initiaux (g\/L) \u2265 0,8<\/p>\n<\/div>\n<div id=\"tab_m\u00e9tabolique\" class=\"panel entry-content\" role=\"tabpanel\" aria-labelledby=\"tab-m\u00e9tabolique\">\n<p><b>Caract\u00e9ristiques m\u00e9taboliques :<\/b><\/p>\n<p>\u2022 Faible consommation d\u2019acide malique et bonne r\u00e9tention de l\u2019acidit\u00e9 totale<br \/>\n\u2022 Production d\u2019acidit\u00e9 volatile moyenne<br \/>\n\u2022 Faible production de H<sub>2<\/sub>S et production moyenne de SO<sub>2<\/sub><br \/>\n\u2022 Production \u00e9lev\u00e9e d&#039;esters \u00e9thyliques<br \/>\n\u2022 Production moyenne d&#039;esters d&#039;ac\u00e9tate, notamment d&#039;ac\u00e9tate d&#039;isoamyle<\/p>\n<\/div>\n<div id=\"tab_easy-2-use\" class=\"panel entry-content\" role=\"tabpanel\" aria-labelledby=\"tab-easy-2-use\">\n<p>Le savoir-faire de Lesaffre et l&#039;am\u00e9lioration continue des proc\u00e9d\u00e9s de production de levures g\u00e9n\u00e8rent une <strong>qualit\u00e9 exceptionnelle de levures s\u00e8ches capables de r\u00e9sister \u00e0 une tr\u00e8s large gamme d&#039;utilisations, y compris en contournant les conditions d&#039;acclimatation, de froid ou de non-r\u00e9hydratation, sans affecter leur viabilit\u00e9, leur profil cin\u00e9tique et\/ou analytique.<\/strong> Les vignerons peuvent choisir d&#039;utiliser notre levure E2U\u2122 avec le proc\u00e9d\u00e9 qui correspond le mieux \u00e0 leurs besoins :<\/p>\n<ul>\n<li><strong>Ensemencement direct<\/strong> : Inoculer la quantit\u00e9 de levure souhait\u00e9e directement dans le mo\u00fbt en cuve de fermentation en prenant soin d&#039;homog\u00e9n\u00e9iser l&#039;ensemble du volume. En blanc ou en ros\u00e9, id\u00e9alement saupoudrer directement la levure dans la cuve de fermentation apr\u00e8s le d\u00e9but du transvasement depuis la cuve de d\u00e9bourbage et poursuivre le transvasement pour assurer une bonne homog\u00e9n\u00e9isation. Alternativement, verser la quantit\u00e9 de levure souhait\u00e9e \u00e0 la surface d&#039;au moins 10 fois leur poids de mo\u00fbt. Remuer doucement pour \u00e9viter les grumeaux. Transf\u00e9rer imm\u00e9diatement dans la cuve et homog\u00e9n\u00e9iser l&#039;ensemble du volume.<\/li>\n<li><strong>Avec r\u00e9hydratation pr\u00e9alable et \u00e9ventuelle acclimatation<\/strong> : Verser d\u00e9licatement la quantit\u00e9 d\u00e9sir\u00e9e de levure dans 10 fois son poids d&#039;eau du robinet \u00e0 15-37\u00b0C (59-98,6\u00b0F). Remuez d\u00e9licatement pour compl\u00e9ter la r\u00e9hydratation de la levure et \u00e9viter la formation de grumeaux. Laisser reposer 20 minutes et incorporer le pied de cuve dans la cuve de fermentation avec homog\u00e9n\u00e9isation. Apr\u00e8s la r\u00e9hydratation, il est possible de poursuivre par une acclimatation en incorporant au levain de fermentation \u00bd volume de mo\u00fbt et en laissant reposer 10 minutes. Recommencer l\u2019op\u00e9ration jusqu\u2019au moment o\u00f9 la diff\u00e9rence de temp\u00e9rature entre le mo\u00fbt en cuve et le levain sera inf\u00e9rieure \u00e0 10 \u00b0C.<\/li>\n<\/ul>\n<\/div>\n<div id=\"tab_emballage-&amp;-garantie\" class=\"panel entry-content\" role=\"tabpanel\" aria-labelledby=\"tab-emballage-&amp;-garantie\">\n<p><b>Conditionnement<\/b><\/p>\n<p>Bo\u00eete en carton de 20 sachets sous vide de 500 g chacun (poids net de la bo\u00eete pleine : 10 kg)<\/p>\n<p>Carton de 1 bo\u00eete sous vide de 10 kg (poids net de la bo\u00eete pleine : 10 kg)<\/p>\n<p><b>Garantie<\/b><\/p>\n<p>Le produit doit \u00eatre conserv\u00e9\/transport\u00e9 dans des conditions s\u00e8ches et prot\u00e9g\u00e9 des rayons directs du soleil. Pendant moins de 6 mois, le produit peut \u00eatre conserv\u00e9\/transport\u00e9 \u00e0 temp\u00e9rature ambiante inf\u00e9rieure \u00e0 25\u00b0C, sans affecter ses performances. Des pics jusqu&#039;\u00e0 40\u00b0C sont autoris\u00e9s pendant une p\u00e9riode limit\u00e9e (moins de 5 jours).<\/p>\n<p>Fermentis recommande un stockage \u00e0 long terme \u00e0 une temp\u00e9rature contr\u00f4l\u00e9e (inf\u00e9rieure \u00e0 15\u00b0C), une fois le produit arriv\u00e9 \u00e0 destination finale.<\/p>\n<p>Fermentis garantit que le produit est conforme aux sp\u00e9cifications de l&#039;OIV jusqu&#039;\u00e0 sa Date Limite d&#039;Utilisation Optimale dans les conditions de stockage mentionn\u00e9es ci-dessus. Le produit est \u00e9galement autoris\u00e9 par le TTB am\u00e9ricain.<\/p>\n<p><em>Chaque levure Fermentis est d\u00e9velopp\u00e9e selon un sch\u00e9ma de production sp\u00e9cifique et b\u00e9n\u00e9ficie du savoir-faire du groupe Lesaffre, leader mondial de la fabrication de levures. Cela garantit la plus grande puret\u00e9 microbiologique et une activit\u00e9 de fermentation maximale.<\/em><\/p>\n<\/div><\/div><\/div>\n\t<div id=\"gap-2087116702\" class=\"gap-element clearfix\" style=\"display:block; height:auto;\">\n\t\t\n<style>\n#gap-2087116702 {\n  padding-top: 30px;\n}\n<\/style>\n\t<\/div>\n\t\n<p><em>Les informations fournies par Fermentis sont donn\u00e9es \u00e0 titre informatif \u00e0 l&#039;attention des professionnels uniquement. Nous ne fournissons aucune garantie ni assurance, quelle qu\u2019elle soit, expresse ou implicite, au sujet de ces informations : les exigences en mati\u00e8re de r\u00e9glementation et de propri\u00e9t\u00e9 intellectuelle (y compris l\u2019utilisation des produits et les revendications) doivent \u00eatre r\u00e9examin\u00e9es localement pour les besoins sp\u00e9cifiques.<\/em><\/p>\n","protected":false},"excerpt":{"rendered":"<p>Pour des vins blancs \u00e9l\u00e9gants aux ar\u00f4mes<br data-source=\" complexes \\r\\n\\r\\n\" \/>&nbsp;<\/p>\n","protected":false},"featured_media":33750,"comment_status":"closed","ping_status":"closed","template":"","meta":{"_acf_changed":false},"product_brand":[],"product_cat":[288,289,287],"product_tag":[1003,1002],"class_list":{"0":"post-33474","1":"product","2":"type-product","3":"status-publish","4":"has-post-thumbnail","6":"product_cat-levure-seche-active-vinification","7":"product_cat-safoeno-fr-2","8":"product_cat-vinification","9":"product_tag-ef-85-fr","10":"product_tag-ef85-fr","11":"pa_max-alcohol-15-fr","12":"pa_roundness-bas","13":"pa_wine-color-blanc","15":"first","16":"instock","17":"shipping-taxable","18":"product-type-simple"},"acf":[],"yoast_head":"<!-- This site is optimized with the Yoast SEO Premium plugin v27.3 (Yoast SEO v27.4) - https:\/\/yoast.com\/product\/yoast-seo-premium-wordpress\/ -->\n<title>Saf\u0152no EF 85 - Levure pour vins blancs \u00e9l\u00e9gants aux ar\u00f4mes complexes - Fermentis<\/title>\n<meta name=\"description\" content=\"La levure \u0153nologique Fermentis Saf\u0152no EF 85 est id\u00e9ale pour l\u2019\u00e9laboration de vins blancs \u00e9l\u00e9gants dans le respect du c\u00e9page.\" \/>\n<meta name=\"robots\" content=\"index, follow, max-snippet:-1, max-image-preview:large, max-video-preview:-1\" \/>\n<link rel=\"canonical\" href=\"https:\/\/fermentis.com\/fr\/produit\/safoeno-ef-85\/\" \/>\n<meta property=\"og:locale\" content=\"fr_FR\" \/>\n<meta property=\"og:type\" content=\"article\" \/>\n<meta property=\"og:title\" content=\"Saf\u0152no\u2122 EF 85\" \/>\n<meta property=\"og:description\" content=\"La levure \u0153nologique Fermentis Saf\u0152no EF 85 est id\u00e9ale pour l\u2019\u00e9laboration de vins blancs \u00e9l\u00e9gants dans le respect du c\u00e9page.\" \/>\n<meta property=\"og:url\" content=\"https:\/\/fermentis.com\/fr\/produit\/safoeno-ef-85\/\" \/>\n<meta property=\"og:site_name\" content=\"Fermentis\" \/>\n<meta property=\"article:publisher\" content=\"https:\/\/www.facebook.com\/Fermentis\" \/>\n<meta property=\"article:modified_time\" content=\"2026-04-13T09:04:50+00:00\" \/>\n<meta property=\"og:image\" content=\"https:\/\/fermentis.com\/wp-content\/uploads\/2022\/05\/packshot-safoeno-ef85-1200.jpg\" \/>\n\t<meta property=\"og:image:width\" content=\"1200\" \/>\n\t<meta property=\"og:image:height\" content=\"1200\" \/>\n\t<meta property=\"og:image:type\" content=\"image\/jpeg\" \/>\n<meta name=\"twitter:card\" content=\"summary_large_image\" \/>\n<meta name=\"twitter:site\" content=\"@fermentis\" \/>\n<meta name=\"twitter:label1\" content=\"Prix\" \/>\n\t<meta name=\"twitter:data1\" content=\"\" \/>\n\t<meta name=\"twitter:label2\" content=\"Disponibilit\u00e9\" \/>\n\t<meta name=\"twitter:data2\" content=\"En stock\" \/>\n<script type=\"application\/ld+json\" class=\"yoast-schema-graph\">{\"@context\":\"https:\\\/\\\/schema.org\",\"@graph\":[{\"@type\":\"WebPage\",\"@id\":\"https:\\\/\\\/fermentis.com\\\/fr\\\/produit\\\/safoeno-ef-85\\\/\",\"url\":\"https:\\\/\\\/fermentis.com\\\/fr\\\/produit\\\/safoeno-ef-85\\\/\",\"name\":\"Saf\u0152no EF 85 - Levure pour vins blancs \u00e9l\u00e9gants aux ar\u00f4mes complexes - Fermentis\",\"isPartOf\":{\"@id\":\"https:\\\/\\\/fermentis.com\\\/fr\\\/#website\"},\"primaryImageOfPage\":{\"@id\":\"https:\\\/\\\/fermentis.com\\\/fr\\\/produit\\\/safoeno-ef-85\\\/#primaryimage\"},\"image\":{\"@id\":\"https:\\\/\\\/fermentis.com\\\/fr\\\/produit\\\/safoeno-ef-85\\\/#primaryimage\"},\"thumbnailUrl\":\"https:\\\/\\\/fermentis.com\\\/wp-content\\\/uploads\\\/2022\\\/05\\\/packshot-safoeno-ef85-1200.jpg\",\"datePublished\":\"2022-05-23T16:04:55+00:00\",\"dateModified\":\"2026-04-13T09:04:50+00:00\",\"description\":\"La levure \u0153nologique Fermentis Saf\u0152no EF 85 est id\u00e9ale pour l\u2019\u00e9laboration de vins blancs \u00e9l\u00e9gants dans le respect du c\u00e9page.\",\"breadcrumb\":{\"@id\":\"https:\\\/\\\/fermentis.com\\\/fr\\\/produit\\\/safoeno-ef-85\\\/#breadcrumb\"},\"inLanguage\":\"fr-FR\",\"potentialAction\":[{\"@type\":\"ReadAction\",\"target\":[\"https:\\\/\\\/fermentis.com\\\/fr\\\/produit\\\/safoeno-ef-85\\\/\"]}]},{\"@type\":\"ImageObject\",\"inLanguage\":\"fr-FR\",\"@id\":\"https:\\\/\\\/fermentis.com\\\/fr\\\/produit\\\/safoeno-ef-85\\\/#primaryimage\",\"url\":\"https:\\\/\\\/fermentis.com\\\/wp-content\\\/uploads\\\/2022\\\/05\\\/packshot-safoeno-ef85-1200.jpg\",\"contentUrl\":\"https:\\\/\\\/fermentis.com\\\/wp-content\\\/uploads\\\/2022\\\/05\\\/packshot-safoeno-ef85-1200.jpg\",\"width\":1200,\"height\":1200,\"caption\":\"SafOEno\u2122 EF 85 wine yeast strain for white wines - Fermentis\"},{\"@type\":\"BreadcrumbList\",\"@id\":\"https:\\\/\\\/fermentis.com\\\/fr\\\/produit\\\/safoeno-ef-85\\\/#breadcrumb\",\"itemListElement\":[{\"@type\":\"ListItem\",\"position\":1,\"name\":\"Home\",\"item\":\"https:\\\/\\\/fermentis.com\\\/fr\\\/\"},{\"@type\":\"ListItem\",\"position\":2,\"name\":\"Produits\"},{\"@type\":\"ListItem\",\"position\":3,\"name\":\"Vinification\",\"item\":\"https:\\\/\\\/fermentis.com\\\/fr\\\/fermentation\\\/vinification\\\/\"},{\"@type\":\"ListItem\",\"position\":4,\"name\":\"Saf\u0152no\u2122 EF 85\"}]},{\"@type\":\"WebSite\",\"@id\":\"https:\\\/\\\/fermentis.com\\\/fr\\\/#website\",\"url\":\"https:\\\/\\\/fermentis.com\\\/fr\\\/\",\"name\":\"Fermentis\",\"description\":\"Un site utilisant WordPress\",\"publisher\":{\"@id\":\"https:\\\/\\\/fermentis.com\\\/fr\\\/#organization\"},\"potentialAction\":[{\"@type\":\"SearchAction\",\"target\":{\"@type\":\"EntryPoint\",\"urlTemplate\":\"https:\\\/\\\/fermentis.com\\\/fr\\\/?s={search_term_string}\"},\"query-input\":{\"@type\":\"PropertyValueSpecification\",\"valueRequired\":true,\"valueName\":\"search_term_string\"}}],\"inLanguage\":\"fr-FR\"},{\"@type\":\"Organization\",\"@id\":\"https:\\\/\\\/fermentis.com\\\/fr\\\/#organization\",\"name\":\"Fermentis\",\"url\":\"https:\\\/\\\/fermentis.com\\\/fr\\\/\",\"logo\":{\"@type\":\"ImageObject\",\"inLanguage\":\"fr-FR\",\"@id\":\"https:\\\/\\\/fermentis.com\\\/fr\\\/#\\\/schema\\\/logo\\\/image\\\/\",\"url\":\"https:\\\/\\\/fermentis.com\\\/wp-content\\\/uploads\\\/2021\\\/07\\\/Logo-Fermentis-5.png\",\"contentUrl\":\"https:\\\/\\\/fermentis.com\\\/wp-content\\\/uploads\\\/2021\\\/07\\\/Logo-Fermentis-5.png\",\"width\":308,\"height\":95,\"caption\":\"Fermentis\"},\"image\":{\"@id\":\"https:\\\/\\\/fermentis.com\\\/fr\\\/#\\\/schema\\\/logo\\\/image\\\/\"},\"sameAs\":[\"https:\\\/\\\/www.facebook.com\\\/Fermentis\",\"https:\\\/\\\/x.com\\\/fermentis\",\"https:\\\/\\\/www.instagram.com\\\/fermentisbylesaffre\\\/\",\"https:\\\/\\\/www.linkedin.com\\\/company\\\/fermentis\\\/\",\"https:\\\/\\\/www.youtube.com\\\/channel\\\/UCt_Lp3IZnUNXZeqSi6iiAdA\"]}]}<\/script>\n<meta property=\"product:price:currency\" content=\"GBP\" \/>\n<meta property=\"og:availability\" content=\"instock\" \/>\n<meta property=\"product:availability\" content=\"instock\" \/>\n<meta property=\"product:condition\" content=\"new\" \/>\n<!-- \/ Yoast SEO Premium plugin. -->","yoast_head_json":{"title":"Saf\u0152no EF 85 - Levure pour vins blancs \u00e9l\u00e9gants aux ar\u00f4mes complexes - Fermentis","description":"La levure \u0153nologique Fermentis Saf\u0152no EF 85 est id\u00e9ale pour l\u2019\u00e9laboration de vins blancs \u00e9l\u00e9gants dans le respect du c\u00e9page.","robots":{"index":"index","follow":"follow","max-snippet":"max-snippet:-1","max-image-preview":"max-image-preview:large","max-video-preview":"max-video-preview:-1"},"canonical":"https:\/\/fermentis.com\/fr\/produit\/safoeno-ef-85\/","og_locale":"fr_FR","og_type":"article","og_title":"Saf\u0152no\u2122 EF 85","og_description":"La levure \u0153nologique Fermentis Saf\u0152no EF 85 est id\u00e9ale pour l\u2019\u00e9laboration de vins blancs \u00e9l\u00e9gants dans le respect du c\u00e9page.","og_url":"https:\/\/fermentis.com\/fr\/produit\/safoeno-ef-85\/","og_site_name":"Fermentis","article_publisher":"https:\/\/www.facebook.com\/Fermentis","article_modified_time":"2026-04-13T09:04:50+00:00","og_image":[{"width":1200,"height":1200,"url":"https:\/\/fermentis.com\/wp-content\/uploads\/2022\/05\/packshot-safoeno-ef85-1200.jpg","type":"image\/jpeg"}],"twitter_card":"summary_large_image","twitter_site":"@fermentis","twitter_misc":{"Prix":"","Disponibilit\u00e9":"En stock"},"schema":{"@context":"https:\/\/schema.org","@graph":[{"@type":"WebPage","@id":"https:\/\/fermentis.com\/fr\/produit\/safoeno-ef-85\/","url":"https:\/\/fermentis.com\/fr\/produit\/safoeno-ef-85\/","name":"Saf\u0152no EF 85 - Levure pour vins blancs \u00e9l\u00e9gants aux ar\u00f4mes complexes - Fermentis","isPartOf":{"@id":"https:\/\/fermentis.com\/fr\/#website"},"primaryImageOfPage":{"@id":"https:\/\/fermentis.com\/fr\/produit\/safoeno-ef-85\/#primaryimage"},"image":{"@id":"https:\/\/fermentis.com\/fr\/produit\/safoeno-ef-85\/#primaryimage"},"thumbnailUrl":"https:\/\/fermentis.com\/wp-content\/uploads\/2022\/05\/packshot-safoeno-ef85-1200.jpg","datePublished":"2022-05-23T16:04:55+00:00","dateModified":"2026-04-13T09:04:50+00:00","description":"La levure \u0153nologique Fermentis Saf\u0152no EF 85 est id\u00e9ale pour l\u2019\u00e9laboration de vins blancs \u00e9l\u00e9gants dans le respect du c\u00e9page.","breadcrumb":{"@id":"https:\/\/fermentis.com\/fr\/produit\/safoeno-ef-85\/#breadcrumb"},"inLanguage":"fr-FR","potentialAction":[{"@type":"ReadAction","target":["https:\/\/fermentis.com\/fr\/produit\/safoeno-ef-85\/"]}]},{"@type":"ImageObject","inLanguage":"fr-FR","@id":"https:\/\/fermentis.com\/fr\/produit\/safoeno-ef-85\/#primaryimage","url":"https:\/\/fermentis.com\/wp-content\/uploads\/2022\/05\/packshot-safoeno-ef85-1200.jpg","contentUrl":"https:\/\/fermentis.com\/wp-content\/uploads\/2022\/05\/packshot-safoeno-ef85-1200.jpg","width":1200,"height":1200,"caption":"SafOEno\u2122 EF 85 wine yeast strain for white wines - Fermentis"},{"@type":"BreadcrumbList","@id":"https:\/\/fermentis.com\/fr\/produit\/safoeno-ef-85\/#breadcrumb","itemListElement":[{"@type":"ListItem","position":1,"name":"Home","item":"https:\/\/fermentis.com\/fr\/"},{"@type":"ListItem","position":2,"name":"Produits"},{"@type":"ListItem","position":3,"name":"Vinification","item":"https:\/\/fermentis.com\/fr\/fermentation\/vinification\/"},{"@type":"ListItem","position":4,"name":"Saf\u0152no\u2122 EF 85"}]},{"@type":"WebSite","@id":"https:\/\/fermentis.com\/fr\/#website","url":"https:\/\/fermentis.com\/fr\/","name":"Fermentis","description":"Un site utilisant WordPress","publisher":{"@id":"https:\/\/fermentis.com\/fr\/#organization"},"potentialAction":[{"@type":"SearchAction","target":{"@type":"EntryPoint","urlTemplate":"https:\/\/fermentis.com\/fr\/?s={search_term_string}"},"query-input":{"@type":"PropertyValueSpecification","valueRequired":true,"valueName":"search_term_string"}}],"inLanguage":"fr-FR"},{"@type":"Organization","@id":"https:\/\/fermentis.com\/fr\/#organization","name":"Fermentis","url":"https:\/\/fermentis.com\/fr\/","logo":{"@type":"ImageObject","inLanguage":"fr-FR","@id":"https:\/\/fermentis.com\/fr\/#\/schema\/logo\/image\/","url":"https:\/\/fermentis.com\/wp-content\/uploads\/2021\/07\/Logo-Fermentis-5.png","contentUrl":"https:\/\/fermentis.com\/wp-content\/uploads\/2021\/07\/Logo-Fermentis-5.png","width":308,"height":95,"caption":"Fermentis"},"image":{"@id":"https:\/\/fermentis.com\/fr\/#\/schema\/logo\/image\/"},"sameAs":["https:\/\/www.facebook.com\/Fermentis","https:\/\/x.com\/fermentis","https:\/\/www.instagram.com\/fermentisbylesaffre\/","https:\/\/www.linkedin.com\/company\/fermentis\/","https:\/\/www.youtube.com\/channel\/UCt_Lp3IZnUNXZeqSi6iiAdA"]}]},"product_price_currency":"GBP","og_availability":"instock","product_availability":"instock","product_condition":"new"},"_links":{"self":[{"href":"https:\/\/fermentis.com\/fr\/wp-json\/wp\/v2\/product\/33474","targetHints":{"allow":["GET"]}}],"collection":[{"href":"https:\/\/fermentis.com\/fr\/wp-json\/wp\/v2\/product"}],"about":[{"href":"https:\/\/fermentis.com\/fr\/wp-json\/wp\/v2\/types\/product"}],"replies":[{"embeddable":true,"href":"https:\/\/fermentis.com\/fr\/wp-json\/wp\/v2\/comments?post=33474"}],"wp:featuredmedia":[{"embeddable":true,"href":"https:\/\/fermentis.com\/fr\/wp-json\/wp\/v2\/media\/33750"}],"wp:attachment":[{"href":"https:\/\/fermentis.com\/fr\/wp-json\/wp\/v2\/media?parent=33474"}],"wp:term":[{"taxonomy":"product_brand","embeddable":true,"href":"https:\/\/fermentis.com\/fr\/wp-json\/wp\/v2\/product_brand?post=33474"},{"taxonomy":"product_cat","embeddable":true,"href":"https:\/\/fermentis.com\/fr\/wp-json\/wp\/v2\/product_cat?post=33474"},{"taxonomy":"product_tag","embeddable":true,"href":"https:\/\/fermentis.com\/fr\/wp-json\/wp\/v2\/product_tag?post=33474"}],"curies":[{"name":"wp","href":"https:\/\/api.w.org\/{rel}","templated":true}]}}