{"id":35646,"date":"2023-05-26T16:09:57","date_gmt":"2023-05-26T14:09:57","guid":{"rendered":"https:\/\/fermentis.com\/?post_type=product&#038;p=35646"},"modified":"2026-04-02T02:26:11","modified_gmt":"2026-04-02T00:26:11","slug":"safoeno-fv-19","status":"publish","type":"product","link":"https:\/\/fermentis.com\/fr\/produit\/safoeno-fv-19\/","title":{"rendered":"Saf\u0152no\u2122 FV 19"},"content":{"rendered":"<div class=\"container section-title-container\" ><h2 class=\"section-title section-title-center\"><b aria-hidden=\"true\"><\/b><span class=\"section-title-main\" style=\"font-size:115%;\">POUR DES VINS ROUGES FRUIT\u00c9S ET VELOUT\u00c9S<\/span><b aria-hidden=\"true\"><\/b><\/h2><\/div>\n<p><span style=\"vertical-align: inherit\"><span style=\"vertical-align: inherit\"><strong>Saf\u0152no\u2122 FV 19<\/strong> a \u00e9t\u00e9 s\u00e9lectionn\u00e9 par Fermentis \u00e0 travers de multiples microvinifications sur vins rouges en partenariat avec des instituts de recherche fran\u00e7ais et des centres exp\u00e9rimentaux \u0153nologiques du monde entier.<\/span><\/span><\/p>\n<p><strong>Dosage: <\/strong>Vins rouges 20 g\/hl (1,67 lb\/1 000 gal)<\/p>\n<p><strong>Ingr\u00e9dients :<\/strong> Levure (Saccharomyces cerevisiae*), \u00c9mulsifiant : Monost\u00e9arate de sorbitane<\/p>\n<p>*D&#039;apr\u00e8s \u00ab Revisiting the taxonomic synonyms and populations of Saccharomyces cerevisiae \u2013 Phylogeny, Phenotypes, Ecology and Domestication. \u00bb Pontes A., Hutzler M., Brito PH et Sampaio JP, 2020 et \u00ab Genome Diversity and Evolution in the Budding Yeasts (Saccharomycotina). Genetics. \u00bb Dujon BA, Louis EJ, 2017 ; 206(2):717\u2010750.<\/p>\n\t<div id=\"gap-1280573292\" class=\"gap-element clearfix\" style=\"display:block; height:auto;\">\n\t\t\n<style>\n#gap-1280573292 {\n  padding-top: 30px;\n}\n<\/style>\n\t<\/div>\n\t\n<div class=\"container section-title-container\" ><h3 class=\"section-title section-title-center\"><b aria-hidden=\"true\"><\/b><span class=\"section-title-main\" style=\"font-size:115%;\">Caract\u00e9ristiques sensorielles du Saf\u0152no\u2122 FV 19<\/span><b aria-hidden=\"true\"><\/b><\/h3><\/div>\n\n\t\t<div class=\"tabbed-content\">\n\t\t\t\n\t\t\t<ul class=\"nav nav-tabs nav-uppercase nav-size-normal nav-left\" role=\"tablist\"><li id=\"tab-recommandations\" class=\"tab active has-icon\" role=\"presentation\"><a href=\"#tab_recommandations\" role=\"tab\" aria-selected=\"true\" aria-controls=\"tab_recommandations\"><span>recommandations<\/span><\/a><\/li>\n<li id=\"tab-essai\" class=\"tab has-icon\" role=\"presentation\"><a href=\"#tab_essai\" tabindex=\"-1\" role=\"tab\" aria-selected=\"false\" aria-controls=\"tab_essai\"><span>essai<\/span><\/a><\/li><\/ul><div class=\"tab-panels\"><div id=\"tab_recommandations\" class=\"panel active entry-content\" role=\"tabpanel\" aria-labelledby=\"tab-recommandations\">\n<p>Pour des vins rouges fruit\u00e9s et onctueux :<br \/>\nSafOEno\u2122 FV 19 a la capacit\u00e9 de masquer les notes v\u00e9g\u00e9tales de certains vins tout en am\u00e9liorant les sensations de fruit\u00e9 et d\u2019onctuosit\u00e9. En apportant douceur et rondeur aux vins, SafOEno\u2122 FV 19 am\u00e9liore grandement la perception qualitative des tanins tout en diminuant leur astringence.<\/p>\n<p>SafOEno\u2122 FV 19 produit \u00e9galement une quantit\u00e9 importante d&#039;ar\u00f4mes fermentaires fruit\u00e9s allant des fruits rouges (grenade, cerise) aux fruits noirs (cassis) et constitue le choix id\u00e9al pour la production de vins rouges fruit\u00e9s et velout\u00e9s \u00e9labor\u00e9s pour une mise sur le march\u00e9 rapide.<\/p>\n<p>SafOEno\u2122 FV 19 est un excellent outil pour la vinification de vins \u00e9l\u00e9gants et onctueux issus de c\u00e9pages tels que le Merlot, le Cabernet Sauvignon, la Syrah, le Grenache, le Tempranillo, le Nero d&#039;Avola et le Nebbiolo.<\/p>\n<\/div>\n<div id=\"tab_essai\" class=\"panel entry-content\" role=\"tabpanel\" aria-labelledby=\"tab-essai\">\n<div class=\"row\"  id=\"row-1358211536\">\n\n\t<div id=\"col-416377495\" class=\"col small-12 large-12\"  >\n\t\t\t\t<div class=\"col-inner\"  >\n\t\t\t\n\t\t\t\n\t<div class=\"img has-hover x md-x lg-x y md-y lg-y\" id=\"image_1629463485\">\n\t\t\t\t\t\t\t\t<div class=\"img-inner dark\" >\n\t\t\t<img loading=\"lazy\" decoding=\"async\" width=\"1020\" height=\"365\" src=\"https:\/\/fermentis.com\/wp-content\/uploads\/2023\/05\/FV19-organoleptic-Profile-1024x366.png\" class=\"attachment-large size-large\" alt=\"FV19 organoleptic Profile\" srcset=\"https:\/\/fermentis.com\/wp-content\/uploads\/2023\/05\/FV19-organoleptic-Profile-1024x366.png 1024w, https:\/\/fermentis.com\/wp-content\/uploads\/2023\/05\/FV19-organoleptic-Profile-800x286.png 800w, https:\/\/fermentis.com\/wp-content\/uploads\/2023\/05\/FV19-organoleptic-Profile-768x275.png 768w, https:\/\/fermentis.com\/wp-content\/uploads\/2023\/05\/FV19-organoleptic-Profile-600x215.png 600w, https:\/\/fermentis.com\/wp-content\/uploads\/2023\/05\/FV19-organoleptic-Profile.png 1186w\" sizes=\"auto, (max-width: 1020px) 100vw, 1020px\" \/>\t\t\t\t\t\t\n\t\t\t\t\t<\/div>\n\t\t\t\t\t\t\t\t\n<style>\n#image_1629463485 {\n  width: 94%;\n}\n<\/style>\n\t<\/div>\n\t\n<p><strong>Pays :<\/strong> Italie, C\u00e9page : Nero d&#039;Avola\/Syrah, Mill\u00e9sime : 2021.<br \/>\nCaract\u00e9ristiques chimiques du vin apr\u00e8s FA : Alcool : 14,3% v\/v, pH : 3,65, acidit\u00e9 totale : 5,37 g\/L H2SO4, acidit\u00e9 volatile : 0,49 g\/L H2SO4<\/p>\n<p><strong>SafOEno\u2122 FV 19<\/strong> emm\u00e8ne les vins vers un profil fruit\u00e9 (fruits rouges et noirs), floral, frais et \u00e9quilibr\u00e9 en masquant les tanins dess\u00e9chants en finale.<\/p>\n\t\t<\/div>\n\t\t\t\t\t<\/div>\n\n\t\n<\/div>\n\t<div id=\"gap-1784571778\" class=\"gap-element clearfix\" style=\"display:block; height:auto;\">\n\t\t\n<style>\n#gap-1784571778 {\n  padding-top: 10px;\n}\n<\/style>\n\t<\/div>\n\t\n<\/div><\/div><\/div>\n\t<div id=\"gap-2085356185\" class=\"gap-element clearfix\" style=\"display:block; height:auto;\">\n\t\t\n<style>\n#gap-2085356185 {\n  padding-top: 30px;\n}\n<\/style>\n\t<\/div>\n\t\n<div class=\"container section-title-container\" ><h3 class=\"section-title section-title-center\"><b aria-hidden=\"true\"><\/b><span class=\"section-title-main\" style=\"font-size:115%;\">Saf\u0152no\u2122 FV 19<\/span><b aria-hidden=\"true\"><\/b><\/h3><\/div>\n\n\t\t<div class=\"tabbed-content\">\n\t\t\t\n\t\t\t<ul class=\"nav nav-tabs nav-uppercase nav-size-normal nav-left\" role=\"tablist\"><li id=\"tab-fermentation\" class=\"tab active has-icon\" role=\"presentation\"><a href=\"#tab_fermentation\" role=\"tab\" aria-selected=\"true\" aria-controls=\"tab_fermentation\"><span>fermentation<\/span><\/a><\/li>\n<li id=\"tab-m\u00e9tabolique\" class=\"tab has-icon\" role=\"presentation\"><a href=\"#tab_m\u00e9tabolique\" tabindex=\"-1\" role=\"tab\" aria-selected=\"false\" aria-controls=\"tab_m\u00e9tabolique\"><span>M\u00e9tabolique<\/span><\/a><\/li>\n<li id=\"tab-easy-2-use\" class=\"tab has-icon\" role=\"presentation\"><a href=\"#tab_easy-2-use\" tabindex=\"-1\" role=\"tab\" aria-selected=\"false\" aria-controls=\"tab_easy-2-use\"><span>easy 2 use<\/span><\/a><\/li>\n<li id=\"tab-emballage-&amp;-garantie\" class=\"tab has-icon\" role=\"presentation\"><a href=\"#tab_emballage-&amp;-garantie\" tabindex=\"-1\" role=\"tab\" aria-selected=\"false\" aria-controls=\"tab_emballage-&amp;-garantie\"><span>Emballage &amp; garantie<\/span><\/a><\/li><\/ul><div class=\"tab-panels\"><div id=\"tab_fermentation\" class=\"panel active entry-content\" role=\"tabpanel\" aria-labelledby=\"tab-fermentation\">\n<p><b>Capacit\u00e9s fermentaires :<\/b><\/p>\n<ul>\n<li>Phase de latence courte \u00e0 moyenne<\/li>\n<li>Cin\u00e9tique de fermentation moyenne et r\u00e9guli\u00e8re<\/li>\n<li>Tol\u00e9rance maximale \u00e0 l&#039;\u00e9thanol : jusqu&#039;\u00e0 16 % v\/v<\/li>\n<li>Plage de temp\u00e9rature recommand\u00e9e : 17-28 \u00b0C (62,6-82,4 \u00b0F)<\/li>\n<li>Besoins mod\u00e9r\u00e9s en azote assimilable: rapport Nass (mg\/L) \/ Sucres initiaux (g\/L) \u2265 0,8 &#8211; 0,9<\/li>\n<\/ul>\n<\/div>\n<div id=\"tab_m\u00e9tabolique\" class=\"panel entry-content\" role=\"tabpanel\" aria-labelledby=\"tab-m\u00e9tabolique\">\n<p><b>Caract\u00e9ristiques m\u00e9taboliques :<\/b><\/p>\n<ul>\n<li>R\u00e9sistance d&#039;implantation \u00e9lev\u00e9e<\/li>\n<li>Facteur Killer : Neutre<\/li>\n<li>Tr\u00e8s faible consommation d\u2019acide malique<\/li>\n<li>Production d&#039;acidit\u00e9 volatile moyenne<\/li>\n<li>Faible production de H2S et de SO2<\/li>\n<\/ul>\n<\/div>\n<div id=\"tab_easy-2-use\" class=\"panel entry-content\" role=\"tabpanel\" aria-labelledby=\"tab-easy-2-use\">\n<p>Le savoir-faire Lesaffre et l\u2019am\u00e9lioration continue des proc\u00e9d\u00e9s de production de levures permettent d&#039;obtenir une qualit\u00e9 exceptionnelle de levures s\u00e8ches capables de r\u00e9sister \u00e0 une tr\u00e8s large gamme d\u2019utilisations, y compris r\u00e9hydratation \u00e0 froid ou sans r\u00e9hydratation, sans affecter leur vitalit\u00e9 ni leurs profils cin\u00e9tique et\/ou analytique.\u00a0 Les vignerons peuvent choisir d&#039;utiliser notre levure E2UTM avec le proc\u00e9d\u00e9 qui correspond le mieux \u00e0 leurs besoins :<\/p>\n<ul>\n<li><strong>Ensemencement direct :<\/strong> saupoudrer la quantit\u00e9 de levure d\u00e9sir\u00e9e directement dans le mo\u00fbt dans la cuve de fermentation en prenant soin de bien homog\u00e9n\u00e9iser toute la masse. Dans les vins blancs ou ros\u00e9s, id\u00e9alement, saupoudrer directement la levure dans la cuve de fermentation lors du remplissage (apr\u00e8s d\u00e9bourbage) pour assurer une bonne homog\u00e9n\u00e9isation. Alternativement, verser la quantit\u00e9 d\u00e9sir\u00e9e de levure sur la surface d&#039;au moins 10 fois leur poids de mo\u00fbt. Remuez d\u00e9licatement pour \u00e9viter les grumeaux. Transf\u00e9rer imm\u00e9diatement dans la cuve et homog\u00e9n\u00e9iser toute la masse.<\/li>\n<li>Avec <strong>r\u00e9hydratation pr\u00e9alable et acclimatation \u00e9ventuelle :<\/strong> Verser d\u00e9licatement la quantit\u00e9 de levure d\u00e9sir\u00e9e dans 10 fois son poids d&#039;eau du robinet \u00e0 15-37\u00b0C (59-98,6\u00b0F). Remuez d\u00e9licatement pour \u00e9viter la formation de grumeaux. Laisser reposer 20 minutes et incorporer le levain dans la cuve de fermentation, puis homog\u00e9n\u00e9iser Apr\u00e8s r\u00e9hydratation, il est possible de proc\u00e9der \u00e0 une acclimatation en incorporant 50 % du levain au volume du mo\u00fbt et laisser reposer 10 minutes.  Recommencer l\u2019op\u00e9ration jusqu\u2019au moment o\u00f9 la diff\u00e9rence de temp\u00e9rature entre le mo\u00fbt en cuve et le levain sera inf\u00e9rieure \u00e0 10 \u00b0C.<\/li>\n<\/ul>\n<\/div>\n<div id=\"tab_emballage-&amp;-garantie\" class=\"panel entry-content\" role=\"tabpanel\" aria-labelledby=\"tab-emballage-&amp;-garantie\">\n<p><b>Conditionnement<\/b><\/p>\n<ul>\n<li>Bo\u00eete en carton de 20 sachets sous vide de 500 g chacun (poids net de la bo\u00eete pleine : 10 kg)<\/li>\n<li>Carton de 1 bo\u00eete sous vide de 10 kg (poids net de la bo\u00eete pleine : 10 kg)<\/li>\n<\/ul>\n<p><b>Garantie<\/b><\/p>\n<p>Le produit doit \u00eatre conserv\u00e9\/transport\u00e9 dans des conditions s\u00e8ches et prot\u00e9g\u00e9 des rayons directs du soleil. Pendant moins de 6 mois, le produit peut \u00eatre conserv\u00e9\/transport\u00e9 \u00e0 temp\u00e9rature ambiante inf\u00e9rieure \u00e0 25\u00b0C, sans affecter ses performances. Des pics jusqu&#039;\u00e0 40\u00b0C sont autoris\u00e9s pendant une p\u00e9riode limit\u00e9e (moins de 5 jours). Fermentis recommande un stockage \u00e0 long terme \u00e0 une temp\u00e9rature contr\u00f4l\u00e9e (inf\u00e9rieure \u00e0 15\u00b0C), une fois le produit arriv\u00e9 \u00e0 destination finale. Fermentis garantit que le produit est conforme aux sp\u00e9cifications de l&#039;OIV jusqu&#039;\u00e0 sa Date Limite d&#039;Utilisation Optimale dans les conditions de stockage mentionn\u00e9es ci-dessus. Le produit est \u00e9galement autoris\u00e9 par le TTB am\u00e9ricain.<\/p>\n<p><em>Chaque levure Fermentis est d\u00e9velopp\u00e9e selon un sch\u00e9ma de production sp\u00e9cifique et b\u00e9n\u00e9ficie du savoir-faire du groupe Lesaffre, leader mondial de la fabrication de levures. Cela garantit la plus grande puret\u00e9 microbiologique et une activit\u00e9 de fermentation maximale.<\/em><\/p>\n<\/div><\/div><\/div>\n\t<div id=\"gap-434802977\" class=\"gap-element clearfix\" style=\"display:block; height:auto;\">\n\t\t\n<style>\n#gap-434802977 {\n  padding-top: 30px;\n}\n<\/style>\n\t<\/div>\n\t\n<p><em>Les informations fournies par Fermentis sont donn\u00e9es \u00e0 titre informatif \u00e0 l&#039;attention des professionnels uniquement. Nous ne fournissons aucune garantie ni assurance, quelle qu\u2019elle soit, expresse ou implicite, au sujet de ces informations : les exigences en mati\u00e8re de r\u00e9glementation et de propri\u00e9t\u00e9 intellectuelle (y compris l\u2019utilisation des produits et les revendications) doivent \u00eatre r\u00e9examin\u00e9es localement pour les besoins sp\u00e9cifiques.<\/em><\/p>\n","protected":false},"excerpt":{"rendered":"<p>Pour des vins rouges fruit\u00e9s et velout\u00e9s.<br data-source=\" \\r\\n\\r\\n\" \/>&nbsp;<\/p>\n","protected":false},"featured_media":35650,"comment_status":"closed","ping_status":"closed","template":"","meta":{"_acf_changed":false},"product_brand":[],"product_cat":[288,289,287],"product_tag":[1040,1041],"class_list":{"0":"post-35646","1":"product","2":"type-product","3":"status-publish","4":"has-post-thumbnail","6":"product_cat-levure-seche-active-vinification","7":"product_cat-safoeno-fr-2","8":"product_cat-vinification","9":"product_tag-fv-19-fr","10":"product_tag-fv19-fr","11":"pa_max-alcohol-15-fr","12":"pa_roundness-bas","13":"pa_wine-color-blanc","15":"first","16":"instock","17":"shipping-taxable","18":"product-type-simple"},"acf":[],"yoast_head":"<!-- This site is optimized with the Yoast SEO Premium plugin v27.3 (Yoast SEO v27.3) - https:\/\/yoast.com\/product\/yoast-seo-premium-wordpress\/ -->\n<title>Saf\u0152no\u2122 FV 19 - Pour des vins rouges fruit\u00e9s et velout\u00e9s - Fermentis<\/title>\n<meta name=\"description\" content=\"Saf\u0152no\u2122 FV 19 est une excellente option pour ceux qui cherchent \u00e0 cr\u00e9er des vins rouges fruit\u00e9s et onctueux.\" \/>\n<meta name=\"robots\" content=\"index, follow, max-snippet:-1, max-image-preview:large, max-video-preview:-1\" \/>\n<link rel=\"canonical\" href=\"https:\/\/fermentis.com\/fr\/produit\/safoeno-fv-19\/\" \/>\n<meta property=\"og:locale\" content=\"fr_FR\" \/>\n<meta property=\"og:type\" content=\"article\" \/>\n<meta property=\"og:title\" content=\"Saf\u0152no\u2122 FV 19\" \/>\n<meta property=\"og:description\" content=\"Saf\u0152no\u2122 FV 19 est une excellente option pour ceux qui cherchent \u00e0 cr\u00e9er des vins rouges fruit\u00e9s et onctueux.\" \/>\n<meta property=\"og:url\" content=\"https:\/\/fermentis.com\/fr\/produit\/safoeno-fv-19\/\" \/>\n<meta property=\"og:site_name\" content=\"Fermentis\" \/>\n<meta property=\"article:publisher\" content=\"https:\/\/www.facebook.com\/Fermentis\" \/>\n<meta property=\"article:modified_time\" content=\"2026-04-02T00:26:11+00:00\" \/>\n<meta property=\"og:image\" content=\"https:\/\/fermentis.com\/wp-content\/uploads\/2023\/05\/SafOEnoTM-FV-19.png\" \/>\n\t<meta property=\"og:image:width\" content=\"1200\" \/>\n\t<meta property=\"og:image:height\" content=\"1200\" \/>\n\t<meta property=\"og:image:type\" content=\"image\/png\" \/>\n<meta name=\"twitter:card\" content=\"summary_large_image\" \/>\n<meta name=\"twitter:site\" content=\"@fermentis\" \/>\n<meta name=\"twitter:label1\" content=\"Prix\" \/>\n\t<meta name=\"twitter:data1\" content=\"\" \/>\n\t<meta name=\"twitter:label2\" content=\"Disponibilit\u00e9\" \/>\n\t<meta name=\"twitter:data2\" content=\"En stock\" \/>\n<script type=\"application\/ld+json\" class=\"yoast-schema-graph\">{\"@context\":\"https:\\\/\\\/schema.org\",\"@graph\":[{\"@type\":\"WebPage\",\"@id\":\"https:\\\/\\\/fermentis.com\\\/fr\\\/produit\\\/safoeno-fv-19\\\/\",\"url\":\"https:\\\/\\\/fermentis.com\\\/fr\\\/produit\\\/safoeno-fv-19\\\/\",\"name\":\"Saf\u0152no\u2122 FV 19 - Pour des vins rouges fruit\u00e9s et velout\u00e9s - Fermentis\",\"isPartOf\":{\"@id\":\"https:\\\/\\\/fermentis.com\\\/fr\\\/#website\"},\"primaryImageOfPage\":{\"@id\":\"https:\\\/\\\/fermentis.com\\\/fr\\\/produit\\\/safoeno-fv-19\\\/#primaryimage\"},\"image\":{\"@id\":\"https:\\\/\\\/fermentis.com\\\/fr\\\/produit\\\/safoeno-fv-19\\\/#primaryimage\"},\"thumbnailUrl\":\"https:\\\/\\\/fermentis.com\\\/wp-content\\\/uploads\\\/2023\\\/05\\\/SafOEnoTM-FV-19.png\",\"datePublished\":\"2023-05-26T14:09:57+00:00\",\"dateModified\":\"2026-04-02T00:26:11+00:00\",\"description\":\"Saf\u0152no\u2122 FV 19 est une excellente option pour ceux qui cherchent \u00e0 cr\u00e9er des vins rouges fruit\u00e9s et onctueux.\",\"breadcrumb\":{\"@id\":\"https:\\\/\\\/fermentis.com\\\/fr\\\/produit\\\/safoeno-fv-19\\\/#breadcrumb\"},\"inLanguage\":\"fr-FR\",\"potentialAction\":[{\"@type\":\"ReadAction\",\"target\":[\"https:\\\/\\\/fermentis.com\\\/fr\\\/produit\\\/safoeno-fv-19\\\/\"]}]},{\"@type\":\"ImageObject\",\"inLanguage\":\"fr-FR\",\"@id\":\"https:\\\/\\\/fermentis.com\\\/fr\\\/produit\\\/safoeno-fv-19\\\/#primaryimage\",\"url\":\"https:\\\/\\\/fermentis.com\\\/wp-content\\\/uploads\\\/2023\\\/05\\\/SafOEnoTM-FV-19.png\",\"contentUrl\":\"https:\\\/\\\/fermentis.com\\\/wp-content\\\/uploads\\\/2023\\\/05\\\/SafOEnoTM-FV-19.png\",\"width\":1200,\"height\":1200,\"caption\":\"SafOEno(TM) FV 19\"},{\"@type\":\"BreadcrumbList\",\"@id\":\"https:\\\/\\\/fermentis.com\\\/fr\\\/produit\\\/safoeno-fv-19\\\/#breadcrumb\",\"itemListElement\":[{\"@type\":\"ListItem\",\"position\":1,\"name\":\"Home\",\"item\":\"https:\\\/\\\/fermentis.com\\\/fr\\\/\"},{\"@type\":\"ListItem\",\"position\":2,\"name\":\"Produits\"},{\"@type\":\"ListItem\",\"position\":3,\"name\":\"Vinification\",\"item\":\"https:\\\/\\\/fermentis.com\\\/fr\\\/fermentation\\\/vinification\\\/\"},{\"@type\":\"ListItem\",\"position\":4,\"name\":\"Saf\u0152no\u2122 FV 19\"}]},{\"@type\":\"WebSite\",\"@id\":\"https:\\\/\\\/fermentis.com\\\/fr\\\/#website\",\"url\":\"https:\\\/\\\/fermentis.com\\\/fr\\\/\",\"name\":\"Fermentis\",\"description\":\"Un site utilisant WordPress\",\"publisher\":{\"@id\":\"https:\\\/\\\/fermentis.com\\\/fr\\\/#organization\"},\"potentialAction\":[{\"@type\":\"SearchAction\",\"target\":{\"@type\":\"EntryPoint\",\"urlTemplate\":\"https:\\\/\\\/fermentis.com\\\/fr\\\/?s={search_term_string}\"},\"query-input\":{\"@type\":\"PropertyValueSpecification\",\"valueRequired\":true,\"valueName\":\"search_term_string\"}}],\"inLanguage\":\"fr-FR\"},{\"@type\":\"Organization\",\"@id\":\"https:\\\/\\\/fermentis.com\\\/fr\\\/#organization\",\"name\":\"Fermentis\",\"url\":\"https:\\\/\\\/fermentis.com\\\/fr\\\/\",\"logo\":{\"@type\":\"ImageObject\",\"inLanguage\":\"fr-FR\",\"@id\":\"https:\\\/\\\/fermentis.com\\\/fr\\\/#\\\/schema\\\/logo\\\/image\\\/\",\"url\":\"https:\\\/\\\/fermentis.com\\\/wp-content\\\/uploads\\\/2021\\\/07\\\/Logo-Fermentis-5.png\",\"contentUrl\":\"https:\\\/\\\/fermentis.com\\\/wp-content\\\/uploads\\\/2021\\\/07\\\/Logo-Fermentis-5.png\",\"width\":308,\"height\":95,\"caption\":\"Fermentis\"},\"image\":{\"@id\":\"https:\\\/\\\/fermentis.com\\\/fr\\\/#\\\/schema\\\/logo\\\/image\\\/\"},\"sameAs\":[\"https:\\\/\\\/www.facebook.com\\\/Fermentis\",\"https:\\\/\\\/x.com\\\/fermentis\",\"https:\\\/\\\/www.instagram.com\\\/fermentisbylesaffre\\\/\",\"https:\\\/\\\/www.linkedin.com\\\/company\\\/fermentis\\\/\",\"https:\\\/\\\/www.youtube.com\\\/channel\\\/UCt_Lp3IZnUNXZeqSi6iiAdA\"]}]}<\/script>\n<meta property=\"product:price:currency\" content=\"GBP\" \/>\n<meta property=\"og:availability\" content=\"instock\" \/>\n<meta property=\"product:availability\" content=\"instock\" \/>\n<meta property=\"product:condition\" content=\"new\" \/>\n<!-- \/ Yoast SEO Premium plugin. -->","yoast_head_json":{"title":"Saf\u0152no\u2122 FV 19 - Pour des vins rouges fruit\u00e9s et velout\u00e9s - Fermentis","description":"Saf\u0152no\u2122 FV 19 est une excellente option pour ceux qui cherchent \u00e0 cr\u00e9er des vins rouges fruit\u00e9s et onctueux.","robots":{"index":"index","follow":"follow","max-snippet":"max-snippet:-1","max-image-preview":"max-image-preview:large","max-video-preview":"max-video-preview:-1"},"canonical":"https:\/\/fermentis.com\/fr\/produit\/safoeno-fv-19\/","og_locale":"fr_FR","og_type":"article","og_title":"Saf\u0152no\u2122 FV 19","og_description":"Saf\u0152no\u2122 FV 19 est une excellente option pour ceux qui cherchent \u00e0 cr\u00e9er des vins rouges fruit\u00e9s et onctueux.","og_url":"https:\/\/fermentis.com\/fr\/produit\/safoeno-fv-19\/","og_site_name":"Fermentis","article_publisher":"https:\/\/www.facebook.com\/Fermentis","article_modified_time":"2026-04-02T00:26:11+00:00","og_image":[{"width":1200,"height":1200,"url":"https:\/\/fermentis.com\/wp-content\/uploads\/2023\/05\/SafOEnoTM-FV-19.png","type":"image\/png"}],"twitter_card":"summary_large_image","twitter_site":"@fermentis","twitter_misc":{"Prix":"","Disponibilit\u00e9":"En stock"},"schema":{"@context":"https:\/\/schema.org","@graph":[{"@type":"WebPage","@id":"https:\/\/fermentis.com\/fr\/produit\/safoeno-fv-19\/","url":"https:\/\/fermentis.com\/fr\/produit\/safoeno-fv-19\/","name":"Saf\u0152no\u2122 FV 19 - Pour des vins rouges fruit\u00e9s et velout\u00e9s - Fermentis","isPartOf":{"@id":"https:\/\/fermentis.com\/fr\/#website"},"primaryImageOfPage":{"@id":"https:\/\/fermentis.com\/fr\/produit\/safoeno-fv-19\/#primaryimage"},"image":{"@id":"https:\/\/fermentis.com\/fr\/produit\/safoeno-fv-19\/#primaryimage"},"thumbnailUrl":"https:\/\/fermentis.com\/wp-content\/uploads\/2023\/05\/SafOEnoTM-FV-19.png","datePublished":"2023-05-26T14:09:57+00:00","dateModified":"2026-04-02T00:26:11+00:00","description":"Saf\u0152no\u2122 FV 19 est une excellente option pour ceux qui cherchent \u00e0 cr\u00e9er des vins rouges fruit\u00e9s et onctueux.","breadcrumb":{"@id":"https:\/\/fermentis.com\/fr\/produit\/safoeno-fv-19\/#breadcrumb"},"inLanguage":"fr-FR","potentialAction":[{"@type":"ReadAction","target":["https:\/\/fermentis.com\/fr\/produit\/safoeno-fv-19\/"]}]},{"@type":"ImageObject","inLanguage":"fr-FR","@id":"https:\/\/fermentis.com\/fr\/produit\/safoeno-fv-19\/#primaryimage","url":"https:\/\/fermentis.com\/wp-content\/uploads\/2023\/05\/SafOEnoTM-FV-19.png","contentUrl":"https:\/\/fermentis.com\/wp-content\/uploads\/2023\/05\/SafOEnoTM-FV-19.png","width":1200,"height":1200,"caption":"SafOEno(TM) FV 19"},{"@type":"BreadcrumbList","@id":"https:\/\/fermentis.com\/fr\/produit\/safoeno-fv-19\/#breadcrumb","itemListElement":[{"@type":"ListItem","position":1,"name":"Home","item":"https:\/\/fermentis.com\/fr\/"},{"@type":"ListItem","position":2,"name":"Produits"},{"@type":"ListItem","position":3,"name":"Vinification","item":"https:\/\/fermentis.com\/fr\/fermentation\/vinification\/"},{"@type":"ListItem","position":4,"name":"Saf\u0152no\u2122 FV 19"}]},{"@type":"WebSite","@id":"https:\/\/fermentis.com\/fr\/#website","url":"https:\/\/fermentis.com\/fr\/","name":"Fermentis","description":"Un site utilisant WordPress","publisher":{"@id":"https:\/\/fermentis.com\/fr\/#organization"},"potentialAction":[{"@type":"SearchAction","target":{"@type":"EntryPoint","urlTemplate":"https:\/\/fermentis.com\/fr\/?s={search_term_string}"},"query-input":{"@type":"PropertyValueSpecification","valueRequired":true,"valueName":"search_term_string"}}],"inLanguage":"fr-FR"},{"@type":"Organization","@id":"https:\/\/fermentis.com\/fr\/#organization","name":"Fermentis","url":"https:\/\/fermentis.com\/fr\/","logo":{"@type":"ImageObject","inLanguage":"fr-FR","@id":"https:\/\/fermentis.com\/fr\/#\/schema\/logo\/image\/","url":"https:\/\/fermentis.com\/wp-content\/uploads\/2021\/07\/Logo-Fermentis-5.png","contentUrl":"https:\/\/fermentis.com\/wp-content\/uploads\/2021\/07\/Logo-Fermentis-5.png","width":308,"height":95,"caption":"Fermentis"},"image":{"@id":"https:\/\/fermentis.com\/fr\/#\/schema\/logo\/image\/"},"sameAs":["https:\/\/www.facebook.com\/Fermentis","https:\/\/x.com\/fermentis","https:\/\/www.instagram.com\/fermentisbylesaffre\/","https:\/\/www.linkedin.com\/company\/fermentis\/","https:\/\/www.youtube.com\/channel\/UCt_Lp3IZnUNXZeqSi6iiAdA"]}]},"product_price_currency":"GBP","og_availability":"instock","product_availability":"instock","product_condition":"new"},"_links":{"self":[{"href":"https:\/\/fermentis.com\/fr\/wp-json\/wp\/v2\/product\/35646","targetHints":{"allow":["GET"]}}],"collection":[{"href":"https:\/\/fermentis.com\/fr\/wp-json\/wp\/v2\/product"}],"about":[{"href":"https:\/\/fermentis.com\/fr\/wp-json\/wp\/v2\/types\/product"}],"replies":[{"embeddable":true,"href":"https:\/\/fermentis.com\/fr\/wp-json\/wp\/v2\/comments?post=35646"}],"wp:featuredmedia":[{"embeddable":true,"href":"https:\/\/fermentis.com\/fr\/wp-json\/wp\/v2\/media\/35650"}],"wp:attachment":[{"href":"https:\/\/fermentis.com\/fr\/wp-json\/wp\/v2\/media?parent=35646"}],"wp:term":[{"taxonomy":"product_brand","embeddable":true,"href":"https:\/\/fermentis.com\/fr\/wp-json\/wp\/v2\/product_brand?post=35646"},{"taxonomy":"product_cat","embeddable":true,"href":"https:\/\/fermentis.com\/fr\/wp-json\/wp\/v2\/product_cat?post=35646"},{"taxonomy":"product_tag","embeddable":true,"href":"https:\/\/fermentis.com\/fr\/wp-json\/wp\/v2\/product_tag?post=35646"}],"curies":[{"name":"wp","href":"https:\/\/api.w.org\/{rel}","templated":true}]}}