{"id":39098,"date":"2024-07-30T16:54:25","date_gmt":"2024-07-30T14:54:25","guid":{"rendered":"https:\/\/fermentis.com\/?post_type=product&#038;p=39098"},"modified":"2026-04-08T12:59:44","modified_gmt":"2026-04-08T10:59:44","slug":"safbrew-br-8","status":"publish","type":"product","link":"https:\/\/fermentis.com\/fr\/produit\/safbrew-br-8\/","title":{"rendered":"SafBrew\u2122 BR\u20118"},"content":{"rendered":"<div class=\"container section-title-container\" ><h2 class=\"section-title section-title-center\"><b aria-hidden=\"true\"><\/b><span class=\"section-title-main\" style=\"font-size:115%;\">La premi\u00e8re Brett s\u00e8che pour des bi\u00e8res savoureuses plus &quot;funky&quot;<\/span><b aria-hidden=\"true\"><\/b><\/h2><\/div>\n<p><strong>SafBrew <sup>\u2122<\/sup> BR-8<\/strong> est la premi\u00e8re levure <em>Brettanomyces bruxellensis<\/em> disponible pour les brasseurs sous un format microgranulaire sec.<\/p>\n<p>Elle offre tous les avantages gustatifs de la levure <em>Brett<\/em> \u00ab sauvage \u00bb, avec davantage de contr\u00f4le et de fiabilit\u00e9, \u00e9liminant le risque de surcarbonatation et surmoussage apr\u00e8s embouteillage.<\/p>\n<p>S\u00e9lectionn\u00e9 sp\u00e9cifiquement pour la fermentation secondaire en bouteilles ou en f\u00fbts, SafBrew\u2122 BR-8 produit des compos\u00e9s ph\u00e9noliques qui cr\u00e9ent une touche finale distinctive qui \u00e9volue au fil du temps \u00e0 mesure que la bi\u00e8re vieillit, avec des notes plus funky (\u00e9curie, cheval, cuir\u2026) joliment \u00e9quilibr\u00e9es par des notes rafra\u00eechissantes et fruit\u00e9es.<\/p>\n\t<div id=\"gap-211942787\" class=\"gap-element clearfix\" style=\"display:block; height:auto;\">\n\t\t\n<style>\n#gap-211942787 {\n  padding-top: 30px;\n}\n<\/style>\n\t<\/div>\n\t\n<div class=\"container section-title-container\" ><h3 class=\"section-title section-title-center\"><b aria-hidden=\"true\"><\/b><span class=\"section-title-main\" style=\"font-size:115%;\">SafBrew\u2122 BR-8 - Profil sensoriel <\/span><b aria-hidden=\"true\"><\/b><\/h3><\/div>\n<p>SafBrew\u2122 BR-8 produit des compos\u00e9s ph\u00e9noliques qui cr\u00e9ent une touche finale distinctive qui \u00e9volue au fil du temps \u00e0 mesure que la bi\u00e8re vieillit, avec des notes plus funky (basse-cour, cheval, cuir\u2026) joliment \u00e9quilibr\u00e9es par des notes rafra\u00eechissantes et fruit\u00e9es. \\r<\/p>\n\t<div id=\"gap-1690991460\" class=\"gap-element clearfix\" style=\"display:block; height:auto;\">\n\t\t\n<style>\n#gap-1690991460 {\n  padding-top: 30px;\n}\n<\/style>\n\t<\/div>\n\t\n<div class=\"container section-title-container\" ><h3 class=\"section-title section-title-center\"><b aria-hidden=\"true\"><\/b><span class=\"section-title-main\" style=\"font-size:115%;\">SafBrew\u2122 BR-8 - Caract\u00e9ristiques techniques<\/span><b aria-hidden=\"true\"><\/b><\/h3><\/div>\n\n\t\t<div class=\"tabbed-content\">\n\t\t\t\n\t\t\t<ul class=\"nav nav-tabs nav-uppercase nav-size-normal nav-left\" role=\"tablist\"><li id=\"tab-dosage-et-utilisation\" class=\"tab active has-icon\" role=\"presentation\"><a href=\"#tab_dosage-et-utilisation\" role=\"tab\" aria-selected=\"true\" aria-controls=\"tab_dosage-et-utilisation\"><span>Dosage et utilisation<\/span><\/a><\/li>\n<li id=\"tab-analyse-typique\" class=\"tab has-icon\" role=\"presentation\"><a href=\"#tab_analyse-typique\" tabindex=\"-1\" role=\"tab\" aria-selected=\"false\" aria-controls=\"tab_analyse-typique\"><span>Analyse typique<\/span><\/a><\/li>\n<li id=\"tab-stockage-et-dur\u00e9e-de-conservation\" class=\"tab has-icon\" role=\"presentation\"><a href=\"#tab_stockage-et-dur\u00e9e-de-conservation\" tabindex=\"-1\" role=\"tab\" aria-selected=\"false\" aria-controls=\"tab_stockage-et-dur\u00e9e-de-conservation\"><span>Stockage et dur\u00e9e de conservation<\/span><\/a><\/li><\/ul><div class=\"tab-panels\"><div id=\"tab_dosage-et-utilisation\" class=\"panel active entry-content\" role=\"tabpanel\" aria-labelledby=\"tab-dosage-et-utilisation\">\n<h4><span style=\"font-size: 18pt\">Dosage\/Temp\u00e9rature<\/span><\/h4>\n<p><strong>Temp\u00e9rature optimale de fermentation 15\u00b0C \u2013 25\u00b0C (59\u00b0F \u2013 77\u00b0F). <\/strong><\/p>\n<h3><strong>Mode d&#039;emploi :<\/strong><\/h3>\n<p><strong><\/strong>R\u00e9hydratation : <strong>SafBrew\u2122 BR-8 ne doit pas \u00eatre r\u00e9hydrat\u00e9 directement dans la bi\u00e8re.<\/strong><\/p>\n<p>Saupoudrer la levure dans au moins 10 fois son poids d&#039;eau st\u00e9rile \u00e0 une temp\u00e9rature de 25\u00b0C \u00e0 29\u00b0C (77\u00b0F \u00e0 84,2\u00b0F). Laisser reposer 15 \u00e0 30 minutes. Remuer d\u00e9licatement jusqu&#039;\u00e0 obtenir une cr\u00e8me de levure.<\/p>\n<p><strong>Utilisation : <\/strong>Ajoutez 5 \u00e0 10 grammes de sucre par litre de bi\u00e8re (0,67 \u00e0 1,34 oz de sucre par gallon de bi\u00e8re) pour obtenir une saturation suppl\u00e9mentaire de 2,5 \u00e0 5,0 g\/L de CO <sub>2 <\/sub>(0,33 \u00e0 0,67 oz\/gal de CO <sub>2<\/sub> ). Ensemencez la bi\u00e8re sucr\u00e9e \u00e0 temp\u00e9rature de fermentation avec la levure r\u00e9hydrat\u00e9e.<\/p>\n<p>La carbonatation sera obtenue en 1 \u00e0 3 mois de maturation.<\/p>\n<p>*A la fin de la refermentation, la bi\u00e8re peut \u00eatre refroidie et gagnera en rondeur apr\u00e8s 2 \u00e0 3 semaines.<br \/>\n*La carbonatation \u00e0 des temp\u00e9ratures inf\u00e9rieures (par exemple 15\u00b0C \/ 59\u00b0F) peut prendre plus de 3 mois.<\/p>\n<\/div>\n<div id=\"tab_analyse-typique\" class=\"panel entry-content\" role=\"tabpanel\" aria-labelledby=\"tab-analyse-typique\">\n<ul>\n<li>Levure viable : &gt; 5,0 *10 <sup>9 <\/sup>cfu\/g<\/li>\n<li>Puret\u00e9 :\n<ul>\n<li>Bact\u00e9ries lactiques : &lt; 1 ufc \/10<sup>6<\/sup> cellules de levure<\/li>\n<li>Bact\u00e9ries ac\u00e9tiques : &lt; 1 ufc \/10<sup>6<\/sup> cellules de levure<\/li>\n<li>Pediococcus : &lt; 1 ufc \/10<sup>6<\/sup> cellules de levure<\/li>\n<li>Bact\u00e9ries totales : &lt; 5 ufc \/10<sup>6<\/sup> cellules de levure<\/li>\n<li>Levure \u00ab sauvage \u00bb 1<sup>\u00a0<\/sup>: &lt; 5 ufc \/ 10<sup>6<\/sup> cellules de levure<\/li>\n<li>Micro-organismes pathog\u00e8nes : conform\u00e9ment \u00e0 la r\u00e9glementation<\/li>\n<\/ul>\n<\/li>\n<\/ul>\n<p><em style=\"color: #555555;font-size: 14.4px\">Analyse r\u00e9alis\u00e9e selon notre \u00e9tude <\/em>HACCP.<em><sup>1<\/sup>Autre que Brettanomyces spp.<\/em><\/p>\n<\/div>\n<div id=\"tab_stockage-et-dur\u00e9e-de-conservation\" class=\"panel entry-content\" role=\"tabpanel\" aria-labelledby=\"tab-stockage-et-dur\u00e9e-de-conservation\">\n<h4>Stockage<\/h4>\n<p>Le produit doit \u00eatre stock\u00e9\/transport\u00e9 dans des conditions s\u00e8ches et prot\u00e9g\u00e9 des sources de chaleur directe (par exemple la lumi\u00e8re du soleil,\u2026). Jusqu&#039;\u00e0 6 mois, le produit peut \u00eatre stock\u00e9\/transport\u00e9 \u00e0 une temp\u00e9rature ambiante inf\u00e9rieure \u00e0 25\u00b0C\/77\u00b0F sans affecter ses performances.<\/p>\n<p>Les pics jusqu&#039;\u00e0 40\u00b0C\/104\u00b0F sont autoris\u00e9s pour une p\u00e9riode de temps limit\u00e9e (moins de 7 jours au total). Pour des dur\u00e9es de stockage prolong\u00e9es (au-del\u00e0 de 6 mois) apr\u00e8s l&#039;arriv\u00e9e du produit \u00e0 destination finale, Fermentis recommande un stockage \u00e0 temp\u00e9rature contr\u00f4l\u00e9e (inf\u00e9rieure \u00e0 15\u00b0C\/59\u00b0F).<\/p>\n<h4>Dur\u00e9e de conservation<\/h4>\n<p>24 mois \u00e0 compter de la date de production. Se r\u00e9f\u00e9rer \u00e0 la date limite de consommation imprim\u00e9e sur le sachet. Les sachets ouverts doivent \u00eatre scell\u00e9s et conserv\u00e9s \u00e0 4\u00b0C (39,2\u00b0F) et utilis\u00e9s dans les 7 jours suivant leur ouverture. Ne pas utiliser de sachets mous ou endommag\u00e9s.<\/p>\n<p><em>Chaque levure Fermentis est d\u00e9velopp\u00e9e selon un sch\u00e9ma de production sp\u00e9cifique et b\u00e9n\u00e9ficie du savoir-faire du groupe Lesaffre, leader mondial de la fabrication de levures. Cela garantit la plus grande puret\u00e9 microbiologique et une activit\u00e9 de fermentation maximale.<\/em><\/p>\n<\/div><\/div><\/div>\n\t<div id=\"gap-1286142949\" class=\"gap-element clearfix\" style=\"display:block; height:auto;\">\n\t\t\n<style>\n#gap-1286142949 {\n  padding-top: 30px;\n}\n<\/style>\n\t<\/div>\n\t\n\t<div id=\"gap-1857325284\" class=\"gap-element clearfix\" style=\"display:block; height:auto;\">\n\t\t\n<style>\n#gap-1857325284 {\n  padding-top: 30px;\n}\n<\/style>\n\t<\/div>\n\t\n<p><em>Les levures de brassage s\u00e8ches Fermentis sont bien connues pour leur capacit\u00e9 \u00e0 produire une grande vari\u00e9t\u00e9 de styles de bi\u00e8re. Afin de comparer nos souches, nous avons r\u00e9alis\u00e9 des essais de fermentation en conditions laboratoire avec un mo\u00fbt standard pour toutes les souches et des conditions de temp\u00e9rature standards (SafLager : 12\u00b0C pendant 48h puis 14\u00b0C\/ SafAle : 20\u00b0C). Nous nous sommes concentr\u00e9s sur les param\u00e8tres suivants : Production d&#039;alcool, sucres r\u00e9siduels, floculation et cin\u00e9tique de fermentation. Compte tenu de l&#039;impact des levures sur la qualit\u00e9 de la bi\u00e8re finale, il est recommand\u00e9 de respecter les instructions de fermentation pr\u00e9conis\u00e9es. Nous conseillons vivement aux utilisateurs de r\u00e9aliser des essais de fermentation avant toute utilisation commerciale de nos produits.<\/em><\/p>\n<div class=\"container section-title-container\" ><h3 class=\"section-title section-title-center\"><b aria-hidden=\"true\"><\/b><span class=\"section-title-main\" style=\"font-size:115%;\">Contenu similaire<\/span><b aria-hidden=\"true\"><\/b><\/h3><\/div>\n<div class=\"row\"  id=\"row-434565945\">\n\n\t<div id=\"col-1931451576\" class=\"col medium-4 small-12 large-4\"  >\n\t\t\t\t<div class=\"col-inner\"  >\n\t\t\t\n\t\t\t\n\t<div class=\"box has-hover   has-hover box-text-bottom\" >\n\n\t\t<div class=\"box-image\" >\n\t\t\t<a href=\"https:\/\/fermentis.com\/en\/news\/fermentation\/beer-brewing\/safbrew-br-8-is-now-available-for-homebrewers\/\" >\t\t\t<div class=\"\" >\n\t\t\t\t<img loading=\"lazy\" decoding=\"async\" width=\"1039\" height=\"742\" src=\"https:\/\/fermentis.com\/wp-content\/uploads\/2023\/01\/SafBrew-BR-8.jpg\" class=\"attachment- size-\" alt=\"SafBrew-BR-8\" srcset=\"https:\/\/fermentis.com\/wp-content\/uploads\/2023\/01\/SafBrew-BR-8.jpg 1039w, https:\/\/fermentis.com\/wp-content\/uploads\/2023\/01\/SafBrew-BR-8-800x571.jpg 800w, https:\/\/fermentis.com\/wp-content\/uploads\/2023\/01\/SafBrew-BR-8-1024x731.jpg 1024w, https:\/\/fermentis.com\/wp-content\/uploads\/2023\/01\/SafBrew-BR-8-768x548.jpg 768w, https:\/\/fermentis.com\/wp-content\/uploads\/2023\/01\/SafBrew-BR-8-600x428.jpg 600w\" sizes=\"auto, (max-width: 1039px) 100vw, 1039px\" \/>\t\t\t\t\t\t\t\t\t\t\t<\/div>\n\t\t\t<\/a>\t\t<\/div>\n\n\t\t<div class=\"box-text text-center dark\" style=\"background-color:rgb(236, 140, 30);\">\n\t\t\t<div class=\"box-text-inner\">\n\t\t\t\t\n<h4>SafBrew\u2122 BR-8 est maintenant disponible pour les brasseurs amateurs\u00a0!<\/h4>\n<a href=\"https:\/\/fermentis.com\/en\/news\/fermentation\/beer-brewing\/safbrew-br-8-is-now-available-for-homebrewers\/\" class=\"button white is-outline\" >\n\t\t<span>Cliquez ici pour lire l&#039;article<\/span>\n\t<\/a>\n\n\t\t\t<\/div>\n\t\t<\/div>\n\t<\/div>\n\t\n\t\t<\/div>\n\t\t\t\t\t<\/div>\n\n\t\n\n\t<div id=\"col-1490702732\" class=\"col medium-4 small-12 large-4\"  >\n\t\t\t\t<div class=\"col-inner\"  >\n\t\t\t\n\t\t\t\n\t\t<\/div>\n\t\t\t\t\t<\/div>\n\n\t\n\n\t<div id=\"col-103205904\" class=\"col medium-4 small-12 large-4\"  >\n\t\t\t\t<div class=\"col-inner\"  >\n\t\t\t\n\t\t\t\n\t\t<\/div>\n\t\t\t\t\t<\/div>\n\n\t\n<\/div>\n","protected":false},"excerpt":{"rendered":"<p>La premi\u00e8re Brett s\u00e8che con\u00e7ue pour le conditionnement de vos bouteilles et\/ou f\u00fbts<\/p>\n","protected":false},"featured_media":506379,"comment_status":"closed","ping_status":"closed","template":"","meta":{"_acf_changed":false},"product_brand":[],"product_cat":[243,256,262],"product_tag":[1008,1007],"class_list":{"0":"post-39098","1":"product","2":"type-product","3":"status-publish","4":"has-post-thumbnail","6":"product_cat-bieres-brasserie","7":"product_cat-levure-seche-active-bieres","8":"product_cat-safbrew-fr","9":"product_tag-br-8-fr","10":"product_tag-br8-fr","11":"pa_yeast-range-safbrew-fr","12":"pa_yeast-variety-brettanomyces-bruxellensis-fr","14":"first","15":"instock","16":"shipping-taxable","17":"product-type-simple"},"acf":[],"yoast_head":"<!-- This site is optimized with the Yoast SEO Premium plugin v27.3 (Yoast SEO v27.3) - https:\/\/yoast.com\/product\/yoast-seo-premium-wordpress\/ -->\n<title>SafBrew\u2122 BR-8 - La premi\u00e8re Brett s\u00e8che pour des bi\u00e8res savoureuses plus &quot;funky&quot;<\/title>\n<meta name=\"description\" content=\"SafBrew\u2122 BR-8 de Fermentis est la premi\u00e8re Brett s\u00e8che con\u00e7ue pour le conditionnement de vos bouteilles et\/ou f\u00fbts. Apporte des notes funky int\u00e9ressantes \u00e0 la bi\u00e8re.\" \/>\n<meta name=\"robots\" content=\"index, follow, max-snippet:-1, max-image-preview:large, max-video-preview:-1\" \/>\n<link rel=\"canonical\" href=\"https:\/\/fermentis.com\/fr\/produit\/safbrew-br-8\/\" \/>\n<meta property=\"og:locale\" content=\"fr_FR\" \/>\n<meta property=\"og:type\" content=\"article\" \/>\n<meta property=\"og:title\" content=\"SafBrew\u2122 BR\u20118\" \/>\n<meta property=\"og:description\" content=\"SafBrew\u2122 BR-8 de Fermentis est la premi\u00e8re Brett s\u00e8che con\u00e7ue pour le conditionnement de vos bouteilles et\/ou f\u00fbts. Apporte des notes funky int\u00e9ressantes \u00e0 la bi\u00e8re.\" \/>\n<meta property=\"og:url\" content=\"https:\/\/fermentis.com\/fr\/produit\/safbrew-br-8\/\" \/>\n<meta property=\"og:site_name\" content=\"Fermentis\" \/>\n<meta property=\"article:publisher\" content=\"https:\/\/www.facebook.com\/Fermentis\" \/>\n<meta property=\"article:modified_time\" content=\"2026-04-08T10:59:44+00:00\" \/>\n<meta property=\"og:image\" content=\"https:\/\/cdn.bfldr.com\/G7S7MSWL\/at\/bpq5whbgpj5j6kqqc8gkg\/SafBrew-BR-8_100g_Half-Front.jpg?auto=webp&format=jpg\" \/>\n<meta name=\"twitter:card\" content=\"summary_large_image\" \/>\n<meta name=\"twitter:image\" content=\"https:\/\/cdn.bfldr.com\/G7S7MSWL\/at\/bpq5whbgpj5j6kqqc8gkg\/SafBrew-BR-8_100g_Half-Front.jpg?auto=webp&format=jpg\" \/>\n<meta name=\"twitter:site\" content=\"@fermentis\" \/>\n<meta name=\"twitter:label1\" content=\"Prix\" \/>\n\t<meta name=\"twitter:data1\" content=\"\" \/>\n\t<meta name=\"twitter:label2\" content=\"Disponibilit\u00e9\" \/>\n\t<meta name=\"twitter:data2\" content=\"En stock\" \/>\n<script type=\"application\/ld+json\" class=\"yoast-schema-graph\">{\"@context\":\"https:\\\/\\\/schema.org\",\"@graph\":[{\"@type\":\"WebPage\",\"@id\":\"https:\\\/\\\/fermentis.com\\\/fr\\\/produit\\\/safbrew-br-8\\\/\",\"url\":\"https:\\\/\\\/fermentis.com\\\/fr\\\/produit\\\/safbrew-br-8\\\/\",\"name\":\"SafBrew\u2122 BR-8 - La premi\u00e8re Brett s\u00e8che pour des bi\u00e8res savoureuses plus \\\"funky\\\"\",\"isPartOf\":{\"@id\":\"https:\\\/\\\/fermentis.com\\\/fr\\\/#website\"},\"primaryImageOfPage\":{\"@id\":\"https:\\\/\\\/fermentis.com\\\/fr\\\/produit\\\/safbrew-br-8\\\/#primaryimage\"},\"image\":{\"@id\":\"https:\\\/\\\/fermentis.com\\\/fr\\\/produit\\\/safbrew-br-8\\\/#primaryimage\"},\"thumbnailUrl\":\"https:\\\/\\\/cdn.bfldr.com\\\/G7S7MSWL\\\/at\\\/bpq5whbgpj5j6kqqc8gkg\\\/SafBrew-BR-8_100g_Half-Front.jpg?auto=webp&format=jpg\",\"datePublished\":\"2024-07-30T14:54:25+00:00\",\"dateModified\":\"2026-04-08T10:59:44+00:00\",\"description\":\"SafBrew\u2122 BR-8 de Fermentis est la premi\u00e8re Brett s\u00e8che con\u00e7ue pour le conditionnement de vos bouteilles et\\\/ou f\u00fbts. Apporte des notes funky int\u00e9ressantes \u00e0 la bi\u00e8re.\",\"breadcrumb\":{\"@id\":\"https:\\\/\\\/fermentis.com\\\/fr\\\/produit\\\/safbrew-br-8\\\/#breadcrumb\"},\"inLanguage\":\"fr-FR\",\"potentialAction\":[{\"@type\":\"ReadAction\",\"target\":[\"https:\\\/\\\/fermentis.com\\\/fr\\\/produit\\\/safbrew-br-8\\\/\"]}]},{\"@type\":\"ImageObject\",\"inLanguage\":\"fr-FR\",\"@id\":\"https:\\\/\\\/fermentis.com\\\/fr\\\/produit\\\/safbrew-br-8\\\/#primaryimage\",\"url\":\"https:\\\/\\\/cdn.bfldr.com\\\/G7S7MSWL\\\/at\\\/bpq5whbgpj5j6kqqc8gkg\\\/SafBrew-BR-8_100g_Half-Front.jpg?auto=webp&format=jpg\",\"contentUrl\":\"https:\\\/\\\/cdn.bfldr.com\\\/G7S7MSWL\\\/at\\\/bpq5whbgpj5j6kqqc8gkg\\\/SafBrew-BR-8_100g_Half-Front.jpg?auto=webp&format=jpg\",\"width\":\"1600\",\"height\":\"1600\"},{\"@type\":\"BreadcrumbList\",\"@id\":\"https:\\\/\\\/fermentis.com\\\/fr\\\/produit\\\/safbrew-br-8\\\/#breadcrumb\",\"itemListElement\":[{\"@type\":\"ListItem\",\"position\":1,\"name\":\"Home\",\"item\":\"https:\\\/\\\/fermentis.com\\\/fr\\\/\"},{\"@type\":\"ListItem\",\"position\":2,\"name\":\"Produits\"},{\"@type\":\"ListItem\",\"position\":3,\"name\":\"Bi\u00e8res et brasserie\",\"item\":\"https:\\\/\\\/fermentis.com\\\/fr\\\/fermentation\\\/bieres-brasserie\\\/\"},{\"@type\":\"ListItem\",\"position\":4,\"name\":\"SafBrew\u2122 BR\u20118\"}]},{\"@type\":\"WebSite\",\"@id\":\"https:\\\/\\\/fermentis.com\\\/fr\\\/#website\",\"url\":\"https:\\\/\\\/fermentis.com\\\/fr\\\/\",\"name\":\"Fermentis\",\"description\":\"Un site utilisant WordPress\",\"publisher\":{\"@id\":\"https:\\\/\\\/fermentis.com\\\/fr\\\/#organization\"},\"potentialAction\":[{\"@type\":\"SearchAction\",\"target\":{\"@type\":\"EntryPoint\",\"urlTemplate\":\"https:\\\/\\\/fermentis.com\\\/fr\\\/?s={search_term_string}\"},\"query-input\":{\"@type\":\"PropertyValueSpecification\",\"valueRequired\":true,\"valueName\":\"search_term_string\"}}],\"inLanguage\":\"fr-FR\"},{\"@type\":\"Organization\",\"@id\":\"https:\\\/\\\/fermentis.com\\\/fr\\\/#organization\",\"name\":\"Fermentis\",\"url\":\"https:\\\/\\\/fermentis.com\\\/fr\\\/\",\"logo\":{\"@type\":\"ImageObject\",\"inLanguage\":\"fr-FR\",\"@id\":\"https:\\\/\\\/fermentis.com\\\/fr\\\/#\\\/schema\\\/logo\\\/image\\\/\",\"url\":\"https:\\\/\\\/fermentis.com\\\/wp-content\\\/uploads\\\/2021\\\/07\\\/Logo-Fermentis-5.png\",\"contentUrl\":\"https:\\\/\\\/fermentis.com\\\/wp-content\\\/uploads\\\/2021\\\/07\\\/Logo-Fermentis-5.png\",\"width\":308,\"height\":95,\"caption\":\"Fermentis\"},\"image\":{\"@id\":\"https:\\\/\\\/fermentis.com\\\/fr\\\/#\\\/schema\\\/logo\\\/image\\\/\"},\"sameAs\":[\"https:\\\/\\\/www.facebook.com\\\/Fermentis\",\"https:\\\/\\\/x.com\\\/fermentis\",\"https:\\\/\\\/www.instagram.com\\\/fermentisbylesaffre\\\/\",\"https:\\\/\\\/www.linkedin.com\\\/company\\\/fermentis\\\/\",\"https:\\\/\\\/www.youtube.com\\\/channel\\\/UCt_Lp3IZnUNXZeqSi6iiAdA\"]}]}<\/script>\n<meta property=\"product:price:currency\" content=\"GBP\" \/>\n<meta property=\"og:availability\" content=\"instock\" \/>\n<meta property=\"product:availability\" content=\"instock\" \/>\n<meta property=\"product:condition\" content=\"new\" \/>\n<!-- \/ Yoast SEO Premium plugin. -->","yoast_head_json":{"title":"SafBrew\u2122 BR-8 - La premi\u00e8re Brett s\u00e8che pour des bi\u00e8res savoureuses plus \"funky\"","description":"SafBrew\u2122 BR-8 de Fermentis est la premi\u00e8re Brett s\u00e8che con\u00e7ue pour le conditionnement de vos bouteilles et\/ou f\u00fbts. Apporte des notes funky int\u00e9ressantes \u00e0 la bi\u00e8re.","robots":{"index":"index","follow":"follow","max-snippet":"max-snippet:-1","max-image-preview":"max-image-preview:large","max-video-preview":"max-video-preview:-1"},"canonical":"https:\/\/fermentis.com\/fr\/produit\/safbrew-br-8\/","og_locale":"fr_FR","og_type":"article","og_title":"SafBrew\u2122 BR\u20118","og_description":"SafBrew\u2122 BR-8 de Fermentis est la premi\u00e8re Brett s\u00e8che con\u00e7ue pour le conditionnement de vos bouteilles et\/ou f\u00fbts. Apporte des notes funky int\u00e9ressantes \u00e0 la bi\u00e8re.","og_url":"https:\/\/fermentis.com\/fr\/produit\/safbrew-br-8\/","og_site_name":"Fermentis","article_publisher":"https:\/\/www.facebook.com\/Fermentis","article_modified_time":"2026-04-08T10:59:44+00:00","og_image":[{"url":"https:\/\/cdn.bfldr.com\/G7S7MSWL\/at\/bpq5whbgpj5j6kqqc8gkg\/SafBrew-BR-8_100g_Half-Front.jpg?auto=webp&format=jpg","type":"","width":"","height":""}],"twitter_card":"summary_large_image","twitter_image":"https:\/\/cdn.bfldr.com\/G7S7MSWL\/at\/bpq5whbgpj5j6kqqc8gkg\/SafBrew-BR-8_100g_Half-Front.jpg?auto=webp&format=jpg","twitter_site":"@fermentis","twitter_misc":{"Prix":"","Disponibilit\u00e9":"En stock"},"schema":{"@context":"https:\/\/schema.org","@graph":[{"@type":"WebPage","@id":"https:\/\/fermentis.com\/fr\/produit\/safbrew-br-8\/","url":"https:\/\/fermentis.com\/fr\/produit\/safbrew-br-8\/","name":"SafBrew\u2122 BR-8 - La premi\u00e8re Brett s\u00e8che pour des bi\u00e8res savoureuses plus \"funky\"","isPartOf":{"@id":"https:\/\/fermentis.com\/fr\/#website"},"primaryImageOfPage":{"@id":"https:\/\/fermentis.com\/fr\/produit\/safbrew-br-8\/#primaryimage"},"image":{"@id":"https:\/\/fermentis.com\/fr\/produit\/safbrew-br-8\/#primaryimage"},"thumbnailUrl":"https:\/\/cdn.bfldr.com\/G7S7MSWL\/at\/bpq5whbgpj5j6kqqc8gkg\/SafBrew-BR-8_100g_Half-Front.jpg?auto=webp&format=jpg","datePublished":"2024-07-30T14:54:25+00:00","dateModified":"2026-04-08T10:59:44+00:00","description":"SafBrew\u2122 BR-8 de Fermentis est la premi\u00e8re Brett s\u00e8che con\u00e7ue pour le conditionnement de vos bouteilles et\/ou f\u00fbts. Apporte des notes funky int\u00e9ressantes \u00e0 la bi\u00e8re.","breadcrumb":{"@id":"https:\/\/fermentis.com\/fr\/produit\/safbrew-br-8\/#breadcrumb"},"inLanguage":"fr-FR","potentialAction":[{"@type":"ReadAction","target":["https:\/\/fermentis.com\/fr\/produit\/safbrew-br-8\/"]}]},{"@type":"ImageObject","inLanguage":"fr-FR","@id":"https:\/\/fermentis.com\/fr\/produit\/safbrew-br-8\/#primaryimage","url":"https:\/\/cdn.bfldr.com\/G7S7MSWL\/at\/bpq5whbgpj5j6kqqc8gkg\/SafBrew-BR-8_100g_Half-Front.jpg?auto=webp&format=jpg","contentUrl":"https:\/\/cdn.bfldr.com\/G7S7MSWL\/at\/bpq5whbgpj5j6kqqc8gkg\/SafBrew-BR-8_100g_Half-Front.jpg?auto=webp&format=jpg","width":"1600","height":"1600"},{"@type":"BreadcrumbList","@id":"https:\/\/fermentis.com\/fr\/produit\/safbrew-br-8\/#breadcrumb","itemListElement":[{"@type":"ListItem","position":1,"name":"Home","item":"https:\/\/fermentis.com\/fr\/"},{"@type":"ListItem","position":2,"name":"Produits"},{"@type":"ListItem","position":3,"name":"Bi\u00e8res et brasserie","item":"https:\/\/fermentis.com\/fr\/fermentation\/bieres-brasserie\/"},{"@type":"ListItem","position":4,"name":"SafBrew\u2122 BR\u20118"}]},{"@type":"WebSite","@id":"https:\/\/fermentis.com\/fr\/#website","url":"https:\/\/fermentis.com\/fr\/","name":"Fermentis","description":"Un site utilisant WordPress","publisher":{"@id":"https:\/\/fermentis.com\/fr\/#organization"},"potentialAction":[{"@type":"SearchAction","target":{"@type":"EntryPoint","urlTemplate":"https:\/\/fermentis.com\/fr\/?s={search_term_string}"},"query-input":{"@type":"PropertyValueSpecification","valueRequired":true,"valueName":"search_term_string"}}],"inLanguage":"fr-FR"},{"@type":"Organization","@id":"https:\/\/fermentis.com\/fr\/#organization","name":"Fermentis","url":"https:\/\/fermentis.com\/fr\/","logo":{"@type":"ImageObject","inLanguage":"fr-FR","@id":"https:\/\/fermentis.com\/fr\/#\/schema\/logo\/image\/","url":"https:\/\/fermentis.com\/wp-content\/uploads\/2021\/07\/Logo-Fermentis-5.png","contentUrl":"https:\/\/fermentis.com\/wp-content\/uploads\/2021\/07\/Logo-Fermentis-5.png","width":308,"height":95,"caption":"Fermentis"},"image":{"@id":"https:\/\/fermentis.com\/fr\/#\/schema\/logo\/image\/"},"sameAs":["https:\/\/www.facebook.com\/Fermentis","https:\/\/x.com\/fermentis","https:\/\/www.instagram.com\/fermentisbylesaffre\/","https:\/\/www.linkedin.com\/company\/fermentis\/","https:\/\/www.youtube.com\/channel\/UCt_Lp3IZnUNXZeqSi6iiAdA"]}]},"product_price_currency":"GBP","og_availability":"instock","product_availability":"instock","product_condition":"new"},"fifu_image_url":"https:\/\/cdn.bfldr.com\/G7S7MSWL\/at\/bpq5whbgpj5j6kqqc8gkg\/SafBrew-BR-8_100g_Half-Front.jpg?auto=webp&format=jpg","_links":{"self":[{"href":"https:\/\/fermentis.com\/fr\/wp-json\/wp\/v2\/product\/39098","targetHints":{"allow":["GET"]}}],"collection":[{"href":"https:\/\/fermentis.com\/fr\/wp-json\/wp\/v2\/product"}],"about":[{"href":"https:\/\/fermentis.com\/fr\/wp-json\/wp\/v2\/types\/product"}],"replies":[{"embeddable":true,"href":"https:\/\/fermentis.com\/fr\/wp-json\/wp\/v2\/comments?post=39098"}],"wp:featuredmedia":[{"embeddable":true,"href":"https:\/\/fermentis.com\/fr\/wp-json\/wp\/v2\/media\/506379"}],"wp:attachment":[{"href":"https:\/\/fermentis.com\/fr\/wp-json\/wp\/v2\/media?parent=39098"}],"wp:term":[{"taxonomy":"product_brand","embeddable":true,"href":"https:\/\/fermentis.com\/fr\/wp-json\/wp\/v2\/product_brand?post=39098"},{"taxonomy":"product_cat","embeddable":true,"href":"https:\/\/fermentis.com\/fr\/wp-json\/wp\/v2\/product_cat?post=39098"},{"taxonomy":"product_tag","embeddable":true,"href":"https:\/\/fermentis.com\/fr\/wp-json\/wp\/v2\/product_tag?post=39098"}],"curies":[{"name":"wp","href":"https:\/\/api.w.org\/{rel}","templated":true}]}}