{"id":39357,"date":"2019-06-08T15:11:29","date_gmt":"2019-06-08T13:11:29","guid":{"rendered":"https:\/\/fermentis.com\/?post_type=product&#038;p=39357"},"modified":"2026-04-03T11:05:29","modified_gmt":"2026-04-03T09:05:29","slug":"safsour-lb-1","status":"publish","type":"product","link":"https:\/\/fermentis.com\/fr\/produit\/safsour-lb-1\/","title":{"rendered":"SafSour\u2122 LB&nbsp;1"},"content":{"rendered":"<div class=\"container section-title-container\" ><h2 class=\"section-title section-title-center\"><b aria-hidden=\"true\"><\/b><span class=\"section-title-main\" style=\"font-size:115%;\">Une bact\u00e9rie Kettle Sour qui respecte l&#039;expression aromatique de la levure<\/span><b aria-hidden=\"true\"><\/b><\/h2><\/div>\n<p>SafSour LB 1\u2122 is a <strong>heterofermentative lactic acid bacteria<\/strong>. It has been selected by Fermentis speci\ufb01cally for its ability to provide a precise acidity related to the combined production of lactic and acetic acids. SafSour LB 1\u2122 also reveals a neutral aromatic pro\ufb01le, respecting the aromatic signature of the yeast in the \ufb01nal product. <strong>We recommend it to produce Gose, Berliner Weisse and many other balanced sour beers.<\/strong><\/p>\n<p><strong>Ingredients<\/strong>: bacteria (Levilactobacillus brevis); maltodextrin as a carrier.<\/p>\n\t<div id=\"gap-1037429277\" class=\"gap-element clearfix\" style=\"display:block; height:auto;\">\n\t\t\n<style>\n#gap-1037429277 {\n  padding-top: 30px;\n}\n<\/style>\n\t<\/div>\n\t\n<div class=\"container section-title-container\" ><h3 class=\"section-title section-title-center\"><b aria-hidden=\"true\"><\/b><span class=\"section-title-main\" style=\"font-size:115%;\">SafSour LB 1\u2122 - Caract\u00e9ristiques sensorielles<\/span><b aria-hidden=\"true\"><\/b><\/h3><\/div>\n<p>SafSour LB 1\u2122 reveals a neutral aromatic pro\ufb01le, respecting the aromatic signature of the yeast in the \ufb01nal product.<\/p>\n\t<div id=\"gap-1837563303\" class=\"gap-element clearfix\" style=\"display:block; height:auto;\">\n\t\t\n<style>\n#gap-1837563303 {\n  padding-top: 30px;\n}\n<\/style>\n\t<\/div>\n\t\n<div class=\"container section-title-container\" ><h3 class=\"section-title section-title-center\"><b aria-hidden=\"true\"><\/b><span class=\"section-title-main\" style=\"font-size:115%;\"> SafSour LB 1\u2122 - Caract\u00e9ristiques techniques<\/span><b aria-hidden=\"true\"><\/b><\/h3><\/div>\n\n\t\t<div class=\"tabbed-content\">\n\t\t\t\n\t\t\t<ul class=\"nav nav-tabs nav-uppercase nav-size-normal nav-left\" role=\"tablist\"><li id=\"tab-dosage-et-utilisation\" class=\"tab active has-icon\" role=\"presentation\"><a href=\"#tab_dosage-et-utilisation\" role=\"tab\" aria-selected=\"true\" aria-controls=\"tab_dosage-et-utilisation\"><span>Dosage et utilisation<\/span><\/a><\/li>\n<li id=\"tab-propri\u00e9t\u00e9s\" class=\"tab has-icon\" role=\"presentation\"><a href=\"#tab_propri\u00e9t\u00e9s\" tabindex=\"-1\" role=\"tab\" aria-selected=\"false\" aria-controls=\"tab_propri\u00e9t\u00e9s\"><span>Propri\u00e9t\u00e9s<\/span><\/a><\/li>\n<li id=\"tab-analyse-microbienne\" class=\"tab has-icon\" role=\"presentation\"><a href=\"#tab_analyse-microbienne\" tabindex=\"-1\" role=\"tab\" aria-selected=\"false\" aria-controls=\"tab_analyse-microbienne\"><span>Analyse microbienne<\/span><\/a><\/li>\n<li id=\"tab-stockage-et-dur\u00e9e-de-conservation\" class=\"tab has-icon\" role=\"presentation\"><a href=\"#tab_stockage-et-dur\u00e9e-de-conservation\" tabindex=\"-1\" role=\"tab\" aria-selected=\"false\" aria-controls=\"tab_stockage-et-dur\u00e9e-de-conservation\"><span>Stockage et dur\u00e9e de conservation<\/span><\/a><\/li><\/ul><div class=\"tab-panels\"><div id=\"tab_dosage-et-utilisation\" class=\"panel active entry-content\" role=\"tabpanel\" aria-labelledby=\"tab-dosage-et-utilisation\">\n<p><strong>Dosage<\/strong>:<br \/>\nThe optimum dosing rate is 10 g\/hL<\/p>\n<p><strong>Usage<\/strong>:<br \/>\nIt is recommended to pitch directly into the non-hopped wort at the temperature of 32\u00b0C (+\/- 5\u00b0C).<\/p>\n<\/div>\n<div id=\"tab_propri\u00e9t\u00e9s\" class=\"panel entry-content\" role=\"tabpanel\" aria-labelledby=\"tab-propri\u00e9t\u00e9s\">\n<ul>\n<li>SafSour LB 1\u2122 acidifies <strong>non-hopped<\/strong> wort within <strong>30h \u2013 48h<\/strong> at a temperature of 32\u00b0C (+\/- 5\u00b0C).<\/li>\n<li>SafSour LB 1\u2122 as heterofermentative lactic acid bacteria, produces lactic acid and acetic acid.<\/li>\n<li>SafSour LB 1\u2122 presents a <strong>low tolerance<\/strong> towards iso alpha acids (half of the SafSour LB 1\u2122 growth is inhibited, IC<sub>50<\/sub> of 10 ppm).<\/li>\n<li>SafSour LB 1\u2122 reaches a final <strong>pH of 3,6 \u2013 3,9<\/strong> typically.<\/li>\n<\/ul>\n<\/div>\n<div id=\"tab_analyse-microbienne\" class=\"panel entry-content\" role=\"tabpanel\" aria-labelledby=\"tab-analyse-microbienne\">\n<ul>\n<li>Dry matter: &gt; 90%<\/li>\n<li>Viable cells at packaging: &gt; 1.5&#215;10<sup>11<\/sup> cfu\/g<\/li>\n<li>Acetic acid bacteria: &lt; 1000 cfu\/g<\/li>\n<li>Coliforms: &lt; 100 cfu\/g<\/li>\n<li>Yeasts: &lt; 1000 cfu\/g<\/li>\n<li>Mold: &lt; 1000 cfu\/g<\/li>\n<\/ul>\n<\/div>\n<div id=\"tab_stockage-et-dur\u00e9e-de-conservation\" class=\"panel entry-content\" role=\"tabpanel\" aria-labelledby=\"tab-stockage-et-dur\u00e9e-de-conservation\">\n<p><strong>Storage:<\/strong><\/p>\n<p>Product may be transported at ambient temperatures, ideally not more than 30\u00b0C for prolonged periods of time, i.e. a maximum of 14 days. Peaks of up to 40\u00b0C are allowed.<br \/>\nMust be stored in a <strong>cool and dry conditions <\/strong>(&lt; 4\u00b0C\/39.2\u00b0F).<\/p>\n<p><strong>Shelf life:<\/strong><\/p>\n<p>Best if used within 36 months after production date when stored under <strong>cool temperatures<\/strong> (&lt; 4\u00b0C\/39.2\u00b0F). Refer to the packaging for \u201cUse Best Before Date.\u201d Do not use soft or damaged sachets.<\/p>\n<p><strong>Safety:<\/strong><\/p>\n<p>SafSour LB 1\u2122 is sensitive to all clinically relevant antibiotics and presents no risk of antibiotic resistance genes diffusion.<br \/>\nBiogenic amines-free.<\/p>\n<\/div><\/div><\/div>\n\t<div id=\"gap-1435257862\" class=\"gap-element clearfix\" style=\"display:block; height:auto;\">\n\t\t\n<style>\n#gap-1435257862 {\n  padding-top: 30px;\n}\n<\/style>\n\t<\/div>\n\t\n<p><em>Fermentis dry brewing yeasts are well known for their ability to produce a large variety of beer styles. In order to compare our strains, we ran fermentation trials in laboratory conditions with a standard wort for all the strains and standard temperature conditions (SafLager\u2122: 12\u00b0C for 48h then 14\u00b0C \/ SafAle\u2122: 20\u00b0C). We focused on the following parameters: Alcohol production, residual sugars, flocculation and fermentation kinetic. Given the impact of yeast of the quality of the final beer it is recommended to respect the recommended fermentation instructions. We strongly advise users to make fermentation trials before any commercial usage of our products.<\/em><\/p>\n","protected":false},"excerpt":{"rendered":"<p>Une bact\u00e9rie Kettle Sour qui respecte l&#8217;expression aromatique de la levure<\/p>\n","protected":false},"featured_media":29278,"comment_status":"closed","ping_status":"closed","template":"","meta":{"_acf_changed":false},"product_brand":[],"product_cat":[295,243,296],"product_tag":[1238,1239],"class_list":{"0":"post-39357","1":"product","2":"type-product","3":"status-publish","4":"has-post-thumbnail","6":"product_cat-bacteries","7":"product_cat-bieres-brasserie","8":"product_cat-safsour-fr-2","9":"product_tag-lb-1-fr","10":"product_tag-lb1-fr","12":"first","13":"instock","14":"shipping-taxable","15":"product-type-simple"},"acf":[],"yoast_head":"<!-- This site is optimized with the Yoast SEO Premium plugin v27.3 (Yoast SEO v27.3) - https:\/\/yoast.com\/product\/yoast-seo-premium-wordpress\/ -->\n<title>SafSour LB 1 \u2122 - Bact\u00e9ries pour bi\u00e8res Kettle Sour - Fermentis<\/title>\n<meta name=\"description\" content=\"La bact\u00e9rie Fermentis SafSour LB 1\u2122 qui respecte l&#039;expression aromatique de la levure, pour cr\u00e9er des bi\u00e8res acides \u00e9quilibr\u00e9es telles que le style Gose et plus encore.\" \/>\n<meta name=\"robots\" content=\"index, follow, max-snippet:-1, max-image-preview:large, max-video-preview:-1\" \/>\n<link rel=\"canonical\" href=\"https:\/\/fermentis.com\/fr\/produit\/safsour-lb-1\/\" \/>\n<meta property=\"og:locale\" content=\"fr_FR\" \/>\n<meta property=\"og:type\" content=\"article\" \/>\n<meta property=\"og:title\" content=\"SafSour\u2122 LB&nbsp;1\" \/>\n<meta property=\"og:description\" content=\"La bact\u00e9rie Fermentis SafSour LB 1\u2122 qui respecte l&#039;expression aromatique de la levure, pour cr\u00e9er des bi\u00e8res acides \u00e9quilibr\u00e9es telles que le style Gose et plus encore.\" \/>\n<meta property=\"og:url\" content=\"https:\/\/fermentis.com\/fr\/produit\/safsour-lb-1\/\" \/>\n<meta property=\"og:site_name\" content=\"Fermentis\" \/>\n<meta property=\"article:publisher\" content=\"https:\/\/www.facebook.com\/Fermentis\" \/>\n<meta property=\"article:modified_time\" content=\"2026-04-03T09:05:29+00:00\" \/>\n<meta property=\"og:image\" content=\"https:\/\/fermentis.com\/wp-content\/uploads\/2020\/10\/saf-sour-lb1.jpg\" \/>\n\t<meta property=\"og:image:width\" content=\"1200\" \/>\n\t<meta property=\"og:image:height\" content=\"1200\" \/>\n\t<meta property=\"og:image:type\" content=\"image\/jpeg\" \/>\n<meta name=\"twitter:card\" content=\"summary_large_image\" \/>\n<meta name=\"twitter:site\" content=\"@fermentis\" \/>\n<meta name=\"twitter:label1\" content=\"Prix\" \/>\n\t<meta name=\"twitter:data1\" content=\"\" \/>\n\t<meta name=\"twitter:label2\" content=\"Disponibilit\u00e9\" \/>\n\t<meta name=\"twitter:data2\" content=\"En stock\" \/>\n<script type=\"application\/ld+json\" class=\"yoast-schema-graph\">{\"@context\":\"https:\\\/\\\/schema.org\",\"@graph\":[{\"@type\":\"WebPage\",\"@id\":\"https:\\\/\\\/fermentis.com\\\/fr\\\/produit\\\/safsour-lb-1\\\/\",\"url\":\"https:\\\/\\\/fermentis.com\\\/fr\\\/produit\\\/safsour-lb-1\\\/\",\"name\":\"SafSour LB 1 \u2122 - Bact\u00e9ries pour bi\u00e8res Kettle Sour - Fermentis\",\"isPartOf\":{\"@id\":\"https:\\\/\\\/fermentis.com\\\/fr\\\/#website\"},\"primaryImageOfPage\":{\"@id\":\"https:\\\/\\\/fermentis.com\\\/fr\\\/produit\\\/safsour-lb-1\\\/#primaryimage\"},\"image\":{\"@id\":\"https:\\\/\\\/fermentis.com\\\/fr\\\/produit\\\/safsour-lb-1\\\/#primaryimage\"},\"thumbnailUrl\":\"https:\\\/\\\/fermentis.com\\\/wp-content\\\/uploads\\\/2020\\\/10\\\/saf-sour-lb1.jpg\",\"datePublished\":\"2019-06-08T13:11:29+00:00\",\"dateModified\":\"2026-04-03T09:05:29+00:00\",\"description\":\"La bact\u00e9rie Fermentis SafSour LB 1\u2122 qui respecte l'expression aromatique de la levure, pour cr\u00e9er des bi\u00e8res acides \u00e9quilibr\u00e9es telles que le style Gose et plus encore.\",\"breadcrumb\":{\"@id\":\"https:\\\/\\\/fermentis.com\\\/fr\\\/produit\\\/safsour-lb-1\\\/#breadcrumb\"},\"inLanguage\":\"fr-FR\",\"potentialAction\":[{\"@type\":\"ReadAction\",\"target\":[\"https:\\\/\\\/fermentis.com\\\/fr\\\/produit\\\/safsour-lb-1\\\/\"]}]},{\"@type\":\"ImageObject\",\"inLanguage\":\"fr-FR\",\"@id\":\"https:\\\/\\\/fermentis.com\\\/fr\\\/produit\\\/safsour-lb-1\\\/#primaryimage\",\"url\":\"https:\\\/\\\/fermentis.com\\\/wp-content\\\/uploads\\\/2020\\\/10\\\/saf-sour-lb1.jpg\",\"contentUrl\":\"https:\\\/\\\/fermentis.com\\\/wp-content\\\/uploads\\\/2020\\\/10\\\/saf-sour-lb1.jpg\",\"width\":1200,\"height\":1200,\"caption\":\"Safsour LB1 beer bacteria pack by fermentis\"},{\"@type\":\"BreadcrumbList\",\"@id\":\"https:\\\/\\\/fermentis.com\\\/fr\\\/produit\\\/safsour-lb-1\\\/#breadcrumb\",\"itemListElement\":[{\"@type\":\"ListItem\",\"position\":1,\"name\":\"Home\",\"item\":\"https:\\\/\\\/fermentis.com\\\/fr\\\/\"},{\"@type\":\"ListItem\",\"position\":2,\"name\":\"Produits\"},{\"@type\":\"ListItem\",\"position\":3,\"name\":\"Bi\u00e8res et brasserie\",\"item\":\"https:\\\/\\\/fermentis.com\\\/fr\\\/fermentation\\\/bieres-brasserie\\\/\"},{\"@type\":\"ListItem\",\"position\":4,\"name\":\"Bact\u00e9ries\",\"item\":\"https:\\\/\\\/fermentis.com\\\/fr\\\/fermentation\\\/bieres-brasserie\\\/bacteries\\\/\"},{\"@type\":\"ListItem\",\"position\":5,\"name\":\"SafSour\u2122\",\"item\":\"https:\\\/\\\/fermentis.com\\\/fr\\\/fermentation\\\/bieres-brasserie\\\/bacteries\\\/safsour-fr-2\\\/\"},{\"@type\":\"ListItem\",\"position\":6,\"name\":\"SafSour\u2122 LB&nbsp;1\"}]},{\"@type\":\"WebSite\",\"@id\":\"https:\\\/\\\/fermentis.com\\\/fr\\\/#website\",\"url\":\"https:\\\/\\\/fermentis.com\\\/fr\\\/\",\"name\":\"Fermentis\",\"description\":\"Un site utilisant WordPress\",\"publisher\":{\"@id\":\"https:\\\/\\\/fermentis.com\\\/fr\\\/#organization\"},\"potentialAction\":[{\"@type\":\"SearchAction\",\"target\":{\"@type\":\"EntryPoint\",\"urlTemplate\":\"https:\\\/\\\/fermentis.com\\\/fr\\\/?s={search_term_string}\"},\"query-input\":{\"@type\":\"PropertyValueSpecification\",\"valueRequired\":true,\"valueName\":\"search_term_string\"}}],\"inLanguage\":\"fr-FR\"},{\"@type\":\"Organization\",\"@id\":\"https:\\\/\\\/fermentis.com\\\/fr\\\/#organization\",\"name\":\"Fermentis\",\"url\":\"https:\\\/\\\/fermentis.com\\\/fr\\\/\",\"logo\":{\"@type\":\"ImageObject\",\"inLanguage\":\"fr-FR\",\"@id\":\"https:\\\/\\\/fermentis.com\\\/fr\\\/#\\\/schema\\\/logo\\\/image\\\/\",\"url\":\"https:\\\/\\\/fermentis.com\\\/wp-content\\\/uploads\\\/2021\\\/07\\\/Logo-Fermentis-5.png\",\"contentUrl\":\"https:\\\/\\\/fermentis.com\\\/wp-content\\\/uploads\\\/2021\\\/07\\\/Logo-Fermentis-5.png\",\"width\":308,\"height\":95,\"caption\":\"Fermentis\"},\"image\":{\"@id\":\"https:\\\/\\\/fermentis.com\\\/fr\\\/#\\\/schema\\\/logo\\\/image\\\/\"},\"sameAs\":[\"https:\\\/\\\/www.facebook.com\\\/Fermentis\",\"https:\\\/\\\/x.com\\\/fermentis\",\"https:\\\/\\\/www.instagram.com\\\/fermentisbylesaffre\\\/\",\"https:\\\/\\\/www.linkedin.com\\\/company\\\/fermentis\\\/\",\"https:\\\/\\\/www.youtube.com\\\/channel\\\/UCt_Lp3IZnUNXZeqSi6iiAdA\"]}]}<\/script>\n<meta property=\"product:price:currency\" content=\"GBP\" \/>\n<meta property=\"og:availability\" content=\"instock\" \/>\n<meta property=\"product:availability\" content=\"instock\" \/>\n<meta property=\"product:condition\" content=\"new\" \/>\n<!-- \/ Yoast SEO Premium plugin. -->","yoast_head_json":{"title":"SafSour LB 1 \u2122 - Bact\u00e9ries pour bi\u00e8res Kettle Sour - Fermentis","description":"La bact\u00e9rie Fermentis SafSour LB 1\u2122 qui respecte l'expression aromatique de la levure, pour cr\u00e9er des bi\u00e8res acides \u00e9quilibr\u00e9es telles que le style Gose et plus encore.","robots":{"index":"index","follow":"follow","max-snippet":"max-snippet:-1","max-image-preview":"max-image-preview:large","max-video-preview":"max-video-preview:-1"},"canonical":"https:\/\/fermentis.com\/fr\/produit\/safsour-lb-1\/","og_locale":"fr_FR","og_type":"article","og_title":"SafSour\u2122 LB&nbsp;1","og_description":"La bact\u00e9rie Fermentis SafSour LB 1\u2122 qui respecte l'expression aromatique de la levure, pour cr\u00e9er des bi\u00e8res acides \u00e9quilibr\u00e9es telles que le style Gose et plus encore.","og_url":"https:\/\/fermentis.com\/fr\/produit\/safsour-lb-1\/","og_site_name":"Fermentis","article_publisher":"https:\/\/www.facebook.com\/Fermentis","article_modified_time":"2026-04-03T09:05:29+00:00","og_image":[{"width":1200,"height":1200,"url":"https:\/\/fermentis.com\/wp-content\/uploads\/2020\/10\/saf-sour-lb1.jpg","type":"image\/jpeg"}],"twitter_card":"summary_large_image","twitter_site":"@fermentis","twitter_misc":{"Prix":"","Disponibilit\u00e9":"En stock"},"schema":{"@context":"https:\/\/schema.org","@graph":[{"@type":"WebPage","@id":"https:\/\/fermentis.com\/fr\/produit\/safsour-lb-1\/","url":"https:\/\/fermentis.com\/fr\/produit\/safsour-lb-1\/","name":"SafSour LB 1 \u2122 - Bact\u00e9ries pour bi\u00e8res Kettle Sour - Fermentis","isPartOf":{"@id":"https:\/\/fermentis.com\/fr\/#website"},"primaryImageOfPage":{"@id":"https:\/\/fermentis.com\/fr\/produit\/safsour-lb-1\/#primaryimage"},"image":{"@id":"https:\/\/fermentis.com\/fr\/produit\/safsour-lb-1\/#primaryimage"},"thumbnailUrl":"https:\/\/fermentis.com\/wp-content\/uploads\/2020\/10\/saf-sour-lb1.jpg","datePublished":"2019-06-08T13:11:29+00:00","dateModified":"2026-04-03T09:05:29+00:00","description":"La bact\u00e9rie Fermentis SafSour LB 1\u2122 qui respecte l'expression aromatique de la levure, pour cr\u00e9er des bi\u00e8res acides \u00e9quilibr\u00e9es telles que le style Gose et plus encore.","breadcrumb":{"@id":"https:\/\/fermentis.com\/fr\/produit\/safsour-lb-1\/#breadcrumb"},"inLanguage":"fr-FR","potentialAction":[{"@type":"ReadAction","target":["https:\/\/fermentis.com\/fr\/produit\/safsour-lb-1\/"]}]},{"@type":"ImageObject","inLanguage":"fr-FR","@id":"https:\/\/fermentis.com\/fr\/produit\/safsour-lb-1\/#primaryimage","url":"https:\/\/fermentis.com\/wp-content\/uploads\/2020\/10\/saf-sour-lb1.jpg","contentUrl":"https:\/\/fermentis.com\/wp-content\/uploads\/2020\/10\/saf-sour-lb1.jpg","width":1200,"height":1200,"caption":"Safsour LB1 beer bacteria pack by fermentis"},{"@type":"BreadcrumbList","@id":"https:\/\/fermentis.com\/fr\/produit\/safsour-lb-1\/#breadcrumb","itemListElement":[{"@type":"ListItem","position":1,"name":"Home","item":"https:\/\/fermentis.com\/fr\/"},{"@type":"ListItem","position":2,"name":"Produits"},{"@type":"ListItem","position":3,"name":"Bi\u00e8res et brasserie","item":"https:\/\/fermentis.com\/fr\/fermentation\/bieres-brasserie\/"},{"@type":"ListItem","position":4,"name":"Bact\u00e9ries","item":"https:\/\/fermentis.com\/fr\/fermentation\/bieres-brasserie\/bacteries\/"},{"@type":"ListItem","position":5,"name":"SafSour\u2122","item":"https:\/\/fermentis.com\/fr\/fermentation\/bieres-brasserie\/bacteries\/safsour-fr-2\/"},{"@type":"ListItem","position":6,"name":"SafSour\u2122 LB&nbsp;1"}]},{"@type":"WebSite","@id":"https:\/\/fermentis.com\/fr\/#website","url":"https:\/\/fermentis.com\/fr\/","name":"Fermentis","description":"Un site utilisant WordPress","publisher":{"@id":"https:\/\/fermentis.com\/fr\/#organization"},"potentialAction":[{"@type":"SearchAction","target":{"@type":"EntryPoint","urlTemplate":"https:\/\/fermentis.com\/fr\/?s={search_term_string}"},"query-input":{"@type":"PropertyValueSpecification","valueRequired":true,"valueName":"search_term_string"}}],"inLanguage":"fr-FR"},{"@type":"Organization","@id":"https:\/\/fermentis.com\/fr\/#organization","name":"Fermentis","url":"https:\/\/fermentis.com\/fr\/","logo":{"@type":"ImageObject","inLanguage":"fr-FR","@id":"https:\/\/fermentis.com\/fr\/#\/schema\/logo\/image\/","url":"https:\/\/fermentis.com\/wp-content\/uploads\/2021\/07\/Logo-Fermentis-5.png","contentUrl":"https:\/\/fermentis.com\/wp-content\/uploads\/2021\/07\/Logo-Fermentis-5.png","width":308,"height":95,"caption":"Fermentis"},"image":{"@id":"https:\/\/fermentis.com\/fr\/#\/schema\/logo\/image\/"},"sameAs":["https:\/\/www.facebook.com\/Fermentis","https:\/\/x.com\/fermentis","https:\/\/www.instagram.com\/fermentisbylesaffre\/","https:\/\/www.linkedin.com\/company\/fermentis\/","https:\/\/www.youtube.com\/channel\/UCt_Lp3IZnUNXZeqSi6iiAdA"]}]},"product_price_currency":"GBP","og_availability":"instock","product_availability":"instock","product_condition":"new"},"_links":{"self":[{"href":"https:\/\/fermentis.com\/fr\/wp-json\/wp\/v2\/product\/39357","targetHints":{"allow":["GET"]}}],"collection":[{"href":"https:\/\/fermentis.com\/fr\/wp-json\/wp\/v2\/product"}],"about":[{"href":"https:\/\/fermentis.com\/fr\/wp-json\/wp\/v2\/types\/product"}],"replies":[{"embeddable":true,"href":"https:\/\/fermentis.com\/fr\/wp-json\/wp\/v2\/comments?post=39357"}],"wp:featuredmedia":[{"embeddable":true,"href":"https:\/\/fermentis.com\/fr\/wp-json\/wp\/v2\/media\/29278"}],"wp:attachment":[{"href":"https:\/\/fermentis.com\/fr\/wp-json\/wp\/v2\/media?parent=39357"}],"wp:term":[{"taxonomy":"product_brand","embeddable":true,"href":"https:\/\/fermentis.com\/fr\/wp-json\/wp\/v2\/product_brand?post=39357"},{"taxonomy":"product_cat","embeddable":true,"href":"https:\/\/fermentis.com\/fr\/wp-json\/wp\/v2\/product_cat?post=39357"},{"taxonomy":"product_tag","embeddable":true,"href":"https:\/\/fermentis.com\/fr\/wp-json\/wp\/v2\/product_tag?post=39357"}],"curies":[{"name":"wp","href":"https:\/\/api.w.org\/{rel}","templated":true}]}}