{"id":454954,"date":"2025-02-03T17:53:14","date_gmt":"2025-02-03T16:53:14","guid":{"rendered":"https:\/\/fermentis.com\/product\/safcoffee-deep-amber\/"},"modified":"2026-04-05T19:49:50","modified_gmt":"2026-04-05T17:49:50","slug":"safcoffee-deep-amber","status":"publish","type":"product","link":"https:\/\/fermentis.com\/fr\/produit\/safcoffee-deep-amber\/","title":{"rendered":"SafCoffee\u2122 Deep Amber"},"content":{"rendered":"<div class=\"container section-title-container\" ><h2 class=\"section-title section-title-center\"><b aria-hidden=\"true\"><\/b><span class=\"section-title-main\" style=\"font-size:115%;\">A yeast and enzyme blend to enhance coffee complexity<\/span><b aria-hidden=\"true\"><\/b><\/h2><\/div>\n<p><strong>SafCoffee\u2122 Deep Amber<\/strong> est une solution innovante (compos\u00e9e d&#039;un m\u00e9lange de levure s\u00e8che active et d&#039;enzymes) d\u00e9velopp\u00e9e pour offrir une exp\u00e9rience sensorielle complexe.<br \/>\nLors d&#039;essais men\u00e9s par Fermentis, cette levure a montr\u00e9 sa capacit\u00e9 \u00e0 produire une tasse complexe pr\u00e9sentant une dominante chocolat\u00e9e accompagn\u00e9e d&#039;ar\u00f4mes floraux et fruit\u00e9s. Elle apporte \u00e9galement un caract\u00e8re \u00e9pic\u00e9 et une longue persistance.<\/p>\n<p>Les r\u00e9sultats peuvent varier en fonction de la vari\u00e9t\u00e9 de caf\u00e9ier, des conditions de fermentation et d\u2019autres variables du processus. Des essais sont recommand\u00e9s pour d\u00e9terminer l\u2019impact de la levure et de la fermentation.<\/p>\n<p><strong>Ingr\u00e9dients : <\/strong>levure (<em>Saccharomyces cerevisiae<\/em>), \u00e9mulsifiant : monost\u00e9arate de sorbitane (E\/INS 491)<\/p>\n\t<div id=\"gap-908808363\" class=\"gap-element clearfix\" style=\"display:block; height:auto;\">\n\t\t\n<style>\n#gap-908808363 {\n  padding-top: 30px;\n}\n<\/style>\n\t<\/div>\n\t\n<div class=\"container section-title-container\" ><h3 class=\"section-title section-title-center\"><b aria-hidden=\"true\"><\/b><span class=\"section-title-main\" style=\"font-size:115%;\">SafCoffee\u2122 Deep Amber - caract\u00e9ristiques techniques<\/span><b aria-hidden=\"true\"><\/b><\/h3><\/div>\n\n\t\t<div class=\"tabbed-content\">\n\t\t\t\n\t\t\t<ul class=\"nav nav-tabs nav-uppercase nav-size-normal nav-left\" role=\"tablist\"><li id=\"tab-dosage-et-utilisation\" class=\"tab active has-icon\" role=\"presentation\"><a href=\"#tab_dosage-et-utilisation\" role=\"tab\" aria-selected=\"true\" aria-controls=\"tab_dosage-et-utilisation\"><span>Dosage et utilisation<\/span><\/a><\/li>\n<li id=\"tab-analyse-typique\" class=\"tab has-icon\" role=\"presentation\"><a href=\"#tab_analyse-typique\" tabindex=\"-1\" role=\"tab\" aria-selected=\"false\" aria-controls=\"tab_analyse-typique\"><span>Analyse typique<\/span><\/a><\/li>\n<li id=\"tab-stockage-et-dur\u00e9e-de-conservation\" class=\"tab has-icon\" role=\"presentation\"><a href=\"#tab_stockage-et-dur\u00e9e-de-conservation\" tabindex=\"-1\" role=\"tab\" aria-selected=\"false\" aria-controls=\"tab_stockage-et-dur\u00e9e-de-conservation\"><span>Stockage et dur\u00e9e de conservation<\/span><\/a><\/li><\/ul><div class=\"tab-panels\"><div id=\"tab_dosage-et-utilisation\" class=\"panel active entry-content\" role=\"tabpanel\" aria-labelledby=\"tab-dosage-et-utilisation\">\n<h4><span style=\"font-size: 18pt\">Dosage\/Temp\u00e9rature<\/span><\/h4>\n<p>Id\u00e9alement entre 8\u00b0 et 30\u00b0C <\/p>\n<p>200 g de<strong> SafCoffee\u2122 Deep Amber<\/strong> pour 100 kg de cerises de caf\u00e9 enti\u00e8res ou d\u00e9pulp\u00e9es (2 g\/kg)<strong><\/strong><\/p>\n<h5>Utilisation<\/h5>\n<p><strong>Suggestion d&#039;utilisation :<\/strong><\/p>\n<p><strong>SafCoffee\u2122<\/strong> <strong>Deep Amber <\/strong>peut \u00eatre utilis\u00e9e pour la fermentation des vari\u00e9t\u00e9s de caf\u00e9 Arabica et Robusta. Elle convient \u00e0 la fermentation de cerises de caf\u00e9 enti\u00e8res ou d\u00e9pulp\u00e9es.<\/p>\n<p>Pour des temp\u00e9ratures de fermentation comprises entre 8\u00b0 et 15 \u00b0C, la fermentation pourra durer jusqu&#039;\u00e0 7 jours.<br \/>\nPour des temp\u00e9ratures de fermentation comprises entre 15\u00b0 et 25 \u00b0C, nous recommandons une dur\u00e9e de fermentation de 60 heures. Cette dur\u00e9e peut \u00eatre r\u00e9duite \u00e0 24-48 heures si les temp\u00e9ratures d\u00e9passent 25\u00b0C, en fonction l&#039;\u00e9volution de la fermentation.<\/p>\n<p><u>Remarque<\/u> : les temps de fermentation recommand\u00e9s fournis sont bas\u00e9s sur nos observations. Cependant, la dur\u00e9e effective de fermentation varie en fonction de vos conditions et des protocoles sp\u00e9cifiques, tels que l&#039;utilisation de cerises enti\u00e8res <em>ou <\/em>d\u00e9pulp\u00e9es, ainsi que des variations de temp\u00e9rature pendant le processus.<br \/>\nCompte tenu de l&#039;impact de la levure sur la qualit\u00e9 du produit final, nous conseillons vivement aux utilisateurs de r\u00e9aliser des essais de fermentation \u00e0 petite \u00e9chelle avant l&#039;utilisation commerciale de nos produits, afin de d\u00e9finir le meilleur protocole d&#039;utilisation.<\/p>\n<p><strong>Mode d&#039;emploi :<\/strong><\/p>\n<p><strong>\u00a0<\/strong><strong>Utiliser cette levure apr\u00e8s r\u00e9hydratation : <\/strong><\/p>\n<ul>\n<li>Dans un \u00e9quipement propre et parfaitement d\u00e9sinfect\u00e9, versez la quantit\u00e9 d\u00e9sir\u00e9e de levure dans 10 fois son poids d&#039;eau potable \u00e0 15\u00b0-35\u00b0C.<\/li>\n<li>Remuez d\u00e9licatement pour compl\u00e9ter la r\u00e9hydratation de la levure et \u00e9viter la formation de grumeaux.<\/li>\n<li>Laissez reposer 15 \u00e0 30 minutes.<\/li>\n<li>Incorporez le levain dans la cuve de fermentation et homog\u00e9n\u00e9isez la masse.<\/li>\n<\/ul>\n<\/div>\n<div id=\"tab_analyse-typique\" class=\"panel entry-content\" role=\"tabpanel\" aria-labelledby=\"tab-analyse-typique\">\n<ul>\n<li style=\"list-style-type: none\"><\/li>\n<li>Levure viable : &gt; 5\u00d710<sup>9<\/sup> ufc\/g<\/li>\n<li>Puret\u00e9 : &gt; 99,999 %\n<ul>\n<li>Bact\u00e9ries lactiques : &lt; 10<sup>3<\/sup> ufc\/g<\/li>\n<li>Bact\u00e9ries totales : &lt; 5*10<sup>3<\/sup> ufc\/g<\/li>\n<li>Levure \u00ab sauvage \u00bb : &lt; 10<sup>3<\/sup> ufc\/g<\/li>\n<li>Micro-organismes pathog\u00e8nes : conform\u00e9ment \u00e0 la r\u00e9glementation<\/li>\n<\/ul>\n<\/li>\n<\/ul>\n<\/div>\n<div id=\"tab_stockage-et-dur\u00e9e-de-conservation\" class=\"panel entry-content\" role=\"tabpanel\" aria-labelledby=\"tab-stockage-et-dur\u00e9e-de-conservation\">\n<h4>Conditionnement<\/h4>\n<p>Carton de 20 emballages sous vide de 500 g chacun (poids net de la bo\u00eete pleine : 10 kg)<br \/>\nCarton d&#039;1 sachet sous vide 10 kg (poids net de la bo\u00eete pleine : 10 kg)<\/p>\n<h4>Conservation et conformit\u00e9<\/h4>\n<p>Le produit doit \u00eatre conserv\u00e9\/transport\u00e9 dans des conditions s\u00e8ches et prot\u00e9g\u00e9 des sources de chaleur directes (par exemple rayons de soleil).<br \/>\nPendant au maximum 6 mois, le produit peut \u00eatre conserv\u00e9\/transport\u00e9 \u00e0 des temp\u00e9ratures ambiantes inf\u00e9rieures \u00e0 25\u00b0C sans affecter ses performances. Des pics de temp\u00e9rature allant jusqu&#039;\u00e0 40\u00b0C sont autoris\u00e9s pendant une dur\u00e9e limit\u00e9e (moins de 7 jours au total).<br \/>\nPour des dur\u00e9es de stockage prolong\u00e9es (au-del\u00e0 de 6 mois) apr\u00e8s l&#039;arriv\u00e9e du produit \u00e0 sa destination finale, Fermentis recommande un stockage \u00e0 une temp\u00e9rature contr\u00f4l\u00e9e inf\u00e9rieure \u00e0 15\u00b0C.<\/p>\n<h4>Dur\u00e9e de conservation<\/h4>\n<p>36 mois \u00e0 compter de la date de production. Consulter la date limite d&#039;utilisation optimale imprim\u00e9e sur le sachet. Les sachets ouverts doivent \u00eatre herm\u00e9tiquement referm\u00e9s, conserv\u00e9s \u00e0 4\u00b0C et utilis\u00e9s dans les 7 jours suivant l&#039;ouverture. Ne pas utiliser pas les sachets mous ni ab\u00eem\u00e9s.<\/p>\n<p><strong><em>Chaque levure Fermentis est d\u00e9velopp\u00e9e selon un sch\u00e9ma de production sp\u00e9cifique et b\u00e9n\u00e9ficie du savoir-faire du groupe Lesaffre, leader mondial de la fabrication de levures. Cela garantit la plus grande puret\u00e9 microbiologique et une activit\u00e9 de fermentation maximale. <\/em><\/strong><\/p>\n<\/div><\/div><\/div>\n\t<div id=\"gap-1585021027\" class=\"gap-element clearfix\" style=\"display:block; height:auto;\">\n\t\t\n<style>\n#gap-1585021027 {\n  padding-top: 30px;\n}\n<\/style>\n\t<\/div>\n\t\n","protected":false},"excerpt":{"rendered":"<p>Un m\u00e9lange de levures et d&#8217;enzymes pour exalter la complexit\u00e9 du caf\u00e9<\/p>\n","protected":false},"featured_media":691357,"comment_status":"closed","ping_status":"closed","template":"","meta":{"_acf_changed":false},"product_brand":[],"product_cat":[384,2998],"product_tag":[],"class_list":{"0":"post-454954","1":"product","2":"type-product","3":"status-publish","4":"has-post-thumbnail","6":"product_cat-autres-boissons","7":"product_cat-cafe","9":"first","10":"instock","11":"shipping-taxable","12":"product-type-simple"},"acf":[],"yoast_head":"<!-- This site is optimized with the Yoast SEO Premium plugin v27.3 (Yoast SEO v27.3) - https:\/\/yoast.com\/product\/yoast-seo-premium-wordpress\/ -->\n<title>SafCoffee\u2122 Deep Amber - Fermentis<\/title>\n<meta name=\"description\" content=\"Exalter le profil aromatique complexe de votre caf\u00e9 avec SafCoffee\u2122 Deep Amber. SafCoffee\u2122 Deep Amber est un m\u00e9lange innovant de levures et d&#039;enzymes qui permet d&#039;obtenir un caf\u00e9 complexe, riche en notes chocolat\u00e9es, avec des ar\u00f4mes floraux et fruit\u00e9s, ainsi qu&#039;un caract\u00e8re \u00e9pic\u00e9 et une longue persistance. Les essais d\u00e9montrent sa capacit\u00e9 \u00e0 mettre en valeur tout le potentiel des grains de caf\u00e9.\" \/>\n<meta name=\"robots\" content=\"index, follow, max-snippet:-1, max-image-preview:large, max-video-preview:-1\" \/>\n<link rel=\"canonical\" href=\"https:\/\/fermentis.com\/fr\/produit\/safcoffee-deep-amber\/\" \/>\n<meta property=\"og:locale\" content=\"fr_FR\" \/>\n<meta property=\"og:type\" content=\"article\" \/>\n<meta property=\"og:title\" content=\"SafCoffee\u2122 Deep Amber\" \/>\n<meta property=\"og:description\" content=\"Exalter le profil aromatique complexe de votre caf\u00e9 avec SafCoffee\u2122 Deep Amber. SafCoffee\u2122 Deep Amber est un m\u00e9lange innovant de levures et d&#039;enzymes qui permet d&#039;obtenir un caf\u00e9 complexe, riche en notes chocolat\u00e9es, avec des ar\u00f4mes floraux et fruit\u00e9s, ainsi qu&#039;un caract\u00e8re \u00e9pic\u00e9 et une longue persistance. Les essais d\u00e9montrent sa capacit\u00e9 \u00e0 mettre en valeur tout le potentiel des grains de caf\u00e9.\" \/>\n<meta property=\"og:url\" content=\"https:\/\/fermentis.com\/fr\/produit\/safcoffee-deep-amber\/\" \/>\n<meta property=\"og:site_name\" content=\"Fermentis\" \/>\n<meta property=\"article:publisher\" content=\"https:\/\/www.facebook.com\/Fermentis\" \/>\n<meta property=\"article:modified_time\" content=\"2026-04-05T17:49:50+00:00\" \/>\n<meta property=\"og:image\" content=\"https:\/\/cdn.bfldr.com\/G7S7MSWL\/at\/vr9gt4nxhjvk3jfz7c2sw3\/1_500G_deep-amber.png?auto=webp&format=png\" \/>\n<meta name=\"twitter:card\" content=\"summary_large_image\" \/>\n<meta name=\"twitter:image\" content=\"https:\/\/cdn.bfldr.com\/G7S7MSWL\/at\/vr9gt4nxhjvk3jfz7c2sw3\/1_500G_deep-amber.png?auto=webp&format=png\" \/>\n<meta name=\"twitter:site\" content=\"@fermentis\" \/>\n<meta name=\"twitter:label1\" content=\"Prix\" \/>\n\t<meta name=\"twitter:data1\" content=\"\" \/>\n\t<meta name=\"twitter:label2\" content=\"Disponibilit\u00e9\" \/>\n\t<meta name=\"twitter:data2\" content=\"En stock\" \/>\n<script type=\"application\/ld+json\" class=\"yoast-schema-graph\">{\"@context\":\"https:\\\/\\\/schema.org\",\"@graph\":[{\"@type\":\"WebPage\",\"@id\":\"https:\\\/\\\/fermentis.com\\\/fr\\\/produit\\\/safcoffee-deep-amber\\\/\",\"url\":\"https:\\\/\\\/fermentis.com\\\/fr\\\/produit\\\/safcoffee-deep-amber\\\/\",\"name\":\"SafCoffee\u2122 Deep Amber - Fermentis\",\"isPartOf\":{\"@id\":\"https:\\\/\\\/fermentis.com\\\/fr\\\/#website\"},\"primaryImageOfPage\":{\"@id\":\"https:\\\/\\\/fermentis.com\\\/fr\\\/produit\\\/safcoffee-deep-amber\\\/#primaryimage\"},\"image\":{\"@id\":\"https:\\\/\\\/fermentis.com\\\/fr\\\/produit\\\/safcoffee-deep-amber\\\/#primaryimage\"},\"thumbnailUrl\":\"https:\\\/\\\/cdn.bfldr.com\\\/G7S7MSWL\\\/at\\\/vr9gt4nxhjvk3jfz7c2sw3\\\/1_500G_deep-amber.png?auto=webp&format=png\",\"datePublished\":\"2025-02-03T16:53:14+00:00\",\"dateModified\":\"2026-04-05T17:49:50+00:00\",\"description\":\"Exalter le profil aromatique complexe de votre caf\u00e9 avec SafCoffee\u2122 Deep Amber. SafCoffee\u2122 Deep Amber est un m\u00e9lange innovant de levures et d'enzymes qui permet d'obtenir un caf\u00e9 complexe, riche en notes chocolat\u00e9es, avec des ar\u00f4mes floraux et fruit\u00e9s, ainsi qu'un caract\u00e8re \u00e9pic\u00e9 et une longue persistance. Les essais d\u00e9montrent sa capacit\u00e9 \u00e0 mettre en valeur tout le potentiel des grains de caf\u00e9.\",\"breadcrumb\":{\"@id\":\"https:\\\/\\\/fermentis.com\\\/fr\\\/produit\\\/safcoffee-deep-amber\\\/#breadcrumb\"},\"inLanguage\":\"fr-FR\",\"potentialAction\":[{\"@type\":\"ReadAction\",\"target\":[\"https:\\\/\\\/fermentis.com\\\/fr\\\/produit\\\/safcoffee-deep-amber\\\/\"]}]},{\"@type\":\"ImageObject\",\"inLanguage\":\"fr-FR\",\"@id\":\"https:\\\/\\\/fermentis.com\\\/fr\\\/produit\\\/safcoffee-deep-amber\\\/#primaryimage\",\"url\":\"https:\\\/\\\/cdn.bfldr.com\\\/G7S7MSWL\\\/at\\\/vr9gt4nxhjvk3jfz7c2sw3\\\/1_500G_deep-amber.png?auto=webp&format=png\",\"contentUrl\":\"https:\\\/\\\/cdn.bfldr.com\\\/G7S7MSWL\\\/at\\\/vr9gt4nxhjvk3jfz7c2sw3\\\/1_500G_deep-amber.png?auto=webp&format=png\"},{\"@type\":\"BreadcrumbList\",\"@id\":\"https:\\\/\\\/fermentis.com\\\/fr\\\/produit\\\/safcoffee-deep-amber\\\/#breadcrumb\",\"itemListElement\":[{\"@type\":\"ListItem\",\"position\":1,\"name\":\"Home\",\"item\":\"https:\\\/\\\/fermentis.com\\\/fr\\\/\"},{\"@type\":\"ListItem\",\"position\":2,\"name\":\"Produits\"},{\"@type\":\"ListItem\",\"position\":3,\"name\":\"Autres boissons ferment\u00e9es\",\"item\":\"https:\\\/\\\/fermentis.com\\\/fr\\\/fermentation\\\/autres-boissons\\\/\"},{\"@type\":\"ListItem\",\"position\":4,\"name\":\"SafCoffee\u2122 Deep Amber\"}]},{\"@type\":\"WebSite\",\"@id\":\"https:\\\/\\\/fermentis.com\\\/fr\\\/#website\",\"url\":\"https:\\\/\\\/fermentis.com\\\/fr\\\/\",\"name\":\"Fermentis\",\"description\":\"Un site utilisant WordPress\",\"publisher\":{\"@id\":\"https:\\\/\\\/fermentis.com\\\/fr\\\/#organization\"},\"potentialAction\":[{\"@type\":\"SearchAction\",\"target\":{\"@type\":\"EntryPoint\",\"urlTemplate\":\"https:\\\/\\\/fermentis.com\\\/fr\\\/?s={search_term_string}\"},\"query-input\":{\"@type\":\"PropertyValueSpecification\",\"valueRequired\":true,\"valueName\":\"search_term_string\"}}],\"inLanguage\":\"fr-FR\"},{\"@type\":\"Organization\",\"@id\":\"https:\\\/\\\/fermentis.com\\\/fr\\\/#organization\",\"name\":\"Fermentis\",\"url\":\"https:\\\/\\\/fermentis.com\\\/fr\\\/\",\"logo\":{\"@type\":\"ImageObject\",\"inLanguage\":\"fr-FR\",\"@id\":\"https:\\\/\\\/fermentis.com\\\/fr\\\/#\\\/schema\\\/logo\\\/image\\\/\",\"url\":\"https:\\\/\\\/fermentis.com\\\/wp-content\\\/uploads\\\/2021\\\/07\\\/Logo-Fermentis-5.png\",\"contentUrl\":\"https:\\\/\\\/fermentis.com\\\/wp-content\\\/uploads\\\/2021\\\/07\\\/Logo-Fermentis-5.png\",\"width\":308,\"height\":95,\"caption\":\"Fermentis\"},\"image\":{\"@id\":\"https:\\\/\\\/fermentis.com\\\/fr\\\/#\\\/schema\\\/logo\\\/image\\\/\"},\"sameAs\":[\"https:\\\/\\\/www.facebook.com\\\/Fermentis\",\"https:\\\/\\\/x.com\\\/fermentis\",\"https:\\\/\\\/www.instagram.com\\\/fermentisbylesaffre\\\/\",\"https:\\\/\\\/www.linkedin.com\\\/company\\\/fermentis\\\/\",\"https:\\\/\\\/www.youtube.com\\\/channel\\\/UCt_Lp3IZnUNXZeqSi6iiAdA\"]}]}<\/script>\n<meta property=\"product:price:currency\" content=\"GBP\" \/>\n<meta property=\"og:availability\" content=\"instock\" \/>\n<meta property=\"product:availability\" content=\"instock\" \/>\n<meta property=\"product:condition\" content=\"new\" \/>\n<!-- \/ Yoast SEO Premium plugin. -->","yoast_head_json":{"title":"SafCoffee\u2122 Deep Amber - Fermentis","description":"Exalter le profil aromatique complexe de votre caf\u00e9 avec SafCoffee\u2122 Deep Amber. SafCoffee\u2122 Deep Amber est un m\u00e9lange innovant de levures et d'enzymes qui permet d'obtenir un caf\u00e9 complexe, riche en notes chocolat\u00e9es, avec des ar\u00f4mes floraux et fruit\u00e9s, ainsi qu'un caract\u00e8re \u00e9pic\u00e9 et une longue persistance. Les essais d\u00e9montrent sa capacit\u00e9 \u00e0 mettre en valeur tout le potentiel des grains de caf\u00e9.","robots":{"index":"index","follow":"follow","max-snippet":"max-snippet:-1","max-image-preview":"max-image-preview:large","max-video-preview":"max-video-preview:-1"},"canonical":"https:\/\/fermentis.com\/fr\/produit\/safcoffee-deep-amber\/","og_locale":"fr_FR","og_type":"article","og_title":"SafCoffee\u2122 Deep Amber","og_description":"Exalter le profil aromatique complexe de votre caf\u00e9 avec SafCoffee\u2122 Deep Amber. SafCoffee\u2122 Deep Amber est un m\u00e9lange innovant de levures et d'enzymes qui permet d'obtenir un caf\u00e9 complexe, riche en notes chocolat\u00e9es, avec des ar\u00f4mes floraux et fruit\u00e9s, ainsi qu'un caract\u00e8re \u00e9pic\u00e9 et une longue persistance. Les essais d\u00e9montrent sa capacit\u00e9 \u00e0 mettre en valeur tout le potentiel des grains de caf\u00e9.","og_url":"https:\/\/fermentis.com\/fr\/produit\/safcoffee-deep-amber\/","og_site_name":"Fermentis","article_publisher":"https:\/\/www.facebook.com\/Fermentis","article_modified_time":"2026-04-05T17:49:50+00:00","og_image":[{"url":"https:\/\/cdn.bfldr.com\/G7S7MSWL\/at\/vr9gt4nxhjvk3jfz7c2sw3\/1_500G_deep-amber.png?auto=webp&format=png","type":"","width":"","height":""}],"twitter_card":"summary_large_image","twitter_image":"https:\/\/cdn.bfldr.com\/G7S7MSWL\/at\/vr9gt4nxhjvk3jfz7c2sw3\/1_500G_deep-amber.png?auto=webp&format=png","twitter_site":"@fermentis","twitter_misc":{"Prix":"","Disponibilit\u00e9":"En stock"},"schema":{"@context":"https:\/\/schema.org","@graph":[{"@type":"WebPage","@id":"https:\/\/fermentis.com\/fr\/produit\/safcoffee-deep-amber\/","url":"https:\/\/fermentis.com\/fr\/produit\/safcoffee-deep-amber\/","name":"SafCoffee\u2122 Deep Amber - Fermentis","isPartOf":{"@id":"https:\/\/fermentis.com\/fr\/#website"},"primaryImageOfPage":{"@id":"https:\/\/fermentis.com\/fr\/produit\/safcoffee-deep-amber\/#primaryimage"},"image":{"@id":"https:\/\/fermentis.com\/fr\/produit\/safcoffee-deep-amber\/#primaryimage"},"thumbnailUrl":"https:\/\/cdn.bfldr.com\/G7S7MSWL\/at\/vr9gt4nxhjvk3jfz7c2sw3\/1_500G_deep-amber.png?auto=webp&format=png","datePublished":"2025-02-03T16:53:14+00:00","dateModified":"2026-04-05T17:49:50+00:00","description":"Exalter le profil aromatique complexe de votre caf\u00e9 avec SafCoffee\u2122 Deep Amber. SafCoffee\u2122 Deep Amber est un m\u00e9lange innovant de levures et d'enzymes qui permet d'obtenir un caf\u00e9 complexe, riche en notes chocolat\u00e9es, avec des ar\u00f4mes floraux et fruit\u00e9s, ainsi qu'un caract\u00e8re \u00e9pic\u00e9 et une longue persistance. Les essais d\u00e9montrent sa capacit\u00e9 \u00e0 mettre en valeur tout le potentiel des grains de caf\u00e9.","breadcrumb":{"@id":"https:\/\/fermentis.com\/fr\/produit\/safcoffee-deep-amber\/#breadcrumb"},"inLanguage":"fr-FR","potentialAction":[{"@type":"ReadAction","target":["https:\/\/fermentis.com\/fr\/produit\/safcoffee-deep-amber\/"]}]},{"@type":"ImageObject","inLanguage":"fr-FR","@id":"https:\/\/fermentis.com\/fr\/produit\/safcoffee-deep-amber\/#primaryimage","url":"https:\/\/cdn.bfldr.com\/G7S7MSWL\/at\/vr9gt4nxhjvk3jfz7c2sw3\/1_500G_deep-amber.png?auto=webp&format=png","contentUrl":"https:\/\/cdn.bfldr.com\/G7S7MSWL\/at\/vr9gt4nxhjvk3jfz7c2sw3\/1_500G_deep-amber.png?auto=webp&format=png"},{"@type":"BreadcrumbList","@id":"https:\/\/fermentis.com\/fr\/produit\/safcoffee-deep-amber\/#breadcrumb","itemListElement":[{"@type":"ListItem","position":1,"name":"Home","item":"https:\/\/fermentis.com\/fr\/"},{"@type":"ListItem","position":2,"name":"Produits"},{"@type":"ListItem","position":3,"name":"Autres boissons ferment\u00e9es","item":"https:\/\/fermentis.com\/fr\/fermentation\/autres-boissons\/"},{"@type":"ListItem","position":4,"name":"SafCoffee\u2122 Deep Amber"}]},{"@type":"WebSite","@id":"https:\/\/fermentis.com\/fr\/#website","url":"https:\/\/fermentis.com\/fr\/","name":"Fermentis","description":"Un site utilisant WordPress","publisher":{"@id":"https:\/\/fermentis.com\/fr\/#organization"},"potentialAction":[{"@type":"SearchAction","target":{"@type":"EntryPoint","urlTemplate":"https:\/\/fermentis.com\/fr\/?s={search_term_string}"},"query-input":{"@type":"PropertyValueSpecification","valueRequired":true,"valueName":"search_term_string"}}],"inLanguage":"fr-FR"},{"@type":"Organization","@id":"https:\/\/fermentis.com\/fr\/#organization","name":"Fermentis","url":"https:\/\/fermentis.com\/fr\/","logo":{"@type":"ImageObject","inLanguage":"fr-FR","@id":"https:\/\/fermentis.com\/fr\/#\/schema\/logo\/image\/","url":"https:\/\/fermentis.com\/wp-content\/uploads\/2021\/07\/Logo-Fermentis-5.png","contentUrl":"https:\/\/fermentis.com\/wp-content\/uploads\/2021\/07\/Logo-Fermentis-5.png","width":308,"height":95,"caption":"Fermentis"},"image":{"@id":"https:\/\/fermentis.com\/fr\/#\/schema\/logo\/image\/"},"sameAs":["https:\/\/www.facebook.com\/Fermentis","https:\/\/x.com\/fermentis","https:\/\/www.instagram.com\/fermentisbylesaffre\/","https:\/\/www.linkedin.com\/company\/fermentis\/","https:\/\/www.youtube.com\/channel\/UCt_Lp3IZnUNXZeqSi6iiAdA"]}]},"product_price_currency":"GBP","og_availability":"instock","product_availability":"instock","product_condition":"new"},"fifu_image_url":"https:\/\/cdn.bfldr.com\/G7S7MSWL\/at\/vr9gt4nxhjvk3jfz7c2sw3\/1_500G_deep-amber.png?auto=webp&format=png","_links":{"self":[{"href":"https:\/\/fermentis.com\/fr\/wp-json\/wp\/v2\/product\/454954","targetHints":{"allow":["GET"]}}],"collection":[{"href":"https:\/\/fermentis.com\/fr\/wp-json\/wp\/v2\/product"}],"about":[{"href":"https:\/\/fermentis.com\/fr\/wp-json\/wp\/v2\/types\/product"}],"replies":[{"embeddable":true,"href":"https:\/\/fermentis.com\/fr\/wp-json\/wp\/v2\/comments?post=454954"}],"wp:featuredmedia":[{"embeddable":true,"href":"https:\/\/fermentis.com\/fr\/wp-json\/wp\/v2\/media\/691357"}],"wp:attachment":[{"href":"https:\/\/fermentis.com\/fr\/wp-json\/wp\/v2\/media?parent=454954"}],"wp:term":[{"taxonomy":"product_brand","embeddable":true,"href":"https:\/\/fermentis.com\/fr\/wp-json\/wp\/v2\/product_brand?post=454954"},{"taxonomy":"product_cat","embeddable":true,"href":"https:\/\/fermentis.com\/fr\/wp-json\/wp\/v2\/product_cat?post=454954"},{"taxonomy":"product_tag","embeddable":true,"href":"https:\/\/fermentis.com\/fr\/wp-json\/wp\/v2\/product_tag?post=454954"}],"curies":[{"name":"wp","href":"https:\/\/api.w.org\/{rel}","templated":true}]}}