{"id":43396,"date":"2020-03-18T00:00:00","date_gmt":"2020-03-17T23:00:00","guid":{"rendered":"https:\/\/fermentis.com\/other-services\/toll-manufacturing\/"},"modified":"2026-04-03T08:42:33","modified_gmt":"2026-04-03T06:42:33","slug":"toll-manufacturing","status":"publish","type":"page","link":"https:\/\/fermentis.com\/it\/other-services\/toll-manufacturing\/","title":{"rendered":"Produzione in conto terzi"},"content":{"rendered":"\n  <div class=\"banner has-hover has-parallax\" id=\"banner-1995742475\">\n          <div class=\"banner-inner fill\">\n        <div class=\"banner-bg fill\" data-parallax=\"-6\" data-parallax-container=\".banner\" data-parallax-background>\n            <img loading=\"lazy\" decoding=\"async\" width=\"1024\" height=\"400\" src=\"https:\/\/fermentis.com\/wp-content\/uploads\/2020\/03\/Toll_Manufacturing-Web-3-1024x400-1.jpg\" class=\"bg attachment-original size-original\" alt=\"toll manufacturing banner\" \/>                                    \n                    <\/div>\n\t\t\n        <div class=\"banner-layers container\">\n            <div class=\"fill banner-link\"><\/div>            \n        <\/div>\n      <\/div>\n\n            \n<style>\n#banner-1995742475 {\n  padding-top: 200px;\n}\n#banner-1995742475 .banner-bg img {\n  object-position: 4% 45%;\n}\n<\/style>\n  <\/div>\n\n\n\n\t<section class=\"section\" id=\"section_1858073157\">\n\t\t<div class=\"section-bg fill\" >\n\t\t\t\t\t\t\t\t\t\n\t\t\t\n\n\t\t<\/div>\n\n\t\t\n\n\t\t<div class=\"section-content relative\">\n\t\t\t\n\t<div id=\"gap-1152818271\" class=\"gap-element clearfix\" style=\"display:block; height:auto;\">\n\t\t\n<style>\n#gap-1152818271 {\n  padding-top: 40px;\n}\n<\/style>\n\t<\/div>\n\t\n<div class=\"row row-small\"  id=\"row-1628333690\">\n\n\t<div id=\"col-1804825211\" class=\"col small-12 large-12\"  >\n\t\t\t\t<div class=\"col-inner\"  >\n\t\t\t\n\t\t\t\n<div class=\"container section-title-container\" ><h1 class=\"section-title section-title-center\"><b aria-hidden=\"true\"><\/b><span class=\"section-title-main\" style=\"font-size:159%;\">Produzione in conto terzi<\/span><b aria-hidden=\"true\"><\/b><\/h1><\/div>\n\t\t<\/div>\n\t\t\t\t\t<\/div>\n\n\t\n<\/div>\n\t\t<\/div>\n\n\t\t\n<style>\n#section_1858073157 {\n  padding-top: 30px;\n  padding-bottom: 30px;\n}\n<\/style>\n\t<\/section>\n\t\n\n\t<section class=\"section\" id=\"section_735676620\">\n\t\t<div class=\"section-bg fill\" >\n\t\t\t\t\t\t\t\t\t\n\t\t\t\n\n\t\t<\/div>\n\n\t\t\n\n\t\t<div class=\"section-content relative\">\n\t\t\t\n<div class=\"row row-large\"  id=\"row-1722859661\">\n\n\t<div id=\"col-1465751785\" class=\"col small-12 large-12\"  >\n\t\t\t\t<div class=\"col-inner text-center\"  >\n\t\t\t\n\t\t\t\n<p class=\"lead\">Volete che manteniamo o produciamo un microrganismo o i suoi derivati per voi? Potete fidarvi della nostra esperienza e della nostra tecnologia. Possiamo garantirvi qualit\u00e0, stabilit\u00e0, coerenza e facilit\u00e0 d&#039;uso in periodi di forte richiesta, e vi consentiamo di testare nuovi prodotti senza dover ampliare la vostra base produttiva. Le operazioni sono svolte in modo strettamente confidenziale e nel rispetto dei pi\u00f9 severi standard internazionali in termini di qualit\u00e0, igiene e sicurezza.<\/p>\n<h4><\/h4>\n<div class=\"row row-small align-center\"  id=\"row-508426760\">\n\n\t<div id=\"col-2105737507\" class=\"col small-12 large-12\"  >\n\t\t\t\t<div class=\"col-inner\"  >\n\t\t\t\n\t\t\t\n<h3>Potete tranquillamente affidarci&#8230;<\/h3>\n\t\t<\/div>\n\t\t\t\t\t<\/div>\n\n\t\n\n\t<div id=\"col-2058109180\" class=\"col medium-2 small-12 large-2\"  >\n\t\t\t\t<div class=\"col-inner text-center\"  >\n\t\t\t\n\t\t\t\n\t<div class=\"img has-hover x md-x lg-x y md-y lg-y\" id=\"image_1884025603\">\n\t\t\t\t\t\t<div data-animate=\"bounceIn\">\t\t<div class=\"img-inner dark\" >\n\t\t\t<img loading=\"lazy\" decoding=\"async\" width=\"200\" height=\"200\" src=\"https:\/\/fermentis.com\/wp-content\/uploads\/2020\/03\/Productions-200.png\" class=\"attachment-large size-large\" alt=\"\" srcset=\"https:\/\/fermentis.com\/wp-content\/uploads\/2020\/03\/Productions-200.png 200w, https:\/\/fermentis.com\/wp-content\/uploads\/2020\/03\/Productions-200-100x100.png 100w, https:\/\/fermentis.com\/wp-content\/uploads\/2020\/03\/Productions-200-150x150.png 150w\" sizes=\"auto, (max-width: 200px) 100vw, 200px\" \/>\t\t\t\t\t\t\n\t\t\t\t\t<\/div>\n\t\t<\/div>\t\t\t\t\t\t\n<style>\n#image_1884025603 {\n  width: 80%;\n}\n<\/style>\n\t<\/div>\n\t\n\t\t<\/div>\n\t\t\t\t\n<style>\n#col-2058109180 > .col-inner {\n  padding: 0px 0px px 0px;\n}\n<\/style>\n\t<\/div>\n\n\t\n\n\t<div id=\"col-27169569\" class=\"col medium-2 small-12 large-2\"  >\n\t\t\t\t<div class=\"col-inner text-center\"  >\n\t\t\t\n\t\t\t\n\t<div class=\"img has-hover x md-x lg-x y md-y lg-y\" id=\"image_1330786994\">\n\t\t\t\t\t\t<div data-animate=\"bounceIn\">\t\t<div class=\"img-inner dark\" >\n\t\t\t<img loading=\"lazy\" decoding=\"async\" width=\"200\" height=\"200\" src=\"https:\/\/fermentis.com\/wp-content\/uploads\/2020\/03\/creations-200.png\" class=\"attachment-large size-large\" alt=\"\" srcset=\"https:\/\/fermentis.com\/wp-content\/uploads\/2020\/03\/creations-200.png 200w, https:\/\/fermentis.com\/wp-content\/uploads\/2020\/03\/creations-200-100x100.png 100w, https:\/\/fermentis.com\/wp-content\/uploads\/2020\/03\/creations-200-150x150.png 150w\" sizes=\"auto, (max-width: 200px) 100vw, 200px\" \/>\t\t\t\t\t\t\n\t\t\t\t\t<\/div>\n\t\t<\/div>\t\t\t\t\t\t\n<style>\n#image_1330786994 {\n  width: 80%;\n}\n<\/style>\n\t<\/div>\n\t\n\t\t<\/div>\n\t\t\t\t\t<\/div>\n\n\t\n\n\t<div id=\"col-425549800\" class=\"col medium-2 small-12 large-2\"  >\n\t\t\t\t<div class=\"col-inner text-center\"  >\n\t\t\t\n\t\t\t\n\t<div class=\"img has-hover x md-x lg-x y md-y lg-y\" id=\"image_1702833399\">\n\t\t\t\t\t\t<div data-animate=\"bounceIn\">\t\t<div class=\"img-inner dark\" >\n\t\t\t<img loading=\"lazy\" decoding=\"async\" width=\"200\" height=\"200\" src=\"https:\/\/fermentis.com\/wp-content\/uploads\/2020\/03\/strains-200.png\" class=\"attachment-large size-large\" alt=\"\" srcset=\"https:\/\/fermentis.com\/wp-content\/uploads\/2020\/03\/strains-200.png 200w, https:\/\/fermentis.com\/wp-content\/uploads\/2020\/03\/strains-200-100x100.png 100w, https:\/\/fermentis.com\/wp-content\/uploads\/2020\/03\/strains-200-150x150.png 150w\" sizes=\"auto, (max-width: 200px) 100vw, 200px\" \/>\t\t\t\t\t\t\n\t\t\t\t\t<\/div>\n\t\t<\/div>\t\t\t\t\t\t\n<style>\n#image_1702833399 {\n  width: 80%;\n}\n<\/style>\n\t<\/div>\n\t\n\t\t<\/div>\n\t\t\t\t\t<\/div>\n\n\t\n\n\t<div id=\"col-1582308945\" class=\"col medium-2 small-12 large-2\"  >\n\t\t\t\t<div class=\"col-inner text-center\"  >\n\t\t\t\n\t\t\t\n\t<div class=\"img has-hover x md-x lg-x y md-y lg-y\" id=\"image_466725532\">\n\t\t\t\t\t\t<div data-animate=\"bounceIn\">\t\t<div class=\"img-inner dark\" >\n\t\t\t<img loading=\"lazy\" decoding=\"async\" width=\"200\" height=\"200\" src=\"https:\/\/fermentis.com\/wp-content\/uploads\/2020\/03\/drying-200.png\" class=\"attachment-large size-large\" alt=\"\" srcset=\"https:\/\/fermentis.com\/wp-content\/uploads\/2020\/03\/drying-200.png 200w, https:\/\/fermentis.com\/wp-content\/uploads\/2020\/03\/drying-200-100x100.png 100w, https:\/\/fermentis.com\/wp-content\/uploads\/2020\/03\/drying-200-150x150.png 150w\" sizes=\"auto, (max-width: 200px) 100vw, 200px\" \/>\t\t\t\t\t\t\n\t\t\t\t\t<\/div>\n\t\t<\/div>\t\t\t\t\t\t\n<style>\n#image_466725532 {\n  width: 80%;\n}\n<\/style>\n\t<\/div>\n\t\n\t\t<\/div>\n\t\t\t\t\t<\/div>\n\n\t\n\n\t<div id=\"col-699495083\" class=\"col medium-2 small-12 large-2\"  >\n\t\t\t\t<div class=\"col-inner\"  >\n\t\t\t\n\t\t\t\n\t<div class=\"img has-hover x md-x lg-x y md-y lg-y\" id=\"image_271052836\">\n\t\t\t\t\t\t<div data-animate=\"bounceIn\">\t\t<div class=\"img-inner dark\" >\n\t\t\t<img loading=\"lazy\" decoding=\"async\" width=\"200\" height=\"200\" src=\"https:\/\/fermentis.com\/wp-content\/uploads\/2020\/03\/Packaging-200.png\" class=\"attachment-large size-large\" alt=\"\" srcset=\"https:\/\/fermentis.com\/wp-content\/uploads\/2020\/03\/Packaging-200.png 200w, https:\/\/fermentis.com\/wp-content\/uploads\/2020\/03\/Packaging-200-100x100.png 100w, https:\/\/fermentis.com\/wp-content\/uploads\/2020\/03\/Packaging-200-150x150.png 150w\" sizes=\"auto, (max-width: 200px) 100vw, 200px\" \/>\t\t\t\t\t\t\n\t\t\t\t\t<\/div>\n\t\t<\/div>\t\t\t\t\t\t\n<style>\n#image_271052836 {\n  width: 80%;\n}\n<\/style>\n\t<\/div>\n\t\n\t\t<\/div>\n\t\t\t\t\t<\/div>\n\n\t\n<\/div>\n<div class=\"row\"  id=\"row-1409379226\">\n\n\t<div id=\"col-1923261999\" class=\"col small-12 large-12\"  >\n\t\t\t\t<div class=\"col-inner text-center\"  >\n\t\t\t\n\t\t\t\n<h3>Lavoriamo vicino a voi<\/h3>\n<div class=\"wpb_text_column wpb_content_element \">\n<div class=\"wpb_wrapper\">\n<p>Fermentis si avvale di una rete di circa 10 centri di produzione in tutto il mondo.<\/p>\n<p>Un&#039;ulteriore garanzia di contingenza e di capacit\u00e0 di risposta\u2026<\/p>\n<\/div>\n<\/div>\n\t\t<\/div>\n\t\t\t\t\t<\/div>\n\n\t\n<\/div>\n\t\t<\/div>\n\t\t\t\t\t<\/div>\n\n\t\n<\/div>\n\t\t<\/div>\n\n\t\t\n<style>\n#section_735676620 {\n  padding-top: 30px;\n  padding-bottom: 30px;\n}\n<\/style>\n\t<\/section>\n\t\n\n\t<section class=\"section\" id=\"section_47996614\">\n\t\t<div class=\"section-bg fill\" >\n\t\t\t\t\t\t\t\t\t\n\t\t\t\n\n\t\t<\/div>\n\n\t\t\n\n\t\t<div class=\"section-content relative\">\n\t\t\t\n<div class=\"row\"  id=\"row-1398983895\">\n\n\t<div id=\"col-561270450\" class=\"col small-12 large-12\"  >\n\t\t\t\t<div class=\"col-inner text-center\"  >\n\t\t\t\n\t\t\t\n  <div class=\"icon-box testimonial-box icon-box-center text-center\">\n                <div class=\"icon-box-text p-last-0\">\n            \t\t\t\t<div class=\"testimonial-text line-height-small italic test_text first-reset last-reset is-italic\">\n            \n<h3>Fiducia<\/h3>\n<p><em>&quot;Mettiamo a disposizione dei nostri clienti diversi know-how per raggiungere gli standard di qualit\u00e0 pi\u00f9 elevati. Per prima cosa in laboratorio garantiamo una produzione costante e poi durante i processi di fermentazione ed essiccazione definiamo le caratteristiche del lievito per adattare la ricetta di conseguenza.<br \/>\n Fermentis garantisce un servizio tecnico e un supporto operativo affidabile e sicuro. Si tratta anche di fiducia e di collaborazione. Grazie al supporto della R&amp;S o della produzione, i nostri clienti possono rimanere concentrati sul loro core business e sui loro prodotti di punta.&quot;<\/em><\/p>\n          <\/div>\n          <div class=\"testimonial-meta pt-half\">\n             <strong class=\"testimonial-name test_name\"><\/strong>\n                          <span class=\"testimonial-company test_company\"><\/span>\n          <\/div>\n        <\/div>\n  <\/div>\n\n  \n\t<div id=\"gap-21072787\" class=\"gap-element clearfix\" style=\"display:block; height:auto;\">\n\t\t\n<style>\n#gap-21072787 {\n  padding-top: 30px;\n}\n<\/style>\n\t<\/div>\n\t\n    <div class=\"box has-hover has-hover box-default box-text-bottom\" >\n\n                  <div class=\"box-image \" style=\"width:25%;\">\n           <div class=\"box-image-inner image-cover\" style=\"border-radius:25%;padding-top:65%;\">\n              <img loading=\"lazy\" decoding=\"async\" width=\"300\" height=\"424\" src=\"https:\/\/fermentis.com\/wp-content\/uploads\/2020\/03\/Yves-ok.jpg\" class=\"attachment- size-\" alt=\"\" srcset=\"https:\/\/fermentis.com\/wp-content\/uploads\/2020\/03\/Yves-ok.jpg 300w, https:\/\/fermentis.com\/wp-content\/uploads\/2020\/03\/Yves-ok-212x300.jpg 212w\" sizes=\"auto, (max-width: 300px) 100vw, 300px\" \/>                         <\/div>\n          <\/div>\n         \n          <div class=\"box-text text-center\" >\n                <div class=\"box-text-inner\">\n                  <h4 class=\"uppercase\">\n                    <span class=\"person-name\">Yves Gosselin<\/span><br\/>\n                    <span class=\"person-title is-small thin-font op-7\">\n                      Responsabile tecnico globale                    <\/span>\n                  <\/h4>\n\t\t\t\t\t\n                <\/div>\n          <\/div>\n    <\/div>\n\n\t\n    \n\t\t<\/div>\n\t\t\t\t\t<\/div>\n\n\t\n<\/div>\n\t\t<\/div>\n\n\t\t\n<style>\n#section_47996614 {\n  padding-top: 30px;\n  padding-bottom: 30px;\n}\n<\/style>\n\t<\/section>\n\t\n","protected":false},"excerpt":{"rendered":"","protected":false},"author":2,"featured_media":0,"parent":43357,"menu_order":0,"comment_status":"closed","ping_status":"closed","template":"page-blank.php","meta":{"_acf_changed":false,"footnotes":""},"class_list":["post-43396","page","type-page","status-publish","hentry"],"acf":[],"yoast_head":"<!-- This site is optimized with the Yoast SEO Premium plugin v27.3 (Yoast SEO v27.3) - https:\/\/yoast.com\/product\/yoast-seo-premium-wordpress\/ -->\n<title>Produzione in conto terzi - Fermentis<\/title>\n<meta name=\"description\" content=\"La produzione in conto terzi \u00e8 un servizio che vi d\u00e0 l&#039;opportunit\u00e0 di avere i vostri lieviti esclusivi basati sulle vostre creazioni, sviluppati e prodotti da noi nei nostri stabilimenti, con la guida dei nostri esperti.\" \/>\n<meta name=\"robots\" content=\"index, follow, max-snippet:-1, max-image-preview:large, max-video-preview:-1\" \/>\n<link rel=\"canonical\" href=\"https:\/\/fermentis.com\/it\/other-services\/toll-manufacturing\/\" \/>\n<meta property=\"og:locale\" content=\"it_IT\" \/>\n<meta property=\"og:type\" content=\"article\" \/>\n<meta property=\"og:title\" content=\"Produzione in conto terzi\" \/>\n<meta property=\"og:description\" content=\"La produzione in conto terzi \u00e8 un servizio che vi d\u00e0 l&#039;opportunit\u00e0 di avere i vostri lieviti esclusivi basati sulle vostre creazioni, sviluppati e prodotti da noi nei nostri stabilimenti, con la guida dei nostri esperti.\" \/>\n<meta property=\"og:url\" content=\"https:\/\/fermentis.com\/it\/other-services\/toll-manufacturing\/\" \/>\n<meta property=\"og:site_name\" content=\"Fermentis\" \/>\n<meta property=\"article:publisher\" content=\"https:\/\/www.facebook.com\/Fermentis\" \/>\n<meta property=\"article:modified_time\" content=\"2026-04-03T06:42:33+00:00\" \/>\n<meta property=\"og:image\" content=\"https:\/\/fermentis.com\/wp-content\/uploads\/2021\/07\/website-v2.png\" \/>\n\t<meta property=\"og:image:width\" content=\"1903\" \/>\n\t<meta property=\"og:image:height\" content=\"901\" \/>\n\t<meta property=\"og:image:type\" content=\"image\/png\" \/>\n<meta name=\"twitter:card\" content=\"summary_large_image\" \/>\n<meta name=\"twitter:site\" content=\"@fermentis\" \/>\n<meta name=\"twitter:label1\" content=\"Tempo di lettura stimato\" \/>\n\t<meta name=\"twitter:data1\" content=\"2 minuti\" \/>\n<script type=\"application\/ld+json\" class=\"yoast-schema-graph\">{\"@context\":\"https:\\\/\\\/schema.org\",\"@graph\":[{\"@type\":\"WebPage\",\"@id\":\"https:\\\/\\\/fermentis.com\\\/it\\\/other-services\\\/toll-manufacturing\\\/\",\"url\":\"https:\\\/\\\/fermentis.com\\\/it\\\/other-services\\\/toll-manufacturing\\\/\",\"name\":\"Produzione in conto terzi - Fermentis\",\"isPartOf\":{\"@id\":\"https:\\\/\\\/fermentis.com\\\/it\\\/#website\"},\"datePublished\":\"2020-03-17T23:00:00+00:00\",\"dateModified\":\"2026-04-03T06:42:33+00:00\",\"description\":\"La produzione in conto terzi \u00e8 un servizio che vi d\u00e0 l'opportunit\u00e0 di avere i vostri lieviti esclusivi basati sulle vostre creazioni, sviluppati e prodotti da noi nei nostri stabilimenti, con la guida dei nostri esperti.\",\"breadcrumb\":{\"@id\":\"https:\\\/\\\/fermentis.com\\\/it\\\/other-services\\\/toll-manufacturing\\\/#breadcrumb\"},\"inLanguage\":\"it-IT\",\"potentialAction\":[{\"@type\":\"ReadAction\",\"target\":[\"https:\\\/\\\/fermentis.com\\\/it\\\/other-services\\\/toll-manufacturing\\\/\"]}]},{\"@type\":\"BreadcrumbList\",\"@id\":\"https:\\\/\\\/fermentis.com\\\/it\\\/other-services\\\/toll-manufacturing\\\/#breadcrumb\",\"itemListElement\":[{\"@type\":\"ListItem\",\"position\":1,\"name\":\"Home\",\"item\":\"https:\\\/\\\/fermentis.com\\\/it\\\/\"},{\"@type\":\"ListItem\",\"position\":2,\"name\":\"Altri servizi\",\"item\":\"https:\\\/\\\/fermentis.com\\\/it\\\/other-services\\\/\"},{\"@type\":\"ListItem\",\"position\":3,\"name\":\"Produzione in conto terzi\"}]},{\"@type\":\"WebSite\",\"@id\":\"https:\\\/\\\/fermentis.com\\\/it\\\/#website\",\"url\":\"https:\\\/\\\/fermentis.com\\\/it\\\/\",\"name\":\"Fermentis\",\"description\":\"Un site utilisant WordPress\",\"publisher\":{\"@id\":\"https:\\\/\\\/fermentis.com\\\/it\\\/#organization\"},\"potentialAction\":[{\"@type\":\"SearchAction\",\"target\":{\"@type\":\"EntryPoint\",\"urlTemplate\":\"https:\\\/\\\/fermentis.com\\\/it\\\/?s={search_term_string}\"},\"query-input\":{\"@type\":\"PropertyValueSpecification\",\"valueRequired\":true,\"valueName\":\"search_term_string\"}}],\"inLanguage\":\"it-IT\"},{\"@type\":\"Organization\",\"@id\":\"https:\\\/\\\/fermentis.com\\\/it\\\/#organization\",\"name\":\"Fermentis\",\"url\":\"https:\\\/\\\/fermentis.com\\\/it\\\/\",\"logo\":{\"@type\":\"ImageObject\",\"inLanguage\":\"it-IT\",\"@id\":\"https:\\\/\\\/fermentis.com\\\/it\\\/#\\\/schema\\\/logo\\\/image\\\/\",\"url\":\"https:\\\/\\\/fermentis.com\\\/wp-content\\\/uploads\\\/2021\\\/07\\\/Logo-Fermentis-5.png\",\"contentUrl\":\"https:\\\/\\\/fermentis.com\\\/wp-content\\\/uploads\\\/2021\\\/07\\\/Logo-Fermentis-5.png\",\"width\":308,\"height\":95,\"caption\":\"Fermentis\"},\"image\":{\"@id\":\"https:\\\/\\\/fermentis.com\\\/it\\\/#\\\/schema\\\/logo\\\/image\\\/\"},\"sameAs\":[\"https:\\\/\\\/www.facebook.com\\\/Fermentis\",\"https:\\\/\\\/x.com\\\/fermentis\",\"https:\\\/\\\/www.instagram.com\\\/fermentisbylesaffre\\\/\",\"https:\\\/\\\/www.linkedin.com\\\/company\\\/fermentis\\\/\",\"https:\\\/\\\/www.youtube.com\\\/channel\\\/UCt_Lp3IZnUNXZeqSi6iiAdA\"]}]}<\/script>\n<!-- \/ Yoast SEO Premium plugin. -->","yoast_head_json":{"title":"Produzione in conto terzi - Fermentis","description":"La produzione in conto terzi \u00e8 un servizio che vi d\u00e0 l'opportunit\u00e0 di avere i vostri lieviti esclusivi basati sulle vostre creazioni, sviluppati e prodotti da noi nei nostri stabilimenti, con la guida dei nostri esperti.","robots":{"index":"index","follow":"follow","max-snippet":"max-snippet:-1","max-image-preview":"max-image-preview:large","max-video-preview":"max-video-preview:-1"},"canonical":"https:\/\/fermentis.com\/it\/other-services\/toll-manufacturing\/","og_locale":"it_IT","og_type":"article","og_title":"Produzione in conto terzi","og_description":"La produzione in conto terzi \u00e8 un servizio che vi d\u00e0 l'opportunit\u00e0 di avere i vostri lieviti esclusivi basati sulle vostre creazioni, sviluppati e prodotti da noi nei nostri stabilimenti, con la guida dei nostri esperti.","og_url":"https:\/\/fermentis.com\/it\/other-services\/toll-manufacturing\/","og_site_name":"Fermentis","article_publisher":"https:\/\/www.facebook.com\/Fermentis","article_modified_time":"2026-04-03T06:42:33+00:00","og_image":[{"width":1903,"height":901,"url":"https:\/\/fermentis.com\/wp-content\/uploads\/2021\/07\/website-v2.png","type":"image\/png"}],"twitter_card":"summary_large_image","twitter_site":"@fermentis","twitter_misc":{"Tempo di lettura stimato":"2 minuti"},"schema":{"@context":"https:\/\/schema.org","@graph":[{"@type":"WebPage","@id":"https:\/\/fermentis.com\/it\/other-services\/toll-manufacturing\/","url":"https:\/\/fermentis.com\/it\/other-services\/toll-manufacturing\/","name":"Produzione in conto terzi - Fermentis","isPartOf":{"@id":"https:\/\/fermentis.com\/it\/#website"},"datePublished":"2020-03-17T23:00:00+00:00","dateModified":"2026-04-03T06:42:33+00:00","description":"La produzione in conto terzi \u00e8 un servizio che vi d\u00e0 l'opportunit\u00e0 di avere i vostri lieviti esclusivi basati sulle vostre creazioni, sviluppati e prodotti da noi nei nostri stabilimenti, con la guida dei nostri esperti.","breadcrumb":{"@id":"https:\/\/fermentis.com\/it\/other-services\/toll-manufacturing\/#breadcrumb"},"inLanguage":"it-IT","potentialAction":[{"@type":"ReadAction","target":["https:\/\/fermentis.com\/it\/other-services\/toll-manufacturing\/"]}]},{"@type":"BreadcrumbList","@id":"https:\/\/fermentis.com\/it\/other-services\/toll-manufacturing\/#breadcrumb","itemListElement":[{"@type":"ListItem","position":1,"name":"Home","item":"https:\/\/fermentis.com\/it\/"},{"@type":"ListItem","position":2,"name":"Altri servizi","item":"https:\/\/fermentis.com\/it\/other-services\/"},{"@type":"ListItem","position":3,"name":"Produzione in conto terzi"}]},{"@type":"WebSite","@id":"https:\/\/fermentis.com\/it\/#website","url":"https:\/\/fermentis.com\/it\/","name":"Fermentis","description":"Un site utilisant WordPress","publisher":{"@id":"https:\/\/fermentis.com\/it\/#organization"},"potentialAction":[{"@type":"SearchAction","target":{"@type":"EntryPoint","urlTemplate":"https:\/\/fermentis.com\/it\/?s={search_term_string}"},"query-input":{"@type":"PropertyValueSpecification","valueRequired":true,"valueName":"search_term_string"}}],"inLanguage":"it-IT"},{"@type":"Organization","@id":"https:\/\/fermentis.com\/it\/#organization","name":"Fermentis","url":"https:\/\/fermentis.com\/it\/","logo":{"@type":"ImageObject","inLanguage":"it-IT","@id":"https:\/\/fermentis.com\/it\/#\/schema\/logo\/image\/","url":"https:\/\/fermentis.com\/wp-content\/uploads\/2021\/07\/Logo-Fermentis-5.png","contentUrl":"https:\/\/fermentis.com\/wp-content\/uploads\/2021\/07\/Logo-Fermentis-5.png","width":308,"height":95,"caption":"Fermentis"},"image":{"@id":"https:\/\/fermentis.com\/it\/#\/schema\/logo\/image\/"},"sameAs":["https:\/\/www.facebook.com\/Fermentis","https:\/\/x.com\/fermentis","https:\/\/www.instagram.com\/fermentisbylesaffre\/","https:\/\/www.linkedin.com\/company\/fermentis\/","https:\/\/www.youtube.com\/channel\/UCt_Lp3IZnUNXZeqSi6iiAdA"]}]}},"_links":{"self":[{"href":"https:\/\/fermentis.com\/it\/wp-json\/wp\/v2\/pages\/43396","targetHints":{"allow":["GET"]}}],"collection":[{"href":"https:\/\/fermentis.com\/it\/wp-json\/wp\/v2\/pages"}],"about":[{"href":"https:\/\/fermentis.com\/it\/wp-json\/wp\/v2\/types\/page"}],"author":[{"embeddable":true,"href":"https:\/\/fermentis.com\/it\/wp-json\/wp\/v2\/users\/2"}],"replies":[{"embeddable":true,"href":"https:\/\/fermentis.com\/it\/wp-json\/wp\/v2\/comments?post=43396"}],"version-history":[{"count":1372,"href":"https:\/\/fermentis.com\/it\/wp-json\/wp\/v2\/pages\/43396\/revisions"}],"predecessor-version":[{"id":712244,"href":"https:\/\/fermentis.com\/it\/wp-json\/wp\/v2\/pages\/43396\/revisions\/712244"}],"up":[{"embeddable":true,"href":"https:\/\/fermentis.com\/it\/wp-json\/wp\/v2\/pages\/43357"}],"wp:attachment":[{"href":"https:\/\/fermentis.com\/it\/wp-json\/wp\/v2\/media?parent=43396"}],"curies":[{"name":"wp","href":"https:\/\/api.w.org\/{rel}","templated":true}]}}