{"id":43492,"date":"2020-02-20T00:00:00","date_gmt":"2020-02-19T23:00:00","guid":{"rendered":"https:\/\/fermentis.com\/our-company\/lesaffre-group\/"},"modified":"2026-04-08T19:44:28","modified_gmt":"2026-04-08T17:44:28","slug":"lesaffre-group","status":"publish","type":"page","link":"https:\/\/fermentis.com\/it\/our-company\/lesaffre-group\/","title":{"rendered":"Gruppo Lesaffre"},"content":{"rendered":"\n\t<section class=\"section\" id=\"section_67757240\">\n\t\t<div class=\"section-bg fill\" >\n\t\t\t<img loading=\"lazy\" decoding=\"async\" width=\"1940\" height=\"758\" src=\"https:\/\/fermentis.com\/wp-content\/uploads\/2020\/02\/fermentis-corporate-bg.jpg\" class=\"bg attachment- size-\" alt=\"\" \/>\t\t\t\t\t\t<div class=\"section-bg-overlay absolute fill\"><\/div>\n\t\t\t\n\n\t\t<\/div>\n\n\t\t\n\n\t\t<div class=\"section-content relative\">\n\t\t\t\n\n  <div class=\"banner has-hover has-parallax\" id=\"banner-799468768\">\n          <div class=\"banner-inner fill\">\n        <div class=\"banner-bg fill\" data-parallax=\"-4\" data-parallax-container=\".banner\" data-parallax-background>\n            <img loading=\"lazy\" decoding=\"async\" width=\"1500\" height=\"854\" src=\"https:\/\/fermentis.com\/wp-content\/uploads\/2020\/09\/lesaffre-bg.png\" class=\"bg attachment-original size-original\" alt=\"\" \/>                        <div class=\"overlay\"><\/div>            \n                    <\/div>\n\t\t\n        <div class=\"banner-layers container\">\n            <div class=\"fill banner-link\"><\/div>            \n   <div id=\"text-box-1327420172\" class=\"text-box banner-layer x50 md-x50 lg-x50 y50 md-y50 lg-y50 res-text\">\n                                <div class=\"text-box-content text dark\">\n              \n              <div class=\"text-inner text-center\">\n                  \n\t<div class=\"img has-hover x md-x lg-x y md-y lg-y\" id=\"image_1531168998\">\n\t\t\t\t\t\t\t\t<div class=\"img-inner dark\" >\n\t\t\t<img loading=\"lazy\" decoding=\"async\" width=\"500\" height=\"322\" src=\"https:\/\/fermentis.com\/wp-content\/uploads\/2020\/10\/lesaffre-logo-white.png\" class=\"attachment-large size-large\" alt=\"\" \/>\t\t\t\t\t\t\n\t\t\t\t\t<\/div>\n\t\t\t\t\t\t\t\t\n<style>\n#image_1531168998 {\n  width: 50%;\n}\n<\/style>\n\t<\/div>\n\t\n              <\/div>\n           <\/div>\n                            \n<style>\n#text-box-1327420172 {\n  width: 60%;\n}\n#text-box-1327420172 .text-box-content {\n  font-size: 100%;\n}\n<\/style>\n    <\/div>\n \n        <\/div>\n      <\/div>\n\n            \n<style>\n#banner-799468768 {\n  padding-top: 300px;\n}\n#banner-799468768 .overlay {\n  background-color: rgba(0, 0, 0, 0.36);\n}\n#banner-799468768 .banner-bg img {\n  object-position: 48% 68%;\n}\n<\/style>\n  <\/div>\n\n\n\t\t<\/div>\n\n\t\t\n<style>\n#section_67757240 {\n  padding-top: 0px;\n  padding-bottom: 0px;\n}\n#section_67757240 .section-bg-overlay {\n  background-color: rgba(239, 117, 0, 0.7);\n}\n<\/style>\n\t<\/section>\n\t\n\t<div id=\"gap-326753889\" class=\"gap-element clearfix\" style=\"display:block; height:auto;\">\n\t\t\n<style>\n#gap-326753889 {\n  padding-top: 40px;\n}\n<\/style>\n\t<\/div>\n\t\n<div class=\"row\"  id=\"row-270998865\">\n\n\t<div id=\"col-1544732945\" class=\"col medium-4 small-12 large-4\"  >\n\t\t\t\t<div class=\"col-inner text-center\"  >\n\t\t\t\n\t\t\t\n\t<div class=\"img has-hover x md-x lg-x y md-y lg-y\" id=\"image_1622046359\">\n\t\t\t\t\t\t\t\t<div class=\"img-inner dark\" >\n\t\t\t<img loading=\"lazy\" decoding=\"async\" width=\"566\" height=\"800\" src=\"https:\/\/fermentis.com\/wp-content\/uploads\/2025\/04\/Key-Figures_vertical_2025_GB-pdf-566x800.jpg\" class=\"attachment-medium size-medium\" alt=\"\" \/>\t\t\t\t\t\t\n\t\t\t\t\t<\/div>\n\t\t\t\t\t\t\t\t\n<style>\n#image_1622046359 {\n  width: 100%;\n}\n<\/style>\n\t<\/div>\n\t\n\t\t<\/div>\n\t\t\t\t\t<\/div>\n\n\t\n\n\t<div id=\"col-73986171\" class=\"col medium-1 small-12 large-1\"  >\n\t\t\t\t<div class=\"col-inner\"  >\n\t\t\t\n\t\t\t\n\t\t<\/div>\n\t\t\t\t\t<\/div>\n\n\t\n\n\t<div id=\"col-1010370993\" class=\"col medium-7 small-12 large-7\"  >\n\t\t\t\t<div class=\"col-inner\"  >\n\t\t\t\n\t\t\t\n\t<div id=\"gap-1061236020\" class=\"gap-element clearfix\" style=\"display:block; height:auto;\">\n\t\t\n<style>\n#gap-1061236020 {\n  padding-top: 85px;\n}\n<\/style>\n\t<\/div>\n\t\n\t<div id=\"text-4282985155\" class=\"text\">\n\t\t\n<h2 style=\"text-align: left\"><span style=\"font-size: 180%;color: #993300\" data-text-color=\"alert\">Informazioni su Lesaffre<\/span><\/h2>\n\t\t\n<style>\n#text-4282985155 {\n  text-align: left;\n}\n<\/style>\n\t<\/div>\n\t\n\t<div id=\"gap-905848540\" class=\"gap-element clearfix\" style=\"display:block; height:auto;\">\n\t\t\n<style>\n#gap-905848540 {\n  padding-top: &quot;40px&quot;;\n}\n<\/style>\n\t<\/div>\n\t\n<p>Lesaffre, protagonista mondiale della fermentazione da oltre un secolo, con un fatturato di 3 miliardi di euro e presente in tutti i continenti, conta 11.000 dipendenti e 100 nazionalit\u00e0. Forti di questa esperienza e diversit\u00e0, collaboriamo con clienti, partner e ricercatori per trovare risposte sempre pi\u00f9 pertinenti alle esigenze di alimentazione, salute, naturalit\u00e0 e rispetto dell&#039;ambiente. Cos\u00ec, ogni giorno, esploriamo e riveliamo l&#039;infinito potenziale dei microrganismi.<\/p>\n<p>Nutrire 9 miliardi di persone, in modo sano, nel 2050, sfruttando al meglio le risorse del nostro pianeta, \u00e8 una questione importante e senza precedenti. Crediamo che la fermentazione sia una delle risposte pi\u00f9 promettenti a questa sfida.<\/p>\n<p><strong>Lesaffre &#8211; Lavorare insieme per nutrire e proteggere meglio il pianeta<\/strong><\/p>\n\t\t<\/div>\n\t\t\t\t\t<\/div>\n\n\t\n<\/div>\n<div class=\"row\"  id=\"row-26949818\">\n\n\t<div id=\"col-569795631\" class=\"col small-12 large-12\"  >\n\t\t\t\t<div class=\"col-inner\"  >\n\t\t\t\n\t\t\t\n<h2 style=\"text-align: center\"><span style=\"font-size: 180%;color: #993300\" data-text-color=\"alert\">Il gruppo<\/span><\/h2>\n\t\t<\/div>\n\t\t\t\t\t<\/div>\n\n\t\n<\/div>\n\n\t<section class=\"section\" id=\"section_2038386482\">\n\t\t<div class=\"section-bg fill\" >\n\t\t\t\t\t\t\t\t\t\n\t\t\t\n\n\t\t<\/div>\n\n\t\t\n\n\t\t<div class=\"section-content relative\">\n\t\t\t\n<div class=\"row\"  id=\"row-1855539548\">\n\n\t<div id=\"col-458663699\" class=\"col medium-6 small-12 large-6\"  >\n\t\t\t\t<div class=\"col-inner\"  >\n\t\t\t\n\t\t\t\n\t<div class=\"img has-hover x md-x lg-x y md-y lg-y\" id=\"image_1741792726\">\n\t\t\t\t\t\t\t\t<div class=\"img-inner dark\" >\n\t\t\t<img loading=\"lazy\" decoding=\"async\" width=\"800\" height=\"600\" src=\"https:\/\/fermentis.com\/wp-content\/uploads\/2020\/10\/bread-making.jpg\" class=\"attachment-original size-original\" alt=\"\" srcset=\"https:\/\/fermentis.com\/wp-content\/uploads\/2020\/10\/bread-making.jpg 800w, https:\/\/fermentis.com\/wp-content\/uploads\/2020\/10\/bread-making-768x576.jpg 768w, https:\/\/fermentis.com\/wp-content\/uploads\/2020\/10\/bread-making-600x450.jpg 600w\" sizes=\"auto, (max-width: 800px) 100vw, 800px\" \/>\t\t\t\t\t\t\n\t\t\t\t\t<\/div>\n\t\t\t\t\t\t\t\t\n<style>\n#image_1741792726 {\n  width: 100%;\n}\n<\/style>\n\t<\/div>\n\t\n<h3 style=\"text-align: left\">Soluzioni per lieviti e panificazione<\/h3>\n<p style=\"text-align: left\">La nostra padronanza del processo di fermentazione \u00e8 illustrata dalle nostre linee di lieviti e soluzioni per la panificazione, ma anche sotto forma di tecnologie e servizi dedicati ai professionisti lungo la catena del valore. Senza dimenticare il supporto tecnico fornito dalla nostra rete di Baking Center\u2122.<\/p>\n<p style=\"text-align: left\">\u2022 <a href=\"https:\/\/saf-instant.com\/\" target=\"_blank\" rel=\"noopener noreferrer\">Saf Instant<\/a><br \/>\n\u2022 <a href=\"https:\/\/www.livendo-lesaffre.com\/\" target=\"_blank\" rel=\"noopener noreferrer\">Livendo<\/a><br \/>\n\u2022 <a href=\"https:\/\/lhirondelle-lesaffre.com\/fr\/\" target=\"_blank\" rel=\"noopener noreferrer\">L&#039;hirondelle<\/a><\/p>\n\t\t<\/div>\n\t\t\t\t\t<\/div>\n\n\t\n\n\t<div id=\"col-1807462210\" class=\"col medium-6 small-12 large-6\"  >\n\t\t\t\t<div class=\"col-inner\"  >\n\t\t\t\n\t\t\t\n\t<div class=\"img has-hover x md-x lg-x y md-y lg-y\" id=\"image_718563588\">\n\t\t\t\t\t\t\t\t<div class=\"img-inner dark\" >\n\t\t\t<img loading=\"lazy\" decoding=\"async\" width=\"800\" height=\"600\" src=\"https:\/\/fermentis.com\/wp-content\/uploads\/2020\/10\/taste-pleasure.jpg\" class=\"attachment-large size-large\" alt=\"\" srcset=\"https:\/\/fermentis.com\/wp-content\/uploads\/2020\/10\/taste-pleasure.jpg 800w, https:\/\/fermentis.com\/wp-content\/uploads\/2020\/10\/taste-pleasure-768x576.jpg 768w, https:\/\/fermentis.com\/wp-content\/uploads\/2020\/10\/taste-pleasure-600x450.jpg 600w\" sizes=\"auto, (max-width: 800px) 100vw, 800px\" \/>\t\t\t\t\t\t\n\t\t\t\t\t<\/div>\n\t\t\t\t\t\t\t\t\n<style>\n#image_718563588 {\n  width: 100%;\n}\n<\/style>\n\t<\/div>\n\t\n<h3 style=\"text-align: left\">Gusto e piacere del cibo<\/h3>\n<p style=\"text-align: left\">Anche i lieviti hanno un ruolo chiave nel mondo del gusto e del piacere del cibo.<br \/>\nLesaffre innova sviluppando molecole aromatiche naturali, estratti di lievito che ottimizzano le qualit\u00e0 nutrizionali, sensoriali e gustative e soluzioni per la fermentazione dell&#039;alcol per i produttori di birre, vini e liquori.<\/p>\n<p style=\"text-align: left\">\u2022 <a href=\"https:\/\/www.biospringer.com\/\" target=\"_blank\" rel=\"noopener noreferrer\">Biospringer<\/a><br \/>\n\u2022 <a href=\"https:\/\/fermentis.com\/\" target=\"_blank\" rel=\"noopener noreferrer\">Fermentis<\/a><br \/>\n\u2022 <a href=\"https:\/\/www.ennolys.fr\/\" target=\"_blank\" rel=\"noopener noreferrer\">Ennolys<\/a><\/p>\n\t\t<\/div>\n\t\t\t\t\t<\/div>\n\n\t\n<\/div>\n<div class=\"row\"  id=\"row-851740453\">\n\n\t<div id=\"col-935059310\" class=\"col medium-6 small-12 large-6\"  >\n\t\t\t\t<div class=\"col-inner\"  >\n\t\t\t\n\t\t\t\n\t<div class=\"img has-hover x md-x lg-x y md-y lg-y\" id=\"image_362712411\">\n\t\t\t\t\t\t\t\t<div class=\"img-inner dark\" >\n\t\t\t<img loading=\"lazy\" decoding=\"async\" width=\"800\" height=\"600\" src=\"https:\/\/fermentis.com\/wp-content\/uploads\/2020\/10\/healthcare.jpg\" class=\"attachment-original size-original\" alt=\"\" srcset=\"https:\/\/fermentis.com\/wp-content\/uploads\/2020\/10\/healthcare.jpg 800w, https:\/\/fermentis.com\/wp-content\/uploads\/2020\/10\/healthcare-768x576.jpg 768w, https:\/\/fermentis.com\/wp-content\/uploads\/2020\/10\/healthcare-600x450.jpg 600w\" sizes=\"auto, (max-width: 800px) 100vw, 800px\" \/>\t\t\t\t\t\t\n\t\t\t\t\t<\/div>\n\t\t\t\t\t\t\t\t\n<style>\n#image_362712411 {\n  width: 100%;\n}\n<\/style>\n\t<\/div>\n\t\n<h3 style=\"text-align: left\">La salute<\/h3>\n<p style=\"text-align: left\">Lesaffre \u00e8 da sempre impegnata a promuovere il benessere degli esseri viventi e a contribuire a nutrire e curare meglio la popolazione mondiale, proteggendo al contempo l&#039;ambiente.<br \/>\nLa salute e la nutrizione umana, la salute e la nutrizione animale e la nutrizione vegetale sono tutte aree di sviluppo strategico per il nostro gruppo.<\/p>\n<p style=\"text-align: left\">\u2022 <a href=\"https:\/\/www.phileo-lesaffre.com\/\" target=\"_blank\" rel=\"noopener noreferrer\">Phileo<\/a><br \/>\n\u2022 <a href=\"https:\/\/www.lesaffre.com\/health-care\/gnosis\/\" target=\"_blank\" rel=\"noopener noreferrer\">Gnosis<\/a><br \/>\n\u2022 <a href=\"https:\/\/www.lesaffre.com\/health-care\/agrauxine\/\" target=\"_blank\" rel=\"noopener noreferrer\">Agrauxine<\/a><\/p>\n\t\t<\/div>\n\t\t\t\t\t<\/div>\n\n\t\n\n\t<div id=\"col-1601114415\" class=\"col medium-6 small-12 large-6\"  >\n\t\t\t\t<div class=\"col-inner\"  >\n\t\t\t\n\t\t\t\n\t<div class=\"img has-hover x md-x lg-x y md-y lg-y\" id=\"image_1843843931\">\n\t\t\t\t\t\t\t\t<div class=\"img-inner dark\" >\n\t\t\t<img loading=\"lazy\" decoding=\"async\" width=\"800\" height=\"600\" src=\"https:\/\/fermentis.com\/wp-content\/uploads\/2020\/10\/bio-diesel.jpg\" class=\"attachment-large size-large\" alt=\"\" srcset=\"https:\/\/fermentis.com\/wp-content\/uploads\/2020\/10\/bio-diesel.jpg 800w, https:\/\/fermentis.com\/wp-content\/uploads\/2020\/10\/bio-diesel-768x576.jpg 768w, https:\/\/fermentis.com\/wp-content\/uploads\/2020\/10\/bio-diesel-600x450.jpg 600w\" sizes=\"auto, (max-width: 800px) 100vw, 800px\" \/>\t\t\t\t\t\t\n\t\t\t\t\t<\/div>\n\t\t\t\t\t\t\t\t\n<style>\n#image_1843843931 {\n  width: 100%;\n}\n<\/style>\n\t<\/div>\n\t\n<h3 style=\"text-align: left\">Biotecnologie<\/h3>\n<p style=\"text-align: left\">Nel campo delle biotecnologie, Lesaffre sviluppa nutrienti cellulari efficienti riservati alla creazione di nuove molecole a beneficio di uomini e animali. Il nostro gruppo contribuisce anche alla creazione di ceppi di lievito che favoriscono lo sviluppo di bioetanolo di p<sup>r<\/sup>ima <sup>e<\/sup> seconda generazione. Nell&#039;interesse di promuovere un&#039;economia sostenibile, il nostro gruppo \u00e8 ugualmente attivo a fianco delle industrie chimiche di origine biologica.<\/p>\n<p style=\"text-align: left\">\u2022 <a href=\"https:\/\/www.procelys.com\/\" target=\"_blank\" rel=\"noopener noreferrer\">Procelys<\/a><br \/>\n\u2022 <a href=\"https:\/\/www.lesaffreadvancedfermentations.com\/\" target=\"_blank\" rel=\"noopener noreferrer\">Leaf<\/a><br \/>\n\u2022 <a href=\"https:\/\/www.lesaffre-ingredients-services.fr\/\" target=\"_blank\" rel=\"noopener noreferrer\">LIS<\/a><\/p>\n\t\t<\/div>\n\t\t\t\t\t<\/div>\n\n\t\n<\/div>\n\t\t<\/div>\n\n\t\t\n<style>\n#section_2038386482 {\n  padding-top: 0px;\n  padding-bottom: 0px;\n}\n@media (min-width:550px) {\n  #section_2038386482 {\n    padding-top: 50px;\n    padding-bottom: 50px;\n  }\n}\n<\/style>\n\t<\/section>\n\t\n\n\t<section class=\"section\" id=\"section_603741042\">\n\t\t<div class=\"section-bg fill\" >\n\t\t\t\t\t\t\t\t\t\n\t\t\t\n\n\t\t<\/div>\n\n\t\t\n\n\t\t<div class=\"section-content relative\">\n\t\t\t\n\n  \n    <div class=\"row large-columns-3 medium-columns-1 small-columns-1 slider row-slider slider-nav-reveal slider-nav-push\"  data-flickity-options='{&quot;imagesLoaded&quot;: true, &quot;groupCells&quot;: &quot;100%&quot;, &quot;dragThreshold&quot; : 5, &quot;cellAlign&quot;: &quot;left&quot;,&quot;wrapAround&quot;: true,&quot;prevNextButtons&quot;: true,&quot;percentPosition&quot;: true,&quot;pageDots&quot;: false, &quot;rightToLeft&quot;: false, &quot;autoPlay&quot; : false}' >\n\n  <\/div>\n<div class=\"row\"  id=\"row-1904163857\">\n\n\t<div id=\"col-2105803160\" class=\"col small-12 large-12\"  >\n\t\t\t\t<div class=\"col-inner\"  >\n\t\t\t\n\t\t\t\n<h2 style=\"text-align: center\"><span style=\"font-size: 180%;color: #ef7500\">Parliamo<\/span><\/h2>\n<p style=\"text-align: center\"><strong>Vuoi saperne di pi\u00f9 sui nostri prodotti e servizi?<\/strong><\/p>\n\t\t<\/div>\n\t\t\t\t\t<\/div>\n\n\t\n\n\t<div id=\"col-671381687\" class=\"col small-12 large-12\"  >\n\t\t\t\t<div class=\"col-inner text-center\"  >\n\t\t\t\n\t\t\t\n<a href=\"https:\/\/fermentis.com\/it\/contact\/\" class=\"button primary box-shadow-1 box-shadow-2-hover\" >\n\t<i class=\"icon-envelop\" aria-hidden=\"true\"><\/i>\t<span>CONTATTATECI<\/span>\n\t<\/a>\n\n\t\t<\/div>\n\t\t\t\t\t<\/div>\n\n\t\n<\/div>\n\t\t<\/div>\n\n\t\t\n<style>\n#section_603741042 {\n  padding-top: 0px;\n  padding-bottom: 0px;\n}\n@media (min-width:550px) {\n  #section_603741042 {\n    padding-top: 45px;\n    padding-bottom: 45px;\n  }\n}\n<\/style>\n\t<\/section>\n\t\n","protected":false},"excerpt":{"rendered":"","protected":false},"author":2,"featured_media":0,"parent":43415,"menu_order":0,"comment_status":"closed","ping_status":"closed","template":"page-blank.php","meta":{"_acf_changed":false,"footnotes":""},"class_list":["post-43492","page","type-page","status-publish","hentry"],"acf":[],"yoast_head":"<!-- This site is optimized with the Yoast SEO Premium plugin v27.3 (Yoast SEO v27.3) - https:\/\/yoast.com\/product\/yoast-seo-premium-wordpress\/ -->\n<title>Gruppo Lesaffre - Fermentis<\/title>\n<meta name=\"description\" content=\"Il gruppo Lesaffre, protagonista mondiale nel settore della fermentazione, ha l&#039;obiettivo di servire meglio il mondo in termini di alimentazione, salute e rispetto dell&#039;ambiente, grazie alla sua esperienza nello sfruttare al meglio i microrganismi.\" \/>\n<meta name=\"robots\" content=\"index, follow, max-snippet:-1, max-image-preview:large, max-video-preview:-1\" \/>\n<link rel=\"canonical\" href=\"https:\/\/fermentis.com\/it\/our-company\/lesaffre-group\/\" \/>\n<meta property=\"og:locale\" content=\"it_IT\" \/>\n<meta property=\"og:type\" content=\"article\" \/>\n<meta property=\"og:title\" content=\"Gruppo Lesaffre\" \/>\n<meta property=\"og:description\" content=\"Il gruppo Lesaffre, protagonista mondiale nel settore della fermentazione, ha l&#039;obiettivo di servire meglio il mondo in termini di alimentazione, salute e rispetto dell&#039;ambiente, grazie alla sua esperienza nello sfruttare al meglio i microrganismi.\" \/>\n<meta property=\"og:url\" content=\"https:\/\/fermentis.com\/it\/our-company\/lesaffre-group\/\" \/>\n<meta property=\"og:site_name\" content=\"Fermentis\" \/>\n<meta property=\"article:publisher\" content=\"https:\/\/www.facebook.com\/Fermentis\" \/>\n<meta property=\"article:modified_time\" content=\"2026-04-08T17:44:28+00:00\" \/>\n<meta property=\"og:image\" content=\"https:\/\/fermentis.com\/wp-content\/uploads\/2021\/07\/website-v2.png\" \/>\n\t<meta property=\"og:image:width\" content=\"1903\" \/>\n\t<meta property=\"og:image:height\" content=\"901\" \/>\n\t<meta property=\"og:image:type\" content=\"image\/png\" \/>\n<meta name=\"twitter:card\" content=\"summary_large_image\" \/>\n<meta name=\"twitter:site\" content=\"@fermentis\" \/>\n<meta name=\"twitter:label1\" content=\"Tempo di lettura stimato\" \/>\n\t<meta name=\"twitter:data1\" content=\"3 minuti\" \/>\n<script type=\"application\/ld+json\" class=\"yoast-schema-graph\">{\"@context\":\"https:\\\/\\\/schema.org\",\"@graph\":[{\"@type\":\"WebPage\",\"@id\":\"https:\\\/\\\/fermentis.com\\\/it\\\/our-company\\\/lesaffre-group\\\/\",\"url\":\"https:\\\/\\\/fermentis.com\\\/it\\\/our-company\\\/lesaffre-group\\\/\",\"name\":\"Gruppo Lesaffre - Fermentis\",\"isPartOf\":{\"@id\":\"https:\\\/\\\/fermentis.com\\\/it\\\/#website\"},\"datePublished\":\"2020-02-19T23:00:00+00:00\",\"dateModified\":\"2026-04-08T17:44:28+00:00\",\"description\":\"Il gruppo Lesaffre, protagonista mondiale nel settore della fermentazione, ha l'obiettivo di servire meglio il mondo in termini di alimentazione, salute e rispetto dell'ambiente, grazie alla sua esperienza nello sfruttare al meglio i microrganismi.\",\"breadcrumb\":{\"@id\":\"https:\\\/\\\/fermentis.com\\\/it\\\/our-company\\\/lesaffre-group\\\/#breadcrumb\"},\"inLanguage\":\"it-IT\",\"potentialAction\":[{\"@type\":\"ReadAction\",\"target\":[\"https:\\\/\\\/fermentis.com\\\/it\\\/our-company\\\/lesaffre-group\\\/\"]}]},{\"@type\":\"BreadcrumbList\",\"@id\":\"https:\\\/\\\/fermentis.com\\\/it\\\/our-company\\\/lesaffre-group\\\/#breadcrumb\",\"itemListElement\":[{\"@type\":\"ListItem\",\"position\":1,\"name\":\"Home\",\"item\":\"https:\\\/\\\/fermentis.com\\\/it\\\/\"},{\"@type\":\"ListItem\",\"position\":2,\"name\":\"La nostra azienda\",\"item\":\"https:\\\/\\\/fermentis.com\\\/it\\\/our-company\\\/\"},{\"@type\":\"ListItem\",\"position\":3,\"name\":\"Gruppo Lesaffre\"}]},{\"@type\":\"WebSite\",\"@id\":\"https:\\\/\\\/fermentis.com\\\/it\\\/#website\",\"url\":\"https:\\\/\\\/fermentis.com\\\/it\\\/\",\"name\":\"Fermentis\",\"description\":\"Un site utilisant WordPress\",\"publisher\":{\"@id\":\"https:\\\/\\\/fermentis.com\\\/it\\\/#organization\"},\"potentialAction\":[{\"@type\":\"SearchAction\",\"target\":{\"@type\":\"EntryPoint\",\"urlTemplate\":\"https:\\\/\\\/fermentis.com\\\/it\\\/?s={search_term_string}\"},\"query-input\":{\"@type\":\"PropertyValueSpecification\",\"valueRequired\":true,\"valueName\":\"search_term_string\"}}],\"inLanguage\":\"it-IT\"},{\"@type\":\"Organization\",\"@id\":\"https:\\\/\\\/fermentis.com\\\/it\\\/#organization\",\"name\":\"Fermentis\",\"url\":\"https:\\\/\\\/fermentis.com\\\/it\\\/\",\"logo\":{\"@type\":\"ImageObject\",\"inLanguage\":\"it-IT\",\"@id\":\"https:\\\/\\\/fermentis.com\\\/it\\\/#\\\/schema\\\/logo\\\/image\\\/\",\"url\":\"https:\\\/\\\/fermentis.com\\\/wp-content\\\/uploads\\\/2021\\\/07\\\/Logo-Fermentis-5.png\",\"contentUrl\":\"https:\\\/\\\/fermentis.com\\\/wp-content\\\/uploads\\\/2021\\\/07\\\/Logo-Fermentis-5.png\",\"width\":308,\"height\":95,\"caption\":\"Fermentis\"},\"image\":{\"@id\":\"https:\\\/\\\/fermentis.com\\\/it\\\/#\\\/schema\\\/logo\\\/image\\\/\"},\"sameAs\":[\"https:\\\/\\\/www.facebook.com\\\/Fermentis\",\"https:\\\/\\\/x.com\\\/fermentis\",\"https:\\\/\\\/www.instagram.com\\\/fermentisbylesaffre\\\/\",\"https:\\\/\\\/www.linkedin.com\\\/company\\\/fermentis\\\/\",\"https:\\\/\\\/www.youtube.com\\\/channel\\\/UCt_Lp3IZnUNXZeqSi6iiAdA\"]}]}<\/script>\n<!-- \/ Yoast SEO Premium plugin. -->","yoast_head_json":{"title":"Gruppo Lesaffre - Fermentis","description":"Il gruppo Lesaffre, protagonista mondiale nel settore della fermentazione, ha l'obiettivo di servire meglio il mondo in termini di alimentazione, salute e rispetto dell'ambiente, grazie alla sua esperienza nello sfruttare al meglio i microrganismi.","robots":{"index":"index","follow":"follow","max-snippet":"max-snippet:-1","max-image-preview":"max-image-preview:large","max-video-preview":"max-video-preview:-1"},"canonical":"https:\/\/fermentis.com\/it\/our-company\/lesaffre-group\/","og_locale":"it_IT","og_type":"article","og_title":"Gruppo Lesaffre","og_description":"Il gruppo Lesaffre, protagonista mondiale nel settore della fermentazione, ha l'obiettivo di servire meglio il mondo in termini di alimentazione, salute e rispetto dell'ambiente, grazie alla sua esperienza nello sfruttare al meglio i microrganismi.","og_url":"https:\/\/fermentis.com\/it\/our-company\/lesaffre-group\/","og_site_name":"Fermentis","article_publisher":"https:\/\/www.facebook.com\/Fermentis","article_modified_time":"2026-04-08T17:44:28+00:00","og_image":[{"width":1903,"height":901,"url":"https:\/\/fermentis.com\/wp-content\/uploads\/2021\/07\/website-v2.png","type":"image\/png"}],"twitter_card":"summary_large_image","twitter_site":"@fermentis","twitter_misc":{"Tempo di lettura stimato":"3 minuti"},"schema":{"@context":"https:\/\/schema.org","@graph":[{"@type":"WebPage","@id":"https:\/\/fermentis.com\/it\/our-company\/lesaffre-group\/","url":"https:\/\/fermentis.com\/it\/our-company\/lesaffre-group\/","name":"Gruppo Lesaffre - Fermentis","isPartOf":{"@id":"https:\/\/fermentis.com\/it\/#website"},"datePublished":"2020-02-19T23:00:00+00:00","dateModified":"2026-04-08T17:44:28+00:00","description":"Il gruppo Lesaffre, protagonista mondiale nel settore della fermentazione, ha l'obiettivo di servire meglio il mondo in termini di alimentazione, salute e rispetto dell'ambiente, grazie alla sua esperienza nello sfruttare al meglio i microrganismi.","breadcrumb":{"@id":"https:\/\/fermentis.com\/it\/our-company\/lesaffre-group\/#breadcrumb"},"inLanguage":"it-IT","potentialAction":[{"@type":"ReadAction","target":["https:\/\/fermentis.com\/it\/our-company\/lesaffre-group\/"]}]},{"@type":"BreadcrumbList","@id":"https:\/\/fermentis.com\/it\/our-company\/lesaffre-group\/#breadcrumb","itemListElement":[{"@type":"ListItem","position":1,"name":"Home","item":"https:\/\/fermentis.com\/it\/"},{"@type":"ListItem","position":2,"name":"La nostra azienda","item":"https:\/\/fermentis.com\/it\/our-company\/"},{"@type":"ListItem","position":3,"name":"Gruppo Lesaffre"}]},{"@type":"WebSite","@id":"https:\/\/fermentis.com\/it\/#website","url":"https:\/\/fermentis.com\/it\/","name":"Fermentis","description":"Un site utilisant WordPress","publisher":{"@id":"https:\/\/fermentis.com\/it\/#organization"},"potentialAction":[{"@type":"SearchAction","target":{"@type":"EntryPoint","urlTemplate":"https:\/\/fermentis.com\/it\/?s={search_term_string}"},"query-input":{"@type":"PropertyValueSpecification","valueRequired":true,"valueName":"search_term_string"}}],"inLanguage":"it-IT"},{"@type":"Organization","@id":"https:\/\/fermentis.com\/it\/#organization","name":"Fermentis","url":"https:\/\/fermentis.com\/it\/","logo":{"@type":"ImageObject","inLanguage":"it-IT","@id":"https:\/\/fermentis.com\/it\/#\/schema\/logo\/image\/","url":"https:\/\/fermentis.com\/wp-content\/uploads\/2021\/07\/Logo-Fermentis-5.png","contentUrl":"https:\/\/fermentis.com\/wp-content\/uploads\/2021\/07\/Logo-Fermentis-5.png","width":308,"height":95,"caption":"Fermentis"},"image":{"@id":"https:\/\/fermentis.com\/it\/#\/schema\/logo\/image\/"},"sameAs":["https:\/\/www.facebook.com\/Fermentis","https:\/\/x.com\/fermentis","https:\/\/www.instagram.com\/fermentisbylesaffre\/","https:\/\/www.linkedin.com\/company\/fermentis\/","https:\/\/www.youtube.com\/channel\/UCt_Lp3IZnUNXZeqSi6iiAdA"]}]}},"_links":{"self":[{"href":"https:\/\/fermentis.com\/it\/wp-json\/wp\/v2\/pages\/43492","targetHints":{"allow":["GET"]}}],"collection":[{"href":"https:\/\/fermentis.com\/it\/wp-json\/wp\/v2\/pages"}],"about":[{"href":"https:\/\/fermentis.com\/it\/wp-json\/wp\/v2\/types\/page"}],"author":[{"embeddable":true,"href":"https:\/\/fermentis.com\/it\/wp-json\/wp\/v2\/users\/2"}],"replies":[{"embeddable":true,"href":"https:\/\/fermentis.com\/it\/wp-json\/wp\/v2\/comments?post=43492"}],"version-history":[{"count":1508,"href":"https:\/\/fermentis.com\/it\/wp-json\/wp\/v2\/pages\/43492\/revisions"}],"predecessor-version":[{"id":714027,"href":"https:\/\/fermentis.com\/it\/wp-json\/wp\/v2\/pages\/43492\/revisions\/714027"}],"up":[{"embeddable":true,"href":"https:\/\/fermentis.com\/it\/wp-json\/wp\/v2\/pages\/43415"}],"wp:attachment":[{"href":"https:\/\/fermentis.com\/it\/wp-json\/wp\/v2\/media?parent=43492"}],"curies":[{"name":"wp","href":"https:\/\/api.w.org\/{rel}","templated":true}]}}