{"id":43581,"date":"2020-02-18T00:00:00","date_gmt":"2020-02-17T23:00:00","guid":{"rendered":"https:\/\/fermentis.com\/our-company\/supporting-creativity\/"},"modified":"2026-03-28T15:08:27","modified_gmt":"2026-03-28T14:08:27","slug":"supporting-creativity","status":"publish","type":"page","link":"https:\/\/fermentis.com\/it\/our-company\/supporting-creativity\/","title":{"rendered":"Sostenere la creativit\u00e0"},"content":{"rendered":"\n\t<section class=\"section\" id=\"section_1852363308\">\n\t\t<div class=\"section-bg fill\" >\n\t\t\t<img loading=\"lazy\" decoding=\"async\" width=\"1940\" height=\"758\" src=\"https:\/\/fermentis.com\/wp-content\/uploads\/2020\/02\/fermentis-corporate-bg.jpg\" class=\"bg attachment- size-\" alt=\"\" \/>\t\t\t\t\t\t<div class=\"section-bg-overlay absolute fill\"><\/div>\n\t\t\t\n\n\t\t<\/div>\n\n\t\t\n\n\t\t<div class=\"section-content relative\">\n\t\t\t\n\n  <div class=\"banner has-hover has-parallax\" id=\"banner-379934112\">\n          <div class=\"banner-inner fill\">\n        <div class=\"banner-bg fill\" data-parallax=\"-3\" data-parallax-container=\".banner\" data-parallax-background>\n            <img loading=\"lazy\" decoding=\"async\" width=\"1327\" height=\"758\" src=\"https:\/\/fermentis.com\/wp-content\/uploads\/2020\/03\/three-beers.png\" class=\"bg attachment-original size-original\" alt=\"\" \/>                        <div class=\"overlay\"><\/div>            \n                    <\/div>\n\t\t\n        <div class=\"banner-layers container\">\n            <div class=\"fill banner-link\"><\/div>            \n   <div id=\"text-box-113225266\" class=\"text-box banner-layer x50 md-x50 lg-x50 y50 md-y50 lg-y50 res-text\">\n                                <div class=\"text-box-content text dark\">\n              \n              <div class=\"text-inner text-center\">\n                  \n<h1 class=\"uppercase\" style=\"text-align: center\"><span style=\"font-size: 65%\"><strong>Sostenere la creativit\u00e0<\/strong><\/span><\/h1>\n              <\/div>\n           <\/div>\n                            \n<style>\n#text-box-113225266 {\n  width: 60%;\n}\n#text-box-113225266 .text-box-content {\n  font-size: 100%;\n}\n<\/style>\n    <\/div>\n \n        <\/div>\n      <\/div>\n\n            \n<style>\n#banner-379934112 {\n  padding-top: 300px;\n}\n#banner-379934112 .overlay {\n  background-color: rgba(0, 0, 0, 0.4);\n}\n#banner-379934112 .banner-bg img {\n  object-position: 53% 42%;\n}\n<\/style>\n  <\/div>\n\n\n\t\t<\/div>\n\n\t\t\n<style>\n#section_1852363308 {\n  padding-top: 0px;\n  padding-bottom: 0px;\n}\n#section_1852363308 .section-bg-overlay {\n  background-color: rgba(239, 117, 0, 0.7);\n}\n<\/style>\n\t<\/section>\n\t\n<div class=\"row\"  id=\"row-1325769026\">\n\n\t<div id=\"col-931946400\" class=\"col small-12 large-12\"  >\n\t\t\t\t<div class=\"col-inner\"  >\n\t\t\t\n\t\t\t\n\t<div id=\"gap-211771720\" class=\"gap-element clearfix\" style=\"display:block; height:auto;\">\n\t\t\n<style>\n#gap-211771720 {\n  padding-top: 30px;\n}\n<\/style>\n\t<\/div>\n\t\n<p style=\"text-align: center\">Tutto ci\u00f2 che facciamo per semplificarvi il processo di fermentazione, per salvaguardare la produzione o addirittura per farvi risparmiare tempo, lavora verso un unico obiettivo: aiutarvi a esprimere con sicurezza la vostra inventiva e creativit\u00e0. Questo vi lascia liberi di concentrarvi su ci\u00f2 che fa la differenza: il gusto e gli aromi della vostra bevanda e il piacere che i vostri consumatori proveranno nel berla.<\/p>\n<p style=\"text-align: center\">Per Fermentis, sostenere la vostra creativit\u00e0 \u00e8 una priorit\u00e0. Per il nostro direttore generale \u00e8 la priorit\u00e0 assoluta. Innovazione, qualit\u00e0, servizio, affidabilit\u00e0 e sostenibilit\u00e0 sono i fattori chiave dell&#039;evoluzione di Fermentis.<\/p>\n\t\t<\/div>\n\t\t\t\t\t<\/div>\n\n\t\n<\/div>\n\n\t<section class=\"section\" id=\"section_1272370127\">\n\t\t<div class=\"section-bg fill\" >\n\t\t\t\t\t\t\t\t\t\n\t\t\t\n\n\t\t<\/div>\n\n\t\t\n\n\t\t<div class=\"section-content relative\">\n\t\t\t\n<div class=\"row row-small align-middle\"  id=\"row-1701174518\">\n\n\t<div id=\"col-151302032\" class=\"col medium-2 small-12 large-2\"  >\n\t\t\t\t<div class=\"col-inner\"  >\n\t\t\t\n\t\t\t\n\t\t<\/div>\n\t\t\t\t\t<\/div>\n\n\t\n\n\t<div id=\"col-776052482\" class=\"col medium-3 small-12 large-3\"  >\n\t\t\t\t<div class=\"col-inner\"  >\n\t\t\t\n\t\t\t\n\t<div class=\"img has-hover x md-x lg-x y md-y lg-y\" id=\"image_1164039631\">\n\t\t\t\t<div data-parallax-fade=\"true\" data-parallax=\"1\">\t\t\t\t<div class=\"img-inner dark\" >\n\t\t\t<img loading=\"lazy\" decoding=\"async\" width=\"300\" height=\"428\" src=\"https:\/\/fermentis.com\/wp-content\/uploads\/2020\/03\/stephane-meulemans.png\" class=\"attachment-large size-large\" alt=\"\" srcset=\"https:\/\/fermentis.com\/wp-content\/uploads\/2020\/03\/stephane-meulemans.png 300w, https:\/\/fermentis.com\/wp-content\/uploads\/2020\/03\/stephane-meulemans-210x300.png 210w\" sizes=\"auto, (max-width: 300px) 100vw, 300px\" \/>\t\t\t\t\t\t\n\t\t\t\t\t<\/div>\n\t\t\t\t<\/div>\t\t\t\t\n<style>\n#image_1164039631 {\n  width: 100%;\n}\n<\/style>\n\t<\/div>\n\t\n\t\t<\/div>\n\t\t\t\t\n<style>\n#col-776052482 > .col-inner {\n  margin: 0px 0px -10px 0px;\n}\n<\/style>\n\t<\/div>\n\n\t\n\n\t<div id=\"col-903325902\" class=\"col medium-1 small-12 large-1\"  >\n\t\t\t\t<div class=\"col-inner\"  >\n\t\t\t\n\t\t\t\n\t\t<\/div>\n\t\t\t\t\t<\/div>\n\n\t\n\n\t<div id=\"col-2024630417\" class=\"col medium-5 small-12 large-5\"  >\n\t\t\t\t<div class=\"col-inner\"  >\n\t\t\t\n\t\t\t\n<h2><span style=\"font-size: 130%\">Combattiamo per voi su cinque fronti<\/span><\/h2>\n<p>St\u00e9phane Meulemans \u00e8 un imprenditore. Da quando ha assunto la direzione di Fermentis, ha lavorato su cinque priorit\u00e0 chiave. Tutte molto pragmatiche e orientate al cliente.<\/p>\n\t\t<\/div>\n\t\t\t\t\t<\/div>\n\n\t\n\n\t<div id=\"col-1091465960\" class=\"col medium-1 small-12 large-1\"  >\n\t\t\t\t<div class=\"col-inner\"  >\n\t\t\t\n\t\t\t\n\t\t<\/div>\n\t\t\t\t\t<\/div>\n\n\t\n<\/div>\n\t\t<\/div>\n\n\t\t\n<style>\n#section_1272370127 {\n  padding-top: 20px;\n  padding-bottom: 20px;\n  background-color: rgb(242, 242, 242);\n}\n<\/style>\n\t<\/section>\n\t\n\t<div id=\"gap-1505366914\" class=\"gap-element clearfix\" style=\"display:block; height:auto;\">\n\t\t\n<style>\n#gap-1505366914 {\n  padding-top: 20px;\n}\n<\/style>\n\t<\/div>\n\t\n\n\t<section class=\"section\" id=\"section_2117062911\">\n\t\t<div class=\"section-bg fill\" >\n\t\t\t\t\t\t\t\t\t\n\t\t\t\n\n\t\t<\/div>\n\n\t\t\n\n\t\t<div class=\"section-content relative\">\n\t\t\t\n<div class=\"row align-center\"  id=\"row-804578275\">\n\n\t<div id=\"col-1220664938\" class=\"col medium-1 small-10 large-1\"  >\n\t\t\t\t<div class=\"col-inner\"  >\n\t\t\t\n\t\t\t\n<h2><span style=\"font-size: 130%\" data-text-color=\"alert\">1.<\/span><\/h2>\n\t\t<\/div>\n\t\t\t\t\n<style>\n#col-1220664938 > .col-inner {\n  padding: 0px 40px 0px 0px;\n}\n<\/style>\n\t<\/div>\n\n\t\n\n\t<div id=\"col-1851948836\" class=\"col medium-11 small-10 large-11\"  >\n\t\t\t\t<div class=\"col-inner\"  >\n\t\t\t\n\t\t\t\n<h2><span style=\"font-size: 130%\" data-text-color=\"alert\">Sostenere la creativit\u00e0 dei nostri clienti<\/span><\/h2>\n<p>Questa \u00e8 la nostra priorit\u00e0. Per molto tempo il lievito \u00e8 stato considerato una merce. Facilitava la fermentazione, salvaguardava i rendimenti e basta. Oggi i produttori di alcolici hanno capito che il lievito \u00e8 anche uno strumento per dare carattere ai loro prodotti. Influisce sulla qualit\u00e0 finale, sul sapore, sugli aromi e sulla percezione del prodotto nel suo complesso. Questo sta cambiando le nostre relazioni con i clienti, che stanno diventando sempre pi\u00f9 simili a partnership. Significa anche che dobbiamo essere pi\u00f9 informativi, pi\u00f9 presenti sul campo e investire di pi\u00f9 nella ricerca e sviluppo. \u00c8 una fantastica ricompensa per tutto il duro lavoro svolto negli anni e una grande motivazione per i nostri team. \u00c8 anche molto piacevole e stimolante contribuire a migliorare le qualit\u00e0 di una birra, di un vino o di uno spirito&#8230; Capisco quanto si divertano i team che lavorano a queste sfide e mi diverto con loro!<\/p>\n\t\t<\/div>\n\t\t\t\t\t<\/div>\n\n\t\n<\/div>\n<div class=\"row align-center\"  id=\"row-1687386945\">\n\n\t<div id=\"col-924363656\" class=\"col medium-1 small-10 large-1\"  >\n\t\t\t\t<div class=\"col-inner\"  >\n\t\t\t\n\t\t\t\n<h2><span style=\"font-size: 130%\" data-text-color=\"alert\">2.<\/span><\/h2>\n\t\t<\/div>\n\t\t\t\t\n<style>\n#col-924363656 > .col-inner {\n  padding: 0px 40px 0px 0px;\n}\n<\/style>\n\t<\/div>\n\n\t\n\n\t<div id=\"col-1590680731\" class=\"col medium-11 small-10 large-11\"  >\n\t\t\t\t<div class=\"col-inner\"  >\n\t\t\t\n\t\t\t\n<h2><span style=\"font-size: 130%\" data-text-color=\"alert\">Trovare nuove soluzioni tecniche<\/span><\/h2>\n<p>Fermentis ha sempre investito molto nelle sue risorse industriali. Lavorare secondo standard professionali e rispettare i pi\u00f9 alti standard di qualit\u00e0, sicurezza e igiene sono fondamentali per la nostra attivit\u00e0. Questa competenza industriale e la conoscenza specialistica della materia prima ci permettono oggi di produrre le quantit\u00e0 necessarie, di rispondere a richieste specifiche o addirittura di testare in condizioni &quot;reali&quot; le soluzioni proposte dai nostri team di ricerca e sviluppo&#8230; e non ci fermiamo qui! Inoltre, negli ultimi due anni Fermentis ha lanciato sul mercato diverse innovazioni tecniche. Il primo derivato liquido del lievito, un attivatore di fermentazione (ViniLiquid\u2122); un prodotto di chiarificazione (Spring&#039;Finer\u2122) e una soluzione per la rifermentazione della birra in bottiglia (SafAle\u2122 F2). Questi progressi fanno la differenza, quindi continuiamo a fare ricerca e investimenti con l&#039;aiuto della nostra casa madre, della sua divisione di ricerca e anche dei nostri partner.<\/p>\n\t\t<\/div>\n\t\t\t\t\t<\/div>\n\n\t\n<\/div>\n<div class=\"row align-center\"  id=\"row-1083287340\">\n\n\t<div id=\"col-2137858282\" class=\"col medium-1 small-10 large-1\"  >\n\t\t\t\t<div class=\"col-inner\"  >\n\t\t\t\n\t\t\t\n<h2><span style=\"font-size: 130%\" data-text-color=\"alert\">3.<\/span><\/h2>\n\t\t<\/div>\n\t\t\t\t\n<style>\n#col-2137858282 > .col-inner {\n  padding: 0px 40px 0px 0px;\n}\n<\/style>\n\t<\/div>\n\n\t\n\n\t<div id=\"col-1784287292\" class=\"col medium-11 small-10 large-11\"  >\n\t\t\t\t<div class=\"col-inner\"  >\n\t\t\t\n\t\t\t\n<h2><span style=\"font-size: 130%\" data-text-color=\"alert\">Semplificare la vita ai nostri clienti<\/span><\/h2>\n<p>Questa sfida si colloca all&#039;incrocio delle prime due. I nostri clienti hanno molto da fare. Dobbiamo liberarli dai compiti meno creativi e ridurre i tempi morti. Hanno bisogno di concentrarsi sulla loro creativit\u00e0, sul loro core business, sulle loro relazioni con i clienti&#8230; Questa convinzione, questo desiderio ci ha portato a creare una gamma specifica di prodotti, parte del concetto <a class=\"anchor\" href=\"https:\/\/fermentis.com\/it\/easy-2-use\/\"><u>E2U\u2122<\/u><\/a><strong> <\/strong>.<\/p>\n\t\t<\/div>\n\t\t\t\t\t<\/div>\n\n\t\n<\/div>\n<div class=\"row align-center\"  id=\"row-949838757\">\n\n\t<div id=\"col-566085672\" class=\"col medium-1 small-10 large-1\"  >\n\t\t\t\t<div class=\"col-inner\"  >\n\t\t\t\n\t\t\t\n<h2><span style=\"font-size: 130%\" data-text-color=\"alert\">4.<\/span><\/h2>\n\t\t<\/div>\n\t\t\t\t\n<style>\n#col-566085672 > .col-inner {\n  padding: 0px 40px 0px 0px;\n}\n<\/style>\n\t<\/div>\n\n\t\n\n\t<div id=\"col-919495237\" class=\"col medium-11 small-10 large-11\"  >\n\t\t\t\t<div class=\"col-inner\"  >\n\t\t\t\n\t\t\t\n<h2><span style=\"font-size: 130%\" data-text-color=\"alert\">Sostenere gli imprenditori<\/span><\/h2>\n<p>Nel mondo delle bevande fermentate stanno accadendo grandi cose.<br \/>\nVediamo giovani designer, piccole distillerie, birrifici artigianali, nuove aziende vinicole&#8230; Ci sono rischi, c&#039;\u00e8 audacia e alcune meravigliose sorprese. E come in ogni tipo di impresa creativa, ci sono anche le delusioni.<br \/>\nSi tratta di un modello virtuoso, anche per i maggiori operatori del mercato che sono spinti a essere ancora pi\u00f9 inventivi. Per questo vogliamo sostenere gli sforzi di chi ci prova, forse perch\u00e9 condividiamo questo gusto per l&#039;innovazione e l&#039;iniziativa.<\/p>\n\t\t<\/div>\n\t\t\t\t\t<\/div>\n\n\t\n<\/div>\n<div class=\"row align-center\"  id=\"row-1428522138\">\n\n\t<div id=\"col-1557875815\" class=\"col medium-1 small-10 large-1\"  >\n\t\t\t\t<div class=\"col-inner\"  >\n\t\t\t\n\t\t\t\n<h2><span style=\"font-size: 130%\" data-text-color=\"alert\">5.<\/span><\/h2>\n\t\t<\/div>\n\t\t\t\t\n<style>\n#col-1557875815 > .col-inner {\n  padding: 0px 40px 0px 0px;\n}\n<\/style>\n\t<\/div>\n\n\t\n\n\t<div id=\"col-1967380330\" class=\"col medium-11 small-10 large-11\"  >\n\t\t\t\t<div class=\"col-inner\"  >\n\t\t\t\n\t\t\t\n<h2><span style=\"font-size: 130%\" data-text-color=\"alert\">Relazione di fiducia<\/span><\/h2>\n<p>Nel nostro settore, il tempo, l&#039;esperienza e la competenza costruiscono prodotti, marchi e fedelt\u00e0 al marchio. Onest\u00e0, generosit\u00e0, lealt\u00e0 e fiducia sono valori fondamentali. La fiducia tra di noi, la fiducia nel nostro prodotto, la fiducia dei nostri clienti&#8230; Come possiamo operare senza fiducia quando la nostra quotidianit\u00e0 comporta incontri, discussioni e piaceri condivisi?<\/p>\n\t\t<\/div>\n\t\t\t\t\t<\/div>\n\n\t\n<\/div>\n\t\t<\/div>\n\n\t\t\n<style>\n#section_2117062911 {\n  padding-top: 20px;\n  padding-bottom: 20px;\n}\n<\/style>\n\t<\/section>\n\t\n\t<div id=\"gap-837628889\" class=\"gap-element clearfix\" style=\"display:block; height:auto;\">\n\t\t\n<style>\n#gap-837628889 {\n  padding-top: &quot;40px&quot;;\n}\n<\/style>\n\t<\/div>\n\t\n<h2 style=\"text-align: center\"><span style=\"font-size: 180%;color: #ef7500\">Facciamo due chiacchiere<\/span><\/h2>\n<div class=\"wpb_text_column wpb_content_element \">\n<div class=\"wpb_wrapper\">\n<p style=\"text-align: center\"><strong>Volete saperne di pi\u00f9 sui nostri prodotti e servizi?<\/strong><\/p>\n<\/div>\n<\/div>\n<div class=\"row\"  id=\"row-1750531811\">\n\n\t<div id=\"col-318875092\" class=\"col small-12 large-12\"  >\n\t\t\t\t<div class=\"col-inner text-center\"  >\n\t\t\t\n\t\t\t\n<a href=\"https:\/\/fermentis.com\/it\/contact\/\" target=\"_blank\" class=\"button primary box-shadow-1 box-shadow-2-hover\" rel=\"noopener\" >\n\t<i class=\"icon-envelop\" aria-hidden=\"true\"><\/i>\t<span>CONTATTATECI<\/span>\n\t<\/a>\n\n\t\t<\/div>\n\t\t\t\t\t<\/div>\n\n\t\n<\/div>\n","protected":false},"excerpt":{"rendered":"<p>Facciamo due chiacchiere Volete saperne di pi\u00f9 sui nostri prodotti e servizi?<\/p>\n","protected":false},"author":2,"featured_media":0,"parent":43415,"menu_order":0,"comment_status":"closed","ping_status":"closed","template":"page-blank.php","meta":{"_acf_changed":false,"footnotes":""},"class_list":["post-43581","page","type-page","status-publish","hentry"],"acf":[],"yoast_head":"<!-- This site is optimized with the Yoast SEO Premium plugin v27.3 (Yoast SEO v27.3) - https:\/\/yoast.com\/product\/yoast-seo-premium-wordpress\/ -->\n<title>Sostenere la creativit\u00e0 - Fermentis<\/title>\n<meta name=\"description\" content=\"La nostra priorit\u00e0 \u00e8 sostenere la vostra creativit\u00e0 aiutandovi a esprimere la vostra inventiva e creativit\u00e0. Divertitevi con i lieviti per dare carattere ai vostri prodotti!\" \/>\n<meta name=\"robots\" content=\"index, follow, max-snippet:-1, max-image-preview:large, max-video-preview:-1\" \/>\n<link rel=\"canonical\" href=\"https:\/\/fermentis.com\/it\/our-company\/supporting-creativity\/\" \/>\n<meta property=\"og:locale\" content=\"it_IT\" \/>\n<meta property=\"og:type\" content=\"article\" \/>\n<meta property=\"og:title\" content=\"Sostenere la creativit\u00e0\" \/>\n<meta property=\"og:description\" content=\"La nostra priorit\u00e0 \u00e8 sostenere la vostra creativit\u00e0 aiutandovi a esprimere la vostra inventiva e creativit\u00e0. Divertitevi con i lieviti per dare carattere ai vostri prodotti!\" \/>\n<meta property=\"og:url\" content=\"https:\/\/fermentis.com\/it\/our-company\/supporting-creativity\/\" \/>\n<meta property=\"og:site_name\" content=\"Fermentis\" \/>\n<meta property=\"article:publisher\" content=\"https:\/\/www.facebook.com\/Fermentis\" \/>\n<meta property=\"article:modified_time\" content=\"2026-03-28T14:08:27+00:00\" \/>\n<meta property=\"og:image\" content=\"https:\/\/fermentis.com\/wp-content\/uploads\/2021\/07\/website-v2.png\" \/>\n\t<meta property=\"og:image:width\" content=\"1903\" \/>\n\t<meta property=\"og:image:height\" content=\"901\" \/>\n\t<meta property=\"og:image:type\" content=\"image\/png\" \/>\n<meta name=\"twitter:card\" content=\"summary_large_image\" \/>\n<meta name=\"twitter:site\" content=\"@fermentis\" \/>\n<meta name=\"twitter:label1\" content=\"Tempo di lettura stimato\" \/>\n\t<meta name=\"twitter:data1\" content=\"4 minuti\" \/>\n<script type=\"application\/ld+json\" class=\"yoast-schema-graph\">{\"@context\":\"https:\\\/\\\/schema.org\",\"@graph\":[{\"@type\":\"WebPage\",\"@id\":\"https:\\\/\\\/fermentis.com\\\/it\\\/our-company\\\/supporting-creativity\\\/\",\"url\":\"https:\\\/\\\/fermentis.com\\\/it\\\/our-company\\\/supporting-creativity\\\/\",\"name\":\"Sostenere la creativit\u00e0 - Fermentis\",\"isPartOf\":{\"@id\":\"https:\\\/\\\/fermentis.com\\\/it\\\/#website\"},\"datePublished\":\"2020-02-17T23:00:00+00:00\",\"dateModified\":\"2026-03-28T14:08:27+00:00\",\"description\":\"La nostra priorit\u00e0 \u00e8 sostenere la vostra creativit\u00e0 aiutandovi a esprimere la vostra inventiva e creativit\u00e0. Divertitevi con i lieviti per dare carattere ai vostri prodotti!\",\"breadcrumb\":{\"@id\":\"https:\\\/\\\/fermentis.com\\\/it\\\/our-company\\\/supporting-creativity\\\/#breadcrumb\"},\"inLanguage\":\"it-IT\",\"potentialAction\":[{\"@type\":\"ReadAction\",\"target\":[\"https:\\\/\\\/fermentis.com\\\/it\\\/our-company\\\/supporting-creativity\\\/\"]}]},{\"@type\":\"BreadcrumbList\",\"@id\":\"https:\\\/\\\/fermentis.com\\\/it\\\/our-company\\\/supporting-creativity\\\/#breadcrumb\",\"itemListElement\":[{\"@type\":\"ListItem\",\"position\":1,\"name\":\"Home\",\"item\":\"https:\\\/\\\/fermentis.com\\\/it\\\/\"},{\"@type\":\"ListItem\",\"position\":2,\"name\":\"La nostra azienda\",\"item\":\"https:\\\/\\\/fermentis.com\\\/it\\\/our-company\\\/\"},{\"@type\":\"ListItem\",\"position\":3,\"name\":\"Sostenere la creativit\u00e0\"}]},{\"@type\":\"WebSite\",\"@id\":\"https:\\\/\\\/fermentis.com\\\/it\\\/#website\",\"url\":\"https:\\\/\\\/fermentis.com\\\/it\\\/\",\"name\":\"Fermentis\",\"description\":\"Un site utilisant WordPress\",\"publisher\":{\"@id\":\"https:\\\/\\\/fermentis.com\\\/it\\\/#organization\"},\"potentialAction\":[{\"@type\":\"SearchAction\",\"target\":{\"@type\":\"EntryPoint\",\"urlTemplate\":\"https:\\\/\\\/fermentis.com\\\/it\\\/?s={search_term_string}\"},\"query-input\":{\"@type\":\"PropertyValueSpecification\",\"valueRequired\":true,\"valueName\":\"search_term_string\"}}],\"inLanguage\":\"it-IT\"},{\"@type\":\"Organization\",\"@id\":\"https:\\\/\\\/fermentis.com\\\/it\\\/#organization\",\"name\":\"Fermentis\",\"url\":\"https:\\\/\\\/fermentis.com\\\/it\\\/\",\"logo\":{\"@type\":\"ImageObject\",\"inLanguage\":\"it-IT\",\"@id\":\"https:\\\/\\\/fermentis.com\\\/it\\\/#\\\/schema\\\/logo\\\/image\\\/\",\"url\":\"https:\\\/\\\/fermentis.com\\\/wp-content\\\/uploads\\\/2021\\\/07\\\/Logo-Fermentis-5.png\",\"contentUrl\":\"https:\\\/\\\/fermentis.com\\\/wp-content\\\/uploads\\\/2021\\\/07\\\/Logo-Fermentis-5.png\",\"width\":308,\"height\":95,\"caption\":\"Fermentis\"},\"image\":{\"@id\":\"https:\\\/\\\/fermentis.com\\\/it\\\/#\\\/schema\\\/logo\\\/image\\\/\"},\"sameAs\":[\"https:\\\/\\\/www.facebook.com\\\/Fermentis\",\"https:\\\/\\\/x.com\\\/fermentis\",\"https:\\\/\\\/www.instagram.com\\\/fermentisbylesaffre\\\/\",\"https:\\\/\\\/www.linkedin.com\\\/company\\\/fermentis\\\/\",\"https:\\\/\\\/www.youtube.com\\\/channel\\\/UCt_Lp3IZnUNXZeqSi6iiAdA\"]}]}<\/script>\n<!-- \/ Yoast SEO Premium plugin. -->","yoast_head_json":{"title":"Sostenere la creativit\u00e0 - Fermentis","description":"La nostra priorit\u00e0 \u00e8 sostenere la vostra creativit\u00e0 aiutandovi a esprimere la vostra inventiva e creativit\u00e0. Divertitevi con i lieviti per dare carattere ai vostri prodotti!","robots":{"index":"index","follow":"follow","max-snippet":"max-snippet:-1","max-image-preview":"max-image-preview:large","max-video-preview":"max-video-preview:-1"},"canonical":"https:\/\/fermentis.com\/it\/our-company\/supporting-creativity\/","og_locale":"it_IT","og_type":"article","og_title":"Sostenere la creativit\u00e0","og_description":"La nostra priorit\u00e0 \u00e8 sostenere la vostra creativit\u00e0 aiutandovi a esprimere la vostra inventiva e creativit\u00e0. Divertitevi con i lieviti per dare carattere ai vostri prodotti!","og_url":"https:\/\/fermentis.com\/it\/our-company\/supporting-creativity\/","og_site_name":"Fermentis","article_publisher":"https:\/\/www.facebook.com\/Fermentis","article_modified_time":"2026-03-28T14:08:27+00:00","og_image":[{"width":1903,"height":901,"url":"https:\/\/fermentis.com\/wp-content\/uploads\/2021\/07\/website-v2.png","type":"image\/png"}],"twitter_card":"summary_large_image","twitter_site":"@fermentis","twitter_misc":{"Tempo di lettura stimato":"4 minuti"},"schema":{"@context":"https:\/\/schema.org","@graph":[{"@type":"WebPage","@id":"https:\/\/fermentis.com\/it\/our-company\/supporting-creativity\/","url":"https:\/\/fermentis.com\/it\/our-company\/supporting-creativity\/","name":"Sostenere la creativit\u00e0 - Fermentis","isPartOf":{"@id":"https:\/\/fermentis.com\/it\/#website"},"datePublished":"2020-02-17T23:00:00+00:00","dateModified":"2026-03-28T14:08:27+00:00","description":"La nostra priorit\u00e0 \u00e8 sostenere la vostra creativit\u00e0 aiutandovi a esprimere la vostra inventiva e creativit\u00e0. Divertitevi con i lieviti per dare carattere ai vostri prodotti!","breadcrumb":{"@id":"https:\/\/fermentis.com\/it\/our-company\/supporting-creativity\/#breadcrumb"},"inLanguage":"it-IT","potentialAction":[{"@type":"ReadAction","target":["https:\/\/fermentis.com\/it\/our-company\/supporting-creativity\/"]}]},{"@type":"BreadcrumbList","@id":"https:\/\/fermentis.com\/it\/our-company\/supporting-creativity\/#breadcrumb","itemListElement":[{"@type":"ListItem","position":1,"name":"Home","item":"https:\/\/fermentis.com\/it\/"},{"@type":"ListItem","position":2,"name":"La nostra azienda","item":"https:\/\/fermentis.com\/it\/our-company\/"},{"@type":"ListItem","position":3,"name":"Sostenere la creativit\u00e0"}]},{"@type":"WebSite","@id":"https:\/\/fermentis.com\/it\/#website","url":"https:\/\/fermentis.com\/it\/","name":"Fermentis","description":"Un site utilisant WordPress","publisher":{"@id":"https:\/\/fermentis.com\/it\/#organization"},"potentialAction":[{"@type":"SearchAction","target":{"@type":"EntryPoint","urlTemplate":"https:\/\/fermentis.com\/it\/?s={search_term_string}"},"query-input":{"@type":"PropertyValueSpecification","valueRequired":true,"valueName":"search_term_string"}}],"inLanguage":"it-IT"},{"@type":"Organization","@id":"https:\/\/fermentis.com\/it\/#organization","name":"Fermentis","url":"https:\/\/fermentis.com\/it\/","logo":{"@type":"ImageObject","inLanguage":"it-IT","@id":"https:\/\/fermentis.com\/it\/#\/schema\/logo\/image\/","url":"https:\/\/fermentis.com\/wp-content\/uploads\/2021\/07\/Logo-Fermentis-5.png","contentUrl":"https:\/\/fermentis.com\/wp-content\/uploads\/2021\/07\/Logo-Fermentis-5.png","width":308,"height":95,"caption":"Fermentis"},"image":{"@id":"https:\/\/fermentis.com\/it\/#\/schema\/logo\/image\/"},"sameAs":["https:\/\/www.facebook.com\/Fermentis","https:\/\/x.com\/fermentis","https:\/\/www.instagram.com\/fermentisbylesaffre\/","https:\/\/www.linkedin.com\/company\/fermentis\/","https:\/\/www.youtube.com\/channel\/UCt_Lp3IZnUNXZeqSi6iiAdA"]}]}},"_links":{"self":[{"href":"https:\/\/fermentis.com\/it\/wp-json\/wp\/v2\/pages\/43581","targetHints":{"allow":["GET"]}}],"collection":[{"href":"https:\/\/fermentis.com\/it\/wp-json\/wp\/v2\/pages"}],"about":[{"href":"https:\/\/fermentis.com\/it\/wp-json\/wp\/v2\/types\/page"}],"author":[{"embeddable":true,"href":"https:\/\/fermentis.com\/it\/wp-json\/wp\/v2\/users\/2"}],"replies":[{"embeddable":true,"href":"https:\/\/fermentis.com\/it\/wp-json\/wp\/v2\/comments?post=43581"}],"version-history":[{"count":3041,"href":"https:\/\/fermentis.com\/it\/wp-json\/wp\/v2\/pages\/43581\/revisions"}],"predecessor-version":[{"id":710005,"href":"https:\/\/fermentis.com\/it\/wp-json\/wp\/v2\/pages\/43581\/revisions\/710005"}],"up":[{"embeddable":true,"href":"https:\/\/fermentis.com\/it\/wp-json\/wp\/v2\/pages\/43415"}],"wp:attachment":[{"href":"https:\/\/fermentis.com\/it\/wp-json\/wp\/v2\/media?parent=43581"}],"curies":[{"name":"wp","href":"https:\/\/api.w.org\/{rel}","templated":true}]}}