{"id":43598,"date":"2022-03-14T17:36:50","date_gmt":"2022-03-14T16:36:50","guid":{"rendered":"https:\/\/fermentis.com\/refund_returns\/"},"modified":"2025-03-03T10:02:41","modified_gmt":"2025-03-03T09:02:41","slug":"refund_returns","status":"publish","type":"page","link":"https:\/\/fermentis.com\/it\/refund_returns\/","title":{"rendered":"Politica di rimborso e restituzione"},"content":{"rendered":"\n<p><b>Questa \u00e8 una pagina campione.<\/b><\/p>\n\n<h3>Overview<\/h3>\n\n<p>La nostra politica di rimborso e restituzione ha validit\u00e0 di 30 giorni. Se sono trascorsi 30 giorni dall&#8217;acquisto, non possiamo offrire un rimborso completo o un cambio.<\/p>\n\n<p>Per poter effettuare un reso, l&#8217;articolo deve essere inutilizzato e nelle stesse condizioni in cui \u00e8 stato ricevuto. Deve inoltre essere restituito nella sua confezione originale.<\/p>\n\n<p>Per diversi tipi di merci la restituzione non \u00e8 prevista. Non \u00e8 possibile restituire beni deperibili come alimenti, fiori, giornali o riviste. Non accettiamo inoltre prodotti intimi o sanitari, materiali pericolosi, liquidi o gas infiammabili.<\/p>\n\n<p>Ulteriori articoli non restituibili:<\/p>\n\n<ul class=\"wp-block-list\">\n<li>Carte regalo<\/li>\n<li>Prodotti software scaricabili<\/li>\n<li>Alcuni articoli per la salute e la cura della persona<\/li>\n<\/ul>\n\n<p>Per finalizzare il reso, \u00e8 necessaria una ricevuta o una prova d&#8217;acquisto.<\/p>\n\n<p>Siete pregati di non rispedire l&#8217;acquisto al produttore.<\/p>\n\n<p>In alcune situazioni vengono concessi solo rimborsi parziali:<\/p>\n\n<ul class=\"wp-block-list\">\n<li>Libri con evidenti segni d&#8217;uso<\/li>\n<li>CD, DVD, cassette VHS, software, videogiochi, cassette o dischi in vinile che sono stati aperti.<\/li>\n<li>Qualsiasi articolo non in condizioni originali, danneggiato o mancante di parti per motivi non dovuti a un nostro errore.<\/li>\n<li>Qualsiasi articolo restituito dopo pi\u00f9 di 30 giorni dalla consegna.<\/li>\n<\/ul>\n\n<h2>Refunds<\/h2>\n\n<p>Una volta ricevuto e ispezionato il vostro reso, vi invieremo un&#8217;e-mail per notificarvi di aver ricevuto l&#8217;articolo restituito. Vi comunicheremo inoltre se il rimborso \u00e8 stato approvato o rifiutato.<\/p>\n\n<p>Se il rimborso viene approvato, verr\u00e0 elaborato e un importo verr\u00e0 automaticamente accreditato sulla carta di credito o tramite il metodo di pagamento originale entro un certo numero di giorni.<\/p>\n\n<b>Late or missing refunds<\/b>\n\n<p>Se non avete ancora ricevuto il rimborso, controllate di nuovo il vostro conto bancario.<\/p>\n\n<p>Contattate quindi la societ\u00e0 che gestisce la vostra carta di credito: potrebbe volerci un po&#8217; di tempo prima che il rimborso venga ufficialmente inviato.<\/p>\n\n<p>Contattate quindi la vostra banca. Spesso ci sono dei tempi di elaborazione prima che il rimborso venga inviato.<\/p>\n\n<p>Se avete fatto tutto questo e non avete ancora ricevuto il vostro rimborso, contattateci all&#8217;indirizzo {email address}.<\/p>\n\n<b>Sale items<\/b>\n\n<p>Possono essere rimborsati solo gli articoli a prezzo pieno. Gli articoli in saldo non possono essere rimborsati.<\/p>\n\n<h2>Exchanges<\/h2>\n\n<p>Sostituiamo gli articoli solo se sono difettosi o danneggiati. Se avete bisogno di effettuare una sostituzione con lo stesso articolo, inviateci un&#8217;e-mail all&#8217;indirizzo {email address} e spedite l&#8217;articolo a: {physical address}.<\/p>\n\n<h2>Gifts<\/h2>\n\n<p>Se l&#8217;articolo \u00e8 stato contrassegnato come regalo al momento dell&#8217;acquisto e spedito direttamente a voi, riceverete un credito per il valore del vostro reso. Una volta ricevuto l&#8217;articolo restituito, vi verr\u00e0 spedito un buono regalo.<\/p>\n\n<p>Se l&#8217;articolo non \u00e8 stato contrassegnato come regalo al momento dell&#8217;acquisto, o se chi ha fatto il regalo si \u00e8 fatto spedire l&#8217;ordine per consegnarlo in seguito, invieremo un rimborso a chi ha fatto il regalo e verr\u00e0 a conoscenza del vostro reso.<\/p>\n\n<h2>Shipping returns<\/h2>\n\n<p>Per restituire il prodotto, \u00e8 necessario spedirlo a: {physical address}.<\/p>\n\n<p>Le spese di spedizione per la restituzione dell&#8217;articolo sono a carico del cliente. Le spese di spedizione non sono rimborsabili. Se ricevete un rimborso, il costo della spedizione del reso sar\u00e0 detratto dal rimborso.<\/p>\n\n<p>A seconda del luogo di residenza, i tempi di consegna del prodotto scambiato possono variare.<\/p>\n\n<p>Se restituite articoli pi\u00f9 costosi, potete prendere in considerazione l&#8217;utilizzo di un servizio di spedizione tracciabile o l&#8217;acquisto di un&#8217;assicurazione sulla spedizione. Non garantiamo di ricevere l&#8217;articolo restituito.<\/p>\n\n<h2>Need help?<\/h2>\n\n<p>Contattateci all&#8217;indirizzo {email} per domande relative a rimborsi e restituzioni.<\/p>\n","protected":false},"excerpt":{"rendered":"<p>Questa \u00e8 una pagina campione. Overview La nostra politica di rimborso e restituzione ha validit\u00e0 di 30 giorni. Se sono trascorsi 30 giorni dall&#8217;acquisto, non possiamo offrire un rimborso completo o un cambio. Per poter effettuare un reso, l&#8217;articolo deve essere inutilizzato e nelle stesse condizioni in cui \u00e8 stato ricevuto. Deve inoltre essere restituito&#8230;<\/p>\n","protected":false},"author":1,"featured_media":0,"parent":0,"menu_order":0,"comment_status":"closed","ping_status":"closed","template":"","meta":{"_acf_changed":false,"footnotes":""},"class_list":["post-43598","page","type-page","status-publish","hentry"],"acf":[],"yoast_head":"<!-- This site is optimized with the Yoast SEO Premium plugin v27.3 (Yoast SEO v27.3) - https:\/\/yoast.com\/product\/yoast-seo-premium-wordpress\/ -->\n<title>Politica di rimborso e restituzione - Fermentis<\/title>\n<meta name=\"robots\" content=\"index, follow, max-snippet:-1, max-image-preview:large, max-video-preview:-1\" \/>\n<link rel=\"canonical\" href=\"https:\/\/fermentis.com\/it\/refund_returns\/\" \/>\n<meta property=\"og:locale\" content=\"it_IT\" \/>\n<meta property=\"og:type\" content=\"article\" \/>\n<meta property=\"og:title\" content=\"Politica di rimborso e restituzione\" \/>\n<meta property=\"og:description\" content=\"Questa \u00e8 una pagina campione. Overview La nostra politica di rimborso e restituzione ha validit\u00e0 di 30 giorni. Se sono trascorsi 30 giorni dall&#8217;acquisto, non possiamo offrire un rimborso completo o un cambio. Per poter effettuare un reso, l&#8217;articolo deve essere inutilizzato e nelle stesse condizioni in cui \u00e8 stato ricevuto. Deve inoltre essere restituito...\" \/>\n<meta property=\"og:url\" content=\"https:\/\/fermentis.com\/it\/refund_returns\/\" \/>\n<meta property=\"og:site_name\" content=\"Fermentis\" \/>\n<meta property=\"article:publisher\" content=\"https:\/\/www.facebook.com\/Fermentis\" \/>\n<meta property=\"article:modified_time\" content=\"2025-03-03T09:02:41+00:00\" \/>\n<meta property=\"og:image\" content=\"https:\/\/fermentis.com\/wp-content\/uploads\/2021\/07\/website-v2.png\" \/>\n\t<meta property=\"og:image:width\" content=\"1903\" \/>\n\t<meta property=\"og:image:height\" content=\"901\" \/>\n\t<meta property=\"og:image:type\" content=\"image\/png\" \/>\n<meta name=\"twitter:card\" content=\"summary_large_image\" \/>\n<meta name=\"twitter:site\" content=\"@fermentis\" \/>\n<meta name=\"twitter:label1\" content=\"Tempo di lettura stimato\" \/>\n\t<meta name=\"twitter:data1\" content=\"3 minuti\" \/>\n<script type=\"application\/ld+json\" class=\"yoast-schema-graph\">{\"@context\":\"https:\\\/\\\/schema.org\",\"@graph\":[{\"@type\":\"WebPage\",\"@id\":\"https:\\\/\\\/fermentis.com\\\/it\\\/refund_returns\\\/\",\"url\":\"https:\\\/\\\/fermentis.com\\\/it\\\/refund_returns\\\/\",\"name\":\"Politica di rimborso e restituzione - Fermentis\",\"isPartOf\":{\"@id\":\"https:\\\/\\\/fermentis.com\\\/it\\\/#website\"},\"datePublished\":\"2022-03-14T16:36:50+00:00\",\"dateModified\":\"2025-03-03T09:02:41+00:00\",\"breadcrumb\":{\"@id\":\"https:\\\/\\\/fermentis.com\\\/it\\\/refund_returns\\\/#breadcrumb\"},\"inLanguage\":\"it-IT\",\"potentialAction\":[{\"@type\":\"ReadAction\",\"target\":[\"https:\\\/\\\/fermentis.com\\\/it\\\/refund_returns\\\/\"]}]},{\"@type\":\"BreadcrumbList\",\"@id\":\"https:\\\/\\\/fermentis.com\\\/it\\\/refund_returns\\\/#breadcrumb\",\"itemListElement\":[{\"@type\":\"ListItem\",\"position\":1,\"name\":\"Home\",\"item\":\"https:\\\/\\\/fermentis.com\\\/it\\\/\"},{\"@type\":\"ListItem\",\"position\":2,\"name\":\"Politica di rimborso e restituzione\"}]},{\"@type\":\"WebSite\",\"@id\":\"https:\\\/\\\/fermentis.com\\\/it\\\/#website\",\"url\":\"https:\\\/\\\/fermentis.com\\\/it\\\/\",\"name\":\"Fermentis\",\"description\":\"Un site utilisant WordPress\",\"publisher\":{\"@id\":\"https:\\\/\\\/fermentis.com\\\/it\\\/#organization\"},\"potentialAction\":[{\"@type\":\"SearchAction\",\"target\":{\"@type\":\"EntryPoint\",\"urlTemplate\":\"https:\\\/\\\/fermentis.com\\\/it\\\/?s={search_term_string}\"},\"query-input\":{\"@type\":\"PropertyValueSpecification\",\"valueRequired\":true,\"valueName\":\"search_term_string\"}}],\"inLanguage\":\"it-IT\"},{\"@type\":\"Organization\",\"@id\":\"https:\\\/\\\/fermentis.com\\\/it\\\/#organization\",\"name\":\"Fermentis\",\"url\":\"https:\\\/\\\/fermentis.com\\\/it\\\/\",\"logo\":{\"@type\":\"ImageObject\",\"inLanguage\":\"it-IT\",\"@id\":\"https:\\\/\\\/fermentis.com\\\/it\\\/#\\\/schema\\\/logo\\\/image\\\/\",\"url\":\"https:\\\/\\\/fermentis.com\\\/wp-content\\\/uploads\\\/2021\\\/07\\\/Logo-Fermentis-5.png\",\"contentUrl\":\"https:\\\/\\\/fermentis.com\\\/wp-content\\\/uploads\\\/2021\\\/07\\\/Logo-Fermentis-5.png\",\"width\":308,\"height\":95,\"caption\":\"Fermentis\"},\"image\":{\"@id\":\"https:\\\/\\\/fermentis.com\\\/it\\\/#\\\/schema\\\/logo\\\/image\\\/\"},\"sameAs\":[\"https:\\\/\\\/www.facebook.com\\\/Fermentis\",\"https:\\\/\\\/x.com\\\/fermentis\",\"https:\\\/\\\/www.instagram.com\\\/fermentisbylesaffre\\\/\",\"https:\\\/\\\/www.linkedin.com\\\/company\\\/fermentis\\\/\",\"https:\\\/\\\/www.youtube.com\\\/channel\\\/UCt_Lp3IZnUNXZeqSi6iiAdA\"]}]}<\/script>\n<!-- \/ Yoast SEO Premium plugin. -->","yoast_head_json":{"title":"Politica di rimborso e restituzione - Fermentis","robots":{"index":"index","follow":"follow","max-snippet":"max-snippet:-1","max-image-preview":"max-image-preview:large","max-video-preview":"max-video-preview:-1"},"canonical":"https:\/\/fermentis.com\/it\/refund_returns\/","og_locale":"it_IT","og_type":"article","og_title":"Politica di rimborso e restituzione","og_description":"Questa \u00e8 una pagina campione. Overview La nostra politica di rimborso e restituzione ha validit\u00e0 di 30 giorni. Se sono trascorsi 30 giorni dall&#8217;acquisto, non possiamo offrire un rimborso completo o un cambio. Per poter effettuare un reso, l&#8217;articolo deve essere inutilizzato e nelle stesse condizioni in cui \u00e8 stato ricevuto. Deve inoltre essere restituito...","og_url":"https:\/\/fermentis.com\/it\/refund_returns\/","og_site_name":"Fermentis","article_publisher":"https:\/\/www.facebook.com\/Fermentis","article_modified_time":"2025-03-03T09:02:41+00:00","og_image":[{"width":1903,"height":901,"url":"https:\/\/fermentis.com\/wp-content\/uploads\/2021\/07\/website-v2.png","type":"image\/png"}],"twitter_card":"summary_large_image","twitter_site":"@fermentis","twitter_misc":{"Tempo di lettura stimato":"3 minuti"},"schema":{"@context":"https:\/\/schema.org","@graph":[{"@type":"WebPage","@id":"https:\/\/fermentis.com\/it\/refund_returns\/","url":"https:\/\/fermentis.com\/it\/refund_returns\/","name":"Politica di rimborso e restituzione - Fermentis","isPartOf":{"@id":"https:\/\/fermentis.com\/it\/#website"},"datePublished":"2022-03-14T16:36:50+00:00","dateModified":"2025-03-03T09:02:41+00:00","breadcrumb":{"@id":"https:\/\/fermentis.com\/it\/refund_returns\/#breadcrumb"},"inLanguage":"it-IT","potentialAction":[{"@type":"ReadAction","target":["https:\/\/fermentis.com\/it\/refund_returns\/"]}]},{"@type":"BreadcrumbList","@id":"https:\/\/fermentis.com\/it\/refund_returns\/#breadcrumb","itemListElement":[{"@type":"ListItem","position":1,"name":"Home","item":"https:\/\/fermentis.com\/it\/"},{"@type":"ListItem","position":2,"name":"Politica di rimborso e restituzione"}]},{"@type":"WebSite","@id":"https:\/\/fermentis.com\/it\/#website","url":"https:\/\/fermentis.com\/it\/","name":"Fermentis","description":"Un site utilisant WordPress","publisher":{"@id":"https:\/\/fermentis.com\/it\/#organization"},"potentialAction":[{"@type":"SearchAction","target":{"@type":"EntryPoint","urlTemplate":"https:\/\/fermentis.com\/it\/?s={search_term_string}"},"query-input":{"@type":"PropertyValueSpecification","valueRequired":true,"valueName":"search_term_string"}}],"inLanguage":"it-IT"},{"@type":"Organization","@id":"https:\/\/fermentis.com\/it\/#organization","name":"Fermentis","url":"https:\/\/fermentis.com\/it\/","logo":{"@type":"ImageObject","inLanguage":"it-IT","@id":"https:\/\/fermentis.com\/it\/#\/schema\/logo\/image\/","url":"https:\/\/fermentis.com\/wp-content\/uploads\/2021\/07\/Logo-Fermentis-5.png","contentUrl":"https:\/\/fermentis.com\/wp-content\/uploads\/2021\/07\/Logo-Fermentis-5.png","width":308,"height":95,"caption":"Fermentis"},"image":{"@id":"https:\/\/fermentis.com\/it\/#\/schema\/logo\/image\/"},"sameAs":["https:\/\/www.facebook.com\/Fermentis","https:\/\/x.com\/fermentis","https:\/\/www.instagram.com\/fermentisbylesaffre\/","https:\/\/www.linkedin.com\/company\/fermentis\/","https:\/\/www.youtube.com\/channel\/UCt_Lp3IZnUNXZeqSi6iiAdA"]}]}},"_links":{"self":[{"href":"https:\/\/fermentis.com\/it\/wp-json\/wp\/v2\/pages\/43598","targetHints":{"allow":["GET"]}}],"collection":[{"href":"https:\/\/fermentis.com\/it\/wp-json\/wp\/v2\/pages"}],"about":[{"href":"https:\/\/fermentis.com\/it\/wp-json\/wp\/v2\/types\/page"}],"author":[{"embeddable":true,"href":"https:\/\/fermentis.com\/it\/wp-json\/wp\/v2\/users\/1"}],"replies":[{"embeddable":true,"href":"https:\/\/fermentis.com\/it\/wp-json\/wp\/v2\/comments?post=43598"}],"version-history":[{"count":930,"href":"https:\/\/fermentis.com\/it\/wp-json\/wp\/v2\/pages\/43598\/revisions"}],"predecessor-version":[{"id":453649,"href":"https:\/\/fermentis.com\/it\/wp-json\/wp\/v2\/pages\/43598\/revisions\/453649"}],"wp:attachment":[{"href":"https:\/\/fermentis.com\/it\/wp-json\/wp\/v2\/media?parent=43598"}],"curies":[{"name":"wp","href":"https:\/\/api.w.org\/{rel}","templated":true}]}}