{"id":44067,"date":"2020-03-18T00:00:00","date_gmt":"2020-03-17T23:00:00","guid":{"rendered":"https:\/\/fermentis.com\/training\/"},"modified":"2026-02-03T16:01:12","modified_gmt":"2026-02-03T15:01:12","slug":"training","status":"publish","type":"page","link":"https:\/\/fermentis.com\/it\/our-company\/research\/training\/","title":{"rendered":"Formazione"},"content":{"rendered":"\n  <div class=\"banner has-hover has-parallax\" id=\"banner-1951447598\">\n          <div class=\"banner-inner fill\">\n        <div class=\"banner-bg fill\" data-parallax=\"-6\" data-parallax-container=\".banner\" data-parallax-background>\n            <img loading=\"lazy\" decoding=\"async\" width=\"1500\" height=\"674\" src=\"https:\/\/fermentis.com\/wp-content\/uploads\/2020\/02\/fermentis-academy-wellington.jpg\" class=\"bg attachment-original size-original\" alt=\"Where to meet fermentis in the word\" \/>                                    \n                    <\/div>\n\t\t\n        <div class=\"banner-layers container\">\n            <div class=\"fill banner-link\"><\/div>            \n        <\/div>\n      <\/div>\n\n            \n<style>\n#banner-1951447598 {\n  padding-top: 200px;\n}\n#banner-1951447598 .banner-bg img {\n  object-position: 56% 100%;\n}\n<\/style>\n  <\/div>\n\n\n\t<div id=\"gap-883366709\" class=\"gap-element clearfix\" style=\"display:block; height:auto;\">\n\t\t\n<style>\n#gap-883366709 {\n  padding-top: 40px;\n}\n<\/style>\n\t<\/div>\n\t\n\n\t<section class=\"section\" id=\"section_9754957\">\n\t\t<div class=\"section-bg fill\" >\n\t\t\t\t\t\t\t\t\t\n\t\t\t\n\n\t\t<\/div>\n\n\t\t\n\n\t\t<div class=\"section-content relative\">\n\t\t\t\n<div class=\"row row-small align-center\"  id=\"row-600310670\">\n\n\t<div id=\"col-294144672\" class=\"col small-12 large-12\"  >\n\t\t\t\t<div class=\"col-inner\"  >\n\t\t\t\n\t\t\t\n<div class=\"container section-title-container\" ><h1 class=\"section-title section-title-center\"><b aria-hidden=\"true\"><\/b><span class=\"section-title-main\" style=\"font-size:166%;\">Formazione<\/span><b aria-hidden=\"true\"><\/b><\/h1><\/div>\n<h3 style=\"text-align: center\">La ricerca \u00e8 un ottimo modo per imparare sempre di pi\u00f9 sui nostri lieviti e batteri, ma \u00e8 altrettanto importante essere in grado di condividere queste informazioni in modo efficiente. Ecco perch\u00e9 il team di ricerca e sviluppo Fermentis \u00e8 altamente qualificato per offrire formazione ai professionisti delle bevande, ma anche ai nostri team &#8211; vendite, marketing e assistenza.<\/h3>\n\t\t<\/div>\n\t\t\t\t\t<\/div>\n\n\t\n<\/div>\n\t\t<\/div>\n\n\t\t\n<style>\n#section_9754957 {\n  padding-top: 0px;\n  padding-bottom: 0px;\n}\n<\/style>\n\t<\/section>\n\t\n<div class=\"row row-collapse row-full-width\"  id=\"row-2022167978\">\n\n\t<div id=\"col-1324605926\" class=\"col medium-6 small-12 large-6\"  >\n\t\t\t\t<div class=\"col-inner text-center\"  >\n\t\t\t\n\t\t\t\n\n\t<section class=\"section\" id=\"section_1773319967\">\n\t\t<div class=\"section-bg fill\" >\n\t\t\t\t\t\t\t\t\t\n\t\t\t\n\n\t\t<\/div>\n\n\t\t\n\n\t\t<div class=\"section-content relative\">\n\t\t\t\n<div class=\"row align-center\"  id=\"row-966808938\">\n\n\t<div id=\"col-757080420\" class=\"col medium-7 small-9 large-7\"  >\n\t\t\t\t<div class=\"col-inner text-center\"  >\n\t\t\t\n\t\t\t\n\t<div id=\"gap-879529421\" class=\"gap-element clearfix\" style=\"display:block; height:auto;\">\n\t\t\n<style>\n#gap-879529421 {\n  padding-top: 10px;\n}\n<\/style>\n\t<\/div>\n\t\n\n\t\t<div class=\"icon-box featured-box icon-box-center text-center\"  >\n\t\t\t\t\t<div class=\"icon-box-img has-icon-bg\" style=\"width: 60px\">\n\t\t\t\t<div class=\"icon\">\n\t\t\t\t\t<div class=\"icon-inner\" style=\"border-width:2px;color:rgb(239, 117, 0);\">\n\t\t\t\t\t\t<img loading=\"lazy\" decoding=\"async\" width=\"1\" height=\"1\" src=\"https:\/\/fermentis.com\/wp-content\/uploads\/2020\/03\/academy.svg\" class=\"attachment-medium size-medium\" alt=\"\" \/>\t\t\t\t\t<\/div>\n\t\t\t\t<\/div>\n\t\t\t<\/div>\n\t\t\t\t<div class=\"icon-box-text last-reset\">\n\t\t\t\t\t\t\t\t\t\n<br data-source=\"\n\"><\/p>\n<h3>EVENTI E FERMENTIS ACADEMY<\/h3>\n<p><br data-source=\"\n\">Il team di ricerca e sviluppo di Fermentis viene regolarmente chiamato a parlare o a tenere presentazioni nel corso di eventi che si tengono in tutto il mondo. Si tratta di fiere, conferenze o eventi della nostra Fermentis Academy.<br data-source=\"\n\n\">Il nostro team di professionisti fornisce informazioni di prima mano sui nostri prodotti e sui recenti studi che abbiamo condotto.<br data-source=\"\n\n\"><\/p>\n\t\t<\/div>\n\t<\/div>\n\t\n\t\n\t<div id=\"gap-1009937293\" class=\"gap-element clearfix\" style=\"display:block; height:auto;\">\n\t\t\n<style>\n#gap-1009937293 {\n  padding-top: 10px;\n}\n<\/style>\n\t<\/div>\n\t\n<a href=\"https:\/\/fermentis.com\/it\/event-calendar\/\" class=\"button primary is-underline is-smaller\" >\n\t\t<span>per saperne di pi\u00f9<\/span>\n\t<\/a>\n\n\t\t<\/div>\n\t\t\t\t\n<style>\n#col-757080420 > .col-inner {\n  padding: 0px 0px 0px 0px;\n  margin: 0px 0px 0px 0px;\n}\n<\/style>\n\t<\/div>\n\n\t\n<\/div>\n\t\t<\/div>\n\n\t\t\n<style>\n#section_1773319967 {\n  padding-top: 70px;\n  padding-bottom: 70px;\n}\n@media (min-width:550px) {\n  #section_1773319967 {\n    padding-top: 60px;\n    padding-bottom: 60px;\n  }\n}\n<\/style>\n\t<\/section>\n\t\n\t\t<\/div>\n\t\t\t\t\t<\/div>\n\n\t\n\n\t<div id=\"col-607246873\" class=\"col medium-6 small-12 large-6\"  >\n\t\t\t\t<div class=\"col-inner\"  >\n\t\t\t\n\t\t\t\n\n\t<section class=\"section\" id=\"section_1352108879\">\n\t\t<div class=\"section-bg fill\" >\n\t\t\t\t\t\t\t\t\t\n\t\t\t\n\n\t\t<\/div>\n\n\t\t\n\n\t\t<div class=\"section-content relative\">\n\t\t\t\n<div class=\"row align-center\"  id=\"row-1097884560\">\n\n\t<div id=\"col-1722746194\" class=\"col medium-7 small-9 large-7\"  >\n\t\t\t\t<div class=\"col-inner text-center\"  >\n\t\t\t\n\t\t\t\n\t<div id=\"gap-1444953943\" class=\"gap-element clearfix\" style=\"display:block; height:auto;\">\n\t\t\n<style>\n#gap-1444953943 {\n  padding-top: 10px;\n}\n<\/style>\n\t<\/div>\n\t\n\n\t\t<div class=\"icon-box featured-box icon-box-center text-center\"  >\n\t\t\t\t\t<div class=\"icon-box-img has-icon-bg\" style=\"width: 60px\">\n\t\t\t\t<div class=\"icon\">\n\t\t\t\t\t<div class=\"icon-inner\" style=\"border-width:2px;color:rgb(239, 117, 0);\">\n\t\t\t\t\t\t<img loading=\"lazy\" decoding=\"async\" width=\"1\" height=\"1\" src=\"https:\/\/fermentis.com\/wp-content\/uploads\/2020\/03\/graduation.svg\" class=\"attachment-medium size-medium\" alt=\"\" \/>\t\t\t\t\t<\/div>\n\t\t\t\t<\/div>\n\t\t\t<\/div>\n\t\t\t\t<div class=\"icon-box-text last-reset\">\n\t\t\t\t\t\t\t\t\t\n<br data-source=\"\n\"><\/p>\n<h3>FORMAZIONE INTERNA<\/h3>\n<p><br data-source=\"\n\">Nell&#039;ambiente altamente tecnico dei microrganismi complessi, \u00e8 importante che tutti i nostri team abbiano una solida conoscenza dei nostri prodotti e una certa preparazione scientifica di base.<br data-source=\"\n\n\">Una parte delle responsabilit\u00e0 del nostro team di ricerca \u00e8 quella di educare e condividere le informazioni internamente, per assicurarsi che gli esperti di vendite e marketing comprendano le diverse caratteristiche dei nostri prodotti.<br data-source=\"\n\n\"><\/p>\n\t\t<\/div>\n\t<\/div>\n\t\n\t\n\t<div id=\"gap-556081014\" class=\"gap-element clearfix\" style=\"display:block; height:auto;\">\n\t\t\n<style>\n#gap-556081014 {\n  padding-top: 10px;\n}\n<\/style>\n\t<\/div>\n\t\n<a href=\"https:\/\/fermentis.com\/en\/academy\/\" class=\"button primary is-underline is-smaller\" >\n\t\t<span>per saperne di pi\u00f9<\/span>\n\t<\/a>\n\n\t\t<\/div>\n\t\t\t\t\n<style>\n#col-1722746194 > .col-inner {\n  padding: 0px 0px 0px 0px;\n  margin: 0px 0px 0px 0px;\n}\n<\/style>\n\t<\/div>\n\n\t\n<\/div>\n\t\t<\/div>\n\n\t\t\n<style>\n#section_1352108879 {\n  padding-top: 70px;\n  padding-bottom: 70px;\n  background-color: rgb(242, 242, 242);\n}\n@media (min-width:550px) {\n  #section_1352108879 {\n    padding-top: 60px;\n    padding-bottom: 60px;\n  }\n}\n<\/style>\n\t<\/section>\n\t\n\t\t<\/div>\n\t\t\t\t\t<\/div>\n\n\t\n<\/div>\n","protected":false},"excerpt":{"rendered":"","protected":false},"author":2,"featured_media":0,"parent":44076,"menu_order":0,"comment_status":"closed","ping_status":"closed","template":"page-blank.php","meta":{"_acf_changed":false,"footnotes":""},"class_list":["post-44067","page","type-page","status-publish","hentry"],"acf":[],"yoast_head":"<!-- This site is optimized with the Yoast SEO Premium plugin v27.5 (Yoast SEO v27.5) - https:\/\/yoast.com\/product\/yoast-seo-premium-wordpress\/ -->\n<title>Formazione - Fermentis<\/title>\n<meta name=\"description\" content=\"Organizziamo corsi di formazione per condividere le informazioni risultanti dalla nostra ricerca, attraverso eventi, la Fermentis Academy e corsi di formazione interni.\" \/>\n<meta name=\"robots\" content=\"index, follow, max-snippet:-1, max-image-preview:large, max-video-preview:-1\" \/>\n<link rel=\"canonical\" href=\"https:\/\/fermentis.com\/it\/our-company\/research\/training\/\" \/>\n<meta property=\"og:locale\" content=\"it_IT\" \/>\n<meta property=\"og:type\" content=\"article\" \/>\n<meta property=\"og:title\" content=\"Formazione\" \/>\n<meta property=\"og:description\" content=\"Organizziamo corsi di formazione per condividere le informazioni risultanti dalla nostra ricerca, attraverso eventi, la Fermentis Academy e corsi di formazione interni.\" \/>\n<meta property=\"og:url\" content=\"https:\/\/fermentis.com\/it\/our-company\/research\/training\/\" \/>\n<meta property=\"og:site_name\" content=\"Fermentis\" \/>\n<meta property=\"article:publisher\" content=\"https:\/\/www.facebook.com\/Fermentis\" \/>\n<meta property=\"article:modified_time\" content=\"2026-02-03T15:01:12+00:00\" \/>\n<meta property=\"og:image\" content=\"https:\/\/fermentis.com\/wp-content\/uploads\/2021\/07\/website-v2.png\" \/>\n\t<meta property=\"og:image:width\" content=\"1903\" \/>\n\t<meta property=\"og:image:height\" content=\"901\" \/>\n\t<meta property=\"og:image:type\" content=\"image\/png\" \/>\n<meta name=\"twitter:card\" content=\"summary_large_image\" \/>\n<meta name=\"twitter:site\" content=\"@fermentis\" \/>\n<meta name=\"twitter:label1\" content=\"Tempo di lettura stimato\" \/>\n\t<meta name=\"twitter:data1\" content=\"2 minuti\" \/>\n<script type=\"application\/ld+json\" class=\"yoast-schema-graph\">{\"@context\":\"https:\\\/\\\/schema.org\",\"@graph\":[{\"@type\":\"WebPage\",\"@id\":\"https:\\\/\\\/fermentis.com\\\/it\\\/our-company\\\/research\\\/training\\\/\",\"url\":\"https:\\\/\\\/fermentis.com\\\/it\\\/our-company\\\/research\\\/training\\\/\",\"name\":\"Formazione - Fermentis\",\"isPartOf\":{\"@id\":\"https:\\\/\\\/fermentis.com\\\/it\\\/#website\"},\"datePublished\":\"2020-03-17T23:00:00+00:00\",\"dateModified\":\"2026-02-03T15:01:12+00:00\",\"description\":\"Organizziamo corsi di formazione per condividere le informazioni risultanti dalla nostra ricerca, attraverso eventi, la Fermentis Academy e corsi di formazione interni.\",\"breadcrumb\":{\"@id\":\"https:\\\/\\\/fermentis.com\\\/it\\\/our-company\\\/research\\\/training\\\/#breadcrumb\"},\"inLanguage\":\"it-IT\",\"potentialAction\":[{\"@type\":\"ReadAction\",\"target\":[\"https:\\\/\\\/fermentis.com\\\/it\\\/our-company\\\/research\\\/training\\\/\"]}]},{\"@type\":\"BreadcrumbList\",\"@id\":\"https:\\\/\\\/fermentis.com\\\/it\\\/our-company\\\/research\\\/training\\\/#breadcrumb\",\"itemListElement\":[{\"@type\":\"ListItem\",\"position\":1,\"name\":\"Home\",\"item\":\"https:\\\/\\\/fermentis.com\\\/it\\\/\"},{\"@type\":\"ListItem\",\"position\":2,\"name\":\"La nostra azienda\",\"item\":\"https:\\\/\\\/fermentis.com\\\/it\\\/our-company\\\/\"},{\"@type\":\"ListItem\",\"position\":3,\"name\":\"Ricerca e sviluppo\",\"item\":\"https:\\\/\\\/fermentis.com\\\/it\\\/our-company\\\/research\\\/\"},{\"@type\":\"ListItem\",\"position\":4,\"name\":\"Formazione\"}]},{\"@type\":\"WebSite\",\"@id\":\"https:\\\/\\\/fermentis.com\\\/it\\\/#website\",\"url\":\"https:\\\/\\\/fermentis.com\\\/it\\\/\",\"name\":\"Fermentis\",\"description\":\"Un site utilisant WordPress\",\"publisher\":{\"@id\":\"https:\\\/\\\/fermentis.com\\\/it\\\/#organization\"},\"potentialAction\":[{\"@type\":\"SearchAction\",\"target\":{\"@type\":\"EntryPoint\",\"urlTemplate\":\"https:\\\/\\\/fermentis.com\\\/it\\\/?s={search_term_string}\"},\"query-input\":{\"@type\":\"PropertyValueSpecification\",\"valueRequired\":true,\"valueName\":\"search_term_string\"}}],\"inLanguage\":\"it-IT\"},{\"@type\":\"Organization\",\"@id\":\"https:\\\/\\\/fermentis.com\\\/it\\\/#organization\",\"name\":\"Fermentis\",\"url\":\"https:\\\/\\\/fermentis.com\\\/it\\\/\",\"logo\":{\"@type\":\"ImageObject\",\"inLanguage\":\"it-IT\",\"@id\":\"https:\\\/\\\/fermentis.com\\\/it\\\/#\\\/schema\\\/logo\\\/image\\\/\",\"url\":\"https:\\\/\\\/fermentis.com\\\/wp-content\\\/uploads\\\/2021\\\/07\\\/Logo-Fermentis-5.png\",\"contentUrl\":\"https:\\\/\\\/fermentis.com\\\/wp-content\\\/uploads\\\/2021\\\/07\\\/Logo-Fermentis-5.png\",\"width\":308,\"height\":95,\"caption\":\"Fermentis\"},\"image\":{\"@id\":\"https:\\\/\\\/fermentis.com\\\/it\\\/#\\\/schema\\\/logo\\\/image\\\/\"},\"sameAs\":[\"https:\\\/\\\/www.facebook.com\\\/Fermentis\",\"https:\\\/\\\/x.com\\\/fermentis\",\"https:\\\/\\\/www.instagram.com\\\/fermentisbylesaffre\\\/\",\"https:\\\/\\\/www.linkedin.com\\\/company\\\/fermentis\\\/\",\"https:\\\/\\\/www.youtube.com\\\/channel\\\/UCt_Lp3IZnUNXZeqSi6iiAdA\"]}]}<\/script>\n<!-- \/ Yoast SEO Premium plugin. -->","yoast_head_json":{"title":"Formazione - Fermentis","description":"Organizziamo corsi di formazione per condividere le informazioni risultanti dalla nostra ricerca, attraverso eventi, la Fermentis Academy e corsi di formazione interni.","robots":{"index":"index","follow":"follow","max-snippet":"max-snippet:-1","max-image-preview":"max-image-preview:large","max-video-preview":"max-video-preview:-1"},"canonical":"https:\/\/fermentis.com\/it\/our-company\/research\/training\/","og_locale":"it_IT","og_type":"article","og_title":"Formazione","og_description":"Organizziamo corsi di formazione per condividere le informazioni risultanti dalla nostra ricerca, attraverso eventi, la Fermentis Academy e corsi di formazione interni.","og_url":"https:\/\/fermentis.com\/it\/our-company\/research\/training\/","og_site_name":"Fermentis","article_publisher":"https:\/\/www.facebook.com\/Fermentis","article_modified_time":"2026-02-03T15:01:12+00:00","og_image":[{"width":1903,"height":901,"url":"https:\/\/fermentis.com\/wp-content\/uploads\/2021\/07\/website-v2.png","type":"image\/png"}],"twitter_card":"summary_large_image","twitter_site":"@fermentis","twitter_misc":{"Tempo di lettura stimato":"2 minuti"},"schema":{"@context":"https:\/\/schema.org","@graph":[{"@type":"WebPage","@id":"https:\/\/fermentis.com\/it\/our-company\/research\/training\/","url":"https:\/\/fermentis.com\/it\/our-company\/research\/training\/","name":"Formazione - Fermentis","isPartOf":{"@id":"https:\/\/fermentis.com\/it\/#website"},"datePublished":"2020-03-17T23:00:00+00:00","dateModified":"2026-02-03T15:01:12+00:00","description":"Organizziamo corsi di formazione per condividere le informazioni risultanti dalla nostra ricerca, attraverso eventi, la Fermentis Academy e corsi di formazione interni.","breadcrumb":{"@id":"https:\/\/fermentis.com\/it\/our-company\/research\/training\/#breadcrumb"},"inLanguage":"it-IT","potentialAction":[{"@type":"ReadAction","target":["https:\/\/fermentis.com\/it\/our-company\/research\/training\/"]}]},{"@type":"BreadcrumbList","@id":"https:\/\/fermentis.com\/it\/our-company\/research\/training\/#breadcrumb","itemListElement":[{"@type":"ListItem","position":1,"name":"Home","item":"https:\/\/fermentis.com\/it\/"},{"@type":"ListItem","position":2,"name":"La nostra azienda","item":"https:\/\/fermentis.com\/it\/our-company\/"},{"@type":"ListItem","position":3,"name":"Ricerca e sviluppo","item":"https:\/\/fermentis.com\/it\/our-company\/research\/"},{"@type":"ListItem","position":4,"name":"Formazione"}]},{"@type":"WebSite","@id":"https:\/\/fermentis.com\/it\/#website","url":"https:\/\/fermentis.com\/it\/","name":"Fermentis","description":"Un site utilisant WordPress","publisher":{"@id":"https:\/\/fermentis.com\/it\/#organization"},"potentialAction":[{"@type":"SearchAction","target":{"@type":"EntryPoint","urlTemplate":"https:\/\/fermentis.com\/it\/?s={search_term_string}"},"query-input":{"@type":"PropertyValueSpecification","valueRequired":true,"valueName":"search_term_string"}}],"inLanguage":"it-IT"},{"@type":"Organization","@id":"https:\/\/fermentis.com\/it\/#organization","name":"Fermentis","url":"https:\/\/fermentis.com\/it\/","logo":{"@type":"ImageObject","inLanguage":"it-IT","@id":"https:\/\/fermentis.com\/it\/#\/schema\/logo\/image\/","url":"https:\/\/fermentis.com\/wp-content\/uploads\/2021\/07\/Logo-Fermentis-5.png","contentUrl":"https:\/\/fermentis.com\/wp-content\/uploads\/2021\/07\/Logo-Fermentis-5.png","width":308,"height":95,"caption":"Fermentis"},"image":{"@id":"https:\/\/fermentis.com\/it\/#\/schema\/logo\/image\/"},"sameAs":["https:\/\/www.facebook.com\/Fermentis","https:\/\/x.com\/fermentis","https:\/\/www.instagram.com\/fermentisbylesaffre\/","https:\/\/www.linkedin.com\/company\/fermentis\/","https:\/\/www.youtube.com\/channel\/UCt_Lp3IZnUNXZeqSi6iiAdA"]}]}},"_links":{"self":[{"href":"https:\/\/fermentis.com\/it\/wp-json\/wp\/v2\/pages\/44067","targetHints":{"allow":["GET"]}}],"collection":[{"href":"https:\/\/fermentis.com\/it\/wp-json\/wp\/v2\/pages"}],"about":[{"href":"https:\/\/fermentis.com\/it\/wp-json\/wp\/v2\/types\/page"}],"author":[{"embeddable":true,"href":"https:\/\/fermentis.com\/it\/wp-json\/wp\/v2\/users\/2"}],"replies":[{"embeddable":true,"href":"https:\/\/fermentis.com\/it\/wp-json\/wp\/v2\/comments?post=44067"}],"version-history":[{"count":1078,"href":"https:\/\/fermentis.com\/it\/wp-json\/wp\/v2\/pages\/44067\/revisions"}],"predecessor-version":[{"id":688656,"href":"https:\/\/fermentis.com\/it\/wp-json\/wp\/v2\/pages\/44067\/revisions\/688656"}],"up":[{"embeddable":true,"href":"https:\/\/fermentis.com\/it\/wp-json\/wp\/v2\/pages\/44076"}],"wp:attachment":[{"href":"https:\/\/fermentis.com\/it\/wp-json\/wp\/v2\/media?parent=44067"}],"curies":[{"name":"wp","href":"https:\/\/api.w.org\/{rel}","templated":true}]}}