{"id":44082,"date":"2021-08-18T11:13:13","date_gmt":"2021-08-18T09:13:13","guid":{"rendered":"https:\/\/fermentis.com\/our-company\/vision\/"},"modified":"2026-04-05T15:11:51","modified_gmt":"2026-04-05T13:11:51","slug":"vision","status":"publish","type":"page","link":"https:\/\/fermentis.com\/it\/our-company\/vision\/","title":{"rendered":"La nostra visione"},"content":{"rendered":"\n\t<section class=\"section dark\" id=\"section_279299170\">\n\t\t<div class=\"section-bg fill\" >\n\t\t\t<img loading=\"lazy\" decoding=\"async\" width=\"1080\" height=\"532\" src=\"https:\/\/fermentis.com\/wp-content\/uploads\/2021\/08\/fermentis-vision.jpg\" class=\"bg attachment- size-\" alt=\"Vision at Fermentis\" \/>\t\t\t\t\t\t<div class=\"section-bg-overlay absolute fill\"><\/div>\n\t\t\t\n\n\t\t<\/div>\n\n\t\t\n\n\t\t<div class=\"section-content relative\">\n\t\t\t\n<div class=\"row\"  id=\"row-641374575\">\n\n\t<div id=\"col-1561129897\" class=\"col small-12 large-12\"  >\n\t\t\t\t<div class=\"col-inner\"  >\n\t\t\t\n\t\t\t\n<div class=\"row align-bottom\"  id=\"row-696549230\">\n\n\t<div id=\"col-2046384014\" class=\"col medium-7 small-12 large-7\"  >\n\t\t\t\t<div class=\"col-inner\"  >\n\t\t\t\n\t\t\t\n\t<div id=\"gap-343764256\" class=\"gap-element clearfix\" style=\"display:block; height:auto;\">\n\t\t\n<style>\n#gap-343764256 {\n  padding-top: 50px;\n}\n<\/style>\n\t<\/div>\n\t\n\t<div id=\"text-1210325789\" class=\"text\">\n\t\t\n<p><br data-source=\"\n\n\"><\/p>\n<h3>LA NOSTRA VISIONE<\/h3>\n<p><br data-source=\"\n\"><br \/>\n\t\t\n<style>\n#text-1210325789 {\n  font-size: 2.25rem;\n  text-align: left;\n}\n<\/style>\n\t<\/div>\n\t\n\t\t<\/div>\n\t\t\t\t\n<style>\n#col-2046384014 > .col-inner {\n  padding: 1px 0px 0px 0px;\n  margin: -18px 0px 0px 0px;\n}\n<\/style>\n\t<\/div>\n\n\t\n\n\t<div id=\"col-1266600238\" class=\"col medium-5 small-12 large-5\"  >\n\t\t\t\t<div class=\"col-inner\"  >\n\t\t\t\n\t<div class=\"is-border\"\n\t\tstyle=\"border-width:0px 0px 0px 0px;\">\n\t<\/div>\n\t\t\t\n\t\t<\/div>\n\t\t\t\t\t<\/div>\n\n\t\n\n\t<div id=\"col-1351243291\" class=\"col medium-12 small-12 large-9\"  >\n\t\t\t\t<div class=\"col-inner\"  >\n\t\t\t\n\t\t\t\n\t<div id=\"gap-1231093151\" class=\"gap-element clearfix\" style=\"display:block; height:auto;\">\n\t\t\n<style>\n#gap-1231093151 {\n  padding-top: 50px;\n}\n<\/style>\n\t<\/div>\n\t\n<div class=\"video video-fit mb\" style=\"padding-top:50%;\"><p><iframe loading=\"lazy\" title=\"Fermentis vision, mission and values - With St\u00e9phane Meulemans - General Manager\" width=\"1020\" height=\"574\" src=\"https:\/\/www.youtube.com\/embed\/7fJekOcr3e4?feature=oembed\" frameborder=\"0\" allow=\"accelerometer; autoplay; clipboard-write; encrypted-media; gyroscope; picture-in-picture; web-share\" referrerpolicy=\"strict-origin-when-cross-origin\" allowfullscreen><\/iframe><\/p>\n<\/div>\n\t\t<\/div>\n\t\t\t\t\t<\/div>\n\n\t\n<\/div>\n\t\t<\/div>\n\t\t\t\t\n<style>\n#col-1561129897 > .col-inner {\n  margin: 0px 0px -225px 0px;\n}\n<\/style>\n\t<\/div>\n\n\t\n\n<style>\n#row-641374575 > .col > .col-inner {\n  padding: 0px 0px 0px 0px;\n}\n<\/style>\n<\/div>\n\t\t<\/div>\n\n\t\t\n<style>\n#section_279299170 {\n  padding-top: 50px;\n  padding-bottom: 50px;\n  background-color: #ef7500;\n}\n#section_279299170 .section-bg-overlay {\n  background-color: rgba(48, 48, 48, 0.657);\n}\n#section_279299170 .section-bg img {\n  object-position: 71% 97%;\n}\n<\/style>\n\t<\/section>\n\t\n\n\t<section class=\"section\" id=\"section_479320220\">\n\t\t<div class=\"section-bg fill\" >\n\t\t\t\t\t\t\t\t\t\n\t\t\t\n\n\t\t<\/div>\n\n\t\t\n\n\t\t<div class=\"section-content relative\">\n\t\t\t\n<div class=\"row\"  id=\"row-1279719677\">\n\n\t<div id=\"col-2006003178\" class=\"col medium-11 small-12 large-5\"  >\n\t\t\t\t<div class=\"col-inner\" style=\"background-color:rgb(230, 238, 239);\" >\n\t\t\t\n\t\t\t\n\t<div id=\"text-2665779934\" class=\"text\">\n\t\t\n<p><br data-source=\"\n\n\"><\/p>\n<h3>La scelta pi\u00f9 ovvia per la fermentazione delle bevande<\/h3>\n<p><br data-source=\"\n\"><br \/>\n\t\t\n<style>\n#text-2665779934 {\n  font-size: 1.5rem;\n}\n<\/style>\n\t<\/div>\n\t\n<p>In Fermentis, il nostro sogno \u00e8 che chiunque siate, ovunque siate e qualunque sia la bevanda fermentata che producete, noi vi saremo vicini per aiutarvi a produrre le bevande che sognate.<\/p>\n\t\t<\/div>\n\t\t\t\t\n<style>\n#col-2006003178 > .col-inner {\n  padding: 45px 45px 45px 45px;\n  margin: - 0px 0px 0px;\n}\n@media (min-width:550px) {\n  #col-2006003178 > .col-inner {\n    margin: -100px 0px 0px 0px;\n  }\n}\n@media (min-width:850px) {\n  #col-2006003178 > .col-inner {\n    margin: -200px 0px 0px 0px;\n  }\n}\n<\/style>\n\t<\/div>\n\n\t\n<\/div>\n\t<div id=\"gap-1403608147\" class=\"gap-element clearfix\" style=\"display:block; height:auto;\">\n\t\t\n<style>\n#gap-1403608147 {\n  padding-top: 50px;\n}\n@media (min-width:850px) {\n  #gap-1403608147 {\n    padding-top: 30px;\n  }\n}\n<\/style>\n\t<\/div>\n\t\n<div class=\"row\"  id=\"row-378801196\">\n\n\t<div id=\"col-1418613655\" class=\"col small-12 large-12\"  >\n\t\t\t\t<div class=\"col-inner\"  >\n\t\t\t\n\t\t\t\n<p><br data-source=\"\n\n\"><\/p>\n<p>Tutto il team di Fermentis in tutto il mondo \u00e8 impegnato a fornire le migliori soluzioni per aiutarvi a raggiungere i vostri obiettivi. \u00c8 ci\u00f2 che siamo e ci\u00f2 in cui crediamo. La visione di Fermentis, il nostro sogno, \u00e8 condivisa da tutti noi ed \u00e8 un obiettivo ambizioso per il quale lavoriamo tutti.<\/p>\n<p><br data-source=\"\n\"><\/p>\n<p>Quindi, cosa significa esattamente: diventare la scelta pi\u00f9 ovvia per la fermentazione delle bevande?<\/p>\n<p><br data-source=\"\n\n\"><\/p>\n\t\t<\/div>\n\t\t\t\t\t<\/div>\n\n\t\n<\/div>\n<div class=\"row align-middle\"  id=\"row-977930807\">\n\n\t<div id=\"col-1866256326\" class=\"col medium-7 small-12 large-3\"  >\n\t\t\t\t<div class=\"col-inner text-left\"  >\n\t\t\t\n\t\t\t\n\t<div class=\"box has-hover   has-hover box-default box-text-bottom\" >\n\n\t\t<div class=\"box-image\" >\n\t\t\t\t\t\t<div class=\"\" >\n\t\t\t\t<img loading=\"lazy\" decoding=\"async\" width=\"600\" height=\"300\" src=\"https:\/\/fermentis.com\/wp-content\/uploads\/2021\/08\/whoever-you-are.jpg\" class=\"attachment- size-\" alt=\"\" \/>\t\t\t\t\t\t\t\t\t\t\t<\/div>\n\t\t\t\t\t<\/div>\n\n\t\t<div class=\"box-text text-center\" >\n\t\t\t<div class=\"box-text-inner\">\n\t\t\t\t\n<p><br data-source=\"\n\n\"><\/p>\n<h3>CHIUNQUE VOI SIATE<\/h3>\n<p><br data-source=\"\n\n\"><\/p>\n\t\t\t<\/div>\n\t\t<\/div>\n\t<\/div>\n\t\n\t<div id=\"gap-1372105868\" class=\"gap-element clearfix\" style=\"display:block; height:auto;\">\n\t\t\n<style>\n#gap-1372105868 {\n  padding-top: 15px;\n}\n<\/style>\n\t<\/div>\n\t\n<p>Sia che produciate bevande fermentate su piccola scala, nella vostra cucina o in garage, o in quantit\u00e0 maggiori, su scala artigianale o addirittura industriale, Fermentis ha le soluzioni che fanno per voi &#8211; prodotti e consulenza tecnica &#8211; per aiutarvi a produrre le bevande che immaginate.<\/p>\n\t\t<\/div>\n\t\t\t\t\t<\/div>\n\n\t\n\n\t<div id=\"col-725692920\" class=\"col medium-8 small-12 large-1\"  >\n\t\t\t\t<div class=\"col-inner\"  >\n\t\t\t\n\t\t\t\n<div class=\"text-center\"><div class=\"is-divider divider clearfix\" style=\"max-width:60%;height:2px;background-color:rgb(41, 56, 71);\"><\/div><\/div><br data-source=\"\n\n\n\" \/><\/p>\n\t\t<\/div>\n\t\t\t\t\t<\/div>\n\n\t\n\n\t<div id=\"col-1816005810\" class=\"col medium-7 small-12 large-3\"  >\n\t\t\t\t<div class=\"col-inner\"  >\n\t\t\t\n\t\t\t\n\t<div class=\"box has-hover   has-hover box-default box-text-bottom\" >\n\n\t\t<div class=\"box-image\" >\n\t\t\t\t\t\t<div class=\"\" >\n\t\t\t\t<img loading=\"lazy\" decoding=\"async\" width=\"600\" height=\"300\" src=\"https:\/\/fermentis.com\/wp-content\/uploads\/2021\/08\/wherever-you-are.jpg\" class=\"attachment- size-\" alt=\"\" \/>\t\t\t\t\t\t\t\t\t\t\t<\/div>\n\t\t\t\t\t<\/div>\n\n\t\t<div class=\"box-text text-center\" >\n\t\t\t<div class=\"box-text-inner\">\n\t\t\t\t\n<p><br data-source=\"\n\n\"><\/p>\n<h3>OVUNQUE VOI SIATE<\/h3>\n<p><br data-source=\"\n\n\"><\/p>\n\t\t\t<\/div>\n\t\t<\/div>\n\t<\/div>\n\t\n\t<div id=\"gap-464385428\" class=\"gap-element clearfix\" style=\"display:block; height:auto;\">\n\t\t\n<style>\n#gap-464385428 {\n  padding-top: 15px;\n}\n<\/style>\n\t<\/div>\n\t\n<p>In qualunque continente vi troviate, in una campagna remota o in un&#8217;area urbana, la nostra ambizione \u00e8 quella di mettere a vostra disposizione i nostri prodotti e le informazioni necessarie per utilizzarli al meglio.<\/p>\n\t\t<\/div>\n\t\t\t\t\t<\/div>\n\n\t\n\n\t<div id=\"col-260618863\" class=\"col medium-8 small-12 large-1\"  >\n\t\t\t\t<div class=\"col-inner\"  >\n\t\t\t\n\t\t\t\n<div class=\"text-center\"><div class=\"is-divider divider clearfix\" style=\"max-width:60%;height:2px;background-color:rgb(41, 56, 71);\"><\/div><\/div><br data-source=\"\n\n\n\" \/><\/p>\n\t\t<\/div>\n\t\t\t\t\t<\/div>\n\n\t\n\n\t<div id=\"col-1969426132\" class=\"col medium-7 small-12 large-3\"  >\n\t\t\t\t<div class=\"col-inner\"  >\n\t\t\t\n\t\t\t\n\t<div class=\"box has-hover   has-hover box-default box-text-bottom\" >\n\n\t\t<div class=\"box-image\" >\n\t\t\t\t\t\t<div class=\"\" >\n\t\t\t\t<img loading=\"lazy\" decoding=\"async\" width=\"600\" height=\"300\" src=\"https:\/\/fermentis.com\/wp-content\/uploads\/2021\/08\/whatever-you-make.jpg\" class=\"attachment- size-\" alt=\"\" \/>\t\t\t\t\t\t\t\t\t\t\t<\/div>\n\t\t\t\t\t<\/div>\n\n\t\t<div class=\"box-text text-center\" >\n\t\t\t<div class=\"box-text-inner\">\n\t\t\t\t\n<p><br data-source=\"\n\n\"><\/p>\n<h3>QUALSIASI COSA VOI FACCIATE<\/h3>\n<p><br data-source=\"\n\n\"><\/p>\n\t\t\t<\/div>\n\t\t<\/div>\n\t<\/div>\n\t\n\t<div id=\"gap-607488458\" class=\"gap-element clearfix\" style=\"display:block; height:auto;\">\n\t\t\n<style>\n#gap-607488458 {\n  padding-top: 15px;\n}\n<\/style>\n\t<\/div>\n\t\n<p>Noi di Fermentis vogliamo aiutarvi a produrre qualsiasi bevanda fermentata. Birra, vino, liquori, sidro, idromele, kefir, kombucha&#8230; qualunque sia la bevanda e qualunque sia lo stile, avremo le soluzioni per aiutarvi a produrre la bevanda che sognate.<\/p>\n\t\t<\/div>\n\t\t\t\t\t<\/div>\n\n\t\n<\/div>\n\t\t<\/div>\n\n\t\t\n<style>\n#section_479320220 {\n  padding-top: 30px;\n  padding-bottom: 30px;\n}\n<\/style>\n\t<\/section>\n\t\n","protected":false},"excerpt":{"rendered":"","protected":false},"author":2,"featured_media":0,"parent":43415,"menu_order":0,"comment_status":"closed","ping_status":"closed","template":"page-blank.php","meta":{"_acf_changed":false,"footnotes":""},"class_list":["post-44082","page","type-page","status-publish","hentry"],"acf":[],"yoast_head":"<!-- This site is optimized with the Yoast SEO Premium plugin v27.4 (Yoast SEO v27.4) - https:\/\/yoast.com\/product\/yoast-seo-premium-wordpress\/ -->\n<title>Incontra il nostro appassionato team di esperti da tutto il mondo - Fermentis<\/title>\n<meta name=\"description\" content=\"Siamo un team di esperti appassionati e con esperienza. Facciamo del nostro meglio per contribuire alla qualit\u00e0 delle bevande fermentate.\" \/>\n<meta name=\"robots\" content=\"index, follow, max-snippet:-1, max-image-preview:large, max-video-preview:-1\" \/>\n<link rel=\"canonical\" href=\"https:\/\/fermentis.com\/it\/our-company\/vision\/\" \/>\n<meta property=\"og:locale\" content=\"it_IT\" \/>\n<meta property=\"og:type\" content=\"article\" \/>\n<meta property=\"og:title\" content=\"La nostra visione\" \/>\n<meta property=\"og:description\" content=\"Siamo un team di esperti appassionati e con esperienza. Facciamo del nostro meglio per contribuire alla qualit\u00e0 delle bevande fermentate.\" \/>\n<meta property=\"og:url\" content=\"https:\/\/fermentis.com\/it\/our-company\/vision\/\" \/>\n<meta property=\"og:site_name\" content=\"Fermentis\" \/>\n<meta property=\"article:publisher\" content=\"https:\/\/www.facebook.com\/Fermentis\" \/>\n<meta property=\"article:modified_time\" content=\"2026-04-05T13:11:51+00:00\" \/>\n<meta property=\"og:image\" content=\"https:\/\/fermentis.com\/wp-content\/uploads\/2021\/07\/website-v2.png\" \/>\n\t<meta property=\"og:image:width\" content=\"1903\" \/>\n\t<meta property=\"og:image:height\" content=\"901\" \/>\n\t<meta property=\"og:image:type\" content=\"image\/png\" \/>\n<meta name=\"twitter:card\" content=\"summary_large_image\" \/>\n<meta name=\"twitter:site\" content=\"@fermentis\" \/>\n<meta name=\"twitter:label1\" content=\"Tempo di lettura stimato\" \/>\n\t<meta name=\"twitter:data1\" content=\"2 minuti\" \/>\n<script type=\"application\/ld+json\" class=\"yoast-schema-graph\">{\"@context\":\"https:\\\/\\\/schema.org\",\"@graph\":[{\"@type\":\"WebPage\",\"@id\":\"https:\\\/\\\/fermentis.com\\\/it\\\/our-company\\\/vision\\\/\",\"url\":\"https:\\\/\\\/fermentis.com\\\/it\\\/our-company\\\/vision\\\/\",\"name\":\"Incontra il nostro appassionato team di esperti da tutto il mondo - Fermentis\",\"isPartOf\":{\"@id\":\"https:\\\/\\\/fermentis.com\\\/it\\\/#website\"},\"datePublished\":\"2021-08-18T09:13:13+00:00\",\"dateModified\":\"2026-04-05T13:11:51+00:00\",\"description\":\"Siamo un team di esperti appassionati e con esperienza. Facciamo del nostro meglio per contribuire alla qualit\u00e0 delle bevande fermentate.\",\"breadcrumb\":{\"@id\":\"https:\\\/\\\/fermentis.com\\\/it\\\/our-company\\\/vision\\\/#breadcrumb\"},\"inLanguage\":\"it-IT\",\"potentialAction\":[{\"@type\":\"ReadAction\",\"target\":[\"https:\\\/\\\/fermentis.com\\\/it\\\/our-company\\\/vision\\\/\"]}]},{\"@type\":\"BreadcrumbList\",\"@id\":\"https:\\\/\\\/fermentis.com\\\/it\\\/our-company\\\/vision\\\/#breadcrumb\",\"itemListElement\":[{\"@type\":\"ListItem\",\"position\":1,\"name\":\"Home\",\"item\":\"https:\\\/\\\/fermentis.com\\\/it\\\/\"},{\"@type\":\"ListItem\",\"position\":2,\"name\":\"La nostra azienda\",\"item\":\"https:\\\/\\\/fermentis.com\\\/it\\\/our-company\\\/\"},{\"@type\":\"ListItem\",\"position\":3,\"name\":\"La nostra visione\"}]},{\"@type\":\"WebSite\",\"@id\":\"https:\\\/\\\/fermentis.com\\\/it\\\/#website\",\"url\":\"https:\\\/\\\/fermentis.com\\\/it\\\/\",\"name\":\"Fermentis\",\"description\":\"Un site utilisant WordPress\",\"publisher\":{\"@id\":\"https:\\\/\\\/fermentis.com\\\/it\\\/#organization\"},\"potentialAction\":[{\"@type\":\"SearchAction\",\"target\":{\"@type\":\"EntryPoint\",\"urlTemplate\":\"https:\\\/\\\/fermentis.com\\\/it\\\/?s={search_term_string}\"},\"query-input\":{\"@type\":\"PropertyValueSpecification\",\"valueRequired\":true,\"valueName\":\"search_term_string\"}}],\"inLanguage\":\"it-IT\"},{\"@type\":\"Organization\",\"@id\":\"https:\\\/\\\/fermentis.com\\\/it\\\/#organization\",\"name\":\"Fermentis\",\"url\":\"https:\\\/\\\/fermentis.com\\\/it\\\/\",\"logo\":{\"@type\":\"ImageObject\",\"inLanguage\":\"it-IT\",\"@id\":\"https:\\\/\\\/fermentis.com\\\/it\\\/#\\\/schema\\\/logo\\\/image\\\/\",\"url\":\"https:\\\/\\\/fermentis.com\\\/wp-content\\\/uploads\\\/2021\\\/07\\\/Logo-Fermentis-5.png\",\"contentUrl\":\"https:\\\/\\\/fermentis.com\\\/wp-content\\\/uploads\\\/2021\\\/07\\\/Logo-Fermentis-5.png\",\"width\":308,\"height\":95,\"caption\":\"Fermentis\"},\"image\":{\"@id\":\"https:\\\/\\\/fermentis.com\\\/it\\\/#\\\/schema\\\/logo\\\/image\\\/\"},\"sameAs\":[\"https:\\\/\\\/www.facebook.com\\\/Fermentis\",\"https:\\\/\\\/x.com\\\/fermentis\",\"https:\\\/\\\/www.instagram.com\\\/fermentisbylesaffre\\\/\",\"https:\\\/\\\/www.linkedin.com\\\/company\\\/fermentis\\\/\",\"https:\\\/\\\/www.youtube.com\\\/channel\\\/UCt_Lp3IZnUNXZeqSi6iiAdA\"]}]}<\/script>\n<!-- \/ Yoast SEO Premium plugin. -->","yoast_head_json":{"title":"Incontra il nostro appassionato team di esperti da tutto il mondo - Fermentis","description":"Siamo un team di esperti appassionati e con esperienza. Facciamo del nostro meglio per contribuire alla qualit\u00e0 delle bevande fermentate.","robots":{"index":"index","follow":"follow","max-snippet":"max-snippet:-1","max-image-preview":"max-image-preview:large","max-video-preview":"max-video-preview:-1"},"canonical":"https:\/\/fermentis.com\/it\/our-company\/vision\/","og_locale":"it_IT","og_type":"article","og_title":"La nostra visione","og_description":"Siamo un team di esperti appassionati e con esperienza. Facciamo del nostro meglio per contribuire alla qualit\u00e0 delle bevande fermentate.","og_url":"https:\/\/fermentis.com\/it\/our-company\/vision\/","og_site_name":"Fermentis","article_publisher":"https:\/\/www.facebook.com\/Fermentis","article_modified_time":"2026-04-05T13:11:51+00:00","og_image":[{"width":1903,"height":901,"url":"https:\/\/fermentis.com\/wp-content\/uploads\/2021\/07\/website-v2.png","type":"image\/png"}],"twitter_card":"summary_large_image","twitter_site":"@fermentis","twitter_misc":{"Tempo di lettura stimato":"2 minuti"},"schema":{"@context":"https:\/\/schema.org","@graph":[{"@type":"WebPage","@id":"https:\/\/fermentis.com\/it\/our-company\/vision\/","url":"https:\/\/fermentis.com\/it\/our-company\/vision\/","name":"Incontra il nostro appassionato team di esperti da tutto il mondo - Fermentis","isPartOf":{"@id":"https:\/\/fermentis.com\/it\/#website"},"datePublished":"2021-08-18T09:13:13+00:00","dateModified":"2026-04-05T13:11:51+00:00","description":"Siamo un team di esperti appassionati e con esperienza. Facciamo del nostro meglio per contribuire alla qualit\u00e0 delle bevande fermentate.","breadcrumb":{"@id":"https:\/\/fermentis.com\/it\/our-company\/vision\/#breadcrumb"},"inLanguage":"it-IT","potentialAction":[{"@type":"ReadAction","target":["https:\/\/fermentis.com\/it\/our-company\/vision\/"]}]},{"@type":"BreadcrumbList","@id":"https:\/\/fermentis.com\/it\/our-company\/vision\/#breadcrumb","itemListElement":[{"@type":"ListItem","position":1,"name":"Home","item":"https:\/\/fermentis.com\/it\/"},{"@type":"ListItem","position":2,"name":"La nostra azienda","item":"https:\/\/fermentis.com\/it\/our-company\/"},{"@type":"ListItem","position":3,"name":"La nostra visione"}]},{"@type":"WebSite","@id":"https:\/\/fermentis.com\/it\/#website","url":"https:\/\/fermentis.com\/it\/","name":"Fermentis","description":"Un site utilisant WordPress","publisher":{"@id":"https:\/\/fermentis.com\/it\/#organization"},"potentialAction":[{"@type":"SearchAction","target":{"@type":"EntryPoint","urlTemplate":"https:\/\/fermentis.com\/it\/?s={search_term_string}"},"query-input":{"@type":"PropertyValueSpecification","valueRequired":true,"valueName":"search_term_string"}}],"inLanguage":"it-IT"},{"@type":"Organization","@id":"https:\/\/fermentis.com\/it\/#organization","name":"Fermentis","url":"https:\/\/fermentis.com\/it\/","logo":{"@type":"ImageObject","inLanguage":"it-IT","@id":"https:\/\/fermentis.com\/it\/#\/schema\/logo\/image\/","url":"https:\/\/fermentis.com\/wp-content\/uploads\/2021\/07\/Logo-Fermentis-5.png","contentUrl":"https:\/\/fermentis.com\/wp-content\/uploads\/2021\/07\/Logo-Fermentis-5.png","width":308,"height":95,"caption":"Fermentis"},"image":{"@id":"https:\/\/fermentis.com\/it\/#\/schema\/logo\/image\/"},"sameAs":["https:\/\/www.facebook.com\/Fermentis","https:\/\/x.com\/fermentis","https:\/\/www.instagram.com\/fermentisbylesaffre\/","https:\/\/www.linkedin.com\/company\/fermentis\/","https:\/\/www.youtube.com\/channel\/UCt_Lp3IZnUNXZeqSi6iiAdA"]}]}},"_links":{"self":[{"href":"https:\/\/fermentis.com\/it\/wp-json\/wp\/v2\/pages\/44082","targetHints":{"allow":["GET"]}}],"collection":[{"href":"https:\/\/fermentis.com\/it\/wp-json\/wp\/v2\/pages"}],"about":[{"href":"https:\/\/fermentis.com\/it\/wp-json\/wp\/v2\/types\/page"}],"author":[{"embeddable":true,"href":"https:\/\/fermentis.com\/it\/wp-json\/wp\/v2\/users\/2"}],"replies":[{"embeddable":true,"href":"https:\/\/fermentis.com\/it\/wp-json\/wp\/v2\/comments?post=44082"}],"version-history":[{"count":850,"href":"https:\/\/fermentis.com\/it\/wp-json\/wp\/v2\/pages\/44082\/revisions"}],"predecessor-version":[{"id":712851,"href":"https:\/\/fermentis.com\/it\/wp-json\/wp\/v2\/pages\/44082\/revisions\/712851"}],"up":[{"embeddable":true,"href":"https:\/\/fermentis.com\/it\/wp-json\/wp\/v2\/pages\/43415"}],"wp:attachment":[{"href":"https:\/\/fermentis.com\/it\/wp-json\/wp\/v2\/media?parent=44082"}],"curies":[{"name":"wp","href":"https:\/\/api.w.org\/{rel}","templated":true}]}}