{"id":44085,"date":"2020-02-14T00:00:00","date_gmt":"2020-02-13T23:00:00","guid":{"rendered":"https:\/\/fermentis.com\/legal-statement\/"},"modified":"2026-04-03T12:00:41","modified_gmt":"2026-04-03T10:00:41","slug":"legal-statement","status":"publish","type":"page","link":"https:\/\/fermentis.com\/it\/legal-statement\/","title":{"rendered":"Dichiarazione legale"},"content":{"rendered":"\n  <div class=\"banner has-hover has-parallax\" id=\"banner-1117549084\">\n          <div class=\"banner-inner fill\">\n        <div class=\"banner-bg fill\" data-parallax=\"-4\" data-parallax-container=\".banner\" data-parallax-background>\n            <img loading=\"lazy\" decoding=\"async\" width=\"1000\" height=\"667\" src=\"https:\/\/fermentis.com\/wp-content\/uploads\/2020\/02\/flatsomebilder-5-of-10.jpg\" class=\"bg attachment-large size-large\" alt=\"\" \/>                        <div class=\"overlay\"><\/div>            \n                    <\/div>\n\t\t\n        <div class=\"banner-layers container\">\n            <div class=\"fill banner-link\"><\/div>            \n        <\/div>\n      <\/div>\n\n            \n<style>\n#banner-1117549084 {\n  padding-top: 150px;\n}\n#banner-1117549084 .overlay {\n  background-color: rgba(0, 0, 0, 0.69);\n}\n#banner-1117549084 .banner-bg img {\n  object-position: 49% 50%;\n}\n<\/style>\n  <\/div>\n\n\n\n\t<section class=\"section\" id=\"section_765258676\">\n\t\t<div class=\"section-bg fill\" >\n\t\t\t\t\t\t\t\t\t\n\t\t\t\n\n\t\t<\/div>\n\n\t\t\n\n\t\t<div class=\"section-content relative\">\n\t\t\t\n\t<div id=\"gap-1853219417\" class=\"gap-element clearfix\" style=\"display:block; height:auto;\">\n\t\t\n<style>\n#gap-1853219417 {\n  padding-top: 50px;\n}\n<\/style>\n\t<\/div>\n\t\n<div class=\"row align-center\"  id=\"row-1181183211\">\n\n\t<div id=\"col-76206522\" class=\"col medium-4 small-10 large-4\"  >\n\t\t\t\t<div class=\"col-inner\"  >\n\t\t\t\n\t\t\t\n<p><br data-source=\"\n\n\"><\/p>\n<h1><span style=\"font-size: 150%\">Dichiarazione legale<\/span><\/h1>\n<p><br data-source=\"\n\"><\/p>\n<p><span style=\"font-size: 90%\">Informazioni legali sul sito web di Fermentis e sui suoi contenuti.<\/span><\/p>\n<p><br data-source=\"\n\n\"><\/p>\n\t\t<\/div>\n\t\t\t\t\n<style>\n#col-76206522 > .col-inner {\n  padding: 0px 40px 0px 0px;\n}\n<\/style>\n\t<\/div>\n\n\t\n\n\t<div id=\"col-1781442218\" class=\"col medium-8 small-10 large-8\"  >\n\t\t\t\t<div class=\"col-inner\"  >\n\t\t\t\n\t\t\t\n<p><br data-source=\"\n\n\"><\/p>\n<p>Direttore della pubblicazione : Mme J. GALLERAND<\/p>\n<p><br data-source=\"\n\"><\/p>\n<p><strong>Esclusione di responsabilit\u00e0<\/strong><br \/>Tutte le informazioni riportate in questo sito sono fornite a titolo indicativo e non hanno valore contrattuale. Fermentis si impegna ad aggiornare regolarmente il proprio sito. Tuttavia Fermentis non garantisce n\u00e9 che le funzionalit\u00e0 del sito siano sempre prive di errori, n\u00e9 che il sito o il suo server di accesso siano privi di virus o di qualsiasi altro componente pericoloso.<\/p>\n<p><br data-source=\"\n\"><\/p>\n<p><strong>Esclusione di responsabilit\u00e0 per i link<\/strong><br \/>I link presenti su <a href=\"http:\/\/www.fermentis.com\/\">www.fermentis.com<\/a> non sono in alcun modo sotto la responsabilit\u00e0 o il controllo di fermentis. Un link non costituisce un&#039;approvazione del contenuto editoriale del sito n\u00e9 delle sue condizioni di accesso.<\/p>\n<p><br data-source=\"\n\"><\/p>\n<p><strong>Diritti d&#039;autore<\/strong><br \/>L&#039;utente deve ritenere che tutto ci\u00f2 che vede o legge sul sito web \u00e8 protetto da copyright, salvo diversa indicazione, e non pu\u00f2 essere utilizzato, salvo quanto previsto nei presenti Termini e condizioni o nel testo del sito web, senza l&#039;autorizzazione scritta di Lesaffre. Lesaffre non garantisce n\u00e9 dichiara che l&#039;utilizzo da parte dell&#039;utente dei materiali visualizzati sul Sito Web non violer\u00e0 i diritti di terzi non di propriet\u00e0 di Lesaffre o ad essa affiliati. Le immagini, le fotografie o le illustrazioni visualizzate sul sito web sono di propriet\u00e0 di Lesaffre o utilizzate con il suo permesso. L&#039;uso di questi materiali da parte dell&#039;utente, o di chiunque altro autorizzato dall&#039;utente, \u00e8 vietato a meno che non sia specificamente consentito da questi Termini e condizioni o da un&#039;autorizzazione specifica fornita altrove sul Sito web. Qualsiasi uso non autorizzato delle immagini pu\u00f2 violare le leggi sul copyright, sui marchi, sulla privacy e sulla pubblicit\u00e0, nonch\u00e9 i regolamenti e gli statuti in materia di comunicazioni. I permessi di esposizione devono essere richiesti via mail a fermentis@lesaffre.fr.<\/p>\n<p><br data-source=\"\n\"><\/p>\n<p><strong>Marchi di fabbrica<\/strong><br \/>I marchi di fabbrica, i loghi e i marchi di servizio (collettivamente i &quot; Marchi di fabbrica &quot;) che compaiono su questo Sito sono marchi di fabbrica registrati e non registrati di Lesaffre o delle sue affiliate. Nulla di quanto contenuto nel sito deve essere interpretato come una concessione, per implicazione, preclusione o altro, di una licenza o di un diritto all&#039;uso di un marchio visualizzato sul sito senza l&#039;autorizzazione scritta di Lesaffre o delle sue affiliate o di una terza parte eventualmente proprietaria del marchio visualizzato sul sito. \u00c8 severamente vietato l&#039;uso improprio dei marchi commerciali visualizzati sul Sito o di qualsiasi altro contenuto del Sito, ad eccezione di quanto previsto nel presente documento.<\/p>\n<p><br data-source=\"\n\"><\/p>\n<p><strong>Disponibilit\u00e0 del sito web<\/strong><br \/>Ci occupiamo di mantenere disponibile questo sito. L&#039;accesso al sito pu\u00f2 essere indisponibile o interrotto in qualsiasi momento per aggiornamenti o per qualsiasi altra questione tecnica. Fermentis non \u00e8 responsabile in alcun caso di queste interruzioni e di eventuali reclami o danni derivanti direttamente o indirettamente da esse.<\/p>\n<p><br data-source=\"\n\"><\/p>\n<p><strong>Avvertenze<\/strong><br \/>Ricordiamo che Internet \u00e8 accessibile a tutti. Ogni volta che comunicate volontariamente informazioni personali, lo fate a vostro rischio e pericolo. I dati personali possono essere intercettati da altre persone.<\/p>\n<p><br data-source=\"\n\"><\/p>\n<p>\u00a0<\/p>\n<p><br data-source=\"\n\"><\/p>\n<p><strong>La privacy<\/strong><br \/>Le informazioni ricevute attraverso questo sito web saranno conservate in modo sicuro da fermentis. Ai sensi della legge francese n\u00b0 78-17 del 6 gennaio 1978, relativa al trattamento dei dati, agli archivi e alle libert\u00e0, ogni visitatore che depositi informazioni contenenti direttamente o indirettamente il suo nome pu\u00f2 chiedere la comunicazione, la modifica o la soppressione delle sue informazioni personali all&#039;amministratore del servizio. A tal fine, l&#039;utente dovr\u00e0 inviare la propria richiesta a FERMENTIS &#8211; sito web &#8211; 137, rue Gabriel P\u00e9ri &#8211; BP 3069 &#8211; 59703 Marcq-en-Baroeul Cedex &#8211; France<\/p>\n<p><br data-source=\"\n\"><\/p>\n<p>Fermentis informa gli utenti che i dati personali ricevuti attraverso il sito sono ad uso informativo e di comunicazione e non saranno in nessun caso comunicati a partner commerciali.<\/p>\n<p><br data-source=\"\n\n\"><\/p>\n\t\t<\/div>\n\t\t\t\t\t<\/div>\n\n\t\n<\/div>\n<div class=\"row align-center\"  id=\"row-343151515\">\n\n\t<div id=\"col-1498752500\" class=\"col medium-4 small-10 large-4\"  >\n\t\t\t\t<div class=\"col-inner\"  >\n\t\t\t\n\t\t\t\n<p><br data-source=\"\n\n\"><\/p>\n<h1><span style=\"font-size: 150%\">Progettazione e sviluppo di siti web<\/span><\/h1>\n<p><br data-source=\"\n\n\"><\/p>\n\t\t<\/div>\n\t\t\t\t\n<style>\n#col-1498752500 > .col-inner {\n  padding: 0px 40px 0px 0px;\n}\n<\/style>\n\t<\/div>\n\n\t\n\n\t<div id=\"col-2099715199\" class=\"col medium-8 small-10 large-8\"  >\n\t\t\t\t<div class=\"col-inner\"  >\n\t\t\t\n\t\t\t\n<p><br data-source=\"\n\n\"><\/p>\n<p><strong>Sito web progettato e sviluppato da Fermentis by Lesaffre<\/strong><br \/>280, avenue de la Marne<br \/>59700 Marcq en Baroeul, FRANCIA<\/p>\n<p><br data-source=\"\n\"><\/p>\n<p><strong>Con l&#039;aiuto di OVM Communication<\/strong><br \/>Comunicazione OVM<br \/>9, Avenue du Colonel Driant<br \/>59130 LAMBERSART<br \/>T : +33 (0)6 27 78 30 21<\/p>\n<p><br data-source=\"\n\"><\/p>\n<p>Sito web: <a href=\"https:\/\/ovm-communication.fr\/\" target=\"_blank\" rel=\"noopener noreferrer\">ovm-communication.fr<\/a><\/p>\n<p><br data-source=\"\n\n\"><\/p>\n\t\t<\/div>\n\t\t\t\t\t<\/div>\n\n\t\n<\/div>\n\t\t<\/div>\n\n\t\t\n<style>\n#section_765258676 {\n  padding-top: 20px;\n  padding-bottom: 20px;\n}\n<\/style>\n\t<\/section>\n\t\n","protected":false},"excerpt":{"rendered":"","protected":false},"author":2,"featured_media":0,"parent":0,"menu_order":0,"comment_status":"closed","ping_status":"closed","template":"page-blank.php","meta":{"_acf_changed":false,"footnotes":""},"class_list":["post-44085","page","type-page","status-publish","hentry"],"acf":[],"yoast_head":"<!-- This site is optimized with the Yoast SEO Premium plugin v27.3 (Yoast SEO v27.3) - https:\/\/yoast.com\/product\/yoast-seo-premium-wordpress\/ -->\n<title>Dichiarazione legale - Fermentis<\/title>\n<meta name=\"robots\" content=\"index, follow, max-snippet:-1, max-image-preview:large, max-video-preview:-1\" \/>\n<link rel=\"canonical\" href=\"https:\/\/fermentis.com\/it\/legal-statement\/\" \/>\n<meta property=\"og:locale\" content=\"it_IT\" \/>\n<meta property=\"og:type\" content=\"article\" \/>\n<meta property=\"og:title\" content=\"Dichiarazione legale\" \/>\n<meta property=\"og:url\" content=\"https:\/\/fermentis.com\/it\/legal-statement\/\" \/>\n<meta property=\"og:site_name\" content=\"Fermentis\" \/>\n<meta property=\"article:publisher\" content=\"https:\/\/www.facebook.com\/Fermentis\" \/>\n<meta property=\"article:modified_time\" content=\"2026-04-03T10:00:41+00:00\" \/>\n<meta property=\"og:image\" content=\"https:\/\/fermentis.com\/wp-content\/uploads\/2021\/07\/website-v2.png\" \/>\n\t<meta property=\"og:image:width\" content=\"1903\" \/>\n\t<meta property=\"og:image:height\" content=\"901\" \/>\n\t<meta property=\"og:image:type\" content=\"image\/png\" \/>\n<meta name=\"twitter:card\" content=\"summary_large_image\" \/>\n<meta name=\"twitter:site\" content=\"@fermentis\" \/>\n<meta name=\"twitter:label1\" content=\"Tempo di lettura stimato\" \/>\n\t<meta name=\"twitter:data1\" content=\"4 minuti\" \/>\n<script type=\"application\/ld+json\" class=\"yoast-schema-graph\">{\"@context\":\"https:\\\/\\\/schema.org\",\"@graph\":[{\"@type\":\"WebPage\",\"@id\":\"https:\\\/\\\/fermentis.com\\\/it\\\/legal-statement\\\/\",\"url\":\"https:\\\/\\\/fermentis.com\\\/it\\\/legal-statement\\\/\",\"name\":\"Dichiarazione legale - Fermentis\",\"isPartOf\":{\"@id\":\"https:\\\/\\\/fermentis.com\\\/it\\\/#website\"},\"datePublished\":\"2020-02-13T23:00:00+00:00\",\"dateModified\":\"2026-04-03T10:00:41+00:00\",\"breadcrumb\":{\"@id\":\"https:\\\/\\\/fermentis.com\\\/it\\\/legal-statement\\\/#breadcrumb\"},\"inLanguage\":\"it-IT\",\"potentialAction\":[{\"@type\":\"ReadAction\",\"target\":[\"https:\\\/\\\/fermentis.com\\\/it\\\/legal-statement\\\/\"]}]},{\"@type\":\"BreadcrumbList\",\"@id\":\"https:\\\/\\\/fermentis.com\\\/it\\\/legal-statement\\\/#breadcrumb\",\"itemListElement\":[{\"@type\":\"ListItem\",\"position\":1,\"name\":\"Home\",\"item\":\"https:\\\/\\\/fermentis.com\\\/it\\\/\"},{\"@type\":\"ListItem\",\"position\":2,\"name\":\"Dichiarazione legale\"}]},{\"@type\":\"WebSite\",\"@id\":\"https:\\\/\\\/fermentis.com\\\/it\\\/#website\",\"url\":\"https:\\\/\\\/fermentis.com\\\/it\\\/\",\"name\":\"Fermentis\",\"description\":\"Un site utilisant WordPress\",\"publisher\":{\"@id\":\"https:\\\/\\\/fermentis.com\\\/it\\\/#organization\"},\"potentialAction\":[{\"@type\":\"SearchAction\",\"target\":{\"@type\":\"EntryPoint\",\"urlTemplate\":\"https:\\\/\\\/fermentis.com\\\/it\\\/?s={search_term_string}\"},\"query-input\":{\"@type\":\"PropertyValueSpecification\",\"valueRequired\":true,\"valueName\":\"search_term_string\"}}],\"inLanguage\":\"it-IT\"},{\"@type\":\"Organization\",\"@id\":\"https:\\\/\\\/fermentis.com\\\/it\\\/#organization\",\"name\":\"Fermentis\",\"url\":\"https:\\\/\\\/fermentis.com\\\/it\\\/\",\"logo\":{\"@type\":\"ImageObject\",\"inLanguage\":\"it-IT\",\"@id\":\"https:\\\/\\\/fermentis.com\\\/it\\\/#\\\/schema\\\/logo\\\/image\\\/\",\"url\":\"https:\\\/\\\/fermentis.com\\\/wp-content\\\/uploads\\\/2021\\\/07\\\/Logo-Fermentis-5.png\",\"contentUrl\":\"https:\\\/\\\/fermentis.com\\\/wp-content\\\/uploads\\\/2021\\\/07\\\/Logo-Fermentis-5.png\",\"width\":308,\"height\":95,\"caption\":\"Fermentis\"},\"image\":{\"@id\":\"https:\\\/\\\/fermentis.com\\\/it\\\/#\\\/schema\\\/logo\\\/image\\\/\"},\"sameAs\":[\"https:\\\/\\\/www.facebook.com\\\/Fermentis\",\"https:\\\/\\\/x.com\\\/fermentis\",\"https:\\\/\\\/www.instagram.com\\\/fermentisbylesaffre\\\/\",\"https:\\\/\\\/www.linkedin.com\\\/company\\\/fermentis\\\/\",\"https:\\\/\\\/www.youtube.com\\\/channel\\\/UCt_Lp3IZnUNXZeqSi6iiAdA\"]}]}<\/script>\n<!-- \/ Yoast SEO Premium plugin. -->","yoast_head_json":{"title":"Dichiarazione legale - Fermentis","robots":{"index":"index","follow":"follow","max-snippet":"max-snippet:-1","max-image-preview":"max-image-preview:large","max-video-preview":"max-video-preview:-1"},"canonical":"https:\/\/fermentis.com\/it\/legal-statement\/","og_locale":"it_IT","og_type":"article","og_title":"Dichiarazione legale","og_url":"https:\/\/fermentis.com\/it\/legal-statement\/","og_site_name":"Fermentis","article_publisher":"https:\/\/www.facebook.com\/Fermentis","article_modified_time":"2026-04-03T10:00:41+00:00","og_image":[{"width":1903,"height":901,"url":"https:\/\/fermentis.com\/wp-content\/uploads\/2021\/07\/website-v2.png","type":"image\/png"}],"twitter_card":"summary_large_image","twitter_site":"@fermentis","twitter_misc":{"Tempo di lettura stimato":"4 minuti"},"schema":{"@context":"https:\/\/schema.org","@graph":[{"@type":"WebPage","@id":"https:\/\/fermentis.com\/it\/legal-statement\/","url":"https:\/\/fermentis.com\/it\/legal-statement\/","name":"Dichiarazione legale - Fermentis","isPartOf":{"@id":"https:\/\/fermentis.com\/it\/#website"},"datePublished":"2020-02-13T23:00:00+00:00","dateModified":"2026-04-03T10:00:41+00:00","breadcrumb":{"@id":"https:\/\/fermentis.com\/it\/legal-statement\/#breadcrumb"},"inLanguage":"it-IT","potentialAction":[{"@type":"ReadAction","target":["https:\/\/fermentis.com\/it\/legal-statement\/"]}]},{"@type":"BreadcrumbList","@id":"https:\/\/fermentis.com\/it\/legal-statement\/#breadcrumb","itemListElement":[{"@type":"ListItem","position":1,"name":"Home","item":"https:\/\/fermentis.com\/it\/"},{"@type":"ListItem","position":2,"name":"Dichiarazione legale"}]},{"@type":"WebSite","@id":"https:\/\/fermentis.com\/it\/#website","url":"https:\/\/fermentis.com\/it\/","name":"Fermentis","description":"Un site utilisant WordPress","publisher":{"@id":"https:\/\/fermentis.com\/it\/#organization"},"potentialAction":[{"@type":"SearchAction","target":{"@type":"EntryPoint","urlTemplate":"https:\/\/fermentis.com\/it\/?s={search_term_string}"},"query-input":{"@type":"PropertyValueSpecification","valueRequired":true,"valueName":"search_term_string"}}],"inLanguage":"it-IT"},{"@type":"Organization","@id":"https:\/\/fermentis.com\/it\/#organization","name":"Fermentis","url":"https:\/\/fermentis.com\/it\/","logo":{"@type":"ImageObject","inLanguage":"it-IT","@id":"https:\/\/fermentis.com\/it\/#\/schema\/logo\/image\/","url":"https:\/\/fermentis.com\/wp-content\/uploads\/2021\/07\/Logo-Fermentis-5.png","contentUrl":"https:\/\/fermentis.com\/wp-content\/uploads\/2021\/07\/Logo-Fermentis-5.png","width":308,"height":95,"caption":"Fermentis"},"image":{"@id":"https:\/\/fermentis.com\/it\/#\/schema\/logo\/image\/"},"sameAs":["https:\/\/www.facebook.com\/Fermentis","https:\/\/x.com\/fermentis","https:\/\/www.instagram.com\/fermentisbylesaffre\/","https:\/\/www.linkedin.com\/company\/fermentis\/","https:\/\/www.youtube.com\/channel\/UCt_Lp3IZnUNXZeqSi6iiAdA"]}]}},"_links":{"self":[{"href":"https:\/\/fermentis.com\/it\/wp-json\/wp\/v2\/pages\/44085","targetHints":{"allow":["GET"]}}],"collection":[{"href":"https:\/\/fermentis.com\/it\/wp-json\/wp\/v2\/pages"}],"about":[{"href":"https:\/\/fermentis.com\/it\/wp-json\/wp\/v2\/types\/page"}],"author":[{"embeddable":true,"href":"https:\/\/fermentis.com\/it\/wp-json\/wp\/v2\/users\/2"}],"replies":[{"embeddable":true,"href":"https:\/\/fermentis.com\/it\/wp-json\/wp\/v2\/comments?post=44085"}],"version-history":[{"count":928,"href":"https:\/\/fermentis.com\/it\/wp-json\/wp\/v2\/pages\/44085\/revisions"}],"predecessor-version":[{"id":712314,"href":"https:\/\/fermentis.com\/it\/wp-json\/wp\/v2\/pages\/44085\/revisions\/712314"}],"wp:attachment":[{"href":"https:\/\/fermentis.com\/it\/wp-json\/wp\/v2\/media?parent=44085"}],"curies":[{"name":"wp","href":"https:\/\/api.w.org\/{rel}","templated":true}]}}