{"id":509762,"date":"2020-03-02T00:00:00","date_gmt":"2020-03-01T23:00:00","guid":{"rendered":"https:\/\/fermentis.com\/easy-2-use\/"},"modified":"2026-01-29T13:54:11","modified_gmt":"2026-01-29T12:54:11","slug":"easy-2-use","status":"publish","type":"page","link":"https:\/\/fermentis.com\/it\/easy-2-use\/","title":{"rendered":"Facile da usare"},"content":{"rendered":"\n\t<section class=\"section dark has-parallax\" id=\"section_73752909\">\n\t\t<div class=\"section-bg fill\" data-parallax-container=\".section\" data-parallax-background data-parallax=\"-4\">\n\t\t\t<img loading=\"lazy\" decoding=\"async\" width=\"1841\" height=\"713\" src=\"https:\/\/fermentis.com\/wp-content\/uploads\/2020\/03\/easy-to-use.jpg\" class=\"bg attachment- size-\" alt=\"\" \/>\t\t\t\t\t\t<div class=\"section-bg-overlay absolute fill\"><\/div>\n\t\t\t\n\n\t\t<\/div>\n\n\t\t\n\n\t\t<div class=\"section-content relative\">\n\t\t\t\n<div class=\"row\"  id=\"row-1791419110\">\n\n\t<div id=\"col-1921119264\" class=\"col medium-8 small-12 large-6\"  >\n\t\t\t\t<div class=\"col-inner\"  >\n\t\t\t\n\t\t\t\n<h6>Un sigillo di qualit\u00e0 per il tuo lievito e i tuoi derivati<\/h6>\n<h1><span style=\"font-size: 200%\">E2U\u2122 &#8211; Facile da usare <\/span><\/h1>\n\t\t<\/div>\n\t\t\t\t\t<\/div>\n\n\t\n<\/div>\n\t\t<\/div>\n\n\t\t\n<style>\n#section_73752909 {\n  padding-top: 30px;\n  padding-bottom: 30px;\n  min-height: 349px;\n}\n#section_73752909 .section-bg-overlay {\n  background-color: rgba(52, 35, 35, 0.57);\n}\n<\/style>\n\t<\/section>\n\t\n<div class=\"row row-collapse align-right\"  id=\"row-721817653\">\n\n\t<div id=\"col-1780747546\" class=\"col medium-6 small-12 large-6\"  >\n\t\t\t\t<div class=\"col-inner\" style=\"background-color:#4ac193;\" >\n\t\t\t\n\t\t\t\n\n\t<section class=\"section\" id=\"section_1127407642\">\n\t\t<div class=\"section-bg fill\" >\n\t\t\t\t\t\t\t\t\t\n\t\t\t\n\n\t\t<\/div>\n\n\t\t\n\n\t\t<div class=\"section-content relative\">\n\t\t\t\n<div class=\"row row-collapse align-center\"  id=\"row-2057652574\">\n\n\t<div id=\"col-752001834\" class=\"col small-12 large-12\"  >\n\t\t\t\t<div class=\"col-inner dark\"  >\n\t\t\t\n\t\t\t\n<h3><span style=\"font-size: 120%\">Utilizzare i nostri prodotti non \u00e8 mai stato cos\u00ec facile. Con E2U\u2122 risparmi tempo e fatica preziosi: provali subito e non tornerai pi\u00f9 indietro. <\/span><\/h3>\n\t\t<\/div>\n\t\t\t\t\t<\/div>\n\n\t\n\n<style>\n#row-2057652574 > .col > .col-inner {\n  padding: 40px 20px 20px 20px;\n}\n<\/style>\n<\/div>\n\t\t<\/div>\n\n\t\t\n<style>\n#section_1127407642 {\n  padding-top: 0px;\n  padding-bottom: 0px;\n  background-color: rgb(239, 117, 0);\n}\n<\/style>\n\t<\/section>\n\t\n\t\t<\/div>\n\t\t\t\t\n<style>\n#col-1780747546 > .col-inner {\n  margin: -80px 0px 20px 0px;\n}\n<\/style>\n\t<\/div>\n\n\t\n<\/div>\n\n\t<section class=\"section\" id=\"section_1928959076\">\n\t\t<div class=\"section-bg fill\" >\n\t\t\t\t\t\t\t\t\t\n\t\t\t\n\n\t\t<\/div>\n\n\t\t\n\n\t\t<div class=\"section-content relative\">\n\t\t\t\n<div class=\"row align-middle\"  id=\"row-2111512072\">\n\n\t<div id=\"col-57274769\" class=\"col medium-6 small-12 large-6\"  >\n\t\t\t\t<div class=\"col-inner\"  >\n\t\t\t\n\t\t\t\n<h2>Capire E2U\u2122<\/h2>\n<p><strong>E2U\u2122 rappresenta un passo rivoluzionario compiuto da Fermentis nel mondo dei lieviti e dei derivati del lievito per le bevande. <\/strong><\/p>\n<p>Risparmia tempo ed energia con i prodotti certificati E2U\u2122. Avendo meno preoccupazioni, puoi concentrarti su ci\u00f2 che sai fare meglio: creare le migliori bevande fermentate per i tuoi clienti.<\/p>\n<p>Per quanto riguarda il lievito, la certificazione E2U\u2122 significa che puoi scegliere di aggiungerlo direttamente al mosto oppure procedere alla reidratazione. Non fa alcuna differenza, dipende da te. Garantiamo gli stessi risultati.<\/p>\n<p>Per i derivati del lievito, con i prodotti certificati E2U\u2122, godrai di bassa polverosit\u00e0 e alta disperdibilit\u00e0 nel serbatoio.<\/p>\n<p>Potete consultare i dettagli qui sotto.<\/p>\n\t\t<\/div>\n\t\t\t\t\t<\/div>\n\n\t\n\n\t<div id=\"col-1131471367\" class=\"col medium-6 small-12 large-6\"  >\n\t\t\t\t<div class=\"col-inner text-center\"  >\n\t\t\t\n\t\t\t\n\n  <div class=\"banner has-hover\" id=\"banner-1576329669\">\n          <div class=\"banner-inner fill\">\n        <div class=\"banner-bg fill\" >\n                                                \n                    <\/div>\n\t\t\n        <div class=\"banner-layers container\">\n            <div class=\"fill banner-link\"><\/div>            \n\t<div class=\"img has-hover x50 md-x50 lg-x50 y50 md-y50 lg-y50\" id=\"image_1314952422\">\n\t\t\t\t\t\t\t\t<div class=\"img-inner dark\" >\n\t\t\t<img loading=\"lazy\" decoding=\"async\" width=\"1020\" height=\"959\" src=\"https:\/\/fermentis.com\/wp-content\/uploads\/2020\/03\/easy-2-use-logo-1024x963.png\" class=\"attachment-large size-large\" alt=\"\" srcset=\"https:\/\/fermentis.com\/wp-content\/uploads\/2020\/03\/easy-2-use-logo-1024x963.png 1024w, https:\/\/fermentis.com\/wp-content\/uploads\/2020\/03\/easy-2-use-logo-800x753.png 800w, https:\/\/fermentis.com\/wp-content\/uploads\/2020\/03\/easy-2-use-logo-768x723.png 768w, https:\/\/fermentis.com\/wp-content\/uploads\/2020\/03\/easy-2-use-logo-600x565.png 600w, https:\/\/fermentis.com\/wp-content\/uploads\/2020\/03\/easy-2-use-logo-300x282.png 300w, https:\/\/fermentis.com\/wp-content\/uploads\/2020\/03\/easy-2-use-logo.png 1200w\" sizes=\"auto, (max-width: 1020px) 100vw, 1020px\" \/>\t\t\t\t\t\t\n\t\t\t\t\t<\/div>\n\t\t\t\t\t\t\t\t\n<style>\n#image_1314952422 {\n  width: 50%;\n}\n<\/style>\n\t<\/div>\n\t\n        <\/div>\n      <\/div>\n\n            \n<style>\n#banner-1576329669 {\n  padding-top: 60%;\n  background-color: rgb(255,255,255);\n}\n<\/style>\n  <\/div>\n\n\n\t\t<\/div>\n\t\t\t\t\t<\/div>\n\n\t\n<\/div>\n\t\t<\/div>\n\n\t\t\n<style>\n#section_1928959076 {\n  padding-top: 0px;\n  padding-bottom: 0px;\n}\n<\/style>\n\t<\/section>\n\t\n<div class=\"row align-equal\"  id=\"row-672085682\">\n\n\t<div id=\"col-1097186050\" class=\"col medium-6 small-12 large-6\"  >\n\t\t\t\t<div class=\"col-inner\"  >\n\t\t\t\n\t\t\t\n\n\t<section class=\"section\" id=\"section_1008553209\">\n\t\t<div class=\"section-bg fill\" >\n\t\t\t\t\t\t\t\t\t\n\t\t\t\n\t<div class=\"is-border\"\n\t\tstyle=\"border-color:rgb(239, 117, 0);border-width:2px 2px 2px 2px;\">\n\t<\/div>\n\n\t\t<\/div>\n\n\t\t\n\n\t\t<div class=\"section-content relative\">\n\t\t\t\n<h6>01<\/h6>\n<h2>Lievito secco attivo Fermentis (SafYeast\u2122)<\/h2>\n<ul>\n<li><strong>Vitalit\u00e0 delle cellule di lievito<\/strong>: nessuna differenza significativa se si usa il metodo diretto o quello reidratato<\/li>\n<li><strong>Prestazioni di fermentazione<\/strong> <span style=\"font-size: 14.4px\">(cinetica, contenuto di zucchero, ecc.)<\/span>: nessuna differenza significativa se si utilizza il pitch diretto o si reidrata<\/li>\n<li><strong>Gusto e aromi<\/strong>: nessun impatto se si lancia direttamente o si reidrata<\/li>\n<\/ul>\n\t\t<\/div>\n\n\t\t\n<style>\n#section_1008553209 {\n  padding-top: 30px;\n  padding-bottom: 30px;\n}\n<\/style>\n\t<\/section>\n\t\n\t\t<\/div>\n\t\t\t\t\t<\/div>\n\n\t\n\n\t<div id=\"col-783201728\" class=\"col medium-6 small-12 large-6\"  >\n\t\t\t\t<div class=\"col-inner\"  >\n\t\t\t\n\t\t\t\n\n\t<section class=\"section dark\" id=\"section_8536864\">\n\t\t<div class=\"section-bg fill\" >\n\t\t\t\t\t\t\t\t\t\n\t\t\t\n\t<div class=\"is-border\"\n\t\tstyle=\"border-color:rgb(239, 117, 0);border-width:2px 2px 2px 2px;\">\n\t<\/div>\n\n\t\t<\/div>\n\n\t\t\n\n\t\t<div class=\"section-content relative\">\n\t\t\t\n<h6>02<\/h6>\n<h2>Derivati del lievito Fermentis<\/h2>\n<ul>\n<li><strong>Bassa <\/strong>polverizzazione (puoi lanciare senza alcun rischio di inalazione)\n<\/p>\n<p>Questo \u00e8 il criterio che conferma che un prodotto \u00e8 &quot;sicuro da usare&quot;. La pulverulenza misura il rischio di inalare particelle fini rilasciate da una bustina quando viene aperta, soprattutto se aperta rapidamente o con vigore. Quanto pi\u00f9 fini (o &quot;polverose&quot;) sono le particelle, tanto maggiore \u00e8 il rischio di inalazione.<\/li>\n<li><strong>Elevata disperdibilit\u00e0<\/strong> dopo il lancio\n<\/p>\n<p>Misura la capacit\u00e0 di una polvere di distribuirsi in modo omogeneo in un liquido quando viene agitata. La polvere \u00e8 considerata dispersibile quando si immerge completamente nel liquido senza creare grumi (aggregati). NB: la polvere \u00e8 &quot;dispersa&quot; e non &quot;dissolta&quot;, poich\u00e9 nella maggior parte dei casi si parla di derivati insolubili del lievito.<\/li>\n<\/ul>\n\t\t<\/div>\n\n\t\t\n<style>\n#section_8536864 {\n  padding-top: 30px;\n  padding-bottom: 30px;\n  background-color: rgb(239, 117, 0);\n}\n<\/style>\n\t<\/section>\n\t\n\t\t<\/div>\n\t\t\t\t\t<\/div>\n\n\t\n<\/div>\n\n\t<section class=\"section\" id=\"section_1014250655\">\n\t\t<div class=\"section-bg fill\" >\n\t\t\t\t\t\t\t\t\t\n\t\t\t\n\n\t\t<\/div>\n\n\t\t\n\n\t\t<div class=\"section-content relative\">\n\t\t\t\n<div class=\"row row-large steps-simple-headline\"  id=\"row-1103799186\">\n\n\t<div id=\"col-1560236473\" class=\"col medium-4 small-12 large-12\"  >\n\t\t\t\t<div class=\"col-inner\"  >\n\t\t\t\n\t\t\t\n<div class=\"video video-fit mb\" style=\"padding-top:52%;\"><p><iframe loading=\"lazy\" title=\"Direct pitching beer yeast [tips for brewers]\" width=\"1020\" height=\"574\" src=\"https:\/\/www.youtube.com\/embed\/qAluSoJeiWY?feature=oembed\" frameborder=\"0\" allow=\"accelerometer; autoplay; clipboard-write; encrypted-media; gyroscope; picture-in-picture; web-share\" referrerpolicy=\"strict-origin-when-cross-origin\" allowfullscreen><\/iframe><\/p>\n<\/div>\n<h3><span style=\"font-size: 140%\">Oltre il 90% della gamma di lieviti e derivati Fermentis \u00e8 E2U\u2122<\/span><\/h3>\n<p>Solo i prodotti contenenti enzimi, come SafBrew\u2122 HA-18, non sono certificati E2U\u2122. Possono comunque essere aggiunti direttamente al mosto, ma \u00e8 meglio utilizzarli indossando dispositivi di protezione per il viso, come una maschera, per evitare di inalarli e di conseguenza evitare potenziali fastidi.<\/p>\n\t\t<\/div>\n\t\t\t\t\t<\/div>\n\n\t\n<\/div>\n\t\t<\/div>\n\n\t\t\n<style>\n#section_1014250655 {\n  padding-top: 40px;\n  padding-bottom: 40px;\n}\n<\/style>\n\t<\/section>\n\t\n","protected":false},"excerpt":{"rendered":"","protected":false},"author":2,"featured_media":0,"parent":0,"menu_order":0,"comment_status":"closed","ping_status":"open","template":"page-blank.php","meta":{"_acf_changed":false,"footnotes":""},"class_list":["post-509762","page","type-page","status-publish","hentry"],"acf":[],"yoast_head":"<!-- This site is optimized with the Yoast SEO Premium plugin v27.3 (Yoast SEO v27.3) - https:\/\/yoast.com\/product\/yoast-seo-premium-wordpress\/ -->\n<title>Facile da usare - Fermentis<\/title>\n<meta name=\"description\" content=\"Facile da usare, la soluzione che ti aiuta a risparmiare tempo, fatica ed energia nel processo di fermentazione. Con Easy To Use puoi lanciare direttamente!\" \/>\n<meta name=\"robots\" content=\"index, follow, max-snippet:-1, max-image-preview:large, max-video-preview:-1\" \/>\n<link rel=\"canonical\" href=\"https:\/\/fermentis.com\/it\/easy-2-use\/\" \/>\n<meta property=\"og:locale\" content=\"it_IT\" \/>\n<meta property=\"og:type\" content=\"article\" \/>\n<meta property=\"og:title\" content=\"Facile da usare\" \/>\n<meta property=\"og:description\" content=\"Facile da usare, la soluzione che ti aiuta a risparmiare tempo, fatica ed energia nel processo di fermentazione. Con Easy To Use puoi lanciare direttamente!\" \/>\n<meta property=\"og:url\" content=\"https:\/\/fermentis.com\/it\/easy-2-use\/\" \/>\n<meta property=\"og:site_name\" content=\"Fermentis\" \/>\n<meta property=\"article:publisher\" content=\"https:\/\/www.facebook.com\/Fermentis\" \/>\n<meta property=\"article:modified_time\" content=\"2026-01-29T12:54:11+00:00\" \/>\n<meta property=\"og:image\" content=\"https:\/\/fermentis.com\/wp-content\/uploads\/2021\/07\/website-v2.png\" \/>\n\t<meta property=\"og:image:width\" content=\"1903\" \/>\n\t<meta property=\"og:image:height\" content=\"901\" \/>\n\t<meta property=\"og:image:type\" content=\"image\/png\" \/>\n<meta name=\"twitter:card\" content=\"summary_large_image\" \/>\n<meta name=\"twitter:site\" content=\"@fermentis\" \/>\n<meta name=\"twitter:label1\" content=\"Tempo di lettura stimato\" \/>\n\t<meta name=\"twitter:data1\" content=\"3 minuti\" \/>\n<script type=\"application\/ld+json\" class=\"yoast-schema-graph\">{\"@context\":\"https:\\\/\\\/schema.org\",\"@graph\":[{\"@type\":\"WebPage\",\"@id\":\"https:\\\/\\\/fermentis.com\\\/it\\\/easy-2-use\\\/\",\"url\":\"https:\\\/\\\/fermentis.com\\\/it\\\/easy-2-use\\\/\",\"name\":\"Facile da usare - Fermentis\",\"isPartOf\":{\"@id\":\"https:\\\/\\\/fermentis.com\\\/it\\\/#website\"},\"datePublished\":\"2020-03-01T23:00:00+00:00\",\"dateModified\":\"2026-01-29T12:54:11+00:00\",\"description\":\"Facile da usare, la soluzione che ti aiuta a risparmiare tempo, fatica ed energia nel processo di fermentazione. Con Easy To Use puoi lanciare direttamente!\",\"breadcrumb\":{\"@id\":\"https:\\\/\\\/fermentis.com\\\/it\\\/easy-2-use\\\/#breadcrumb\"},\"inLanguage\":\"it-IT\",\"potentialAction\":[{\"@type\":\"ReadAction\",\"target\":[\"https:\\\/\\\/fermentis.com\\\/it\\\/easy-2-use\\\/\"]}]},{\"@type\":\"BreadcrumbList\",\"@id\":\"https:\\\/\\\/fermentis.com\\\/it\\\/easy-2-use\\\/#breadcrumb\",\"itemListElement\":[{\"@type\":\"ListItem\",\"position\":1,\"name\":\"Home\",\"item\":\"https:\\\/\\\/fermentis.com\\\/it\\\/\"},{\"@type\":\"ListItem\",\"position\":2,\"name\":\"Facile da usare\"}]},{\"@type\":\"WebSite\",\"@id\":\"https:\\\/\\\/fermentis.com\\\/it\\\/#website\",\"url\":\"https:\\\/\\\/fermentis.com\\\/it\\\/\",\"name\":\"Fermentis\",\"description\":\"Un site utilisant WordPress\",\"publisher\":{\"@id\":\"https:\\\/\\\/fermentis.com\\\/it\\\/#organization\"},\"potentialAction\":[{\"@type\":\"SearchAction\",\"target\":{\"@type\":\"EntryPoint\",\"urlTemplate\":\"https:\\\/\\\/fermentis.com\\\/it\\\/?s={search_term_string}\"},\"query-input\":{\"@type\":\"PropertyValueSpecification\",\"valueRequired\":true,\"valueName\":\"search_term_string\"}}],\"inLanguage\":\"it-IT\"},{\"@type\":\"Organization\",\"@id\":\"https:\\\/\\\/fermentis.com\\\/it\\\/#organization\",\"name\":\"Fermentis\",\"url\":\"https:\\\/\\\/fermentis.com\\\/it\\\/\",\"logo\":{\"@type\":\"ImageObject\",\"inLanguage\":\"it-IT\",\"@id\":\"https:\\\/\\\/fermentis.com\\\/it\\\/#\\\/schema\\\/logo\\\/image\\\/\",\"url\":\"https:\\\/\\\/fermentis.com\\\/wp-content\\\/uploads\\\/2021\\\/07\\\/Logo-Fermentis-5.png\",\"contentUrl\":\"https:\\\/\\\/fermentis.com\\\/wp-content\\\/uploads\\\/2021\\\/07\\\/Logo-Fermentis-5.png\",\"width\":308,\"height\":95,\"caption\":\"Fermentis\"},\"image\":{\"@id\":\"https:\\\/\\\/fermentis.com\\\/it\\\/#\\\/schema\\\/logo\\\/image\\\/\"},\"sameAs\":[\"https:\\\/\\\/www.facebook.com\\\/Fermentis\",\"https:\\\/\\\/x.com\\\/fermentis\",\"https:\\\/\\\/www.instagram.com\\\/fermentisbylesaffre\\\/\",\"https:\\\/\\\/www.linkedin.com\\\/company\\\/fermentis\\\/\",\"https:\\\/\\\/www.youtube.com\\\/channel\\\/UCt_Lp3IZnUNXZeqSi6iiAdA\"]}]}<\/script>\n<!-- \/ Yoast SEO Premium plugin. -->","yoast_head_json":{"title":"Facile da usare - Fermentis","description":"Facile da usare, la soluzione che ti aiuta a risparmiare tempo, fatica ed energia nel processo di fermentazione. Con Easy To Use puoi lanciare direttamente!","robots":{"index":"index","follow":"follow","max-snippet":"max-snippet:-1","max-image-preview":"max-image-preview:large","max-video-preview":"max-video-preview:-1"},"canonical":"https:\/\/fermentis.com\/it\/easy-2-use\/","og_locale":"it_IT","og_type":"article","og_title":"Facile da usare","og_description":"Facile da usare, la soluzione che ti aiuta a risparmiare tempo, fatica ed energia nel processo di fermentazione. Con Easy To Use puoi lanciare direttamente!","og_url":"https:\/\/fermentis.com\/it\/easy-2-use\/","og_site_name":"Fermentis","article_publisher":"https:\/\/www.facebook.com\/Fermentis","article_modified_time":"2026-01-29T12:54:11+00:00","og_image":[{"width":1903,"height":901,"url":"https:\/\/fermentis.com\/wp-content\/uploads\/2021\/07\/website-v2.png","type":"image\/png"}],"twitter_card":"summary_large_image","twitter_site":"@fermentis","twitter_misc":{"Tempo di lettura stimato":"3 minuti"},"schema":{"@context":"https:\/\/schema.org","@graph":[{"@type":"WebPage","@id":"https:\/\/fermentis.com\/it\/easy-2-use\/","url":"https:\/\/fermentis.com\/it\/easy-2-use\/","name":"Facile da usare - Fermentis","isPartOf":{"@id":"https:\/\/fermentis.com\/it\/#website"},"datePublished":"2020-03-01T23:00:00+00:00","dateModified":"2026-01-29T12:54:11+00:00","description":"Facile da usare, la soluzione che ti aiuta a risparmiare tempo, fatica ed energia nel processo di fermentazione. Con Easy To Use puoi lanciare direttamente!","breadcrumb":{"@id":"https:\/\/fermentis.com\/it\/easy-2-use\/#breadcrumb"},"inLanguage":"it-IT","potentialAction":[{"@type":"ReadAction","target":["https:\/\/fermentis.com\/it\/easy-2-use\/"]}]},{"@type":"BreadcrumbList","@id":"https:\/\/fermentis.com\/it\/easy-2-use\/#breadcrumb","itemListElement":[{"@type":"ListItem","position":1,"name":"Home","item":"https:\/\/fermentis.com\/it\/"},{"@type":"ListItem","position":2,"name":"Facile da usare"}]},{"@type":"WebSite","@id":"https:\/\/fermentis.com\/it\/#website","url":"https:\/\/fermentis.com\/it\/","name":"Fermentis","description":"Un site utilisant WordPress","publisher":{"@id":"https:\/\/fermentis.com\/it\/#organization"},"potentialAction":[{"@type":"SearchAction","target":{"@type":"EntryPoint","urlTemplate":"https:\/\/fermentis.com\/it\/?s={search_term_string}"},"query-input":{"@type":"PropertyValueSpecification","valueRequired":true,"valueName":"search_term_string"}}],"inLanguage":"it-IT"},{"@type":"Organization","@id":"https:\/\/fermentis.com\/it\/#organization","name":"Fermentis","url":"https:\/\/fermentis.com\/it\/","logo":{"@type":"ImageObject","inLanguage":"it-IT","@id":"https:\/\/fermentis.com\/it\/#\/schema\/logo\/image\/","url":"https:\/\/fermentis.com\/wp-content\/uploads\/2021\/07\/Logo-Fermentis-5.png","contentUrl":"https:\/\/fermentis.com\/wp-content\/uploads\/2021\/07\/Logo-Fermentis-5.png","width":308,"height":95,"caption":"Fermentis"},"image":{"@id":"https:\/\/fermentis.com\/it\/#\/schema\/logo\/image\/"},"sameAs":["https:\/\/www.facebook.com\/Fermentis","https:\/\/x.com\/fermentis","https:\/\/www.instagram.com\/fermentisbylesaffre\/","https:\/\/www.linkedin.com\/company\/fermentis\/","https:\/\/www.youtube.com\/channel\/UCt_Lp3IZnUNXZeqSi6iiAdA"]}]}},"_links":{"self":[{"href":"https:\/\/fermentis.com\/it\/wp-json\/wp\/v2\/pages\/509762","targetHints":{"allow":["GET"]}}],"collection":[{"href":"https:\/\/fermentis.com\/it\/wp-json\/wp\/v2\/pages"}],"about":[{"href":"https:\/\/fermentis.com\/it\/wp-json\/wp\/v2\/types\/page"}],"author":[{"embeddable":true,"href":"https:\/\/fermentis.com\/it\/wp-json\/wp\/v2\/users\/2"}],"replies":[{"embeddable":true,"href":"https:\/\/fermentis.com\/it\/wp-json\/wp\/v2\/comments?post=509762"}],"version-history":[{"count":931,"href":"https:\/\/fermentis.com\/it\/wp-json\/wp\/v2\/pages\/509762\/revisions"}],"predecessor-version":[{"id":592078,"href":"https:\/\/fermentis.com\/it\/wp-json\/wp\/v2\/pages\/509762\/revisions\/592078"}],"wp:attachment":[{"href":"https:\/\/fermentis.com\/it\/wp-json\/wp\/v2\/media?parent=509762"}],"curies":[{"name":"wp","href":"https:\/\/api.w.org\/{rel}","templated":true}]}}