{"id":123791,"date":"2025-02-03T17:09:06","date_gmt":"2025-02-03T16:09:06","guid":{"rendered":"https:\/\/fermentis.com\/?post_type=product&#038;p=123791"},"modified":"2026-04-05T07:04:27","modified_gmt":"2026-04-05T05:04:27","slug":"safcoffee-sunrise-orange","status":"publish","type":"product","link":"https:\/\/fermentis.com\/it\/prodotto\/safcoffee-sunrise-orange\/","title":{"rendered":"SafCoffee\u2122 Sunrise Orange"},"content":{"rendered":"<div class=\"container section-title-container\" ><h2 class=\"section-title section-title-center\"><b aria-hidden=\"true\"><\/b><span class=\"section-title-main\" style=\"font-size:115%;\">Il lievito ideale per esprimere le note di frutta tropicale nel caff\u00e8<\/span><b aria-hidden=\"true\"><\/b><\/h2><\/div>\n<p><strong>SafCoffee\u2122<\/strong> <strong>Sunrise Orange<\/strong> \u00e8 stato selezionato per potenziare il fruttato del caff\u00e8.<br \/>\nNelle prove condotte da Fermentis, questo lievito ha dimostrato la capacit\u00e0 di fornire evidenti note di frutto della passione e frutta tropicale completate da delicate sfumature agrumate. Il risultato \u00e8 una tazzina ben equilibrata con una leggera acidit\u00e0.<\/p>\n<p>I risultati possono variare in base alla variet\u00e0 dei chicchi di caff\u00e8, alle condizioni di fermentazione o ad altre variabili di processo. Si consiglia di effettuare prove per determinare l&#039;impatto del lievito e della fermentazione.<\/p>\n<p><strong>Ingredienti:<\/strong> lievito (<em>Saccharomyces cerevisiae<\/em>), emulsionante: monostearato di sorbitano (E\/INS 491)<\/p>\n\t<div id=\"gap-909683446\" class=\"gap-element clearfix\" style=\"display:block; height:auto;\">\n\t\t\n<style>\n#gap-909683446 {\n  padding-top: 30px;\n}\n<\/style>\n\t<\/div>\n\t\n<div class=\"container section-title-container\" ><h3 class=\"section-title section-title-center\"><b aria-hidden=\"true\"><\/b><span class=\"section-title-main\" style=\"font-size:115%;\">SafCoffee\u2122 Sunrise Orange - caratteristiche tecniche<\/span><b aria-hidden=\"true\"><\/b><\/h3><\/div>\n\n\t\t<div class=\"tabbed-content\">\n\t\t\t\n\t\t\t<ul class=\"nav nav-tabs nav-uppercase nav-size-normal nav-left\" role=\"tablist\"><li id=\"tab-dosaggio-e-utilizzo\" class=\"tab active has-icon\" role=\"presentation\"><a href=\"#tab_dosaggio-e-utilizzo\" role=\"tab\" aria-selected=\"true\" aria-controls=\"tab_dosaggio-e-utilizzo\"><span>Dosaggio e utilizzo<\/span><\/a><\/li>\n<li id=\"tab-analisi-tipica\" class=\"tab has-icon\" role=\"presentation\"><a href=\"#tab_analisi-tipica\" tabindex=\"-1\" role=\"tab\" aria-selected=\"false\" aria-controls=\"tab_analisi-tipica\"><span>Analisi tipica<\/span><\/a><\/li>\n<li id=\"tab-conservazione;-scadenza\" class=\"tab has-icon\" role=\"presentation\"><a href=\"#tab_conservazione;-scadenza\" tabindex=\"-1\" role=\"tab\" aria-selected=\"false\" aria-controls=\"tab_conservazione;-scadenza\"><span>Conservazione; scadenza<\/span><\/a><\/li><\/ul><div class=\"tab-panels\"><div id=\"tab_dosaggio-e-utilizzo\" class=\"panel active entry-content\" role=\"tabpanel\" aria-labelledby=\"tab-dosaggio-e-utilizzo\">\n<h4><span style=\"font-size: 18pt\">Dosaggio\/Temperatura<\/span><\/h4>\n<p>Idealmente a 20\u00b0-30\u00b0C<\/p>\n<p>100 g di<strong> SafCoffee\u2122 Sunrise Orange<\/strong> per 100 kg di ciliegie di caff\u00e8 intere o spolpate (1 g\/kg)<br \/>\n(100 g di <strong>SafCoffee\u2122 Sunrise Orange<\/strong> per 100 kg di ciliegie di caff\u00e8 intere o depulpate)<\/p>\n<h5>Utilizzo<\/h5>\n<p><strong>Suggerimento d&#039;uso:<\/strong><\/p>\n<p><strong>SafCoffee\u2122<\/strong> <strong>Sunrise Orange <\/strong>pu\u00f2 essere utilizzato per la fermentazione di variet\u00e0 di caff\u00e8 sia Arabica che Robusta. \u00c8 adatto alla fermentazione di ciliegie di caff\u00e8 intere o spolpate.<\/p>\n<p>Per temperature di fermentazione superiori a 18\u00b0C, si consiglia un periodo di fermentazione di 60 ore. Tuttavia, questa durata pu\u00f2 essere ridotta a 24-48 ore se le temperature superano i 25\u00b0C, a seconda dell&#039;andamento della fermentazione.<\/p>\n<p><u>Nota:<\/u> le durate di fermentazione consigliate si basano sulle nostre osservazioni. Tuttavia, la durata effettiva della fermentazione pu\u00f2 variare a seconda di specifiche condizioni di lavorazione, come l&#039;uso di ciliegie intere <em>o<\/em> spolpate, e delle fluttuazioni di temperatura durante il processo.<br \/>\nDato l&#039;impatto del lievito sulla qualit\u00e0 del prodotto finale, consigliamo vivamente gli utilizzatori di effettuare prove di fermentazione su piccola scala prima di utilizzare i nostri prodotti a livello commerciale, al fine di definire il miglior protocollo di lavorazione.<\/p>\n<p><strong>Istruzioni d&#039;uso:<\/strong><\/p>\n<p><strong>\u00a0<\/strong><strong>Utilizzare questo lievito previa reidratazione: <\/strong><\/p>\n<ul>\n<li>In un contenitore pulito e perfettamente igienizzato, versare delicatamente la quantit\u00e0 desiderata di lievito in 10 volte il suo peso di acqua potabile a 15\u00b0-35\u00b0C.<\/li>\n<li>Mescolare delicatamente per completare la reidratazione del lievito ed evitare la formazione di grumi.<\/li>\n<li>Lasciare riposare per 15-30 minuti.<\/li>\n<li>Incorporare lo starter di lievito nel serbatoio di fermentazione con l&#039;omogeneizzazione.<\/li>\n<\/ul>\n<\/div>\n<div id=\"tab_analisi-tipica\" class=\"panel entry-content\" role=\"tabpanel\" aria-labelledby=\"tab-analisi-tipica\">\n<ul>\n<li style=\"list-style-type: none\"><\/li>\n<li>Lievito vitale: &gt; 1,0 *<sup>1010 <\/sup>ufc\/g<\/li>\n<li>Purezza: &gt; 99,999%\n<ul>\n<li>Batteri lattici: &lt; 1 ufc \/10<sup>7<\/sup> cellule di lievito<\/li>\n<li>Batteri totali: &lt; 5 ufc \/10<sup>7<\/sup> cellule di lievito<\/li>\n<li>Lievito &quot;selvatico&quot;: &lt; 1 ufc\/107<sup><\/sup> cellule di lievito<\/li>\n<li>Microrganismi patogeni: in conformit\u00e0 al regolamento<\/li>\n<\/ul>\n<\/li>\n<\/ul>\n<\/div>\n<div id=\"tab_conservazione;-scadenza\" class=\"panel entry-content\" role=\"tabpanel\" aria-labelledby=\"tab-conservazione;-scadenza\">\n<h4>Imballo<\/h4>\n<p>Scatola di cartone con 20 confezioni sottovuoto da 500 g ciascuna (peso netto dell&#039;intera scatola: 10 kg)<br \/>\nScatola di cartone da 1 confezione sottovuoto da 10 kg (peso netto dell&#039;intera scatola: 10 kg)<\/p>\n<h4>Conservazione e conformit\u00e0<\/h4>\n<p>Il prodotto deve essere conservato\/trasportato in condizioni asciutte e al riparo da fonti di calore dirette (ad es. luce solare).<br \/>\nPer un massimo di 6 mesi, il prodotto pu\u00f2 essere conservato\/trasportato a temperature ambiente inferiori a 25\u00b0C senza compromettere le sue prestazioni. Sono consentiti picchi di temperatura fino a 40\u00b0C per un periodo di tempo limitato (meno di 7 giorni in totale).<br \/>\nPer tempi di conservazione prolungati (oltre i 6 mesi) dopo l&#039;arrivo del prodotto alla destinazione finale, Fermentis raccomanda la conservazione a temperatura controllata (inferiore a 15\u00b0C).<\/p>\n<h4>Durata di conservazione<\/h4>\n<p>36 mesi dalla data di produzione. Fare riferimento alla data limite di utilizzo ottimale riportata sulla confezione. Le confezioni aperte devono essere ermeticamente sigillate, conservate a 4\u00b0C e utilizzate entro 7 giorni dall&#039;apertura. Non utilizzare le confezioni che hanno perso il sottovuoto.<\/p>\n<p><strong><em>Ogni lievito Fermentis \u00e8 sviluppato secondo uno specifico schema di produzione e beneficia del savoir-faire del gruppo Lesaffre, leader mondiale nella produzione di lieviti. Ci\u00f2 garantisce la massima purezza microbiologica e la massima attivit\u00e0 di fermentazione. <\/em><\/strong><\/p>\n<\/div><\/div><\/div>\n\t<div id=\"gap-1360846894\" class=\"gap-element clearfix\" style=\"display:block; height:auto;\">\n\t\t\n<style>\n#gap-1360846894 {\n  padding-top: 30px;\n}\n<\/style>\n\t<\/div>\n\t\n","protected":false},"excerpt":{"rendered":"<p>Il lievito ottimale per esprimere le note di frutta tropicale nel caff\u00e8&lt;br data-source=&quot;\\r\\n}&nbsp;<\/p>\n","protected":false},"featured_media":691520,"comment_status":"closed","ping_status":"closed","template":"","meta":{"_acf_changed":false},"product_brand":[],"product_cat":[3016,1962],"product_tag":[],"class_list":{"0":"post-123791","1":"product","2":"type-product","3":"status-publish","4":"has-post-thumbnail","6":"product_cat-coffee-it","7":"product_cat-other-beverages-it","9":"first","10":"instock","11":"shipping-taxable","12":"product-type-simple"},"acf":[],"yoast_head":"<!-- This site is optimized with the Yoast SEO Premium plugin v27.3 (Yoast SEO v27.3) - https:\/\/yoast.com\/product\/yoast-seo-premium-wordpress\/ -->\n<title>SafCoffee\u2122 Sunrise Orange - Fermentis<\/title>\n<meta name=\"description\" content=\"Potenziate il fruttato del caff\u00e8 con SafCoffee\u2122 Sunrise Orange. Questo lievito \u00e8 stato specificamente selezionato per potenziare il naturale fruttato del caff\u00e8. Le prove dimostrano che \u00e8 in grado di produrre una tazzina ben bilanciata con aromi importanti di frutto della passione e frutta tropicale, completati da delicate sfumature di agrumi e da una lieve acidit\u00e0.\" \/>\n<meta name=\"robots\" content=\"index, follow, max-snippet:-1, max-image-preview:large, max-video-preview:-1\" \/>\n<link rel=\"canonical\" href=\"https:\/\/fermentis.com\/it\/prodotto\/safcoffee-sunrise-orange\/\" \/>\n<meta property=\"og:locale\" content=\"it_IT\" \/>\n<meta property=\"og:type\" content=\"article\" \/>\n<meta property=\"og:title\" content=\"SafCoffee\u2122 Sunrise Orange\" \/>\n<meta property=\"og:description\" content=\"Potenziate il fruttato del caff\u00e8 con SafCoffee\u2122 Sunrise Orange. Questo lievito \u00e8 stato specificamente selezionato per potenziare il naturale fruttato del caff\u00e8. Le prove dimostrano che \u00e8 in grado di produrre una tazzina ben bilanciata con aromi importanti di frutto della passione e frutta tropicale, completati da delicate sfumature di agrumi e da una lieve acidit\u00e0.\" \/>\n<meta property=\"og:url\" content=\"https:\/\/fermentis.com\/it\/prodotto\/safcoffee-sunrise-orange\/\" \/>\n<meta property=\"og:site_name\" content=\"Fermentis\" \/>\n<meta property=\"article:publisher\" content=\"https:\/\/www.facebook.com\/Fermentis\" \/>\n<meta property=\"article:modified_time\" content=\"2026-04-05T05:04:27+00:00\" \/>\n<meta property=\"og:image\" content=\"https:\/\/cdn.bfldr.com\/G7S7MSWL\/at\/5qpc7c5r5f6w556x8f99\/1_500G_SunRise.png?auto=webp&format=png\" \/>\n<meta name=\"twitter:card\" content=\"summary_large_image\" \/>\n<meta name=\"twitter:image\" content=\"https:\/\/cdn.bfldr.com\/G7S7MSWL\/at\/5qpc7c5r5f6w556x8f99\/1_500G_SunRise.png?auto=webp&format=png\" \/>\n<meta name=\"twitter:site\" content=\"@fermentis\" \/>\n<meta name=\"twitter:label1\" content=\"Prezzo\" \/>\n\t<meta name=\"twitter:data1\" content=\"\" \/>\n\t<meta name=\"twitter:label2\" content=\"Disponibilit\u00e0\" \/>\n\t<meta name=\"twitter:data2\" content=\"In stock\" \/>\n<script type=\"application\/ld+json\" class=\"yoast-schema-graph\">{\"@context\":\"https:\\\/\\\/schema.org\",\"@graph\":[{\"@type\":\"WebPage\",\"@id\":\"https:\\\/\\\/fermentis.com\\\/it\\\/prodotto\\\/safcoffee-sunrise-orange\\\/\",\"url\":\"https:\\\/\\\/fermentis.com\\\/it\\\/prodotto\\\/safcoffee-sunrise-orange\\\/\",\"name\":\"SafCoffee\u2122 Sunrise Orange - Fermentis\",\"isPartOf\":{\"@id\":\"https:\\\/\\\/fermentis.com\\\/it\\\/#website\"},\"primaryImageOfPage\":{\"@id\":\"https:\\\/\\\/fermentis.com\\\/it\\\/prodotto\\\/safcoffee-sunrise-orange\\\/#primaryimage\"},\"image\":{\"@id\":\"https:\\\/\\\/fermentis.com\\\/it\\\/prodotto\\\/safcoffee-sunrise-orange\\\/#primaryimage\"},\"thumbnailUrl\":\"https:\\\/\\\/cdn.bfldr.com\\\/G7S7MSWL\\\/at\\\/5qpc7c5r5f6w556x8f99\\\/1_500G_SunRise.png?auto=webp&format=png\",\"datePublished\":\"2025-02-03T16:09:06+00:00\",\"dateModified\":\"2026-04-05T05:04:27+00:00\",\"description\":\"Potenziate il fruttato del caff\u00e8 con SafCoffee\u2122 Sunrise Orange. Questo lievito \u00e8 stato specificamente selezionato per potenziare il naturale fruttato del caff\u00e8. Le prove dimostrano che \u00e8 in grado di produrre una tazzina ben bilanciata con aromi importanti di frutto della passione e frutta tropicale, completati da delicate sfumature di agrumi e da una lieve acidit\u00e0.\",\"breadcrumb\":{\"@id\":\"https:\\\/\\\/fermentis.com\\\/it\\\/prodotto\\\/safcoffee-sunrise-orange\\\/#breadcrumb\"},\"inLanguage\":\"it-IT\",\"potentialAction\":[{\"@type\":\"ReadAction\",\"target\":[\"https:\\\/\\\/fermentis.com\\\/it\\\/prodotto\\\/safcoffee-sunrise-orange\\\/\"]}]},{\"@type\":\"ImageObject\",\"inLanguage\":\"it-IT\",\"@id\":\"https:\\\/\\\/fermentis.com\\\/it\\\/prodotto\\\/safcoffee-sunrise-orange\\\/#primaryimage\",\"url\":\"https:\\\/\\\/cdn.bfldr.com\\\/G7S7MSWL\\\/at\\\/5qpc7c5r5f6w556x8f99\\\/1_500G_SunRise.png?auto=webp&format=png\",\"contentUrl\":\"https:\\\/\\\/cdn.bfldr.com\\\/G7S7MSWL\\\/at\\\/5qpc7c5r5f6w556x8f99\\\/1_500G_SunRise.png?auto=webp&format=png\"},{\"@type\":\"BreadcrumbList\",\"@id\":\"https:\\\/\\\/fermentis.com\\\/it\\\/prodotto\\\/safcoffee-sunrise-orange\\\/#breadcrumb\",\"itemListElement\":[{\"@type\":\"ListItem\",\"position\":1,\"name\":\"Home\",\"item\":\"https:\\\/\\\/fermentis.com\\\/it\\\/\"},{\"@type\":\"ListItem\",\"position\":2,\"name\":\"Prodotti\"},{\"@type\":\"ListItem\",\"position\":3,\"name\":\"Other beverages\",\"item\":\"https:\\\/\\\/fermentis.com\\\/it\\\/fermentation\\\/other-beverages-it\\\/\"},{\"@type\":\"ListItem\",\"position\":4,\"name\":\"SafCoffee\u2122 Sunrise Orange\"}]},{\"@type\":\"WebSite\",\"@id\":\"https:\\\/\\\/fermentis.com\\\/it\\\/#website\",\"url\":\"https:\\\/\\\/fermentis.com\\\/it\\\/\",\"name\":\"Fermentis\",\"description\":\"Un site utilisant WordPress\",\"publisher\":{\"@id\":\"https:\\\/\\\/fermentis.com\\\/it\\\/#organization\"},\"potentialAction\":[{\"@type\":\"SearchAction\",\"target\":{\"@type\":\"EntryPoint\",\"urlTemplate\":\"https:\\\/\\\/fermentis.com\\\/it\\\/?s={search_term_string}\"},\"query-input\":{\"@type\":\"PropertyValueSpecification\",\"valueRequired\":true,\"valueName\":\"search_term_string\"}}],\"inLanguage\":\"it-IT\"},{\"@type\":\"Organization\",\"@id\":\"https:\\\/\\\/fermentis.com\\\/it\\\/#organization\",\"name\":\"Fermentis\",\"url\":\"https:\\\/\\\/fermentis.com\\\/it\\\/\",\"logo\":{\"@type\":\"ImageObject\",\"inLanguage\":\"it-IT\",\"@id\":\"https:\\\/\\\/fermentis.com\\\/it\\\/#\\\/schema\\\/logo\\\/image\\\/\",\"url\":\"https:\\\/\\\/fermentis.com\\\/wp-content\\\/uploads\\\/2021\\\/07\\\/Logo-Fermentis-5.png\",\"contentUrl\":\"https:\\\/\\\/fermentis.com\\\/wp-content\\\/uploads\\\/2021\\\/07\\\/Logo-Fermentis-5.png\",\"width\":308,\"height\":95,\"caption\":\"Fermentis\"},\"image\":{\"@id\":\"https:\\\/\\\/fermentis.com\\\/it\\\/#\\\/schema\\\/logo\\\/image\\\/\"},\"sameAs\":[\"https:\\\/\\\/www.facebook.com\\\/Fermentis\",\"https:\\\/\\\/x.com\\\/fermentis\",\"https:\\\/\\\/www.instagram.com\\\/fermentisbylesaffre\\\/\",\"https:\\\/\\\/www.linkedin.com\\\/company\\\/fermentis\\\/\",\"https:\\\/\\\/www.youtube.com\\\/channel\\\/UCt_Lp3IZnUNXZeqSi6iiAdA\"]}]}<\/script>\n<meta property=\"product:price:currency\" content=\"GBP\" \/>\n<meta property=\"og:availability\" content=\"instock\" \/>\n<meta property=\"product:availability\" content=\"instock\" \/>\n<meta property=\"product:condition\" content=\"new\" \/>\n<!-- \/ Yoast SEO Premium plugin. -->","yoast_head_json":{"title":"SafCoffee\u2122 Sunrise Orange - Fermentis","description":"Potenziate il fruttato del caff\u00e8 con SafCoffee\u2122 Sunrise Orange. Questo lievito \u00e8 stato specificamente selezionato per potenziare il naturale fruttato del caff\u00e8. Le prove dimostrano che \u00e8 in grado di produrre una tazzina ben bilanciata con aromi importanti di frutto della passione e frutta tropicale, completati da delicate sfumature di agrumi e da una lieve acidit\u00e0.","robots":{"index":"index","follow":"follow","max-snippet":"max-snippet:-1","max-image-preview":"max-image-preview:large","max-video-preview":"max-video-preview:-1"},"canonical":"https:\/\/fermentis.com\/it\/prodotto\/safcoffee-sunrise-orange\/","og_locale":"it_IT","og_type":"article","og_title":"SafCoffee\u2122 Sunrise Orange","og_description":"Potenziate il fruttato del caff\u00e8 con SafCoffee\u2122 Sunrise Orange. Questo lievito \u00e8 stato specificamente selezionato per potenziare il naturale fruttato del caff\u00e8. Le prove dimostrano che \u00e8 in grado di produrre una tazzina ben bilanciata con aromi importanti di frutto della passione e frutta tropicale, completati da delicate sfumature di agrumi e da una lieve acidit\u00e0.","og_url":"https:\/\/fermentis.com\/it\/prodotto\/safcoffee-sunrise-orange\/","og_site_name":"Fermentis","article_publisher":"https:\/\/www.facebook.com\/Fermentis","article_modified_time":"2026-04-05T05:04:27+00:00","og_image":[{"url":"https:\/\/cdn.bfldr.com\/G7S7MSWL\/at\/5qpc7c5r5f6w556x8f99\/1_500G_SunRise.png?auto=webp&format=png","type":"","width":"","height":""}],"twitter_card":"summary_large_image","twitter_image":"https:\/\/cdn.bfldr.com\/G7S7MSWL\/at\/5qpc7c5r5f6w556x8f99\/1_500G_SunRise.png?auto=webp&format=png","twitter_site":"@fermentis","twitter_misc":{"Prezzo":"","Disponibilit\u00e0":"In stock"},"schema":{"@context":"https:\/\/schema.org","@graph":[{"@type":"WebPage","@id":"https:\/\/fermentis.com\/it\/prodotto\/safcoffee-sunrise-orange\/","url":"https:\/\/fermentis.com\/it\/prodotto\/safcoffee-sunrise-orange\/","name":"SafCoffee\u2122 Sunrise Orange - Fermentis","isPartOf":{"@id":"https:\/\/fermentis.com\/it\/#website"},"primaryImageOfPage":{"@id":"https:\/\/fermentis.com\/it\/prodotto\/safcoffee-sunrise-orange\/#primaryimage"},"image":{"@id":"https:\/\/fermentis.com\/it\/prodotto\/safcoffee-sunrise-orange\/#primaryimage"},"thumbnailUrl":"https:\/\/cdn.bfldr.com\/G7S7MSWL\/at\/5qpc7c5r5f6w556x8f99\/1_500G_SunRise.png?auto=webp&format=png","datePublished":"2025-02-03T16:09:06+00:00","dateModified":"2026-04-05T05:04:27+00:00","description":"Potenziate il fruttato del caff\u00e8 con SafCoffee\u2122 Sunrise Orange. Questo lievito \u00e8 stato specificamente selezionato per potenziare il naturale fruttato del caff\u00e8. Le prove dimostrano che \u00e8 in grado di produrre una tazzina ben bilanciata con aromi importanti di frutto della passione e frutta tropicale, completati da delicate sfumature di agrumi e da una lieve acidit\u00e0.","breadcrumb":{"@id":"https:\/\/fermentis.com\/it\/prodotto\/safcoffee-sunrise-orange\/#breadcrumb"},"inLanguage":"it-IT","potentialAction":[{"@type":"ReadAction","target":["https:\/\/fermentis.com\/it\/prodotto\/safcoffee-sunrise-orange\/"]}]},{"@type":"ImageObject","inLanguage":"it-IT","@id":"https:\/\/fermentis.com\/it\/prodotto\/safcoffee-sunrise-orange\/#primaryimage","url":"https:\/\/cdn.bfldr.com\/G7S7MSWL\/at\/5qpc7c5r5f6w556x8f99\/1_500G_SunRise.png?auto=webp&format=png","contentUrl":"https:\/\/cdn.bfldr.com\/G7S7MSWL\/at\/5qpc7c5r5f6w556x8f99\/1_500G_SunRise.png?auto=webp&format=png"},{"@type":"BreadcrumbList","@id":"https:\/\/fermentis.com\/it\/prodotto\/safcoffee-sunrise-orange\/#breadcrumb","itemListElement":[{"@type":"ListItem","position":1,"name":"Home","item":"https:\/\/fermentis.com\/it\/"},{"@type":"ListItem","position":2,"name":"Prodotti"},{"@type":"ListItem","position":3,"name":"Other beverages","item":"https:\/\/fermentis.com\/it\/fermentation\/other-beverages-it\/"},{"@type":"ListItem","position":4,"name":"SafCoffee\u2122 Sunrise Orange"}]},{"@type":"WebSite","@id":"https:\/\/fermentis.com\/it\/#website","url":"https:\/\/fermentis.com\/it\/","name":"Fermentis","description":"Un site utilisant WordPress","publisher":{"@id":"https:\/\/fermentis.com\/it\/#organization"},"potentialAction":[{"@type":"SearchAction","target":{"@type":"EntryPoint","urlTemplate":"https:\/\/fermentis.com\/it\/?s={search_term_string}"},"query-input":{"@type":"PropertyValueSpecification","valueRequired":true,"valueName":"search_term_string"}}],"inLanguage":"it-IT"},{"@type":"Organization","@id":"https:\/\/fermentis.com\/it\/#organization","name":"Fermentis","url":"https:\/\/fermentis.com\/it\/","logo":{"@type":"ImageObject","inLanguage":"it-IT","@id":"https:\/\/fermentis.com\/it\/#\/schema\/logo\/image\/","url":"https:\/\/fermentis.com\/wp-content\/uploads\/2021\/07\/Logo-Fermentis-5.png","contentUrl":"https:\/\/fermentis.com\/wp-content\/uploads\/2021\/07\/Logo-Fermentis-5.png","width":308,"height":95,"caption":"Fermentis"},"image":{"@id":"https:\/\/fermentis.com\/it\/#\/schema\/logo\/image\/"},"sameAs":["https:\/\/www.facebook.com\/Fermentis","https:\/\/x.com\/fermentis","https:\/\/www.instagram.com\/fermentisbylesaffre\/","https:\/\/www.linkedin.com\/company\/fermentis\/","https:\/\/www.youtube.com\/channel\/UCt_Lp3IZnUNXZeqSi6iiAdA"]}]},"product_price_currency":"GBP","og_availability":"instock","product_availability":"instock","product_condition":"new"},"fifu_image_url":"https:\/\/cdn.bfldr.com\/G7S7MSWL\/at\/5qpc7c5r5f6w556x8f99\/1_500G_SunRise.png?auto=webp&format=png","_links":{"self":[{"href":"https:\/\/fermentis.com\/it\/wp-json\/wp\/v2\/product\/123791","targetHints":{"allow":["GET"]}}],"collection":[{"href":"https:\/\/fermentis.com\/it\/wp-json\/wp\/v2\/product"}],"about":[{"href":"https:\/\/fermentis.com\/it\/wp-json\/wp\/v2\/types\/product"}],"replies":[{"embeddable":true,"href":"https:\/\/fermentis.com\/it\/wp-json\/wp\/v2\/comments?post=123791"}],"wp:featuredmedia":[{"embeddable":true,"href":"https:\/\/fermentis.com\/it\/wp-json\/wp\/v2\/media\/691520"}],"wp:attachment":[{"href":"https:\/\/fermentis.com\/it\/wp-json\/wp\/v2\/media?parent=123791"}],"wp:term":[{"taxonomy":"product_brand","embeddable":true,"href":"https:\/\/fermentis.com\/it\/wp-json\/wp\/v2\/product_brand?post=123791"},{"taxonomy":"product_cat","embeddable":true,"href":"https:\/\/fermentis.com\/it\/wp-json\/wp\/v2\/product_cat?post=123791"},{"taxonomy":"product_tag","embeddable":true,"href":"https:\/\/fermentis.com\/it\/wp-json\/wp\/v2\/product_tag?post=123791"}],"curies":[{"name":"wp","href":"https:\/\/api.w.org\/{rel}","templated":true}]}}