{"id":156741,"date":"2025-02-06T14:36:55","date_gmt":"2025-02-06T13:36:55","guid":{"rendered":"https:\/\/fermentis.com\/?post_type=product&#038;p=156741"},"modified":"2026-02-10T12:03:59","modified_gmt":"2026-02-10T11:03:59","slug":"safcoffee-green-origins","status":"publish","type":"product","link":"https:\/\/fermentis.com\/it\/prodotto\/safcoffee-green-origins\/","title":{"rendered":"SafCoffee\u2122 Green Origins"},"content":{"rendered":"","protected":false},"excerpt":{"rendered":"<p>Il lievito ideale per favorire l&#8217;espressione varietale dei caff\u00e8<\/p>\n","protected":false},"featured_media":691331,"comment_status":"closed","ping_status":"closed","template":"","meta":{"_acf_changed":false},"product_brand":[],"product_cat":[3016,1962],"product_tag":[],"class_list":{"0":"post-156741","1":"product","2":"type-product","3":"status-publish","4":"has-post-thumbnail","6":"product_cat-coffee-it","7":"product_cat-other-beverages-it","9":"first","10":"instock","11":"shipping-taxable","12":"product-type-simple"},"acf":[],"yoast_head":"<!-- This site is optimized with the Yoast SEO Premium plugin v27.3 (Yoast SEO v27.3) - https:\/\/yoast.com\/product\/yoast-seo-premium-wordpress\/ -->\n<title>SafCoffee\u2122 Green Origins - Fermentis<\/title>\n<meta name=\"description\" content=\"Liberate tutto il potenziale delle caratteristiche varietali dei caff\u00e8 con SafCoffee\u2122 Green Origins. Questo lievito \u00e8 stato specificamente selezionato per rispettare ed esaltare le caratteristiche naturali dei chicchi di caff\u00e8. Le prove dimostrano che questo lievito produce un caff\u00e8 dal corpo avvolgente con caratteristiche note di caramello e di cacao, permettendo la piena espressione delle caratteristiche varietali.\" \/>\n<meta name=\"robots\" content=\"index, follow, max-snippet:-1, max-image-preview:large, max-video-preview:-1\" \/>\n<link rel=\"canonical\" href=\"https:\/\/fermentis.com\/it\/prodotto\/safcoffee-green-origins\/\" \/>\n<meta property=\"og:locale\" content=\"it_IT\" \/>\n<meta property=\"og:type\" content=\"article\" \/>\n<meta property=\"og:title\" content=\"SafCoffee\u2122 Green Origins\" \/>\n<meta property=\"og:description\" content=\"Liberate tutto il potenziale delle caratteristiche varietali dei caff\u00e8 con SafCoffee\u2122 Green Origins. Questo lievito \u00e8 stato specificamente selezionato per rispettare ed esaltare le caratteristiche naturali dei chicchi di caff\u00e8. Le prove dimostrano che questo lievito produce un caff\u00e8 dal corpo avvolgente con caratteristiche note di caramello e di cacao, permettendo la piena espressione delle caratteristiche varietali.\" \/>\n<meta property=\"og:url\" content=\"https:\/\/fermentis.com\/it\/prodotto\/safcoffee-green-origins\/\" \/>\n<meta property=\"og:site_name\" content=\"Fermentis\" \/>\n<meta property=\"article:publisher\" content=\"https:\/\/www.facebook.com\/Fermentis\" \/>\n<meta property=\"article:modified_time\" content=\"2026-02-10T11:03:59+00:00\" \/>\n<meta property=\"og:image\" content=\"https:\/\/cdn.bfldr.com\/G7S7MSWL\/at\/rmtvh4pvgphp9ngbx3p8pww\/1_500G_Green-org.png?auto=webp&format=png\" \/>\n<meta name=\"twitter:card\" content=\"summary_large_image\" \/>\n<meta name=\"twitter:image\" content=\"https:\/\/cdn.bfldr.com\/G7S7MSWL\/at\/rmtvh4pvgphp9ngbx3p8pww\/1_500G_Green-org.png?auto=webp&format=png\" \/>\n<meta name=\"twitter:site\" content=\"@fermentis\" \/>\n<meta name=\"twitter:label1\" content=\"Prezzo\" \/>\n\t<meta name=\"twitter:data1\" content=\"\" \/>\n\t<meta name=\"twitter:label2\" content=\"Disponibilit\u00e0\" \/>\n\t<meta name=\"twitter:data2\" content=\"In stock\" \/>\n<script type=\"application\/ld+json\" class=\"yoast-schema-graph\">{\"@context\":\"https:\\\/\\\/schema.org\",\"@graph\":[{\"@type\":\"WebPage\",\"@id\":\"https:\\\/\\\/fermentis.com\\\/it\\\/prodotto\\\/safcoffee-green-origins\\\/\",\"url\":\"https:\\\/\\\/fermentis.com\\\/it\\\/prodotto\\\/safcoffee-green-origins\\\/\",\"name\":\"SafCoffee\u2122 Green Origins - Fermentis\",\"isPartOf\":{\"@id\":\"https:\\\/\\\/fermentis.com\\\/it\\\/#website\"},\"primaryImageOfPage\":{\"@id\":\"https:\\\/\\\/fermentis.com\\\/it\\\/prodotto\\\/safcoffee-green-origins\\\/#primaryimage\"},\"image\":{\"@id\":\"https:\\\/\\\/fermentis.com\\\/it\\\/prodotto\\\/safcoffee-green-origins\\\/#primaryimage\"},\"thumbnailUrl\":\"https:\\\/\\\/cdn.bfldr.com\\\/G7S7MSWL\\\/at\\\/rmtvh4pvgphp9ngbx3p8pww\\\/1_500G_Green-org.png?auto=webp&format=png\",\"datePublished\":\"2025-02-06T13:36:55+00:00\",\"dateModified\":\"2026-02-10T11:03:59+00:00\",\"description\":\"Liberate tutto il potenziale delle caratteristiche varietali dei caff\u00e8 con SafCoffee\u2122 Green Origins. Questo lievito \u00e8 stato specificamente selezionato per rispettare ed esaltare le caratteristiche naturali dei chicchi di caff\u00e8. Le prove dimostrano che questo lievito produce un caff\u00e8 dal corpo avvolgente con caratteristiche note di caramello e di cacao, permettendo la piena espressione delle caratteristiche varietali.\",\"breadcrumb\":{\"@id\":\"https:\\\/\\\/fermentis.com\\\/it\\\/prodotto\\\/safcoffee-green-origins\\\/#breadcrumb\"},\"inLanguage\":\"it-IT\",\"potentialAction\":[{\"@type\":\"ReadAction\",\"target\":[\"https:\\\/\\\/fermentis.com\\\/it\\\/prodotto\\\/safcoffee-green-origins\\\/\"]}]},{\"@type\":\"ImageObject\",\"inLanguage\":\"it-IT\",\"@id\":\"https:\\\/\\\/fermentis.com\\\/it\\\/prodotto\\\/safcoffee-green-origins\\\/#primaryimage\",\"url\":\"https:\\\/\\\/cdn.bfldr.com\\\/G7S7MSWL\\\/at\\\/rmtvh4pvgphp9ngbx3p8pww\\\/1_500G_Green-org.png?auto=webp&format=png\",\"contentUrl\":\"https:\\\/\\\/cdn.bfldr.com\\\/G7S7MSWL\\\/at\\\/rmtvh4pvgphp9ngbx3p8pww\\\/1_500G_Green-org.png?auto=webp&format=png\"},{\"@type\":\"BreadcrumbList\",\"@id\":\"https:\\\/\\\/fermentis.com\\\/it\\\/prodotto\\\/safcoffee-green-origins\\\/#breadcrumb\",\"itemListElement\":[{\"@type\":\"ListItem\",\"position\":1,\"name\":\"Home\",\"item\":\"https:\\\/\\\/fermentis.com\\\/it\\\/\"},{\"@type\":\"ListItem\",\"position\":2,\"name\":\"Prodotti\"},{\"@type\":\"ListItem\",\"position\":3,\"name\":\"Other beverages\",\"item\":\"https:\\\/\\\/fermentis.com\\\/it\\\/fermentation\\\/other-beverages-it\\\/\"},{\"@type\":\"ListItem\",\"position\":4,\"name\":\"SafCoffee\u2122 Green Origins\"}]},{\"@type\":\"WebSite\",\"@id\":\"https:\\\/\\\/fermentis.com\\\/it\\\/#website\",\"url\":\"https:\\\/\\\/fermentis.com\\\/it\\\/\",\"name\":\"Fermentis\",\"description\":\"Un site utilisant WordPress\",\"publisher\":{\"@id\":\"https:\\\/\\\/fermentis.com\\\/it\\\/#organization\"},\"potentialAction\":[{\"@type\":\"SearchAction\",\"target\":{\"@type\":\"EntryPoint\",\"urlTemplate\":\"https:\\\/\\\/fermentis.com\\\/it\\\/?s={search_term_string}\"},\"query-input\":{\"@type\":\"PropertyValueSpecification\",\"valueRequired\":true,\"valueName\":\"search_term_string\"}}],\"inLanguage\":\"it-IT\"},{\"@type\":\"Organization\",\"@id\":\"https:\\\/\\\/fermentis.com\\\/it\\\/#organization\",\"name\":\"Fermentis\",\"url\":\"https:\\\/\\\/fermentis.com\\\/it\\\/\",\"logo\":{\"@type\":\"ImageObject\",\"inLanguage\":\"it-IT\",\"@id\":\"https:\\\/\\\/fermentis.com\\\/it\\\/#\\\/schema\\\/logo\\\/image\\\/\",\"url\":\"https:\\\/\\\/fermentis.com\\\/wp-content\\\/uploads\\\/2021\\\/07\\\/Logo-Fermentis-5.png\",\"contentUrl\":\"https:\\\/\\\/fermentis.com\\\/wp-content\\\/uploads\\\/2021\\\/07\\\/Logo-Fermentis-5.png\",\"width\":308,\"height\":95,\"caption\":\"Fermentis\"},\"image\":{\"@id\":\"https:\\\/\\\/fermentis.com\\\/it\\\/#\\\/schema\\\/logo\\\/image\\\/\"},\"sameAs\":[\"https:\\\/\\\/www.facebook.com\\\/Fermentis\",\"https:\\\/\\\/x.com\\\/fermentis\",\"https:\\\/\\\/www.instagram.com\\\/fermentisbylesaffre\\\/\",\"https:\\\/\\\/www.linkedin.com\\\/company\\\/fermentis\\\/\",\"https:\\\/\\\/www.youtube.com\\\/channel\\\/UCt_Lp3IZnUNXZeqSi6iiAdA\"]}]}<\/script>\n<meta property=\"product:price:currency\" content=\"GBP\" \/>\n<meta property=\"og:availability\" content=\"instock\" \/>\n<meta property=\"product:availability\" content=\"instock\" \/>\n<meta property=\"product:condition\" content=\"new\" \/>\n<!-- \/ Yoast SEO Premium plugin. -->","yoast_head_json":{"title":"SafCoffee\u2122 Green Origins - Fermentis","description":"Liberate tutto il potenziale delle caratteristiche varietali dei caff\u00e8 con SafCoffee\u2122 Green Origins. Questo lievito \u00e8 stato specificamente selezionato per rispettare ed esaltare le caratteristiche naturali dei chicchi di caff\u00e8. Le prove dimostrano che questo lievito produce un caff\u00e8 dal corpo avvolgente con caratteristiche note di caramello e di cacao, permettendo la piena espressione delle caratteristiche varietali.","robots":{"index":"index","follow":"follow","max-snippet":"max-snippet:-1","max-image-preview":"max-image-preview:large","max-video-preview":"max-video-preview:-1"},"canonical":"https:\/\/fermentis.com\/it\/prodotto\/safcoffee-green-origins\/","og_locale":"it_IT","og_type":"article","og_title":"SafCoffee\u2122 Green Origins","og_description":"Liberate tutto il potenziale delle caratteristiche varietali dei caff\u00e8 con SafCoffee\u2122 Green Origins. Questo lievito \u00e8 stato specificamente selezionato per rispettare ed esaltare le caratteristiche naturali dei chicchi di caff\u00e8. Le prove dimostrano che questo lievito produce un caff\u00e8 dal corpo avvolgente con caratteristiche note di caramello e di cacao, permettendo la piena espressione delle caratteristiche varietali.","og_url":"https:\/\/fermentis.com\/it\/prodotto\/safcoffee-green-origins\/","og_site_name":"Fermentis","article_publisher":"https:\/\/www.facebook.com\/Fermentis","article_modified_time":"2026-02-10T11:03:59+00:00","og_image":[{"url":"https:\/\/cdn.bfldr.com\/G7S7MSWL\/at\/rmtvh4pvgphp9ngbx3p8pww\/1_500G_Green-org.png?auto=webp&format=png","type":"","width":"","height":""}],"twitter_card":"summary_large_image","twitter_image":"https:\/\/cdn.bfldr.com\/G7S7MSWL\/at\/rmtvh4pvgphp9ngbx3p8pww\/1_500G_Green-org.png?auto=webp&format=png","twitter_site":"@fermentis","twitter_misc":{"Prezzo":"","Disponibilit\u00e0":"In stock"},"schema":{"@context":"https:\/\/schema.org","@graph":[{"@type":"WebPage","@id":"https:\/\/fermentis.com\/it\/prodotto\/safcoffee-green-origins\/","url":"https:\/\/fermentis.com\/it\/prodotto\/safcoffee-green-origins\/","name":"SafCoffee\u2122 Green Origins - Fermentis","isPartOf":{"@id":"https:\/\/fermentis.com\/it\/#website"},"primaryImageOfPage":{"@id":"https:\/\/fermentis.com\/it\/prodotto\/safcoffee-green-origins\/#primaryimage"},"image":{"@id":"https:\/\/fermentis.com\/it\/prodotto\/safcoffee-green-origins\/#primaryimage"},"thumbnailUrl":"https:\/\/cdn.bfldr.com\/G7S7MSWL\/at\/rmtvh4pvgphp9ngbx3p8pww\/1_500G_Green-org.png?auto=webp&format=png","datePublished":"2025-02-06T13:36:55+00:00","dateModified":"2026-02-10T11:03:59+00:00","description":"Liberate tutto il potenziale delle caratteristiche varietali dei caff\u00e8 con SafCoffee\u2122 Green Origins. Questo lievito \u00e8 stato specificamente selezionato per rispettare ed esaltare le caratteristiche naturali dei chicchi di caff\u00e8. Le prove dimostrano che questo lievito produce un caff\u00e8 dal corpo avvolgente con caratteristiche note di caramello e di cacao, permettendo la piena espressione delle caratteristiche varietali.","breadcrumb":{"@id":"https:\/\/fermentis.com\/it\/prodotto\/safcoffee-green-origins\/#breadcrumb"},"inLanguage":"it-IT","potentialAction":[{"@type":"ReadAction","target":["https:\/\/fermentis.com\/it\/prodotto\/safcoffee-green-origins\/"]}]},{"@type":"ImageObject","inLanguage":"it-IT","@id":"https:\/\/fermentis.com\/it\/prodotto\/safcoffee-green-origins\/#primaryimage","url":"https:\/\/cdn.bfldr.com\/G7S7MSWL\/at\/rmtvh4pvgphp9ngbx3p8pww\/1_500G_Green-org.png?auto=webp&format=png","contentUrl":"https:\/\/cdn.bfldr.com\/G7S7MSWL\/at\/rmtvh4pvgphp9ngbx3p8pww\/1_500G_Green-org.png?auto=webp&format=png"},{"@type":"BreadcrumbList","@id":"https:\/\/fermentis.com\/it\/prodotto\/safcoffee-green-origins\/#breadcrumb","itemListElement":[{"@type":"ListItem","position":1,"name":"Home","item":"https:\/\/fermentis.com\/it\/"},{"@type":"ListItem","position":2,"name":"Prodotti"},{"@type":"ListItem","position":3,"name":"Other beverages","item":"https:\/\/fermentis.com\/it\/fermentation\/other-beverages-it\/"},{"@type":"ListItem","position":4,"name":"SafCoffee\u2122 Green Origins"}]},{"@type":"WebSite","@id":"https:\/\/fermentis.com\/it\/#website","url":"https:\/\/fermentis.com\/it\/","name":"Fermentis","description":"Un site utilisant WordPress","publisher":{"@id":"https:\/\/fermentis.com\/it\/#organization"},"potentialAction":[{"@type":"SearchAction","target":{"@type":"EntryPoint","urlTemplate":"https:\/\/fermentis.com\/it\/?s={search_term_string}"},"query-input":{"@type":"PropertyValueSpecification","valueRequired":true,"valueName":"search_term_string"}}],"inLanguage":"it-IT"},{"@type":"Organization","@id":"https:\/\/fermentis.com\/it\/#organization","name":"Fermentis","url":"https:\/\/fermentis.com\/it\/","logo":{"@type":"ImageObject","inLanguage":"it-IT","@id":"https:\/\/fermentis.com\/it\/#\/schema\/logo\/image\/","url":"https:\/\/fermentis.com\/wp-content\/uploads\/2021\/07\/Logo-Fermentis-5.png","contentUrl":"https:\/\/fermentis.com\/wp-content\/uploads\/2021\/07\/Logo-Fermentis-5.png","width":308,"height":95,"caption":"Fermentis"},"image":{"@id":"https:\/\/fermentis.com\/it\/#\/schema\/logo\/image\/"},"sameAs":["https:\/\/www.facebook.com\/Fermentis","https:\/\/x.com\/fermentis","https:\/\/www.instagram.com\/fermentisbylesaffre\/","https:\/\/www.linkedin.com\/company\/fermentis\/","https:\/\/www.youtube.com\/channel\/UCt_Lp3IZnUNXZeqSi6iiAdA"]}]},"product_price_currency":"GBP","og_availability":"instock","product_availability":"instock","product_condition":"new"},"fifu_image_url":"https:\/\/cdn.bfldr.com\/G7S7MSWL\/at\/rmtvh4pvgphp9ngbx3p8pww\/1_500G_Green-org.png?auto=webp&format=png","_links":{"self":[{"href":"https:\/\/fermentis.com\/it\/wp-json\/wp\/v2\/product\/156741","targetHints":{"allow":["GET"]}}],"collection":[{"href":"https:\/\/fermentis.com\/it\/wp-json\/wp\/v2\/product"}],"about":[{"href":"https:\/\/fermentis.com\/it\/wp-json\/wp\/v2\/types\/product"}],"replies":[{"embeddable":true,"href":"https:\/\/fermentis.com\/it\/wp-json\/wp\/v2\/comments?post=156741"}],"wp:featuredmedia":[{"embeddable":true,"href":"https:\/\/fermentis.com\/it\/wp-json\/wp\/v2\/media\/691331"}],"wp:attachment":[{"href":"https:\/\/fermentis.com\/it\/wp-json\/wp\/v2\/media?parent=156741"}],"wp:term":[{"taxonomy":"product_brand","embeddable":true,"href":"https:\/\/fermentis.com\/it\/wp-json\/wp\/v2\/product_brand?post=156741"},{"taxonomy":"product_cat","embeddable":true,"href":"https:\/\/fermentis.com\/it\/wp-json\/wp\/v2\/product_cat?post=156741"},{"taxonomy":"product_tag","embeddable":true,"href":"https:\/\/fermentis.com\/it\/wp-json\/wp\/v2\/product_tag?post=156741"}],"curies":[{"name":"wp","href":"https:\/\/api.w.org\/{rel}","templated":true}]}}