{"id":41835,"date":"2020-06-30T00:00:00","date_gmt":"2020-06-29T22:00:00","guid":{"rendered":"https:\/\/fermentis.com\/product\/safspirit-c-70\/"},"modified":"2026-04-13T13:34:14","modified_gmt":"2026-04-13T11:34:14","slug":"safspirit-c-70","status":"publish","type":"product","link":"https:\/\/fermentis.com\/it\/prodotto\/safspirit-c-70\/","title":{"rendered":"SafSpirit\u2122 C-70"},"content":{"rendered":"<div class=\"container section-title-container\" ><h2 class=\"section-title section-title-center\"><b aria-hidden=\"true\"><\/b><span class=\"section-title-main\" style=\"font-size:115%;\">La variet\u00e0 pi\u00f9 popolare tra i distillatori<\/span><b aria-hidden=\"true\"><\/b><\/h2><\/div>\n<p>Robust, multipurpose strain and one of the most popular within distillers. Produces very high quality alcohol from all kinds of substrates, with subtle congeners. Used extensively in the Caribbean and Central America for producing good quality potable alcohol and rums from sugar cane juice or molasses. Very good performance in agave juice (mezcales and tequila). Good option for low and medium gravity grain mash fermentation.<\/p>\n<p><strong>Ingredients:<\/strong>\u00a0yeast (Saccharomyces cerevisiae), emulsifier: E491 (sorbitan monostearate)<\/p>\n\t<div id=\"gap-603139127\" class=\"gap-element clearfix\" style=\"display:block; height:auto;\">\n\t\t\n<style>\n#gap-603139127 {\n  padding-top: 30px;\n}\n<\/style>\n\t<\/div>\n\t\n<div class=\"container section-title-container\" ><h3 class=\"section-title section-title-center\"><b aria-hidden=\"true\"><\/b><span class=\"section-title-main\" style=\"font-size:115%;\">SafSpirit\u2122 C-70<\/span><b aria-hidden=\"true\"><\/b><\/h3><\/div>\n\n\t\t<div class=\"tabbed-content\">\n\t\t\t\n\t\t\t<ul class=\"nav nav-tabs nav-uppercase nav-size-normal nav-left\" role=\"tablist\"><li id=\"tab-dosaggio-e-uso\" class=\"tab active has-icon\" role=\"presentation\"><a href=\"#tab_dosaggio-e-uso\" role=\"tab\" aria-selected=\"true\" aria-controls=\"tab_dosaggio-e-uso\"><span>Dosaggio e uso<\/span><\/a><\/li>\n<li id=\"tab-conservazione-&amp;-durata-di-conservazione\" class=\"tab has-icon\" role=\"presentation\"><a href=\"#tab_conservazione-&amp;-durata-di-conservazione\" tabindex=\"-1\" role=\"tab\" aria-selected=\"false\" aria-controls=\"tab_conservazione-&amp;-durata-di-conservazione\"><span>Conservazione &amp; durata di conservazione<\/span><\/a><\/li>\n<li id=\"tab-analisi-tipica\" class=\"tab has-icon\" role=\"presentation\"><a href=\"#tab_analisi-tipica\" tabindex=\"-1\" role=\"tab\" aria-selected=\"false\" aria-controls=\"tab_analisi-tipica\"><span>Analisi tipica<\/span><\/a><\/li><\/ul><div class=\"tab-panels\"><div id=\"tab_dosaggio-e-uso\" class=\"panel active entry-content\" role=\"tabpanel\" aria-labelledby=\"tab-dosaggio-e-uso\">\n<p><b><span style=\"vertical-align: inherit\"><span style=\"vertical-align: inherit\">DOSAGE<\/span><\/span><\/b><\/p>\n<p><strong><span style=\"vertical-align: inherit\"><span style=\"vertical-align: inherit\">30-50 g\/hl<\/span><\/span><\/strong><\/p>\n<p><b>REHYDRATION INSTRUCTIONS<\/b><\/p>\n<p>\u2460 Rehydrate the yeast in 10 times its volume of water or wort at 25\u00b0C \u2013 35 \u00b0C (77.0\u00b0F \u2013 95.0\u00b0F)<\/p>\n<p>\u2461 Leave to rest for 15 minutes<\/p>\n<p>\u2462 Gently stir<\/p>\n<p>\u2463 Pitch in the fermentor<\/p>\n<\/div>\n<div id=\"tab_conservazione-&amp;-durata-di-conservazione\" class=\"panel entry-content\" role=\"tabpanel\" aria-labelledby=\"tab-conservazione-&amp;-durata-di-conservazione\">\n<p><b>STORAGE<\/b><\/p>\n<p>During transport: The product can be transported and stored at room temperature for periods of time not exceeding 3 months, without affecting its performance.<\/p>\n<p>At final destination: Store in cool (&lt;10\u00b0C\/50\u00b0F), dry conditions.<\/p>\n<p><b>SHELF LIFE<\/b><\/p>\n<p>Refer to best before end date printed on the sachet.<\/p>\n<p>Opened sachets must be sealed and stored at 4\u00b0C (39\u00b0F) and used within 7 days of opening. Do not use soft or damaged sachets.<\/p>\n<p>&nbsp;<\/p>\n<p><em>Each Fermentis yeast is developed under a specific production scheme and benefits from the know-how of the Lesaffre group, world leader in yeast manufacturing. This guarantees the highest microbiological purity and maximum fermentation activity.<\/em><\/p>\n<\/div>\n<div id=\"tab_analisi-tipica\" class=\"panel entry-content\" role=\"tabpanel\" aria-labelledby=\"tab-analisi-tipica\">\n<table width=\"693\">\n<tbody>\n<tr>\n<td width=\"400\">% dry weight:<\/td>\n<td width=\"293\">94.0 \u2013 96.5<\/td>\n<\/tr>\n<tr>\n<td width=\"400\">Viable cells at packaging:<\/td>\n<td width=\"293\">&gt; 15 x 10<sup>9<\/sup>\u00a0\/gram<\/td>\n<\/tr>\n<tr>\n<td width=\"400\">Total bacteria*:<\/td>\n<td width=\"293\">&lt; 1 x 10<sup>4<\/sup>\/gram<\/td>\n<\/tr>\n<tr>\n<td width=\"400\">Acetic acid bacteria*:<\/td>\n<td width=\"293\">&lt; 1 x 10<sup>3<\/sup>\/gram<\/td>\n<\/tr>\n<tr>\n<td width=\"400\"><em>Lactobacillus*:<\/em><\/td>\n<td width=\"293\">&lt; 1 x 10<sup>4<\/sup>\/gram<\/td>\n<\/tr>\n<\/tbody>\n<\/table>\n<p>Pathogenic micro-organisms: in accordance with regulation<\/p>\n<\/div><\/div><\/div>\n\t<div id=\"gap-695976649\" class=\"gap-element clearfix\" style=\"display:block; height:auto;\">\n\t\t\n<style>\n#gap-695976649 {\n  padding-top: 30px;\n}\n<\/style>\n\t<\/div>\n\t\n<p><em>The data contained in this technical sheet are the exact transcription of our knowledge of the product at the mentioned date. They are the exclusive property of Fermentis-Division of S.I.Lesaffre. It is of the user responsibility to make sure that the usage of this particular product complies with the legislation. Given the impact of yeast on the quality of the final alcool, we strongly advise users to make fermentation trials before any commercial usage of our products.<\/em><\/p>\n","protected":false},"excerpt":{"rendered":"<p>La variet\u00e0 pi\u00f9 popolare tra i distillatori<\/p>\n","protected":false},"featured_media":0,"comment_status":"closed","ping_status":"closed","template":"","meta":{"_acf_changed":false},"product_brand":[],"product_cat":[1868,1869],"product_tag":[1985,1986],"class_list":{"0":"post-41835","1":"product","2":"type-product","3":"status-publish","5":"product_cat-active-dry-yeast-spirits-it","6":"product_cat-spirits-distilling-it","7":"product_tag-c-70-it","8":"product_tag-c70-it","10":"first","11":"instock","12":"shipping-taxable","13":"product-type-simple"},"acf":[],"yoast_head":"<!-- This site is optimized with the Yoast SEO Premium plugin v27.3 (Yoast SEO v27.4) - https:\/\/yoast.com\/product\/yoast-seo-premium-wordpress\/ -->\n<title>SafSpirit\u2122 C-70 - Lievito polivalente per distillatori - Fermentis<\/title>\n<meta name=\"description\" content=\"Il lievito Fermentis SafSpirit\u2122 C-70 \u00e8 celebre per la produzione di alcool di altissima qualit\u00e0 da qualsiasi tipo di substrati. \u00c8 ideale per il rum.\" \/>\n<meta name=\"robots\" content=\"index, follow, max-snippet:-1, max-image-preview:large, max-video-preview:-1\" \/>\n<link rel=\"canonical\" href=\"https:\/\/fermentis.com\/it\/prodotto\/safspirit-c-70\/\" \/>\n<meta property=\"og:locale\" content=\"it_IT\" \/>\n<meta property=\"og:type\" content=\"article\" \/>\n<meta property=\"og:title\" content=\"SafSpirit\u2122 C-70\" \/>\n<meta property=\"og:description\" content=\"Il lievito Fermentis SafSpirit\u2122 C-70 \u00e8 celebre per la produzione di alcool di altissima qualit\u00e0 da qualsiasi tipo di substrati. \u00c8 ideale per il rum.\" \/>\n<meta property=\"og:url\" content=\"https:\/\/fermentis.com\/it\/prodotto\/safspirit-c-70\/\" \/>\n<meta property=\"og:site_name\" content=\"Fermentis\" \/>\n<meta property=\"article:publisher\" content=\"https:\/\/www.facebook.com\/Fermentis\" \/>\n<meta property=\"article:modified_time\" content=\"2026-04-13T11:34:14+00:00\" \/>\n<meta property=\"og:image\" content=\"https:\/\/fermentis.com\/wp-content\/uploads\/2020\/02\/logo-fermentis.png\" \/>\n\t<meta property=\"og:image:width\" content=\"1500\" \/>\n\t<meta property=\"og:image:height\" content=\"525\" \/>\n\t<meta property=\"og:image:type\" content=\"image\/png\" \/>\n<meta name=\"twitter:card\" content=\"summary_large_image\" \/>\n<meta name=\"twitter:site\" content=\"@fermentis\" \/>\n<meta name=\"twitter:label1\" content=\"Prezzo\" \/>\n\t<meta name=\"twitter:data1\" content=\"\" \/>\n\t<meta name=\"twitter:label2\" content=\"Disponibilit\u00e0\" \/>\n\t<meta name=\"twitter:data2\" content=\"In stock\" \/>\n<script type=\"application\/ld+json\" class=\"yoast-schema-graph\">{\"@context\":\"https:\\\/\\\/schema.org\",\"@graph\":[{\"@type\":\"WebPage\",\"@id\":\"https:\\\/\\\/fermentis.com\\\/it\\\/prodotto\\\/safspirit-c-70\\\/\",\"url\":\"https:\\\/\\\/fermentis.com\\\/it\\\/prodotto\\\/safspirit-c-70\\\/\",\"name\":\"SafSpirit\u2122 C-70 - Lievito polivalente per distillatori - Fermentis\",\"isPartOf\":{\"@id\":\"https:\\\/\\\/fermentis.com\\\/it\\\/#website\"},\"datePublished\":\"2020-06-29T22:00:00+00:00\",\"dateModified\":\"2026-04-13T11:34:14+00:00\",\"description\":\"Il lievito Fermentis SafSpirit\u2122 C-70 \u00e8 celebre per la produzione di alcool di altissima qualit\u00e0 da qualsiasi tipo di substrati. \u00c8 ideale per il rum.\",\"breadcrumb\":{\"@id\":\"https:\\\/\\\/fermentis.com\\\/it\\\/prodotto\\\/safspirit-c-70\\\/#breadcrumb\"},\"inLanguage\":\"it-IT\",\"potentialAction\":[{\"@type\":\"ReadAction\",\"target\":[\"https:\\\/\\\/fermentis.com\\\/it\\\/prodotto\\\/safspirit-c-70\\\/\"]}]},{\"@type\":\"BreadcrumbList\",\"@id\":\"https:\\\/\\\/fermentis.com\\\/it\\\/prodotto\\\/safspirit-c-70\\\/#breadcrumb\",\"itemListElement\":[{\"@type\":\"ListItem\",\"position\":1,\"name\":\"Home\",\"item\":\"https:\\\/\\\/fermentis.com\\\/it\\\/\"},{\"@type\":\"ListItem\",\"position\":2,\"name\":\"Prodotti\"},{\"@type\":\"ListItem\",\"position\":3,\"name\":\"Spirits &amp; Distilling\",\"item\":\"https:\\\/\\\/fermentis.com\\\/it\\\/fermentation\\\/spirits-distilling-it\\\/\"},{\"@type\":\"ListItem\",\"position\":4,\"name\":\"Lievito secco attivo per distillati\",\"item\":\"https:\\\/\\\/fermentis.com\\\/it\\\/fermentation\\\/spirits-distilling-it\\\/active-dry-yeast-spirits-it\\\/\"},{\"@type\":\"ListItem\",\"position\":5,\"name\":\"SafSpirit\u2122 C-70\"}]},{\"@type\":\"WebSite\",\"@id\":\"https:\\\/\\\/fermentis.com\\\/it\\\/#website\",\"url\":\"https:\\\/\\\/fermentis.com\\\/it\\\/\",\"name\":\"Fermentis\",\"description\":\"Un site utilisant WordPress\",\"publisher\":{\"@id\":\"https:\\\/\\\/fermentis.com\\\/it\\\/#organization\"},\"potentialAction\":[{\"@type\":\"SearchAction\",\"target\":{\"@type\":\"EntryPoint\",\"urlTemplate\":\"https:\\\/\\\/fermentis.com\\\/it\\\/?s={search_term_string}\"},\"query-input\":{\"@type\":\"PropertyValueSpecification\",\"valueRequired\":true,\"valueName\":\"search_term_string\"}}],\"inLanguage\":\"it-IT\"},{\"@type\":\"Organization\",\"@id\":\"https:\\\/\\\/fermentis.com\\\/it\\\/#organization\",\"name\":\"Fermentis\",\"url\":\"https:\\\/\\\/fermentis.com\\\/it\\\/\",\"logo\":{\"@type\":\"ImageObject\",\"inLanguage\":\"it-IT\",\"@id\":\"https:\\\/\\\/fermentis.com\\\/it\\\/#\\\/schema\\\/logo\\\/image\\\/\",\"url\":\"https:\\\/\\\/fermentis.com\\\/wp-content\\\/uploads\\\/2021\\\/07\\\/Logo-Fermentis-5.png\",\"contentUrl\":\"https:\\\/\\\/fermentis.com\\\/wp-content\\\/uploads\\\/2021\\\/07\\\/Logo-Fermentis-5.png\",\"width\":308,\"height\":95,\"caption\":\"Fermentis\"},\"image\":{\"@id\":\"https:\\\/\\\/fermentis.com\\\/it\\\/#\\\/schema\\\/logo\\\/image\\\/\"},\"sameAs\":[\"https:\\\/\\\/www.facebook.com\\\/Fermentis\",\"https:\\\/\\\/x.com\\\/fermentis\",\"https:\\\/\\\/www.instagram.com\\\/fermentisbylesaffre\\\/\",\"https:\\\/\\\/www.linkedin.com\\\/company\\\/fermentis\\\/\",\"https:\\\/\\\/www.youtube.com\\\/channel\\\/UCt_Lp3IZnUNXZeqSi6iiAdA\"]}]}<\/script>\n<meta property=\"product:price:currency\" content=\"GBP\" \/>\n<meta property=\"og:availability\" content=\"instock\" \/>\n<meta property=\"product:availability\" content=\"instock\" \/>\n<meta property=\"product:condition\" content=\"new\" \/>\n<!-- \/ Yoast SEO Premium plugin. -->","yoast_head_json":{"title":"SafSpirit\u2122 C-70 - Lievito polivalente per distillatori - Fermentis","description":"Il lievito Fermentis SafSpirit\u2122 C-70 \u00e8 celebre per la produzione di alcool di altissima qualit\u00e0 da qualsiasi tipo di substrati. \u00c8 ideale per il rum.","robots":{"index":"index","follow":"follow","max-snippet":"max-snippet:-1","max-image-preview":"max-image-preview:large","max-video-preview":"max-video-preview:-1"},"canonical":"https:\/\/fermentis.com\/it\/prodotto\/safspirit-c-70\/","og_locale":"it_IT","og_type":"article","og_title":"SafSpirit\u2122 C-70","og_description":"Il lievito Fermentis SafSpirit\u2122 C-70 \u00e8 celebre per la produzione di alcool di altissima qualit\u00e0 da qualsiasi tipo di substrati. \u00c8 ideale per il rum.","og_url":"https:\/\/fermentis.com\/it\/prodotto\/safspirit-c-70\/","og_site_name":"Fermentis","article_publisher":"https:\/\/www.facebook.com\/Fermentis","article_modified_time":"2026-04-13T11:34:14+00:00","og_image":[{"width":1500,"height":525,"url":"https:\/\/fermentis.com\/wp-content\/uploads\/2020\/02\/logo-fermentis.png","type":"image\/png"}],"twitter_card":"summary_large_image","twitter_site":"@fermentis","twitter_misc":{"Prezzo":"","Disponibilit\u00e0":"In stock"},"schema":{"@context":"https:\/\/schema.org","@graph":[{"@type":"WebPage","@id":"https:\/\/fermentis.com\/it\/prodotto\/safspirit-c-70\/","url":"https:\/\/fermentis.com\/it\/prodotto\/safspirit-c-70\/","name":"SafSpirit\u2122 C-70 - Lievito polivalente per distillatori - Fermentis","isPartOf":{"@id":"https:\/\/fermentis.com\/it\/#website"},"datePublished":"2020-06-29T22:00:00+00:00","dateModified":"2026-04-13T11:34:14+00:00","description":"Il lievito Fermentis SafSpirit\u2122 C-70 \u00e8 celebre per la produzione di alcool di altissima qualit\u00e0 da qualsiasi tipo di substrati. \u00c8 ideale per il rum.","breadcrumb":{"@id":"https:\/\/fermentis.com\/it\/prodotto\/safspirit-c-70\/#breadcrumb"},"inLanguage":"it-IT","potentialAction":[{"@type":"ReadAction","target":["https:\/\/fermentis.com\/it\/prodotto\/safspirit-c-70\/"]}]},{"@type":"BreadcrumbList","@id":"https:\/\/fermentis.com\/it\/prodotto\/safspirit-c-70\/#breadcrumb","itemListElement":[{"@type":"ListItem","position":1,"name":"Home","item":"https:\/\/fermentis.com\/it\/"},{"@type":"ListItem","position":2,"name":"Prodotti"},{"@type":"ListItem","position":3,"name":"Spirits &amp; Distilling","item":"https:\/\/fermentis.com\/it\/fermentation\/spirits-distilling-it\/"},{"@type":"ListItem","position":4,"name":"Lievito secco attivo per distillati","item":"https:\/\/fermentis.com\/it\/fermentation\/spirits-distilling-it\/active-dry-yeast-spirits-it\/"},{"@type":"ListItem","position":5,"name":"SafSpirit\u2122 C-70"}]},{"@type":"WebSite","@id":"https:\/\/fermentis.com\/it\/#website","url":"https:\/\/fermentis.com\/it\/","name":"Fermentis","description":"Un site utilisant WordPress","publisher":{"@id":"https:\/\/fermentis.com\/it\/#organization"},"potentialAction":[{"@type":"SearchAction","target":{"@type":"EntryPoint","urlTemplate":"https:\/\/fermentis.com\/it\/?s={search_term_string}"},"query-input":{"@type":"PropertyValueSpecification","valueRequired":true,"valueName":"search_term_string"}}],"inLanguage":"it-IT"},{"@type":"Organization","@id":"https:\/\/fermentis.com\/it\/#organization","name":"Fermentis","url":"https:\/\/fermentis.com\/it\/","logo":{"@type":"ImageObject","inLanguage":"it-IT","@id":"https:\/\/fermentis.com\/it\/#\/schema\/logo\/image\/","url":"https:\/\/fermentis.com\/wp-content\/uploads\/2021\/07\/Logo-Fermentis-5.png","contentUrl":"https:\/\/fermentis.com\/wp-content\/uploads\/2021\/07\/Logo-Fermentis-5.png","width":308,"height":95,"caption":"Fermentis"},"image":{"@id":"https:\/\/fermentis.com\/it\/#\/schema\/logo\/image\/"},"sameAs":["https:\/\/www.facebook.com\/Fermentis","https:\/\/x.com\/fermentis","https:\/\/www.instagram.com\/fermentisbylesaffre\/","https:\/\/www.linkedin.com\/company\/fermentis\/","https:\/\/www.youtube.com\/channel\/UCt_Lp3IZnUNXZeqSi6iiAdA"]}]},"product_price_currency":"GBP","og_availability":"instock","product_availability":"instock","product_condition":"new"},"_links":{"self":[{"href":"https:\/\/fermentis.com\/it\/wp-json\/wp\/v2\/product\/41835","targetHints":{"allow":["GET"]}}],"collection":[{"href":"https:\/\/fermentis.com\/it\/wp-json\/wp\/v2\/product"}],"about":[{"href":"https:\/\/fermentis.com\/it\/wp-json\/wp\/v2\/types\/product"}],"replies":[{"embeddable":true,"href":"https:\/\/fermentis.com\/it\/wp-json\/wp\/v2\/comments?post=41835"}],"wp:attachment":[{"href":"https:\/\/fermentis.com\/it\/wp-json\/wp\/v2\/media?parent=41835"}],"wp:term":[{"taxonomy":"product_brand","embeddable":true,"href":"https:\/\/fermentis.com\/it\/wp-json\/wp\/v2\/product_brand?post=41835"},{"taxonomy":"product_cat","embeddable":true,"href":"https:\/\/fermentis.com\/it\/wp-json\/wp\/v2\/product_cat?post=41835"},{"taxonomy":"product_tag","embeddable":true,"href":"https:\/\/fermentis.com\/it\/wp-json\/wp\/v2\/product_tag?post=41835"}],"curies":[{"name":"wp","href":"https:\/\/api.w.org\/{rel}","templated":true}]}}