{"id":42001,"date":"2020-04-29T00:00:00","date_gmt":"2020-04-28T22:00:00","guid":{"rendered":"https:\/\/fermentis.com\/product\/springcell-color-g2\/"},"modified":"2026-03-30T19:29:08","modified_gmt":"2026-03-30T17:29:08","slug":"springcell-color-g2","status":"publish","type":"product","link":"https:\/\/fermentis.com\/it\/prodotto\/springcell-color-g2\/","title":{"rendered":"SpringCell\u2122 Color&nbsp;G2"},"content":{"rendered":"<div class=\"container section-title-container\" ><h2 class=\"section-title section-title-center\"><b aria-hidden=\"true\"><\/b><span class=\"section-title-main\" style=\"font-size:115%;\">PER UNA MAGGIORE STABILIT\u00c0 DEL COLORE NEI VINI ROSSI<\/span><b aria-hidden=\"true\"><\/b><\/h2><\/div>\n<p><strong>SpringCell\u2122 Color G2<\/strong> \u00e8 un&#039;ottimizzazione di <strong>SpringCell\u2122 Color<\/strong>. Basato su lieviti puri inattivati di Saccharomyces cerevisiae particolarmente ricchi in polisaccaridi, aumenta l&#039;azione di <strong>SpringCell\u2122 Color<\/strong> sull&#039;intensit\u00e0 e sulla stabilit\u00e0 del profilo polifenolico dei vini rossi.<\/p>\n<p><strong>SpringCell\u2122 Color G2<\/strong> migliora la qualit\u00e0 della struttura del vino (in particolare dei tannini), ottimizza di conseguenza il profilo organolettico dei rossi Premium destinati ad un affinamento da medio a lungo.<\/p>\n\t<div id=\"gap-66062821\" class=\"gap-element clearfix\" style=\"display:block; height:auto;\">\n\t\t\n<style>\n#gap-66062821 {\n  padding-top: 30px;\n}\n<\/style>\n\t<\/div>\n\t\n<div class=\"container section-title-container\" ><h3 class=\"section-title section-title-center\"><b aria-hidden=\"true\"><\/b><span class=\"section-title-main\" style=\"font-size:115%;\">Caratteristiche tecniche - SPRINGCELL\u2122 Color G2<\/span><b aria-hidden=\"true\"><\/b><\/h3><\/div>\n\n\t\t<div class=\"tabbed-content\">\n\t\t\t\n\t\t\t<ul class=\"nav nav-tabs nav-uppercase nav-size-normal nav-left\" role=\"tablist\"><li id=\"tab-utilizzo\" class=\"tab active has-icon\" role=\"presentation\"><a href=\"#tab_utilizzo\" role=\"tab\" aria-selected=\"true\" aria-controls=\"tab_utilizzo\"><span>Utilizzo<\/span><\/a><\/li>\n<li id=\"tab-propriet\u00e0\" class=\"tab has-icon\" role=\"presentation\"><a href=\"#tab_propriet\u00e0\" tabindex=\"-1\" role=\"tab\" aria-selected=\"false\" aria-controls=\"tab_propriet\u00e0\"><span>Propriet\u00e0<\/span><\/a><\/li>\n<li id=\"tab-dosaggio-e-composizione\" class=\"tab has-icon\" role=\"presentation\"><a href=\"#tab_dosaggio-e-composizione\" tabindex=\"-1\" role=\"tab\" aria-selected=\"false\" aria-controls=\"tab_dosaggio-e-composizione\"><span>Dosaggio e composizione<\/span><\/a><\/li>\n<li id=\"tab-imballo-e-garanzia\" class=\"tab has-icon\" role=\"presentation\"><a href=\"#tab_imballo-e-garanzia\" tabindex=\"-1\" role=\"tab\" aria-selected=\"false\" aria-controls=\"tab_imballo-e-garanzia\"><span>Imballo e garanzia<\/span><\/a><\/li><\/ul><div class=\"tab-panels\"><div id=\"tab_utilizzo\" class=\"panel active entry-content\" role=\"tabpanel\" aria-labelledby=\"tab-utilizzo\">\n<p><strong>SpringCell\u2122 Color G2<\/strong> \u00e8 adatto per:<br \/>\n&#8211; L&#039;elaborazione di vini rossi intensi e rotondi destinati ad un affinamento da medio a lungo<br \/>\n&#8211; Mosti con lunga macerazione o mosti con un&#039;estrazione troppo intensa (ammorbidimento dei tannini verdi)<br \/>\n&#8211; Vini da vitigni intensamente tannici e colorati<br \/>\n&#8211; Vini con nota instabilit\u00e0 del colore<\/p>\n<\/div>\n<div id=\"tab_propriet\u00e0\" class=\"panel entry-content\" role=\"tabpanel\" aria-labelledby=\"tab-propriet\u00e0\">\n<h4>Profilo polifenolico<\/h4>\n<p>Aumento del contenuto polifenolico: <strong>SpringCell\u2122 Color G2<\/strong> aumenta significativamente l&#039;intensit\u00e0 colorante e la quantit\u00e0 complessiva dei tannini dopo il trattamento (aumento della DO520 e DO280).<br \/>\nMaggiore stabilit\u00e0 polifenolica: l&#039;effetto dei polisaccaridi di<strong> SpringCell\u2122 Color G2<\/strong> \u00e8 stato rafforzato per favorire la stabilizzazione dei complessi tannino-antociani e consentire la riduzione della quantit\u00e0 di antociani liberi. G2 apporta un&#039;altra dimensione alla stabilit\u00e0 attraverso l&#039;induzione della produzione di tannini molto pi\u00f9 polimerizzati.<\/p>\n<h4>Profilo organolettico<\/h4>\n<p><strong>SpringCell\u2122 Color G2<\/strong> contribuisce ampiamente all&#039;ammorbidimento dei tannini pi\u00f9 astringenti grazie all&#039;aumento del loro grado di polimerizzazione e all&#039;azione di avvolgimento dei polisaccaridi (diminuzione del potere tannico e aumento dell&#039;indice di etanolo).<\/p>\n<h4>Nutrizione, effetti collaterali<\/h4>\n<p>Apporto di vitamine e di azoto organico durante la fermentazione sotto forma di aminoacidi, rapidamente assimilati dal lievito.<br \/>\nApporto di elementi insolubili e fattori di sopravvivenza (ergosteroli, acidi grassi) per favorire il vitalit\u00e0 del lievito durante tutta la fermentazione.<\/p>\n<h4>E2U\u2122<\/h4>\n<p><strong>SpringCell\u2122 Color G2<\/strong> ha una forma microgranulata per una migliore dissoluzione che ne garantisce l&#039;uso.<\/p>\n<\/div>\n<div id=\"tab_dosaggio-e-composizione\" class=\"panel entry-content\" role=\"tabpanel\" aria-labelledby=\"tab-dosaggio-e-composizione\">\n<h4>Dosaggio<\/h4>\n<p>Da 20 a 30 g\/hl di <strong>SpringCell\u2122 Color G2<\/strong> devono essere aggiunti poco prima dell&#039;inoculo del lievito sia per il ruolo funzionale sia di supporto, diluiti in dieci volte il volume di vino o di acqua.<\/p>\n<h4>Composizione<\/h4>\n<p>Sostanza secca &gt; 94%<br \/>\nAzoto totale 7,5 &#8211; 8,8%<br \/>\nCarboidrati totali 28,0 &#8211; 34,0%<br \/>\nLipidi 4,0 &#8211; 8,0%<br \/>\nSostanze minerali 4,0 &#8211; 8,0%<\/p>\n<\/div>\n<div id=\"tab_imballo-e-garanzia\" class=\"panel entry-content\" role=\"tabpanel\" aria-labelledby=\"tab-imballo-e-garanzia\">\n<h4>Imballo<\/h4>\n<p>Cartone da 20 confezioni sottovuoto da 500 g ciascuna (peso netto dell&#039;intera scatola: 10 kg).<\/p>\n<h4>Garanzia<\/h4>\n<p>Fermentis\u00ae garantisce una conservazione ottimale del prodotto per 3 anni nella confezione originale, ad una temperatura massima di 20\u00b0C e in un ambiente asciutto.<\/p>\n<p>Fermentis\u00ae garantisce che il prodotto sar\u00e0 conforme al Codex enologico internazionale fino alla data limite di utilizzo ottimale nelle condizioni di conservazione sopra citate<\/p>\n<p>I coadiuvanti di fermentazione e i prodotti funzionali Fermentis\u00ae sono prodotti esclusivamente da lieviti naturali. Il savoir-faire del gruppo Lesaffre garantisce agli utilizzatori finali prodotti altamente performanti, come richiesto dalle moderne applicazioni enologiche.<\/p>\n<\/div><\/div><\/div>\n\t<div id=\"gap-650212108\" class=\"gap-element clearfix\" style=\"display:block; height:auto;\">\n\t\t\n<style>\n#gap-650212108 {\n  padding-top: 30px;\n}\n<\/style>\n\t<\/div>\n\t\n<p><i>I dati contenuti in questa scheda tecnica sono l&#039;esatta trascrizione delle nostre conoscenze sul prodotto alla data indicata. Sono di propriet\u00e0 esclusiva di Fermentis-Divisione di S.I.Lesaffre. L&#039;utilizzatore deve assicurarsi che questo prodotto sia conforme alla legislazione in vigore per l&#039;uso che ne intende fare.<\/i><\/p>\n","protected":false},"excerpt":{"rendered":"<p>Per una maggiore stabilit\u00e0 del colore nei vini rossi<\/p>\n","protected":false},"featured_media":41963,"comment_status":"closed","ping_status":"closed","template":"","meta":{"_acf_changed":false},"product_brand":[],"product_cat":[2181,2220,1382],"product_tag":[2255,2256,2197,2257,2258,2259],"class_list":{"0":"post-42001","1":"product","2":"type-product","3":"status-publish","4":"has-post-thumbnail","6":"product_cat-functional-products-wine-it","7":"product_cat-springcell-color-it-2","8":"product_cat-wine-making-it","9":"product_tag-color-g2-it","10":"product_tag-colorg2-it","11":"product_tag-springcell-it","12":"product_tag-springcell-color-g2-it","13":"product_tag-springcell-colorg2-it","14":"product_tag-springcellcolorg2-it","16":"first","17":"instock","18":"shipping-taxable","19":"product-type-simple"},"acf":[],"yoast_head":"<!-- This site is optimized with the Yoast SEO Premium plugin v27.4 (Yoast SEO v27.4) - https:\/\/yoast.com\/product\/yoast-seo-premium-wordpress\/ -->\n<title>SpringCell Color G2 - Prodotto funzionale, per vino rosso - Fermentis<\/title>\n<meta name=\"description\" content=\"Il prodotto funzionale Fermentis SpringCell Color G2 \u00e8 ideale per agire sull&#039;intensit\u00e0 e sulla stabilit\u00e0 del profilo polifenolico dei vini rossi Premium\" \/>\n<meta name=\"robots\" content=\"index, follow, max-snippet:-1, max-image-preview:large, max-video-preview:-1\" \/>\n<link rel=\"canonical\" href=\"https:\/\/fermentis.com\/it\/prodotto\/springcell-color-g2\/\" \/>\n<meta property=\"og:locale\" content=\"it_IT\" \/>\n<meta property=\"og:type\" content=\"article\" \/>\n<meta property=\"og:title\" content=\"SpringCell\u2122 Color&nbsp;G2\" \/>\n<meta property=\"og:description\" content=\"Il prodotto funzionale Fermentis SpringCell Color G2 \u00e8 ideale per agire sull&#039;intensit\u00e0 e sulla stabilit\u00e0 del profilo polifenolico dei vini rossi Premium\" \/>\n<meta property=\"og:url\" content=\"https:\/\/fermentis.com\/it\/prodotto\/springcell-color-g2\/\" \/>\n<meta property=\"og:site_name\" content=\"Fermentis\" \/>\n<meta property=\"article:publisher\" content=\"https:\/\/www.facebook.com\/Fermentis\" \/>\n<meta property=\"article:modified_time\" content=\"2026-03-30T17:29:08+00:00\" \/>\n<meta property=\"og:image\" content=\"https:\/\/fermentis.com\/wp-content\/uploads\/2020\/05\/springcell-color-g2.jpg\" \/>\n\t<meta property=\"og:image:width\" content=\"1200\" \/>\n\t<meta property=\"og:image:height\" content=\"1200\" \/>\n\t<meta property=\"og:image:type\" content=\"image\/jpeg\" \/>\n<meta name=\"twitter:card\" content=\"summary_large_image\" \/>\n<meta name=\"twitter:site\" content=\"@fermentis\" \/>\n<meta name=\"twitter:label1\" content=\"Prezzo\" \/>\n\t<meta name=\"twitter:data1\" content=\"\" \/>\n\t<meta name=\"twitter:label2\" content=\"Disponibilit\u00e0\" \/>\n\t<meta name=\"twitter:data2\" content=\"In stock\" \/>\n<script type=\"application\/ld+json\" class=\"yoast-schema-graph\">{\"@context\":\"https:\\\/\\\/schema.org\",\"@graph\":[{\"@type\":\"WebPage\",\"@id\":\"https:\\\/\\\/fermentis.com\\\/it\\\/prodotto\\\/springcell-color-g2\\\/\",\"url\":\"https:\\\/\\\/fermentis.com\\\/it\\\/prodotto\\\/springcell-color-g2\\\/\",\"name\":\"SpringCell Color G2 - Prodotto funzionale, per vino rosso - Fermentis\",\"isPartOf\":{\"@id\":\"https:\\\/\\\/fermentis.com\\\/it\\\/#website\"},\"primaryImageOfPage\":{\"@id\":\"https:\\\/\\\/fermentis.com\\\/it\\\/prodotto\\\/springcell-color-g2\\\/#primaryimage\"},\"image\":{\"@id\":\"https:\\\/\\\/fermentis.com\\\/it\\\/prodotto\\\/springcell-color-g2\\\/#primaryimage\"},\"thumbnailUrl\":\"https:\\\/\\\/fermentis.com\\\/wp-content\\\/uploads\\\/2020\\\/05\\\/springcell-color-g2.jpg\",\"datePublished\":\"2020-04-28T22:00:00+00:00\",\"dateModified\":\"2026-03-30T17:29:08+00:00\",\"description\":\"Il prodotto funzionale Fermentis SpringCell Color G2 \u00e8 ideale per agire sull'intensit\u00e0 e sulla stabilit\u00e0 del profilo polifenolico dei vini rossi Premium\",\"breadcrumb\":{\"@id\":\"https:\\\/\\\/fermentis.com\\\/it\\\/prodotto\\\/springcell-color-g2\\\/#breadcrumb\"},\"inLanguage\":\"it-IT\",\"potentialAction\":[{\"@type\":\"ReadAction\",\"target\":[\"https:\\\/\\\/fermentis.com\\\/it\\\/prodotto\\\/springcell-color-g2\\\/\"]}]},{\"@type\":\"ImageObject\",\"inLanguage\":\"it-IT\",\"@id\":\"https:\\\/\\\/fermentis.com\\\/it\\\/prodotto\\\/springcell-color-g2\\\/#primaryimage\",\"url\":\"https:\\\/\\\/fermentis.com\\\/wp-content\\\/uploads\\\/2020\\\/05\\\/springcell-color-g2.jpg\",\"contentUrl\":\"https:\\\/\\\/fermentis.com\\\/wp-content\\\/uploads\\\/2020\\\/05\\\/springcell-color-g2.jpg\",\"width\":1200,\"height\":1200},{\"@type\":\"BreadcrumbList\",\"@id\":\"https:\\\/\\\/fermentis.com\\\/it\\\/prodotto\\\/springcell-color-g2\\\/#breadcrumb\",\"itemListElement\":[{\"@type\":\"ListItem\",\"position\":1,\"name\":\"Home\",\"item\":\"https:\\\/\\\/fermentis.com\\\/it\\\/\"},{\"@type\":\"ListItem\",\"position\":2,\"name\":\"Prodotti\"},{\"@type\":\"ListItem\",\"position\":3,\"name\":\"Wine making\",\"item\":\"https:\\\/\\\/fermentis.com\\\/it\\\/fermentation\\\/wine-making-it\\\/\"},{\"@type\":\"ListItem\",\"position\":4,\"name\":\"Prodotti funzionali vino\",\"item\":\"https:\\\/\\\/fermentis.com\\\/it\\\/fermentation\\\/wine-making-it\\\/functional-products-wine-it\\\/\"},{\"@type\":\"ListItem\",\"position\":5,\"name\":\"SpringCell\u2122 Color&nbsp;G2\"}]},{\"@type\":\"WebSite\",\"@id\":\"https:\\\/\\\/fermentis.com\\\/it\\\/#website\",\"url\":\"https:\\\/\\\/fermentis.com\\\/it\\\/\",\"name\":\"Fermentis\",\"description\":\"Un site utilisant WordPress\",\"publisher\":{\"@id\":\"https:\\\/\\\/fermentis.com\\\/it\\\/#organization\"},\"potentialAction\":[{\"@type\":\"SearchAction\",\"target\":{\"@type\":\"EntryPoint\",\"urlTemplate\":\"https:\\\/\\\/fermentis.com\\\/it\\\/?s={search_term_string}\"},\"query-input\":{\"@type\":\"PropertyValueSpecification\",\"valueRequired\":true,\"valueName\":\"search_term_string\"}}],\"inLanguage\":\"it-IT\"},{\"@type\":\"Organization\",\"@id\":\"https:\\\/\\\/fermentis.com\\\/it\\\/#organization\",\"name\":\"Fermentis\",\"url\":\"https:\\\/\\\/fermentis.com\\\/it\\\/\",\"logo\":{\"@type\":\"ImageObject\",\"inLanguage\":\"it-IT\",\"@id\":\"https:\\\/\\\/fermentis.com\\\/it\\\/#\\\/schema\\\/logo\\\/image\\\/\",\"url\":\"https:\\\/\\\/fermentis.com\\\/wp-content\\\/uploads\\\/2021\\\/07\\\/Logo-Fermentis-5.png\",\"contentUrl\":\"https:\\\/\\\/fermentis.com\\\/wp-content\\\/uploads\\\/2021\\\/07\\\/Logo-Fermentis-5.png\",\"width\":308,\"height\":95,\"caption\":\"Fermentis\"},\"image\":{\"@id\":\"https:\\\/\\\/fermentis.com\\\/it\\\/#\\\/schema\\\/logo\\\/image\\\/\"},\"sameAs\":[\"https:\\\/\\\/www.facebook.com\\\/Fermentis\",\"https:\\\/\\\/x.com\\\/fermentis\",\"https:\\\/\\\/www.instagram.com\\\/fermentisbylesaffre\\\/\",\"https:\\\/\\\/www.linkedin.com\\\/company\\\/fermentis\\\/\",\"https:\\\/\\\/www.youtube.com\\\/channel\\\/UCt_Lp3IZnUNXZeqSi6iiAdA\"]}]}<\/script>\n<meta property=\"product:price:currency\" content=\"GBP\" \/>\n<meta property=\"og:availability\" content=\"instock\" \/>\n<meta property=\"product:availability\" content=\"instock\" \/>\n<meta property=\"product:condition\" content=\"new\" \/>\n<!-- \/ Yoast SEO Premium plugin. -->","yoast_head_json":{"title":"SpringCell Color G2 - Prodotto funzionale, per vino rosso - Fermentis","description":"Il prodotto funzionale Fermentis SpringCell Color G2 \u00e8 ideale per agire sull'intensit\u00e0 e sulla stabilit\u00e0 del profilo polifenolico dei vini rossi Premium","robots":{"index":"index","follow":"follow","max-snippet":"max-snippet:-1","max-image-preview":"max-image-preview:large","max-video-preview":"max-video-preview:-1"},"canonical":"https:\/\/fermentis.com\/it\/prodotto\/springcell-color-g2\/","og_locale":"it_IT","og_type":"article","og_title":"SpringCell\u2122 Color&nbsp;G2","og_description":"Il prodotto funzionale Fermentis SpringCell Color G2 \u00e8 ideale per agire sull'intensit\u00e0 e sulla stabilit\u00e0 del profilo polifenolico dei vini rossi Premium","og_url":"https:\/\/fermentis.com\/it\/prodotto\/springcell-color-g2\/","og_site_name":"Fermentis","article_publisher":"https:\/\/www.facebook.com\/Fermentis","article_modified_time":"2026-03-30T17:29:08+00:00","og_image":[{"width":1200,"height":1200,"url":"https:\/\/fermentis.com\/wp-content\/uploads\/2020\/05\/springcell-color-g2.jpg","type":"image\/jpeg"}],"twitter_card":"summary_large_image","twitter_site":"@fermentis","twitter_misc":{"Prezzo":"","Disponibilit\u00e0":"In stock"},"schema":{"@context":"https:\/\/schema.org","@graph":[{"@type":"WebPage","@id":"https:\/\/fermentis.com\/it\/prodotto\/springcell-color-g2\/","url":"https:\/\/fermentis.com\/it\/prodotto\/springcell-color-g2\/","name":"SpringCell Color G2 - Prodotto funzionale, per vino rosso - Fermentis","isPartOf":{"@id":"https:\/\/fermentis.com\/it\/#website"},"primaryImageOfPage":{"@id":"https:\/\/fermentis.com\/it\/prodotto\/springcell-color-g2\/#primaryimage"},"image":{"@id":"https:\/\/fermentis.com\/it\/prodotto\/springcell-color-g2\/#primaryimage"},"thumbnailUrl":"https:\/\/fermentis.com\/wp-content\/uploads\/2020\/05\/springcell-color-g2.jpg","datePublished":"2020-04-28T22:00:00+00:00","dateModified":"2026-03-30T17:29:08+00:00","description":"Il prodotto funzionale Fermentis SpringCell Color G2 \u00e8 ideale per agire sull'intensit\u00e0 e sulla stabilit\u00e0 del profilo polifenolico dei vini rossi Premium","breadcrumb":{"@id":"https:\/\/fermentis.com\/it\/prodotto\/springcell-color-g2\/#breadcrumb"},"inLanguage":"it-IT","potentialAction":[{"@type":"ReadAction","target":["https:\/\/fermentis.com\/it\/prodotto\/springcell-color-g2\/"]}]},{"@type":"ImageObject","inLanguage":"it-IT","@id":"https:\/\/fermentis.com\/it\/prodotto\/springcell-color-g2\/#primaryimage","url":"https:\/\/fermentis.com\/wp-content\/uploads\/2020\/05\/springcell-color-g2.jpg","contentUrl":"https:\/\/fermentis.com\/wp-content\/uploads\/2020\/05\/springcell-color-g2.jpg","width":1200,"height":1200},{"@type":"BreadcrumbList","@id":"https:\/\/fermentis.com\/it\/prodotto\/springcell-color-g2\/#breadcrumb","itemListElement":[{"@type":"ListItem","position":1,"name":"Home","item":"https:\/\/fermentis.com\/it\/"},{"@type":"ListItem","position":2,"name":"Prodotti"},{"@type":"ListItem","position":3,"name":"Wine making","item":"https:\/\/fermentis.com\/it\/fermentation\/wine-making-it\/"},{"@type":"ListItem","position":4,"name":"Prodotti funzionali vino","item":"https:\/\/fermentis.com\/it\/fermentation\/wine-making-it\/functional-products-wine-it\/"},{"@type":"ListItem","position":5,"name":"SpringCell\u2122 Color&nbsp;G2"}]},{"@type":"WebSite","@id":"https:\/\/fermentis.com\/it\/#website","url":"https:\/\/fermentis.com\/it\/","name":"Fermentis","description":"Un site utilisant WordPress","publisher":{"@id":"https:\/\/fermentis.com\/it\/#organization"},"potentialAction":[{"@type":"SearchAction","target":{"@type":"EntryPoint","urlTemplate":"https:\/\/fermentis.com\/it\/?s={search_term_string}"},"query-input":{"@type":"PropertyValueSpecification","valueRequired":true,"valueName":"search_term_string"}}],"inLanguage":"it-IT"},{"@type":"Organization","@id":"https:\/\/fermentis.com\/it\/#organization","name":"Fermentis","url":"https:\/\/fermentis.com\/it\/","logo":{"@type":"ImageObject","inLanguage":"it-IT","@id":"https:\/\/fermentis.com\/it\/#\/schema\/logo\/image\/","url":"https:\/\/fermentis.com\/wp-content\/uploads\/2021\/07\/Logo-Fermentis-5.png","contentUrl":"https:\/\/fermentis.com\/wp-content\/uploads\/2021\/07\/Logo-Fermentis-5.png","width":308,"height":95,"caption":"Fermentis"},"image":{"@id":"https:\/\/fermentis.com\/it\/#\/schema\/logo\/image\/"},"sameAs":["https:\/\/www.facebook.com\/Fermentis","https:\/\/x.com\/fermentis","https:\/\/www.instagram.com\/fermentisbylesaffre\/","https:\/\/www.linkedin.com\/company\/fermentis\/","https:\/\/www.youtube.com\/channel\/UCt_Lp3IZnUNXZeqSi6iiAdA"]}]},"product_price_currency":"GBP","og_availability":"instock","product_availability":"instock","product_condition":"new"},"_links":{"self":[{"href":"https:\/\/fermentis.com\/it\/wp-json\/wp\/v2\/product\/42001","targetHints":{"allow":["GET"]}}],"collection":[{"href":"https:\/\/fermentis.com\/it\/wp-json\/wp\/v2\/product"}],"about":[{"href":"https:\/\/fermentis.com\/it\/wp-json\/wp\/v2\/types\/product"}],"replies":[{"embeddable":true,"href":"https:\/\/fermentis.com\/it\/wp-json\/wp\/v2\/comments?post=42001"}],"wp:featuredmedia":[{"embeddable":true,"href":"https:\/\/fermentis.com\/it\/wp-json\/wp\/v2\/media\/41963"}],"wp:attachment":[{"href":"https:\/\/fermentis.com\/it\/wp-json\/wp\/v2\/media?parent=42001"}],"wp:term":[{"taxonomy":"product_brand","embeddable":true,"href":"https:\/\/fermentis.com\/it\/wp-json\/wp\/v2\/product_brand?post=42001"},{"taxonomy":"product_cat","embeddable":true,"href":"https:\/\/fermentis.com\/it\/wp-json\/wp\/v2\/product_cat?post=42001"},{"taxonomy":"product_tag","embeddable":true,"href":"https:\/\/fermentis.com\/it\/wp-json\/wp\/v2\/product_tag?post=42001"}],"curies":[{"name":"wp","href":"https:\/\/api.w.org\/{rel}","templated":true}]}}