{"id":42116,"date":"2020-02-14T00:00:00","date_gmt":"2020-02-13T23:00:00","guid":{"rendered":"https:\/\/fermentis.com\/product\/neipa-new-england-ipa\/"},"modified":"2025-09-29T17:10:08","modified_gmt":"2025-09-29T15:10:08","slug":"neipa-new-england-ipa","status":"publish","type":"product","link":"https:\/\/fermentis.com\/it\/prodotto\/neipa-new-england-ipa\/","title":{"rendered":"NEIPA &#8211; New England IPA"},"content":{"rendered":"<div class=\"container section-title-container\" ><h2 class=\"section-title section-title-center\"><b aria-hidden=\"true\"><\/b><span class=\"section-title-main\" style=\"font-size:115%;\">Lorem ipsum dolor sit amet...<\/span><b aria-hidden=\"true\"><\/b><\/h2><\/div>\n<p>La New England IPA (nota anche come <a href=\"https:\/\/fermentis.com\/en\/news\/fermentation\/beer-brewing\/hazy-ipa-rethink-this-ipa-beer-style\/\">IPA torbida<\/a>) \u00e8 uno stile nuovo e di tendenza della famiglia delle IPA (birre principalmente note come molto luppolate e prevalentemente amare). Le birre NEIPA presentano molti aspetti sensoriali diversi dalle IPA tradizionali.  Il migliore modo per descriverle? Si tratta di birre &#8220;succose&#8221;. Anche se pu\u00f2 variare dal 5% al 7% vol., bere una birra NEIPA \u00e8 quasi come bere un ricco succo di frutta fresca, poich\u00e9 il luppolo e il lievito contribuiscono a produrre queste noet fruttate.<\/p>\n\t<div id=\"gap-429017054\" class=\"gap-element clearfix\" style=\"display:block; height:auto;\">\n\t\t\n<style>\n#gap-429017054 {\n  padding-top: 30px;\n}\n<\/style>\n\t<\/div>\n\t\n<div class=\"container section-title-container\" ><h3 class=\"section-title section-title-center\"><b aria-hidden=\"true\"><\/b><span class=\"section-title-main\" style=\"font-size:115%;\">Caratteristiche - New England IPA<\/span><b aria-hidden=\"true\"><\/b><\/h3><\/div>\n\n\t\t<div class=\"tabbed-content\">\n\t\t\t\n\t\t\t<ul class=\"nav nav-tabs nav-uppercase nav-size-normal nav-left\" role=\"tablist\"><li id=\"tab-stile-di-birra\" class=\"tab active has-icon\" role=\"presentation\"><a href=\"#tab_stile-di-birra\" role=\"tab\" aria-selected=\"true\" aria-controls=\"tab_stile-di-birra\"><span>Stile di birra<\/span><\/a><\/li>\n<li id=\"tab-come-viene-prodotta-la-birra?\" class=\"tab has-icon\" role=\"presentation\"><a href=\"#tab_come-viene-prodotta-la-birra?\" tabindex=\"-1\" role=\"tab\" aria-selected=\"false\" aria-controls=\"tab_come-viene-prodotta-la-birra?\"><span>Come viene prodotta la birra?<\/span><\/a><\/li>\n<li id=\"tab-impatto-del-lievito\" class=\"tab has-icon\" role=\"presentation\"><a href=\"#tab_impatto-del-lievito\" tabindex=\"-1\" role=\"tab\" aria-selected=\"false\" aria-controls=\"tab_impatto-del-lievito\"><span>IMPATTO DEL LIEVITO<\/span><\/a><\/li><\/ul><div class=\"tab-panels\"><div id=\"tab_stile-di-birra\" class=\"panel active entry-content\" role=\"tabpanel\" aria-labelledby=\"tab-stile-di-birra\">\n<h4>Caratteristiche generali &#8211; birra NEIPA<\/h4>\n<p>La New England IPA \u00e8 uno stile nuovo e di tendenza della famiglia IPA (birre principalmente note come molto luppolate e prevalentemente amare).  Le birre NEIPA presentano molti aspetti sensoriali diversi dalle IPA tradizionali.  Il migliore modo per descriverle? Si tratta di birre &#8220;succose&#8221;. Anche se pu\u00f2 variare dal 5% al 7% vol., bere una birra NEIPA \u00e8 quasi come bere un ricco succo di frutta fresca, poich\u00e9 il luppolo e il lievito contribuiscono a produrre queste noet fruttate.<\/p>\n<p>Un&#039;altra caratteristica importante di questo stile di birra \u00e8 la torbidit\u00e0, conseguenza della particolare composizione degli ingredienti. Questo tipo di birra \u00e8 solitamente di colore chiaro e presenta un carattere maltato neutro e delicato, che lascia i sapori fruttati del luppolo dominare, con un&#039;intensit\u00e0 decisamente fresca.<\/p>\n<p>Con una NEIPA, ci si pu\u00f2 aspettare aromi tendenti al luppolo nella famiglia dei frutti tropicali, come mango, ananas, frutto della passione e guaiva, nonch\u00e9 aromi di agrumi, come arancia, lime e mandarino. Si pu\u00f2 anche percepire note di drupe, come la pesca e l&#039;albicocca. Tutto gira attorno le note luppolate, non necessariamente amare. A differenza delle altre birre IPA, la New England IPA tende ad avere un amaro da moderato a basso, con un finale morbido. Infine, il corpo della birra ha un ruolo importante, necessario per supportare la sensazione di succosit\u00e0. Il risultato \u00e8 una birra molto aromatica, saporita e altamente beverina.<\/p>\n<\/div>\n<div id=\"tab_come-viene-prodotta-la-birra?\" class=\"panel entry-content\" role=\"tabpanel\" aria-labelledby=\"tab-come-viene-prodotta-la-birra?\">\n<h3>Suggerimenti per la produzione di NEIPA<\/h3>\n<p>Solitamente, si dovrebbe usare orzo maltato, cos\u00ec come avena e frumento, perch\u00e9 contribuiscono al carattere cremoso, al corpo e alla torbidit\u00e0 della birra. La nostra seconda raccomandazione \u00e8 di considerare una carica di luppolo piuttosto importante (0,5 &#8211; 1,5 kg\/hl) solo nelle aggiunte tardive di luppolo (late hopping e luppolatura a freddo -dry hopping- con limitata aggiunta di luppolo o senza in bollitura). Suggeriamo di utilizzare principalmente variet\u00e0 di luppolo fruttate (citra, simcoe, mosaic, galaxy, amarillo, el dorado, ecc.). E, ovviamente, utilizzate sempre il ceppo di lievito pi\u00f9 appropriato!<\/p>\n<\/div>\n<div id=\"tab_impatto-del-lievito\" class=\"panel entry-content\" role=\"tabpanel\" aria-labelledby=\"tab-impatto-del-lievito\">\n<h3>Impatto del lievito sulle birre in stile NEIPA<\/h3>\n<p>L&#039;impatto del lievito sull&#039;espressione aromatica del luppolo \u00e8 un argomento nuovo ed entusiasmante! Abbiamo studiato a fondo l&#039;impatto di diversi ceppi di lievito sull&#039;espressione aromatica delle NEIPA. Il lievito pu\u00f2 influire in diversi modi, non solo sui sapori neutri: il modo in cui il lievito influisce sulla produzione e sul contributo in aromi fruttati &#8211; e molte altre interazioni &#8211; pu\u00f2 essere significativo. Infatti, il lievito svolge non solo un ruolo diretto nello sviluppo aromatico, pu\u00f2 migliorare il rilascio di alcuni importanti aromi di luppolo dai precursori. In sintesi, il lievito pu\u00f2 favorire il carattere luppolato della birra producendo, rilasciando o interagendo con importanti composti aromatici del luppolo. Il lievito ha anche un ruolo importante nel corpo della birra; le propriet\u00e0 di sospensione o di consumo di zucchero possono contribuire alla sensazione in bocca della birra, soprattutto in questo stile dal carattere &#8220;succoso&#8221;.<\/p>\n<\/div><\/div><\/div>\n\t<div id=\"gap-1223727918\" class=\"gap-element clearfix\" style=\"display:block; height:auto;\">\n\t\t\n<style>\n#gap-1223727918 {\n  padding-top: 30px;\n}\n<\/style>\n\t<\/div>\n\t\n<div class=\"container section-title-container\" ><h3 class=\"section-title section-title-center\"><b aria-hidden=\"true\"><\/b><span class=\"section-title-main\" style=\"font-size:115%;\">Suggerimenti di lievito per New England IPA<\/span><b aria-hidden=\"true\"><\/b><\/h3><\/div>\n\t\n  \n    <div class=\"row large-columns-3 medium-columns- small-columns-2 row-xsmall\" >\n  \n\t     <div class=\"col\" data-animate=\"fadeInUp\">\n\t\t\t\t\t\t<div class=\"col-inner\">\n\t\t\t\t\t\t\n<div class=\"badge-container absolute left top z-1\">\n\n<\/div>\n\t\t\t\t\t\t<div class=\"product-small box has-hover box-bounce box-text-bottom\">\n\t\t\t\t\t\t\t<div class=\"box-image\" >\n\t\t\t\t\t\t\t\t<div class=\"\" >\n\t\t\t\t\t\t\t\t\t<a href=\"https:\/\/fermentis.com\/it\/prodotto\/safale-k-97\/\" aria-label=\"SafAle\u2122 K-97\">\n\t\t\t\t\t\t\t\t\t\t<img loading=\"lazy\" decoding=\"async\" width=\"300\" height=\"300\" src=\"https:\/\/cdn.bfldr.com\/G7S7MSWL\/at\/gfq3q8wwwp47mnkkm3wvq84\/SafAleTM_K-97_All_.jpg?auto=webp&amp;format=png\" class=\"attachment-woocommerce_thumbnail size-woocommerce_thumbnail\" alt=\"SafAle\u2122 K-97\" title=\"SafAle\u2122 K-97\" \/>\t\t\t\t\t\t\t\t\t<\/a>\n\t\t\t\t\t\t\t\t\t\t\t\t\t\t\t\t\t\t \t\t\t\t\t\t\t\t<\/div>\n\t\t\t\t\t\t\t\t<div class=\"image-tools top right show-on-hover\">\n\t\t\t\t\t\t\t\t\t\t\t\t\t\t\t\t\t<\/div>\n\t\t\t\t\t\t\t\t\t\t\t\t\t\t\t\t\t<div class=\"image-tools grid-tools text-center hide-for-small bottom hover-slide-in show-on-hover\">\n\t\t\t\t\t\t\t\t\t\t\t\t\t\t\t\t\t\t\t<\/div>\n\t\t\t\t\t\t\t\t\t\t\t\t\t\t\t\t\t\t\t\t\t\t\t<\/div>\n\n\t\t\t\t\t\t\t<div class=\"box-text text-center\" >\n\t\t\t\t\t\t\t\t<div class=\"title-wrapper\"><p class=\"name product-title woocommerce-loop-product__title\"><a href=\"https:\/\/fermentis.com\/it\/prodotto\/safale-k-97\/\" class=\"woocommerce-LoopProduct-link woocommerce-loop-product__link\">SafAle\u2122 K-97<\/a><\/p><\/div><div class=\"price-wrapper\"><\/div>\t\t<p class=\"box-excerpt is-small\">\n\t\t\tLievito per birre delicate e luppolate\t\t<\/p>\n\t\t\t\t\t\t\t\t\t<\/div>\n\t\t\t\t\t\t<\/div>\n\t\t\t\t\t\t<\/div>\n\t\t\t\t\t<\/div><div class=\"col\" data-animate=\"fadeInUp\">\n\t\t\t\t\t\t<div class=\"col-inner\">\n\t\t\t\t\t\t\n<div class=\"badge-container absolute left top z-1\">\n\n<\/div>\n\t\t\t\t\t\t<div class=\"product-small box has-hover box-bounce box-text-bottom\">\n\t\t\t\t\t\t\t<div class=\"box-image\" >\n\t\t\t\t\t\t\t\t<div class=\"\" >\n\t\t\t\t\t\t\t\t\t<a href=\"https:\/\/fermentis.com\/it\/prodotto\/safale-s-04\/\" aria-label=\"SafAle\u2122 S-04\">\n\t\t\t\t\t\t\t\t\t\t<img loading=\"lazy\" decoding=\"async\" width=\"300\" height=\"300\" src=\"https:\/\/cdn.bfldr.com\/G7S7MSWL\/at\/s43q8xcwfk84bkb7fhznx85\/SafAleTM_S-134_All_.jpg?auto=webp&amp;format=png\" class=\"attachment-woocommerce_thumbnail size-woocommerce_thumbnail\" alt=\"SafAle\u2122 S-04\" title=\"SafAle\u2122 S-04\" \/>\t\t\t\t\t\t\t\t\t<\/a>\n\t\t\t\t\t\t\t\t\t\t\t\t\t\t\t\t\t\t \t\t\t\t\t\t\t\t<\/div>\n\t\t\t\t\t\t\t\t<div class=\"image-tools top right show-on-hover\">\n\t\t\t\t\t\t\t\t\t\t\t\t\t\t\t\t\t<\/div>\n\t\t\t\t\t\t\t\t\t\t\t\t\t\t\t\t\t<div class=\"image-tools grid-tools text-center hide-for-small bottom hover-slide-in show-on-hover\">\n\t\t\t\t\t\t\t\t\t\t\t\t\t\t\t\t\t\t\t<\/div>\n\t\t\t\t\t\t\t\t\t\t\t\t\t\t\t\t\t\t\t\t\t\t\t<\/div>\n\n\t\t\t\t\t\t\t<div class=\"box-text text-center\" >\n\t\t\t\t\t\t\t\t<div class=\"title-wrapper\"><p class=\"name product-title woocommerce-loop-product__title\"><a href=\"https:\/\/fermentis.com\/it\/prodotto\/safale-s-04\/\" class=\"woocommerce-LoopProduct-link woocommerce-loop-product__link\">SafAle\u2122 S-04<\/a><\/p><\/div><div class=\"price-wrapper\"><\/div>\t\t<p class=\"box-excerpt is-small\">\n\t\t\tIl lievito ideale per le birre Ale in stile inglese o americano, con note fruttate equilibrate\t\t<\/p>\n\t\t\t\t\t\t\t\t\t<\/div>\n\t\t\t\t\t\t<\/div>\n\t\t\t\t\t\t<\/div>\n\t\t\t\t\t<\/div><div class=\"col\" data-animate=\"fadeInUp\">\n\t\t\t\t\t\t<div class=\"col-inner\">\n\t\t\t\t\t\t\n<div class=\"badge-container absolute left top z-1\">\n\n<\/div>\n\t\t\t\t\t\t<div class=\"product-small box has-hover box-bounce box-text-bottom\">\n\t\t\t\t\t\t\t<div class=\"box-image\" >\n\t\t\t\t\t\t\t\t<div class=\"\" >\n\t\t\t\t\t\t\t\t\t<a href=\"https:\/\/fermentis.com\/it\/prodotto\/safale-s-33\/\" aria-label=\"SafAle\u2122 S\u201133\">\n\t\t\t\t\t\t\t\t\t\t<img loading=\"lazy\" decoding=\"async\" width=\"300\" height=\"300\" src=\"https:\/\/cdn.bfldr.com\/G7S7MSWL\/at\/cnc7b94pkjfm9z2cqf5sw89\/SafAleTM_S-33_All_.jpg?auto=webp&amp;format=png\" class=\"attachment-woocommerce_thumbnail size-woocommerce_thumbnail\" alt=\"SafAle\u2122 S\u201133\" title=\"SafAle\u2122 S\u201133\" \/>\t\t\t\t\t\t\t\t\t<\/a>\n\t\t\t\t\t\t\t\t\t\t\t\t\t\t\t\t\t\t \t\t\t\t\t\t\t\t<\/div>\n\t\t\t\t\t\t\t\t<div class=\"image-tools top right show-on-hover\">\n\t\t\t\t\t\t\t\t\t\t\t\t\t\t\t\t\t<\/div>\n\t\t\t\t\t\t\t\t\t\t\t\t\t\t\t\t\t<div class=\"image-tools grid-tools text-center hide-for-small bottom hover-slide-in show-on-hover\">\n\t\t\t\t\t\t\t\t\t\t\t\t\t\t\t\t\t\t\t<\/div>\n\t\t\t\t\t\t\t\t\t\t\t\t\t\t\t\t\t\t\t\t\t\t\t<\/div>\n\n\t\t\t\t\t\t\t<div class=\"box-text text-center\" >\n\t\t\t\t\t\t\t\t<div class=\"title-wrapper\"><p class=\"name product-title woocommerce-loop-product__title\"><a href=\"https:\/\/fermentis.com\/it\/prodotto\/safale-s-33\/\" class=\"woocommerce-LoopProduct-link woocommerce-loop-product__link\">SafAle\u2122 S\u201133<\/a><\/p><\/div><div class=\"price-wrapper\"><\/div>\t\t<p class=\"box-excerpt is-small\">\n\t\t\tLievito ideale per esaltare le espressioni luppolate e fruttate delle tue birre ale\t\t<\/p>\n\t\t\t\t\t\t\t\t\t<\/div>\n\t\t\t\t\t\t<\/div>\n\t\t\t\t\t\t<\/div>\n\t\t\t\t\t<\/div><\/div>\n\t<div id=\"gap-752106231\" class=\"gap-element clearfix\" style=\"display:block; height:auto;\">\n\t\t\n<style>\n#gap-752106231 {\n  padding-top: 30px;\n}\n<\/style>\n\t<\/div>\n\t\n<p><em>Le nostre raccomandazioni sui lieviti sono da intendersi esclusivamente come una guida per aiutarvi a scegliere il ceppo giusto dalla nostra gamma. \u00c8 assolutamente possibile produrre uno specifico stile di birra con un ceppo diverso: sentitevi liberi di sperimentare e di essere creativi! <\/em><\/p>\n","protected":false},"excerpt":{"rendered":"<p>La &#8220;succosa&#8221; India Pale Ale<\/p>\n","protected":false},"featured_media":470662,"comment_status":"closed","ping_status":"closed","template":"","meta":{"_acf_changed":false},"product_brand":[],"product_cat":[1325,1853],"product_tag":[1855,2479,2480],"class_list":{"0":"post-42116","1":"product","2":"type-product","3":"status-publish","4":"has-post-thumbnail","6":"product_cat-beer-styles-it","7":"product_cat-ipa-it","8":"product_tag-ipa-it","9":"product_tag-neipa-it","10":"product_tag-new-england-ipa-it","11":"pa_alcohol-tolerance-10-it","12":"pa_alcohol-tolerance-11-it","13":"pa_alcohol-tolerance-12-it","14":"pa_alcohol-tolerance-13-it","15":"pa_alcohol-tolerance-9-it","16":"pa_apparent-attenuation-80-it","17":"pa_apparent-attenuation-81-it","18":"pa_apparent-attenuation-82-it","19":"pa_apparent-attenuation-83-it","20":"pa_apparent-attenuation-84-it","21":"pa_beer-style-pils-and-special-lager-it","22":"pa_phenolic-off-flavor-negative-it","23":"pa_sedimentation-fast-it","24":"pa_total-esters-low-it","25":"pa_total-superior-alcohols-low-it","26":"pa_yeast-variety-saccharomyces-pastorianus-it","28":"first","29":"instock","30":"shipping-taxable","31":"product-type-simple"},"acf":[],"yoast_head":"<!-- This site is optimized with the Yoast SEO Premium plugin v27.4 (Yoast SEO v27.4) - https:\/\/yoast.com\/product\/yoast-seo-premium-wordpress\/ -->\n<title>Il miglior lievito per New England IPA - NEIPA - Fermentis<\/title>\n<meta name=\"description\" content=\"Quali sono i migliori ceppi di lievito secco attivo Fermentis per produrre birre New England IPA, uno degli stili di birra pi\u00f9 richiesti? Scopriteli qui!\" \/>\n<meta name=\"robots\" content=\"index, follow, max-snippet:-1, max-image-preview:large, max-video-preview:-1\" \/>\n<link rel=\"canonical\" href=\"https:\/\/fermentis.com\/it\/prodotto\/neipa-new-england-ipa\/\" \/>\n<meta property=\"og:locale\" content=\"it_IT\" \/>\n<meta property=\"og:type\" content=\"article\" \/>\n<meta property=\"og:title\" content=\"NEIPA - New England IPA\" \/>\n<meta property=\"og:description\" content=\"Quali sono i migliori ceppi di lievito secco attivo Fermentis per produrre birre New England IPA, uno degli stili di birra pi\u00f9 richiesti? Scopriteli qui!\" \/>\n<meta property=\"og:url\" content=\"https:\/\/fermentis.com\/it\/prodotto\/neipa-new-england-ipa\/\" \/>\n<meta property=\"og:site_name\" content=\"Fermentis\" \/>\n<meta property=\"article:publisher\" content=\"https:\/\/www.facebook.com\/Fermentis\" \/>\n<meta property=\"article:modified_time\" content=\"2025-09-29T15:10:08+00:00\" \/>\n<meta property=\"og:image\" content=\"https:\/\/cdn.bfldr.com\/G7S7MSWL\/at\/cnc7b94pkjfm9z2cqf5sw89\/SafAleTM_S-33_All_.jpg?auto=webp&format=png\" \/><meta property=\"og:image\" content=\"https:\/\/cdn.bfldr.com\/G7S7MSWL\/at\/cnc7b94pkjfm9z2cqf5sw89\/SafAleTM_S-33_All_.jpg?auto=webp&format=png\" \/>\n\t<meta property=\"og:image:width\" content=\"600\" \/>\n\t<meta property=\"og:image:height\" content=\"450\" \/>\n\t<meta property=\"og:image:type\" content=\"image\/jpeg\" \/>\n<meta name=\"twitter:card\" content=\"summary_large_image\" \/>\n<meta name=\"twitter:image\" content=\"https:\/\/cdn.bfldr.com\/G7S7MSWL\/at\/cnc7b94pkjfm9z2cqf5sw89\/SafAleTM_S-33_All_.jpg?auto=webp&format=png\" \/>\n<meta name=\"twitter:site\" content=\"@fermentis\" \/>\n<meta name=\"twitter:label1\" content=\"Prezzo\" \/>\n\t<meta name=\"twitter:data1\" content=\"\" \/>\n\t<meta name=\"twitter:label2\" content=\"Disponibilit\u00e0\" \/>\n\t<meta name=\"twitter:data2\" content=\"In stock\" \/>\n<script type=\"application\/ld+json\" class=\"yoast-schema-graph\">{\"@context\":\"https:\\\/\\\/schema.org\",\"@graph\":[{\"@type\":\"WebPage\",\"@id\":\"https:\\\/\\\/fermentis.com\\\/it\\\/prodotto\\\/neipa-new-england-ipa\\\/\",\"url\":\"https:\\\/\\\/fermentis.com\\\/it\\\/prodotto\\\/neipa-new-england-ipa\\\/\",\"name\":\"Il miglior lievito per New England IPA - NEIPA - Fermentis\",\"isPartOf\":{\"@id\":\"https:\\\/\\\/fermentis.com\\\/it\\\/#website\"},\"primaryImageOfPage\":{\"@id\":\"https:\\\/\\\/fermentis.com\\\/it\\\/prodotto\\\/neipa-new-england-ipa\\\/#primaryimage\"},\"image\":{\"@id\":\"https:\\\/\\\/fermentis.com\\\/it\\\/prodotto\\\/neipa-new-england-ipa\\\/#primaryimage\"},\"thumbnailUrl\":\"https:\\\/\\\/fermentis.com\\\/wp-content\\\/uploads\\\/2020\\\/02\\\/Beerstyle_Plan-de-travail-1-044.jpg\",\"datePublished\":\"2020-02-13T23:00:00+00:00\",\"dateModified\":\"2025-09-29T15:10:08+00:00\",\"description\":\"Quali sono i migliori ceppi di lievito secco attivo Fermentis per produrre birre New England IPA, uno degli stili di birra pi\u00f9 richiesti? Scopriteli qui!\",\"breadcrumb\":{\"@id\":\"https:\\\/\\\/fermentis.com\\\/it\\\/prodotto\\\/neipa-new-england-ipa\\\/#breadcrumb\"},\"inLanguage\":\"it-IT\",\"potentialAction\":[{\"@type\":\"ReadAction\",\"target\":[\"https:\\\/\\\/fermentis.com\\\/it\\\/prodotto\\\/neipa-new-england-ipa\\\/\"]}]},{\"@type\":\"ImageObject\",\"inLanguage\":\"it-IT\",\"@id\":\"https:\\\/\\\/fermentis.com\\\/it\\\/prodotto\\\/neipa-new-england-ipa\\\/#primaryimage\",\"url\":\"https:\\\/\\\/fermentis.com\\\/wp-content\\\/uploads\\\/2020\\\/02\\\/Beerstyle_Plan-de-travail-1-044.jpg\",\"contentUrl\":\"https:\\\/\\\/fermentis.com\\\/wp-content\\\/uploads\\\/2020\\\/02\\\/Beerstyle_Plan-de-travail-1-044.jpg\",\"width\":600,\"height\":450},{\"@type\":\"BreadcrumbList\",\"@id\":\"https:\\\/\\\/fermentis.com\\\/it\\\/prodotto\\\/neipa-new-england-ipa\\\/#breadcrumb\",\"itemListElement\":[{\"@type\":\"ListItem\",\"position\":1,\"name\":\"Home\",\"item\":\"https:\\\/\\\/fermentis.com\\\/it\\\/\"},{\"@type\":\"ListItem\",\"position\":2,\"name\":\"Prodotti\"},{\"@type\":\"ListItem\",\"position\":3,\"name\":\"Beer styles\",\"item\":\"https:\\\/\\\/fermentis.com\\\/it\\\/fermentation\\\/beer-styles-it\\\/\"},{\"@type\":\"ListItem\",\"position\":4,\"name\":\"IPA\",\"item\":\"https:\\\/\\\/fermentis.com\\\/it\\\/fermentation\\\/beer-styles-it\\\/ipa-it\\\/\"},{\"@type\":\"ListItem\",\"position\":5,\"name\":\"NEIPA &#8211; New England IPA\"}]},{\"@type\":\"WebSite\",\"@id\":\"https:\\\/\\\/fermentis.com\\\/it\\\/#website\",\"url\":\"https:\\\/\\\/fermentis.com\\\/it\\\/\",\"name\":\"Fermentis\",\"description\":\"Un site utilisant WordPress\",\"publisher\":{\"@id\":\"https:\\\/\\\/fermentis.com\\\/it\\\/#organization\"},\"potentialAction\":[{\"@type\":\"SearchAction\",\"target\":{\"@type\":\"EntryPoint\",\"urlTemplate\":\"https:\\\/\\\/fermentis.com\\\/it\\\/?s={search_term_string}\"},\"query-input\":{\"@type\":\"PropertyValueSpecification\",\"valueRequired\":true,\"valueName\":\"search_term_string\"}}],\"inLanguage\":\"it-IT\"},{\"@type\":\"Organization\",\"@id\":\"https:\\\/\\\/fermentis.com\\\/it\\\/#organization\",\"name\":\"Fermentis\",\"url\":\"https:\\\/\\\/fermentis.com\\\/it\\\/\",\"logo\":{\"@type\":\"ImageObject\",\"inLanguage\":\"it-IT\",\"@id\":\"https:\\\/\\\/fermentis.com\\\/it\\\/#\\\/schema\\\/logo\\\/image\\\/\",\"url\":\"https:\\\/\\\/fermentis.com\\\/wp-content\\\/uploads\\\/2021\\\/07\\\/Logo-Fermentis-5.png\",\"contentUrl\":\"https:\\\/\\\/fermentis.com\\\/wp-content\\\/uploads\\\/2021\\\/07\\\/Logo-Fermentis-5.png\",\"width\":308,\"height\":95,\"caption\":\"Fermentis\"},\"image\":{\"@id\":\"https:\\\/\\\/fermentis.com\\\/it\\\/#\\\/schema\\\/logo\\\/image\\\/\"},\"sameAs\":[\"https:\\\/\\\/www.facebook.com\\\/Fermentis\",\"https:\\\/\\\/x.com\\\/fermentis\",\"https:\\\/\\\/www.instagram.com\\\/fermentisbylesaffre\\\/\",\"https:\\\/\\\/www.linkedin.com\\\/company\\\/fermentis\\\/\",\"https:\\\/\\\/www.youtube.com\\\/channel\\\/UCt_Lp3IZnUNXZeqSi6iiAdA\"]}]}<\/script>\n<meta property=\"product:price:currency\" content=\"GBP\" \/>\n<meta property=\"og:availability\" content=\"instock\" \/>\n<meta property=\"product:availability\" content=\"instock\" \/>\n<meta property=\"product:condition\" content=\"new\" \/>\n<!-- \/ Yoast SEO Premium plugin. -->","yoast_head_json":{"title":"Il miglior lievito per New England IPA - NEIPA - Fermentis","description":"Quali sono i migliori ceppi di lievito secco attivo Fermentis per produrre birre New England IPA, uno degli stili di birra pi\u00f9 richiesti? Scopriteli qui!","robots":{"index":"index","follow":"follow","max-snippet":"max-snippet:-1","max-image-preview":"max-image-preview:large","max-video-preview":"max-video-preview:-1"},"canonical":"https:\/\/fermentis.com\/it\/prodotto\/neipa-new-england-ipa\/","og_locale":"it_IT","og_type":"article","og_title":"NEIPA - New England IPA","og_description":"Quali sono i migliori ceppi di lievito secco attivo Fermentis per produrre birre New England IPA, uno degli stili di birra pi\u00f9 richiesti? Scopriteli qui!","og_url":"https:\/\/fermentis.com\/it\/prodotto\/neipa-new-england-ipa\/","og_site_name":"Fermentis","article_publisher":"https:\/\/www.facebook.com\/Fermentis","article_modified_time":"2025-09-29T15:10:08+00:00","og_image":[{"url":"https:\/\/cdn.bfldr.com\/G7S7MSWL\/at\/cnc7b94pkjfm9z2cqf5sw89\/SafAleTM_S-33_All_.jpg?auto=webp&format=png","type":"","width":"","height":""},{"width":600,"height":450,"url":"https:\/\/cdn.bfldr.com\/G7S7MSWL\/at\/cnc7b94pkjfm9z2cqf5sw89\/SafAleTM_S-33_All_.jpg?auto=webp&format=png","type":"image\/jpeg"}],"twitter_card":"summary_large_image","twitter_image":"https:\/\/cdn.bfldr.com\/G7S7MSWL\/at\/cnc7b94pkjfm9z2cqf5sw89\/SafAleTM_S-33_All_.jpg?auto=webp&format=png","twitter_site":"@fermentis","twitter_misc":{"Prezzo":"","Disponibilit\u00e0":"In stock"},"schema":{"@context":"https:\/\/schema.org","@graph":[{"@type":"WebPage","@id":"https:\/\/fermentis.com\/it\/prodotto\/neipa-new-england-ipa\/","url":"https:\/\/fermentis.com\/it\/prodotto\/neipa-new-england-ipa\/","name":"Il miglior lievito per New England IPA - NEIPA - Fermentis","isPartOf":{"@id":"https:\/\/fermentis.com\/it\/#website"},"primaryImageOfPage":{"@id":"https:\/\/fermentis.com\/it\/prodotto\/neipa-new-england-ipa\/#primaryimage"},"image":{"@id":"https:\/\/fermentis.com\/it\/prodotto\/neipa-new-england-ipa\/#primaryimage"},"thumbnailUrl":"https:\/\/fermentis.com\/wp-content\/uploads\/2020\/02\/Beerstyle_Plan-de-travail-1-044.jpg","datePublished":"2020-02-13T23:00:00+00:00","dateModified":"2025-09-29T15:10:08+00:00","description":"Quali sono i migliori ceppi di lievito secco attivo Fermentis per produrre birre New England IPA, uno degli stili di birra pi\u00f9 richiesti? Scopriteli qui!","breadcrumb":{"@id":"https:\/\/fermentis.com\/it\/prodotto\/neipa-new-england-ipa\/#breadcrumb"},"inLanguage":"it-IT","potentialAction":[{"@type":"ReadAction","target":["https:\/\/fermentis.com\/it\/prodotto\/neipa-new-england-ipa\/"]}]},{"@type":"ImageObject","inLanguage":"it-IT","@id":"https:\/\/fermentis.com\/it\/prodotto\/neipa-new-england-ipa\/#primaryimage","url":"https:\/\/fermentis.com\/wp-content\/uploads\/2020\/02\/Beerstyle_Plan-de-travail-1-044.jpg","contentUrl":"https:\/\/fermentis.com\/wp-content\/uploads\/2020\/02\/Beerstyle_Plan-de-travail-1-044.jpg","width":600,"height":450},{"@type":"BreadcrumbList","@id":"https:\/\/fermentis.com\/it\/prodotto\/neipa-new-england-ipa\/#breadcrumb","itemListElement":[{"@type":"ListItem","position":1,"name":"Home","item":"https:\/\/fermentis.com\/it\/"},{"@type":"ListItem","position":2,"name":"Prodotti"},{"@type":"ListItem","position":3,"name":"Beer styles","item":"https:\/\/fermentis.com\/it\/fermentation\/beer-styles-it\/"},{"@type":"ListItem","position":4,"name":"IPA","item":"https:\/\/fermentis.com\/it\/fermentation\/beer-styles-it\/ipa-it\/"},{"@type":"ListItem","position":5,"name":"NEIPA &#8211; New England IPA"}]},{"@type":"WebSite","@id":"https:\/\/fermentis.com\/it\/#website","url":"https:\/\/fermentis.com\/it\/","name":"Fermentis","description":"Un site utilisant WordPress","publisher":{"@id":"https:\/\/fermentis.com\/it\/#organization"},"potentialAction":[{"@type":"SearchAction","target":{"@type":"EntryPoint","urlTemplate":"https:\/\/fermentis.com\/it\/?s={search_term_string}"},"query-input":{"@type":"PropertyValueSpecification","valueRequired":true,"valueName":"search_term_string"}}],"inLanguage":"it-IT"},{"@type":"Organization","@id":"https:\/\/fermentis.com\/it\/#organization","name":"Fermentis","url":"https:\/\/fermentis.com\/it\/","logo":{"@type":"ImageObject","inLanguage":"it-IT","@id":"https:\/\/fermentis.com\/it\/#\/schema\/logo\/image\/","url":"https:\/\/fermentis.com\/wp-content\/uploads\/2021\/07\/Logo-Fermentis-5.png","contentUrl":"https:\/\/fermentis.com\/wp-content\/uploads\/2021\/07\/Logo-Fermentis-5.png","width":308,"height":95,"caption":"Fermentis"},"image":{"@id":"https:\/\/fermentis.com\/it\/#\/schema\/logo\/image\/"},"sameAs":["https:\/\/www.facebook.com\/Fermentis","https:\/\/x.com\/fermentis","https:\/\/www.instagram.com\/fermentisbylesaffre\/","https:\/\/www.linkedin.com\/company\/fermentis\/","https:\/\/www.youtube.com\/channel\/UCt_Lp3IZnUNXZeqSi6iiAdA"]}]},"product_price_currency":"GBP","og_availability":"instock","product_availability":"instock","product_condition":"new"},"_links":{"self":[{"href":"https:\/\/fermentis.com\/it\/wp-json\/wp\/v2\/product\/42116","targetHints":{"allow":["GET"]}}],"collection":[{"href":"https:\/\/fermentis.com\/it\/wp-json\/wp\/v2\/product"}],"about":[{"href":"https:\/\/fermentis.com\/it\/wp-json\/wp\/v2\/types\/product"}],"replies":[{"embeddable":true,"href":"https:\/\/fermentis.com\/it\/wp-json\/wp\/v2\/comments?post=42116"}],"wp:featuredmedia":[{"embeddable":true,"href":"https:\/\/fermentis.com\/it\/wp-json\/wp\/v2\/media\/470662"}],"wp:attachment":[{"href":"https:\/\/fermentis.com\/it\/wp-json\/wp\/v2\/media?parent=42116"}],"wp:term":[{"taxonomy":"product_brand","embeddable":true,"href":"https:\/\/fermentis.com\/it\/wp-json\/wp\/v2\/product_brand?post=42116"},{"taxonomy":"product_cat","embeddable":true,"href":"https:\/\/fermentis.com\/it\/wp-json\/wp\/v2\/product_cat?post=42116"},{"taxonomy":"product_tag","embeddable":true,"href":"https:\/\/fermentis.com\/it\/wp-json\/wp\/v2\/product_tag?post=42116"}],"curies":[{"name":"wp","href":"https:\/\/api.w.org\/{rel}","templated":true}]}}