{"id":307104,"date":"2020-02-08T00:00:00","date_gmt":"2020-02-07T23:00:00","guid":{"rendered":"https:\/\/fermentis.com\/our-company-2\/"},"modified":"2026-04-20T13:04:44","modified_gmt":"2026-04-20T11:04:44","slug":"our-company","status":"publish","type":"page","link":"https:\/\/fermentis.com\/pt-br\/our-company\/","title":{"rendered":"Nossa empresa"},"content":{"rendered":"\n\t<section class=\"section\" id=\"section_1176894238\">\n\t\t<div class=\"section-bg fill\" >\n\t\t\t\t\t\t\t\t\t\n\t\t\t\n\n\t\t<\/div>\n\n\t\t\n\n\t\t<div class=\"section-content relative\">\n\t\t\t\n\n  <div class=\"banner has-hover has-parallax\" id=\"banner-1397076026\">\n          <div class=\"banner-inner fill\">\n        <div class=\"banner-bg fill\" data-parallax=\"-4\" data-parallax-container=\".banner\" data-parallax-background>\n            <img loading=\"lazy\" decoding=\"async\" width=\"1020\" height=\"398\" src=\"https:\/\/fermentis.com\/wp-content\/uploads\/2020\/02\/fermentis-corporate-bg-1024x400.jpg\" class=\"bg attachment-large size-large\" alt=\"\" \/>                                    \n                    <\/div>\n\t\t\n        <div class=\"banner-layers container\">\n            <div class=\"fill banner-link\"><\/div>            \n   <div id=\"text-box-1929382152\" class=\"text-box banner-layer x50 md-x50 lg-x50 y50 md-y50 lg-y50 res-text\">\n                                <div class=\"text-box-content text dark\">\n              \n              <div class=\"text-inner text-center\">\n                  \n<h1 class=\"uppercase\" style=\"text-align: center\"><span style=\"font-size: 65%\">Nossa empresa<\/span><\/h1>\n<p style=\"text-align: center\">L\u00edder global em solu\u00e7\u00f5es de levedura e fermenta\u00e7\u00e3o<\/p>\n              <\/div>\n           <\/div>\n                            \n<style>\n#text-box-1929382152 {\n  width: 60%;\n}\n#text-box-1929382152 .text-box-content {\n  font-size: 100%;\n}\n<\/style>\n    <\/div>\n \n        <\/div>\n      <\/div>\n\n            \n<style>\n#banner-1397076026 {\n  padding-top: 300px;\n}\n#banner-1397076026 .banner-bg img {\n  object-position: 56% 49%;\n}\n<\/style>\n  <\/div>\n\n\n\t\t<\/div>\n\n\t\t\n<style>\n#section_1176894238 {\n  padding-top: 0px;\n  padding-bottom: 0px;\n}\n<\/style>\n\t<\/section>\n\t\n\n\t<section class=\"section\" id=\"section_1720356846\">\n\t\t<div class=\"section-bg fill\" >\n\t\t\t\t\t\t\t\t\t\n\t\t\t\n\n\t\t<\/div>\n\n\t\t\n\n\t\t<div class=\"section-content relative\">\n\t\t\t\n\t<div id=\"gap-1663061353\" class=\"gap-element clearfix\" style=\"display:block; height:auto;\">\n\t\t\n<style>\n#gap-1663061353 {\n  padding-top: 20px;\n}\n<\/style>\n\t<\/div>\n\t\n<div class=\"row align-center\"  id=\"row-760162688\">\n\n\t<div id=\"col-571021102\" class=\"col small-10 large-12\"  >\n\t\t\t\t<div class=\"col-inner\"  >\n\t\t\t\n\t\t\t\n<h3 style=\"text-align: center\">A Fermentis \u00e9 uma empresa \u00e1gil e em expans\u00e3o, dedicada \u00e0s ind\u00fastrias de bebidas fermentadas. \u00c9 uma unidade de neg\u00f3cios do Grupo Lesaffre, principal player global em leveduras e todas as suas aplica\u00e7\u00f5es h\u00e1 mais de 160 anos. Nossas ra\u00edzes s\u00e3o fortes e t\u00eam um esp\u00edrito audacioso. Como as coisas acontecem durante a fermenta\u00e7\u00e3o&#8230; Nosso objetivo \u00e9 descobrir todos eles para voc\u00ea em termos de sabor, sabor e prazer.<\/h3>\n\t\t<\/div>\n\t\t\t\t\t<\/div>\n\n\t\n<\/div>\n\t\t<\/div>\n\n\t\t\n<style>\n#section_1720356846 {\n  padding-top: 20px;\n  padding-bottom: 20px;\n}\n<\/style>\n\t<\/section>\n\t\n<div class=\"row row-collapse\"  id=\"row-137739050\">\n\n\t<div id=\"col-595531719\" class=\"col medium-6 small-12 large-6\"  >\n\t\t\t\t<div class=\"col-inner\"  >\n\t\t\t\n\t\t\t\n\n  <div class=\"banner has-hover has-parallax\" id=\"banner-2128959547\">\n          <div class=\"banner-inner fill\">\n        <div class=\"banner-bg fill\" data-parallax=\"-2\" data-parallax-container=\".banner\" data-parallax-background>\n            <img loading=\"lazy\" decoding=\"async\" width=\"2560\" height=\"1707\" src=\"https:\/\/fermentis.com\/wp-content\/uploads\/2020\/02\/artur-lysyuk-R4Mrc82AQYk-unsplash-1-scaled-1.jpg\" class=\"bg attachment-original size-original\" alt=\"\" \/>                                    \n                    <\/div>\n\t\t\n        <div class=\"banner-layers container\">\n            <div class=\"fill banner-link\"><\/div>            \n        <\/div>\n      <\/div>\n\n            \n<style>\n#banner-2128959547 {\n  padding-top: 400px;\n}\n<\/style>\n  <\/div>\n\n\n\t\t<\/div>\n\t\t\t\t\t<\/div>\n\n\t\n\n\t<div id=\"col-692347039\" class=\"col medium-6 small-12 large-6\"  >\n\t\t\t\t<div class=\"col-inner\"  >\n\t\t\t\n\t\t\t\n\n  <div class=\"banner has-hover\" id=\"banner-194579352\">\n          <div class=\"banner-inner fill\">\n        <div class=\"banner-bg fill\" >\n                                                \n                    <\/div>\n\t\t\n        <div class=\"banner-layers container\">\n            <div class=\"fill banner-link\"><\/div>            \n   <div id=\"text-box-1401318339\" class=\"text-box banner-layer x50 md-x50 lg-x50 y50 md-y50 lg-y50 res-text\">\n                                <div class=\"text-box-content text \">\n              \n              <div class=\"text-inner text-left\">\n                  \n<h3 style=\"text-align: left\"><span data-text-color=\"alert\"><strong>Somos especialistas em fermenta\u00e7\u00e3o<\/strong><\/span><\/h3>\n\t<div id=\"gap-375058975\" class=\"gap-element clearfix\" style=\"display:block; height:auto;\">\n\t\t\n<style>\n#gap-375058975 {\n  padding-top: &quot;20px&quot;;\n}\n<\/style>\n\t<\/div>\n\t\n<p style=\"text-align: left\">A Fermentis trabalha com todos no mundo da cerveja, vinho, destilados e outras bebidas fermentadas. Sua gama de produtos e servi\u00e7os cobre quase todos os requisitos profissionais: desde a prote\u00e7\u00e3o da produ\u00e7\u00e3o at\u00e9 a express\u00e3o das caracter\u00edsticas sensoriais.<\/p>\n\t<div id=\"gap-1081124754\" class=\"gap-element clearfix\" style=\"display:block; height:auto;\">\n\t\t\n<style>\n#gap-1081124754 {\n  padding-top: &quot;20px&quot;;\n}\n<\/style>\n\t<\/div>\n\t\n<a href=\"https:\/\/fermentis.com\/pt-br\/our-company\/fermentation-expert\/\" class=\"button primary is-link\" >\n\t\t<span>LEIA MAIS<\/span>\n\t<i class=\"icon-angle-right\" aria-hidden=\"true\"><\/i><\/a>\n\n              <\/div>\n           <\/div>\n                            \n<style>\n#text-box-1401318339 {\n  width: 80%;\n}\n#text-box-1401318339 .text-box-content {\n  font-size: 140%;\n}\n<\/style>\n    <\/div>\n \n        <\/div>\n      <\/div>\n\n            \n<style>\n#banner-194579352 {\n  padding-top: 400px;\n  background-color: rgb(255,255,255);\n}\n<\/style>\n  <\/div>\n\n\n\t\t<\/div>\n\t\t\t\t\t<\/div>\n\n\t\n<\/div>\n<div class=\"row row-collapse\"  id=\"row-652839964\">\n\n\t<div id=\"col-1822695004\" class=\"col medium-6 small-12 large-6\"  >\n\t\t\t\t<div class=\"col-inner\"  >\n\t\t\t\n\t\t\t\n\n  <div class=\"banner has-hover\" id=\"banner-948055052\">\n          <div class=\"banner-inner fill\">\n        <div class=\"banner-bg fill\" >\n                                                \n                    <\/div>\n\t\t\n        <div class=\"banner-layers container\">\n            <div class=\"fill banner-link\"><\/div>            \n   <div id=\"text-box-72658683\" class=\"text-box banner-layer x50 md-x50 lg-x50 y50 md-y50 lg-y50 res-text\">\n                                <div class=\"text-box-content text \">\n              \n              <div class=\"text-inner text-left\">\n                  \n<h3 style=\"text-align: left\"><span data-text-color=\"alert\"><strong>Apoiamos a sua criatividade<\/strong><\/span><\/h3>\n\t<div id=\"gap-1752625552\" class=\"gap-element clearfix\" style=\"display:block; height:auto;\">\n\t\t\n<style>\n#gap-1752625552 {\n  padding-top: &quot;20px&quot;;\n}\n<\/style>\n\t<\/div>\n\t\n<p style=\"text-align: left\">Tudo o que fazemos para tornar a fermenta\u00e7\u00e3o mais f\u00e1cil para voc\u00ea, para tornar seus rendimentos seguros ou at\u00e9 mesmo para economizar seu tempo, trabalha para um \u00fanico e mesmo objetivo: ajud\u00e1-lo a inventar e criar. Queremos permitir que voc\u00ea se concentre no que vai fazer a diferen\u00e7a: o sabor e os sabores de suas bebidas.<\/p>\n\t<div id=\"gap-1679794668\" class=\"gap-element clearfix\" style=\"display:block; height:auto;\">\n\t\t\n<style>\n#gap-1679794668 {\n  padding-top: &quot;20px&quot;;\n}\n<\/style>\n\t<\/div>\n\t\n<a href=\"https:\/\/fermentis.com\/pt-br\/our-company\/supporting-creativity\/\" class=\"button primary is-link\" >\n\t\t<span>LEIA MAIS<\/span>\n\t<i class=\"icon-angle-right\" aria-hidden=\"true\"><\/i><\/a>\n\n              <\/div>\n           <\/div>\n                            \n<style>\n#text-box-72658683 {\n  width: 80%;\n}\n#text-box-72658683 .text-box-content {\n  font-size: 140%;\n}\n<\/style>\n    <\/div>\n \n        <\/div>\n      <\/div>\n\n            \n<style>\n#banner-948055052 {\n  padding-top: 400px;\n  background-color: rgb(255,255,255);\n}\n<\/style>\n  <\/div>\n\n\n\t\t<\/div>\n\t\t\t\t\t<\/div>\n\n\t\n\n\t<div id=\"col-1946668969\" class=\"col medium-6 small-12 large-6 small-col-first\"  >\n\t\t\t\t<div class=\"col-inner\"  >\n\t\t\t\n\t\t\t\n\n  <div class=\"banner has-hover has-parallax\" id=\"banner-1467182006\">\n          <div class=\"banner-inner fill\">\n        <div class=\"banner-bg fill\" data-parallax=\"-2\" data-parallax-container=\".banner\" data-parallax-background>\n            <img loading=\"lazy\" decoding=\"async\" width=\"1020\" height=\"583\" src=\"https:\/\/fermentis.com\/wp-content\/uploads\/2020\/03\/experts-fermentation-1024x585.png\" class=\"bg attachment-large size-large\" alt=\"\" \/>                                    \n                    <\/div>\n\t\t\n        <div class=\"banner-layers container\">\n            <div class=\"fill banner-link\"><\/div>            \n        <\/div>\n      <\/div>\n\n            \n<style>\n#banner-1467182006 {\n  padding-top: 400px;\n}\n<\/style>\n  <\/div>\n\n\n\t\t<\/div>\n\t\t\t\t\t<\/div>\n\n\t\n<\/div>\n<div class=\"row row-collapse\"  id=\"row-17148024\">\n\n\t<div id=\"col-1937177297\" class=\"col medium-6 small-12 large-6\"  >\n\t\t\t\t<div class=\"col-inner\"  >\n\t\t\t\n\t\t\t\n\n  <div class=\"banner has-hover has-parallax\" id=\"banner-1823703655\">\n          <div class=\"banner-inner fill\">\n        <div class=\"banner-bg fill\" data-parallax=\"-2\" data-parallax-container=\".banner\" data-parallax-background>\n            <img loading=\"lazy\" decoding=\"async\" width=\"1020\" height=\"583\" src=\"https:\/\/fermentis.com\/wp-content\/uploads\/2020\/03\/passionate-people-1024x585.png\" class=\"bg attachment-large size-large\" alt=\"\" \/>                                    \n                    <\/div>\n\t\t\n        <div class=\"banner-layers container\">\n            <div class=\"fill banner-link\"><\/div>            \n        <\/div>\n      <\/div>\n\n            \n<style>\n#banner-1823703655 {\n  padding-top: 400px;\n}\n#banner-1823703655 .banner-bg img {\n  object-position: 0% 48%;\n}\n<\/style>\n  <\/div>\n\n\n\t\t<\/div>\n\t\t\t\t\t<\/div>\n\n\t\n\n\t<div id=\"col-394814932\" class=\"col medium-6 small-12 large-6\"  >\n\t\t\t\t<div class=\"col-inner\"  >\n\t\t\t\n\t\t\t\n\n  <div class=\"banner has-hover\" id=\"banner-478423118\">\n          <div class=\"banner-inner fill\">\n        <div class=\"banner-bg fill\" >\n                                                \n                    <\/div>\n\t\t\n        <div class=\"banner-layers container\">\n            <div class=\"fill banner-link\"><\/div>            \n   <div id=\"text-box-1503678230\" class=\"text-box banner-layer x50 md-x50 lg-x50 y50 md-y50 lg-y50 res-text\">\n                                <div class=\"text-box-content text \">\n              \n              <div class=\"text-inner text-left\">\n                  \n<h3 style=\"text-align: left\"><span data-text-color=\"alert\"><strong>Somos pessoas apaixonadas<\/strong><\/span><\/h3>\n\t<div id=\"gap-154735402\" class=\"gap-element clearfix\" style=\"display:block; height:auto;\">\n\t\t\n<style>\n#gap-154735402 {\n  padding-top: &quot;20px&quot;;\n}\n<\/style>\n\t<\/div>\n\t\n<p style=\"text-align: left\">Somos en\u00f3logos, cervejeiros, cientistas, engenheiros, log\u00edsticos, criadores de tend\u00eancias, pesquisadores, especialistas em marketing&#8230; Mas tamb\u00e9m somos homens e mulheres com convic\u00e7\u00e3o e paix\u00e3o. Assim como voc\u00ea e seus consumidores, gostamos de cerveja, vinho, tequila e conhaque, e fazemos o poss\u00edvel para contribuir com sua qualidade.<\/p>\n\t<div id=\"gap-1367722436\" class=\"gap-element clearfix\" style=\"display:block; height:auto;\">\n\t\t\n<style>\n#gap-1367722436 {\n  padding-top: &quot;20px&quot;;\n}\n<\/style>\n\t<\/div>\n\t\n<a href=\"https:\/\/fermentis.com\/pt-br\/our-company\/passionate-team\/\" class=\"button primary is-link\" >\n\t\t<span>LEIA MAIS<\/span>\n\t<i class=\"icon-angle-right\" aria-hidden=\"true\"><\/i><\/a>\n\n              <\/div>\n           <\/div>\n                            \n<style>\n#text-box-1503678230 {\n  width: 80%;\n}\n#text-box-1503678230 .text-box-content {\n  font-size: 140%;\n}\n<\/style>\n    <\/div>\n \n        <\/div>\n      <\/div>\n\n            \n<style>\n#banner-478423118 {\n  padding-top: 400px;\n  background-color: rgb(255,255,255);\n}\n<\/style>\n  <\/div>\n\n\n\t\t<\/div>\n\t\t\t\t\t<\/div>\n\n\t\n<\/div>\n<div class=\"row row-collapse\"  id=\"row-1823095015\">\n\n\t<div id=\"col-1087588537\" class=\"col medium-6 small-12 large-6\"  >\n\t\t\t\t<div class=\"col-inner\"  >\n\t\t\t\n\t\t\t\n\n  <div class=\"banner has-hover\" id=\"banner-1889190697\">\n          <div class=\"banner-inner fill\">\n        <div class=\"banner-bg fill\" >\n                                                \n                    <\/div>\n\t\t\n        <div class=\"banner-layers container\">\n            <div class=\"fill banner-link\"><\/div>            \n   <div id=\"text-box-1014558584\" class=\"text-box banner-layer x50 md-x50 lg-x50 y50 md-y50 lg-y50 res-text\">\n                                <div class=\"text-box-content text \">\n              \n              <div class=\"text-inner text-left\">\n                  \n<h3 style=\"text-align: left\"><span data-text-color=\"alert\"><strong>A inova\u00e7\u00e3o \u00e9 o nosso motor<\/strong><\/span><\/h3>\n\t<div id=\"gap-525506806\" class=\"gap-element clearfix\" style=\"display:block; height:auto;\">\n\t\t\n<style>\n#gap-525506806 {\n  padding-top: &quot;20px&quot;;\n}\n<\/style>\n\t<\/div>\n\t\n<p style=\"text-align: left\">Nossos clientes trabalham em mercados altamente competitivos, para consumidores exigentes, mas vol\u00faveis; As quest\u00f5es de regulamenta\u00e7\u00e3o est\u00e3o se tornando cada vez mais complexas e as dificuldades clim\u00e1ticas aumentam a press\u00e3o operacional. Tudo est\u00e1 em constante evolu\u00e7\u00e3o e as coisas acontecem extremamente rapidamente.<\/p>\n\t<div id=\"gap-217075523\" class=\"gap-element clearfix\" style=\"display:block; height:auto;\">\n\t\t\n<style>\n#gap-217075523 {\n  padding-top: &quot;20px&quot;;\n}\n<\/style>\n\t<\/div>\n\t\n<a href=\"https:\/\/fermentis.com\/pt-br\/?page_id=509744\" class=\"button primary is-link\" >\n\t\t<span>LEIA MAIS<\/span>\n\t<i class=\"icon-angle-right\" aria-hidden=\"true\"><\/i><\/a>\n\n              <\/div>\n           <\/div>\n                            \n<style>\n#text-box-1014558584 {\n  width: 80%;\n}\n#text-box-1014558584 .text-box-content {\n  font-size: 140%;\n}\n<\/style>\n    <\/div>\n \n        <\/div>\n      <\/div>\n\n            \n<style>\n#banner-1889190697 {\n  padding-top: 400px;\n  background-color: rgb(255,255,255);\n}\n<\/style>\n  <\/div>\n\n\n\t\t<\/div>\n\t\t\t\t\t<\/div>\n\n\t\n\n\t<div id=\"col-1747300739\" class=\"col medium-6 small-12 large-6 small-col-first\"  >\n\t\t\t\t<div class=\"col-inner\"  >\n\t\t\t\n\t\t\t\n\n  <div class=\"banner has-hover has-parallax\" id=\"banner-1631008088\">\n          <div class=\"banner-inner fill\">\n        <div class=\"banner-bg fill\" data-parallax=\"-2\" data-parallax-container=\".banner\" data-parallax-background>\n            <img loading=\"lazy\" decoding=\"async\" width=\"1020\" height=\"583\" src=\"https:\/\/fermentis.com\/wp-content\/uploads\/2020\/03\/laboratory-research-1024x585.png\" class=\"bg attachment-large size-large\" alt=\"\" \/>                        <div class=\"overlay\"><\/div>            \n                    <\/div>\n\t\t\n        <div class=\"banner-layers container\">\n            <div class=\"fill banner-link\"><\/div>            \n        <\/div>\n      <\/div>\n\n            \n<style>\n#banner-1631008088 {\n  padding-top: 400px;\n}\n#banner-1631008088 .overlay {\n  background-color: rgba(239, 117, 0, 0.24);\n}\n#banner-1631008088 .banner-bg img {\n  object-position: 0% 93%;\n}\n<\/style>\n  <\/div>\n\n\n\t\t<\/div>\n\t\t\t\t\t<\/div>\n\n\t\n<\/div>\n","protected":false},"excerpt":{"rendered":"","protected":false},"author":2,"featured_media":0,"parent":0,"menu_order":0,"comment_status":"closed","ping_status":"closed","template":"page-blank.php","meta":{"_acf_changed":false,"footnotes":""},"class_list":["post-307104","page","type-page","status-publish","hentry"],"acf":[],"yoast_head":"<!-- This site is optimized with the Yoast SEO Premium plugin v27.4 (Yoast SEO v27.4) - https:\/\/yoast.com\/product\/yoast-seo-premium-wordpress\/ -->\n<title>Nossa empresa - Fermentis<\/title>\n<meta name=\"description\" content=\"Nossa empresa \u00e9 dedicada \u00e0s ind\u00fastrias de bebidas de fermenta\u00e7\u00e3o. Somos especialistas em fermenta\u00e7\u00e3o. Nosso objetivo \u00e9 tornar a fermenta\u00e7\u00e3o mais f\u00e1cil para voc\u00ea.\" \/>\n<meta name=\"robots\" content=\"index, follow, max-snippet:-1, max-image-preview:large, max-video-preview:-1\" \/>\n<link rel=\"canonical\" href=\"https:\/\/fermentis.com\/pt-br\/our-company\/\" \/>\n<meta property=\"og:locale\" content=\"pt_BR\" \/>\n<meta property=\"og:type\" content=\"article\" \/>\n<meta property=\"og:title\" content=\"Nossa empresa\" \/>\n<meta property=\"og:description\" content=\"Nossa empresa \u00e9 dedicada \u00e0s ind\u00fastrias de bebidas de fermenta\u00e7\u00e3o. Somos especialistas em fermenta\u00e7\u00e3o. Nosso objetivo \u00e9 tornar a fermenta\u00e7\u00e3o mais f\u00e1cil para voc\u00ea.\" \/>\n<meta property=\"og:url\" content=\"https:\/\/fermentis.com\/pt-br\/our-company\/\" \/>\n<meta property=\"og:site_name\" content=\"Fermentis\" \/>\n<meta property=\"article:publisher\" content=\"https:\/\/www.facebook.com\/Fermentis\" \/>\n<meta property=\"article:modified_time\" content=\"2026-04-20T11:04:44+00:00\" \/>\n<meta property=\"og:image\" content=\"https:\/\/fermentis.com\/wp-content\/uploads\/2021\/07\/website-v2.png\" \/>\n\t<meta property=\"og:image:width\" content=\"1903\" \/>\n\t<meta property=\"og:image:height\" content=\"901\" \/>\n\t<meta property=\"og:image:type\" content=\"image\/png\" \/>\n<meta name=\"twitter:card\" content=\"summary_large_image\" \/>\n<meta name=\"twitter:site\" content=\"@fermentis\" \/>\n<meta name=\"twitter:label1\" content=\"Est. tempo de leitura\" \/>\n\t<meta name=\"twitter:data1\" content=\"3 minutos\" \/>\n<script type=\"application\/ld+json\" class=\"yoast-schema-graph\">{\"@context\":\"https:\\\/\\\/schema.org\",\"@graph\":[{\"@type\":\"WebPage\",\"@id\":\"https:\\\/\\\/fermentis.com\\\/pt-br\\\/our-company\\\/\",\"url\":\"https:\\\/\\\/fermentis.com\\\/pt-br\\\/our-company\\\/\",\"name\":\"Nossa empresa - Fermentis\",\"isPartOf\":{\"@id\":\"https:\\\/\\\/fermentis.com\\\/pt-br\\\/#website\"},\"datePublished\":\"2020-02-07T23:00:00+00:00\",\"dateModified\":\"2026-04-20T11:04:44+00:00\",\"description\":\"Nossa empresa \u00e9 dedicada \u00e0s ind\u00fastrias de bebidas de fermenta\u00e7\u00e3o. Somos especialistas em fermenta\u00e7\u00e3o. Nosso objetivo \u00e9 tornar a fermenta\u00e7\u00e3o mais f\u00e1cil para voc\u00ea.\",\"breadcrumb\":{\"@id\":\"https:\\\/\\\/fermentis.com\\\/pt-br\\\/our-company\\\/#breadcrumb\"},\"inLanguage\":\"pt-BR\",\"potentialAction\":[{\"@type\":\"ReadAction\",\"target\":[\"https:\\\/\\\/fermentis.com\\\/pt-br\\\/our-company\\\/\"]}]},{\"@type\":\"BreadcrumbList\",\"@id\":\"https:\\\/\\\/fermentis.com\\\/pt-br\\\/our-company\\\/#breadcrumb\",\"itemListElement\":[{\"@type\":\"ListItem\",\"position\":1,\"name\":\"Home\",\"item\":\"https:\\\/\\\/fermentis.com\\\/pt-br\\\/\"},{\"@type\":\"ListItem\",\"position\":2,\"name\":\"Nossa empresa\"}]},{\"@type\":\"WebSite\",\"@id\":\"https:\\\/\\\/fermentis.com\\\/pt-br\\\/#website\",\"url\":\"https:\\\/\\\/fermentis.com\\\/pt-br\\\/\",\"name\":\"Fermentis\",\"description\":\"Un site utilisant WordPress\",\"publisher\":{\"@id\":\"https:\\\/\\\/fermentis.com\\\/pt-br\\\/#organization\"},\"potentialAction\":[{\"@type\":\"SearchAction\",\"target\":{\"@type\":\"EntryPoint\",\"urlTemplate\":\"https:\\\/\\\/fermentis.com\\\/pt-br\\\/?s={search_term_string}\"},\"query-input\":{\"@type\":\"PropertyValueSpecification\",\"valueRequired\":true,\"valueName\":\"search_term_string\"}}],\"inLanguage\":\"pt-BR\"},{\"@type\":\"Organization\",\"@id\":\"https:\\\/\\\/fermentis.com\\\/pt-br\\\/#organization\",\"name\":\"Fermentis\",\"url\":\"https:\\\/\\\/fermentis.com\\\/pt-br\\\/\",\"logo\":{\"@type\":\"ImageObject\",\"inLanguage\":\"pt-BR\",\"@id\":\"https:\\\/\\\/fermentis.com\\\/pt-br\\\/#\\\/schema\\\/logo\\\/image\\\/\",\"url\":\"https:\\\/\\\/fermentis.com\\\/wp-content\\\/uploads\\\/2021\\\/07\\\/Logo-Fermentis-5.png\",\"contentUrl\":\"https:\\\/\\\/fermentis.com\\\/wp-content\\\/uploads\\\/2021\\\/07\\\/Logo-Fermentis-5.png\",\"width\":308,\"height\":95,\"caption\":\"Fermentis\"},\"image\":{\"@id\":\"https:\\\/\\\/fermentis.com\\\/pt-br\\\/#\\\/schema\\\/logo\\\/image\\\/\"},\"sameAs\":[\"https:\\\/\\\/www.facebook.com\\\/Fermentis\",\"https:\\\/\\\/x.com\\\/fermentis\",\"https:\\\/\\\/www.instagram.com\\\/fermentisbylesaffre\\\/\",\"https:\\\/\\\/www.linkedin.com\\\/company\\\/fermentis\\\/\",\"https:\\\/\\\/www.youtube.com\\\/channel\\\/UCt_Lp3IZnUNXZeqSi6iiAdA\"]}]}<\/script>\n<!-- \/ Yoast SEO Premium plugin. -->","yoast_head_json":{"title":"Nossa empresa - Fermentis","description":"Nossa empresa \u00e9 dedicada \u00e0s ind\u00fastrias de bebidas de fermenta\u00e7\u00e3o. Somos especialistas em fermenta\u00e7\u00e3o. Nosso objetivo \u00e9 tornar a fermenta\u00e7\u00e3o mais f\u00e1cil para voc\u00ea.","robots":{"index":"index","follow":"follow","max-snippet":"max-snippet:-1","max-image-preview":"max-image-preview:large","max-video-preview":"max-video-preview:-1"},"canonical":"https:\/\/fermentis.com\/pt-br\/our-company\/","og_locale":"pt_BR","og_type":"article","og_title":"Nossa empresa","og_description":"Nossa empresa \u00e9 dedicada \u00e0s ind\u00fastrias de bebidas de fermenta\u00e7\u00e3o. Somos especialistas em fermenta\u00e7\u00e3o. Nosso objetivo \u00e9 tornar a fermenta\u00e7\u00e3o mais f\u00e1cil para voc\u00ea.","og_url":"https:\/\/fermentis.com\/pt-br\/our-company\/","og_site_name":"Fermentis","article_publisher":"https:\/\/www.facebook.com\/Fermentis","article_modified_time":"2026-04-20T11:04:44+00:00","og_image":[{"width":1903,"height":901,"url":"https:\/\/fermentis.com\/wp-content\/uploads\/2021\/07\/website-v2.png","type":"image\/png"}],"twitter_card":"summary_large_image","twitter_site":"@fermentis","twitter_misc":{"Est. tempo de leitura":"3 minutos"},"schema":{"@context":"https:\/\/schema.org","@graph":[{"@type":"WebPage","@id":"https:\/\/fermentis.com\/pt-br\/our-company\/","url":"https:\/\/fermentis.com\/pt-br\/our-company\/","name":"Nossa empresa - Fermentis","isPartOf":{"@id":"https:\/\/fermentis.com\/pt-br\/#website"},"datePublished":"2020-02-07T23:00:00+00:00","dateModified":"2026-04-20T11:04:44+00:00","description":"Nossa empresa \u00e9 dedicada \u00e0s ind\u00fastrias de bebidas de fermenta\u00e7\u00e3o. Somos especialistas em fermenta\u00e7\u00e3o. Nosso objetivo \u00e9 tornar a fermenta\u00e7\u00e3o mais f\u00e1cil para voc\u00ea.","breadcrumb":{"@id":"https:\/\/fermentis.com\/pt-br\/our-company\/#breadcrumb"},"inLanguage":"pt-BR","potentialAction":[{"@type":"ReadAction","target":["https:\/\/fermentis.com\/pt-br\/our-company\/"]}]},{"@type":"BreadcrumbList","@id":"https:\/\/fermentis.com\/pt-br\/our-company\/#breadcrumb","itemListElement":[{"@type":"ListItem","position":1,"name":"Home","item":"https:\/\/fermentis.com\/pt-br\/"},{"@type":"ListItem","position":2,"name":"Nossa empresa"}]},{"@type":"WebSite","@id":"https:\/\/fermentis.com\/pt-br\/#website","url":"https:\/\/fermentis.com\/pt-br\/","name":"Fermentis","description":"Un site utilisant WordPress","publisher":{"@id":"https:\/\/fermentis.com\/pt-br\/#organization"},"potentialAction":[{"@type":"SearchAction","target":{"@type":"EntryPoint","urlTemplate":"https:\/\/fermentis.com\/pt-br\/?s={search_term_string}"},"query-input":{"@type":"PropertyValueSpecification","valueRequired":true,"valueName":"search_term_string"}}],"inLanguage":"pt-BR"},{"@type":"Organization","@id":"https:\/\/fermentis.com\/pt-br\/#organization","name":"Fermentis","url":"https:\/\/fermentis.com\/pt-br\/","logo":{"@type":"ImageObject","inLanguage":"pt-BR","@id":"https:\/\/fermentis.com\/pt-br\/#\/schema\/logo\/image\/","url":"https:\/\/fermentis.com\/wp-content\/uploads\/2021\/07\/Logo-Fermentis-5.png","contentUrl":"https:\/\/fermentis.com\/wp-content\/uploads\/2021\/07\/Logo-Fermentis-5.png","width":308,"height":95,"caption":"Fermentis"},"image":{"@id":"https:\/\/fermentis.com\/pt-br\/#\/schema\/logo\/image\/"},"sameAs":["https:\/\/www.facebook.com\/Fermentis","https:\/\/x.com\/fermentis","https:\/\/www.instagram.com\/fermentisbylesaffre\/","https:\/\/www.linkedin.com\/company\/fermentis\/","https:\/\/www.youtube.com\/channel\/UCt_Lp3IZnUNXZeqSi6iiAdA"]}]}},"_links":{"self":[{"href":"https:\/\/fermentis.com\/pt-br\/wp-json\/wp\/v2\/pages\/307104","targetHints":{"allow":["GET"]}}],"collection":[{"href":"https:\/\/fermentis.com\/pt-br\/wp-json\/wp\/v2\/pages"}],"about":[{"href":"https:\/\/fermentis.com\/pt-br\/wp-json\/wp\/v2\/types\/page"}],"author":[{"embeddable":true,"href":"https:\/\/fermentis.com\/pt-br\/wp-json\/wp\/v2\/users\/2"}],"replies":[{"embeddable":true,"href":"https:\/\/fermentis.com\/pt-br\/wp-json\/wp\/v2\/comments?post=307104"}],"version-history":[{"count":2547,"href":"https:\/\/fermentis.com\/pt-br\/wp-json\/wp\/v2\/pages\/307104\/revisions"}],"predecessor-version":[{"id":718576,"href":"https:\/\/fermentis.com\/pt-br\/wp-json\/wp\/v2\/pages\/307104\/revisions\/718576"}],"wp:attachment":[{"href":"https:\/\/fermentis.com\/pt-br\/wp-json\/wp\/v2\/media?parent=307104"}],"curies":[{"name":"wp","href":"https:\/\/api.w.org\/{rel}","templated":true}]}}