{"id":326221,"date":"2020-02-19T00:00:00","date_gmt":"2020-02-18T23:00:00","guid":{"rendered":"https:\/\/fermentis.com\/wine\/"},"modified":"2025-02-24T08:22:51","modified_gmt":"2025-02-24T07:22:51","slug":"wine","status":"publish","type":"page","link":"https:\/\/fermentis.com\/pt-br\/fermentation-solutions\/wine\/","title":{"rendered":"Vinho"},"content":{"rendered":"\n\t<section class=\"section\" id=\"section_1790635107\">\n\t\t<div class=\"section-bg fill\" >\n\t\t\t\t\t\t\t\t\t\n\t\t\t\n\n\t\t<\/div>\n\n\t\t\n\n\t\t<div class=\"section-content relative\">\n\t\t\t\n<div class=\"row row-small row-full-width\"  id=\"row-392385121\">\n\n\t<div id=\"col-995019645\" class=\"col small-12 large-12\"  >\n\t\t\t\t<div class=\"col-inner\"  >\n\t\t\t\n\t\t\t\n\n  <div class=\"banner has-hover has-parallax\" id=\"banner-699368403\">\n          <div class=\"banner-inner fill\">\n        <div class=\"banner-bg fill\" data-parallax=\"-3\" data-parallax-container=\".banner\" data-parallax-background>\n            <img loading=\"lazy\" decoding=\"async\" width=\"1400\" height=\"933\" src=\"https:\/\/fermentis.com\/wp-content\/uploads\/2020\/02\/wine-background.jpg\" class=\"bg attachment-original size-original\" alt=\"\" \/>                        <div class=\"overlay\"><\/div>            \n                    <\/div>\n\t\t\n        <div class=\"banner-layers container\">\n            <div class=\"fill banner-link\"><\/div>            \n   <div id=\"text-box-197295525\" class=\"text-box banner-layer x10 md-x10 lg-x10 y50 md-y50 lg-y50 res-text\">\n                                <div class=\"text-box-content text dark\">\n              \n              <div class=\"text-inner text-left\">\n                  \n<h2><span style=\"font-size: 90%\"><strong>Vinifica\u00e7\u00e3o<\/strong><\/span><\/h2>\n<p><br data-source=\"\n\"><\/p>\n<p><span style=\"font-size: 90%\">Confira nossa linha de produtos, d\u00ea uma olhada em nossos \u00faltimos lan\u00e7amentos ou navegue por nosso guia de vinhos para encontrar a cepa de levedura que voc\u00ea est\u00e1 procurando.<\/span><\/p>\n<a href=\"https:\/\/fermentis.com\/pt-br\/fermentation\/wine-making-pt-br\/active-dry-yeast-wine-pt-br\/\" class=\"button white\" >\n\t\t<span>Gama de leveduras de vinho<\/span>\n\t<\/a>\n\n<a href=\"https:\/\/fermentis.com\/en\/contact\/\" class=\"button white is-outline\" >\n\t\t<span>Perguntar<\/span>\n\t<\/a>\n\n              <\/div>\n           <\/div>\n                            \n<style>\n#text-box-197295525 {\n  width: 62%;\n}\n#text-box-197295525 .text-box-content {\n  font-size: 100%;\n}\n@media (min-width:550px) {\n  #text-box-197295525 {\n    width: 45%;\n  }\n}\n<\/style>\n    <\/div>\n \n        <\/div>\n      <\/div>\n\n            \n<style>\n#banner-699368403 {\n  padding-top: 450px;\n  background-color: rgb(84, 10, 26);\n}\n#banner-699368403 .overlay {\n  background-color: rgba(0, 0, 0, 0.5);\n}\n#banner-699368403 .banner-bg img {\n  object-position: 50% 73%;\n}\n@media (min-width:550px) {\n  #banner-699368403 {\n    padding-top: 550px;\n  }\n}\n<\/style>\n  <\/div>\n\n\n<div class=\"row row-collapse row-full-width\"  id=\"row-571700395\">\n\n\t<div id=\"col-1017751775\" class=\"col medium-4 small-12 large-4\"  >\n\t\t\t\t<div class=\"col-inner\"  >\n\t\t\t\n\t\t\t\n\n  <div class=\"banner has-hover\" id=\"banner-1808371511\">\n          <div class=\"banner-inner fill\">\n        <div class=\"banner-bg fill\" >\n                                    <div class=\"overlay\"><\/div>            \n                    <\/div>\n\t\t\n        <div class=\"banner-layers container\">\n            <a class=\"fill\" href=\"https:\/\/fermentis.com\/pt-br\/fermentation\/wine-making-pt-br\/active-dry-yeast-wine-pt-br\/\"><div class=\"fill banner-link\"><\/div><\/a>            \n   <div id=\"text-box-389651190\" class=\"text-box banner-layer x50 md-x50 lg-x50 y50 md-y50 lg-y50 res-text\">\n                                <div class=\"text-box-content text dark\">\n              \n              <div class=\"text-inner text-center\">\n                  \n<p><br data-source=\"\n\n\"><\/p>\n<h3 class=\"uppercase\"><a href=\"https:\/\/fermentis.com\/en\/fermentation\/active-dry-yeast-wine\/\"><span style=\"font-size: 110%\"><strong>Cepas de levedura<\/strong><\/span><\/a><\/h3>\n<p><br data-source=\"\n\"><\/p>\n<p><span style=\"font-size: 110%\">D\u00ea uma olhada em nossa linha completa para vinifica\u00e7\u00e3o.<\/span><\/p>\n<p><br data-source=\"\n\n\"><\/p>\n              <\/div>\n           <\/div>\n                            \n<style>\n#text-box-389651190 {\n  width: 80%;\n}\n#text-box-389651190 .text-box-content {\n  font-size: 130%;\n}\n<\/style>\n    <\/div>\n \n        <\/div>\n      <\/div>\n\n            \n<style>\n#banner-1808371511 {\n  padding-top: 190px;\n  background-color: rgb(163, 46, 47);\n}\n#banner-1808371511 .overlay {\n  background-color: rgba(0, 0, 0, 0.16);\n}\n@media (min-width:550px) {\n  #banner-1808371511 {\n    padding-top: 150px;\n  }\n}\n<\/style>\n  <\/div>\n\n\n\t\t<\/div>\n\t\t\t\t\t<\/div>\n\n\t\n\n\t<div id=\"col-1373644081\" class=\"col medium-4 small-12 large-4\"  >\n\t\t\t\t<div class=\"col-inner\"  >\n\t\t\t\n\t\t\t\n\n  <div class=\"banner has-hover\" id=\"banner-1652637185\">\n          <div class=\"banner-inner fill\">\n        <div class=\"banner-bg fill\" >\n                                    <div class=\"overlay\"><\/div>            \n                    <\/div>\n\t\t\n        <div class=\"banner-layers container\">\n            <a class=\"fill\" href=\"https:\/\/fermentis.com\/en\/fermentation-solutions\/wine-fermentation-solutions\/latest-wine-releases\/\"><div class=\"fill banner-link\"><\/div><\/a>            \n   <div id=\"text-box-974707702\" class=\"text-box banner-layer x50 md-x50 lg-x50 y50 md-y50 lg-y50 res-text\">\n                                <div class=\"text-box-content text dark\">\n              \n              <div class=\"text-inner text-center\">\n                  \n<p><br data-source=\"\n\n\"><\/p>\n<h3 class=\"uppercase\"><a href=\"https:\/\/fermentis.com\/en\/fermentation-solutions\/wine\/latest-releases\/\"><span style=\"font-size: 110%\"><strong>Lan\u00e7amentos recentes<\/strong><\/span><\/a><\/h3>\n<p><br data-source=\"\n\"><\/p>\n<p><span style=\"font-size: 110%\">Confira nossos \u00faltimos lan\u00e7amentos de produtos.<\/span><\/p>\n<p><br data-source=\"\n\n\"><\/p>\n              <\/div>\n           <\/div>\n                            \n<style>\n#text-box-974707702 {\n  width: 80%;\n}\n#text-box-974707702 .text-box-content {\n  font-size: 130%;\n}\n<\/style>\n    <\/div>\n \n        <\/div>\n      <\/div>\n\n            \n<style>\n#banner-1652637185 {\n  padding-top: 190px;\n  background-color: rgb(141, 48, 48);\n}\n#banner-1652637185 .overlay {\n  background-color: rgba(0, 0, 0, 0.38);\n}\n@media (min-width:550px) {\n  #banner-1652637185 {\n    padding-top: 150px;\n  }\n}\n<\/style>\n  <\/div>\n\n\n\t\t<\/div>\n\t\t\t\t\t<\/div>\n\n\t\n\n\t<div id=\"col-1444009945\" class=\"col medium-4 small-12 large-4\"  >\n\t\t\t\t<div class=\"col-inner\"  >\n\t\t\t\n\t\t\t\n\n  <div class=\"banner has-hover\" id=\"banner-508553377\">\n          <div class=\"banner-inner fill\">\n        <div class=\"banner-bg fill\" >\n                                    <div class=\"overlay\"><\/div>            \n                    <\/div>\n\t\t\n        <div class=\"banner-layers container\">\n            <div class=\"fill banner-link\"><\/div>            \n   <div id=\"text-box-998095297\" class=\"text-box banner-layer x50 md-x50 lg-x50 y50 md-y50 lg-y50 res-text\">\n                                <div class=\"text-box-content text dark\">\n              \n              <div class=\"text-inner text-center\">\n                  \n<p><br data-source=\"\n\n\"><\/p>\n<h3 class=\"uppercase\"><span style=\"font-size: 110%\"><strong>Guia de vinhos<\/strong><\/span><\/h3>\n<p><br data-source=\"\n\"><\/p>\n<p><em><span style=\"font-size: 110%\">Em breve<\/span><\/em><\/p>\n<p><br data-source=\"\n\n\"><\/p>\n              <\/div>\n           <\/div>\n                            \n<style>\n#text-box-998095297 {\n  width: 80%;\n}\n#text-box-998095297 .text-box-content {\n  font-size: 130%;\n}\n<\/style>\n    <\/div>\n \n        <\/div>\n      <\/div>\n\n            \n<style>\n#banner-508553377 {\n  padding-top: 190px;\n  background-color: rgb(114, 22, 22);\n}\n#banner-508553377 .overlay {\n  background-color: rgba(0,0,0,.5);\n}\n@media (min-width:550px) {\n  #banner-508553377 {\n    padding-top: 150px;\n  }\n}\n<\/style>\n  <\/div>\n\n\n\t\t<\/div>\n\t\t\t\t\t<\/div>\n\n\t\n<\/div>\n\t\t<\/div>\n\t\t\t\t\n<style>\n#col-995019645 > .col-inner {\n  margin: x 0px 0px 0px;\n}\n<\/style>\n\t<\/div>\n\n\t\n\n<style>\n#row-392385121 > .col > .col-inner {\n  padding: 0px 0px 0px 0px;\n}\n<\/style>\n<\/div>\n\t\t<\/div>\n\n\t\t\n<style>\n#section_1790635107 {\n  padding-top: 0px;\n  padding-bottom: 0px;\n}\n<\/style>\n\t<\/section>\n\t\n","protected":false},"excerpt":{"rendered":"","protected":false},"author":2,"featured_media":0,"parent":510226,"menu_order":0,"comment_status":"closed","ping_status":"closed","template":"page-blank.php","meta":{"_acf_changed":false,"footnotes":""},"class_list":["post-326221","page","type-page","status-publish","hentry"],"acf":[],"yoast_head":"<!-- This site is optimized with the Yoast SEO Premium plugin v27.4 (Yoast SEO v27.4) - https:\/\/yoast.com\/product\/yoast-seo-premium-wordpress\/ -->\n<title>Solu\u00e7\u00f5es de fermenta\u00e7\u00e3o para vinifica\u00e7\u00e3o - Levedura de vinho - Fermentis<\/title>\n<meta name=\"description\" content=\"Todas as nossas solu\u00e7\u00f5es de fermenta\u00e7\u00e3o para que os produtores de vinho encontrem a levedura ou cepa que melhor se adapta \u00e0s suas necessidades para produzir o vinho perfeito.\" \/>\n<meta name=\"robots\" content=\"index, follow, max-snippet:-1, max-image-preview:large, max-video-preview:-1\" \/>\n<link rel=\"canonical\" href=\"https:\/\/fermentis.com\/pt-br\/fermentation-solutions\/wine\/\" \/>\n<meta property=\"og:locale\" content=\"pt_BR\" \/>\n<meta property=\"og:type\" content=\"article\" \/>\n<meta property=\"og:title\" content=\"Vinho\" \/>\n<meta property=\"og:description\" content=\"Todas as nossas solu\u00e7\u00f5es de fermenta\u00e7\u00e3o para que os produtores de vinho encontrem a levedura ou cepa que melhor se adapta \u00e0s suas necessidades para produzir o vinho perfeito.\" \/>\n<meta property=\"og:url\" content=\"https:\/\/fermentis.com\/pt-br\/fermentation-solutions\/wine\/\" \/>\n<meta property=\"og:site_name\" content=\"Fermentis\" \/>\n<meta property=\"article:publisher\" content=\"https:\/\/www.facebook.com\/Fermentis\" \/>\n<meta property=\"article:modified_time\" content=\"2025-02-24T07:22:51+00:00\" \/>\n<meta property=\"og:image\" content=\"https:\/\/fermentis.com\/wp-content\/uploads\/2021\/07\/website-v2.png\" \/>\n\t<meta property=\"og:image:width\" content=\"1903\" \/>\n\t<meta property=\"og:image:height\" content=\"901\" \/>\n\t<meta property=\"og:image:type\" content=\"image\/png\" \/>\n<meta name=\"twitter:card\" content=\"summary_large_image\" \/>\n<meta name=\"twitter:site\" content=\"@fermentis\" \/>\n<meta name=\"twitter:label1\" content=\"Est. tempo de leitura\" \/>\n\t<meta name=\"twitter:data1\" content=\"1 minuto\" \/>\n<script type=\"application\/ld+json\" class=\"yoast-schema-graph\">{\"@context\":\"https:\\\/\\\/schema.org\",\"@graph\":[{\"@type\":\"WebPage\",\"@id\":\"https:\\\/\\\/fermentis.com\\\/pt-br\\\/fermentation-solutions\\\/wine\\\/\",\"url\":\"https:\\\/\\\/fermentis.com\\\/pt-br\\\/fermentation-solutions\\\/wine\\\/\",\"name\":\"Solu\u00e7\u00f5es de fermenta\u00e7\u00e3o para vinifica\u00e7\u00e3o - Levedura de vinho - Fermentis\",\"isPartOf\":{\"@id\":\"https:\\\/\\\/fermentis.com\\\/pt-br\\\/#website\"},\"datePublished\":\"2020-02-18T23:00:00+00:00\",\"dateModified\":\"2025-02-24T07:22:51+00:00\",\"description\":\"Todas as nossas solu\u00e7\u00f5es de fermenta\u00e7\u00e3o para que os produtores de vinho encontrem a levedura ou cepa que melhor se adapta \u00e0s suas necessidades para produzir o vinho perfeito.\",\"breadcrumb\":{\"@id\":\"https:\\\/\\\/fermentis.com\\\/pt-br\\\/fermentation-solutions\\\/wine\\\/#breadcrumb\"},\"inLanguage\":\"pt-BR\",\"potentialAction\":[{\"@type\":\"ReadAction\",\"target\":[\"https:\\\/\\\/fermentis.com\\\/pt-br\\\/fermentation-solutions\\\/wine\\\/\"]}]},{\"@type\":\"BreadcrumbList\",\"@id\":\"https:\\\/\\\/fermentis.com\\\/pt-br\\\/fermentation-solutions\\\/wine\\\/#breadcrumb\",\"itemListElement\":[{\"@type\":\"ListItem\",\"position\":1,\"name\":\"Home\",\"item\":\"https:\\\/\\\/fermentis.com\\\/pt-br\\\/\"},{\"@type\":\"ListItem\",\"position\":2,\"name\":\"Solu\u00e7\u00f5es de fermenta\u00e7\u00e3o\",\"item\":\"https:\\\/\\\/fermentis.com\\\/pt-br\\\/fermentation-solutions\\\/\"},{\"@type\":\"ListItem\",\"position\":3,\"name\":\"Vinho\"}]},{\"@type\":\"WebSite\",\"@id\":\"https:\\\/\\\/fermentis.com\\\/pt-br\\\/#website\",\"url\":\"https:\\\/\\\/fermentis.com\\\/pt-br\\\/\",\"name\":\"Fermentis\",\"description\":\"Un site utilisant WordPress\",\"publisher\":{\"@id\":\"https:\\\/\\\/fermentis.com\\\/pt-br\\\/#organization\"},\"potentialAction\":[{\"@type\":\"SearchAction\",\"target\":{\"@type\":\"EntryPoint\",\"urlTemplate\":\"https:\\\/\\\/fermentis.com\\\/pt-br\\\/?s={search_term_string}\"},\"query-input\":{\"@type\":\"PropertyValueSpecification\",\"valueRequired\":true,\"valueName\":\"search_term_string\"}}],\"inLanguage\":\"pt-BR\"},{\"@type\":\"Organization\",\"@id\":\"https:\\\/\\\/fermentis.com\\\/pt-br\\\/#organization\",\"name\":\"Fermentis\",\"url\":\"https:\\\/\\\/fermentis.com\\\/pt-br\\\/\",\"logo\":{\"@type\":\"ImageObject\",\"inLanguage\":\"pt-BR\",\"@id\":\"https:\\\/\\\/fermentis.com\\\/pt-br\\\/#\\\/schema\\\/logo\\\/image\\\/\",\"url\":\"https:\\\/\\\/fermentis.com\\\/wp-content\\\/uploads\\\/2021\\\/07\\\/Logo-Fermentis-5.png\",\"contentUrl\":\"https:\\\/\\\/fermentis.com\\\/wp-content\\\/uploads\\\/2021\\\/07\\\/Logo-Fermentis-5.png\",\"width\":308,\"height\":95,\"caption\":\"Fermentis\"},\"image\":{\"@id\":\"https:\\\/\\\/fermentis.com\\\/pt-br\\\/#\\\/schema\\\/logo\\\/image\\\/\"},\"sameAs\":[\"https:\\\/\\\/www.facebook.com\\\/Fermentis\",\"https:\\\/\\\/x.com\\\/fermentis\",\"https:\\\/\\\/www.instagram.com\\\/fermentisbylesaffre\\\/\",\"https:\\\/\\\/www.linkedin.com\\\/company\\\/fermentis\\\/\",\"https:\\\/\\\/www.youtube.com\\\/channel\\\/UCt_Lp3IZnUNXZeqSi6iiAdA\"]}]}<\/script>\n<!-- \/ Yoast SEO Premium plugin. -->","yoast_head_json":{"title":"Solu\u00e7\u00f5es de fermenta\u00e7\u00e3o para vinifica\u00e7\u00e3o - Levedura de vinho - Fermentis","description":"Todas as nossas solu\u00e7\u00f5es de fermenta\u00e7\u00e3o para que os produtores de vinho encontrem a levedura ou cepa que melhor se adapta \u00e0s suas necessidades para produzir o vinho perfeito.","robots":{"index":"index","follow":"follow","max-snippet":"max-snippet:-1","max-image-preview":"max-image-preview:large","max-video-preview":"max-video-preview:-1"},"canonical":"https:\/\/fermentis.com\/pt-br\/fermentation-solutions\/wine\/","og_locale":"pt_BR","og_type":"article","og_title":"Vinho","og_description":"Todas as nossas solu\u00e7\u00f5es de fermenta\u00e7\u00e3o para que os produtores de vinho encontrem a levedura ou cepa que melhor se adapta \u00e0s suas necessidades para produzir o vinho perfeito.","og_url":"https:\/\/fermentis.com\/pt-br\/fermentation-solutions\/wine\/","og_site_name":"Fermentis","article_publisher":"https:\/\/www.facebook.com\/Fermentis","article_modified_time":"2025-02-24T07:22:51+00:00","og_image":[{"width":1903,"height":901,"url":"https:\/\/fermentis.com\/wp-content\/uploads\/2021\/07\/website-v2.png","type":"image\/png"}],"twitter_card":"summary_large_image","twitter_site":"@fermentis","twitter_misc":{"Est. tempo de leitura":"1 minuto"},"schema":{"@context":"https:\/\/schema.org","@graph":[{"@type":"WebPage","@id":"https:\/\/fermentis.com\/pt-br\/fermentation-solutions\/wine\/","url":"https:\/\/fermentis.com\/pt-br\/fermentation-solutions\/wine\/","name":"Solu\u00e7\u00f5es de fermenta\u00e7\u00e3o para vinifica\u00e7\u00e3o - Levedura de vinho - Fermentis","isPartOf":{"@id":"https:\/\/fermentis.com\/pt-br\/#website"},"datePublished":"2020-02-18T23:00:00+00:00","dateModified":"2025-02-24T07:22:51+00:00","description":"Todas as nossas solu\u00e7\u00f5es de fermenta\u00e7\u00e3o para que os produtores de vinho encontrem a levedura ou cepa que melhor se adapta \u00e0s suas necessidades para produzir o vinho perfeito.","breadcrumb":{"@id":"https:\/\/fermentis.com\/pt-br\/fermentation-solutions\/wine\/#breadcrumb"},"inLanguage":"pt-BR","potentialAction":[{"@type":"ReadAction","target":["https:\/\/fermentis.com\/pt-br\/fermentation-solutions\/wine\/"]}]},{"@type":"BreadcrumbList","@id":"https:\/\/fermentis.com\/pt-br\/fermentation-solutions\/wine\/#breadcrumb","itemListElement":[{"@type":"ListItem","position":1,"name":"Home","item":"https:\/\/fermentis.com\/pt-br\/"},{"@type":"ListItem","position":2,"name":"Solu\u00e7\u00f5es de fermenta\u00e7\u00e3o","item":"https:\/\/fermentis.com\/pt-br\/fermentation-solutions\/"},{"@type":"ListItem","position":3,"name":"Vinho"}]},{"@type":"WebSite","@id":"https:\/\/fermentis.com\/pt-br\/#website","url":"https:\/\/fermentis.com\/pt-br\/","name":"Fermentis","description":"Un site utilisant WordPress","publisher":{"@id":"https:\/\/fermentis.com\/pt-br\/#organization"},"potentialAction":[{"@type":"SearchAction","target":{"@type":"EntryPoint","urlTemplate":"https:\/\/fermentis.com\/pt-br\/?s={search_term_string}"},"query-input":{"@type":"PropertyValueSpecification","valueRequired":true,"valueName":"search_term_string"}}],"inLanguage":"pt-BR"},{"@type":"Organization","@id":"https:\/\/fermentis.com\/pt-br\/#organization","name":"Fermentis","url":"https:\/\/fermentis.com\/pt-br\/","logo":{"@type":"ImageObject","inLanguage":"pt-BR","@id":"https:\/\/fermentis.com\/pt-br\/#\/schema\/logo\/image\/","url":"https:\/\/fermentis.com\/wp-content\/uploads\/2021\/07\/Logo-Fermentis-5.png","contentUrl":"https:\/\/fermentis.com\/wp-content\/uploads\/2021\/07\/Logo-Fermentis-5.png","width":308,"height":95,"caption":"Fermentis"},"image":{"@id":"https:\/\/fermentis.com\/pt-br\/#\/schema\/logo\/image\/"},"sameAs":["https:\/\/www.facebook.com\/Fermentis","https:\/\/x.com\/fermentis","https:\/\/www.instagram.com\/fermentisbylesaffre\/","https:\/\/www.linkedin.com\/company\/fermentis\/","https:\/\/www.youtube.com\/channel\/UCt_Lp3IZnUNXZeqSi6iiAdA"]}]}},"_links":{"self":[{"href":"https:\/\/fermentis.com\/pt-br\/wp-json\/wp\/v2\/pages\/326221","targetHints":{"allow":["GET"]}}],"collection":[{"href":"https:\/\/fermentis.com\/pt-br\/wp-json\/wp\/v2\/pages"}],"about":[{"href":"https:\/\/fermentis.com\/pt-br\/wp-json\/wp\/v2\/types\/page"}],"author":[{"embeddable":true,"href":"https:\/\/fermentis.com\/pt-br\/wp-json\/wp\/v2\/users\/2"}],"replies":[{"embeddable":true,"href":"https:\/\/fermentis.com\/pt-br\/wp-json\/wp\/v2\/comments?post=326221"}],"version-history":[{"count":153,"href":"https:\/\/fermentis.com\/pt-br\/wp-json\/wp\/v2\/pages\/326221\/revisions"}],"predecessor-version":[{"id":375279,"href":"https:\/\/fermentis.com\/pt-br\/wp-json\/wp\/v2\/pages\/326221\/revisions\/375279"}],"up":[{"embeddable":true,"href":"https:\/\/fermentis.com\/pt-br\/wp-json\/wp\/v2\/pages\/510226"}],"wp:attachment":[{"href":"https:\/\/fermentis.com\/pt-br\/wp-json\/wp\/v2\/media?parent=326221"}],"curies":[{"name":"wp","href":"https:\/\/api.w.org\/{rel}","templated":true}]}}