{"id":388383,"date":"2020-02-14T00:00:00","date_gmt":"2020-02-13T23:00:00","guid":{"rendered":"https:\/\/fermentis.com\/legal-statement-2\/"},"modified":"2026-04-03T12:00:41","modified_gmt":"2026-04-03T10:00:41","slug":"legal-statement","status":"publish","type":"page","link":"https:\/\/fermentis.com\/pt-br\/legal-statement\/","title":{"rendered":"Declara\u00e7\u00e3o legal"},"content":{"rendered":"\n  <div class=\"banner has-hover has-parallax\" id=\"banner-1047566724\">\n          <div class=\"banner-inner fill\">\n        <div class=\"banner-bg fill\" data-parallax=\"-4\" data-parallax-container=\".banner\" data-parallax-background>\n            <img loading=\"lazy\" decoding=\"async\" width=\"1000\" height=\"667\" src=\"https:\/\/fermentis.com\/wp-content\/uploads\/2020\/02\/flatsomebilder-5-of-10.jpg\" class=\"bg attachment-large size-large\" alt=\"\" \/>                        <div class=\"overlay\"><\/div>            \n                    <\/div>\n\t\t\n        <div class=\"banner-layers container\">\n            <div class=\"fill banner-link\"><\/div>            \n        <\/div>\n      <\/div>\n\n            \n<style>\n#banner-1047566724 {\n  padding-top: 150px;\n}\n#banner-1047566724 .overlay {\n  background-color: rgba(0, 0, 0, 0.69);\n}\n#banner-1047566724 .banner-bg img {\n  object-position: 49% 50%;\n}\n<\/style>\n  <\/div>\n\n\n\n\t<section class=\"section\" id=\"section_1414383760\">\n\t\t<div class=\"section-bg fill\" >\n\t\t\t\t\t\t\t\t\t\n\t\t\t\n\n\t\t<\/div>\n\n\t\t\n\n\t\t<div class=\"section-content relative\">\n\t\t\t\n\t<div id=\"gap-1231108022\" class=\"gap-element clearfix\" style=\"display:block; height:auto;\">\n\t\t\n<style>\n#gap-1231108022 {\n  padding-top: 50px;\n}\n<\/style>\n\t<\/div>\n\t\n<div class=\"row align-center\"  id=\"row-769614368\">\n\n\t<div id=\"col-631372705\" class=\"col medium-4 small-10 large-4\"  >\n\t\t\t\t<div class=\"col-inner\"  >\n\t\t\t\n\t\t\t\n<p><br data-source=\"\n\n\"><\/p>\n<h1><span style=\"font-size: 150%\">Declara\u00e7\u00e3o legal<\/span><\/h1>\n<p><br data-source=\"\n\"><\/p>\n<p><span style=\"font-size: 90%\">Informa\u00e7\u00f5es legais sobre o site da Fermentis e seu conte\u00fado.<\/span><\/p>\n<p><br data-source=\"\n\n\"><\/p>\n\t\t<\/div>\n\t\t\t\t\n<style>\n#col-631372705 > .col-inner {\n  padding: 0px 40px 0px 0px;\n}\n<\/style>\n\t<\/div>\n\n\t\n\n\t<div id=\"col-844321924\" class=\"col medium-8 small-10 large-8\"  >\n\t\t\t\t<div class=\"col-inner\"  >\n\t\t\t\n\t\t\t\n<p><br data-source=\"\n\n\"><\/p>\n<p>Director da publica\u00e7\u00e3o : Sra. J. GALLERAND<\/p>\n<p><br data-source=\"\n\"><\/p>\n<p><strong>Isen\u00e7\u00e3o de responsabilidade e exclus\u00e3o de responsabilidade<\/strong><br \/>Todas as informa\u00e7\u00f5es fornecidas neste site s\u00e3o fornecidas a t\u00edtulo indicativo e n\u00e3o t\u00eam valor contratual. A Fermentis se esfor\u00e7a para atualizar seu site regularmente. No entanto, a Fermentis n\u00e3o garante nem garante que as funcionalidades do site ser\u00e3o sempre erros de forma livre, nem que o site ou o seu servidor de acesso estejam livres de v\u00edrus ou qualquer outro componente perigoso.<\/p>\n<p><br data-source=\"\n\"><\/p>\n<p><strong>Isen\u00e7\u00e3o de responsabilidade do link<\/strong><br \/>Os links encontrados no <a href=\"http:\/\/www.fermentis.com\/\">www.fermentis.com<\/a> n\u00e3o est\u00e3o de forma alguma sob a responsabilidade ou controle da fermentis. Um link n\u00e3o constitui um endosso do conte\u00fado editorial do site nem de suas condi\u00e7\u00f5es de acesso.<\/p>\n<p><br data-source=\"\n\"><\/p>\n<p><strong>Direitos autorais<\/strong><br \/>Deve presumir que tudo o que v\u00ea ou l\u00ea no Site est\u00e1 protegido por direitos de autor, salvo indica\u00e7\u00e3o em contr\u00e1rio, e n\u00e3o pode ser utilizado, exceto conforme previsto nestes Termos e Condi\u00e7\u00f5es ou no texto do Site, sem a autoriza\u00e7\u00e3o por escrito da Lesaffre. A Lesaffre n\u00e3o garante nem declara que a sua utiliza\u00e7\u00e3o dos materiais apresentados no Site n\u00e3o infringir\u00e1 os direitos de terceiros que n\u00e3o sejam propriedade ou afiliados da Lesaffre. As imagens, fotografias ou ilustra\u00e7\u00f5es exibidas no Site s\u00e3o propriedade da Lesaffre ou s\u00e3o utilizadas com autoriza\u00e7\u00e3o da mesma. O uso desses materiais por voc\u00ea, ou qualquer outra pessoa autorizada por voc\u00ea, \u00e9 proibido, a menos que especificamente permitido por estes Termos e Condi\u00e7\u00f5es ou permiss\u00e3o espec\u00edfica fornecida em outro lugar no Site. Qualquer uso n\u00e3o autorizado das imagens pode violar as leis de direitos autorais, leis de marcas registradas, leis de privacidade e publicidade e regulamentos e estatutos de comunica\u00e7\u00f5es. As permiss\u00f5es para exibi\u00e7\u00e3o devem ser exigidas por correio em fermentis@lesaffre.fr<\/p>\n<p><br data-source=\"\n\"><\/p>\n<p><strong>Marcas comerciais<\/strong><br \/>As marcas comerciais, log\u00f3tipos e marcas de servi\u00e7o (coletivamente, \u00abMarcas Comerciais\u00bb) apresentadas neste Site s\u00e3o marcas registadas e n\u00e3o registadas da Lesaffre ou das suas filiais. Nada contido no site deve ser interpretado como concess\u00e3o, por implica\u00e7\u00e3o, preclus\u00e3o ou de outra forma, de qualquer licen\u00e7a ou direito de utiliza\u00e7\u00e3o de qualquer Marca Registada exibida neste Site sem a permiss\u00e3o por escrito da Lesaffre ou das suas filiais ou de terceiros que possam ser propriet\u00e1rios da Marca Registada exibida no Site. O uso indevido das Marcas Registradas exibidas no Site, ou de qualquer outro conte\u00fado do Site, exceto conforme previsto neste documento, \u00e9 estritamente proibido.<\/p>\n<p><br data-source=\"\n\"><\/p>\n<p><strong>Disponibilidade do site<\/strong><br \/>N\u00f3s cuidamos de manter este site dispon\u00edvel. O acesso ao site pode ficar indispon\u00edvel ou ser encerrado a qualquer momento para atualiza\u00e7\u00e3o ou qualquer outro assunto t\u00e9cnico. A Fermentis n\u00e3o se responsabiliza, em circunst\u00e2ncia alguma, por estas interrup\u00e7\u00f5es e por quaisquer reclama\u00e7\u00f5es ou danos decorrentes direta ou indiretamente das mesmas.<\/p>\n<p><br data-source=\"\n\"><\/p>\n<p><strong>Aviso<\/strong><br \/>Lembramos que a Internet \u00e9 acess\u00edvel a qualquer pessoa. Cada vez que voc\u00ea comunica voluntariamente informa\u00e7\u00f5es pessoais, voc\u00ea o faz por sua pr\u00f3pria conta e risco. Os dados pessoais s\u00e3o suscet\u00edveis de serem interceptados por outras pessoas.<\/p>\n<p><br data-source=\"\n\"><\/p>\n<p>\u00a0<\/p>\n<p><br data-source=\"\n\"><\/p>\n<p><strong>Privacidade<\/strong><br \/>As informa\u00e7\u00f5es recebidas atrav\u00e9s deste site ser\u00e3o mantidas em seguran\u00e7a pela fermentis. De acordo com a lei francesa n\u00b0 78-17 de 6 de janeiro de 1978, relativa ao processamento de dados, arquivos de dados e liberdades, qualquer visitante que deposite informa\u00e7\u00f5es direta ou indiretamente contendo seu nome pode solicitar a comunica\u00e7\u00e3o, modifica\u00e7\u00e3o ou supress\u00e3o de suas informa\u00e7\u00f5es pessoais ao administrador do servi\u00e7o. Para tal, o utilizador dever\u00e1 enviar o seu pedido para FERMENTIS \u2013 website \u2013 137, rue Gabriel P\u00e9ri \u2013 BP 3069 \u2013 59703 Marcq-en-Baroeul Cedex \u2013 Fran\u00e7a<\/p>\n<p><br data-source=\"\n\"><\/p>\n<p>A Fermentis informa aos utilizadores que as informa\u00e7\u00f5es pessoais recebidas atrav\u00e9s do site s\u00e3o para informa\u00e7\u00e3o e comunica\u00e7\u00e3o e em caso algum ser\u00e3o comunicadas a parceiros comerciais.<\/p>\n<p><br data-source=\"\n\n\"><\/p>\n\t\t<\/div>\n\t\t\t\t\t<\/div>\n\n\t\n<\/div>\n<div class=\"row align-center\"  id=\"row-179169809\">\n\n\t<div id=\"col-973686733\" class=\"col medium-4 small-10 large-4\"  >\n\t\t\t\t<div class=\"col-inner\"  >\n\t\t\t\n\t\t\t\n<p><br data-source=\"\n\n\"><\/p>\n<h1><span style=\"font-size: 150%\">Design e desenvolvimento de sites<\/span><\/h1>\n<p><br data-source=\"\n\n\"><\/p>\n\t\t<\/div>\n\t\t\t\t\n<style>\n#col-973686733 > .col-inner {\n  padding: 0px 40px 0px 0px;\n}\n<\/style>\n\t<\/div>\n\n\t\n\n\t<div id=\"col-566147432\" class=\"col medium-8 small-10 large-8\"  >\n\t\t\t\t<div class=\"col-inner\"  >\n\t\t\t\n\t\t\t\n<p><br data-source=\"\n\n\"><\/p>\n<p><strong>Site projetado e desenvolvido por Fermentis by Lesaffre<\/strong><br \/>280, avenue de la Marne<br \/>59700 Marcq en Baroeul, FRAN\u00c7A<\/p>\n<p><br data-source=\"\n\"><\/p>\n<p><strong>Com a ajuda da OVM Communication<\/strong><br \/>Comunica\u00e7\u00e3o OVM<br \/>9, Avenue du Colonel Driant<br \/>59130 LAMBERSART<br \/>T : +33 (0)6 27 78 30 21<\/p>\n<p><br data-source=\"\n\"><\/p>\n<p>S\u00edtio Web : <a href=\"https:\/\/ovm-communication.fr\/\" target=\"_blank\" rel=\"noopener noreferrer\">ovm-communication.fr<\/a><\/p>\n<p><br data-source=\"\n\n\"><\/p>\n\t\t<\/div>\n\t\t\t\t\t<\/div>\n\n\t\n<\/div>\n\t\t<\/div>\n\n\t\t\n<style>\n#section_1414383760 {\n  padding-top: 20px;\n  padding-bottom: 20px;\n}\n<\/style>\n\t<\/section>\n\t\n","protected":false},"excerpt":{"rendered":"","protected":false},"author":2,"featured_media":0,"parent":0,"menu_order":0,"comment_status":"closed","ping_status":"closed","template":"page-blank.php","meta":{"_acf_changed":false,"footnotes":""},"class_list":["post-388383","page","type-page","status-publish","hentry"],"acf":[],"yoast_head":"<!-- This site is optimized with the Yoast SEO Premium plugin v27.3 (Yoast SEO v27.3) - https:\/\/yoast.com\/product\/yoast-seo-premium-wordpress\/ -->\n<title>Declara\u00e7\u00e3o legal - Fermentis<\/title>\n<meta name=\"robots\" content=\"index, follow, max-snippet:-1, max-image-preview:large, max-video-preview:-1\" \/>\n<link rel=\"canonical\" href=\"https:\/\/fermentis.com\/pt-br\/legal-statement\/\" \/>\n<meta property=\"og:locale\" content=\"pt_BR\" \/>\n<meta property=\"og:type\" content=\"article\" \/>\n<meta property=\"og:title\" content=\"Declara\u00e7\u00e3o legal\" \/>\n<meta property=\"og:url\" content=\"https:\/\/fermentis.com\/pt-br\/legal-statement\/\" \/>\n<meta property=\"og:site_name\" content=\"Fermentis\" \/>\n<meta property=\"article:publisher\" content=\"https:\/\/www.facebook.com\/Fermentis\" \/>\n<meta property=\"article:modified_time\" content=\"2026-04-03T10:00:41+00:00\" \/>\n<meta property=\"og:image\" content=\"https:\/\/fermentis.com\/wp-content\/uploads\/2021\/07\/website-v2.png\" \/>\n\t<meta property=\"og:image:width\" content=\"1903\" \/>\n\t<meta property=\"og:image:height\" content=\"901\" \/>\n\t<meta property=\"og:image:type\" content=\"image\/png\" \/>\n<meta name=\"twitter:card\" content=\"summary_large_image\" \/>\n<meta name=\"twitter:site\" content=\"@fermentis\" \/>\n<meta name=\"twitter:label1\" content=\"Est. tempo de leitura\" \/>\n\t<meta name=\"twitter:data1\" content=\"4 minutos\" \/>\n<script type=\"application\/ld+json\" class=\"yoast-schema-graph\">{\"@context\":\"https:\\\/\\\/schema.org\",\"@graph\":[{\"@type\":\"WebPage\",\"@id\":\"https:\\\/\\\/fermentis.com\\\/pt-br\\\/legal-statement\\\/\",\"url\":\"https:\\\/\\\/fermentis.com\\\/pt-br\\\/legal-statement\\\/\",\"name\":\"Declara\u00e7\u00e3o legal - Fermentis\",\"isPartOf\":{\"@id\":\"https:\\\/\\\/fermentis.com\\\/pt-br\\\/#website\"},\"datePublished\":\"2020-02-13T23:00:00+00:00\",\"dateModified\":\"2026-04-03T10:00:41+00:00\",\"breadcrumb\":{\"@id\":\"https:\\\/\\\/fermentis.com\\\/pt-br\\\/legal-statement\\\/#breadcrumb\"},\"inLanguage\":\"pt-BR\",\"potentialAction\":[{\"@type\":\"ReadAction\",\"target\":[\"https:\\\/\\\/fermentis.com\\\/pt-br\\\/legal-statement\\\/\"]}]},{\"@type\":\"BreadcrumbList\",\"@id\":\"https:\\\/\\\/fermentis.com\\\/pt-br\\\/legal-statement\\\/#breadcrumb\",\"itemListElement\":[{\"@type\":\"ListItem\",\"position\":1,\"name\":\"Home\",\"item\":\"https:\\\/\\\/fermentis.com\\\/pt-br\\\/\"},{\"@type\":\"ListItem\",\"position\":2,\"name\":\"Declara\u00e7\u00e3o legal\"}]},{\"@type\":\"WebSite\",\"@id\":\"https:\\\/\\\/fermentis.com\\\/pt-br\\\/#website\",\"url\":\"https:\\\/\\\/fermentis.com\\\/pt-br\\\/\",\"name\":\"Fermentis\",\"description\":\"Un site utilisant WordPress\",\"publisher\":{\"@id\":\"https:\\\/\\\/fermentis.com\\\/pt-br\\\/#organization\"},\"potentialAction\":[{\"@type\":\"SearchAction\",\"target\":{\"@type\":\"EntryPoint\",\"urlTemplate\":\"https:\\\/\\\/fermentis.com\\\/pt-br\\\/?s={search_term_string}\"},\"query-input\":{\"@type\":\"PropertyValueSpecification\",\"valueRequired\":true,\"valueName\":\"search_term_string\"}}],\"inLanguage\":\"pt-BR\"},{\"@type\":\"Organization\",\"@id\":\"https:\\\/\\\/fermentis.com\\\/pt-br\\\/#organization\",\"name\":\"Fermentis\",\"url\":\"https:\\\/\\\/fermentis.com\\\/pt-br\\\/\",\"logo\":{\"@type\":\"ImageObject\",\"inLanguage\":\"pt-BR\",\"@id\":\"https:\\\/\\\/fermentis.com\\\/pt-br\\\/#\\\/schema\\\/logo\\\/image\\\/\",\"url\":\"https:\\\/\\\/fermentis.com\\\/wp-content\\\/uploads\\\/2021\\\/07\\\/Logo-Fermentis-5.png\",\"contentUrl\":\"https:\\\/\\\/fermentis.com\\\/wp-content\\\/uploads\\\/2021\\\/07\\\/Logo-Fermentis-5.png\",\"width\":308,\"height\":95,\"caption\":\"Fermentis\"},\"image\":{\"@id\":\"https:\\\/\\\/fermentis.com\\\/pt-br\\\/#\\\/schema\\\/logo\\\/image\\\/\"},\"sameAs\":[\"https:\\\/\\\/www.facebook.com\\\/Fermentis\",\"https:\\\/\\\/x.com\\\/fermentis\",\"https:\\\/\\\/www.instagram.com\\\/fermentisbylesaffre\\\/\",\"https:\\\/\\\/www.linkedin.com\\\/company\\\/fermentis\\\/\",\"https:\\\/\\\/www.youtube.com\\\/channel\\\/UCt_Lp3IZnUNXZeqSi6iiAdA\"]}]}<\/script>\n<!-- \/ Yoast SEO Premium plugin. -->","yoast_head_json":{"title":"Declara\u00e7\u00e3o legal - Fermentis","robots":{"index":"index","follow":"follow","max-snippet":"max-snippet:-1","max-image-preview":"max-image-preview:large","max-video-preview":"max-video-preview:-1"},"canonical":"https:\/\/fermentis.com\/pt-br\/legal-statement\/","og_locale":"pt_BR","og_type":"article","og_title":"Declara\u00e7\u00e3o legal","og_url":"https:\/\/fermentis.com\/pt-br\/legal-statement\/","og_site_name":"Fermentis","article_publisher":"https:\/\/www.facebook.com\/Fermentis","article_modified_time":"2026-04-03T10:00:41+00:00","og_image":[{"width":1903,"height":901,"url":"https:\/\/fermentis.com\/wp-content\/uploads\/2021\/07\/website-v2.png","type":"image\/png"}],"twitter_card":"summary_large_image","twitter_site":"@fermentis","twitter_misc":{"Est. tempo de leitura":"4 minutos"},"schema":{"@context":"https:\/\/schema.org","@graph":[{"@type":"WebPage","@id":"https:\/\/fermentis.com\/pt-br\/legal-statement\/","url":"https:\/\/fermentis.com\/pt-br\/legal-statement\/","name":"Declara\u00e7\u00e3o legal - Fermentis","isPartOf":{"@id":"https:\/\/fermentis.com\/pt-br\/#website"},"datePublished":"2020-02-13T23:00:00+00:00","dateModified":"2026-04-03T10:00:41+00:00","breadcrumb":{"@id":"https:\/\/fermentis.com\/pt-br\/legal-statement\/#breadcrumb"},"inLanguage":"pt-BR","potentialAction":[{"@type":"ReadAction","target":["https:\/\/fermentis.com\/pt-br\/legal-statement\/"]}]},{"@type":"BreadcrumbList","@id":"https:\/\/fermentis.com\/pt-br\/legal-statement\/#breadcrumb","itemListElement":[{"@type":"ListItem","position":1,"name":"Home","item":"https:\/\/fermentis.com\/pt-br\/"},{"@type":"ListItem","position":2,"name":"Declara\u00e7\u00e3o legal"}]},{"@type":"WebSite","@id":"https:\/\/fermentis.com\/pt-br\/#website","url":"https:\/\/fermentis.com\/pt-br\/","name":"Fermentis","description":"Un site utilisant WordPress","publisher":{"@id":"https:\/\/fermentis.com\/pt-br\/#organization"},"potentialAction":[{"@type":"SearchAction","target":{"@type":"EntryPoint","urlTemplate":"https:\/\/fermentis.com\/pt-br\/?s={search_term_string}"},"query-input":{"@type":"PropertyValueSpecification","valueRequired":true,"valueName":"search_term_string"}}],"inLanguage":"pt-BR"},{"@type":"Organization","@id":"https:\/\/fermentis.com\/pt-br\/#organization","name":"Fermentis","url":"https:\/\/fermentis.com\/pt-br\/","logo":{"@type":"ImageObject","inLanguage":"pt-BR","@id":"https:\/\/fermentis.com\/pt-br\/#\/schema\/logo\/image\/","url":"https:\/\/fermentis.com\/wp-content\/uploads\/2021\/07\/Logo-Fermentis-5.png","contentUrl":"https:\/\/fermentis.com\/wp-content\/uploads\/2021\/07\/Logo-Fermentis-5.png","width":308,"height":95,"caption":"Fermentis"},"image":{"@id":"https:\/\/fermentis.com\/pt-br\/#\/schema\/logo\/image\/"},"sameAs":["https:\/\/www.facebook.com\/Fermentis","https:\/\/x.com\/fermentis","https:\/\/www.instagram.com\/fermentisbylesaffre\/","https:\/\/www.linkedin.com\/company\/fermentis\/","https:\/\/www.youtube.com\/channel\/UCt_Lp3IZnUNXZeqSi6iiAdA"]}]}},"_links":{"self":[{"href":"https:\/\/fermentis.com\/pt-br\/wp-json\/wp\/v2\/pages\/388383","targetHints":{"allow":["GET"]}}],"collection":[{"href":"https:\/\/fermentis.com\/pt-br\/wp-json\/wp\/v2\/pages"}],"about":[{"href":"https:\/\/fermentis.com\/pt-br\/wp-json\/wp\/v2\/types\/page"}],"author":[{"embeddable":true,"href":"https:\/\/fermentis.com\/pt-br\/wp-json\/wp\/v2\/users\/2"}],"replies":[{"embeddable":true,"href":"https:\/\/fermentis.com\/pt-br\/wp-json\/wp\/v2\/comments?post=388383"}],"version-history":[{"count":114,"href":"https:\/\/fermentis.com\/pt-br\/wp-json\/wp\/v2\/pages\/388383\/revisions"}],"predecessor-version":[{"id":712315,"href":"https:\/\/fermentis.com\/pt-br\/wp-json\/wp\/v2\/pages\/388383\/revisions\/712315"}],"wp:attachment":[{"href":"https:\/\/fermentis.com\/pt-br\/wp-json\/wp\/v2\/media?parent=388383"}],"curies":[{"name":"wp","href":"https:\/\/api.w.org\/{rel}","templated":true}]}}