{"id":456188,"date":"2020-10-22T12:01:39","date_gmt":"2020-10-22T10:01:39","guid":{"rendered":"https:\/\/fermentis.com\/wine-documentations\/"},"modified":"2025-09-30T09:56:48","modified_gmt":"2025-09-30T07:56:48","slug":"wine-documentations","status":"publish","type":"page","link":"https:\/\/fermentis.com\/pt-br\/knowledge-center\/wine-documentations\/","title":{"rendered":"Documenta\u00e7\u00e3o de vinhos"},"content":{"rendered":"\n  <div class=\"banner has-hover has-parallax\" id=\"banner-2000535035\">\n          <div class=\"banner-inner fill\">\n        <div class=\"banner-bg fill\" data-parallax=\"-6\" data-parallax-container=\".banner\" data-parallax-background>\n            <img loading=\"lazy\" decoding=\"async\" width=\"1940\" height=\"758\" src=\"https:\/\/fermentis.com\/wp-content\/uploads\/2020\/03\/communications.jpg\" class=\"bg attachment-original size-original\" alt=\"\" \/>                                    \n                    <\/div>\n\t\t\n        <div class=\"banner-layers container\">\n            <div class=\"fill banner-link\"><\/div>            \n        <\/div>\n      <\/div>\n\n            \n<style>\n#banner-2000535035 {\n  padding-top: 200px;\n}\n#banner-2000535035 .banner-bg img {\n  object-position: 50% 100%;\n}\n<\/style>\n  <\/div>\n\n\n\n\t<section class=\"section\" id=\"section_1258903638\">\n\t\t<div class=\"section-bg fill\" >\n\t\t\t\t\t\t\t\t\t\n\t\t\t\n\n\t\t<\/div>\n\n\t\t\n\n\t\t<div class=\"section-content relative\">\n\t\t\t\n\t<div id=\"gap-1966655329\" class=\"gap-element clearfix\" style=\"display:block; height:auto;\">\n\t\t\n<style>\n#gap-1966655329 {\n  padding-top: 40px;\n}\n<\/style>\n\t<\/div>\n\t\n<div class=\"row\"  id=\"row-337212953\">\n\n\t<div id=\"col-1185513036\" class=\"col small-12 large-12\"  >\n\t\t\t\t<div class=\"col-inner\"  >\n\t\t\t\n\t\t\t\n<div class=\"container section-title-container\" ><h3 class=\"section-title section-title-center\"><b aria-hidden=\"true\"><\/b><span class=\"section-title-main\" >Leitura essencial<\/span><b aria-hidden=\"true\"><\/b><\/h3><\/div>\n\t\t<\/div>\n\t\t\t\t\t<\/div>\n\n\t\n<\/div>\n<div class=\"row\"  id=\"row-1456647395\">\n\n\t<div id=\"col-1698744599\" class=\"col medium-4 small-12 large-4\"  >\n\t\t\t\t<div class=\"col-inner\"  >\n\t\t\t\n\t\t\t\n\t<div class=\"img has-hover x md-x lg-x y md-y lg-y\" id=\"image_742122655\">\n\t\t<a class=\"\" href=\"https:\/\/www.calameo.com\/fermentis\/read\/006283727c7c5d319a4eb\" >\t\t\t\t\t\t<div class=\"img-inner dark\" >\n\t\t\t<img loading=\"lazy\" decoding=\"async\" width=\"480\" height=\"618\" src=\"https:\/\/fermentis.com\/wp-content\/uploads\/2021\/06\/Wine-Yeast-Range.jpg\" class=\"attachment-large size-large\" alt=\"\" \/>\t\t\t\t\t\t\n\t\t\t\t\t<\/div>\n\t\t\t\t\t\t<\/a>\t\t\n<style>\n#image_742122655 {\n  width: 94%;\n}\n<\/style>\n\t<\/div>\n\t\n\t<div class=\"img has-hover x md-x lg-x y md-y lg-y\" id=\"image_1551940040\">\n\t\t<a class=\"\" href=\"https:\/\/www.calameo.com\/fermentis\/read\/006283727f7b5a513553e\" >\t\t\t\t\t\t<div class=\"img-inner dark\" >\n\t\t\t<img loading=\"lazy\" decoding=\"async\" width=\"724\" height=\"1024\" src=\"https:\/\/fermentis.com\/wp-content\/uploads\/2022\/04\/Wine_Catalogue_2020-724x1024.jpg\" class=\"attachment-large size-large\" alt=\"Wine_Catalogue_2020\" srcset=\"https:\/\/fermentis.com\/wp-content\/uploads\/2022\/04\/Wine_Catalogue_2020-724x1024.jpg 724w, https:\/\/fermentis.com\/wp-content\/uploads\/2022\/04\/Wine_Catalogue_2020-566x800.jpg 566w, https:\/\/fermentis.com\/wp-content\/uploads\/2022\/04\/Wine_Catalogue_2020-768x1086.jpg 768w, https:\/\/fermentis.com\/wp-content\/uploads\/2022\/04\/Wine_Catalogue_2020-1086x1536.jpg 1086w, https:\/\/fermentis.com\/wp-content\/uploads\/2022\/04\/Wine_Catalogue_2020-1448x2048.jpg 1448w, https:\/\/fermentis.com\/wp-content\/uploads\/2022\/04\/Wine_Catalogue_2020-600x849.jpg 600w, https:\/\/fermentis.com\/wp-content\/uploads\/2022\/04\/Wine_Catalogue_2020-scaled.jpg 1810w\" sizes=\"auto, (max-width: 724px) 100vw, 724px\" \/>\t\t\t\t\t\t\n\t\t\t\t\t<\/div>\n\t\t\t\t\t\t<\/a>\t\t\n<style>\n#image_1551940040 {\n  width: 100%;\n}\n<\/style>\n\t<\/div>\n\t\n\t<div class=\"img has-hover x md-x lg-x y md-y lg-y\" id=\"image_2000356390\">\n\t\t<a class=\"\" href=\"https:\/\/www.calameo.com\/fermentis\/read\/00628372727e634514787\" >\t\t\t\t\t\t<div class=\"img-inner dark\" >\n\t\t\t<img loading=\"lazy\" decoding=\"async\" width=\"704\" height=\"1024\" src=\"https:\/\/fermentis.com\/wp-content\/uploads\/2025\/06\/WineMakers_Couv-704x1024.png\" class=\"attachment-large size-large\" alt=\"\" srcset=\"https:\/\/fermentis.com\/wp-content\/uploads\/2025\/06\/WineMakers_Couv-704x1024.png 704w, https:\/\/fermentis.com\/wp-content\/uploads\/2025\/06\/WineMakers_Couv-550x800.png 550w, https:\/\/fermentis.com\/wp-content\/uploads\/2025\/06\/WineMakers_Couv-768x1117.png 768w, https:\/\/fermentis.com\/wp-content\/uploads\/2025\/06\/WineMakers_Couv-1056x1536.png 1056w, https:\/\/fermentis.com\/wp-content\/uploads\/2025\/06\/WineMakers_Couv-1409x2048.png 1409w, https:\/\/fermentis.com\/wp-content\/uploads\/2025\/06\/WineMakers_Couv-600x872.png 600w, https:\/\/fermentis.com\/wp-content\/uploads\/2025\/06\/WineMakers_Couv-scaled.png 1761w\" sizes=\"auto, (max-width: 704px) 100vw, 704px\" \/>\t\t\t\t\t\t\n\t\t\t\t\t<\/div>\n\t\t\t\t\t\t<\/a>\t\t\n<style>\n#image_2000356390 {\n  width: 96%;\n}\n<\/style>\n\t<\/div>\n\t\n\t\t<\/div>\n\t\t\t\t\t<\/div>\n\n\t\n\n\t<div id=\"col-1359611553\" class=\"col medium-4 small-12 large-4\"  >\n\t\t\t\t<div class=\"col-inner\"  >\n\t\t\t\n\t\t\t\n<div style=\"text-align: center\">\n<div style=\"margin: 8px 0px 4px\"><\/div>\n<\/p>\n<div style=\"margin: 4px 0px 8px\"><\/div>\n<\/div>\n<div style=\"text-align: center\">\n<div style=\"margin: 8px 0px 4px\"><\/div>\n<\/p>\n<div style=\"margin: 4px 0px 8px\"><\/div>\n<\/div>\n\t\t<\/div>\n\t\t\t\t\t<\/div>\n\n\t\n\n\t<div id=\"col-1934361506\" class=\"col medium-4 small-12 large-4\"  >\n\t\t\t\t<div class=\"col-inner\"  >\n\t\t\t\n\t\t\t\n<div style=\"text-align: center\">\n<div style=\"margin: 8px 0px 4px\"><\/div>\n<\/p>\n<div style=\"margin: 4px 0px 8px\"><\/div>\n<\/div>\n<div style=\"text-align: center\">\n<div style=\"margin: 8px 0px 4px\"><\/div>\n<\/p>\n<div style=\"margin: 4px 0px 8px\"><\/div>\n<\/div>\n\t\t<\/div>\n\t\t\t\t\t<\/div>\n\n\t\n<\/div>\n\t\t<\/div>\n\n\t\t\n<style>\n#section_1258903638 {\n  padding-top: 0px;\n  padding-bottom: 0px;\n}\n<\/style>\n\t<\/section>\n\t\n","protected":false},"excerpt":{"rendered":"","protected":false},"author":2,"featured_media":0,"parent":511150,"menu_order":0,"comment_status":"closed","ping_status":"closed","template":"page-blank.php","meta":{"_acf_changed":false,"footnotes":""},"class_list":["post-456188","page","type-page","status-publish","hentry"],"acf":[],"yoast_head":"<!-- This site is optimized with the Yoast SEO Premium plugin v27.3 (Yoast SEO v27.3) - https:\/\/yoast.com\/product\/yoast-seo-premium-wordpress\/ -->\n<title>Documenta\u00e7\u00e3o de vinhos - Fermentis<\/title>\n<meta name=\"description\" content=\"Voc\u00ea encontrar\u00e1 todas as nossas publica\u00e7\u00f5es Good News sobre a ind\u00fastria do vinho. Esta p\u00e1gina re\u00fane todas as documenta\u00e7\u00f5es de vinhos, as \u00faltimas not\u00edcias e muito mais.\" \/>\n<meta name=\"robots\" content=\"index, follow, max-snippet:-1, max-image-preview:large, max-video-preview:-1\" \/>\n<link rel=\"canonical\" href=\"https:\/\/fermentis.com\/pt-br\/knowledge-center\/wine-documentations\/\" \/>\n<meta property=\"og:locale\" content=\"pt_BR\" \/>\n<meta property=\"og:type\" content=\"article\" \/>\n<meta property=\"og:title\" content=\"Documenta\u00e7\u00e3o de vinhos\" \/>\n<meta property=\"og:description\" content=\"Voc\u00ea encontrar\u00e1 todas as nossas publica\u00e7\u00f5es Good News sobre a ind\u00fastria do vinho. Esta p\u00e1gina re\u00fane todas as documenta\u00e7\u00f5es de vinhos, as \u00faltimas not\u00edcias e muito mais.\" \/>\n<meta property=\"og:url\" content=\"https:\/\/fermentis.com\/pt-br\/knowledge-center\/wine-documentations\/\" \/>\n<meta property=\"og:site_name\" content=\"Fermentis\" \/>\n<meta property=\"article:publisher\" content=\"https:\/\/www.facebook.com\/Fermentis\" \/>\n<meta property=\"article:modified_time\" content=\"2025-09-30T07:56:48+00:00\" \/>\n<meta property=\"og:image\" content=\"https:\/\/fermentis.com\/wp-content\/uploads\/2021\/07\/website-v2.png\" \/>\n\t<meta property=\"og:image:width\" content=\"1903\" \/>\n\t<meta property=\"og:image:height\" content=\"901\" \/>\n\t<meta property=\"og:image:type\" content=\"image\/png\" \/>\n<meta name=\"twitter:card\" content=\"summary_large_image\" \/>\n<meta name=\"twitter:site\" content=\"@fermentis\" \/>\n<meta name=\"twitter:label1\" content=\"Est. tempo de leitura\" \/>\n\t<meta name=\"twitter:data1\" content=\"1 minuto\" \/>\n<script type=\"application\/ld+json\" class=\"yoast-schema-graph\">{\"@context\":\"https:\\\/\\\/schema.org\",\"@graph\":[{\"@type\":\"WebPage\",\"@id\":\"https:\\\/\\\/fermentis.com\\\/pt-br\\\/knowledge-center\\\/wine-documentations\\\/\",\"url\":\"https:\\\/\\\/fermentis.com\\\/pt-br\\\/knowledge-center\\\/wine-documentations\\\/\",\"name\":\"Documenta\u00e7\u00e3o de vinhos - Fermentis\",\"isPartOf\":{\"@id\":\"https:\\\/\\\/fermentis.com\\\/pt-br\\\/#website\"},\"datePublished\":\"2020-10-22T10:01:39+00:00\",\"dateModified\":\"2025-09-30T07:56:48+00:00\",\"description\":\"Voc\u00ea encontrar\u00e1 todas as nossas publica\u00e7\u00f5es Good News sobre a ind\u00fastria do vinho. Esta p\u00e1gina re\u00fane todas as documenta\u00e7\u00f5es de vinhos, as \u00faltimas not\u00edcias e muito mais.\",\"breadcrumb\":{\"@id\":\"https:\\\/\\\/fermentis.com\\\/pt-br\\\/knowledge-center\\\/wine-documentations\\\/#breadcrumb\"},\"inLanguage\":\"pt-BR\",\"potentialAction\":[{\"@type\":\"ReadAction\",\"target\":[\"https:\\\/\\\/fermentis.com\\\/pt-br\\\/knowledge-center\\\/wine-documentations\\\/\"]}]},{\"@type\":\"BreadcrumbList\",\"@id\":\"https:\\\/\\\/fermentis.com\\\/pt-br\\\/knowledge-center\\\/wine-documentations\\\/#breadcrumb\",\"itemListElement\":[{\"@type\":\"ListItem\",\"position\":1,\"name\":\"Home\",\"item\":\"https:\\\/\\\/fermentis.com\\\/pt-br\\\/\"},{\"@type\":\"ListItem\",\"position\":2,\"name\":\"Centro de conhecimento\",\"item\":\"https:\\\/\\\/fermentis.com\\\/pt-br\\\/knowledge-center\\\/\"},{\"@type\":\"ListItem\",\"position\":3,\"name\":\"Documenta\u00e7\u00e3o de vinhos\"}]},{\"@type\":\"WebSite\",\"@id\":\"https:\\\/\\\/fermentis.com\\\/pt-br\\\/#website\",\"url\":\"https:\\\/\\\/fermentis.com\\\/pt-br\\\/\",\"name\":\"Fermentis\",\"description\":\"Un site utilisant WordPress\",\"publisher\":{\"@id\":\"https:\\\/\\\/fermentis.com\\\/pt-br\\\/#organization\"},\"potentialAction\":[{\"@type\":\"SearchAction\",\"target\":{\"@type\":\"EntryPoint\",\"urlTemplate\":\"https:\\\/\\\/fermentis.com\\\/pt-br\\\/?s={search_term_string}\"},\"query-input\":{\"@type\":\"PropertyValueSpecification\",\"valueRequired\":true,\"valueName\":\"search_term_string\"}}],\"inLanguage\":\"pt-BR\"},{\"@type\":\"Organization\",\"@id\":\"https:\\\/\\\/fermentis.com\\\/pt-br\\\/#organization\",\"name\":\"Fermentis\",\"url\":\"https:\\\/\\\/fermentis.com\\\/pt-br\\\/\",\"logo\":{\"@type\":\"ImageObject\",\"inLanguage\":\"pt-BR\",\"@id\":\"https:\\\/\\\/fermentis.com\\\/pt-br\\\/#\\\/schema\\\/logo\\\/image\\\/\",\"url\":\"https:\\\/\\\/fermentis.com\\\/wp-content\\\/uploads\\\/2021\\\/07\\\/Logo-Fermentis-5.png\",\"contentUrl\":\"https:\\\/\\\/fermentis.com\\\/wp-content\\\/uploads\\\/2021\\\/07\\\/Logo-Fermentis-5.png\",\"width\":308,\"height\":95,\"caption\":\"Fermentis\"},\"image\":{\"@id\":\"https:\\\/\\\/fermentis.com\\\/pt-br\\\/#\\\/schema\\\/logo\\\/image\\\/\"},\"sameAs\":[\"https:\\\/\\\/www.facebook.com\\\/Fermentis\",\"https:\\\/\\\/x.com\\\/fermentis\",\"https:\\\/\\\/www.instagram.com\\\/fermentisbylesaffre\\\/\",\"https:\\\/\\\/www.linkedin.com\\\/company\\\/fermentis\\\/\",\"https:\\\/\\\/www.youtube.com\\\/channel\\\/UCt_Lp3IZnUNXZeqSi6iiAdA\"]}]}<\/script>\n<!-- \/ Yoast SEO Premium plugin. -->","yoast_head_json":{"title":"Documenta\u00e7\u00e3o de vinhos - Fermentis","description":"Voc\u00ea encontrar\u00e1 todas as nossas publica\u00e7\u00f5es Good News sobre a ind\u00fastria do vinho. Esta p\u00e1gina re\u00fane todas as documenta\u00e7\u00f5es de vinhos, as \u00faltimas not\u00edcias e muito mais.","robots":{"index":"index","follow":"follow","max-snippet":"max-snippet:-1","max-image-preview":"max-image-preview:large","max-video-preview":"max-video-preview:-1"},"canonical":"https:\/\/fermentis.com\/pt-br\/knowledge-center\/wine-documentations\/","og_locale":"pt_BR","og_type":"article","og_title":"Documenta\u00e7\u00e3o de vinhos","og_description":"Voc\u00ea encontrar\u00e1 todas as nossas publica\u00e7\u00f5es Good News sobre a ind\u00fastria do vinho. Esta p\u00e1gina re\u00fane todas as documenta\u00e7\u00f5es de vinhos, as \u00faltimas not\u00edcias e muito mais.","og_url":"https:\/\/fermentis.com\/pt-br\/knowledge-center\/wine-documentations\/","og_site_name":"Fermentis","article_publisher":"https:\/\/www.facebook.com\/Fermentis","article_modified_time":"2025-09-30T07:56:48+00:00","og_image":[{"width":1903,"height":901,"url":"https:\/\/fermentis.com\/wp-content\/uploads\/2021\/07\/website-v2.png","type":"image\/png"}],"twitter_card":"summary_large_image","twitter_site":"@fermentis","twitter_misc":{"Est. tempo de leitura":"1 minuto"},"schema":{"@context":"https:\/\/schema.org","@graph":[{"@type":"WebPage","@id":"https:\/\/fermentis.com\/pt-br\/knowledge-center\/wine-documentations\/","url":"https:\/\/fermentis.com\/pt-br\/knowledge-center\/wine-documentations\/","name":"Documenta\u00e7\u00e3o de vinhos - Fermentis","isPartOf":{"@id":"https:\/\/fermentis.com\/pt-br\/#website"},"datePublished":"2020-10-22T10:01:39+00:00","dateModified":"2025-09-30T07:56:48+00:00","description":"Voc\u00ea encontrar\u00e1 todas as nossas publica\u00e7\u00f5es Good News sobre a ind\u00fastria do vinho. Esta p\u00e1gina re\u00fane todas as documenta\u00e7\u00f5es de vinhos, as \u00faltimas not\u00edcias e muito mais.","breadcrumb":{"@id":"https:\/\/fermentis.com\/pt-br\/knowledge-center\/wine-documentations\/#breadcrumb"},"inLanguage":"pt-BR","potentialAction":[{"@type":"ReadAction","target":["https:\/\/fermentis.com\/pt-br\/knowledge-center\/wine-documentations\/"]}]},{"@type":"BreadcrumbList","@id":"https:\/\/fermentis.com\/pt-br\/knowledge-center\/wine-documentations\/#breadcrumb","itemListElement":[{"@type":"ListItem","position":1,"name":"Home","item":"https:\/\/fermentis.com\/pt-br\/"},{"@type":"ListItem","position":2,"name":"Centro de conhecimento","item":"https:\/\/fermentis.com\/pt-br\/knowledge-center\/"},{"@type":"ListItem","position":3,"name":"Documenta\u00e7\u00e3o de vinhos"}]},{"@type":"WebSite","@id":"https:\/\/fermentis.com\/pt-br\/#website","url":"https:\/\/fermentis.com\/pt-br\/","name":"Fermentis","description":"Un site utilisant WordPress","publisher":{"@id":"https:\/\/fermentis.com\/pt-br\/#organization"},"potentialAction":[{"@type":"SearchAction","target":{"@type":"EntryPoint","urlTemplate":"https:\/\/fermentis.com\/pt-br\/?s={search_term_string}"},"query-input":{"@type":"PropertyValueSpecification","valueRequired":true,"valueName":"search_term_string"}}],"inLanguage":"pt-BR"},{"@type":"Organization","@id":"https:\/\/fermentis.com\/pt-br\/#organization","name":"Fermentis","url":"https:\/\/fermentis.com\/pt-br\/","logo":{"@type":"ImageObject","inLanguage":"pt-BR","@id":"https:\/\/fermentis.com\/pt-br\/#\/schema\/logo\/image\/","url":"https:\/\/fermentis.com\/wp-content\/uploads\/2021\/07\/Logo-Fermentis-5.png","contentUrl":"https:\/\/fermentis.com\/wp-content\/uploads\/2021\/07\/Logo-Fermentis-5.png","width":308,"height":95,"caption":"Fermentis"},"image":{"@id":"https:\/\/fermentis.com\/pt-br\/#\/schema\/logo\/image\/"},"sameAs":["https:\/\/www.facebook.com\/Fermentis","https:\/\/x.com\/fermentis","https:\/\/www.instagram.com\/fermentisbylesaffre\/","https:\/\/www.linkedin.com\/company\/fermentis\/","https:\/\/www.youtube.com\/channel\/UCt_Lp3IZnUNXZeqSi6iiAdA"]}]}},"_links":{"self":[{"href":"https:\/\/fermentis.com\/pt-br\/wp-json\/wp\/v2\/pages\/456188","targetHints":{"allow":["GET"]}}],"collection":[{"href":"https:\/\/fermentis.com\/pt-br\/wp-json\/wp\/v2\/pages"}],"about":[{"href":"https:\/\/fermentis.com\/pt-br\/wp-json\/wp\/v2\/types\/page"}],"author":[{"embeddable":true,"href":"https:\/\/fermentis.com\/pt-br\/wp-json\/wp\/v2\/users\/2"}],"replies":[{"embeddable":true,"href":"https:\/\/fermentis.com\/pt-br\/wp-json\/wp\/v2\/comments?post=456188"}],"version-history":[{"count":2483,"href":"https:\/\/fermentis.com\/pt-br\/wp-json\/wp\/v2\/pages\/456188\/revisions"}],"predecessor-version":[{"id":639298,"href":"https:\/\/fermentis.com\/pt-br\/wp-json\/wp\/v2\/pages\/456188\/revisions\/639298"}],"up":[{"embeddable":true,"href":"https:\/\/fermentis.com\/pt-br\/wp-json\/wp\/v2\/pages\/511150"}],"wp:attachment":[{"href":"https:\/\/fermentis.com\/pt-br\/wp-json\/wp\/v2\/media?parent=456188"}],"curies":[{"name":"wp","href":"https:\/\/api.w.org\/{rel}","templated":true}]}}