{"id":475975,"date":"2020-02-18T00:00:00","date_gmt":"2020-02-17T23:00:00","guid":{"rendered":"https:\/\/fermentis.com\/our-company\/supporting-creativity\/"},"modified":"2026-04-20T07:23:52","modified_gmt":"2026-04-20T05:23:52","slug":"supporting-creativity","status":"publish","type":"page","link":"https:\/\/fermentis.com\/pt-br\/our-company\/supporting-creativity\/","title":{"rendered":"Apoiando a criatividade"},"content":{"rendered":"\n\t<section class=\"section\" id=\"section_222527778\">\n\t\t<div class=\"section-bg fill\" >\n\t\t\t<img loading=\"lazy\" decoding=\"async\" width=\"1940\" height=\"758\" src=\"https:\/\/fermentis.com\/wp-content\/uploads\/2020\/02\/fermentis-corporate-bg.jpg\" class=\"bg attachment- size-\" alt=\"\" \/>\t\t\t\t\t\t<div class=\"section-bg-overlay absolute fill\"><\/div>\n\t\t\t\n\n\t\t<\/div>\n\n\t\t\n\n\t\t<div class=\"section-content relative\">\n\t\t\t\n\n  <div class=\"banner has-hover has-parallax\" id=\"banner-948952408\">\n          <div class=\"banner-inner fill\">\n        <div class=\"banner-bg fill\" data-parallax=\"-3\" data-parallax-container=\".banner\" data-parallax-background>\n            <img loading=\"lazy\" decoding=\"async\" width=\"1327\" height=\"758\" src=\"https:\/\/fermentis.com\/wp-content\/uploads\/2020\/03\/three-beers.png\" class=\"bg attachment-original size-original\" alt=\"\" \/>                        <div class=\"overlay\"><\/div>            \n                    <\/div>\n\t\t\n        <div class=\"banner-layers container\">\n            <div class=\"fill banner-link\"><\/div>            \n   <div id=\"text-box-331322866\" class=\"text-box banner-layer x50 md-x50 lg-x50 y50 md-y50 lg-y50 res-text\">\n                                <div class=\"text-box-content text dark\">\n              \n              <div class=\"text-inner text-center\">\n                  \n<h1 class=\"uppercase\" style=\"text-align: center\"><span style=\"font-size: 65%\"><strong>Apoiando a criatividade<\/strong><\/span><\/h1>\n              <\/div>\n           <\/div>\n                            \n<style>\n#text-box-331322866 {\n  width: 60%;\n}\n#text-box-331322866 .text-box-content {\n  font-size: 100%;\n}\n<\/style>\n    <\/div>\n \n        <\/div>\n      <\/div>\n\n            \n<style>\n#banner-948952408 {\n  padding-top: 300px;\n}\n#banner-948952408 .overlay {\n  background-color: rgba(0, 0, 0, 0.4);\n}\n#banner-948952408 .banner-bg img {\n  object-position: 53% 42%;\n}\n<\/style>\n  <\/div>\n\n\n\t\t<\/div>\n\n\t\t\n<style>\n#section_222527778 {\n  padding-top: 0px;\n  padding-bottom: 0px;\n}\n#section_222527778 .section-bg-overlay {\n  background-color: rgba(239, 117, 0, 0.7);\n}\n<\/style>\n\t<\/section>\n\t\n<div class=\"row\"  id=\"row-1078526811\">\n\n\t<div id=\"col-1992978303\" class=\"col small-12 large-12\"  >\n\t\t\t\t<div class=\"col-inner\"  >\n\t\t\t\n\t\t\t\n\t<div id=\"gap-251082341\" class=\"gap-element clearfix\" style=\"display:block; height:auto;\">\n\t\t\n<style>\n#gap-251082341 {\n  padding-top: 30px;\n}\n<\/style>\n\t<\/div>\n\t\n<p style=\"text-align: center\">Tudo o que fazemos para simplificar o processo de fermenta\u00e7\u00e3o para voc\u00ea, para proteger a produ\u00e7\u00e3o ou at\u00e9 mesmo economizar seu tempo, trabalha em prol de um \u00fanico objetivo: ajudar voc\u00ea a expressar sua inventividade e criatividade com confian\u00e7a. Isso deixa voc\u00ea livre para se concentrar no que faz a diferen\u00e7a: o sabor e os aromas da sua bebida e o prazer que seus consumidores sentir\u00e3o ao beb\u00ea-la.<\/p>\n<p style=\"text-align: center\">Na Fermentis, apoiar sua criatividade \u00e9 uma prioridade. Para nosso diretor administrativo, essa \u00e9 a principal prioridade. Inova\u00e7\u00e3o, qualidade, servi\u00e7o, confiabilidade e sustentabilidade s\u00e3o os principais impulsionadores da evolu\u00e7\u00e3o da Fermentis.<\/p>\n\t\t<\/div>\n\t\t\t\t\t<\/div>\n\n\t\n<\/div>\n\n\t<section class=\"section\" id=\"section_1160600198\">\n\t\t<div class=\"section-bg fill\" >\n\t\t\t\t\t\t\t\t\t\n\t\t\t\n\n\t\t<\/div>\n\n\t\t\n\n\t\t<div class=\"section-content relative\">\n\t\t\t\n<div class=\"row row-small align-middle\"  id=\"row-1634004590\">\n\n\t<div id=\"col-274287072\" class=\"col medium-2 small-12 large-2\"  >\n\t\t\t\t<div class=\"col-inner\"  >\n\t\t\t\n\t\t\t\n\t\t<\/div>\n\t\t\t\t\t<\/div>\n\n\t\n\n\t<div id=\"col-1112032523\" class=\"col medium-1 small-12 large-1\"  >\n\t\t\t\t<div class=\"col-inner\"  >\n\t\t\t\n\t\t\t\n\t\t<\/div>\n\t\t\t\t\t<\/div>\n\n\t\n\n\t<div id=\"col-624592348\" class=\"col medium-5 small-12 large-5\"  >\n\t\t\t\t<div class=\"col-inner\"  >\n\t\t\t\n\t\t\t\n\t<div id=\"text-169277120\" class=\"text\">\n\t\t\n<h2><span style=\"font-size: 130%\">We fight on five fronts for you<\/span><\/h2>\n\t\t\n<style>\n#text-169277120 {\n  text-align: center;\n}\n<\/style>\n\t<\/div>\n\t\n\t\t<\/div>\n\t\t\t\t\t<\/div>\n\n\t\n\n\t<div id=\"col-432742671\" class=\"col medium-1 small-12 large-1\"  >\n\t\t\t\t<div class=\"col-inner\"  >\n\t\t\t\n\t\t\t\n\t\t<\/div>\n\t\t\t\t\t<\/div>\n\n\t\n<\/div>\n\t\t<\/div>\n\n\t\t\n<style>\n#section_1160600198 {\n  padding-top: 20px;\n  padding-bottom: 20px;\n  background-color: rgb(242, 242, 242);\n}\n<\/style>\n\t<\/section>\n\t\n\t<div id=\"gap-998794102\" class=\"gap-element clearfix\" style=\"display:block; height:auto;\">\n\t\t\n<style>\n#gap-998794102 {\n  padding-top: 20px;\n}\n<\/style>\n\t<\/div>\n\t\n\n\t<section class=\"section\" id=\"section_490066315\">\n\t\t<div class=\"section-bg fill\" >\n\t\t\t\t\t\t\t\t\t\n\t\t\t\n\n\t\t<\/div>\n\n\t\t\n\n\t\t<div class=\"section-content relative\">\n\t\t\t\n<div class=\"row align-center\"  id=\"row-697320053\">\n\n\t<div id=\"col-1471403040\" class=\"col medium-1 small-10 large-1\"  >\n\t\t\t\t<div class=\"col-inner\"  >\n\t\t\t\n\t\t\t\n<h2><span style=\"font-size: 130%\" data-text-color=\"alert\">1.<\/span><\/h2>\n\t\t<\/div>\n\t\t\t\t\n<style>\n#col-1471403040 > .col-inner {\n  padding: 0px 40px 0px 0px;\n}\n<\/style>\n\t<\/div>\n\n\t\n\n\t<div id=\"col-751553725\" class=\"col medium-11 small-10 large-11\"  >\n\t\t\t\t<div class=\"col-inner\"  >\n\t\t\t\n\t\t\t\n<h2><span style=\"font-size: 130%\" data-text-color=\"alert\">Apoie a criatividade dos nossos clientes<\/span><\/h2>\n<p>Essa \u00e9 a nossa prioridade. Durante muito tempo o fermento foi considerado uma mercadoria. Ela facilitou a fermenta\u00e7\u00e3o, garantiu os rendimentos e foi basicamente isso. Hoje, os produtores de \u00e1lcool entendem que a levedura tamb\u00e9m \u00e9 uma ferramenta para dar car\u00e1ter aos seus produtos. Afeta a qualidade final, o sabor, os aromas e a percep\u00e7\u00e3o do produto como um todo. Isso est\u00e1 mudando nossos relacionamentos com os clientes, que est\u00e3o se tornando cada vez mais como parcerias. Isso tamb\u00e9m significa que precisamos ser mais informativos, mais presentes no campo e investir mais em P&amp;D. \u00c9 uma recompensa fant\u00e1stica por todo o nosso trabalho \u00e1rduo ao longo dos anos e um grande motivador para as nossas equipes. Tamb\u00e9m \u00e9 muito agrad\u00e1vel e estimulante ajudar a melhorar as qualidades de uma cerveja, vinho ou destilado\u2026 Eu entendo a divers\u00e3o que as equipes t\u00eam trabalhando nesses desafios e eu gosto disso com elas!<\/p>\n\t\t<\/div>\n\t\t\t\t\t<\/div>\n\n\t\n<\/div>\n<div class=\"row align-center\"  id=\"row-582360014\">\n\n\t<div id=\"col-1316480272\" class=\"col medium-1 small-10 large-1\"  >\n\t\t\t\t<div class=\"col-inner\"  >\n\t\t\t\n\t\t\t\n<h2><span style=\"font-size: 130%\" data-text-color=\"alert\">2.<\/span><\/h2>\n\t\t<\/div>\n\t\t\t\t\n<style>\n#col-1316480272 > .col-inner {\n  padding: 0px 40px 0px 0px;\n}\n<\/style>\n\t<\/div>\n\n\t\n\n\t<div id=\"col-796178765\" class=\"col medium-11 small-10 large-11\"  >\n\t\t\t\t<div class=\"col-inner\"  >\n\t\t\t\n\t\t\t\n<h2><span style=\"font-size: 130%\" data-text-color=\"alert\">Encontre novas solu\u00e7\u00f5es t\u00e9cnicas<\/span><\/h2>\n<p>A Fermentis sempre investiu muito em seus recursos industriais. Trabalhar com padr\u00f5es profissionais e atender aos mais altos padr\u00f5es de qualidade, seguran\u00e7a e higiene s\u00e3o fundamentais em nosso neg\u00f3cio. Essa expertise industrial e conhecimento especializado da mat\u00e9ria-prima nos permite hoje produzir nas quantidades necess\u00e1rias, atender demandas espec\u00edficas ou at\u00e9 mesmo testar em condi\u00e7\u00f5es \u201creais\u201d as solu\u00e7\u00f5es propostas por nossas equipes de P&amp;D\u2026 e n\u00e3o paramos por a\u00ed! Al\u00e9m disso, nos \u00faltimos dois anos, a Fermentis lan\u00e7ou diversas inova\u00e7\u00f5es t\u00e9cnicas no mercado. O primeiro derivado de levedura l\u00edquida, um ativador de fermenta\u00e7\u00e3o (ViniLiquid\u2122); um produto de clarifica\u00e7\u00e3o (Spring&#039;Finer\u2122); e uma solu\u00e7\u00e3o para refermenta\u00e7\u00e3o de cerveja na garrafa (SafAle\u2122 F2). Esses avan\u00e7os fazem toda a diferen\u00e7a, por isso continuamos com nossas pesquisas e investimentos com a ajuda de nossa empresa-m\u00e3e e sua divis\u00e3o de pesquisa e tamb\u00e9m de nossos parceiros.<\/p>\n\t\t<\/div>\n\t\t\t\t\t<\/div>\n\n\t\n<\/div>\n<div class=\"row align-center\"  id=\"row-1723515616\">\n\n\t<div id=\"col-1412560142\" class=\"col medium-1 small-10 large-1\"  >\n\t\t\t\t<div class=\"col-inner\"  >\n\t\t\t\n\t\t\t\n<h2><span style=\"font-size: 130%\" data-text-color=\"alert\">3.<\/span><\/h2>\n\t\t<\/div>\n\t\t\t\t\n<style>\n#col-1412560142 > .col-inner {\n  padding: 0px 40px 0px 0px;\n}\n<\/style>\n\t<\/div>\n\n\t\n\n\t<div id=\"col-2101282344\" class=\"col medium-11 small-10 large-11\"  >\n\t\t\t\t<div class=\"col-inner\"  >\n\t\t\t\n\t\t\t\n<h2><span style=\"font-size: 130%\" data-text-color=\"alert\">Facilite a vida dos nossos clientes<\/span><\/h2>\n<p>Este desafio est\u00e1 na encruzilhada dos dois primeiros. Nossos clientes t\u00eam muito o que fazer. Precisamos libert\u00e1-los das tarefas menos criativas e reduzir seu tempo de inatividade. Eles precisam se concentrar em sua criatividade, em seu neg\u00f3cio principal, em suas rela\u00e7\u00f5es com os clientes&#8230; Essa convic\u00e7\u00e3o, esse desejo, nos levou a criar uma linha espec\u00edfica de produtos, parte do <strong>conceito E2U\u2122<\/strong><a class=\"anchor\" href=\"https:\/\/fermentis.com\/pt-br\/easy-2-use\/\"><u><\/u><\/a>.<\/p>\n\t\t<\/div>\n\t\t\t\t\t<\/div>\n\n\t\n<\/div>\n<div class=\"row align-center\"  id=\"row-1329747301\">\n\n\t<div id=\"col-1665653238\" class=\"col medium-1 small-10 large-1\"  >\n\t\t\t\t<div class=\"col-inner\"  >\n\t\t\t\n\t\t\t\n<h2><span style=\"font-size: 130%\" data-text-color=\"alert\">4.<\/span><\/h2>\n\t\t<\/div>\n\t\t\t\t\n<style>\n#col-1665653238 > .col-inner {\n  padding: 0px 40px 0px 0px;\n}\n<\/style>\n\t<\/div>\n\n\t\n\n\t<div id=\"col-299745253\" class=\"col medium-11 small-10 large-11\"  >\n\t\t\t\t<div class=\"col-inner\"  >\n\t\t\t\n\t\t\t\n<h2><span style=\"font-size: 130%\" data-text-color=\"alert\">Apoiar empreendedores<\/span><\/h2>\n<p>H\u00e1 coisas \u00f3timas acontecendo no mundo das bebidas fermentadas.<br \/>\nEstamos vendo jovens designers, pequenas destilarias, cervejarias artesanais, novas vin\u00edcolas&#8230; H\u00e1 riscos, h\u00e1 ousadia e algumas surpresas maravilhosas. E como em qualquer tipo de empreendimento criativo, tamb\u00e9m h\u00e1 decep\u00e7\u00f5es.<br \/>\nEste \u00e9 um modelo virtuoso, mesmo para os maiores players do mercado, que s\u00e3o pressionados a serem ainda mais inventivos. \u00c9 por isso que queremos apoiar o esfor\u00e7o de quem se arrisca, talvez porque partilhamos este gosto pela inova\u00e7\u00e3o e pela iniciativa.<\/p>\n\t\t<\/div>\n\t\t\t\t\t<\/div>\n\n\t\n<\/div>\n<div class=\"row align-center\"  id=\"row-1488448461\">\n\n\t<div id=\"col-548901956\" class=\"col medium-1 small-10 large-1\"  >\n\t\t\t\t<div class=\"col-inner\"  >\n\t\t\t\n\t\t\t\n<h2><span style=\"font-size: 130%\" data-text-color=\"alert\">5.<\/span><\/h2>\n\t\t<\/div>\n\t\t\t\t\n<style>\n#col-548901956 > .col-inner {\n  padding: 0px 40px 0px 0px;\n}\n<\/style>\n\t<\/div>\n\n\t\n\n\t<div id=\"col-1699965270\" class=\"col medium-11 small-10 large-11\"  >\n\t\t\t\t<div class=\"col-inner\"  >\n\t\t\t\n\t\t\t\n<h2><span style=\"font-size: 130%\" data-text-color=\"alert\">Rela\u00e7\u00e3o de confian\u00e7a<\/span><\/h2>\n<p>Em nosso neg\u00f3cio, tempo, experi\u00eancia e conhecimento constroem produtos, marcas e fidelidade \u00e0 marca. Honestidade, generosidade, lealdade e confian\u00e7a s\u00e3o valores fundamentais. Confian\u00e7a entre n\u00f3s, confian\u00e7a no nosso produto, confian\u00e7a dos nossos clientes&#8230; Como podemos operar sem confian\u00e7a e credibilidade quando o nosso dia a dia envolve reuni\u00f5es, discuss\u00f5es e prazeres compartilhados?<\/p>\n\t\t<\/div>\n\t\t\t\t\t<\/div>\n\n\t\n<\/div>\n\t\t<\/div>\n\n\t\t\n<style>\n#section_490066315 {\n  padding-top: 20px;\n  padding-bottom: 20px;\n}\n<\/style>\n\t<\/section>\n\t\n\t<div id=\"gap-2066655960\" class=\"gap-element clearfix\" style=\"display:block; height:auto;\">\n\t\t\n<style>\n#gap-2066655960 {\n  padding-top: &quot;40px&quot;;\n}\n<\/style>\n\t<\/div>\n\t\n<h2 style=\"text-align: center\"><span style=\"font-size: 180%;color: #ef7500\">Vamos conversar<\/span><\/h2>\n<div class=\"wpb_text_column wpb_content_element \">\n<div class=\"wpb_wrapper\">\n<p style=\"text-align: center\"><strong>Quer saber mais sobre nossos produtos e servi\u00e7os?<\/strong><\/p>\n<\/div>\n<\/div>\n<div class=\"row\"  id=\"row-100050366\">\n\n\t<div id=\"col-487038537\" class=\"col small-12 large-12\"  >\n\t\t\t\t<div class=\"col-inner text-center\"  >\n\t\t\t\n\t\t\t\n<a href=\"https:\/\/fermentis.com\/en\/contact\/\" target=\"_blank\" class=\"button primary box-shadow-1 box-shadow-2-hover\" rel=\"noopener\" >\n\t<i class=\"icon-envelop\" aria-hidden=\"true\"><\/i>\t<span>CONTATE-NOS<\/span>\n\t<\/a>\n\n\t\t<\/div>\n\t\t\t\t\t<\/div>\n\n\t\n<\/div>\n","protected":false},"excerpt":{"rendered":"<p>Vamos conversar Quer saber mais sobre nossos produtos e servi\u00e7os?<\/p>\n","protected":false},"author":2,"featured_media":0,"parent":307104,"menu_order":0,"comment_status":"closed","ping_status":"closed","template":"page-blank.php","meta":{"_acf_changed":false,"footnotes":""},"class_list":["post-475975","page","type-page","status-publish","hentry"],"acf":[],"yoast_head":"<!-- This site is optimized with the Yoast SEO Premium plugin v27.4 (Yoast SEO v27.4) - https:\/\/yoast.com\/product\/yoast-seo-premium-wordpress\/ -->\n<title>Apoiando a criatividade - Fermentis<\/title>\n<meta name=\"description\" content=\"Nossa prioridade \u00e9 apoiar sua criatividade ajudando voc\u00ea a expressar sua inventividade e criatividade. Brinque com as leveduras para dar personalidade aos seus produtos!\" \/>\n<meta name=\"robots\" content=\"index, follow, max-snippet:-1, max-image-preview:large, max-video-preview:-1\" \/>\n<link rel=\"canonical\" href=\"https:\/\/fermentis.com\/pt-br\/our-company\/supporting-creativity\/\" \/>\n<meta property=\"og:locale\" content=\"pt_BR\" \/>\n<meta property=\"og:type\" content=\"article\" \/>\n<meta property=\"og:title\" content=\"Apoiando a criatividade\" \/>\n<meta property=\"og:description\" content=\"Nossa prioridade \u00e9 apoiar sua criatividade ajudando voc\u00ea a expressar sua inventividade e criatividade. Brinque com as leveduras para dar personalidade aos seus produtos!\" \/>\n<meta property=\"og:url\" content=\"https:\/\/fermentis.com\/pt-br\/our-company\/supporting-creativity\/\" \/>\n<meta property=\"og:site_name\" content=\"Fermentis\" \/>\n<meta property=\"article:publisher\" content=\"https:\/\/www.facebook.com\/Fermentis\" \/>\n<meta property=\"article:modified_time\" content=\"2026-04-20T05:23:52+00:00\" \/>\n<meta property=\"og:image\" content=\"https:\/\/fermentis.com\/wp-content\/uploads\/2021\/07\/website-v2.png\" \/>\n\t<meta property=\"og:image:width\" content=\"1903\" \/>\n\t<meta property=\"og:image:height\" content=\"901\" \/>\n\t<meta property=\"og:image:type\" content=\"image\/png\" \/>\n<meta name=\"twitter:card\" content=\"summary_large_image\" \/>\n<meta name=\"twitter:site\" content=\"@fermentis\" \/>\n<meta name=\"twitter:label1\" content=\"Est. tempo de leitura\" \/>\n\t<meta name=\"twitter:data1\" content=\"5 minutos\" \/>\n<script type=\"application\/ld+json\" class=\"yoast-schema-graph\">{\"@context\":\"https:\\\/\\\/schema.org\",\"@graph\":[{\"@type\":\"WebPage\",\"@id\":\"https:\\\/\\\/fermentis.com\\\/pt-br\\\/our-company\\\/supporting-creativity\\\/\",\"url\":\"https:\\\/\\\/fermentis.com\\\/pt-br\\\/our-company\\\/supporting-creativity\\\/\",\"name\":\"Apoiando a criatividade - Fermentis\",\"isPartOf\":{\"@id\":\"https:\\\/\\\/fermentis.com\\\/pt-br\\\/#website\"},\"datePublished\":\"2020-02-17T23:00:00+00:00\",\"dateModified\":\"2026-04-20T05:23:52+00:00\",\"description\":\"Nossa prioridade \u00e9 apoiar sua criatividade ajudando voc\u00ea a expressar sua inventividade e criatividade. Brinque com as leveduras para dar personalidade aos seus produtos!\",\"breadcrumb\":{\"@id\":\"https:\\\/\\\/fermentis.com\\\/pt-br\\\/our-company\\\/supporting-creativity\\\/#breadcrumb\"},\"inLanguage\":\"pt-BR\",\"potentialAction\":[{\"@type\":\"ReadAction\",\"target\":[\"https:\\\/\\\/fermentis.com\\\/pt-br\\\/our-company\\\/supporting-creativity\\\/\"]}]},{\"@type\":\"BreadcrumbList\",\"@id\":\"https:\\\/\\\/fermentis.com\\\/pt-br\\\/our-company\\\/supporting-creativity\\\/#breadcrumb\",\"itemListElement\":[{\"@type\":\"ListItem\",\"position\":1,\"name\":\"Home\",\"item\":\"https:\\\/\\\/fermentis.com\\\/pt-br\\\/\"},{\"@type\":\"ListItem\",\"position\":2,\"name\":\"Nossa empresa\",\"item\":\"https:\\\/\\\/fermentis.com\\\/pt-br\\\/our-company\\\/\"},{\"@type\":\"ListItem\",\"position\":3,\"name\":\"Apoiando a criatividade\"}]},{\"@type\":\"WebSite\",\"@id\":\"https:\\\/\\\/fermentis.com\\\/pt-br\\\/#website\",\"url\":\"https:\\\/\\\/fermentis.com\\\/pt-br\\\/\",\"name\":\"Fermentis\",\"description\":\"Un site utilisant WordPress\",\"publisher\":{\"@id\":\"https:\\\/\\\/fermentis.com\\\/pt-br\\\/#organization\"},\"potentialAction\":[{\"@type\":\"SearchAction\",\"target\":{\"@type\":\"EntryPoint\",\"urlTemplate\":\"https:\\\/\\\/fermentis.com\\\/pt-br\\\/?s={search_term_string}\"},\"query-input\":{\"@type\":\"PropertyValueSpecification\",\"valueRequired\":true,\"valueName\":\"search_term_string\"}}],\"inLanguage\":\"pt-BR\"},{\"@type\":\"Organization\",\"@id\":\"https:\\\/\\\/fermentis.com\\\/pt-br\\\/#organization\",\"name\":\"Fermentis\",\"url\":\"https:\\\/\\\/fermentis.com\\\/pt-br\\\/\",\"logo\":{\"@type\":\"ImageObject\",\"inLanguage\":\"pt-BR\",\"@id\":\"https:\\\/\\\/fermentis.com\\\/pt-br\\\/#\\\/schema\\\/logo\\\/image\\\/\",\"url\":\"https:\\\/\\\/fermentis.com\\\/wp-content\\\/uploads\\\/2021\\\/07\\\/Logo-Fermentis-5.png\",\"contentUrl\":\"https:\\\/\\\/fermentis.com\\\/wp-content\\\/uploads\\\/2021\\\/07\\\/Logo-Fermentis-5.png\",\"width\":308,\"height\":95,\"caption\":\"Fermentis\"},\"image\":{\"@id\":\"https:\\\/\\\/fermentis.com\\\/pt-br\\\/#\\\/schema\\\/logo\\\/image\\\/\"},\"sameAs\":[\"https:\\\/\\\/www.facebook.com\\\/Fermentis\",\"https:\\\/\\\/x.com\\\/fermentis\",\"https:\\\/\\\/www.instagram.com\\\/fermentisbylesaffre\\\/\",\"https:\\\/\\\/www.linkedin.com\\\/company\\\/fermentis\\\/\",\"https:\\\/\\\/www.youtube.com\\\/channel\\\/UCt_Lp3IZnUNXZeqSi6iiAdA\"]}]}<\/script>\n<!-- \/ Yoast SEO Premium plugin. -->","yoast_head_json":{"title":"Apoiando a criatividade - Fermentis","description":"Nossa prioridade \u00e9 apoiar sua criatividade ajudando voc\u00ea a expressar sua inventividade e criatividade. Brinque com as leveduras para dar personalidade aos seus produtos!","robots":{"index":"index","follow":"follow","max-snippet":"max-snippet:-1","max-image-preview":"max-image-preview:large","max-video-preview":"max-video-preview:-1"},"canonical":"https:\/\/fermentis.com\/pt-br\/our-company\/supporting-creativity\/","og_locale":"pt_BR","og_type":"article","og_title":"Apoiando a criatividade","og_description":"Nossa prioridade \u00e9 apoiar sua criatividade ajudando voc\u00ea a expressar sua inventividade e criatividade. Brinque com as leveduras para dar personalidade aos seus produtos!","og_url":"https:\/\/fermentis.com\/pt-br\/our-company\/supporting-creativity\/","og_site_name":"Fermentis","article_publisher":"https:\/\/www.facebook.com\/Fermentis","article_modified_time":"2026-04-20T05:23:52+00:00","og_image":[{"width":1903,"height":901,"url":"https:\/\/fermentis.com\/wp-content\/uploads\/2021\/07\/website-v2.png","type":"image\/png"}],"twitter_card":"summary_large_image","twitter_site":"@fermentis","twitter_misc":{"Est. tempo de leitura":"5 minutos"},"schema":{"@context":"https:\/\/schema.org","@graph":[{"@type":"WebPage","@id":"https:\/\/fermentis.com\/pt-br\/our-company\/supporting-creativity\/","url":"https:\/\/fermentis.com\/pt-br\/our-company\/supporting-creativity\/","name":"Apoiando a criatividade - Fermentis","isPartOf":{"@id":"https:\/\/fermentis.com\/pt-br\/#website"},"datePublished":"2020-02-17T23:00:00+00:00","dateModified":"2026-04-20T05:23:52+00:00","description":"Nossa prioridade \u00e9 apoiar sua criatividade ajudando voc\u00ea a expressar sua inventividade e criatividade. Brinque com as leveduras para dar personalidade aos seus produtos!","breadcrumb":{"@id":"https:\/\/fermentis.com\/pt-br\/our-company\/supporting-creativity\/#breadcrumb"},"inLanguage":"pt-BR","potentialAction":[{"@type":"ReadAction","target":["https:\/\/fermentis.com\/pt-br\/our-company\/supporting-creativity\/"]}]},{"@type":"BreadcrumbList","@id":"https:\/\/fermentis.com\/pt-br\/our-company\/supporting-creativity\/#breadcrumb","itemListElement":[{"@type":"ListItem","position":1,"name":"Home","item":"https:\/\/fermentis.com\/pt-br\/"},{"@type":"ListItem","position":2,"name":"Nossa empresa","item":"https:\/\/fermentis.com\/pt-br\/our-company\/"},{"@type":"ListItem","position":3,"name":"Apoiando a criatividade"}]},{"@type":"WebSite","@id":"https:\/\/fermentis.com\/pt-br\/#website","url":"https:\/\/fermentis.com\/pt-br\/","name":"Fermentis","description":"Un site utilisant WordPress","publisher":{"@id":"https:\/\/fermentis.com\/pt-br\/#organization"},"potentialAction":[{"@type":"SearchAction","target":{"@type":"EntryPoint","urlTemplate":"https:\/\/fermentis.com\/pt-br\/?s={search_term_string}"},"query-input":{"@type":"PropertyValueSpecification","valueRequired":true,"valueName":"search_term_string"}}],"inLanguage":"pt-BR"},{"@type":"Organization","@id":"https:\/\/fermentis.com\/pt-br\/#organization","name":"Fermentis","url":"https:\/\/fermentis.com\/pt-br\/","logo":{"@type":"ImageObject","inLanguage":"pt-BR","@id":"https:\/\/fermentis.com\/pt-br\/#\/schema\/logo\/image\/","url":"https:\/\/fermentis.com\/wp-content\/uploads\/2021\/07\/Logo-Fermentis-5.png","contentUrl":"https:\/\/fermentis.com\/wp-content\/uploads\/2021\/07\/Logo-Fermentis-5.png","width":308,"height":95,"caption":"Fermentis"},"image":{"@id":"https:\/\/fermentis.com\/pt-br\/#\/schema\/logo\/image\/"},"sameAs":["https:\/\/www.facebook.com\/Fermentis","https:\/\/x.com\/fermentis","https:\/\/www.instagram.com\/fermentisbylesaffre\/","https:\/\/www.linkedin.com\/company\/fermentis\/","https:\/\/www.youtube.com\/channel\/UCt_Lp3IZnUNXZeqSi6iiAdA"]}]}},"_links":{"self":[{"href":"https:\/\/fermentis.com\/pt-br\/wp-json\/wp\/v2\/pages\/475975","targetHints":{"allow":["GET"]}}],"collection":[{"href":"https:\/\/fermentis.com\/pt-br\/wp-json\/wp\/v2\/pages"}],"about":[{"href":"https:\/\/fermentis.com\/pt-br\/wp-json\/wp\/v2\/types\/page"}],"author":[{"embeddable":true,"href":"https:\/\/fermentis.com\/pt-br\/wp-json\/wp\/v2\/users\/2"}],"replies":[{"embeddable":true,"href":"https:\/\/fermentis.com\/pt-br\/wp-json\/wp\/v2\/comments?post=475975"}],"version-history":[{"count":1830,"href":"https:\/\/fermentis.com\/pt-br\/wp-json\/wp\/v2\/pages\/475975\/revisions"}],"predecessor-version":[{"id":717879,"href":"https:\/\/fermentis.com\/pt-br\/wp-json\/wp\/v2\/pages\/475975\/revisions\/717879"}],"up":[{"embeddable":true,"href":"https:\/\/fermentis.com\/pt-br\/wp-json\/wp\/v2\/pages\/307104"}],"wp:attachment":[{"href":"https:\/\/fermentis.com\/pt-br\/wp-json\/wp\/v2\/media?parent=475975"}],"curies":[{"name":"wp","href":"https:\/\/api.w.org\/{rel}","templated":true}]}}