{"id":476272,"date":"2020-02-20T00:00:00","date_gmt":"2020-02-19T23:00:00","guid":{"rendered":"https:\/\/fermentis.com\/our-company\/lesaffre-group\/"},"modified":"2026-04-21T01:21:09","modified_gmt":"2026-04-20T23:21:09","slug":"lesaffre-group","status":"publish","type":"page","link":"https:\/\/fermentis.com\/pt-br\/our-company\/lesaffre-group\/","title":{"rendered":"Grupo Lesaffre"},"content":{"rendered":"\n\t<section class=\"section\" id=\"section_574226736\">\n\t\t<div class=\"section-bg fill\" >\n\t\t\t<img loading=\"lazy\" decoding=\"async\" width=\"1940\" height=\"758\" src=\"https:\/\/fermentis.com\/wp-content\/uploads\/2020\/02\/fermentis-corporate-bg.jpg\" class=\"bg attachment- size-\" alt=\"\" \/>\t\t\t\t\t\t<div class=\"section-bg-overlay absolute fill\"><\/div>\n\t\t\t\n\n\t\t<\/div>\n\n\t\t\n\n\t\t<div class=\"section-content relative\">\n\t\t\t\n\n  <div class=\"banner has-hover has-parallax\" id=\"banner-1877927300\">\n          <div class=\"banner-inner fill\">\n        <div class=\"banner-bg fill\" data-parallax=\"-4\" data-parallax-container=\".banner\" data-parallax-background>\n            <img loading=\"lazy\" decoding=\"async\" width=\"1500\" height=\"854\" src=\"https:\/\/fermentis.com\/wp-content\/uploads\/2020\/09\/lesaffre-bg.png\" class=\"bg attachment-original size-original\" alt=\"\" \/>                        <div class=\"overlay\"><\/div>            \n                    <\/div>\n\t\t\n        <div class=\"banner-layers container\">\n            <div class=\"fill banner-link\"><\/div>            \n   <div id=\"text-box-1444707144\" class=\"text-box banner-layer x50 md-x50 lg-x50 y50 md-y50 lg-y50 res-text\">\n                                <div class=\"text-box-content text dark\">\n              \n              <div class=\"text-inner text-center\">\n                  \n\t<div class=\"img has-hover x md-x lg-x y md-y lg-y\" id=\"image_1473640027\">\n\t\t\t\t\t\t\t\t<div class=\"img-inner dark\" >\n\t\t\t<img loading=\"lazy\" decoding=\"async\" width=\"500\" height=\"322\" src=\"https:\/\/fermentis.com\/wp-content\/uploads\/2020\/10\/lesaffre-logo-white.png\" class=\"attachment-large size-large\" alt=\"\" \/>\t\t\t\t\t\t\n\t\t\t\t\t<\/div>\n\t\t\t\t\t\t\t\t\n<style>\n#image_1473640027 {\n  width: 50%;\n}\n<\/style>\n\t<\/div>\n\t\n              <\/div>\n           <\/div>\n                            \n<style>\n#text-box-1444707144 {\n  width: 60%;\n}\n#text-box-1444707144 .text-box-content {\n  font-size: 100%;\n}\n<\/style>\n    <\/div>\n \n        <\/div>\n      <\/div>\n\n            \n<style>\n#banner-1877927300 {\n  padding-top: 300px;\n}\n#banner-1877927300 .overlay {\n  background-color: rgba(0, 0, 0, 0.36);\n}\n#banner-1877927300 .banner-bg img {\n  object-position: 48% 68%;\n}\n<\/style>\n  <\/div>\n\n\n\t\t<\/div>\n\n\t\t\n<style>\n#section_574226736 {\n  padding-top: 0px;\n  padding-bottom: 0px;\n}\n#section_574226736 .section-bg-overlay {\n  background-color: rgba(239, 117, 0, 0.7);\n}\n<\/style>\n\t<\/section>\n\t\n\t<div id=\"gap-166252383\" class=\"gap-element clearfix\" style=\"display:block; height:auto;\">\n\t\t\n<style>\n#gap-166252383 {\n  padding-top: 40px;\n}\n<\/style>\n\t<\/div>\n\t\n<div class=\"row\"  id=\"row-1708437944\">\n\n\t<div id=\"col-1134890486\" class=\"col medium-4 small-12 large-4\"  >\n\t\t\t\t<div class=\"col-inner text-center\"  >\n\t\t\t\n\t\t\t\n\t<div class=\"img has-hover x md-x lg-x y md-y lg-y\" id=\"image_1423986556\">\n\t\t\t\t\t\t\t\t<div class=\"img-inner dark\" >\n\t\t\t<img loading=\"lazy\" decoding=\"async\" width=\"566\" height=\"800\" src=\"https:\/\/fermentis.com\/wp-content\/uploads\/2025\/04\/Key-Figures_vertical_2025_GB-pdf-566x800.jpg\" class=\"attachment-medium size-medium\" alt=\"\" \/>\t\t\t\t\t\t\n\t\t\t\t\t<\/div>\n\t\t\t\t\t\t\t\t\n<style>\n#image_1423986556 {\n  width: 100%;\n}\n<\/style>\n\t<\/div>\n\t\n\t\t<\/div>\n\t\t\t\t\t<\/div>\n\n\t\n\n\t<div id=\"col-53102220\" class=\"col medium-1 small-12 large-1\"  >\n\t\t\t\t<div class=\"col-inner\"  >\n\t\t\t\n\t\t\t\n\t\t<\/div>\n\t\t\t\t\t<\/div>\n\n\t\n\n\t<div id=\"col-2097145253\" class=\"col medium-7 small-12 large-7\"  >\n\t\t\t\t<div class=\"col-inner\"  >\n\t\t\t\n\t\t\t\n\t<div id=\"gap-876975613\" class=\"gap-element clearfix\" style=\"display:block; height:auto;\">\n\t\t\n<style>\n#gap-876975613 {\n  padding-top: 85px;\n}\n<\/style>\n\t<\/div>\n\t\n\t<div id=\"text-3000146491\" class=\"text\">\n\t\t\n<h2 style=\"text-align: left\"><span style=\"font-size: 180%;color: #993300\" data-text-color=\"alert\">Sobre Lesaffre<\/span><\/h2>\n\t\t\n<style>\n#text-3000146491 {\n  text-align: left;\n}\n<\/style>\n\t<\/div>\n\t\n\t<div id=\"gap-1159470000\" class=\"gap-element clearfix\" style=\"display:block; height:auto;\">\n\t\t\n<style>\n#gap-1159470000 {\n  padding-top: &quot;40px&quot;;\n}\n<\/style>\n\t<\/div>\n\t\n<p>L\u00edder global em fermenta\u00e7\u00e3o h\u00e1 mais de um s\u00e9culo, a Lesaffre, com um faturamento de 3 bilh\u00f5es de euros e presente em todos os continentes, conta com 11.000 funcion\u00e1rios de 100 nacionalidades. Com base nessa experi\u00eancia e diversidade, trabalhamos com clientes, parceiros e pesquisadores para encontrar respostas cada vez mais relevantes para as necessidades de alimenta\u00e7\u00e3o, sa\u00fade, naturalidade e respeito ao meio ambiente. Assim, todos os dias, exploramos e revelamos o potencial infinito dos microrganismos.<\/p>\n<p>Alimentar 9 bilh\u00f5es de pessoas de forma saud\u00e1vel em 2050, aproveitando ao m\u00e1ximo os recursos do nosso planeta, \u00e9 um desafio enorme e sem precedentes. Acreditamos que a fermenta\u00e7\u00e3o \u00e9 uma das respostas mais promissoras para esse desafio.<\/p>\n<p><strong>Lesaffre \u2013 Trabalhando juntos para melhor alimentar e proteger o planeta<\/strong><\/p>\n\t\t<\/div>\n\t\t\t\t\t<\/div>\n\n\t\n<\/div>\n<div class=\"row\"  id=\"row-1860023513\">\n\n\t<div id=\"col-815266398\" class=\"col small-12 large-12\"  >\n\t\t\t\t<div class=\"col-inner\"  >\n\t\t\t\n\t\t\t\n<h2 style=\"text-align: center\"><span style=\"font-size: 180%;color: #993300\" data-text-color=\"alert\">O grupo<\/span><\/h2>\n\t\t<\/div>\n\t\t\t\t\t<\/div>\n\n\t\n<\/div>\n\n\t<section class=\"section\" id=\"section_1290894325\">\n\t\t<div class=\"section-bg fill\" >\n\t\t\t\t\t\t\t\t\t\n\t\t\t\n\n\t\t<\/div>\n\n\t\t\n\n\t\t<div class=\"section-content relative\">\n\t\t\t\n<div class=\"row\"  id=\"row-421503117\">\n\n\t<div id=\"col-478687807\" class=\"col medium-6 small-12 large-6\"  >\n\t\t\t\t<div class=\"col-inner\"  >\n\t\t\t\n\t\t\t\n\t<div class=\"img has-hover x md-x lg-x y md-y lg-y\" id=\"image_13814585\">\n\t\t\t\t\t\t\t\t<div class=\"img-inner dark\" >\n\t\t\t<img loading=\"lazy\" decoding=\"async\" width=\"800\" height=\"600\" src=\"https:\/\/fermentis.com\/wp-content\/uploads\/2020\/10\/bread-making.jpg\" class=\"attachment-original size-original\" alt=\"\" srcset=\"https:\/\/fermentis.com\/wp-content\/uploads\/2020\/10\/bread-making.jpg 800w, https:\/\/fermentis.com\/wp-content\/uploads\/2020\/10\/bread-making-768x576.jpg 768w, https:\/\/fermentis.com\/wp-content\/uploads\/2020\/10\/bread-making-600x450.jpg 600w\" sizes=\"auto, (max-width: 800px) 100vw, 800px\" \/>\t\t\t\t\t\t\n\t\t\t\t\t<\/div>\n\t\t\t\t\t\t\t\t\n<style>\n#image_13814585 {\n  width: 100%;\n}\n<\/style>\n\t<\/div>\n\t\n<h3 style=\"text-align: left\">Leveduras e solu\u00e7\u00f5es para panifica\u00e7\u00e3o<\/h3>\n<p style=\"text-align: left\">Nosso dom\u00ednio do processo de fermenta\u00e7\u00e3o se reflete em nossas linhas de leveduras e solu\u00e7\u00f5es para panifica\u00e7\u00e3o, bem como em tecnologias e servi\u00e7os dedicados a profissionais ao longo da cadeia de valor. Sem mencionar o suporte t\u00e9cnico oferecido por nossa rede de Baking Center\u2122.<\/p>\n<p style=\"text-align: left\">\u2022 <a href=\"https:\/\/saf-instant.com\/\" target=\"_blank\" rel=\"noopener noreferrer\">Saf Instant<\/a><br \/>\n\u2022 <a href=\"https:\/\/www.livendo-lesaffre.com\/\" target=\"_blank\" rel=\"noopener noreferrer\">Livendo<\/a><br \/>\n\u2022 <a href=\"https:\/\/lhirondelle-lesaffre.com\/fr\/\" target=\"_blank\" rel=\"noopener noreferrer\">L&#039;hirondelle<\/a><\/p>\n\t\t<\/div>\n\t\t\t\t\t<\/div>\n\n\t\n\n\t<div id=\"col-403447399\" class=\"col medium-6 small-12 large-6\"  >\n\t\t\t\t<div class=\"col-inner\"  >\n\t\t\t\n\t\t\t\n\t<div class=\"img has-hover x md-x lg-x y md-y lg-y\" id=\"image_1649112410\">\n\t\t\t\t\t\t\t\t<div class=\"img-inner dark\" >\n\t\t\t<img loading=\"lazy\" decoding=\"async\" width=\"800\" height=\"600\" src=\"https:\/\/fermentis.com\/wp-content\/uploads\/2020\/10\/taste-pleasure.jpg\" class=\"attachment-large size-large\" alt=\"\" srcset=\"https:\/\/fermentis.com\/wp-content\/uploads\/2020\/10\/taste-pleasure.jpg 800w, https:\/\/fermentis.com\/wp-content\/uploads\/2020\/10\/taste-pleasure-768x576.jpg 768w, https:\/\/fermentis.com\/wp-content\/uploads\/2020\/10\/taste-pleasure-600x450.jpg 600w\" sizes=\"auto, (max-width: 800px) 100vw, 800px\" \/>\t\t\t\t\t\t\n\t\t\t\t\t<\/div>\n\t\t\t\t\t\t\t\t\n<style>\n#image_1649112410 {\n  width: 100%;\n}\n<\/style>\n\t<\/div>\n\t\n<h3 style=\"text-align: left\">Sabor e prazer na alimenta\u00e7\u00e3o<\/h3>\n<p style=\"text-align: left\">As leveduras tamb\u00e9m desempenham um papel fundamental no mundo do sabor e do prazer na alimenta\u00e7\u00e3o.<br \/>\nA Lesaffre inova desenvolvendo mol\u00e9culas de sabor natural, extratos de levedura que otimizam as qualidades nutricionais, sensoriais e de sabor, e solu\u00e7\u00f5es de fermenta\u00e7\u00e3o alco\u00f3lica para fabricantes de cervejas, vinhos e destilados.<\/p>\n<p style=\"text-align: left\">\u2022 <a href=\"https:\/\/www.biospringer.com\/\" target=\"_blank\" rel=\"noopener noreferrer\">Biospringer<\/a><br \/>\n\u2022 <a href=\"https:\/\/fermentis.com\/\" target=\"_blank\" rel=\"noopener noreferrer\">Fermentis<\/a><br \/>\n\u2022 <a href=\"https:\/\/www.ennolys.fr\/\" target=\"_blank\" rel=\"noopener noreferrer\">Ennolys<\/a><\/p>\n\t\t<\/div>\n\t\t\t\t\t<\/div>\n\n\t\n<\/div>\n<div class=\"row\"  id=\"row-1068670423\">\n\n\t<div id=\"col-1516922438\" class=\"col medium-6 small-12 large-6\"  >\n\t\t\t\t<div class=\"col-inner\"  >\n\t\t\t\n\t\t\t\n\t<div class=\"img has-hover x md-x lg-x y md-y lg-y\" id=\"image_588716675\">\n\t\t\t\t\t\t\t\t<div class=\"img-inner dark\" >\n\t\t\t<img loading=\"lazy\" decoding=\"async\" width=\"800\" height=\"600\" src=\"https:\/\/fermentis.com\/wp-content\/uploads\/2020\/10\/healthcare.jpg\" class=\"attachment-original size-original\" alt=\"\" srcset=\"https:\/\/fermentis.com\/wp-content\/uploads\/2020\/10\/healthcare.jpg 800w, https:\/\/fermentis.com\/wp-content\/uploads\/2020\/10\/healthcare-768x576.jpg 768w, https:\/\/fermentis.com\/wp-content\/uploads\/2020\/10\/healthcare-600x450.jpg 600w\" sizes=\"auto, (max-width: 800px) 100vw, 800px\" \/>\t\t\t\t\t\t\n\t\t\t\t\t<\/div>\n\t\t\t\t\t\t\t\t\n<style>\n#image_588716675 {\n  width: 100%;\n}\n<\/style>\n\t<\/div>\n\t\n<h3 style=\"text-align: left\">Na \u00e1rea da sa\u00fade<\/h3>\n<p style=\"text-align: left\">a Lesaffre sempre teve como objetivo o bem-estar dos seres vivos e contribuir para uma melhor alimenta\u00e7\u00e3o e cuidados com a popula\u00e7\u00e3o global, protegendo o meio ambiente.<br \/>\nSa\u00fade e nutri\u00e7\u00e3o humana, sa\u00fade e nutri\u00e7\u00e3o animal e nutri\u00e7\u00e3o vegetal s\u00e3o \u00e1reas de desenvolvimento estrat\u00e9gico para o nosso grupo.<\/p>\n<p style=\"text-align: left\">\u2022 <a href=\"https:\/\/www.phileo-lesaffre.com\/\" target=\"_blank\" rel=\"noopener noreferrer\">Phileo<\/a><br \/>\n\u2022 <a href=\"https:\/\/www.lesaffre.com\/health-care\/gnosis\/\" target=\"_blank\" rel=\"noopener noreferrer\">Gnosis<\/a><br \/>\n\u2022 <a href=\"https:\/\/www.lesaffre.com\/health-care\/agrauxine\/\" target=\"_blank\" rel=\"noopener noreferrer\">Agrauxine<\/a><\/p>\n\t\t<\/div>\n\t\t\t\t\t<\/div>\n\n\t\n\n\t<div id=\"col-773462705\" class=\"col medium-6 small-12 large-6\"  >\n\t\t\t\t<div class=\"col-inner\"  >\n\t\t\t\n\t\t\t\n\t<div class=\"img has-hover x md-x lg-x y md-y lg-y\" id=\"image_85251880\">\n\t\t\t\t\t\t\t\t<div class=\"img-inner dark\" >\n\t\t\t<img loading=\"lazy\" decoding=\"async\" width=\"800\" height=\"600\" src=\"https:\/\/fermentis.com\/wp-content\/uploads\/2020\/10\/bio-diesel.jpg\" class=\"attachment-large size-large\" alt=\"\" srcset=\"https:\/\/fermentis.com\/wp-content\/uploads\/2020\/10\/bio-diesel.jpg 800w, https:\/\/fermentis.com\/wp-content\/uploads\/2020\/10\/bio-diesel-768x576.jpg 768w, https:\/\/fermentis.com\/wp-content\/uploads\/2020\/10\/bio-diesel-600x450.jpg 600w\" sizes=\"auto, (max-width: 800px) 100vw, 800px\" \/>\t\t\t\t\t\t\n\t\t\t\t\t<\/div>\n\t\t\t\t\t\t\t\t\n<style>\n#image_85251880 {\n  width: 100%;\n}\n<\/style>\n\t<\/div>\n\t\n<h3 style=\"text-align: left\">Biotecnologias<\/h3>\n<p style=\"text-align: left\">No campo das biotecnologias, a Lesaffre desenvolve nutrientes celulares eficientes reservados para a cria\u00e7\u00e3o de novas mol\u00e9culas que beneficiam humanos e animais. Nosso grupo tamb\u00e9m auxilia na cria\u00e7\u00e3o de cepas de levedura prop\u00edcias ao desenvolvimento de bioetanol de 1<sup>\u00aa<\/sup> e 2<sup>\u00aa<\/sup> gera\u00e7\u00e3o. Com o intuito de promover uma economia sustent\u00e1vel, nosso grupo atua igualmente em conjunto com as ind\u00fastrias de qu\u00edmica de origem biol\u00f3gica.<\/p>\n<p style=\"text-align: left\">\u2022 <a href=\"https:\/\/www.procelys.com\/\" target=\"_blank\" rel=\"noopener noreferrer\">Procelys<\/a><br \/>\n\u2022 <a href=\"https:\/\/www.lesaffreadvancedfermentations.com\/\" target=\"_blank\" rel=\"noopener noreferrer\">Leaf<\/a><br \/>\n\u2022 <a href=\"https:\/\/www.lesaffre-ingredients-services.fr\/\" target=\"_blank\" rel=\"noopener noreferrer\">LIS<\/a><\/p>\n\t\t<\/div>\n\t\t\t\t\t<\/div>\n\n\t\n<\/div>\n\t\t<\/div>\n\n\t\t\n<style>\n#section_1290894325 {\n  padding-top: 0px;\n  padding-bottom: 0px;\n}\n@media (min-width:550px) {\n  #section_1290894325 {\n    padding-top: 50px;\n    padding-bottom: 50px;\n  }\n}\n<\/style>\n\t<\/section>\n\t\n\n\t<section class=\"section\" id=\"section_1132447570\">\n\t\t<div class=\"section-bg fill\" >\n\t\t\t\t\t\t\t\t\t\n\t\t\t\n\n\t\t<\/div>\n\n\t\t\n\n\t\t<div class=\"section-content relative\">\n\t\t\t\n\n  \n    <div class=\"row large-columns-3 medium-columns-1 small-columns-1 slider row-slider slider-nav-reveal slider-nav-push\"  data-flickity-options='{&quot;imagesLoaded&quot;: true, &quot;groupCells&quot;: &quot;100%&quot;, &quot;dragThreshold&quot; : 5, &quot;cellAlign&quot;: &quot;left&quot;,&quot;wrapAround&quot;: true,&quot;prevNextButtons&quot;: true,&quot;percentPosition&quot;: true,&quot;pageDots&quot;: false, &quot;rightToLeft&quot;: false, &quot;autoPlay&quot; : false}' >\n\n  <\/div>\n<div class=\"row\"  id=\"row-12536634\">\n\n\t<div id=\"col-1338302907\" class=\"col small-12 large-12\"  >\n\t\t\t\t<div class=\"col-inner\"  >\n\t\t\t\n\t\t\t\n<h2 style=\"text-align: center\"><span style=\"font-size: 180%;color: #ef7500\">Vamos conversar<\/span><\/h2>\n<p style=\"text-align: center\"><strong>Quer saber mais sobre nossos produtos e servi\u00e7os?<\/strong><\/p>\n\t\t<\/div>\n\t\t\t\t\t<\/div>\n\n\t\n\n\t<div id=\"col-857050159\" class=\"col small-12 large-12\"  >\n\t\t\t\t<div class=\"col-inner text-center\"  >\n\t\t\t\n\t\t\t\n<a href=\"https:\/\/fermentis.com\/en\/contact\/\" class=\"button primary box-shadow-1 box-shadow-2-hover\" >\n\t<i class=\"icon-envelop\" aria-hidden=\"true\"><\/i>\t<span>CONTATE-NOS<\/span>\n\t<\/a>\n\n\t\t<\/div>\n\t\t\t\t\t<\/div>\n\n\t\n<\/div>\n\t\t<\/div>\n\n\t\t\n<style>\n#section_1132447570 {\n  padding-top: 0px;\n  padding-bottom: 0px;\n}\n@media (min-width:550px) {\n  #section_1132447570 {\n    padding-top: 45px;\n    padding-bottom: 45px;\n  }\n}\n<\/style>\n\t<\/section>\n\t\n","protected":false},"excerpt":{"rendered":"","protected":false},"author":2,"featured_media":0,"parent":307104,"menu_order":0,"comment_status":"closed","ping_status":"closed","template":"page-blank.php","meta":{"_acf_changed":false,"footnotes":""},"class_list":["post-476272","page","type-page","status-publish","hentry"],"acf":[],"yoast_head":"<!-- This site is optimized with the Yoast SEO Premium plugin v27.4 (Yoast SEO v27.4) - https:\/\/yoast.com\/product\/yoast-seo-premium-wordpress\/ -->\n<title>Grupo Lesaffre - Fermentis<\/title>\n<meta name=\"description\" content=\"O grupo Lesaffre, importante player global em fermenta\u00e7\u00e3o, tem como objetivo servir melhor o mundo em termos de alimenta\u00e7\u00e3o, sa\u00fade e respeito ao meio ambiente, por meio de sua expertise na explora\u00e7\u00e3o do m\u00e1ximo de microrganismos.\" \/>\n<meta name=\"robots\" content=\"index, follow, max-snippet:-1, max-image-preview:large, max-video-preview:-1\" \/>\n<link rel=\"canonical\" href=\"https:\/\/fermentis.com\/pt-br\/our-company\/lesaffre-group\/\" \/>\n<meta property=\"og:locale\" content=\"pt_BR\" \/>\n<meta property=\"og:type\" content=\"article\" \/>\n<meta property=\"og:title\" content=\"Grupo Lesaffre\" \/>\n<meta property=\"og:description\" content=\"O grupo Lesaffre, importante player global em fermenta\u00e7\u00e3o, tem como objetivo servir melhor o mundo em termos de alimenta\u00e7\u00e3o, sa\u00fade e respeito ao meio ambiente, por meio de sua expertise na explora\u00e7\u00e3o do m\u00e1ximo de microrganismos.\" \/>\n<meta property=\"og:url\" content=\"https:\/\/fermentis.com\/pt-br\/our-company\/lesaffre-group\/\" \/>\n<meta property=\"og:site_name\" content=\"Fermentis\" \/>\n<meta property=\"article:publisher\" content=\"https:\/\/www.facebook.com\/Fermentis\" \/>\n<meta property=\"article:modified_time\" content=\"2026-04-20T23:21:09+00:00\" \/>\n<meta property=\"og:image\" content=\"https:\/\/fermentis.com\/wp-content\/uploads\/2021\/07\/website-v2.png\" \/>\n\t<meta property=\"og:image:width\" content=\"1903\" \/>\n\t<meta property=\"og:image:height\" content=\"901\" \/>\n\t<meta property=\"og:image:type\" content=\"image\/png\" \/>\n<meta name=\"twitter:card\" content=\"summary_large_image\" \/>\n<meta name=\"twitter:site\" content=\"@fermentis\" \/>\n<meta name=\"twitter:label1\" content=\"Est. tempo de leitura\" \/>\n\t<meta name=\"twitter:data1\" content=\"3 minutos\" \/>\n<script type=\"application\/ld+json\" class=\"yoast-schema-graph\">{\"@context\":\"https:\\\/\\\/schema.org\",\"@graph\":[{\"@type\":\"WebPage\",\"@id\":\"https:\\\/\\\/fermentis.com\\\/pt-br\\\/our-company\\\/lesaffre-group\\\/\",\"url\":\"https:\\\/\\\/fermentis.com\\\/pt-br\\\/our-company\\\/lesaffre-group\\\/\",\"name\":\"Grupo Lesaffre - Fermentis\",\"isPartOf\":{\"@id\":\"https:\\\/\\\/fermentis.com\\\/pt-br\\\/#website\"},\"datePublished\":\"2020-02-19T23:00:00+00:00\",\"dateModified\":\"2026-04-20T23:21:09+00:00\",\"description\":\"O grupo Lesaffre, importante player global em fermenta\u00e7\u00e3o, tem como objetivo servir melhor o mundo em termos de alimenta\u00e7\u00e3o, sa\u00fade e respeito ao meio ambiente, por meio de sua expertise na explora\u00e7\u00e3o do m\u00e1ximo de microrganismos.\",\"breadcrumb\":{\"@id\":\"https:\\\/\\\/fermentis.com\\\/pt-br\\\/our-company\\\/lesaffre-group\\\/#breadcrumb\"},\"inLanguage\":\"pt-BR\",\"potentialAction\":[{\"@type\":\"ReadAction\",\"target\":[\"https:\\\/\\\/fermentis.com\\\/pt-br\\\/our-company\\\/lesaffre-group\\\/\"]}]},{\"@type\":\"BreadcrumbList\",\"@id\":\"https:\\\/\\\/fermentis.com\\\/pt-br\\\/our-company\\\/lesaffre-group\\\/#breadcrumb\",\"itemListElement\":[{\"@type\":\"ListItem\",\"position\":1,\"name\":\"Home\",\"item\":\"https:\\\/\\\/fermentis.com\\\/pt-br\\\/\"},{\"@type\":\"ListItem\",\"position\":2,\"name\":\"Nossa empresa\",\"item\":\"https:\\\/\\\/fermentis.com\\\/pt-br\\\/our-company\\\/\"},{\"@type\":\"ListItem\",\"position\":3,\"name\":\"Grupo Lesaffre\"}]},{\"@type\":\"WebSite\",\"@id\":\"https:\\\/\\\/fermentis.com\\\/pt-br\\\/#website\",\"url\":\"https:\\\/\\\/fermentis.com\\\/pt-br\\\/\",\"name\":\"Fermentis\",\"description\":\"Un site utilisant WordPress\",\"publisher\":{\"@id\":\"https:\\\/\\\/fermentis.com\\\/pt-br\\\/#organization\"},\"potentialAction\":[{\"@type\":\"SearchAction\",\"target\":{\"@type\":\"EntryPoint\",\"urlTemplate\":\"https:\\\/\\\/fermentis.com\\\/pt-br\\\/?s={search_term_string}\"},\"query-input\":{\"@type\":\"PropertyValueSpecification\",\"valueRequired\":true,\"valueName\":\"search_term_string\"}}],\"inLanguage\":\"pt-BR\"},{\"@type\":\"Organization\",\"@id\":\"https:\\\/\\\/fermentis.com\\\/pt-br\\\/#organization\",\"name\":\"Fermentis\",\"url\":\"https:\\\/\\\/fermentis.com\\\/pt-br\\\/\",\"logo\":{\"@type\":\"ImageObject\",\"inLanguage\":\"pt-BR\",\"@id\":\"https:\\\/\\\/fermentis.com\\\/pt-br\\\/#\\\/schema\\\/logo\\\/image\\\/\",\"url\":\"https:\\\/\\\/fermentis.com\\\/wp-content\\\/uploads\\\/2021\\\/07\\\/Logo-Fermentis-5.png\",\"contentUrl\":\"https:\\\/\\\/fermentis.com\\\/wp-content\\\/uploads\\\/2021\\\/07\\\/Logo-Fermentis-5.png\",\"width\":308,\"height\":95,\"caption\":\"Fermentis\"},\"image\":{\"@id\":\"https:\\\/\\\/fermentis.com\\\/pt-br\\\/#\\\/schema\\\/logo\\\/image\\\/\"},\"sameAs\":[\"https:\\\/\\\/www.facebook.com\\\/Fermentis\",\"https:\\\/\\\/x.com\\\/fermentis\",\"https:\\\/\\\/www.instagram.com\\\/fermentisbylesaffre\\\/\",\"https:\\\/\\\/www.linkedin.com\\\/company\\\/fermentis\\\/\",\"https:\\\/\\\/www.youtube.com\\\/channel\\\/UCt_Lp3IZnUNXZeqSi6iiAdA\"]}]}<\/script>\n<!-- \/ Yoast SEO Premium plugin. -->","yoast_head_json":{"title":"Grupo Lesaffre - Fermentis","description":"O grupo Lesaffre, importante player global em fermenta\u00e7\u00e3o, tem como objetivo servir melhor o mundo em termos de alimenta\u00e7\u00e3o, sa\u00fade e respeito ao meio ambiente, por meio de sua expertise na explora\u00e7\u00e3o do m\u00e1ximo de microrganismos.","robots":{"index":"index","follow":"follow","max-snippet":"max-snippet:-1","max-image-preview":"max-image-preview:large","max-video-preview":"max-video-preview:-1"},"canonical":"https:\/\/fermentis.com\/pt-br\/our-company\/lesaffre-group\/","og_locale":"pt_BR","og_type":"article","og_title":"Grupo Lesaffre","og_description":"O grupo Lesaffre, importante player global em fermenta\u00e7\u00e3o, tem como objetivo servir melhor o mundo em termos de alimenta\u00e7\u00e3o, sa\u00fade e respeito ao meio ambiente, por meio de sua expertise na explora\u00e7\u00e3o do m\u00e1ximo de microrganismos.","og_url":"https:\/\/fermentis.com\/pt-br\/our-company\/lesaffre-group\/","og_site_name":"Fermentis","article_publisher":"https:\/\/www.facebook.com\/Fermentis","article_modified_time":"2026-04-20T23:21:09+00:00","og_image":[{"width":1903,"height":901,"url":"https:\/\/fermentis.com\/wp-content\/uploads\/2021\/07\/website-v2.png","type":"image\/png"}],"twitter_card":"summary_large_image","twitter_site":"@fermentis","twitter_misc":{"Est. tempo de leitura":"3 minutos"},"schema":{"@context":"https:\/\/schema.org","@graph":[{"@type":"WebPage","@id":"https:\/\/fermentis.com\/pt-br\/our-company\/lesaffre-group\/","url":"https:\/\/fermentis.com\/pt-br\/our-company\/lesaffre-group\/","name":"Grupo Lesaffre - Fermentis","isPartOf":{"@id":"https:\/\/fermentis.com\/pt-br\/#website"},"datePublished":"2020-02-19T23:00:00+00:00","dateModified":"2026-04-20T23:21:09+00:00","description":"O grupo Lesaffre, importante player global em fermenta\u00e7\u00e3o, tem como objetivo servir melhor o mundo em termos de alimenta\u00e7\u00e3o, sa\u00fade e respeito ao meio ambiente, por meio de sua expertise na explora\u00e7\u00e3o do m\u00e1ximo de microrganismos.","breadcrumb":{"@id":"https:\/\/fermentis.com\/pt-br\/our-company\/lesaffre-group\/#breadcrumb"},"inLanguage":"pt-BR","potentialAction":[{"@type":"ReadAction","target":["https:\/\/fermentis.com\/pt-br\/our-company\/lesaffre-group\/"]}]},{"@type":"BreadcrumbList","@id":"https:\/\/fermentis.com\/pt-br\/our-company\/lesaffre-group\/#breadcrumb","itemListElement":[{"@type":"ListItem","position":1,"name":"Home","item":"https:\/\/fermentis.com\/pt-br\/"},{"@type":"ListItem","position":2,"name":"Nossa empresa","item":"https:\/\/fermentis.com\/pt-br\/our-company\/"},{"@type":"ListItem","position":3,"name":"Grupo Lesaffre"}]},{"@type":"WebSite","@id":"https:\/\/fermentis.com\/pt-br\/#website","url":"https:\/\/fermentis.com\/pt-br\/","name":"Fermentis","description":"Un site utilisant WordPress","publisher":{"@id":"https:\/\/fermentis.com\/pt-br\/#organization"},"potentialAction":[{"@type":"SearchAction","target":{"@type":"EntryPoint","urlTemplate":"https:\/\/fermentis.com\/pt-br\/?s={search_term_string}"},"query-input":{"@type":"PropertyValueSpecification","valueRequired":true,"valueName":"search_term_string"}}],"inLanguage":"pt-BR"},{"@type":"Organization","@id":"https:\/\/fermentis.com\/pt-br\/#organization","name":"Fermentis","url":"https:\/\/fermentis.com\/pt-br\/","logo":{"@type":"ImageObject","inLanguage":"pt-BR","@id":"https:\/\/fermentis.com\/pt-br\/#\/schema\/logo\/image\/","url":"https:\/\/fermentis.com\/wp-content\/uploads\/2021\/07\/Logo-Fermentis-5.png","contentUrl":"https:\/\/fermentis.com\/wp-content\/uploads\/2021\/07\/Logo-Fermentis-5.png","width":308,"height":95,"caption":"Fermentis"},"image":{"@id":"https:\/\/fermentis.com\/pt-br\/#\/schema\/logo\/image\/"},"sameAs":["https:\/\/www.facebook.com\/Fermentis","https:\/\/x.com\/fermentis","https:\/\/www.instagram.com\/fermentisbylesaffre\/","https:\/\/www.linkedin.com\/company\/fermentis\/","https:\/\/www.youtube.com\/channel\/UCt_Lp3IZnUNXZeqSi6iiAdA"]}]}},"_links":{"self":[{"href":"https:\/\/fermentis.com\/pt-br\/wp-json\/wp\/v2\/pages\/476272","targetHints":{"allow":["GET"]}}],"collection":[{"href":"https:\/\/fermentis.com\/pt-br\/wp-json\/wp\/v2\/pages"}],"about":[{"href":"https:\/\/fermentis.com\/pt-br\/wp-json\/wp\/v2\/types\/page"}],"author":[{"embeddable":true,"href":"https:\/\/fermentis.com\/pt-br\/wp-json\/wp\/v2\/users\/2"}],"replies":[{"embeddable":true,"href":"https:\/\/fermentis.com\/pt-br\/wp-json\/wp\/v2\/comments?post=476272"}],"version-history":[{"count":890,"href":"https:\/\/fermentis.com\/pt-br\/wp-json\/wp\/v2\/pages\/476272\/revisions"}],"predecessor-version":[{"id":718981,"href":"https:\/\/fermentis.com\/pt-br\/wp-json\/wp\/v2\/pages\/476272\/revisions\/718981"}],"up":[{"embeddable":true,"href":"https:\/\/fermentis.com\/pt-br\/wp-json\/wp\/v2\/pages\/307104"}],"wp:attachment":[{"href":"https:\/\/fermentis.com\/pt-br\/wp-json\/wp\/v2\/media?parent=476272"}],"curies":[{"name":"wp","href":"https:\/\/api.w.org\/{rel}","templated":true}]}}