{"id":509747,"date":"2020-02-20T00:00:00","date_gmt":"2020-02-19T23:00:00","guid":{"rendered":"https:\/\/fermentis.com\/product-characterisation\/"},"modified":"2026-04-13T21:31:48","modified_gmt":"2026-04-13T19:31:48","slug":"product-characterisation","status":"publish","type":"page","link":"https:\/\/fermentis.com\/pt-br\/our-company\/research\/product-characterisation\/","title":{"rendered":"Caracteriza\u00e7\u00e3o do produto"},"content":{"rendered":"\n  <div class=\"banner has-hover has-parallax\" id=\"banner-2035218067\">\n          <div class=\"banner-inner fill\">\n        <div class=\"banner-bg fill\" data-parallax=\"-6\" data-parallax-container=\".banner\" data-parallax-background>\n            <img loading=\"lazy\" decoding=\"async\" width=\"1000\" height=\"750\" src=\"https:\/\/fermentis.com\/wp-content\/uploads\/2020\/02\/characterisation-tasting.jpg\" class=\"bg attachment-original size-original\" alt=\"\" \/>                                    \n                    <\/div>\n\t\t\n        <div class=\"banner-layers container\">\n            <div class=\"fill banner-link\"><\/div>            \n        <\/div>\n      <\/div>\n\n            \n<style>\n#banner-2035218067 {\n  padding-top: 200px;\n}\n#banner-2035218067 .banner-bg img {\n  object-position: 54% 37%;\n}\n<\/style>\n  <\/div>\n\n\n\n\t<section class=\"section\" id=\"section_1107791074\">\n\t\t<div class=\"section-bg fill\" >\n\t\t\t\t\t\t\t\t\t\n\t\t\t\n\n\t\t<\/div>\n\n\t\t\n\n\t\t<div class=\"section-content relative\">\n\t\t\t\n\t<div id=\"gap-245883362\" class=\"gap-element clearfix\" style=\"display:block; height:auto;\">\n\t\t\n<style>\n#gap-245883362 {\n  padding-top: 40px;\n}\n<\/style>\n\t<\/div>\n\t\n<div class=\"row row-small\"  id=\"row-2087020884\">\n\n\t<div id=\"col-2000724113\" class=\"col small-12 large-12\"  >\n\t\t\t\t<div class=\"col-inner\"  >\n\t\t\t\n\t\t\t\n<div class=\"container section-title-container\" ><h1 class=\"section-title section-title-center\"><b aria-hidden=\"true\"><\/b><span class=\"section-title-main\" style=\"font-size:159%;\">Caracteriza\u00e7\u00e3o do produto<\/span><b aria-hidden=\"true\"><\/b><\/h1><\/div>\n\t\t<\/div>\n\t\t\t\t\t<\/div>\n\n\t\n<\/div>\n\t\t<\/div>\n\n\t\t\n<style>\n#section_1107791074 {\n  padding-top: 0px;\n  padding-bottom: 0px;\n}\n<\/style>\n\t<\/section>\n\t\n\n\t<section class=\"section\" id=\"section_1600592314\">\n\t\t<div class=\"section-bg fill\" >\n\t\t\t\t\t\t\t\t\t\n\t\t\t\n\n\t\t<\/div>\n\n\t\t\n\n\t\t<div class=\"section-content relative\">\n\t\t\t\n<div class=\"row row-large\"  id=\"row-662720848\">\n\n\t<div id=\"col-37442083\" class=\"col medium-5 small-12 large-5\"  >\n\t\t\t\t<div class=\"col-inner text-left\"  >\n\t\t\t\n\t\t\t\n<p>A caracteriza\u00e7\u00e3o de produtos \u00e9 provavelmente a atividade mais demorada gerenciada pela equipe de P&amp;D da Fermentis. \u00c9 feito para todas as bebidas fermentadas e a quantidade de trabalho necess\u00e1rio \u00e9 extensa.<\/p>\n<p>Os fundamentos da caracteriza\u00e7\u00e3o de produtos consistem em entender como diferentes vari\u00e1veis interagem e influenciam umas \u00e0s outras. Na Fermentis, estamos mais especificamente interessados em como nossas leveduras e derivados de levedura reagir\u00e3o em diferentes situa\u00e7\u00f5es.<\/p>\n<p><span style=\"font-size: 120%\"><strong>Gerando diferentes situa\u00e7\u00f5es<\/strong><\/span><\/p>\n<p>Para criar um grande n\u00famero de diferentes situa\u00e7\u00f5es, assim como as que um cervejeiro ou um en\u00f3logo podem enfrentar durante o curso de seu trabalho, criamos milhares de varia\u00e7\u00f5es de cerveja e vinho, alterando as condi\u00e7\u00f5es iniciais (mosto ou mosto de uva, variedade de uva ou malte, adi\u00e7\u00f5es de l\u00fapulo etc), mudando a cepa de levedura, alterando as condi\u00e7\u00f5es de fermenta\u00e7\u00e3o (temperatura, taxa de inocula\u00e7\u00e3o etc) e, \u00e0s vezes, alterando os derivados de levedura (adicionando auxiliares de fermenta\u00e7\u00e3o etc).<\/p>\n<p>Um exemplo simples, usando 3 condi\u00e7\u00f5es iniciais diferentes, 3 cepas de levedura, 3 condi\u00e7\u00f5es e 3 derivados, fornece 81 combina\u00e7\u00f5es diferentes.<\/p>\n<p><span style=\"font-size: 120%\"><strong>Caracteriza\u00e7\u00e3o t\u00e9cnica e sensorial<\/strong><\/span><\/p>\n<p>Para uma caracteriza\u00e7\u00e3o completa, cada combina\u00e7\u00e3o precisa ser analisada individualmente, observando tanto as m\u00e9tricas de desempenho da fermenta\u00e7\u00e3o quanto os resultados sensoriais, o que implica em medi\u00e7\u00f5es t\u00e9cnicas e cient\u00edficas, bem como em sess\u00f5es de degusta\u00e7\u00e3o.<\/p>\n<p>A caracteriza\u00e7\u00e3o t\u00e9cnica analisar\u00e1 m\u00e9tricas como ABV e atenua\u00e7\u00e3o (e mais, \u00e9 claro), enquanto a caracteriza\u00e7\u00e3o sensorial examina componentes de sabor e gosto (sabores frutados, amargor na cerveja&#8230;).<\/p>\n<p><span style=\"font-size: 120%\"><strong>Compila\u00e7\u00e3o e an\u00e1lise de dados<\/strong><\/span><\/p>\n<p>Uma vez que todos os dados s\u00e3o coletados e combinados em um banco de dados, estudos cient\u00edficos e estat\u00edsticos s\u00e3o realizados para comparar e analisar as diferentes situa\u00e7\u00f5es, a fim de identificar tend\u00eancias de comportamento e maneiras espec\u00edficas de aprimorar sabores sensoriais ou melhorar o desempenho da fermenta\u00e7\u00e3o.<\/p>\n<p>Isso pode, por sua vez, ser escrito na forma de artigos t\u00e9cnicos, ser publicado e revelado em eventos da Fermentis Academy e ser usado para aplica\u00e7\u00f5es pr\u00e1ticas para melhorar nossos produtos e servi\u00e7os.<\/p>\n\t\t<\/div>\n\t\t\t\t\t<\/div>\n\n\t\n\n\t<div id=\"col-218905492\" class=\"col medium-7 small-12 large-7\"  >\n\t\t\t\t<div class=\"col-inner text-center\"  >\n\t\t\t\n\t\t\t\n<div class=\"container section-title-container\" ><h3 class=\"section-title section-title-center\"><b aria-hidden=\"true\"><\/b><span class=\"section-title-main\" >Compreendendo a caracteriza\u00e7\u00e3o<\/span><b aria-hidden=\"true\"><\/b><\/h3><\/div>\n<p>Um exemplo no segmento de vinhos.<\/p>\n\t<div class=\"img has-hover x md-x lg-x y md-y lg-y\" id=\"image_877686795\">\n\t\t\t\t\t\t\t\t<div class=\"img-inner dark\" >\n\t\t\t<img loading=\"lazy\" decoding=\"async\" width=\"880\" height=\"1024\" src=\"https:\/\/fermentis.com\/wp-content\/uploads\/2021\/06\/characterisation-explained-880x1024.png\" class=\"attachment-large size-large\" alt=\"infography : from yeast strains to wine sensory characterisations\" srcset=\"https:\/\/fermentis.com\/wp-content\/uploads\/2021\/06\/characterisation-explained-880x1024.png 880w, https:\/\/fermentis.com\/wp-content\/uploads\/2021\/06\/characterisation-explained-688x800.png 688w, https:\/\/fermentis.com\/wp-content\/uploads\/2021\/06\/characterisation-explained-768x893.png 768w, https:\/\/fermentis.com\/wp-content\/uploads\/2021\/06\/characterisation-explained-1320x1536.png 1320w, https:\/\/fermentis.com\/wp-content\/uploads\/2021\/06\/characterisation-explained-600x698.png 600w, https:\/\/fermentis.com\/wp-content\/uploads\/2021\/06\/characterisation-explained.png 1451w\" sizes=\"auto, (max-width: 880px) 100vw, 880px\" \/>\t\t\t\t\t\t\n\t\t\t\t\t<\/div>\n\t\t\t\t\t\t\t\t\n<style>\n#image_877686795 {\n  width: 100%;\n}\n<\/style>\n\t<\/div>\n\t\n\t\t<\/div>\n\t\t\t\t\t<\/div>\n\n\t\n<\/div>\n\t\t<\/div>\n\n\t\t\n<style>\n#section_1600592314 {\n  padding-top: 30px;\n  padding-bottom: 30px;\n}\n<\/style>\n\t<\/section>\n\t\n","protected":false},"excerpt":{"rendered":"","protected":false},"author":2,"featured_media":0,"parent":510118,"menu_order":0,"comment_status":"closed","ping_status":"closed","template":"page-blank.php","meta":{"_acf_changed":false,"footnotes":""},"class_list":["post-509747","page","type-page","status-publish","hentry"],"acf":[],"yoast_head":"<!-- This site is optimized with the Yoast SEO Premium plugin v27.4 (Yoast SEO v27.4) - https:\/\/yoast.com\/product\/yoast-seo-premium-wordpress\/ -->\n<title>Caracteriza\u00e7\u00e3o do produto - Fermentis<\/title>\n<meta name=\"description\" content=\"A caracteriza\u00e7\u00e3o do produto \u00e9 entender como nossas leveduras e derivados reagir\u00e3o em diferentes situa\u00e7\u00f5es. Analisamos e caracterizamos as combina\u00e7\u00f5es criadas.\" \/>\n<meta name=\"robots\" content=\"index, follow, max-snippet:-1, max-image-preview:large, max-video-preview:-1\" \/>\n<link rel=\"canonical\" href=\"https:\/\/fermentis.com\/pt-br\/our-company\/research\/product-characterisation\/\" \/>\n<meta property=\"og:locale\" content=\"pt_BR\" \/>\n<meta property=\"og:type\" content=\"article\" \/>\n<meta property=\"og:title\" content=\"Caracteriza\u00e7\u00e3o do produto\" \/>\n<meta property=\"og:description\" content=\"A caracteriza\u00e7\u00e3o do produto \u00e9 entender como nossas leveduras e derivados reagir\u00e3o em diferentes situa\u00e7\u00f5es. Analisamos e caracterizamos as combina\u00e7\u00f5es criadas.\" \/>\n<meta property=\"og:url\" content=\"https:\/\/fermentis.com\/pt-br\/our-company\/research\/product-characterisation\/\" \/>\n<meta property=\"og:site_name\" content=\"Fermentis\" \/>\n<meta property=\"article:publisher\" content=\"https:\/\/www.facebook.com\/Fermentis\" \/>\n<meta property=\"article:modified_time\" content=\"2026-04-13T19:31:48+00:00\" \/>\n<meta property=\"og:image\" content=\"https:\/\/fermentis.com\/wp-content\/uploads\/2021\/07\/website-v2.png\" \/>\n\t<meta property=\"og:image:width\" content=\"1903\" \/>\n\t<meta property=\"og:image:height\" content=\"901\" \/>\n\t<meta property=\"og:image:type\" content=\"image\/png\" \/>\n<meta name=\"twitter:card\" content=\"summary_large_image\" \/>\n<meta name=\"twitter:site\" content=\"@fermentis\" \/>\n<meta name=\"twitter:label1\" content=\"Est. tempo de leitura\" \/>\n\t<meta name=\"twitter:data1\" content=\"2 minutos\" \/>\n<script type=\"application\/ld+json\" class=\"yoast-schema-graph\">{\"@context\":\"https:\\\/\\\/schema.org\",\"@graph\":[{\"@type\":\"WebPage\",\"@id\":\"https:\\\/\\\/fermentis.com\\\/pt-br\\\/our-company\\\/research\\\/product-characterisation\\\/\",\"url\":\"https:\\\/\\\/fermentis.com\\\/pt-br\\\/our-company\\\/research\\\/product-characterisation\\\/\",\"name\":\"Caracteriza\u00e7\u00e3o do produto - Fermentis\",\"isPartOf\":{\"@id\":\"https:\\\/\\\/fermentis.com\\\/pt-br\\\/#website\"},\"datePublished\":\"2020-02-19T23:00:00+00:00\",\"dateModified\":\"2026-04-13T19:31:48+00:00\",\"description\":\"A caracteriza\u00e7\u00e3o do produto \u00e9 entender como nossas leveduras e derivados reagir\u00e3o em diferentes situa\u00e7\u00f5es. Analisamos e caracterizamos as combina\u00e7\u00f5es criadas.\",\"breadcrumb\":{\"@id\":\"https:\\\/\\\/fermentis.com\\\/pt-br\\\/our-company\\\/research\\\/product-characterisation\\\/#breadcrumb\"},\"inLanguage\":\"pt-BR\",\"potentialAction\":[{\"@type\":\"ReadAction\",\"target\":[\"https:\\\/\\\/fermentis.com\\\/pt-br\\\/our-company\\\/research\\\/product-characterisation\\\/\"]}]},{\"@type\":\"BreadcrumbList\",\"@id\":\"https:\\\/\\\/fermentis.com\\\/pt-br\\\/our-company\\\/research\\\/product-characterisation\\\/#breadcrumb\",\"itemListElement\":[{\"@type\":\"ListItem\",\"position\":1,\"name\":\"Home\",\"item\":\"https:\\\/\\\/fermentis.com\\\/pt-br\\\/\"},{\"@type\":\"ListItem\",\"position\":2,\"name\":\"Nossa empresa\",\"item\":\"https:\\\/\\\/fermentis.com\\\/pt-br\\\/our-company\\\/\"},{\"@type\":\"ListItem\",\"position\":3,\"name\":\"Pesquisa e desenvolvimento\",\"item\":\"https:\\\/\\\/fermentis.com\\\/pt-br\\\/our-company\\\/research\\\/\"},{\"@type\":\"ListItem\",\"position\":4,\"name\":\"Caracteriza\u00e7\u00e3o do produto\"}]},{\"@type\":\"WebSite\",\"@id\":\"https:\\\/\\\/fermentis.com\\\/pt-br\\\/#website\",\"url\":\"https:\\\/\\\/fermentis.com\\\/pt-br\\\/\",\"name\":\"Fermentis\",\"description\":\"Un site utilisant WordPress\",\"publisher\":{\"@id\":\"https:\\\/\\\/fermentis.com\\\/pt-br\\\/#organization\"},\"potentialAction\":[{\"@type\":\"SearchAction\",\"target\":{\"@type\":\"EntryPoint\",\"urlTemplate\":\"https:\\\/\\\/fermentis.com\\\/pt-br\\\/?s={search_term_string}\"},\"query-input\":{\"@type\":\"PropertyValueSpecification\",\"valueRequired\":true,\"valueName\":\"search_term_string\"}}],\"inLanguage\":\"pt-BR\"},{\"@type\":\"Organization\",\"@id\":\"https:\\\/\\\/fermentis.com\\\/pt-br\\\/#organization\",\"name\":\"Fermentis\",\"url\":\"https:\\\/\\\/fermentis.com\\\/pt-br\\\/\",\"logo\":{\"@type\":\"ImageObject\",\"inLanguage\":\"pt-BR\",\"@id\":\"https:\\\/\\\/fermentis.com\\\/pt-br\\\/#\\\/schema\\\/logo\\\/image\\\/\",\"url\":\"https:\\\/\\\/fermentis.com\\\/wp-content\\\/uploads\\\/2021\\\/07\\\/Logo-Fermentis-5.png\",\"contentUrl\":\"https:\\\/\\\/fermentis.com\\\/wp-content\\\/uploads\\\/2021\\\/07\\\/Logo-Fermentis-5.png\",\"width\":308,\"height\":95,\"caption\":\"Fermentis\"},\"image\":{\"@id\":\"https:\\\/\\\/fermentis.com\\\/pt-br\\\/#\\\/schema\\\/logo\\\/image\\\/\"},\"sameAs\":[\"https:\\\/\\\/www.facebook.com\\\/Fermentis\",\"https:\\\/\\\/x.com\\\/fermentis\",\"https:\\\/\\\/www.instagram.com\\\/fermentisbylesaffre\\\/\",\"https:\\\/\\\/www.linkedin.com\\\/company\\\/fermentis\\\/\",\"https:\\\/\\\/www.youtube.com\\\/channel\\\/UCt_Lp3IZnUNXZeqSi6iiAdA\"]}]}<\/script>\n<!-- \/ Yoast SEO Premium plugin. -->","yoast_head_json":{"title":"Caracteriza\u00e7\u00e3o do produto - Fermentis","description":"A caracteriza\u00e7\u00e3o do produto \u00e9 entender como nossas leveduras e derivados reagir\u00e3o em diferentes situa\u00e7\u00f5es. Analisamos e caracterizamos as combina\u00e7\u00f5es criadas.","robots":{"index":"index","follow":"follow","max-snippet":"max-snippet:-1","max-image-preview":"max-image-preview:large","max-video-preview":"max-video-preview:-1"},"canonical":"https:\/\/fermentis.com\/pt-br\/our-company\/research\/product-characterisation\/","og_locale":"pt_BR","og_type":"article","og_title":"Caracteriza\u00e7\u00e3o do produto","og_description":"A caracteriza\u00e7\u00e3o do produto \u00e9 entender como nossas leveduras e derivados reagir\u00e3o em diferentes situa\u00e7\u00f5es. Analisamos e caracterizamos as combina\u00e7\u00f5es criadas.","og_url":"https:\/\/fermentis.com\/pt-br\/our-company\/research\/product-characterisation\/","og_site_name":"Fermentis","article_publisher":"https:\/\/www.facebook.com\/Fermentis","article_modified_time":"2026-04-13T19:31:48+00:00","og_image":[{"width":1903,"height":901,"url":"https:\/\/fermentis.com\/wp-content\/uploads\/2021\/07\/website-v2.png","type":"image\/png"}],"twitter_card":"summary_large_image","twitter_site":"@fermentis","twitter_misc":{"Est. tempo de leitura":"2 minutos"},"schema":{"@context":"https:\/\/schema.org","@graph":[{"@type":"WebPage","@id":"https:\/\/fermentis.com\/pt-br\/our-company\/research\/product-characterisation\/","url":"https:\/\/fermentis.com\/pt-br\/our-company\/research\/product-characterisation\/","name":"Caracteriza\u00e7\u00e3o do produto - Fermentis","isPartOf":{"@id":"https:\/\/fermentis.com\/pt-br\/#website"},"datePublished":"2020-02-19T23:00:00+00:00","dateModified":"2026-04-13T19:31:48+00:00","description":"A caracteriza\u00e7\u00e3o do produto \u00e9 entender como nossas leveduras e derivados reagir\u00e3o em diferentes situa\u00e7\u00f5es. Analisamos e caracterizamos as combina\u00e7\u00f5es criadas.","breadcrumb":{"@id":"https:\/\/fermentis.com\/pt-br\/our-company\/research\/product-characterisation\/#breadcrumb"},"inLanguage":"pt-BR","potentialAction":[{"@type":"ReadAction","target":["https:\/\/fermentis.com\/pt-br\/our-company\/research\/product-characterisation\/"]}]},{"@type":"BreadcrumbList","@id":"https:\/\/fermentis.com\/pt-br\/our-company\/research\/product-characterisation\/#breadcrumb","itemListElement":[{"@type":"ListItem","position":1,"name":"Home","item":"https:\/\/fermentis.com\/pt-br\/"},{"@type":"ListItem","position":2,"name":"Nossa empresa","item":"https:\/\/fermentis.com\/pt-br\/our-company\/"},{"@type":"ListItem","position":3,"name":"Pesquisa e desenvolvimento","item":"https:\/\/fermentis.com\/pt-br\/our-company\/research\/"},{"@type":"ListItem","position":4,"name":"Caracteriza\u00e7\u00e3o do produto"}]},{"@type":"WebSite","@id":"https:\/\/fermentis.com\/pt-br\/#website","url":"https:\/\/fermentis.com\/pt-br\/","name":"Fermentis","description":"Un site utilisant WordPress","publisher":{"@id":"https:\/\/fermentis.com\/pt-br\/#organization"},"potentialAction":[{"@type":"SearchAction","target":{"@type":"EntryPoint","urlTemplate":"https:\/\/fermentis.com\/pt-br\/?s={search_term_string}"},"query-input":{"@type":"PropertyValueSpecification","valueRequired":true,"valueName":"search_term_string"}}],"inLanguage":"pt-BR"},{"@type":"Organization","@id":"https:\/\/fermentis.com\/pt-br\/#organization","name":"Fermentis","url":"https:\/\/fermentis.com\/pt-br\/","logo":{"@type":"ImageObject","inLanguage":"pt-BR","@id":"https:\/\/fermentis.com\/pt-br\/#\/schema\/logo\/image\/","url":"https:\/\/fermentis.com\/wp-content\/uploads\/2021\/07\/Logo-Fermentis-5.png","contentUrl":"https:\/\/fermentis.com\/wp-content\/uploads\/2021\/07\/Logo-Fermentis-5.png","width":308,"height":95,"caption":"Fermentis"},"image":{"@id":"https:\/\/fermentis.com\/pt-br\/#\/schema\/logo\/image\/"},"sameAs":["https:\/\/www.facebook.com\/Fermentis","https:\/\/x.com\/fermentis","https:\/\/www.instagram.com\/fermentisbylesaffre\/","https:\/\/www.linkedin.com\/company\/fermentis\/","https:\/\/www.youtube.com\/channel\/UCt_Lp3IZnUNXZeqSi6iiAdA"]}]}},"_links":{"self":[{"href":"https:\/\/fermentis.com\/pt-br\/wp-json\/wp\/v2\/pages\/509747","targetHints":{"allow":["GET"]}}],"collection":[{"href":"https:\/\/fermentis.com\/pt-br\/wp-json\/wp\/v2\/pages"}],"about":[{"href":"https:\/\/fermentis.com\/pt-br\/wp-json\/wp\/v2\/types\/page"}],"author":[{"embeddable":true,"href":"https:\/\/fermentis.com\/pt-br\/wp-json\/wp\/v2\/users\/2"}],"replies":[{"embeddable":true,"href":"https:\/\/fermentis.com\/pt-br\/wp-json\/wp\/v2\/comments?post=509747"}],"version-history":[{"count":371,"href":"https:\/\/fermentis.com\/pt-br\/wp-json\/wp\/v2\/pages\/509747\/revisions"}],"predecessor-version":[{"id":716347,"href":"https:\/\/fermentis.com\/pt-br\/wp-json\/wp\/v2\/pages\/509747\/revisions\/716347"}],"up":[{"embeddable":true,"href":"https:\/\/fermentis.com\/pt-br\/wp-json\/wp\/v2\/pages\/510118"}],"wp:attachment":[{"href":"https:\/\/fermentis.com\/pt-br\/wp-json\/wp\/v2\/media?parent=509747"}],"curies":[{"name":"wp","href":"https:\/\/api.w.org\/{rel}","templated":true}]}}