{"id":509766,"date":"2020-03-02T00:00:00","date_gmt":"2020-03-01T23:00:00","guid":{"rendered":"https:\/\/fermentis.com\/easy-2-use-2\/"},"modified":"2025-06-30T14:12:41","modified_gmt":"2025-06-30T12:12:41","slug":"easy-2-use","status":"publish","type":"page","link":"https:\/\/fermentis.com\/pt-br\/easy-2-use\/","title":{"rendered":"F\u00e1cil de Usar"},"content":{"rendered":"\n\t<section class=\"section dark has-parallax\" id=\"section_1373601696\">\n\t\t<div class=\"section-bg fill\" data-parallax-container=\".section\" data-parallax-background data-parallax=\"-4\">\n\t\t\t<img loading=\"lazy\" decoding=\"async\" width=\"1841\" height=\"713\" src=\"https:\/\/fermentis.com\/wp-content\/uploads\/2020\/03\/easy-to-use.jpg\" class=\"bg attachment- size-\" alt=\"\" \/>\t\t\t\t\t\t<div class=\"section-bg-overlay absolute fill\"><\/div>\n\t\t\t\n\n\t\t<\/div>\n\n\t\t\n\n\t\t<div class=\"section-content relative\">\n\t\t\t\n<div class=\"row\"  id=\"row-889582530\">\n\n\t<div id=\"col-648768613\" class=\"col medium-8 small-12 large-6\"  >\n\t\t\t\t<div class=\"col-inner\"  >\n\t\t\t\n\t\t\t\n<h6>Um selo de qualidade para o seu fermento e derivados<\/h6>\n<h1><span style=\"font-size: 200%\">E2U\u2122 &#8211; F\u00e1cil de Usar <\/span><\/h1>\n\t\t<\/div>\n\t\t\t\t\t<\/div>\n\n\t\n<\/div>\n\t\t<\/div>\n\n\t\t\n<style>\n#section_1373601696 {\n  padding-top: 30px;\n  padding-bottom: 30px;\n  min-height: 349px;\n}\n#section_1373601696 .section-bg-overlay {\n  background-color: rgba(52, 35, 35, 0.57);\n}\n<\/style>\n\t<\/section>\n\t\n<div class=\"row row-collapse align-right\"  id=\"row-782960459\">\n\n\t<div id=\"col-819240499\" class=\"col medium-6 small-12 large-6\"  >\n\t\t\t\t<div class=\"col-inner\" style=\"background-color:#4ac193;\" >\n\t\t\t\n\t\t\t\n\n\t<section class=\"section\" id=\"section_497404258\">\n\t\t<div class=\"section-bg fill\" >\n\t\t\t\t\t\t\t\t\t\n\t\t\t\n\n\t\t<\/div>\n\n\t\t\n\n\t\t<div class=\"section-content relative\">\n\t\t\t\n<div class=\"row row-collapse align-center\"  id=\"row-57736053\">\n\n\t<div id=\"col-1057747557\" class=\"col small-12 large-12\"  >\n\t\t\t\t<div class=\"col-inner dark\"  >\n\t\t\t\n\t\t\t\n<h3><span style=\"font-size: 120%\">Usar nossos produtos nunca foi t\u00e3o f\u00e1cil. Com o E2U\u2122, economize tempo e esfor\u00e7o preciosos: experimente agora e voc\u00ea nunca mais vai querer outra coisa. <\/span><\/h3>\n\t\t<\/div>\n\t\t\t\t\t<\/div>\n\n\t\n\n<style>\n#row-57736053 > .col > .col-inner {\n  padding: 40px 20px 20px 20px;\n}\n<\/style>\n<\/div>\n\t\t<\/div>\n\n\t\t\n<style>\n#section_497404258 {\n  padding-top: 0px;\n  padding-bottom: 0px;\n  background-color: rgb(239, 117, 0);\n}\n<\/style>\n\t<\/section>\n\t\n\t\t<\/div>\n\t\t\t\t\n<style>\n#col-819240499 > .col-inner {\n  margin: -80px 0px 20px 0px;\n}\n<\/style>\n\t<\/div>\n\n\t\n<\/div>\n\n\t<section class=\"section\" id=\"section_1123513839\">\n\t\t<div class=\"section-bg fill\" >\n\t\t\t\t\t\t\t\t\t\n\t\t\t\n\n\t\t<\/div>\n\n\t\t\n\n\t\t<div class=\"section-content relative\">\n\t\t\t\n<div class=\"row align-middle\"  id=\"row-1538255078\">\n\n\t<div id=\"col-1917531296\" class=\"col medium-6 small-12 large-6\"  >\n\t\t\t\t<div class=\"col-inner\"  >\n\t\t\t\n\t\t\t\n<h2>Compreendendo o E2U\u2122<\/h2>\n<p><strong>E2U\u2122 \u00e9 um passo inovador dado pela Fermentis no mundo das leveduras e derivados de levedura para bebidas. <\/strong><\/p>\n<p>Com os produtos certificados E2U\u2122, economize tempo e energia. Com menos preocupa\u00e7\u00f5es, voc\u00ea pode se concentrar no que faz de melhor: criar as melhores bebidas fermentadas para seus clientes.<\/p>\n<p>Quando se trata de levedura, a certifica\u00e7\u00e3o E2U\u2122 significa que voc\u00ea pode optar por adicionar diretamente ao mosto ou proceder \u00e0 reidrata\u00e7\u00e3o. N\u00e3o faz diferen\u00e7a, depende de voc\u00ea. Garantimos os mesmos resultados.<\/p>\n<p>Para derivados de levedura, com produtos certificados E2U\u2122, voc\u00ea desfrutar\u00e1 de baixa poeira e alta dispersibilidade no tanque.<\/p>\n<p>Voc\u00ea pode conferir os detalhes abaixo.<\/p>\n\t\t<\/div>\n\t\t\t\t\t<\/div>\n\n\t\n\n\t<div id=\"col-1350944832\" class=\"col medium-6 small-12 large-6\"  >\n\t\t\t\t<div class=\"col-inner text-center\"  >\n\t\t\t\n\t\t\t\n\n  <div class=\"banner has-hover\" id=\"banner-905797615\">\n          <div class=\"banner-inner fill\">\n        <div class=\"banner-bg fill\" >\n                                                \n                    <\/div>\n\t\t\n        <div class=\"banner-layers container\">\n            <div class=\"fill banner-link\"><\/div>            \n\t<div class=\"img has-hover x50 md-x50 lg-x50 y50 md-y50 lg-y50\" id=\"image_607402742\">\n\t\t\t\t\t\t\t\t<div class=\"img-inner dark\" >\n\t\t\t<img loading=\"lazy\" decoding=\"async\" width=\"1020\" height=\"959\" src=\"https:\/\/fermentis.com\/wp-content\/uploads\/2020\/03\/easy-2-use-logo-1024x963.png\" class=\"attachment-large size-large\" alt=\"\" srcset=\"https:\/\/fermentis.com\/wp-content\/uploads\/2020\/03\/easy-2-use-logo-1024x963.png 1024w, https:\/\/fermentis.com\/wp-content\/uploads\/2020\/03\/easy-2-use-logo-800x753.png 800w, https:\/\/fermentis.com\/wp-content\/uploads\/2020\/03\/easy-2-use-logo-768x723.png 768w, https:\/\/fermentis.com\/wp-content\/uploads\/2020\/03\/easy-2-use-logo-600x565.png 600w, https:\/\/fermentis.com\/wp-content\/uploads\/2020\/03\/easy-2-use-logo-300x282.png 300w, https:\/\/fermentis.com\/wp-content\/uploads\/2020\/03\/easy-2-use-logo.png 1200w\" sizes=\"auto, (max-width: 1020px) 100vw, 1020px\" \/>\t\t\t\t\t\t\n\t\t\t\t\t<\/div>\n\t\t\t\t\t\t\t\t\n<style>\n#image_607402742 {\n  width: 50%;\n}\n<\/style>\n\t<\/div>\n\t\n        <\/div>\n      <\/div>\n\n            \n<style>\n#banner-905797615 {\n  padding-top: 60%;\n  background-color: rgb(255,255,255);\n}\n<\/style>\n  <\/div>\n\n\n\t\t<\/div>\n\t\t\t\t\t<\/div>\n\n\t\n<\/div>\n\t\t<\/div>\n\n\t\t\n<style>\n#section_1123513839 {\n  padding-top: 0px;\n  padding-bottom: 0px;\n}\n<\/style>\n\t<\/section>\n\t\n<div class=\"row align-equal\"  id=\"row-1269031365\">\n\n\t<div id=\"col-302118790\" class=\"col medium-6 small-12 large-6\"  >\n\t\t\t\t<div class=\"col-inner\"  >\n\t\t\t\n\t\t\t\n\n\t<section class=\"section\" id=\"section_930831314\">\n\t\t<div class=\"section-bg fill\" >\n\t\t\t\t\t\t\t\t\t\n\t\t\t\n\t<div class=\"is-border\"\n\t\tstyle=\"border-color:rgb(239, 117, 0);border-width:2px 2px 2px 2px;\">\n\t<\/div>\n\n\t\t<\/div>\n\n\t\t\n\n\t\t<div class=\"section-content relative\">\n\t\t\t\n<h6>01<\/h6>\n<h2>Fermentis levedura seca ativa (SafYeast\u2122)<\/h2>\n<ul>\n<li><strong>Viabilidade das c\u00e9lulas de levedura<\/strong>: nenhuma diferen\u00e7a significativa entre inocula\u00e7\u00e3o direta ou reidrata\u00e7\u00e3o.<\/li>\n<li><strong>Desempenho da fermenta\u00e7\u00e3o<\/strong> <span style=\"font-size: 14.4px\">(cin\u00e9tica, teor de a\u00e7\u00facar, etc.)<\/span>: nenhuma diferen\u00e7a significativa entre inocula\u00e7\u00e3o direta ou reidrata\u00e7\u00e3o.<\/li>\n<li><strong>Sabor e aromas<\/strong>: sem impacto, seja ao adicionar diretamente ou reidratar.<\/li>\n<\/ul>\n\t\t<\/div>\n\n\t\t\n<style>\n#section_930831314 {\n  padding-top: 30px;\n  padding-bottom: 30px;\n}\n<\/style>\n\t<\/section>\n\t\n\t\t<\/div>\n\t\t\t\t\t<\/div>\n\n\t\n\n\t<div id=\"col-2002716913\" class=\"col medium-6 small-12 large-6\"  >\n\t\t\t\t<div class=\"col-inner\"  >\n\t\t\t\n\t\t\t\n\n\t<section class=\"section dark\" id=\"section_1644181977\">\n\t\t<div class=\"section-bg fill\" >\n\t\t\t\t\t\t\t\t\t\n\t\t\t\n\t<div class=\"is-border\"\n\t\tstyle=\"border-color:rgb(239, 117, 0);border-width:2px 2px 2px 2px;\">\n\t<\/div>\n\n\t\t<\/div>\n\n\t\t\n\n\t\t<div class=\"section-content relative\">\n\t\t\t\n<h6>02<\/h6>\n<h2>Derivados de levedura Fermentis<\/h2>\n<ul>\n<li><strong>Baixa <\/strong>pulverul\u00eancia (voc\u00ea pode aplicar sem riscos de inala\u00e7\u00e3o)\n<\/p>\n<p>Este \u00e9 o crit\u00e9rio que confirma que um produto \u00e9 &#039;seguro para uso&#039;. A pulverul\u00eancia mede o risco de inalar part\u00edculas finas liberadas de um sach\u00ea quando ele \u00e9 aberto, especialmente quando aberto de forma r\u00e1pida ou vigorosa. Quanto mais finas (ou mais &#039;empoeiradas&#039;) as part\u00edculas, maior o risco de inala\u00e7\u00e3o.<\/li>\n<li><strong>Alta dispersibilidade<\/strong> ap\u00f3s a adi\u00e7\u00e3o\n<\/p>\n<p>Isso mede a capacidade de um p\u00f3 de se espalhar homogeneamente em um l\u00edquido quando \u00e9 aplicada agita\u00e7\u00e3o. O p\u00f3 \u00e9 considerado dispers\u00edvel quando se mistura completamente ao l\u00edquido sem formar grumos (agregados). NB: o p\u00f3 \u00e9 &#039;disperso&#039; e n\u00e3o &#039;dissolvido&#039;, pois na maioria das vezes estamos considerando derivados de levedura insol\u00faveis.<\/li>\n<\/ul>\n\t\t<\/div>\n\n\t\t\n<style>\n#section_1644181977 {\n  padding-top: 30px;\n  padding-bottom: 30px;\n  background-color: rgb(239, 117, 0);\n}\n<\/style>\n\t<\/section>\n\t\n\t\t<\/div>\n\t\t\t\t\t<\/div>\n\n\t\n<\/div>\n\n\t<section class=\"section\" id=\"section_126628460\">\n\t\t<div class=\"section-bg fill\" >\n\t\t\t\t\t\t\t\t\t\n\t\t\t\n\n\t\t<\/div>\n\n\t\t\n\n\t\t<div class=\"section-content relative\">\n\t\t\t\n<div class=\"row row-large steps-simple-headline\"  id=\"row-1457035911\">\n\n\t<div id=\"col-14268580\" class=\"col medium-4 small-12 large-12\"  >\n\t\t\t\t<div class=\"col-inner\"  >\n\t\t\t\n\t\t\t\n<div class=\"video video-fit mb\" style=\"padding-top:52%;\"><p><iframe loading=\"lazy\" title=\"Direct pitching beer yeast [tips for brewers]\" width=\"1020\" height=\"574\" src=\"https:\/\/www.youtube.com\/embed\/qAluSoJeiWY?feature=oembed\" frameborder=\"0\" allow=\"accelerometer; autoplay; clipboard-write; encrypted-media; gyroscope; picture-in-picture; web-share\" referrerpolicy=\"strict-origin-when-cross-origin\" allowfullscreen><\/iframe><\/p>\n<\/div>\n<h3><span style=\"font-size: 140%\">Mais de 90% da gama de leveduras e derivados da Fermentis \u00e9 E2U\u2122.<\/span><\/h3>\n<p>Somente produtos que cont\u00eam enzimas, como o SafBrew\u2122 HA-18, n\u00e3o s\u00e3o certificados E2U\u2122. Eles ainda podem ser adicionados diretamente ao mosto ou ao mosto de uva, mas \u00e9 melhor us\u00e1-los com equipamento de prote\u00e7\u00e3o facial, como uma m\u00e1scara, para evitar inala\u00e7\u00e3o e poss\u00edvel desconforto.<\/p>\n\t\t<\/div>\n\t\t\t\t\t<\/div>\n\n\t\n<\/div>\n\t\t<\/div>\n\n\t\t\n<style>\n#section_126628460 {\n  padding-top: 40px;\n  padding-bottom: 40px;\n}\n<\/style>\n\t<\/section>\n\t\n","protected":false},"excerpt":{"rendered":"","protected":false},"author":2,"featured_media":0,"parent":0,"menu_order":0,"comment_status":"closed","ping_status":"open","template":"page-blank.php","meta":{"_acf_changed":false,"footnotes":""},"class_list":["post-509766","page","type-page","status-publish","hentry"],"acf":[],"yoast_head":"<!-- This site is optimized with the Yoast SEO Premium plugin v27.4 (Yoast SEO v27.4) - https:\/\/yoast.com\/product\/yoast-seo-premium-wordpress\/ -->\n<title>F\u00e1cil de Usar - Fermentis<\/title>\n<meta name=\"description\" content=\"F\u00e1cil de usar, a solu\u00e7\u00e3o para ajudar voc\u00ea a economizar tempo, esfor\u00e7o e energia no processo de fermenta\u00e7\u00e3o. Com o Easy To Use, voc\u00ea pode apresentar diretamente!\" \/>\n<meta name=\"robots\" content=\"index, follow, max-snippet:-1, max-image-preview:large, max-video-preview:-1\" \/>\n<link rel=\"canonical\" href=\"https:\/\/fermentis.com\/pt-br\/easy-2-use\/\" \/>\n<meta property=\"og:locale\" content=\"pt_BR\" \/>\n<meta property=\"og:type\" content=\"article\" \/>\n<meta property=\"og:title\" content=\"F\u00e1cil de Usar\" \/>\n<meta property=\"og:description\" content=\"F\u00e1cil de usar, a solu\u00e7\u00e3o para ajudar voc\u00ea a economizar tempo, esfor\u00e7o e energia no processo de fermenta\u00e7\u00e3o. Com o Easy To Use, voc\u00ea pode apresentar diretamente!\" \/>\n<meta property=\"og:url\" content=\"https:\/\/fermentis.com\/pt-br\/easy-2-use\/\" \/>\n<meta property=\"og:site_name\" content=\"Fermentis\" \/>\n<meta property=\"article:publisher\" content=\"https:\/\/www.facebook.com\/Fermentis\" \/>\n<meta property=\"article:modified_time\" content=\"2025-06-30T12:12:41+00:00\" \/>\n<meta property=\"og:image\" content=\"https:\/\/fermentis.com\/wp-content\/uploads\/2021\/07\/website-v2.png\" \/>\n\t<meta property=\"og:image:width\" content=\"1903\" \/>\n\t<meta property=\"og:image:height\" content=\"901\" \/>\n\t<meta property=\"og:image:type\" content=\"image\/png\" \/>\n<meta name=\"twitter:card\" content=\"summary_large_image\" \/>\n<meta name=\"twitter:site\" content=\"@fermentis\" \/>\n<meta name=\"twitter:label1\" content=\"Est. tempo de leitura\" \/>\n\t<meta name=\"twitter:data1\" content=\"3 minutos\" \/>\n<script type=\"application\/ld+json\" class=\"yoast-schema-graph\">{\"@context\":\"https:\\\/\\\/schema.org\",\"@graph\":[{\"@type\":\"WebPage\",\"@id\":\"https:\\\/\\\/fermentis.com\\\/pt-br\\\/easy-2-use\\\/\",\"url\":\"https:\\\/\\\/fermentis.com\\\/pt-br\\\/easy-2-use\\\/\",\"name\":\"F\u00e1cil de Usar - Fermentis\",\"isPartOf\":{\"@id\":\"https:\\\/\\\/fermentis.com\\\/pt-br\\\/#website\"},\"datePublished\":\"2020-03-01T23:00:00+00:00\",\"dateModified\":\"2025-06-30T12:12:41+00:00\",\"description\":\"F\u00e1cil de usar, a solu\u00e7\u00e3o para ajudar voc\u00ea a economizar tempo, esfor\u00e7o e energia no processo de fermenta\u00e7\u00e3o. Com o Easy To Use, voc\u00ea pode apresentar diretamente!\",\"breadcrumb\":{\"@id\":\"https:\\\/\\\/fermentis.com\\\/pt-br\\\/easy-2-use\\\/#breadcrumb\"},\"inLanguage\":\"pt-BR\",\"potentialAction\":[{\"@type\":\"ReadAction\",\"target\":[\"https:\\\/\\\/fermentis.com\\\/pt-br\\\/easy-2-use\\\/\"]}]},{\"@type\":\"BreadcrumbList\",\"@id\":\"https:\\\/\\\/fermentis.com\\\/pt-br\\\/easy-2-use\\\/#breadcrumb\",\"itemListElement\":[{\"@type\":\"ListItem\",\"position\":1,\"name\":\"Home\",\"item\":\"https:\\\/\\\/fermentis.com\\\/pt-br\\\/\"},{\"@type\":\"ListItem\",\"position\":2,\"name\":\"F\u00e1cil de Usar\"}]},{\"@type\":\"WebSite\",\"@id\":\"https:\\\/\\\/fermentis.com\\\/pt-br\\\/#website\",\"url\":\"https:\\\/\\\/fermentis.com\\\/pt-br\\\/\",\"name\":\"Fermentis\",\"description\":\"Un site utilisant WordPress\",\"publisher\":{\"@id\":\"https:\\\/\\\/fermentis.com\\\/pt-br\\\/#organization\"},\"potentialAction\":[{\"@type\":\"SearchAction\",\"target\":{\"@type\":\"EntryPoint\",\"urlTemplate\":\"https:\\\/\\\/fermentis.com\\\/pt-br\\\/?s={search_term_string}\"},\"query-input\":{\"@type\":\"PropertyValueSpecification\",\"valueRequired\":true,\"valueName\":\"search_term_string\"}}],\"inLanguage\":\"pt-BR\"},{\"@type\":\"Organization\",\"@id\":\"https:\\\/\\\/fermentis.com\\\/pt-br\\\/#organization\",\"name\":\"Fermentis\",\"url\":\"https:\\\/\\\/fermentis.com\\\/pt-br\\\/\",\"logo\":{\"@type\":\"ImageObject\",\"inLanguage\":\"pt-BR\",\"@id\":\"https:\\\/\\\/fermentis.com\\\/pt-br\\\/#\\\/schema\\\/logo\\\/image\\\/\",\"url\":\"https:\\\/\\\/fermentis.com\\\/wp-content\\\/uploads\\\/2021\\\/07\\\/Logo-Fermentis-5.png\",\"contentUrl\":\"https:\\\/\\\/fermentis.com\\\/wp-content\\\/uploads\\\/2021\\\/07\\\/Logo-Fermentis-5.png\",\"width\":308,\"height\":95,\"caption\":\"Fermentis\"},\"image\":{\"@id\":\"https:\\\/\\\/fermentis.com\\\/pt-br\\\/#\\\/schema\\\/logo\\\/image\\\/\"},\"sameAs\":[\"https:\\\/\\\/www.facebook.com\\\/Fermentis\",\"https:\\\/\\\/x.com\\\/fermentis\",\"https:\\\/\\\/www.instagram.com\\\/fermentisbylesaffre\\\/\",\"https:\\\/\\\/www.linkedin.com\\\/company\\\/fermentis\\\/\",\"https:\\\/\\\/www.youtube.com\\\/channel\\\/UCt_Lp3IZnUNXZeqSi6iiAdA\"]}]}<\/script>\n<!-- \/ Yoast SEO Premium plugin. -->","yoast_head_json":{"title":"F\u00e1cil de Usar - Fermentis","description":"F\u00e1cil de usar, a solu\u00e7\u00e3o para ajudar voc\u00ea a economizar tempo, esfor\u00e7o e energia no processo de fermenta\u00e7\u00e3o. Com o Easy To Use, voc\u00ea pode apresentar diretamente!","robots":{"index":"index","follow":"follow","max-snippet":"max-snippet:-1","max-image-preview":"max-image-preview:large","max-video-preview":"max-video-preview:-1"},"canonical":"https:\/\/fermentis.com\/pt-br\/easy-2-use\/","og_locale":"pt_BR","og_type":"article","og_title":"F\u00e1cil de Usar","og_description":"F\u00e1cil de usar, a solu\u00e7\u00e3o para ajudar voc\u00ea a economizar tempo, esfor\u00e7o e energia no processo de fermenta\u00e7\u00e3o. Com o Easy To Use, voc\u00ea pode apresentar diretamente!","og_url":"https:\/\/fermentis.com\/pt-br\/easy-2-use\/","og_site_name":"Fermentis","article_publisher":"https:\/\/www.facebook.com\/Fermentis","article_modified_time":"2025-06-30T12:12:41+00:00","og_image":[{"width":1903,"height":901,"url":"https:\/\/fermentis.com\/wp-content\/uploads\/2021\/07\/website-v2.png","type":"image\/png"}],"twitter_card":"summary_large_image","twitter_site":"@fermentis","twitter_misc":{"Est. tempo de leitura":"3 minutos"},"schema":{"@context":"https:\/\/schema.org","@graph":[{"@type":"WebPage","@id":"https:\/\/fermentis.com\/pt-br\/easy-2-use\/","url":"https:\/\/fermentis.com\/pt-br\/easy-2-use\/","name":"F\u00e1cil de Usar - Fermentis","isPartOf":{"@id":"https:\/\/fermentis.com\/pt-br\/#website"},"datePublished":"2020-03-01T23:00:00+00:00","dateModified":"2025-06-30T12:12:41+00:00","description":"F\u00e1cil de usar, a solu\u00e7\u00e3o para ajudar voc\u00ea a economizar tempo, esfor\u00e7o e energia no processo de fermenta\u00e7\u00e3o. Com o Easy To Use, voc\u00ea pode apresentar diretamente!","breadcrumb":{"@id":"https:\/\/fermentis.com\/pt-br\/easy-2-use\/#breadcrumb"},"inLanguage":"pt-BR","potentialAction":[{"@type":"ReadAction","target":["https:\/\/fermentis.com\/pt-br\/easy-2-use\/"]}]},{"@type":"BreadcrumbList","@id":"https:\/\/fermentis.com\/pt-br\/easy-2-use\/#breadcrumb","itemListElement":[{"@type":"ListItem","position":1,"name":"Home","item":"https:\/\/fermentis.com\/pt-br\/"},{"@type":"ListItem","position":2,"name":"F\u00e1cil de Usar"}]},{"@type":"WebSite","@id":"https:\/\/fermentis.com\/pt-br\/#website","url":"https:\/\/fermentis.com\/pt-br\/","name":"Fermentis","description":"Un site utilisant WordPress","publisher":{"@id":"https:\/\/fermentis.com\/pt-br\/#organization"},"potentialAction":[{"@type":"SearchAction","target":{"@type":"EntryPoint","urlTemplate":"https:\/\/fermentis.com\/pt-br\/?s={search_term_string}"},"query-input":{"@type":"PropertyValueSpecification","valueRequired":true,"valueName":"search_term_string"}}],"inLanguage":"pt-BR"},{"@type":"Organization","@id":"https:\/\/fermentis.com\/pt-br\/#organization","name":"Fermentis","url":"https:\/\/fermentis.com\/pt-br\/","logo":{"@type":"ImageObject","inLanguage":"pt-BR","@id":"https:\/\/fermentis.com\/pt-br\/#\/schema\/logo\/image\/","url":"https:\/\/fermentis.com\/wp-content\/uploads\/2021\/07\/Logo-Fermentis-5.png","contentUrl":"https:\/\/fermentis.com\/wp-content\/uploads\/2021\/07\/Logo-Fermentis-5.png","width":308,"height":95,"caption":"Fermentis"},"image":{"@id":"https:\/\/fermentis.com\/pt-br\/#\/schema\/logo\/image\/"},"sameAs":["https:\/\/www.facebook.com\/Fermentis","https:\/\/x.com\/fermentis","https:\/\/www.instagram.com\/fermentisbylesaffre\/","https:\/\/www.linkedin.com\/company\/fermentis\/","https:\/\/www.youtube.com\/channel\/UCt_Lp3IZnUNXZeqSi6iiAdA"]}]}},"_links":{"self":[{"href":"https:\/\/fermentis.com\/pt-br\/wp-json\/wp\/v2\/pages\/509766","targetHints":{"allow":["GET"]}}],"collection":[{"href":"https:\/\/fermentis.com\/pt-br\/wp-json\/wp\/v2\/pages"}],"about":[{"href":"https:\/\/fermentis.com\/pt-br\/wp-json\/wp\/v2\/types\/page"}],"author":[{"embeddable":true,"href":"https:\/\/fermentis.com\/pt-br\/wp-json\/wp\/v2\/users\/2"}],"replies":[{"embeddable":true,"href":"https:\/\/fermentis.com\/pt-br\/wp-json\/wp\/v2\/comments?post=509766"}],"version-history":[{"count":925,"href":"https:\/\/fermentis.com\/pt-br\/wp-json\/wp\/v2\/pages\/509766\/revisions"}],"predecessor-version":[{"id":592079,"href":"https:\/\/fermentis.com\/pt-br\/wp-json\/wp\/v2\/pages\/509766\/revisions\/592079"}],"wp:attachment":[{"href":"https:\/\/fermentis.com\/pt-br\/wp-json\/wp\/v2\/media?parent=509766"}],"curies":[{"name":"wp","href":"https:\/\/api.w.org\/{rel}","templated":true}]}}