{"id":509776,"date":"2020-03-18T00:00:00","date_gmt":"2020-03-17T23:00:00","guid":{"rendered":"https:\/\/fermentis.com\/toll-manufacturing\/"},"modified":"2026-04-17T09:49:27","modified_gmt":"2026-04-17T07:49:27","slug":"toll-manufacturing","status":"publish","type":"page","link":"https:\/\/fermentis.com\/pt-br\/other-services\/toll-manufacturing\/","title":{"rendered":"Fabrica\u00e7\u00e3o sob encomenda"},"content":{"rendered":"\n  <div class=\"banner has-hover has-parallax\" id=\"banner-1439485980\">\n          <div class=\"banner-inner fill\">\n        <div class=\"banner-bg fill\" data-parallax=\"-6\" data-parallax-container=\".banner\" data-parallax-background>\n            <img loading=\"lazy\" decoding=\"async\" width=\"1024\" height=\"400\" src=\"https:\/\/fermentis.com\/wp-content\/uploads\/2020\/03\/Toll_Manufacturing-Web-3-1024x400-1.jpg\" class=\"bg attachment-original size-original\" alt=\"toll manufacturing banner\" \/>                                    \n                    <\/div>\n\t\t\n        <div class=\"banner-layers container\">\n            <div class=\"fill banner-link\"><\/div>            \n        <\/div>\n      <\/div>\n\n            \n<style>\n#banner-1439485980 {\n  padding-top: 200px;\n}\n#banner-1439485980 .banner-bg img {\n  object-position: 4% 45%;\n}\n<\/style>\n  <\/div>\n\n\n\n\t<section class=\"section\" id=\"section_1329290525\">\n\t\t<div class=\"section-bg fill\" >\n\t\t\t\t\t\t\t\t\t\n\t\t\t\n\n\t\t<\/div>\n\n\t\t\n\n\t\t<div class=\"section-content relative\">\n\t\t\t\n\t<div id=\"gap-1844952232\" class=\"gap-element clearfix\" style=\"display:block; height:auto;\">\n\t\t\n<style>\n#gap-1844952232 {\n  padding-top: 40px;\n}\n<\/style>\n\t<\/div>\n\t\n<div class=\"row row-small\"  id=\"row-1787942961\">\n\n\t<div id=\"col-1204628367\" class=\"col small-12 large-12\"  >\n\t\t\t\t<div class=\"col-inner\"  >\n\t\t\t\n\t\t\t\n<div class=\"container section-title-container\" ><h1 class=\"section-title section-title-center\"><b aria-hidden=\"true\"><\/b><span class=\"section-title-main\" style=\"font-size:159%;\">Fabrica\u00e7\u00e3o sob encomenda<\/span><b aria-hidden=\"true\"><\/b><\/h1><\/div>\n\t\t<\/div>\n\t\t\t\t\t<\/div>\n\n\t\n<\/div>\n\t\t<\/div>\n\n\t\t\n<style>\n#section_1329290525 {\n  padding-top: 30px;\n  padding-bottom: 30px;\n}\n<\/style>\n\t<\/section>\n\t\n\n\t<section class=\"section\" id=\"section_1833027574\">\n\t\t<div class=\"section-bg fill\" >\n\t\t\t\t\t\t\t\t\t\n\t\t\t\n\n\t\t<\/div>\n\n\t\t\n\n\t\t<div class=\"section-content relative\">\n\t\t\t\n<div class=\"row row-large\"  id=\"row-1980965833\">\n\n\t<div id=\"col-1913020333\" class=\"col small-12 large-12\"  >\n\t\t\t\t<div class=\"col-inner text-center\"  >\n\t\t\t\n\t\t\t\n<p class=\"lead\">Voc\u00ea quer que mantenhamos ou fabriquemos um microrganismo ou seus derivados para voc\u00ea? Voc\u00ea pode confiar em nossa expertise e tecnologia. Podemos garantir qualidade, estabilidade, consist\u00eancia e facilidade de uso em per\u00edodos de alta demanda, e permitimos que voc\u00ea teste novos produtos sem precisar expandir sua pr\u00f3pria base de fabrica\u00e7\u00e3o. As opera\u00e7\u00f5es s\u00e3o realizadas de forma estritamente confidencial e em conformidade com os mais rigorosos padr\u00f5es internacionais em termos de qualidade, higiene e seguran\u00e7a.<\/p>\n<h4><\/h4>\n<div class=\"row row-small align-center\"  id=\"row-543468982\">\n\n\t<div id=\"col-10881297\" class=\"col small-12 large-12\"  >\n\t\t\t\t<div class=\"col-inner\"  >\n\t\t\t\n\t\t\t\n<h3>Voc\u00ea pode nos confiar com seguran\u00e7a &#8230;<\/h3>\n\t\t<\/div>\n\t\t\t\t\t<\/div>\n\n\t\n\n\t<div id=\"col-1479143879\" class=\"col medium-2 small-12 large-2\"  >\n\t\t\t\t<div class=\"col-inner text-center\"  >\n\t\t\t\n\t\t\t\n\t<div class=\"img has-hover x md-x lg-x y md-y lg-y\" id=\"image_49680561\">\n\t\t\t\t\t\t<div data-animate=\"bounceIn\">\t\t<div class=\"img-inner dark\" >\n\t\t\t<img loading=\"lazy\" decoding=\"async\" width=\"200\" height=\"200\" src=\"https:\/\/fermentis.com\/wp-content\/uploads\/2020\/03\/Productions-200.png\" class=\"attachment-large size-large\" alt=\"\" srcset=\"https:\/\/fermentis.com\/wp-content\/uploads\/2020\/03\/Productions-200.png 200w, https:\/\/fermentis.com\/wp-content\/uploads\/2020\/03\/Productions-200-100x100.png 100w, https:\/\/fermentis.com\/wp-content\/uploads\/2020\/03\/Productions-200-150x150.png 150w\" sizes=\"auto, (max-width: 200px) 100vw, 200px\" \/>\t\t\t\t\t\t\n\t\t\t\t\t<\/div>\n\t\t<\/div>\t\t\t\t\t\t\n<style>\n#image_49680561 {\n  width: 80%;\n}\n<\/style>\n\t<\/div>\n\t\n\t\t<\/div>\n\t\t\t\t\n<style>\n#col-1479143879 > .col-inner {\n  padding: 0px 0px px 0px;\n}\n<\/style>\n\t<\/div>\n\n\t\n\n\t<div id=\"col-1979566689\" class=\"col medium-2 small-12 large-2\"  >\n\t\t\t\t<div class=\"col-inner text-center\"  >\n\t\t\t\n\t\t\t\n\t<div class=\"img has-hover x md-x lg-x y md-y lg-y\" id=\"image_1748857681\">\n\t\t\t\t\t\t<div data-animate=\"bounceIn\">\t\t<div class=\"img-inner dark\" >\n\t\t\t<img loading=\"lazy\" decoding=\"async\" width=\"200\" height=\"200\" src=\"https:\/\/fermentis.com\/wp-content\/uploads\/2020\/03\/creations-200.png\" class=\"attachment-large size-large\" alt=\"\" srcset=\"https:\/\/fermentis.com\/wp-content\/uploads\/2020\/03\/creations-200.png 200w, https:\/\/fermentis.com\/wp-content\/uploads\/2020\/03\/creations-200-100x100.png 100w, https:\/\/fermentis.com\/wp-content\/uploads\/2020\/03\/creations-200-150x150.png 150w\" sizes=\"auto, (max-width: 200px) 100vw, 200px\" \/>\t\t\t\t\t\t\n\t\t\t\t\t<\/div>\n\t\t<\/div>\t\t\t\t\t\t\n<style>\n#image_1748857681 {\n  width: 80%;\n}\n<\/style>\n\t<\/div>\n\t\n\t\t<\/div>\n\t\t\t\t\t<\/div>\n\n\t\n\n\t<div id=\"col-926505684\" class=\"col medium-2 small-12 large-2\"  >\n\t\t\t\t<div class=\"col-inner text-center\"  >\n\t\t\t\n\t\t\t\n\t<div class=\"img has-hover x md-x lg-x y md-y lg-y\" id=\"image_150239868\">\n\t\t\t\t\t\t<div data-animate=\"bounceIn\">\t\t<div class=\"img-inner dark\" >\n\t\t\t<img loading=\"lazy\" decoding=\"async\" width=\"200\" height=\"200\" src=\"https:\/\/fermentis.com\/wp-content\/uploads\/2020\/03\/strains-200.png\" class=\"attachment-large size-large\" alt=\"\" srcset=\"https:\/\/fermentis.com\/wp-content\/uploads\/2020\/03\/strains-200.png 200w, https:\/\/fermentis.com\/wp-content\/uploads\/2020\/03\/strains-200-100x100.png 100w, https:\/\/fermentis.com\/wp-content\/uploads\/2020\/03\/strains-200-150x150.png 150w\" sizes=\"auto, (max-width: 200px) 100vw, 200px\" \/>\t\t\t\t\t\t\n\t\t\t\t\t<\/div>\n\t\t<\/div>\t\t\t\t\t\t\n<style>\n#image_150239868 {\n  width: 80%;\n}\n<\/style>\n\t<\/div>\n\t\n\t\t<\/div>\n\t\t\t\t\t<\/div>\n\n\t\n\n\t<div id=\"col-701383429\" class=\"col medium-2 small-12 large-2\"  >\n\t\t\t\t<div class=\"col-inner text-center\"  >\n\t\t\t\n\t\t\t\n\t<div class=\"img has-hover x md-x lg-x y md-y lg-y\" id=\"image_1042071618\">\n\t\t\t\t\t\t<div data-animate=\"bounceIn\">\t\t<div class=\"img-inner dark\" >\n\t\t\t<img loading=\"lazy\" decoding=\"async\" width=\"200\" height=\"200\" src=\"https:\/\/fermentis.com\/wp-content\/uploads\/2020\/03\/drying-200.png\" class=\"attachment-large size-large\" alt=\"\" srcset=\"https:\/\/fermentis.com\/wp-content\/uploads\/2020\/03\/drying-200.png 200w, https:\/\/fermentis.com\/wp-content\/uploads\/2020\/03\/drying-200-100x100.png 100w, https:\/\/fermentis.com\/wp-content\/uploads\/2020\/03\/drying-200-150x150.png 150w\" sizes=\"auto, (max-width: 200px) 100vw, 200px\" \/>\t\t\t\t\t\t\n\t\t\t\t\t<\/div>\n\t\t<\/div>\t\t\t\t\t\t\n<style>\n#image_1042071618 {\n  width: 80%;\n}\n<\/style>\n\t<\/div>\n\t\n\t\t<\/div>\n\t\t\t\t\t<\/div>\n\n\t\n\n\t<div id=\"col-852792724\" class=\"col medium-2 small-12 large-2\"  >\n\t\t\t\t<div class=\"col-inner\"  >\n\t\t\t\n\t\t\t\n\t<div class=\"img has-hover x md-x lg-x y md-y lg-y\" id=\"image_719624343\">\n\t\t\t\t\t\t<div data-animate=\"bounceIn\">\t\t<div class=\"img-inner dark\" >\n\t\t\t<img loading=\"lazy\" decoding=\"async\" width=\"200\" height=\"200\" src=\"https:\/\/fermentis.com\/wp-content\/uploads\/2020\/03\/Packaging-200.png\" class=\"attachment-large size-large\" alt=\"\" srcset=\"https:\/\/fermentis.com\/wp-content\/uploads\/2020\/03\/Packaging-200.png 200w, https:\/\/fermentis.com\/wp-content\/uploads\/2020\/03\/Packaging-200-100x100.png 100w, https:\/\/fermentis.com\/wp-content\/uploads\/2020\/03\/Packaging-200-150x150.png 150w\" sizes=\"auto, (max-width: 200px) 100vw, 200px\" \/>\t\t\t\t\t\t\n\t\t\t\t\t<\/div>\n\t\t<\/div>\t\t\t\t\t\t\n<style>\n#image_719624343 {\n  width: 80%;\n}\n<\/style>\n\t<\/div>\n\t\n\t\t<\/div>\n\t\t\t\t\t<\/div>\n\n\t\n<\/div>\n<div class=\"row\"  id=\"row-808188109\">\n\n\t<div id=\"col-513300128\" class=\"col small-12 large-12\"  >\n\t\t\t\t<div class=\"col-inner text-center\"  >\n\t\t\t\n\t\t\t\n<h3>Trabalhamos perto de voc\u00ea<\/h3>\n<div class=\"wpb_text_column wpb_content_element \">\n<div class=\"wpb_wrapper\">\n<p>A Fermentis \u00e9 apoiada por meio de uma rede de cerca de 10 centros de produ\u00e7\u00e3o ao redor do mundo.<\/p>\n<p>Uma garantia adicional de conting\u00eancia e de que podemos responder\u2026<\/p>\n<\/div>\n<\/div>\n\t\t<\/div>\n\t\t\t\t\t<\/div>\n\n\t\n<\/div>\n\t\t<\/div>\n\t\t\t\t\t<\/div>\n\n\t\n<\/div>\n\t\t<\/div>\n\n\t\t\n<style>\n#section_1833027574 {\n  padding-top: 30px;\n  padding-bottom: 30px;\n}\n<\/style>\n\t<\/section>\n\t\n\n\t<section class=\"section\" id=\"section_1717282718\">\n\t\t<div class=\"section-bg fill\" >\n\t\t\t\t\t\t\t\t\t\n\t\t\t\n\n\t\t<\/div>\n\n\t\t\n\n\t\t<div class=\"section-content relative\">\n\t\t\t\n<div class=\"row\"  id=\"row-597872192\">\n\n\t<div id=\"col-1523403591\" class=\"col small-12 large-12\"  >\n\t\t\t\t<div class=\"col-inner text-center\"  >\n\t\t\t\n\t\t\t\n  <div class=\"icon-box testimonial-box icon-box-center text-center\">\n                <div class=\"icon-box-text p-last-0\">\n            \t\t\t\t<div class=\"testimonial-text line-height-small italic test_text first-reset last-reset is-italic\">\n            \n<h3>Confian\u00e7a<\/h3>\n<p><em>&quot;Oferecemos diferentes conhecimentos aos nossos clientes para alcan\u00e7ar o mais alto padr\u00e3o de qualidade.&quot; Primeiro no laborat\u00f3rio, garantimos uma produ\u00e7\u00e3o constante e, em seguida, durante os processos de fermenta\u00e7\u00e3o e secagem, definimos as caracter\u00edsticas da levedura para adaptar a receita de acordo.<br \/>\nA Fermentis garante um servi\u00e7o t\u00e9cnico confi\u00e1vel e seguro e suporte operacional. Tamb\u00e9m se trata de confian\u00e7a e de trabalhar juntos. Com o suporte de P&amp;D ou produ\u00e7\u00e3o, nossos clientes podem manter o foco em seu neg\u00f3cio principal e em seus produtos de destaque.<\/em><\/p>\n          <\/div>\n          <div class=\"testimonial-meta pt-half\">\n             <strong class=\"testimonial-name test_name\"><\/strong>\n                          <span class=\"testimonial-company test_company\"><\/span>\n          <\/div>\n        <\/div>\n  <\/div>\n\n  \n\t<div id=\"gap-1962503641\" class=\"gap-element clearfix\" style=\"display:block; height:auto;\">\n\t\t\n<style>\n#gap-1962503641 {\n  padding-top: 30px;\n}\n<\/style>\n\t<\/div>\n\t\n    <div class=\"box has-hover has-hover box-default box-text-bottom\" >\n\n                  <div class=\"box-image \" style=\"width:25%;\">\n           <div class=\"box-image-inner image-cover\" style=\"border-radius:25%;padding-top:65%;\">\n              <img loading=\"lazy\" decoding=\"async\" width=\"300\" height=\"424\" src=\"https:\/\/fermentis.com\/wp-content\/uploads\/2020\/03\/Yves-ok.jpg\" class=\"attachment- size-\" alt=\"\" srcset=\"https:\/\/fermentis.com\/wp-content\/uploads\/2020\/03\/Yves-ok.jpg 300w, https:\/\/fermentis.com\/wp-content\/uploads\/2020\/03\/Yves-ok-212x300.jpg 212w\" sizes=\"auto, (max-width: 300px) 100vw, 300px\" \/>                         <\/div>\n          <\/div>\n         \n          <div class=\"box-text text-center\" >\n                <div class=\"box-text-inner\">\n                  <h4 class=\"uppercase\">\n                    <span class=\"person-name\">Yves Gosselin<\/span><br\/>\n                    <span class=\"person-title is-small thin-font op-7\">\n                      Gerente T\u00e9cnico Global                    <\/span>\n                  <\/h4>\n\t\t\t\t\t\n                <\/div>\n          <\/div>\n    <\/div>\n\n\t\n    \n\t\t<\/div>\n\t\t\t\t\t<\/div>\n\n\t\n<\/div>\n\t\t<\/div>\n\n\t\t\n<style>\n#section_1717282718 {\n  padding-top: 30px;\n  padding-bottom: 30px;\n}\n<\/style>\n\t<\/section>\n\t\n","protected":false},"excerpt":{"rendered":"","protected":false},"author":2,"featured_media":0,"parent":510159,"menu_order":0,"comment_status":"closed","ping_status":"closed","template":"page-blank.php","meta":{"_acf_changed":false,"footnotes":""},"class_list":["post-509776","page","type-page","status-publish","hentry"],"acf":[],"yoast_head":"<!-- This site is optimized with the Yoast SEO Premium plugin v27.4 (Yoast SEO v27.4) - https:\/\/yoast.com\/product\/yoast-seo-premium-wordpress\/ -->\n<title>Fabrica\u00e7\u00e3o sob encomenda - Fermentis<\/title>\n<meta name=\"description\" content=\"A fabrica\u00e7\u00e3o por encomenda \u00e9 um servi\u00e7o que oferece a oportunidade de ter suas leveduras exclusivas baseadas em suas cria\u00e7\u00f5es, com a orienta\u00e7\u00e3o de nossos especialistas, desenvolvidas e produzidas por n\u00f3s em nossas pr\u00f3prias instala\u00e7\u00f5es.\" \/>\n<meta name=\"robots\" content=\"index, follow, max-snippet:-1, max-image-preview:large, max-video-preview:-1\" \/>\n<link rel=\"canonical\" href=\"https:\/\/fermentis.com\/pt-br\/other-services\/toll-manufacturing\/\" \/>\n<meta property=\"og:locale\" content=\"pt_BR\" \/>\n<meta property=\"og:type\" content=\"article\" \/>\n<meta property=\"og:title\" content=\"Fabrica\u00e7\u00e3o sob encomenda\" \/>\n<meta property=\"og:description\" content=\"A fabrica\u00e7\u00e3o por encomenda \u00e9 um servi\u00e7o que oferece a oportunidade de ter suas leveduras exclusivas baseadas em suas cria\u00e7\u00f5es, com a orienta\u00e7\u00e3o de nossos especialistas, desenvolvidas e produzidas por n\u00f3s em nossas pr\u00f3prias instala\u00e7\u00f5es.\" \/>\n<meta property=\"og:url\" content=\"https:\/\/fermentis.com\/pt-br\/other-services\/toll-manufacturing\/\" \/>\n<meta property=\"og:site_name\" content=\"Fermentis\" \/>\n<meta property=\"article:publisher\" content=\"https:\/\/www.facebook.com\/Fermentis\" \/>\n<meta property=\"article:modified_time\" content=\"2026-04-17T07:49:27+00:00\" \/>\n<meta property=\"og:image\" content=\"https:\/\/fermentis.com\/wp-content\/uploads\/2021\/07\/website-v2.png\" \/>\n\t<meta property=\"og:image:width\" content=\"1903\" \/>\n\t<meta property=\"og:image:height\" content=\"901\" \/>\n\t<meta property=\"og:image:type\" content=\"image\/png\" \/>\n<meta name=\"twitter:card\" content=\"summary_large_image\" \/>\n<meta name=\"twitter:site\" content=\"@fermentis\" \/>\n<meta name=\"twitter:label1\" content=\"Est. tempo de leitura\" \/>\n\t<meta name=\"twitter:data1\" content=\"2 minutos\" \/>\n<script type=\"application\/ld+json\" class=\"yoast-schema-graph\">{\"@context\":\"https:\\\/\\\/schema.org\",\"@graph\":[{\"@type\":\"WebPage\",\"@id\":\"https:\\\/\\\/fermentis.com\\\/pt-br\\\/other-services\\\/toll-manufacturing\\\/\",\"url\":\"https:\\\/\\\/fermentis.com\\\/pt-br\\\/other-services\\\/toll-manufacturing\\\/\",\"name\":\"Fabrica\u00e7\u00e3o sob encomenda - Fermentis\",\"isPartOf\":{\"@id\":\"https:\\\/\\\/fermentis.com\\\/pt-br\\\/#website\"},\"datePublished\":\"2020-03-17T23:00:00+00:00\",\"dateModified\":\"2026-04-17T07:49:27+00:00\",\"description\":\"A fabrica\u00e7\u00e3o por encomenda \u00e9 um servi\u00e7o que oferece a oportunidade de ter suas leveduras exclusivas baseadas em suas cria\u00e7\u00f5es, com a orienta\u00e7\u00e3o de nossos especialistas, desenvolvidas e produzidas por n\u00f3s em nossas pr\u00f3prias instala\u00e7\u00f5es.\",\"breadcrumb\":{\"@id\":\"https:\\\/\\\/fermentis.com\\\/pt-br\\\/other-services\\\/toll-manufacturing\\\/#breadcrumb\"},\"inLanguage\":\"pt-BR\",\"potentialAction\":[{\"@type\":\"ReadAction\",\"target\":[\"https:\\\/\\\/fermentis.com\\\/pt-br\\\/other-services\\\/toll-manufacturing\\\/\"]}]},{\"@type\":\"BreadcrumbList\",\"@id\":\"https:\\\/\\\/fermentis.com\\\/pt-br\\\/other-services\\\/toll-manufacturing\\\/#breadcrumb\",\"itemListElement\":[{\"@type\":\"ListItem\",\"position\":1,\"name\":\"Home\",\"item\":\"https:\\\/\\\/fermentis.com\\\/pt-br\\\/\"},{\"@type\":\"ListItem\",\"position\":2,\"name\":\"Outros servi\u00e7os\",\"item\":\"https:\\\/\\\/fermentis.com\\\/pt-br\\\/other-services\\\/\"},{\"@type\":\"ListItem\",\"position\":3,\"name\":\"Fabrica\u00e7\u00e3o sob encomenda\"}]},{\"@type\":\"WebSite\",\"@id\":\"https:\\\/\\\/fermentis.com\\\/pt-br\\\/#website\",\"url\":\"https:\\\/\\\/fermentis.com\\\/pt-br\\\/\",\"name\":\"Fermentis\",\"description\":\"Un site utilisant WordPress\",\"publisher\":{\"@id\":\"https:\\\/\\\/fermentis.com\\\/pt-br\\\/#organization\"},\"potentialAction\":[{\"@type\":\"SearchAction\",\"target\":{\"@type\":\"EntryPoint\",\"urlTemplate\":\"https:\\\/\\\/fermentis.com\\\/pt-br\\\/?s={search_term_string}\"},\"query-input\":{\"@type\":\"PropertyValueSpecification\",\"valueRequired\":true,\"valueName\":\"search_term_string\"}}],\"inLanguage\":\"pt-BR\"},{\"@type\":\"Organization\",\"@id\":\"https:\\\/\\\/fermentis.com\\\/pt-br\\\/#organization\",\"name\":\"Fermentis\",\"url\":\"https:\\\/\\\/fermentis.com\\\/pt-br\\\/\",\"logo\":{\"@type\":\"ImageObject\",\"inLanguage\":\"pt-BR\",\"@id\":\"https:\\\/\\\/fermentis.com\\\/pt-br\\\/#\\\/schema\\\/logo\\\/image\\\/\",\"url\":\"https:\\\/\\\/fermentis.com\\\/wp-content\\\/uploads\\\/2021\\\/07\\\/Logo-Fermentis-5.png\",\"contentUrl\":\"https:\\\/\\\/fermentis.com\\\/wp-content\\\/uploads\\\/2021\\\/07\\\/Logo-Fermentis-5.png\",\"width\":308,\"height\":95,\"caption\":\"Fermentis\"},\"image\":{\"@id\":\"https:\\\/\\\/fermentis.com\\\/pt-br\\\/#\\\/schema\\\/logo\\\/image\\\/\"},\"sameAs\":[\"https:\\\/\\\/www.facebook.com\\\/Fermentis\",\"https:\\\/\\\/x.com\\\/fermentis\",\"https:\\\/\\\/www.instagram.com\\\/fermentisbylesaffre\\\/\",\"https:\\\/\\\/www.linkedin.com\\\/company\\\/fermentis\\\/\",\"https:\\\/\\\/www.youtube.com\\\/channel\\\/UCt_Lp3IZnUNXZeqSi6iiAdA\"]}]}<\/script>\n<!-- \/ Yoast SEO Premium plugin. -->","yoast_head_json":{"title":"Fabrica\u00e7\u00e3o sob encomenda - Fermentis","description":"A fabrica\u00e7\u00e3o por encomenda \u00e9 um servi\u00e7o que oferece a oportunidade de ter suas leveduras exclusivas baseadas em suas cria\u00e7\u00f5es, com a orienta\u00e7\u00e3o de nossos especialistas, desenvolvidas e produzidas por n\u00f3s em nossas pr\u00f3prias instala\u00e7\u00f5es.","robots":{"index":"index","follow":"follow","max-snippet":"max-snippet:-1","max-image-preview":"max-image-preview:large","max-video-preview":"max-video-preview:-1"},"canonical":"https:\/\/fermentis.com\/pt-br\/other-services\/toll-manufacturing\/","og_locale":"pt_BR","og_type":"article","og_title":"Fabrica\u00e7\u00e3o sob encomenda","og_description":"A fabrica\u00e7\u00e3o por encomenda \u00e9 um servi\u00e7o que oferece a oportunidade de ter suas leveduras exclusivas baseadas em suas cria\u00e7\u00f5es, com a orienta\u00e7\u00e3o de nossos especialistas, desenvolvidas e produzidas por n\u00f3s em nossas pr\u00f3prias instala\u00e7\u00f5es.","og_url":"https:\/\/fermentis.com\/pt-br\/other-services\/toll-manufacturing\/","og_site_name":"Fermentis","article_publisher":"https:\/\/www.facebook.com\/Fermentis","article_modified_time":"2026-04-17T07:49:27+00:00","og_image":[{"width":1903,"height":901,"url":"https:\/\/fermentis.com\/wp-content\/uploads\/2021\/07\/website-v2.png","type":"image\/png"}],"twitter_card":"summary_large_image","twitter_site":"@fermentis","twitter_misc":{"Est. tempo de leitura":"2 minutos"},"schema":{"@context":"https:\/\/schema.org","@graph":[{"@type":"WebPage","@id":"https:\/\/fermentis.com\/pt-br\/other-services\/toll-manufacturing\/","url":"https:\/\/fermentis.com\/pt-br\/other-services\/toll-manufacturing\/","name":"Fabrica\u00e7\u00e3o sob encomenda - Fermentis","isPartOf":{"@id":"https:\/\/fermentis.com\/pt-br\/#website"},"datePublished":"2020-03-17T23:00:00+00:00","dateModified":"2026-04-17T07:49:27+00:00","description":"A fabrica\u00e7\u00e3o por encomenda \u00e9 um servi\u00e7o que oferece a oportunidade de ter suas leveduras exclusivas baseadas em suas cria\u00e7\u00f5es, com a orienta\u00e7\u00e3o de nossos especialistas, desenvolvidas e produzidas por n\u00f3s em nossas pr\u00f3prias instala\u00e7\u00f5es.","breadcrumb":{"@id":"https:\/\/fermentis.com\/pt-br\/other-services\/toll-manufacturing\/#breadcrumb"},"inLanguage":"pt-BR","potentialAction":[{"@type":"ReadAction","target":["https:\/\/fermentis.com\/pt-br\/other-services\/toll-manufacturing\/"]}]},{"@type":"BreadcrumbList","@id":"https:\/\/fermentis.com\/pt-br\/other-services\/toll-manufacturing\/#breadcrumb","itemListElement":[{"@type":"ListItem","position":1,"name":"Home","item":"https:\/\/fermentis.com\/pt-br\/"},{"@type":"ListItem","position":2,"name":"Outros servi\u00e7os","item":"https:\/\/fermentis.com\/pt-br\/other-services\/"},{"@type":"ListItem","position":3,"name":"Fabrica\u00e7\u00e3o sob encomenda"}]},{"@type":"WebSite","@id":"https:\/\/fermentis.com\/pt-br\/#website","url":"https:\/\/fermentis.com\/pt-br\/","name":"Fermentis","description":"Un site utilisant WordPress","publisher":{"@id":"https:\/\/fermentis.com\/pt-br\/#organization"},"potentialAction":[{"@type":"SearchAction","target":{"@type":"EntryPoint","urlTemplate":"https:\/\/fermentis.com\/pt-br\/?s={search_term_string}"},"query-input":{"@type":"PropertyValueSpecification","valueRequired":true,"valueName":"search_term_string"}}],"inLanguage":"pt-BR"},{"@type":"Organization","@id":"https:\/\/fermentis.com\/pt-br\/#organization","name":"Fermentis","url":"https:\/\/fermentis.com\/pt-br\/","logo":{"@type":"ImageObject","inLanguage":"pt-BR","@id":"https:\/\/fermentis.com\/pt-br\/#\/schema\/logo\/image\/","url":"https:\/\/fermentis.com\/wp-content\/uploads\/2021\/07\/Logo-Fermentis-5.png","contentUrl":"https:\/\/fermentis.com\/wp-content\/uploads\/2021\/07\/Logo-Fermentis-5.png","width":308,"height":95,"caption":"Fermentis"},"image":{"@id":"https:\/\/fermentis.com\/pt-br\/#\/schema\/logo\/image\/"},"sameAs":["https:\/\/www.facebook.com\/Fermentis","https:\/\/x.com\/fermentis","https:\/\/www.instagram.com\/fermentisbylesaffre\/","https:\/\/www.linkedin.com\/company\/fermentis\/","https:\/\/www.youtube.com\/channel\/UCt_Lp3IZnUNXZeqSi6iiAdA"]}]}},"_links":{"self":[{"href":"https:\/\/fermentis.com\/pt-br\/wp-json\/wp\/v2\/pages\/509776","targetHints":{"allow":["GET"]}}],"collection":[{"href":"https:\/\/fermentis.com\/pt-br\/wp-json\/wp\/v2\/pages"}],"about":[{"href":"https:\/\/fermentis.com\/pt-br\/wp-json\/wp\/v2\/types\/page"}],"author":[{"embeddable":true,"href":"https:\/\/fermentis.com\/pt-br\/wp-json\/wp\/v2\/users\/2"}],"replies":[{"embeddable":true,"href":"https:\/\/fermentis.com\/pt-br\/wp-json\/wp\/v2\/comments?post=509776"}],"version-history":[{"count":457,"href":"https:\/\/fermentis.com\/pt-br\/wp-json\/wp\/v2\/pages\/509776\/revisions"}],"predecessor-version":[{"id":717704,"href":"https:\/\/fermentis.com\/pt-br\/wp-json\/wp\/v2\/pages\/509776\/revisions\/717704"}],"up":[{"embeddable":true,"href":"https:\/\/fermentis.com\/pt-br\/wp-json\/wp\/v2\/pages\/510159"}],"wp:attachment":[{"href":"https:\/\/fermentis.com\/pt-br\/wp-json\/wp\/v2\/media?parent=509776"}],"curies":[{"name":"wp","href":"https:\/\/api.w.org\/{rel}","templated":true}]}}