{"id":510125,"date":"2020-02-20T00:00:00","date_gmt":"2020-02-19T23:00:00","guid":{"rendered":"https:\/\/fermentis.com\/our-company\/research\/new-products\/"},"modified":"2026-04-17T20:19:37","modified_gmt":"2026-04-17T18:19:37","slug":"new-products","status":"publish","type":"page","link":"https:\/\/fermentis.com\/pt-br\/our-company\/research\/new-products\/","title":{"rendered":"Desenvolvimento de produto"},"content":{"rendered":"\n  <div class=\"banner has-hover has-parallax\" id=\"banner-138123591\">\n          <div class=\"banner-inner fill\">\n        <div class=\"banner-bg fill\" data-parallax=\"-6\" data-parallax-container=\".banner\" data-parallax-background>\n            <img loading=\"lazy\" decoding=\"async\" width=\"1867\" height=\"833\" src=\"https:\/\/fermentis.com\/wp-content\/uploads\/2020\/02\/research-development.jpg\" class=\"bg attachment-original size-original\" alt=\"\" \/>                                    \n                    <\/div>\n\t\t\n        <div class=\"banner-layers container\">\n            <div class=\"fill banner-link\"><\/div>            \n        <\/div>\n      <\/div>\n\n            \n<style>\n#banner-138123591 {\n  padding-top: 200px;\n}\n#banner-138123591 .banner-bg img {\n  object-position: 42% 100%;\n}\n<\/style>\n  <\/div>\n\n\n\t<div id=\"gap-1465474281\" class=\"gap-element clearfix\" style=\"display:block; height:auto;\">\n\t\t\n<style>\n#gap-1465474281 {\n  padding-top: 40px;\n}\n<\/style>\n\t<\/div>\n\t\n\n\t<section class=\"section\" id=\"section_2114872153\">\n\t\t<div class=\"section-bg fill\" >\n\t\t\t\t\t\t\t\t\t\n\t\t\t\n\n\t\t<\/div>\n\n\t\t\n\n\t\t<div class=\"section-content relative\">\n\t\t\t\n<div class=\"row row-small align-center\"  id=\"row-1836261783\">\n\n\t<div id=\"col-663317099\" class=\"col small-12 large-12\"  >\n\t\t\t\t<div class=\"col-inner\"  >\n\t\t\t\n\t\t\t\n<div class=\"container section-title-container\" ><h1 class=\"section-title section-title-center\"><b aria-hidden=\"true\"><\/b><span class=\"section-title-main\" style=\"font-size:166%;\">Desenvolvimento de produto<\/span><b aria-hidden=\"true\"><\/b><\/h1><\/div>\n<p style=\"text-align: center\">Desenvolver novos produtos e melhorar a gama atual s\u00e3o pontos cruciais do programa de pesquisa e desenvolvimento da Fermentis. Nosso departamento de P&amp;D trabalha em estreita colabora\u00e7\u00e3o com as equipes de vendas e marketing para garantir que desenvolvemos os produtos certos para atender \u00e0s necessidades do mercado. Na Fermentis, temos duas maneiras de desenvolver novos produtos: atrav\u00e9s da obten\u00e7\u00e3o de micro-organismos e da cria\u00e7\u00e3o de h\u00edbridos.<\/p>\n\t\t<\/div>\n\t\t\t\t\t<\/div>\n\n\t\n<\/div>\n\t\t<\/div>\n\n\t\t\n<style>\n#section_2114872153 {\n  padding-top: 0px;\n  padding-bottom: 0px;\n}\n<\/style>\n\t<\/section>\n\t\n<div class=\"row row-collapse row-full-width\"  id=\"row-1026749323\">\n\n\t<div id=\"col-1971182310\" class=\"col medium-6 small-12 large-6\"  >\n\t\t\t\t<div class=\"col-inner text-center\"  >\n\t\t\t\n\t\t\t\n\n\t<section class=\"section\" id=\"section_1466935654\">\n\t\t<div class=\"section-bg fill\" >\n\t\t\t\t\t\t\t\t\t\n\t\t\t\n\n\t\t<\/div>\n\n\t\t\n\n\t\t<div class=\"section-content relative\">\n\t\t\t\n<div class=\"row align-center\"  id=\"row-407392904\">\n\n\t<div id=\"col-750132048\" class=\"col medium-7 small-9 large-7\"  >\n\t\t\t\t<div class=\"col-inner text-center\"  >\n\t\t\t\n\t\t\t\n\t<div id=\"gap-367412158\" class=\"gap-element clearfix\" style=\"display:block; height:auto;\">\n\t\t\n<style>\n#gap-367412158 {\n  padding-top: 10px;\n}\n<\/style>\n\t<\/div>\n\t\n\n\t\t<div class=\"icon-box featured-box icon-box-center text-center\"  >\n\t\t\t\t\t<div class=\"icon-box-img has-icon-bg\" style=\"width: 60px\">\n\t\t\t\t<div class=\"icon\">\n\t\t\t\t\t<div class=\"icon-inner\" style=\"border-width:2px;color:rgb(239, 117, 0);\">\n\t\t\t\t\t\t<img loading=\"lazy\" decoding=\"async\" width=\"1\" height=\"1\" src=\"https:\/\/fermentis.com\/wp-content\/uploads\/2020\/03\/magnifying-glass-2.svg\" class=\"attachment-medium size-medium\" alt=\"\" \/>\t\t\t\t\t<\/div>\n\t\t\t\t<\/div>\n\t\t\t<\/div>\n\t\t\t\t<div class=\"icon-box-text last-reset\">\n\t\t\t\t\t\t\t\t\t\n<h3>Aquisi\u00e7\u00e3o de novos micro-organismos<\/h3>\n<p><span style=\"font-size: 100%\">A primeira maneira para a Fermentis lan\u00e7ar um novo produto \u00e9 atrav\u00e9s da triagem de micro-organismos existentes (leveduras, bact\u00e9rias). <\/span><\/p>\n<p><span style=\"font-size: 100%\">A Fermentis possui seu pr\u00f3prio banco de variedades de leveduras, gerenciado pela Lesaffre. Para lan\u00e7amentos de novos produtos, a equipe de P&amp;D pode extrair cepas espec\u00edficas de levedura e prosseguir com os testes, que podem incluir a caracteriza\u00e7\u00e3o das cepas.<\/span><\/p>\n<p>A Fermentis tamb\u00e9m pode obter micro-organismos de bancos externos.<\/p>\n\t\t<\/div>\n\t<\/div>\n\t\n\t\n\t<div id=\"gap-2101235144\" class=\"gap-element clearfix\" style=\"display:block; height:auto;\">\n\t\t\n<style>\n#gap-2101235144 {\n  padding-top: 10px;\n}\n<\/style>\n\t<\/div>\n\t\n\t\t<\/div>\n\t\t\t\t\n<style>\n#col-750132048 > .col-inner {\n  padding: 0px 0px 0px 0px;\n  margin: 0px 0px 0px 0px;\n}\n<\/style>\n\t<\/div>\n\n\t\n<\/div>\n\t\t<\/div>\n\n\t\t\n<style>\n#section_1466935654 {\n  padding-top: 70px;\n  padding-bottom: 70px;\n}\n@media (min-width:550px) {\n  #section_1466935654 {\n    padding-top: 60px;\n    padding-bottom: 60px;\n  }\n}\n<\/style>\n\t<\/section>\n\t\n\t\t<\/div>\n\t\t\t\t\t<\/div>\n\n\t\n\n\t<div id=\"col-1981517516\" class=\"col medium-6 small-12 large-6\"  >\n\t\t\t\t<div class=\"col-inner\"  >\n\t\t\t\n\t\t\t\n\n\t<section class=\"section\" id=\"section_619252686\">\n\t\t<div class=\"section-bg fill\" >\n\t\t\t\t\t\t\t\t\t\n\t\t\t\n\n\t\t<\/div>\n\n\t\t\n\n\t\t<div class=\"section-content relative\">\n\t\t\t\n<div class=\"row align-center\"  id=\"row-156695887\">\n\n\t<div id=\"col-2045639892\" class=\"col medium-7 small-9 large-7\"  >\n\t\t\t\t<div class=\"col-inner text-center\"  >\n\t\t\t\n\t\t\t\n\t<div id=\"gap-51683649\" class=\"gap-element clearfix\" style=\"display:block; height:auto;\">\n\t\t\n<style>\n#gap-51683649 {\n  padding-top: 10px;\n}\n<\/style>\n\t<\/div>\n\t\n\n\t\t<div class=\"icon-box featured-box icon-box-center text-center\"  >\n\t\t\t\t\t<div class=\"icon-box-img has-icon-bg\" style=\"width: 60px\">\n\t\t\t\t<div class=\"icon\">\n\t\t\t\t\t<div class=\"icon-inner\" style=\"border-width:2px;color:rgb(239, 117, 0);\">\n\t\t\t\t\t\t<img loading=\"lazy\" decoding=\"async\" width=\"1\" height=\"1\" src=\"https:\/\/fermentis.com\/wp-content\/uploads\/2020\/03\/micrscope.svg\" class=\"attachment-medium size-medium\" alt=\"\" \/>\t\t\t\t\t<\/div>\n\t\t\t\t<\/div>\n\t\t\t<\/div>\n\t\t\t\t<div class=\"icon-box-text last-reset\">\n\t\t\t\t\t\t\t\t\t\n<h3>Criando novos h\u00edbridos<\/h3>\n<p><span style=\"font-size: 100%\">Outra maneira para a equipe de P&amp;D da Fermentis criar novos produtos \u00e9 atrav\u00e9s da hibridiza\u00e7\u00e3o. <\/span><\/p>\n<p>Ao utilizar v\u00e1rias cepas de levedura &quot;m\u00e3e&quot;, a Fermentis pode gerar uma nova biodiversidade e dar origem a novas cepas de levedura &quot;filha&quot;, que geralmente compartilham algumas das caracter\u00edsticas das cepas m\u00e3e.<\/p>\n<p>Ao experimentar com hibridiza\u00e7\u00e3o, a Fermentis lan\u00e7ou muitas novas cepas de levedura bem-sucedidas.<\/p>\n\t\t<\/div>\n\t<\/div>\n\t\n\t\n\t<div id=\"gap-475476763\" class=\"gap-element clearfix\" style=\"display:block; height:auto;\">\n\t\t\n<style>\n#gap-475476763 {\n  padding-top: 10px;\n}\n<\/style>\n\t<\/div>\n\t\n\t\t<\/div>\n\t\t\t\t\n<style>\n#col-2045639892 > .col-inner {\n  padding: 0px 0px 0px 0px;\n  margin: 0px 0px 0px 0px;\n}\n<\/style>\n\t<\/div>\n\n\t\n<\/div>\n\t\t<\/div>\n\n\t\t\n<style>\n#section_619252686 {\n  padding-top: 70px;\n  padding-bottom: 70px;\n  background-color: rgb(242, 242, 242);\n}\n@media (min-width:550px) {\n  #section_619252686 {\n    padding-top: 60px;\n    padding-bottom: 60px;\n  }\n}\n<\/style>\n\t<\/section>\n\t\n\t\t<\/div>\n\t\t\t\t\t<\/div>\n\n\t\n<\/div>\n\n\t<section class=\"section\" id=\"section_1397482624\">\n\t\t<div class=\"section-bg fill\" >\n\t\t\t\t\t\t\t\t\t\n\t\t\t\n\n\t\t<\/div>\n\n\t\t\n\n\t\t<div class=\"section-content relative\">\n\t\t\t\n\t<div id=\"gap-1144760977\" class=\"gap-element clearfix\" style=\"display:block; height:auto;\">\n\t\t\n<style>\n#gap-1144760977 {\n  padding-top: &quot;50px&quot;;\n}\n<\/style>\n\t<\/div>\n\t\n<p style=\"text-align: center\">A equipe de P&amp;D da Fermentis tamb\u00e9m trabalha em uma s\u00e9rie de outros desenvolvimentos, como: produtos auxiliares de fermenta\u00e7\u00e3o, produtos funcionais, enzimas&#8230; e at\u00e9 ferramentas para ajudar os fabricantes de bebidas em suas tarefas di\u00e1rias.<\/p>\n<div class=\"row row-small align-center\"  id=\"row-1387612439\">\n\n\t<div id=\"col-1624959139\" class=\"col small-12 large-12\"  >\n\t\t\t\t<div class=\"col-inner\"  >\n\t\t\t\n\t\t\t\n\t\t<\/div>\n\t\t\t\t\t<\/div>\n\n\t\n<\/div>\n\t\t<\/div>\n\n\t\t\n<style>\n#section_1397482624 {\n  padding-top: 0px;\n  padding-bottom: 0px;\n}\n<\/style>\n\t<\/section>\n\t\n","protected":false},"excerpt":{"rendered":"","protected":false},"author":2,"featured_media":0,"parent":510118,"menu_order":0,"comment_status":"closed","ping_status":"closed","template":"page-blank.php","meta":{"_acf_changed":false,"footnotes":""},"class_list":["post-510125","page","type-page","status-publish","hentry"],"acf":[],"yoast_head":"<!-- This site is optimized with the Yoast SEO Premium plugin v27.4 (Yoast SEO v27.4) - https:\/\/yoast.com\/product\/yoast-seo-premium-wordpress\/ -->\n<title>Desenvolvimento de produto - Fermentis<\/title>\n<meta name=\"description\" content=\"Desenvolver novos produtos \u00e9 outra prioridade da Fermentis, assim como melhorar a linha atual. Voc\u00ea encontrar\u00e1 aqui como procedemos.\" \/>\n<meta name=\"robots\" content=\"index, follow, max-snippet:-1, max-image-preview:large, max-video-preview:-1\" \/>\n<link rel=\"canonical\" href=\"https:\/\/fermentis.com\/pt-br\/our-company\/research\/new-products\/\" \/>\n<meta property=\"og:locale\" content=\"pt_BR\" \/>\n<meta property=\"og:type\" content=\"article\" \/>\n<meta property=\"og:title\" content=\"Desenvolvimento de produto\" \/>\n<meta property=\"og:description\" content=\"Desenvolver novos produtos \u00e9 outra prioridade da Fermentis, assim como melhorar a linha atual. Voc\u00ea encontrar\u00e1 aqui como procedemos.\" \/>\n<meta property=\"og:url\" content=\"https:\/\/fermentis.com\/pt-br\/our-company\/research\/new-products\/\" \/>\n<meta property=\"og:site_name\" content=\"Fermentis\" \/>\n<meta property=\"article:publisher\" content=\"https:\/\/www.facebook.com\/Fermentis\" \/>\n<meta property=\"article:modified_time\" content=\"2026-04-17T18:19:37+00:00\" \/>\n<meta property=\"og:image\" content=\"https:\/\/fermentis.com\/wp-content\/uploads\/2021\/07\/website-v2.png\" \/>\n\t<meta property=\"og:image:width\" content=\"1903\" \/>\n\t<meta property=\"og:image:height\" content=\"901\" \/>\n\t<meta property=\"og:image:type\" content=\"image\/png\" \/>\n<meta name=\"twitter:card\" content=\"summary_large_image\" \/>\n<meta name=\"twitter:site\" content=\"@fermentis\" \/>\n<meta name=\"twitter:label1\" content=\"Est. tempo de leitura\" \/>\n\t<meta name=\"twitter:data1\" content=\"2 minutos\" \/>\n<script type=\"application\/ld+json\" class=\"yoast-schema-graph\">{\"@context\":\"https:\\\/\\\/schema.org\",\"@graph\":[{\"@type\":\"WebPage\",\"@id\":\"https:\\\/\\\/fermentis.com\\\/pt-br\\\/our-company\\\/research\\\/new-products\\\/\",\"url\":\"https:\\\/\\\/fermentis.com\\\/pt-br\\\/our-company\\\/research\\\/new-products\\\/\",\"name\":\"Desenvolvimento de produto - Fermentis\",\"isPartOf\":{\"@id\":\"https:\\\/\\\/fermentis.com\\\/pt-br\\\/#website\"},\"datePublished\":\"2020-02-19T23:00:00+00:00\",\"dateModified\":\"2026-04-17T18:19:37+00:00\",\"description\":\"Desenvolver novos produtos \u00e9 outra prioridade da Fermentis, assim como melhorar a linha atual. Voc\u00ea encontrar\u00e1 aqui como procedemos.\",\"breadcrumb\":{\"@id\":\"https:\\\/\\\/fermentis.com\\\/pt-br\\\/our-company\\\/research\\\/new-products\\\/#breadcrumb\"},\"inLanguage\":\"pt-BR\",\"potentialAction\":[{\"@type\":\"ReadAction\",\"target\":[\"https:\\\/\\\/fermentis.com\\\/pt-br\\\/our-company\\\/research\\\/new-products\\\/\"]}]},{\"@type\":\"BreadcrumbList\",\"@id\":\"https:\\\/\\\/fermentis.com\\\/pt-br\\\/our-company\\\/research\\\/new-products\\\/#breadcrumb\",\"itemListElement\":[{\"@type\":\"ListItem\",\"position\":1,\"name\":\"Home\",\"item\":\"https:\\\/\\\/fermentis.com\\\/pt-br\\\/\"},{\"@type\":\"ListItem\",\"position\":2,\"name\":\"Nossa empresa\",\"item\":\"https:\\\/\\\/fermentis.com\\\/pt-br\\\/our-company\\\/\"},{\"@type\":\"ListItem\",\"position\":3,\"name\":\"Pesquisa e desenvolvimento\",\"item\":\"https:\\\/\\\/fermentis.com\\\/pt-br\\\/our-company\\\/research\\\/\"},{\"@type\":\"ListItem\",\"position\":4,\"name\":\"Desenvolvimento de produto\"}]},{\"@type\":\"WebSite\",\"@id\":\"https:\\\/\\\/fermentis.com\\\/pt-br\\\/#website\",\"url\":\"https:\\\/\\\/fermentis.com\\\/pt-br\\\/\",\"name\":\"Fermentis\",\"description\":\"Un site utilisant WordPress\",\"publisher\":{\"@id\":\"https:\\\/\\\/fermentis.com\\\/pt-br\\\/#organization\"},\"potentialAction\":[{\"@type\":\"SearchAction\",\"target\":{\"@type\":\"EntryPoint\",\"urlTemplate\":\"https:\\\/\\\/fermentis.com\\\/pt-br\\\/?s={search_term_string}\"},\"query-input\":{\"@type\":\"PropertyValueSpecification\",\"valueRequired\":true,\"valueName\":\"search_term_string\"}}],\"inLanguage\":\"pt-BR\"},{\"@type\":\"Organization\",\"@id\":\"https:\\\/\\\/fermentis.com\\\/pt-br\\\/#organization\",\"name\":\"Fermentis\",\"url\":\"https:\\\/\\\/fermentis.com\\\/pt-br\\\/\",\"logo\":{\"@type\":\"ImageObject\",\"inLanguage\":\"pt-BR\",\"@id\":\"https:\\\/\\\/fermentis.com\\\/pt-br\\\/#\\\/schema\\\/logo\\\/image\\\/\",\"url\":\"https:\\\/\\\/fermentis.com\\\/wp-content\\\/uploads\\\/2021\\\/07\\\/Logo-Fermentis-5.png\",\"contentUrl\":\"https:\\\/\\\/fermentis.com\\\/wp-content\\\/uploads\\\/2021\\\/07\\\/Logo-Fermentis-5.png\",\"width\":308,\"height\":95,\"caption\":\"Fermentis\"},\"image\":{\"@id\":\"https:\\\/\\\/fermentis.com\\\/pt-br\\\/#\\\/schema\\\/logo\\\/image\\\/\"},\"sameAs\":[\"https:\\\/\\\/www.facebook.com\\\/Fermentis\",\"https:\\\/\\\/x.com\\\/fermentis\",\"https:\\\/\\\/www.instagram.com\\\/fermentisbylesaffre\\\/\",\"https:\\\/\\\/www.linkedin.com\\\/company\\\/fermentis\\\/\",\"https:\\\/\\\/www.youtube.com\\\/channel\\\/UCt_Lp3IZnUNXZeqSi6iiAdA\"]}]}<\/script>\n<!-- \/ Yoast SEO Premium plugin. -->","yoast_head_json":{"title":"Desenvolvimento de produto - Fermentis","description":"Desenvolver novos produtos \u00e9 outra prioridade da Fermentis, assim como melhorar a linha atual. Voc\u00ea encontrar\u00e1 aqui como procedemos.","robots":{"index":"index","follow":"follow","max-snippet":"max-snippet:-1","max-image-preview":"max-image-preview:large","max-video-preview":"max-video-preview:-1"},"canonical":"https:\/\/fermentis.com\/pt-br\/our-company\/research\/new-products\/","og_locale":"pt_BR","og_type":"article","og_title":"Desenvolvimento de produto","og_description":"Desenvolver novos produtos \u00e9 outra prioridade da Fermentis, assim como melhorar a linha atual. Voc\u00ea encontrar\u00e1 aqui como procedemos.","og_url":"https:\/\/fermentis.com\/pt-br\/our-company\/research\/new-products\/","og_site_name":"Fermentis","article_publisher":"https:\/\/www.facebook.com\/Fermentis","article_modified_time":"2026-04-17T18:19:37+00:00","og_image":[{"width":1903,"height":901,"url":"https:\/\/fermentis.com\/wp-content\/uploads\/2021\/07\/website-v2.png","type":"image\/png"}],"twitter_card":"summary_large_image","twitter_site":"@fermentis","twitter_misc":{"Est. tempo de leitura":"2 minutos"},"schema":{"@context":"https:\/\/schema.org","@graph":[{"@type":"WebPage","@id":"https:\/\/fermentis.com\/pt-br\/our-company\/research\/new-products\/","url":"https:\/\/fermentis.com\/pt-br\/our-company\/research\/new-products\/","name":"Desenvolvimento de produto - Fermentis","isPartOf":{"@id":"https:\/\/fermentis.com\/pt-br\/#website"},"datePublished":"2020-02-19T23:00:00+00:00","dateModified":"2026-04-17T18:19:37+00:00","description":"Desenvolver novos produtos \u00e9 outra prioridade da Fermentis, assim como melhorar a linha atual. Voc\u00ea encontrar\u00e1 aqui como procedemos.","breadcrumb":{"@id":"https:\/\/fermentis.com\/pt-br\/our-company\/research\/new-products\/#breadcrumb"},"inLanguage":"pt-BR","potentialAction":[{"@type":"ReadAction","target":["https:\/\/fermentis.com\/pt-br\/our-company\/research\/new-products\/"]}]},{"@type":"BreadcrumbList","@id":"https:\/\/fermentis.com\/pt-br\/our-company\/research\/new-products\/#breadcrumb","itemListElement":[{"@type":"ListItem","position":1,"name":"Home","item":"https:\/\/fermentis.com\/pt-br\/"},{"@type":"ListItem","position":2,"name":"Nossa empresa","item":"https:\/\/fermentis.com\/pt-br\/our-company\/"},{"@type":"ListItem","position":3,"name":"Pesquisa e desenvolvimento","item":"https:\/\/fermentis.com\/pt-br\/our-company\/research\/"},{"@type":"ListItem","position":4,"name":"Desenvolvimento de produto"}]},{"@type":"WebSite","@id":"https:\/\/fermentis.com\/pt-br\/#website","url":"https:\/\/fermentis.com\/pt-br\/","name":"Fermentis","description":"Un site utilisant WordPress","publisher":{"@id":"https:\/\/fermentis.com\/pt-br\/#organization"},"potentialAction":[{"@type":"SearchAction","target":{"@type":"EntryPoint","urlTemplate":"https:\/\/fermentis.com\/pt-br\/?s={search_term_string}"},"query-input":{"@type":"PropertyValueSpecification","valueRequired":true,"valueName":"search_term_string"}}],"inLanguage":"pt-BR"},{"@type":"Organization","@id":"https:\/\/fermentis.com\/pt-br\/#organization","name":"Fermentis","url":"https:\/\/fermentis.com\/pt-br\/","logo":{"@type":"ImageObject","inLanguage":"pt-BR","@id":"https:\/\/fermentis.com\/pt-br\/#\/schema\/logo\/image\/","url":"https:\/\/fermentis.com\/wp-content\/uploads\/2021\/07\/Logo-Fermentis-5.png","contentUrl":"https:\/\/fermentis.com\/wp-content\/uploads\/2021\/07\/Logo-Fermentis-5.png","width":308,"height":95,"caption":"Fermentis"},"image":{"@id":"https:\/\/fermentis.com\/pt-br\/#\/schema\/logo\/image\/"},"sameAs":["https:\/\/www.facebook.com\/Fermentis","https:\/\/x.com\/fermentis","https:\/\/www.instagram.com\/fermentisbylesaffre\/","https:\/\/www.linkedin.com\/company\/fermentis\/","https:\/\/www.youtube.com\/channel\/UCt_Lp3IZnUNXZeqSi6iiAdA"]}]}},"_links":{"self":[{"href":"https:\/\/fermentis.com\/pt-br\/wp-json\/wp\/v2\/pages\/510125","targetHints":{"allow":["GET"]}}],"collection":[{"href":"https:\/\/fermentis.com\/pt-br\/wp-json\/wp\/v2\/pages"}],"about":[{"href":"https:\/\/fermentis.com\/pt-br\/wp-json\/wp\/v2\/types\/page"}],"author":[{"embeddable":true,"href":"https:\/\/fermentis.com\/pt-br\/wp-json\/wp\/v2\/users\/2"}],"replies":[{"embeddable":true,"href":"https:\/\/fermentis.com\/pt-br\/wp-json\/wp\/v2\/comments?post=510125"}],"version-history":[{"count":475,"href":"https:\/\/fermentis.com\/pt-br\/wp-json\/wp\/v2\/pages\/510125\/revisions"}],"predecessor-version":[{"id":718079,"href":"https:\/\/fermentis.com\/pt-br\/wp-json\/wp\/v2\/pages\/510125\/revisions\/718079"}],"up":[{"embeddable":true,"href":"https:\/\/fermentis.com\/pt-br\/wp-json\/wp\/v2\/pages\/510118"}],"wp:attachment":[{"href":"https:\/\/fermentis.com\/pt-br\/wp-json\/wp\/v2\/media?parent=510125"}],"curies":[{"name":"wp","href":"https:\/\/api.w.org\/{rel}","templated":true}]}}