{"id":510159,"date":"2020-03-18T00:00:00","date_gmt":"2020-03-17T23:00:00","guid":{"rendered":"https:\/\/fermentis.com\/other-services-2\/"},"modified":"2026-03-27T14:47:35","modified_gmt":"2026-03-27T13:47:35","slug":"other-services","status":"publish","type":"page","link":"https:\/\/fermentis.com\/pt-br\/other-services\/","title":{"rendered":"Outros servi\u00e7os"},"content":{"rendered":"\n  <div class=\"banner has-hover\" id=\"banner-1162788934\">\n          <div class=\"banner-inner fill\">\n        <div class=\"banner-bg fill\" >\n                                                \n                    <\/div>\n\t\t\n        <div class=\"banner-layers container\">\n            <div class=\"fill banner-link\"><\/div>            \n   <div id=\"text-box-1853937625\" class=\"text-box banner-layer x50 md-x50 lg-x50 y50 md-y50 lg-y50 res-text\">\n                                <div class=\"text-box-content text \">\n              \n              <div class=\"text-inner text-center\">\n                  \n<h1><span style=\"font-size: 80%\"><strong>Outros servi\u00e7os<\/strong><\/span><\/h1>\n\t<div id=\"gap-106437163\" class=\"gap-element clearfix\" style=\"display:block; height:auto;\">\n\t\t\n<style>\n#gap-106437163 {\n  padding-top: &quot;15px&quot;;\n}\n<\/style>\n\t<\/div>\n\t\n<p>Podemos aconselh\u00e1-lo sobre quest\u00f5es t\u00e9cnicas e at\u00e9 mesmo ajudar em caso de fermenta\u00e7\u00f5es dif\u00edceis. Podemos trabalhar com voc\u00ea na express\u00e3o de caracter\u00edsticas sensoriais e fazer diagn\u00f3sticos personalizados, bem como recomenda\u00e7\u00f5es. Podemos treinar suas equipes ou receb\u00ea-las para compartilhar algumas de nossas dicas de fermenta\u00e7\u00e3o. E continuaremos a pesquisar e inovar cada vez mais com voc\u00ea ao nosso lado.<\/p>\n              <\/div>\n           <\/div>\n                            \n<style>\n#text-box-1853937625 {\n  width: 81%;\n}\n#text-box-1853937625 .text-box-content {\n  font-size: 100%;\n}\n<\/style>\n    <\/div>\n \n        <\/div>\n      <\/div>\n\n            \n<style>\n#banner-1162788934 {\n  padding-top: 380px;\n  background-color: rgb(255, 255, 255);\n}\n<\/style>\n  <\/div>\n\n\n<div class=\"row\"  id=\"row-188713679\">\n\n\t<div id=\"col-75291911\" class=\"col medium-6 small-12 large-6\"  >\n\t\t\t\t<div class=\"col-inner\"  >\n\t\t\t\n\t\t\t\n\n  <div class=\"banner has-hover\" id=\"banner-1351025999\">\n          <div class=\"banner-inner fill\">\n        <div class=\"banner-bg fill\" >\n            <img loading=\"lazy\" decoding=\"async\" width=\"1020\" height=\"398\" src=\"https:\/\/fermentis.com\/wp-content\/uploads\/2020\/03\/Toll_Manufacturing-Web-3-1024x400-1.jpg\" class=\"bg attachment-large size-large\" alt=\"toll manufacturing banner\" \/>                        <div class=\"overlay\"><\/div>            \n                    <\/div>\n\t\t\n        <div class=\"banner-layers container\">\n            <a class=\"fill\" href=\"https:\/\/fermentis.com\/pt-br\/other-services\/toll-manufacturing\/\"><div class=\"fill banner-link\"><\/div><\/a>            \n   <div id=\"text-box-174979537\" class=\"text-box banner-layer x50 md-x50 lg-x50 y50 md-y50 lg-y50 res-text\">\n                                <div class=\"text-box-content text dark\">\n              \n              <div class=\"text-inner text-center\">\n                  \n<h3 class=\"uppercase\"><a href=\"https:\/\/fermentis.com\/pt-br\/other-services\/toll-manufacturing\/\"><strong>Fabrica\u00e7\u00e3o sob encomenda<\/strong><\/a><\/h3>\n              <\/div>\n           <\/div>\n                            \n<style>\n#text-box-174979537 {\n  width: 60%;\n}\n#text-box-174979537 .text-box-content {\n  font-size: 100%;\n}\n<\/style>\n    <\/div>\n \n        <\/div>\n      <\/div>\n\n            \n<style>\n#banner-1351025999 {\n  padding-top: 270px;\n}\n#banner-1351025999 .overlay {\n  background-color: rgba(0, 0, 0, 0.65);\n}\n<\/style>\n  <\/div>\n\n\n\t\t<\/div>\n\t\t\t\t\t<\/div>\n\n\t\n\n\t<div id=\"col-35950023\" class=\"col medium-6 small-12 large-6\"  >\n\t\t\t\t<div class=\"col-inner\"  >\n\t\t\t\n\t\t\t\n\n  <div class=\"banner has-hover\" id=\"banner-743470041\">\n          <div class=\"banner-inner fill\">\n        <div class=\"banner-bg fill\" >\n            <img loading=\"lazy\" decoding=\"async\" width=\"1000\" height=\"750\" src=\"https:\/\/fermentis.com\/wp-content\/uploads\/2020\/02\/characterisation-tasting.jpg\" class=\"bg attachment-large size-large\" alt=\"\" \/>                        <div class=\"overlay\"><\/div>            \n                    <\/div>\n\t\t\n        <div class=\"banner-layers container\">\n            <div class=\"fill banner-link\"><\/div>            \n   <div id=\"text-box-772949357\" class=\"text-box banner-layer x50 md-x50 lg-x50 y50 md-y50 lg-y50 res-text\">\n                                <div class=\"text-box-content text dark\">\n              \n              <div class=\"text-inner text-center\">\n                  \n<h3 class=\"uppercase\"><a href=\"https:\/\/fermentis.com\/en\/other-services\/beverage-tastings\/\"><strong>degusta\u00e7\u00e3o de bebidas<\/strong><\/a><\/h3>\n              <\/div>\n           <\/div>\n                            \n<style>\n#text-box-772949357 {\n  width: 60%;\n}\n#text-box-772949357 .text-box-content {\n  font-size: 100%;\n}\n<\/style>\n    <\/div>\n \n        <\/div>\n      <\/div>\n\n            \n<style>\n#banner-743470041 {\n  padding-top: 270px;\n}\n#banner-743470041 .overlay {\n  background-color: rgba(0, 0, 0, 0.65);\n}\n<\/style>\n  <\/div>\n\n\n\t\t<\/div>\n\t\t\t\t\t<\/div>\n\n\t\n<\/div>\n","protected":false},"excerpt":{"rendered":"","protected":false},"author":2,"featured_media":0,"parent":0,"menu_order":0,"comment_status":"closed","ping_status":"open","template":"page-blank.php","meta":{"_acf_changed":false,"footnotes":""},"class_list":["post-510159","page","type-page","status-publish","hentry"],"acf":[],"yoast_head":"<!-- This site is optimized with the Yoast SEO Premium plugin v27.4 (Yoast SEO v27.4) - https:\/\/yoast.com\/product\/yoast-seo-premium-wordpress\/ -->\n<title>Outros servi\u00e7os - Fermentis<\/title>\n<meta name=\"description\" content=\"Oferecemos servi\u00e7os personalizados, como produtos personalizados, diagn\u00f3sticos por meio de nossa fabrica\u00e7\u00e3o sob encomenda ou servi\u00e7os de treinamento de degusta\u00e7\u00e3o.\" \/>\n<meta name=\"robots\" content=\"index, follow, max-snippet:-1, max-image-preview:large, max-video-preview:-1\" \/>\n<link rel=\"canonical\" href=\"https:\/\/fermentis.com\/pt-br\/other-services\/\" \/>\n<meta property=\"og:locale\" content=\"pt_BR\" \/>\n<meta property=\"og:type\" content=\"article\" \/>\n<meta property=\"og:title\" content=\"Outros servi\u00e7os\" \/>\n<meta property=\"og:description\" content=\"Oferecemos servi\u00e7os personalizados, como produtos personalizados, diagn\u00f3sticos por meio de nossa fabrica\u00e7\u00e3o sob encomenda ou servi\u00e7os de treinamento de degusta\u00e7\u00e3o.\" \/>\n<meta property=\"og:url\" content=\"https:\/\/fermentis.com\/pt-br\/other-services\/\" \/>\n<meta property=\"og:site_name\" content=\"Fermentis\" \/>\n<meta property=\"article:publisher\" content=\"https:\/\/www.facebook.com\/Fermentis\" \/>\n<meta property=\"article:modified_time\" content=\"2026-03-27T13:47:35+00:00\" \/>\n<meta property=\"og:image\" content=\"https:\/\/fermentis.com\/wp-content\/uploads\/2021\/07\/website-v2.png\" \/>\n\t<meta property=\"og:image:width\" content=\"1903\" \/>\n\t<meta property=\"og:image:height\" content=\"901\" \/>\n\t<meta property=\"og:image:type\" content=\"image\/png\" \/>\n<meta name=\"twitter:card\" content=\"summary_large_image\" \/>\n<meta name=\"twitter:site\" content=\"@fermentis\" \/>\n<meta name=\"twitter:label1\" content=\"Est. tempo de leitura\" \/>\n\t<meta name=\"twitter:data1\" content=\"1 minuto\" \/>\n<script type=\"application\/ld+json\" class=\"yoast-schema-graph\">{\"@context\":\"https:\\\/\\\/schema.org\",\"@graph\":[{\"@type\":\"WebPage\",\"@id\":\"https:\\\/\\\/fermentis.com\\\/pt-br\\\/other-services\\\/\",\"url\":\"https:\\\/\\\/fermentis.com\\\/pt-br\\\/other-services\\\/\",\"name\":\"Outros servi\u00e7os - Fermentis\",\"isPartOf\":{\"@id\":\"https:\\\/\\\/fermentis.com\\\/pt-br\\\/#website\"},\"datePublished\":\"2020-03-17T23:00:00+00:00\",\"dateModified\":\"2026-03-27T13:47:35+00:00\",\"description\":\"Oferecemos servi\u00e7os personalizados, como produtos personalizados, diagn\u00f3sticos por meio de nossa fabrica\u00e7\u00e3o sob encomenda ou servi\u00e7os de treinamento de degusta\u00e7\u00e3o.\",\"breadcrumb\":{\"@id\":\"https:\\\/\\\/fermentis.com\\\/pt-br\\\/other-services\\\/#breadcrumb\"},\"inLanguage\":\"pt-BR\",\"potentialAction\":[{\"@type\":\"ReadAction\",\"target\":[\"https:\\\/\\\/fermentis.com\\\/pt-br\\\/other-services\\\/\"]}]},{\"@type\":\"BreadcrumbList\",\"@id\":\"https:\\\/\\\/fermentis.com\\\/pt-br\\\/other-services\\\/#breadcrumb\",\"itemListElement\":[{\"@type\":\"ListItem\",\"position\":1,\"name\":\"Home\",\"item\":\"https:\\\/\\\/fermentis.com\\\/pt-br\\\/\"},{\"@type\":\"ListItem\",\"position\":2,\"name\":\"Outros servi\u00e7os\"}]},{\"@type\":\"WebSite\",\"@id\":\"https:\\\/\\\/fermentis.com\\\/pt-br\\\/#website\",\"url\":\"https:\\\/\\\/fermentis.com\\\/pt-br\\\/\",\"name\":\"Fermentis\",\"description\":\"Un site utilisant WordPress\",\"publisher\":{\"@id\":\"https:\\\/\\\/fermentis.com\\\/pt-br\\\/#organization\"},\"potentialAction\":[{\"@type\":\"SearchAction\",\"target\":{\"@type\":\"EntryPoint\",\"urlTemplate\":\"https:\\\/\\\/fermentis.com\\\/pt-br\\\/?s={search_term_string}\"},\"query-input\":{\"@type\":\"PropertyValueSpecification\",\"valueRequired\":true,\"valueName\":\"search_term_string\"}}],\"inLanguage\":\"pt-BR\"},{\"@type\":\"Organization\",\"@id\":\"https:\\\/\\\/fermentis.com\\\/pt-br\\\/#organization\",\"name\":\"Fermentis\",\"url\":\"https:\\\/\\\/fermentis.com\\\/pt-br\\\/\",\"logo\":{\"@type\":\"ImageObject\",\"inLanguage\":\"pt-BR\",\"@id\":\"https:\\\/\\\/fermentis.com\\\/pt-br\\\/#\\\/schema\\\/logo\\\/image\\\/\",\"url\":\"https:\\\/\\\/fermentis.com\\\/wp-content\\\/uploads\\\/2021\\\/07\\\/Logo-Fermentis-5.png\",\"contentUrl\":\"https:\\\/\\\/fermentis.com\\\/wp-content\\\/uploads\\\/2021\\\/07\\\/Logo-Fermentis-5.png\",\"width\":308,\"height\":95,\"caption\":\"Fermentis\"},\"image\":{\"@id\":\"https:\\\/\\\/fermentis.com\\\/pt-br\\\/#\\\/schema\\\/logo\\\/image\\\/\"},\"sameAs\":[\"https:\\\/\\\/www.facebook.com\\\/Fermentis\",\"https:\\\/\\\/x.com\\\/fermentis\",\"https:\\\/\\\/www.instagram.com\\\/fermentisbylesaffre\\\/\",\"https:\\\/\\\/www.linkedin.com\\\/company\\\/fermentis\\\/\",\"https:\\\/\\\/www.youtube.com\\\/channel\\\/UCt_Lp3IZnUNXZeqSi6iiAdA\"]}]}<\/script>\n<!-- \/ Yoast SEO Premium plugin. -->","yoast_head_json":{"title":"Outros servi\u00e7os - Fermentis","description":"Oferecemos servi\u00e7os personalizados, como produtos personalizados, diagn\u00f3sticos por meio de nossa fabrica\u00e7\u00e3o sob encomenda ou servi\u00e7os de treinamento de degusta\u00e7\u00e3o.","robots":{"index":"index","follow":"follow","max-snippet":"max-snippet:-1","max-image-preview":"max-image-preview:large","max-video-preview":"max-video-preview:-1"},"canonical":"https:\/\/fermentis.com\/pt-br\/other-services\/","og_locale":"pt_BR","og_type":"article","og_title":"Outros servi\u00e7os","og_description":"Oferecemos servi\u00e7os personalizados, como produtos personalizados, diagn\u00f3sticos por meio de nossa fabrica\u00e7\u00e3o sob encomenda ou servi\u00e7os de treinamento de degusta\u00e7\u00e3o.","og_url":"https:\/\/fermentis.com\/pt-br\/other-services\/","og_site_name":"Fermentis","article_publisher":"https:\/\/www.facebook.com\/Fermentis","article_modified_time":"2026-03-27T13:47:35+00:00","og_image":[{"width":1903,"height":901,"url":"https:\/\/fermentis.com\/wp-content\/uploads\/2021\/07\/website-v2.png","type":"image\/png"}],"twitter_card":"summary_large_image","twitter_site":"@fermentis","twitter_misc":{"Est. tempo de leitura":"1 minuto"},"schema":{"@context":"https:\/\/schema.org","@graph":[{"@type":"WebPage","@id":"https:\/\/fermentis.com\/pt-br\/other-services\/","url":"https:\/\/fermentis.com\/pt-br\/other-services\/","name":"Outros servi\u00e7os - Fermentis","isPartOf":{"@id":"https:\/\/fermentis.com\/pt-br\/#website"},"datePublished":"2020-03-17T23:00:00+00:00","dateModified":"2026-03-27T13:47:35+00:00","description":"Oferecemos servi\u00e7os personalizados, como produtos personalizados, diagn\u00f3sticos por meio de nossa fabrica\u00e7\u00e3o sob encomenda ou servi\u00e7os de treinamento de degusta\u00e7\u00e3o.","breadcrumb":{"@id":"https:\/\/fermentis.com\/pt-br\/other-services\/#breadcrumb"},"inLanguage":"pt-BR","potentialAction":[{"@type":"ReadAction","target":["https:\/\/fermentis.com\/pt-br\/other-services\/"]}]},{"@type":"BreadcrumbList","@id":"https:\/\/fermentis.com\/pt-br\/other-services\/#breadcrumb","itemListElement":[{"@type":"ListItem","position":1,"name":"Home","item":"https:\/\/fermentis.com\/pt-br\/"},{"@type":"ListItem","position":2,"name":"Outros servi\u00e7os"}]},{"@type":"WebSite","@id":"https:\/\/fermentis.com\/pt-br\/#website","url":"https:\/\/fermentis.com\/pt-br\/","name":"Fermentis","description":"Un site utilisant WordPress","publisher":{"@id":"https:\/\/fermentis.com\/pt-br\/#organization"},"potentialAction":[{"@type":"SearchAction","target":{"@type":"EntryPoint","urlTemplate":"https:\/\/fermentis.com\/pt-br\/?s={search_term_string}"},"query-input":{"@type":"PropertyValueSpecification","valueRequired":true,"valueName":"search_term_string"}}],"inLanguage":"pt-BR"},{"@type":"Organization","@id":"https:\/\/fermentis.com\/pt-br\/#organization","name":"Fermentis","url":"https:\/\/fermentis.com\/pt-br\/","logo":{"@type":"ImageObject","inLanguage":"pt-BR","@id":"https:\/\/fermentis.com\/pt-br\/#\/schema\/logo\/image\/","url":"https:\/\/fermentis.com\/wp-content\/uploads\/2021\/07\/Logo-Fermentis-5.png","contentUrl":"https:\/\/fermentis.com\/wp-content\/uploads\/2021\/07\/Logo-Fermentis-5.png","width":308,"height":95,"caption":"Fermentis"},"image":{"@id":"https:\/\/fermentis.com\/pt-br\/#\/schema\/logo\/image\/"},"sameAs":["https:\/\/www.facebook.com\/Fermentis","https:\/\/x.com\/fermentis","https:\/\/www.instagram.com\/fermentisbylesaffre\/","https:\/\/www.linkedin.com\/company\/fermentis\/","https:\/\/www.youtube.com\/channel\/UCt_Lp3IZnUNXZeqSi6iiAdA"]}]}},"_links":{"self":[{"href":"https:\/\/fermentis.com\/pt-br\/wp-json\/wp\/v2\/pages\/510159","targetHints":{"allow":["GET"]}}],"collection":[{"href":"https:\/\/fermentis.com\/pt-br\/wp-json\/wp\/v2\/pages"}],"about":[{"href":"https:\/\/fermentis.com\/pt-br\/wp-json\/wp\/v2\/types\/page"}],"author":[{"embeddable":true,"href":"https:\/\/fermentis.com\/pt-br\/wp-json\/wp\/v2\/users\/2"}],"replies":[{"embeddable":true,"href":"https:\/\/fermentis.com\/pt-br\/wp-json\/wp\/v2\/comments?post=510159"}],"version-history":[{"count":878,"href":"https:\/\/fermentis.com\/pt-br\/wp-json\/wp\/v2\/pages\/510159\/revisions"}],"predecessor-version":[{"id":709652,"href":"https:\/\/fermentis.com\/pt-br\/wp-json\/wp\/v2\/pages\/510159\/revisions\/709652"}],"wp:attachment":[{"href":"https:\/\/fermentis.com\/pt-br\/wp-json\/wp\/v2\/media?parent=510159"}],"curies":[{"name":"wp","href":"https:\/\/api.w.org\/{rel}","templated":true}]}}