{"id":510226,"date":"2020-02-08T00:00:00","date_gmt":"2020-02-07T23:00:00","guid":{"rendered":"https:\/\/fermentis.com\/fermentation-solutions\/"},"modified":"2026-04-20T14:02:20","modified_gmt":"2026-04-20T12:02:20","slug":"fermentation-solutions","status":"publish","type":"page","link":"https:\/\/fermentis.com\/pt-br\/fermentation-solutions\/","title":{"rendered":"Solu\u00e7\u00f5es de fermenta\u00e7\u00e3o"},"content":{"rendered":"\n\t<section class=\"section info-cards-chess-box\" id=\"section_1839832058\">\n\t\t<div class=\"section-bg fill\" >\n\t\t\t\t\t\t\t\t\t\n\t\t\t\n\n\t\t<\/div>\n\n\t\t\n\n\t\t<div class=\"section-content relative\">\n\t\t\t\n<div class=\"is-divider divider clearfix\" style=\"max-width:0px;\"><\/div>\n<div class=\"row row-collapse align-middle\"  id=\"row-1942652970\">\n\n\t<div id=\"col-974611215\" class=\"col medium-6 small-12 large-6\"  >\n\t\t\t\t<div class=\"col-inner\"  >\n\t\t\t\n\t\t\t\n\n  <div class=\"banner has-hover\" id=\"banner-1570671866\">\n          <div class=\"banner-inner fill\">\n        <div class=\"banner-bg fill\" >\n            <img loading=\"lazy\" decoding=\"async\" width=\"1536\" height=\"400\" src=\"https:\/\/fermentis.com\/wp-content\/uploads\/2025\/05\/Beerstyle-BANNER-02-1536x400.jpg\" class=\"bg attachment-1536x1536 size-1536x1536\" alt=\"\" \/>                                    \n                    <\/div>\n\t\t\n        <div class=\"banner-layers container\">\n            <div class=\"fill banner-link\"><\/div>            \n   <div id=\"text-box-1340336920\" class=\"text-box banner-layer x50 md-x50 lg-x50 y90 md-y90 lg-y90 res-text\">\n                                <div class=\"text-box-content text dark\">\n              \n              <div class=\"text-inner text-left\">\n                  \n\t<div id=\"text-3849202226\" class=\"text\">\n\t\t\n<p>SOLU\u00c7\u00d5ES DE FERMENTA\u00c7\u00c3O E LEVEDURA<\/p>\n<h1 class=\"uppercase thin-font lead\" data-padding=\"5px\">cerveja &amp; CERVEJARIA<\/h1>\n\t\t\n<style>\n#text-3849202226 {\n  font-size: 0.8rem;\n  text-align: center;\n}\n<\/style>\n\t<\/div>\n\t\n<div class=\"text-center\"><div class=\"is-divider divider clearfix\" style=\"max-width:0px;height:45px;\"><\/div><\/div>\n              <\/div>\n           <\/div>\n                            \n<style>\n#text-box-1340336920 {\n  width: 76%;\n}\n#text-box-1340336920 .text-box-content {\n  font-size: 100%;\n}\n<\/style>\n    <\/div>\n \n        <\/div>\n      <\/div>\n\n            \n<style>\n#banner-1570671866 {\n  padding-top: 312px;\n}\n#banner-1570671866 .banner-bg img {\n  object-position: 41% 60%;\n}\n<\/style>\n  <\/div>\n\n\n<div class=\"is-divider divider clearfix\" style=\"max-width:0px;\"><\/div>\n\t\t<\/div>\n\t\t\t\t\t<\/div>\n\n\t\n\n\t<div id=\"col-509299830\" class=\"col medium-6 small-12 large-6\"  >\n\t\t\t\t<div class=\"col-inner\"  >\n\t\t\t\n\t\t\t\n<div class=\"row align-center\"  id=\"row-2015797067\">\n\n\t<div id=\"col-1097719319\" class=\"col medium-10 small-10 large-8\"  >\n\t\t\t\t<div class=\"col-inner\"  >\n\t\t\t\n\t\t\t\n<p>Procurando leveduras para cerveja, auxiliares de fermenta\u00e7\u00e3o ou produtos funcionais para ajudar a produzir as melhores cervejas? Voc\u00ea est\u00e1 no lugar certo.<\/p>\n<a href=\"https:\/\/fermentis.com\/pt-br\/fermentation-solutions\/beer\/\" class=\"button primary is-outline\" style=\"border-radius:91px;\">\n\t\t<span>Ir para a cerveja<\/span>\n\t<i class=\"icon-angle-right\" aria-hidden=\"true\"><\/i><\/a>\n\n\t\t<\/div>\n\t\t\t\t\t<\/div>\n\n\t\n<\/div>\n\t\t<\/div>\n\t\t\t\t\n<style>\n#col-509299830 > .col-inner {\n  padding: 10% 0px 0px 0px;\n}\n<\/style>\n\t<\/div>\n\n\t\n<\/div>\n<div class=\"row row-collapse align-middle\"  id=\"row-2044018063\">\n\n\t<div id=\"col-1329118969\" class=\"col medium-6 small-12 large-6\"  >\n\t\t\t\t<div class=\"col-inner\"  >\n\t\t\t\n\t\t\t\n\n  <div class=\"banner has-hover\" id=\"banner-1044078064\">\n          <div class=\"banner-inner fill\">\n        <div class=\"banner-bg fill\" >\n            <img loading=\"lazy\" decoding=\"async\" width=\"1528\" height=\"707\" src=\"https:\/\/fermentis.com\/wp-content\/uploads\/2020\/02\/Wine.jpg\" class=\"bg attachment-2048x2048 size-2048x2048\" alt=\"\" \/>                                    \n                    <\/div>\n\t\t\n        <div class=\"banner-layers container\">\n            <div class=\"fill banner-link\"><\/div>            \n   <div id=\"text-box-469035723\" class=\"text-box banner-layer x50 md-x50 lg-x50 y90 md-y90 lg-y90 res-text\">\n                                <div class=\"text-box-content text dark\">\n              \n              <div class=\"text-inner text-left\">\n                  \n\t<div id=\"text-3699453051\" class=\"text\">\n\t\t\n<p>SOLU\u00c7\u00d5ES DE FERMENTA\u00c7\u00c3O E LEVEDURA<\/p>\n<h1 class=\"uppercase thin-font lead\" data-padding=\"5px\">VINICULTURA<\/h1>\n\t\t\n<style>\n#text-3699453051 {\n  font-size: 0.8rem;\n  text-align: center;\n}\n<\/style>\n\t<\/div>\n\t\n<div class=\"text-center\"><div class=\"is-divider divider clearfix\" style=\"max-width:0px;height:45px;\"><\/div><\/div>\n              <\/div>\n           <\/div>\n                            \n<style>\n#text-box-469035723 {\n  width: 76%;\n}\n#text-box-469035723 .text-box-content {\n  font-size: 100%;\n}\n<\/style>\n    <\/div>\n \n        <\/div>\n      <\/div>\n\n            \n<style>\n#banner-1044078064 {\n  padding-top: 312px;\n}\n#banner-1044078064 .banner-bg img {\n  object-position: 82% 7%;\n}\n<\/style>\n  <\/div>\n\n\n\t\t<\/div>\n\t\t\t\t\n<style>\n#col-1329118969 > .col-inner {\n  padding: 0px 0px 0px 0px;\n}\n<\/style>\n\t<\/div>\n\n\t\n\n\t<div id=\"col-546887948\" class=\"col medium-6 small-12 large-6 small-col-first\"  >\n\t\t\t\t<div class=\"col-inner\"  >\n\t\t\t\n\t\t\t\n<div class=\"row align-center\"  id=\"row-1665346305\">\n\n\t<div id=\"col-1652494253\" class=\"col medium-10 small-10 large-8\"  >\n\t\t\t\t<div class=\"col-inner\"  >\n\t\t\t\n\t\t\t\n<p>D\u00ea uma olhada em nossa ampla gama de leveduras secas ativas e outros produtos projetados para a fabrica\u00e7\u00e3o de vinho.<\/p>\n<a href=\"https:\/\/fermentis.com\/pt-br\/fermentation-solutions\/wine\/\" class=\"button alert is-outline\" style=\"border-radius:86px;\">\n\t\t<span>Ir para o vinho<\/span>\n\t<i class=\"icon-angle-right\" aria-hidden=\"true\"><\/i><\/a>\n\n\t\t<\/div>\n\t\t\t\t\t<\/div>\n\n\t\n<\/div>\n\t\t<\/div>\n\t\t\t\t\t<\/div>\n\n\t\n<\/div>\n<div class=\"row row-collapse align-middle\"  id=\"row-2025846103\">\n\n\t<div id=\"col-1437394917\" class=\"col medium-6 small-12 large-6\"  >\n\t\t\t\t<div class=\"col-inner\"  >\n\t\t\t\n\t\t\t\n<div class=\"is-divider divider clearfix\" style=\"max-width:0px;\"><\/div>\n\n  <div class=\"banner has-hover\" id=\"banner-1601189510\">\n          <div class=\"banner-inner fill\">\n        <div class=\"banner-bg fill\" >\n            <img loading=\"lazy\" decoding=\"async\" width=\"1528\" height=\"707\" src=\"https:\/\/fermentis.com\/wp-content\/uploads\/2020\/02\/Spirits.jpg\" class=\"bg attachment-2048x2048 size-2048x2048\" alt=\"\" \/>                                    \n                    <\/div>\n\t\t\n        <div class=\"banner-layers container\">\n            <div class=\"fill banner-link\"><\/div>            \n   <div id=\"text-box-235066967\" class=\"text-box banner-layer x50 md-x50 lg-x50 y90 md-y90 lg-y90 res-text\">\n                                <div class=\"text-box-content text dark\">\n              \n              <div class=\"text-inner text-left\">\n                  \n\t<div id=\"text-1347500260\" class=\"text\">\n\t\t\n<p>SOLU\u00c7\u00d5ES DE FERMENTA\u00c7\u00c3O E LEVEDURA<\/p>\n<h1 class=\"uppercase thin-font lead\" data-padding=\"5px\">Destilados e destila\u00e7\u00e3o<\/h1>\n\t\t\n<style>\n#text-1347500260 {\n  font-size: 0.8rem;\n  text-align: center;\n}\n<\/style>\n\t<\/div>\n\t\n<div class=\"text-center\"><div class=\"is-divider divider clearfix\" style=\"max-width:0px;height:45px;\"><\/div><\/div>\n              <\/div>\n           <\/div>\n                            \n<style>\n#text-box-235066967 {\n  width: 80%;\n}\n#text-box-235066967 .text-box-content {\n  font-size: 100%;\n}\n<\/style>\n    <\/div>\n \n        <\/div>\n      <\/div>\n\n            \n<style>\n#banner-1601189510 {\n  padding-top: 312px;\n}\n#banner-1601189510 .banner-bg img {\n  object-position: 82% 7%;\n}\n<\/style>\n  <\/div>\n\n\n<div class=\"is-divider divider clearfix\" style=\"max-width:0px;\"><\/div>\n\t\t<\/div>\n\t\t\t\t\t<\/div>\n\n\t\n\n\t<div id=\"col-1714115562\" class=\"col medium-6 small-12 large-6\"  >\n\t\t\t\t<div class=\"col-inner\"  >\n\t\t\t\n\t\t\t\n<div class=\"row align-center\"  id=\"row-521240839\">\n\n\t<div id=\"col-275800996\" class=\"col medium-10 small-10 large-8\"  >\n\t\t\t\t<div class=\"col-inner\"  >\n\t\t\t\n\t\t\t\n<p>Explore nossa linha de leveduras e produtos de fermenta\u00e7\u00e3o especialmente desenvolvidos para a ind\u00fastria de bebidas alco\u00f3licas e destila\u00e7\u00e3o.<\/p>\n<a href=\"https:\/\/fermentis.com\/pt-br\/fermentation-solutions\/spirits\/\" class=\"button white is-outline\" style=\"border-radius:99px;\">\n\t\t<span>V\u00e1 para bebidas alco\u00f3licas<\/span>\n\t<i class=\"icon-angle-right\" aria-hidden=\"true\"><\/i><\/a>\n\n\t\t<\/div>\n\t\t\t\t\t<\/div>\n\n\t\n<\/div>\n\t\t<\/div>\n\t\t\t\t\n<style>\n#col-1714115562 > .col-inner {\n  padding: 10% 0px 0px 0px;\n}\n<\/style>\n\t<\/div>\n\n\t\n<\/div>\n<div class=\"row row-collapse align-middle\"  id=\"row-54611461\">\n\n\t<div id=\"col-896686326\" class=\"col medium-6 small-12 large-6\"  >\n\t\t\t\t<div class=\"col-inner\"  >\n\t\t\t\n\t\t\t\n\n  <div class=\"banner has-hover\" id=\"banner-179484091\">\n          <div class=\"banner-inner fill\">\n        <div class=\"banner-bg fill\" >\n            <img loading=\"lazy\" decoding=\"async\" width=\"1528\" height=\"707\" src=\"https:\/\/fermentis.com\/wp-content\/uploads\/2020\/02\/Cider.jpg\" class=\"bg attachment-2048x2048 size-2048x2048\" alt=\"\" \/>                                    \n                    <\/div>\n\t\t\n        <div class=\"banner-layers container\">\n            <div class=\"fill banner-link\"><\/div>            \n   <div id=\"text-box-2077039528\" class=\"text-box banner-layer x50 md-x50 lg-x50 y90 md-y90 lg-y90 res-text\">\n                                <div class=\"text-box-content text dark\">\n              \n              <div class=\"text-inner text-left\">\n                  \n\t<div id=\"text-2179194382\" class=\"text\">\n\t\t\n<p>SOLU\u00c7\u00d5ES DE FERMENTA\u00c7\u00c3O E LEVEDURA<\/p>\n<h1 class=\"uppercase thin-font lead\" data-padding=\"5px\">PRODU\u00c7\u00c3O DE CIDRA<\/h1>\n\t\t\n<style>\n#text-2179194382 {\n  font-size: 0.8rem;\n  text-align: center;\n}\n<\/style>\n\t<\/div>\n\t\n<div class=\"text-center\"><div class=\"is-divider divider clearfix\" style=\"max-width:0px;height:45px;\"><\/div><\/div>\n              <\/div>\n           <\/div>\n                            \n<style>\n#text-box-2077039528 {\n  width: 76%;\n}\n#text-box-2077039528 .text-box-content {\n  font-size: 100%;\n}\n<\/style>\n    <\/div>\n \n        <\/div>\n      <\/div>\n\n            \n<style>\n#banner-179484091 {\n  padding-top: 312px;\n}\n#banner-179484091 .banner-bg img {\n  object-position: 82% 7%;\n}\n<\/style>\n  <\/div>\n\n\n\t\t<\/div>\n\t\t\t\t\t<\/div>\n\n\t\n\n\t<div id=\"col-930058906\" class=\"col medium-6 small-12 large-6\"  >\n\t\t\t\t<div class=\"col-inner\"  >\n\t\t\t\n\t\t\t\n<div class=\"row align-center\"  id=\"row-1785619727\">\n\n\t<div id=\"col-1182198586\" class=\"col medium-8 small-12 large-8\"  >\n\t\t\t\t<div class=\"col-inner\"  >\n\t\t\t\n\t\t\t\n<p>Explore nossa linha de leveduras e produtos de fermenta\u00e7\u00e3o especialmente feitos para a produ\u00e7\u00e3o de sidra.<\/p>\n<a href=\"https:\/\/fermentis.com\/pt-br\/fermentation-solutions\/cider\/\" class=\"button success is-outline\" style=\"border-radius:90px;\">\n\t\t<span>ir para a cidra<\/span>\n\t<i class=\"icon-angle-right\" aria-hidden=\"true\"><\/i><\/a>\n\n\t\t<\/div>\n\t\t\t\t\t<\/div>\n\n\t\n<\/div>\n\t\t<\/div>\n\t\t\t\t\t<\/div>\n\n\t\n<\/div>\n<div class=\"is-divider divider clearfix\" style=\"max-width:0px;height:34px;\"><\/div>\n\t\t<\/div>\n\n\t\t\n<style>\n#section_1839832058 {\n  padding-top: 0px;\n  padding-bottom: 0px;\n}\n<\/style>\n\t<\/section>\n\t\n","protected":false},"excerpt":{"rendered":"","protected":false},"author":2,"featured_media":0,"parent":0,"menu_order":0,"comment_status":"closed","ping_status":"open","template":"page-blank.php","meta":{"_acf_changed":false,"footnotes":""},"class_list":["post-510226","page","type-page","status-publish","hentry"],"acf":[],"yoast_head":"<!-- This site is optimized with the Yoast SEO Premium plugin v27.4 (Yoast SEO v27.4) - https:\/\/yoast.com\/product\/yoast-seo-premium-wordpress\/ -->\n<title>Solu\u00e7\u00f5es de fermenta\u00e7\u00e3o - Fermentis<\/title>\n<meta name=\"description\" content=\"Propomos a voc\u00ea uma ampla gama de produtos atrav\u00e9s de nossas solu\u00e7\u00f5es de fermenta\u00e7\u00e3o, independentemente da bebida que voc\u00ea pretende produzir, n\u00f3s temos o que voc\u00ea precisa!\" \/>\n<meta name=\"robots\" content=\"index, follow, max-snippet:-1, max-image-preview:large, max-video-preview:-1\" \/>\n<link rel=\"canonical\" href=\"https:\/\/fermentis.com\/pt-br\/fermentation-solutions\/\" \/>\n<meta property=\"og:locale\" content=\"pt_BR\" \/>\n<meta property=\"og:type\" content=\"article\" \/>\n<meta property=\"og:title\" content=\"Solu\u00e7\u00f5es de fermenta\u00e7\u00e3o\" \/>\n<meta property=\"og:description\" content=\"Propomos a voc\u00ea uma ampla gama de produtos atrav\u00e9s de nossas solu\u00e7\u00f5es de fermenta\u00e7\u00e3o, independentemente da bebida que voc\u00ea pretende produzir, n\u00f3s temos o que voc\u00ea precisa!\" \/>\n<meta property=\"og:url\" content=\"https:\/\/fermentis.com\/pt-br\/fermentation-solutions\/\" \/>\n<meta property=\"og:site_name\" content=\"Fermentis\" \/>\n<meta property=\"article:publisher\" content=\"https:\/\/www.facebook.com\/Fermentis\" \/>\n<meta property=\"article:modified_time\" content=\"2026-04-20T12:02:20+00:00\" \/>\n<meta property=\"og:image\" content=\"https:\/\/fermentis.com\/wp-content\/uploads\/2021\/07\/website-v2.png\" \/>\n\t<meta property=\"og:image:width\" content=\"1903\" \/>\n\t<meta property=\"og:image:height\" content=\"901\" \/>\n\t<meta property=\"og:image:type\" content=\"image\/png\" \/>\n<meta name=\"twitter:card\" content=\"summary_large_image\" \/>\n<meta name=\"twitter:site\" content=\"@fermentis\" \/>\n<meta name=\"twitter:label1\" content=\"Est. tempo de leitura\" \/>\n\t<meta name=\"twitter:data1\" content=\"3 minutos\" \/>\n<script type=\"application\/ld+json\" class=\"yoast-schema-graph\">{\"@context\":\"https:\\\/\\\/schema.org\",\"@graph\":[{\"@type\":\"WebPage\",\"@id\":\"https:\\\/\\\/fermentis.com\\\/pt-br\\\/fermentation-solutions\\\/\",\"url\":\"https:\\\/\\\/fermentis.com\\\/pt-br\\\/fermentation-solutions\\\/\",\"name\":\"Solu\u00e7\u00f5es de fermenta\u00e7\u00e3o - Fermentis\",\"isPartOf\":{\"@id\":\"https:\\\/\\\/fermentis.com\\\/pt-br\\\/#website\"},\"datePublished\":\"2020-02-07T23:00:00+00:00\",\"dateModified\":\"2026-04-20T12:02:20+00:00\",\"description\":\"Propomos a voc\u00ea uma ampla gama de produtos atrav\u00e9s de nossas solu\u00e7\u00f5es de fermenta\u00e7\u00e3o, independentemente da bebida que voc\u00ea pretende produzir, n\u00f3s temos o que voc\u00ea precisa!\",\"breadcrumb\":{\"@id\":\"https:\\\/\\\/fermentis.com\\\/pt-br\\\/fermentation-solutions\\\/#breadcrumb\"},\"inLanguage\":\"pt-BR\",\"potentialAction\":[{\"@type\":\"ReadAction\",\"target\":[\"https:\\\/\\\/fermentis.com\\\/pt-br\\\/fermentation-solutions\\\/\"]}]},{\"@type\":\"BreadcrumbList\",\"@id\":\"https:\\\/\\\/fermentis.com\\\/pt-br\\\/fermentation-solutions\\\/#breadcrumb\",\"itemListElement\":[{\"@type\":\"ListItem\",\"position\":1,\"name\":\"Home\",\"item\":\"https:\\\/\\\/fermentis.com\\\/pt-br\\\/\"},{\"@type\":\"ListItem\",\"position\":2,\"name\":\"Solu\u00e7\u00f5es de fermenta\u00e7\u00e3o\"}]},{\"@type\":\"WebSite\",\"@id\":\"https:\\\/\\\/fermentis.com\\\/pt-br\\\/#website\",\"url\":\"https:\\\/\\\/fermentis.com\\\/pt-br\\\/\",\"name\":\"Fermentis\",\"description\":\"Un site utilisant WordPress\",\"publisher\":{\"@id\":\"https:\\\/\\\/fermentis.com\\\/pt-br\\\/#organization\"},\"potentialAction\":[{\"@type\":\"SearchAction\",\"target\":{\"@type\":\"EntryPoint\",\"urlTemplate\":\"https:\\\/\\\/fermentis.com\\\/pt-br\\\/?s={search_term_string}\"},\"query-input\":{\"@type\":\"PropertyValueSpecification\",\"valueRequired\":true,\"valueName\":\"search_term_string\"}}],\"inLanguage\":\"pt-BR\"},{\"@type\":\"Organization\",\"@id\":\"https:\\\/\\\/fermentis.com\\\/pt-br\\\/#organization\",\"name\":\"Fermentis\",\"url\":\"https:\\\/\\\/fermentis.com\\\/pt-br\\\/\",\"logo\":{\"@type\":\"ImageObject\",\"inLanguage\":\"pt-BR\",\"@id\":\"https:\\\/\\\/fermentis.com\\\/pt-br\\\/#\\\/schema\\\/logo\\\/image\\\/\",\"url\":\"https:\\\/\\\/fermentis.com\\\/wp-content\\\/uploads\\\/2021\\\/07\\\/Logo-Fermentis-5.png\",\"contentUrl\":\"https:\\\/\\\/fermentis.com\\\/wp-content\\\/uploads\\\/2021\\\/07\\\/Logo-Fermentis-5.png\",\"width\":308,\"height\":95,\"caption\":\"Fermentis\"},\"image\":{\"@id\":\"https:\\\/\\\/fermentis.com\\\/pt-br\\\/#\\\/schema\\\/logo\\\/image\\\/\"},\"sameAs\":[\"https:\\\/\\\/www.facebook.com\\\/Fermentis\",\"https:\\\/\\\/x.com\\\/fermentis\",\"https:\\\/\\\/www.instagram.com\\\/fermentisbylesaffre\\\/\",\"https:\\\/\\\/www.linkedin.com\\\/company\\\/fermentis\\\/\",\"https:\\\/\\\/www.youtube.com\\\/channel\\\/UCt_Lp3IZnUNXZeqSi6iiAdA\"]}]}<\/script>\n<!-- \/ Yoast SEO Premium plugin. -->","yoast_head_json":{"title":"Solu\u00e7\u00f5es de fermenta\u00e7\u00e3o - Fermentis","description":"Propomos a voc\u00ea uma ampla gama de produtos atrav\u00e9s de nossas solu\u00e7\u00f5es de fermenta\u00e7\u00e3o, independentemente da bebida que voc\u00ea pretende produzir, n\u00f3s temos o que voc\u00ea precisa!","robots":{"index":"index","follow":"follow","max-snippet":"max-snippet:-1","max-image-preview":"max-image-preview:large","max-video-preview":"max-video-preview:-1"},"canonical":"https:\/\/fermentis.com\/pt-br\/fermentation-solutions\/","og_locale":"pt_BR","og_type":"article","og_title":"Solu\u00e7\u00f5es de fermenta\u00e7\u00e3o","og_description":"Propomos a voc\u00ea uma ampla gama de produtos atrav\u00e9s de nossas solu\u00e7\u00f5es de fermenta\u00e7\u00e3o, independentemente da bebida que voc\u00ea pretende produzir, n\u00f3s temos o que voc\u00ea precisa!","og_url":"https:\/\/fermentis.com\/pt-br\/fermentation-solutions\/","og_site_name":"Fermentis","article_publisher":"https:\/\/www.facebook.com\/Fermentis","article_modified_time":"2026-04-20T12:02:20+00:00","og_image":[{"width":1903,"height":901,"url":"https:\/\/fermentis.com\/wp-content\/uploads\/2021\/07\/website-v2.png","type":"image\/png"}],"twitter_card":"summary_large_image","twitter_site":"@fermentis","twitter_misc":{"Est. tempo de leitura":"3 minutos"},"schema":{"@context":"https:\/\/schema.org","@graph":[{"@type":"WebPage","@id":"https:\/\/fermentis.com\/pt-br\/fermentation-solutions\/","url":"https:\/\/fermentis.com\/pt-br\/fermentation-solutions\/","name":"Solu\u00e7\u00f5es de fermenta\u00e7\u00e3o - Fermentis","isPartOf":{"@id":"https:\/\/fermentis.com\/pt-br\/#website"},"datePublished":"2020-02-07T23:00:00+00:00","dateModified":"2026-04-20T12:02:20+00:00","description":"Propomos a voc\u00ea uma ampla gama de produtos atrav\u00e9s de nossas solu\u00e7\u00f5es de fermenta\u00e7\u00e3o, independentemente da bebida que voc\u00ea pretende produzir, n\u00f3s temos o que voc\u00ea precisa!","breadcrumb":{"@id":"https:\/\/fermentis.com\/pt-br\/fermentation-solutions\/#breadcrumb"},"inLanguage":"pt-BR","potentialAction":[{"@type":"ReadAction","target":["https:\/\/fermentis.com\/pt-br\/fermentation-solutions\/"]}]},{"@type":"BreadcrumbList","@id":"https:\/\/fermentis.com\/pt-br\/fermentation-solutions\/#breadcrumb","itemListElement":[{"@type":"ListItem","position":1,"name":"Home","item":"https:\/\/fermentis.com\/pt-br\/"},{"@type":"ListItem","position":2,"name":"Solu\u00e7\u00f5es de fermenta\u00e7\u00e3o"}]},{"@type":"WebSite","@id":"https:\/\/fermentis.com\/pt-br\/#website","url":"https:\/\/fermentis.com\/pt-br\/","name":"Fermentis","description":"Un site utilisant WordPress","publisher":{"@id":"https:\/\/fermentis.com\/pt-br\/#organization"},"potentialAction":[{"@type":"SearchAction","target":{"@type":"EntryPoint","urlTemplate":"https:\/\/fermentis.com\/pt-br\/?s={search_term_string}"},"query-input":{"@type":"PropertyValueSpecification","valueRequired":true,"valueName":"search_term_string"}}],"inLanguage":"pt-BR"},{"@type":"Organization","@id":"https:\/\/fermentis.com\/pt-br\/#organization","name":"Fermentis","url":"https:\/\/fermentis.com\/pt-br\/","logo":{"@type":"ImageObject","inLanguage":"pt-BR","@id":"https:\/\/fermentis.com\/pt-br\/#\/schema\/logo\/image\/","url":"https:\/\/fermentis.com\/wp-content\/uploads\/2021\/07\/Logo-Fermentis-5.png","contentUrl":"https:\/\/fermentis.com\/wp-content\/uploads\/2021\/07\/Logo-Fermentis-5.png","width":308,"height":95,"caption":"Fermentis"},"image":{"@id":"https:\/\/fermentis.com\/pt-br\/#\/schema\/logo\/image\/"},"sameAs":["https:\/\/www.facebook.com\/Fermentis","https:\/\/x.com\/fermentis","https:\/\/www.instagram.com\/fermentisbylesaffre\/","https:\/\/www.linkedin.com\/company\/fermentis\/","https:\/\/www.youtube.com\/channel\/UCt_Lp3IZnUNXZeqSi6iiAdA"]}]}},"_links":{"self":[{"href":"https:\/\/fermentis.com\/pt-br\/wp-json\/wp\/v2\/pages\/510226","targetHints":{"allow":["GET"]}}],"collection":[{"href":"https:\/\/fermentis.com\/pt-br\/wp-json\/wp\/v2\/pages"}],"about":[{"href":"https:\/\/fermentis.com\/pt-br\/wp-json\/wp\/v2\/types\/page"}],"author":[{"embeddable":true,"href":"https:\/\/fermentis.com\/pt-br\/wp-json\/wp\/v2\/users\/2"}],"replies":[{"embeddable":true,"href":"https:\/\/fermentis.com\/pt-br\/wp-json\/wp\/v2\/comments?post=510226"}],"version-history":[{"count":2851,"href":"https:\/\/fermentis.com\/pt-br\/wp-json\/wp\/v2\/pages\/510226\/revisions"}],"predecessor-version":[{"id":718468,"href":"https:\/\/fermentis.com\/pt-br\/wp-json\/wp\/v2\/pages\/510226\/revisions\/718468"}],"wp:attachment":[{"href":"https:\/\/fermentis.com\/pt-br\/wp-json\/wp\/v2\/media?parent=510226"}],"curies":[{"name":"wp","href":"https:\/\/api.w.org\/{rel}","templated":true}]}}