{"id":576286,"date":"2020-03-16T00:00:00","date_gmt":"2020-03-15T23:00:00","guid":{"rendered":"https:\/\/fermentis.com\/knowledge-center\/expert-insights\/"},"modified":"2026-04-17T16:15:32","modified_gmt":"2026-04-17T14:15:32","slug":"expert-insights","status":"publish","type":"page","link":"https:\/\/fermentis.com\/pt-br\/knowledge-center\/expert-insights\/","title":{"rendered":"Percep\u00e7\u00f5es de especialistas"},"content":{"rendered":"\n  <div class=\"banner has-hover\" id=\"banner-1613655196\">\n          <div class=\"banner-inner fill\">\n        <div class=\"banner-bg fill\" >\n                                                \n                    <\/div>\n\t\t\n        <div class=\"banner-layers container\">\n            <div class=\"fill banner-link\"><\/div>            \n   <div id=\"text-box-406625028\" class=\"text-box banner-layer x50 md-x50 lg-x50 y50 md-y50 lg-y50 res-text\">\n                                <div class=\"text-box-content text \">\n              \n              <div class=\"text-inner text-center\">\n                  \n<h1><span style=\"font-size: 80%\"><strong>Percep\u00e7\u00f5es de especialistas<\/strong><\/span><\/h1>\n\t<div id=\"gap-1247110184\" class=\"gap-element clearfix\" style=\"display:block; height:auto;\">\n\t\t\n<style>\n#gap-1247110184 {\n  padding-top: &quot;15px&quot;;\n}\n<\/style>\n\t<\/div>\n\t\n<p>Levedura Seca Ativa, Bact\u00e9rias, Enzimas&#8230; estes s\u00e3o micro-organismos altamente interessantes, que exigem conhecimento avan\u00e7ado para dominar todas as suas complexidades. Para ajudar nossos clientes a aproveitar ao m\u00e1ximo nossos produtos, sempre quisemos compartilhar o m\u00e1ximo de informa\u00e7\u00f5es poss\u00edvel sobre eles. Compilamos algumas dessas informa\u00e7\u00f5es aqui, sinta-se \u00e0 vontade para explorar qualquer item que desejar.<\/p>\n              <\/div>\n           <\/div>\n                            \n<style>\n#text-box-406625028 {\n  width: 81%;\n}\n#text-box-406625028 .text-box-content {\n  font-size: 100%;\n}\n<\/style>\n    <\/div>\n \n        <\/div>\n      <\/div>\n\n            \n<style>\n#banner-1613655196 {\n  padding-top: 280px;\n  background-color: rgb(255,255,255);\n}\n<\/style>\n  <\/div>\n\n\n\n\t<section class=\"section\" id=\"section_1192519287\">\n\t\t<div class=\"section-bg fill\" >\n\t\t\t\t\t\t\t\t\t\n\t\t\t\n\n\t\t<\/div>\n\n\t\t\n\n\t\t<div class=\"section-content relative\">\n\t\t\t\n<div class=\"row\"  id=\"row-1646485520\">\n\n\t<div id=\"col-288158083\" class=\"col small-12 large-12\"  >\n\t\t\t\t<div class=\"col-inner\"  >\n\t\t\t\n\t\t\t\n\n\t\t<div class=\"tabbed-content\">\n\t\t\t\n\t\t\t<ul class=\"nav nav-tabs nav-uppercase nav-size-normal nav-left\" role=\"tablist\"><li id=\"tab-cerveja-&amp;-fabrica\u00e7\u00e3o-de-cerveja\" class=\"tab active has-icon\" role=\"presentation\"><a href=\"#tab_cerveja-&amp;-fabrica\u00e7\u00e3o-de-cerveja\" role=\"tab\" aria-selected=\"true\" aria-controls=\"tab_cerveja-&amp;-fabrica\u00e7\u00e3o-de-cerveja\"><span>Cerveja &amp; Fabrica\u00e7\u00e3o de Cerveja<\/span><\/a><\/li>\n<li id=\"tab-produ\u00e7\u00e3o-de-vinho\" class=\"tab has-icon\" role=\"presentation\"><a href=\"#tab_produ\u00e7\u00e3o-de-vinho\" tabindex=\"-1\" role=\"tab\" aria-selected=\"false\" aria-controls=\"tab_produ\u00e7\u00e3o-de-vinho\"><span>Produ\u00e7\u00e3o de vinho<\/span><\/a><\/li>\n<li id=\"tab-produ\u00e7\u00e3o-de-sidra\" class=\"tab has-icon\" role=\"presentation\"><a href=\"#tab_produ\u00e7\u00e3o-de-sidra\" tabindex=\"-1\" role=\"tab\" aria-selected=\"false\" aria-controls=\"tab_produ\u00e7\u00e3o-de-sidra\"><span>Produ\u00e7\u00e3o de sidra<\/span><\/a><\/li>\n<li id=\"tab-fabrica\u00e7\u00e3o-de-bebidas-alco\u00f3licas\" class=\"tab has-icon\" role=\"presentation\"><a href=\"#tab_fabrica\u00e7\u00e3o-de-bebidas-alco\u00f3licas\" tabindex=\"-1\" role=\"tab\" aria-selected=\"false\" aria-controls=\"tab_fabrica\u00e7\u00e3o-de-bebidas-alco\u00f3licas\"><span>Fabrica\u00e7\u00e3o de bebidas alco\u00f3licas<\/span><\/a><\/li>\n<li id=\"tab-#superioryeast\" class=\"tab has-icon\" role=\"presentation\"><a href=\"#tab_#superioryeast\" tabindex=\"-1\" role=\"tab\" aria-selected=\"false\" aria-controls=\"tab_#superioryeast\"><span>#SuperiorYeast<\/span><\/a><\/li><\/ul><div class=\"tab-panels\"><div id=\"tab_cerveja-&amp;-fabrica\u00e7\u00e3o-de-cerveja\" class=\"panel active entry-content\" role=\"tabpanel\" aria-labelledby=\"tab-cerveja-&amp;-fabrica\u00e7\u00e3o-de-cerveja\">\n<p class=\"lead shortcode-error text-center\">Sorry, no pages was found<\/p>\n  \n    <div class=\"row large-columns-8 medium-columns-3 small-columns-2 has-shadow row-box-shadow-1 row-box-shadow-2-hover\" >\n  <\/div>\n<\/div>\n<div id=\"tab_produ\u00e7\u00e3o-de-vinho\" class=\"panel entry-content\" role=\"tabpanel\" aria-labelledby=\"tab-produ\u00e7\u00e3o-de-vinho\">\n<p class=\"lead shortcode-error text-center\">Sorry, no pages was found<\/p>\n  \n    <div class=\"row large-columns-8 medium-columns-3 small-columns-2 has-shadow row-box-shadow-1 row-box-shadow-2-hover\" >\n  <\/div>\n<\/div>\n<div id=\"tab_produ\u00e7\u00e3o-de-sidra\" class=\"panel entry-content\" role=\"tabpanel\" aria-labelledby=\"tab-produ\u00e7\u00e3o-de-sidra\">\n<p class=\"lead shortcode-error text-center\">Sorry, no pages was found<\/p>\n  \n    <div class=\"row large-columns-8 medium-columns-3 small-columns-2 has-shadow row-box-shadow-1 row-box-shadow-2-hover\" >\n  <\/div>\n<\/div>\n<div id=\"tab_fabrica\u00e7\u00e3o-de-bebidas-alco\u00f3licas\" class=\"panel entry-content\" role=\"tabpanel\" aria-labelledby=\"tab-fabrica\u00e7\u00e3o-de-bebidas-alco\u00f3licas\">\n<p class=\"lead shortcode-error text-center\">Sorry, no pages was found<\/p>\n  \n    <div class=\"row large-columns-8 medium-columns-3 small-columns-2 has-shadow row-box-shadow-1 row-box-shadow-2-hover\" >\n  <\/div>\n<\/div>\n<div id=\"tab_#superioryeast\" class=\"panel entry-content\" role=\"tabpanel\" aria-labelledby=\"tab-#superioryeast\">\n<p class=\"lead shortcode-error text-center\">Sorry, no pages was found<\/p>\n  \n    <div class=\"row large-columns-8 medium-columns-3 small-columns-2 has-shadow row-box-shadow-1 row-box-shadow-2-hover\" >\n  <\/div>\n<\/div><\/div><\/div>\n\t\t<\/div>\n\t\t\t\t\t<\/div>\n\n\t\n<\/div>\n\t\t<\/div>\n\n\t\t\n<style>\n#section_1192519287 {\n  padding-top: 30px;\n  padding-bottom: 30px;\n}\n<\/style>\n\t<\/section>\n\t\n","protected":false},"excerpt":{"rendered":"","protected":false},"author":2,"featured_media":0,"parent":511150,"menu_order":0,"comment_status":"closed","ping_status":"open","template":"page-blank.php","meta":{"_acf_changed":false,"footnotes":""},"class_list":["post-576286","page","type-page","status-publish","hentry"],"acf":[],"yoast_head":"<!-- This site is optimized with the Yoast SEO Premium plugin v27.4 (Yoast SEO v27.4) - https:\/\/yoast.com\/product\/yoast-seo-premium-wordpress\/ -->\n<title>Percep\u00e7\u00f5es de especialistas - Fermentis<\/title>\n<meta name=\"description\" content=\"Os insights dos especialistas s\u00e3o destinados a voc\u00ea obter o conhecimento avan\u00e7ado de nossos especialistas e ser capaz de escolher o produto certo para sua bebida fermentada.\" \/>\n<meta name=\"robots\" content=\"index, follow, max-snippet:-1, max-image-preview:large, max-video-preview:-1\" \/>\n<link rel=\"canonical\" href=\"https:\/\/fermentis.com\/pt-br\/knowledge-center\/expert-insights\/\" \/>\n<meta property=\"og:locale\" content=\"pt_BR\" \/>\n<meta property=\"og:type\" content=\"article\" \/>\n<meta property=\"og:title\" content=\"Percep\u00e7\u00f5es de especialistas\" \/>\n<meta property=\"og:description\" content=\"Os insights dos especialistas s\u00e3o destinados a voc\u00ea obter o conhecimento avan\u00e7ado de nossos especialistas e ser capaz de escolher o produto certo para sua bebida fermentada.\" \/>\n<meta property=\"og:url\" content=\"https:\/\/fermentis.com\/pt-br\/knowledge-center\/expert-insights\/\" \/>\n<meta property=\"og:site_name\" content=\"Fermentis\" \/>\n<meta property=\"article:publisher\" content=\"https:\/\/www.facebook.com\/Fermentis\" \/>\n<meta property=\"article:modified_time\" content=\"2026-04-17T14:15:32+00:00\" \/>\n<meta property=\"og:image\" content=\"https:\/\/fermentis.com\/wp-content\/uploads\/2021\/07\/website-v2.png\" \/>\n\t<meta property=\"og:image:width\" content=\"1903\" \/>\n\t<meta property=\"og:image:height\" content=\"901\" \/>\n\t<meta property=\"og:image:type\" content=\"image\/png\" \/>\n<meta name=\"twitter:card\" content=\"summary_large_image\" \/>\n<meta name=\"twitter:site\" content=\"@fermentis\" \/>\n<meta name=\"twitter:label1\" content=\"Est. tempo de leitura\" \/>\n\t<meta name=\"twitter:data1\" content=\"1 minuto\" \/>\n<script type=\"application\/ld+json\" class=\"yoast-schema-graph\">{\"@context\":\"https:\\\/\\\/schema.org\",\"@graph\":[{\"@type\":\"WebPage\",\"@id\":\"https:\\\/\\\/fermentis.com\\\/pt-br\\\/knowledge-center\\\/expert-insights\\\/\",\"url\":\"https:\\\/\\\/fermentis.com\\\/pt-br\\\/knowledge-center\\\/expert-insights\\\/\",\"name\":\"Percep\u00e7\u00f5es de especialistas - Fermentis\",\"isPartOf\":{\"@id\":\"https:\\\/\\\/fermentis.com\\\/pt-br\\\/#website\"},\"datePublished\":\"2020-03-15T23:00:00+00:00\",\"dateModified\":\"2026-04-17T14:15:32+00:00\",\"description\":\"Os insights dos especialistas s\u00e3o destinados a voc\u00ea obter o conhecimento avan\u00e7ado de nossos especialistas e ser capaz de escolher o produto certo para sua bebida fermentada.\",\"breadcrumb\":{\"@id\":\"https:\\\/\\\/fermentis.com\\\/pt-br\\\/knowledge-center\\\/expert-insights\\\/#breadcrumb\"},\"inLanguage\":\"pt-BR\",\"potentialAction\":[{\"@type\":\"ReadAction\",\"target\":[\"https:\\\/\\\/fermentis.com\\\/pt-br\\\/knowledge-center\\\/expert-insights\\\/\"]}]},{\"@type\":\"BreadcrumbList\",\"@id\":\"https:\\\/\\\/fermentis.com\\\/pt-br\\\/knowledge-center\\\/expert-insights\\\/#breadcrumb\",\"itemListElement\":[{\"@type\":\"ListItem\",\"position\":1,\"name\":\"Home\",\"item\":\"https:\\\/\\\/fermentis.com\\\/pt-br\\\/\"},{\"@type\":\"ListItem\",\"position\":2,\"name\":\"Centro de conhecimento\",\"item\":\"https:\\\/\\\/fermentis.com\\\/pt-br\\\/knowledge-center\\\/\"},{\"@type\":\"ListItem\",\"position\":3,\"name\":\"Percep\u00e7\u00f5es de especialistas\"}]},{\"@type\":\"WebSite\",\"@id\":\"https:\\\/\\\/fermentis.com\\\/pt-br\\\/#website\",\"url\":\"https:\\\/\\\/fermentis.com\\\/pt-br\\\/\",\"name\":\"Fermentis\",\"description\":\"Un site utilisant WordPress\",\"publisher\":{\"@id\":\"https:\\\/\\\/fermentis.com\\\/pt-br\\\/#organization\"},\"potentialAction\":[{\"@type\":\"SearchAction\",\"target\":{\"@type\":\"EntryPoint\",\"urlTemplate\":\"https:\\\/\\\/fermentis.com\\\/pt-br\\\/?s={search_term_string}\"},\"query-input\":{\"@type\":\"PropertyValueSpecification\",\"valueRequired\":true,\"valueName\":\"search_term_string\"}}],\"inLanguage\":\"pt-BR\"},{\"@type\":\"Organization\",\"@id\":\"https:\\\/\\\/fermentis.com\\\/pt-br\\\/#organization\",\"name\":\"Fermentis\",\"url\":\"https:\\\/\\\/fermentis.com\\\/pt-br\\\/\",\"logo\":{\"@type\":\"ImageObject\",\"inLanguage\":\"pt-BR\",\"@id\":\"https:\\\/\\\/fermentis.com\\\/pt-br\\\/#\\\/schema\\\/logo\\\/image\\\/\",\"url\":\"https:\\\/\\\/fermentis.com\\\/wp-content\\\/uploads\\\/2021\\\/07\\\/Logo-Fermentis-5.png\",\"contentUrl\":\"https:\\\/\\\/fermentis.com\\\/wp-content\\\/uploads\\\/2021\\\/07\\\/Logo-Fermentis-5.png\",\"width\":308,\"height\":95,\"caption\":\"Fermentis\"},\"image\":{\"@id\":\"https:\\\/\\\/fermentis.com\\\/pt-br\\\/#\\\/schema\\\/logo\\\/image\\\/\"},\"sameAs\":[\"https:\\\/\\\/www.facebook.com\\\/Fermentis\",\"https:\\\/\\\/x.com\\\/fermentis\",\"https:\\\/\\\/www.instagram.com\\\/fermentisbylesaffre\\\/\",\"https:\\\/\\\/www.linkedin.com\\\/company\\\/fermentis\\\/\",\"https:\\\/\\\/www.youtube.com\\\/channel\\\/UCt_Lp3IZnUNXZeqSi6iiAdA\"]}]}<\/script>\n<!-- \/ Yoast SEO Premium plugin. -->","yoast_head_json":{"title":"Percep\u00e7\u00f5es de especialistas - Fermentis","description":"Os insights dos especialistas s\u00e3o destinados a voc\u00ea obter o conhecimento avan\u00e7ado de nossos especialistas e ser capaz de escolher o produto certo para sua bebida fermentada.","robots":{"index":"index","follow":"follow","max-snippet":"max-snippet:-1","max-image-preview":"max-image-preview:large","max-video-preview":"max-video-preview:-1"},"canonical":"https:\/\/fermentis.com\/pt-br\/knowledge-center\/expert-insights\/","og_locale":"pt_BR","og_type":"article","og_title":"Percep\u00e7\u00f5es de especialistas","og_description":"Os insights dos especialistas s\u00e3o destinados a voc\u00ea obter o conhecimento avan\u00e7ado de nossos especialistas e ser capaz de escolher o produto certo para sua bebida fermentada.","og_url":"https:\/\/fermentis.com\/pt-br\/knowledge-center\/expert-insights\/","og_site_name":"Fermentis","article_publisher":"https:\/\/www.facebook.com\/Fermentis","article_modified_time":"2026-04-17T14:15:32+00:00","og_image":[{"width":1903,"height":901,"url":"https:\/\/fermentis.com\/wp-content\/uploads\/2021\/07\/website-v2.png","type":"image\/png"}],"twitter_card":"summary_large_image","twitter_site":"@fermentis","twitter_misc":{"Est. tempo de leitura":"1 minuto"},"schema":{"@context":"https:\/\/schema.org","@graph":[{"@type":"WebPage","@id":"https:\/\/fermentis.com\/pt-br\/knowledge-center\/expert-insights\/","url":"https:\/\/fermentis.com\/pt-br\/knowledge-center\/expert-insights\/","name":"Percep\u00e7\u00f5es de especialistas - Fermentis","isPartOf":{"@id":"https:\/\/fermentis.com\/pt-br\/#website"},"datePublished":"2020-03-15T23:00:00+00:00","dateModified":"2026-04-17T14:15:32+00:00","description":"Os insights dos especialistas s\u00e3o destinados a voc\u00ea obter o conhecimento avan\u00e7ado de nossos especialistas e ser capaz de escolher o produto certo para sua bebida fermentada.","breadcrumb":{"@id":"https:\/\/fermentis.com\/pt-br\/knowledge-center\/expert-insights\/#breadcrumb"},"inLanguage":"pt-BR","potentialAction":[{"@type":"ReadAction","target":["https:\/\/fermentis.com\/pt-br\/knowledge-center\/expert-insights\/"]}]},{"@type":"BreadcrumbList","@id":"https:\/\/fermentis.com\/pt-br\/knowledge-center\/expert-insights\/#breadcrumb","itemListElement":[{"@type":"ListItem","position":1,"name":"Home","item":"https:\/\/fermentis.com\/pt-br\/"},{"@type":"ListItem","position":2,"name":"Centro de conhecimento","item":"https:\/\/fermentis.com\/pt-br\/knowledge-center\/"},{"@type":"ListItem","position":3,"name":"Percep\u00e7\u00f5es de especialistas"}]},{"@type":"WebSite","@id":"https:\/\/fermentis.com\/pt-br\/#website","url":"https:\/\/fermentis.com\/pt-br\/","name":"Fermentis","description":"Un site utilisant WordPress","publisher":{"@id":"https:\/\/fermentis.com\/pt-br\/#organization"},"potentialAction":[{"@type":"SearchAction","target":{"@type":"EntryPoint","urlTemplate":"https:\/\/fermentis.com\/pt-br\/?s={search_term_string}"},"query-input":{"@type":"PropertyValueSpecification","valueRequired":true,"valueName":"search_term_string"}}],"inLanguage":"pt-BR"},{"@type":"Organization","@id":"https:\/\/fermentis.com\/pt-br\/#organization","name":"Fermentis","url":"https:\/\/fermentis.com\/pt-br\/","logo":{"@type":"ImageObject","inLanguage":"pt-BR","@id":"https:\/\/fermentis.com\/pt-br\/#\/schema\/logo\/image\/","url":"https:\/\/fermentis.com\/wp-content\/uploads\/2021\/07\/Logo-Fermentis-5.png","contentUrl":"https:\/\/fermentis.com\/wp-content\/uploads\/2021\/07\/Logo-Fermentis-5.png","width":308,"height":95,"caption":"Fermentis"},"image":{"@id":"https:\/\/fermentis.com\/pt-br\/#\/schema\/logo\/image\/"},"sameAs":["https:\/\/www.facebook.com\/Fermentis","https:\/\/x.com\/fermentis","https:\/\/www.instagram.com\/fermentisbylesaffre\/","https:\/\/www.linkedin.com\/company\/fermentis\/","https:\/\/www.youtube.com\/channel\/UCt_Lp3IZnUNXZeqSi6iiAdA"]}]}},"_links":{"self":[{"href":"https:\/\/fermentis.com\/pt-br\/wp-json\/wp\/v2\/pages\/576286","targetHints":{"allow":["GET"]}}],"collection":[{"href":"https:\/\/fermentis.com\/pt-br\/wp-json\/wp\/v2\/pages"}],"about":[{"href":"https:\/\/fermentis.com\/pt-br\/wp-json\/wp\/v2\/types\/page"}],"author":[{"embeddable":true,"href":"https:\/\/fermentis.com\/pt-br\/wp-json\/wp\/v2\/users\/2"}],"replies":[{"embeddable":true,"href":"https:\/\/fermentis.com\/pt-br\/wp-json\/wp\/v2\/comments?post=576286"}],"version-history":[{"count":671,"href":"https:\/\/fermentis.com\/pt-br\/wp-json\/wp\/v2\/pages\/576286\/revisions"}],"predecessor-version":[{"id":717974,"href":"https:\/\/fermentis.com\/pt-br\/wp-json\/wp\/v2\/pages\/576286\/revisions\/717974"}],"up":[{"embeddable":true,"href":"https:\/\/fermentis.com\/pt-br\/wp-json\/wp\/v2\/pages\/511150"}],"wp:attachment":[{"href":"https:\/\/fermentis.com\/pt-br\/wp-json\/wp\/v2\/media?parent=576286"}],"curies":[{"name":"wp","href":"https:\/\/api.w.org\/{rel}","templated":true}]}}