{"id":576825,"date":"2020-03-18T00:00:00","date_gmt":"2020-03-17T23:00:00","guid":{"rendered":"https:\/\/fermentis.com\/knowledge-center\/expert-insights\/beer\/"},"modified":"2026-03-30T11:44:29","modified_gmt":"2026-03-30T09:44:29","slug":"beer","status":"publish","type":"page","link":"https:\/\/fermentis.com\/pt-br\/knowledge-center\/expert-insights\/beer\/","title":{"rendered":"Insights de especialistas em cerveja"},"content":{"rendered":"\n  <div class=\"banner has-hover\" id=\"banner-126090816\">\n          <div class=\"banner-inner fill\">\n        <div class=\"banner-bg fill\" >\n                                                \n                    <\/div>\n\t\t\n        <div class=\"banner-layers container\">\n            <div class=\"fill banner-link\"><\/div>            \n   <div id=\"text-box-1095223936\" class=\"text-box banner-layer x50 md-x50 lg-x50 y50 md-y50 lg-y50 res-text\">\n                                <div class=\"text-box-content text \">\n              \n              <div class=\"text-inner text-center\">\n                  \n<h1><span style=\"font-size: 80%\"><strong>Insights de especialistas em cerveja<\/strong><\/span><\/h1>\n\t<div id=\"gap-621360662\" class=\"gap-element clearfix\" style=\"display:block; height:auto;\">\n\t\t\n<style>\n#gap-621360662 {\n  padding-top: &quot;15px&quot;;\n}\n<\/style>\n\t<\/div>\n\t\n              <\/div>\n           <\/div>\n                            \n<style>\n#text-box-1095223936 {\n  width: 81%;\n}\n#text-box-1095223936 .text-box-content {\n  font-size: 100%;\n}\n<\/style>\n    <\/div>\n \n        <\/div>\n      <\/div>\n\n            \n<style>\n#banner-126090816 {\n  padding-top: 150px;\n  background-color: rgb(255,255,255);\n}\n<\/style>\n  <\/div>\n\n\n\n\t<section class=\"section\" id=\"section_692696625\">\n\t\t<div class=\"section-bg fill\" >\n\t\t\t\t\t\t\t\t\t\n\t\t\t\n\n\t\t<\/div>\n\n\t\t\n\n\t\t<div class=\"section-content relative\">\n\t\t\t\n<div class=\"row\"  id=\"row-623648788\">\n\n\t<div id=\"col-1422185182\" class=\"col small-12 large-12\"  >\n\t\t\t\t<div class=\"col-inner\"  >\n\t\t\t\n\t\t\t\n<p class=\"lead shortcode-error text-center\">Sorry, no pages was found<\/p>\n  \n    <div class=\"row large-columns-8 medium-columns-3 small-columns-2\" >\n  <\/div>\n\t\t<\/div>\n\t\t\t\t\t<\/div>\n\n\t\n<\/div>\n\t\t<\/div>\n\n\t\t\n<style>\n#section_692696625 {\n  padding-top: 30px;\n  padding-bottom: 30px;\n}\n<\/style>\n\t<\/section>\n\t\n","protected":false},"excerpt":{"rendered":"","protected":false},"author":2,"featured_media":0,"parent":576286,"menu_order":0,"comment_status":"closed","ping_status":"closed","template":"page-blank.php","meta":{"_acf_changed":false,"footnotes":""},"class_list":["post-576825","page","type-page","status-publish","hentry"],"acf":[],"yoast_head":"<!-- This site is optimized with the Yoast SEO Premium plugin v27.3 (Yoast SEO v27.3) - https:\/\/yoast.com\/product\/yoast-seo-premium-wordpress\/ -->\n<title>Percep\u00e7\u00f5es dos nossos especialistas em cerveja - Entrevistas com a equipe - Fermentis<\/title>\n<meta name=\"description\" content=\"Nossos especialistas em cerveja compartilhar\u00e3o seu conhecimento sobre as caracter\u00edsticas das leveduras de cerveja para ajudar os cervejeiros a aproveitarem ao m\u00e1ximo nossa linha de produtos.\" \/>\n<meta name=\"robots\" content=\"index, follow, max-snippet:-1, max-image-preview:large, max-video-preview:-1\" \/>\n<link rel=\"canonical\" href=\"https:\/\/fermentis.com\/pt-br\/knowledge-center\/expert-insights\/beer\/\" \/>\n<meta property=\"og:locale\" content=\"pt_BR\" \/>\n<meta property=\"og:type\" content=\"article\" \/>\n<meta property=\"og:title\" content=\"Insights de especialistas em cerveja\" \/>\n<meta property=\"og:description\" content=\"Nossos especialistas em cerveja compartilhar\u00e3o seu conhecimento sobre as caracter\u00edsticas das leveduras de cerveja para ajudar os cervejeiros a aproveitarem ao m\u00e1ximo nossa linha de produtos.\" \/>\n<meta property=\"og:url\" content=\"https:\/\/fermentis.com\/pt-br\/knowledge-center\/expert-insights\/beer\/\" \/>\n<meta property=\"og:site_name\" content=\"Fermentis\" \/>\n<meta property=\"article:publisher\" content=\"https:\/\/www.facebook.com\/Fermentis\" \/>\n<meta property=\"article:modified_time\" content=\"2026-03-30T09:44:29+00:00\" \/>\n<meta property=\"og:image\" content=\"https:\/\/fermentis.com\/wp-content\/uploads\/2021\/07\/website-v2.png\" \/>\n\t<meta property=\"og:image:width\" content=\"1903\" \/>\n\t<meta property=\"og:image:height\" content=\"901\" \/>\n\t<meta property=\"og:image:type\" content=\"image\/png\" \/>\n<meta name=\"twitter:card\" content=\"summary_large_image\" \/>\n<meta name=\"twitter:site\" content=\"@fermentis\" \/>\n<script type=\"application\/ld+json\" class=\"yoast-schema-graph\">{\"@context\":\"https:\\\/\\\/schema.org\",\"@graph\":[{\"@type\":\"WebPage\",\"@id\":\"https:\\\/\\\/fermentis.com\\\/pt-br\\\/knowledge-center\\\/expert-insights\\\/beer\\\/\",\"url\":\"https:\\\/\\\/fermentis.com\\\/pt-br\\\/knowledge-center\\\/expert-insights\\\/beer\\\/\",\"name\":\"Percep\u00e7\u00f5es dos nossos especialistas em cerveja - Entrevistas com a equipe - Fermentis\",\"isPartOf\":{\"@id\":\"https:\\\/\\\/fermentis.com\\\/pt-br\\\/#website\"},\"datePublished\":\"2020-03-17T23:00:00+00:00\",\"dateModified\":\"2026-03-30T09:44:29+00:00\",\"description\":\"Nossos especialistas em cerveja compartilhar\u00e3o seu conhecimento sobre as caracter\u00edsticas das leveduras de cerveja para ajudar os cervejeiros a aproveitarem ao m\u00e1ximo nossa linha de produtos.\",\"breadcrumb\":{\"@id\":\"https:\\\/\\\/fermentis.com\\\/pt-br\\\/knowledge-center\\\/expert-insights\\\/beer\\\/#breadcrumb\"},\"inLanguage\":\"pt-BR\",\"potentialAction\":[{\"@type\":\"ReadAction\",\"target\":[\"https:\\\/\\\/fermentis.com\\\/pt-br\\\/knowledge-center\\\/expert-insights\\\/beer\\\/\"]}]},{\"@type\":\"BreadcrumbList\",\"@id\":\"https:\\\/\\\/fermentis.com\\\/pt-br\\\/knowledge-center\\\/expert-insights\\\/beer\\\/#breadcrumb\",\"itemListElement\":[{\"@type\":\"ListItem\",\"position\":1,\"name\":\"Home\",\"item\":\"https:\\\/\\\/fermentis.com\\\/pt-br\\\/\"},{\"@type\":\"ListItem\",\"position\":2,\"name\":\"Centro de conhecimento\",\"item\":\"https:\\\/\\\/fermentis.com\\\/pt-br\\\/knowledge-center\\\/\"},{\"@type\":\"ListItem\",\"position\":3,\"name\":\"Percep\u00e7\u00f5es de especialistas\",\"item\":\"https:\\\/\\\/fermentis.com\\\/pt-br\\\/knowledge-center\\\/expert-insights\\\/\"},{\"@type\":\"ListItem\",\"position\":4,\"name\":\"Insights de especialistas em cerveja\"}]},{\"@type\":\"WebSite\",\"@id\":\"https:\\\/\\\/fermentis.com\\\/pt-br\\\/#website\",\"url\":\"https:\\\/\\\/fermentis.com\\\/pt-br\\\/\",\"name\":\"Fermentis\",\"description\":\"Un site utilisant WordPress\",\"publisher\":{\"@id\":\"https:\\\/\\\/fermentis.com\\\/pt-br\\\/#organization\"},\"potentialAction\":[{\"@type\":\"SearchAction\",\"target\":{\"@type\":\"EntryPoint\",\"urlTemplate\":\"https:\\\/\\\/fermentis.com\\\/pt-br\\\/?s={search_term_string}\"},\"query-input\":{\"@type\":\"PropertyValueSpecification\",\"valueRequired\":true,\"valueName\":\"search_term_string\"}}],\"inLanguage\":\"pt-BR\"},{\"@type\":\"Organization\",\"@id\":\"https:\\\/\\\/fermentis.com\\\/pt-br\\\/#organization\",\"name\":\"Fermentis\",\"url\":\"https:\\\/\\\/fermentis.com\\\/pt-br\\\/\",\"logo\":{\"@type\":\"ImageObject\",\"inLanguage\":\"pt-BR\",\"@id\":\"https:\\\/\\\/fermentis.com\\\/pt-br\\\/#\\\/schema\\\/logo\\\/image\\\/\",\"url\":\"https:\\\/\\\/fermentis.com\\\/wp-content\\\/uploads\\\/2021\\\/07\\\/Logo-Fermentis-5.png\",\"contentUrl\":\"https:\\\/\\\/fermentis.com\\\/wp-content\\\/uploads\\\/2021\\\/07\\\/Logo-Fermentis-5.png\",\"width\":308,\"height\":95,\"caption\":\"Fermentis\"},\"image\":{\"@id\":\"https:\\\/\\\/fermentis.com\\\/pt-br\\\/#\\\/schema\\\/logo\\\/image\\\/\"},\"sameAs\":[\"https:\\\/\\\/www.facebook.com\\\/Fermentis\",\"https:\\\/\\\/x.com\\\/fermentis\",\"https:\\\/\\\/www.instagram.com\\\/fermentisbylesaffre\\\/\",\"https:\\\/\\\/www.linkedin.com\\\/company\\\/fermentis\\\/\",\"https:\\\/\\\/www.youtube.com\\\/channel\\\/UCt_Lp3IZnUNXZeqSi6iiAdA\"]}]}<\/script>\n<!-- \/ Yoast SEO Premium plugin. -->","yoast_head_json":{"title":"Percep\u00e7\u00f5es dos nossos especialistas em cerveja - Entrevistas com a equipe - Fermentis","description":"Nossos especialistas em cerveja compartilhar\u00e3o seu conhecimento sobre as caracter\u00edsticas das leveduras de cerveja para ajudar os cervejeiros a aproveitarem ao m\u00e1ximo nossa linha de produtos.","robots":{"index":"index","follow":"follow","max-snippet":"max-snippet:-1","max-image-preview":"max-image-preview:large","max-video-preview":"max-video-preview:-1"},"canonical":"https:\/\/fermentis.com\/pt-br\/knowledge-center\/expert-insights\/beer\/","og_locale":"pt_BR","og_type":"article","og_title":"Insights de especialistas em cerveja","og_description":"Nossos especialistas em cerveja compartilhar\u00e3o seu conhecimento sobre as caracter\u00edsticas das leveduras de cerveja para ajudar os cervejeiros a aproveitarem ao m\u00e1ximo nossa linha de produtos.","og_url":"https:\/\/fermentis.com\/pt-br\/knowledge-center\/expert-insights\/beer\/","og_site_name":"Fermentis","article_publisher":"https:\/\/www.facebook.com\/Fermentis","article_modified_time":"2026-03-30T09:44:29+00:00","og_image":[{"width":1903,"height":901,"url":"https:\/\/fermentis.com\/wp-content\/uploads\/2021\/07\/website-v2.png","type":"image\/png"}],"twitter_card":"summary_large_image","twitter_site":"@fermentis","schema":{"@context":"https:\/\/schema.org","@graph":[{"@type":"WebPage","@id":"https:\/\/fermentis.com\/pt-br\/knowledge-center\/expert-insights\/beer\/","url":"https:\/\/fermentis.com\/pt-br\/knowledge-center\/expert-insights\/beer\/","name":"Percep\u00e7\u00f5es dos nossos especialistas em cerveja - Entrevistas com a equipe - Fermentis","isPartOf":{"@id":"https:\/\/fermentis.com\/pt-br\/#website"},"datePublished":"2020-03-17T23:00:00+00:00","dateModified":"2026-03-30T09:44:29+00:00","description":"Nossos especialistas em cerveja compartilhar\u00e3o seu conhecimento sobre as caracter\u00edsticas das leveduras de cerveja para ajudar os cervejeiros a aproveitarem ao m\u00e1ximo nossa linha de produtos.","breadcrumb":{"@id":"https:\/\/fermentis.com\/pt-br\/knowledge-center\/expert-insights\/beer\/#breadcrumb"},"inLanguage":"pt-BR","potentialAction":[{"@type":"ReadAction","target":["https:\/\/fermentis.com\/pt-br\/knowledge-center\/expert-insights\/beer\/"]}]},{"@type":"BreadcrumbList","@id":"https:\/\/fermentis.com\/pt-br\/knowledge-center\/expert-insights\/beer\/#breadcrumb","itemListElement":[{"@type":"ListItem","position":1,"name":"Home","item":"https:\/\/fermentis.com\/pt-br\/"},{"@type":"ListItem","position":2,"name":"Centro de conhecimento","item":"https:\/\/fermentis.com\/pt-br\/knowledge-center\/"},{"@type":"ListItem","position":3,"name":"Percep\u00e7\u00f5es de especialistas","item":"https:\/\/fermentis.com\/pt-br\/knowledge-center\/expert-insights\/"},{"@type":"ListItem","position":4,"name":"Insights de especialistas em cerveja"}]},{"@type":"WebSite","@id":"https:\/\/fermentis.com\/pt-br\/#website","url":"https:\/\/fermentis.com\/pt-br\/","name":"Fermentis","description":"Un site utilisant WordPress","publisher":{"@id":"https:\/\/fermentis.com\/pt-br\/#organization"},"potentialAction":[{"@type":"SearchAction","target":{"@type":"EntryPoint","urlTemplate":"https:\/\/fermentis.com\/pt-br\/?s={search_term_string}"},"query-input":{"@type":"PropertyValueSpecification","valueRequired":true,"valueName":"search_term_string"}}],"inLanguage":"pt-BR"},{"@type":"Organization","@id":"https:\/\/fermentis.com\/pt-br\/#organization","name":"Fermentis","url":"https:\/\/fermentis.com\/pt-br\/","logo":{"@type":"ImageObject","inLanguage":"pt-BR","@id":"https:\/\/fermentis.com\/pt-br\/#\/schema\/logo\/image\/","url":"https:\/\/fermentis.com\/wp-content\/uploads\/2021\/07\/Logo-Fermentis-5.png","contentUrl":"https:\/\/fermentis.com\/wp-content\/uploads\/2021\/07\/Logo-Fermentis-5.png","width":308,"height":95,"caption":"Fermentis"},"image":{"@id":"https:\/\/fermentis.com\/pt-br\/#\/schema\/logo\/image\/"},"sameAs":["https:\/\/www.facebook.com\/Fermentis","https:\/\/x.com\/fermentis","https:\/\/www.instagram.com\/fermentisbylesaffre\/","https:\/\/www.linkedin.com\/company\/fermentis\/","https:\/\/www.youtube.com\/channel\/UCt_Lp3IZnUNXZeqSi6iiAdA"]}]}},"_links":{"self":[{"href":"https:\/\/fermentis.com\/pt-br\/wp-json\/wp\/v2\/pages\/576825","targetHints":{"allow":["GET"]}}],"collection":[{"href":"https:\/\/fermentis.com\/pt-br\/wp-json\/wp\/v2\/pages"}],"about":[{"href":"https:\/\/fermentis.com\/pt-br\/wp-json\/wp\/v2\/types\/page"}],"author":[{"embeddable":true,"href":"https:\/\/fermentis.com\/pt-br\/wp-json\/wp\/v2\/users\/2"}],"replies":[{"embeddable":true,"href":"https:\/\/fermentis.com\/pt-br\/wp-json\/wp\/v2\/comments?post=576825"}],"version-history":[{"count":604,"href":"https:\/\/fermentis.com\/pt-br\/wp-json\/wp\/v2\/pages\/576825\/revisions"}],"predecessor-version":[{"id":710295,"href":"https:\/\/fermentis.com\/pt-br\/wp-json\/wp\/v2\/pages\/576825\/revisions\/710295"}],"up":[{"embeddable":true,"href":"https:\/\/fermentis.com\/pt-br\/wp-json\/wp\/v2\/pages\/576286"}],"wp:attachment":[{"href":"https:\/\/fermentis.com\/pt-br\/wp-json\/wp\/v2\/media?parent=576825"}],"curies":[{"name":"wp","href":"https:\/\/api.w.org\/{rel}","templated":true}]}}