{"id":44161,"date":"2023-05-26T16:09:57","date_gmt":"2023-05-26T14:09:57","guid":{"rendered":"https:\/\/fermentis.com\/product\/safoeno-fv-19\/"},"modified":"2026-04-17T12:05:49","modified_gmt":"2026-04-17T10:05:49","slug":"safoeno-fv-19","status":"publish","type":"product","link":"https:\/\/fermentis.com\/pt-br\/produto\/safoeno-fv-19\/","title":{"rendered":"Saf\u0152no\u2122 FV\u00a019"},"content":{"rendered":"<div class=\"container section-title-container\" ><h2 class=\"section-title section-title-center\"><b aria-hidden=\"true\"><\/b><span class=\"section-title-main\" style=\"font-size:115%;\">PARA VINHOS TINTOS FRUTADOS E AVELUDADOS<\/span><b aria-hidden=\"true\"><\/b><\/h2><\/div>\n<p><span style=\"vertical-align: inherit\"><span style=\"vertical-align: inherit\"><strong>O Saf\u0152no\u2122 FV 19<\/strong> foi selecionado pela Fermentis por meio de m\u00faltiplas microvinifica\u00e7\u00f5es em vinhos tintos em parceria com institutos de pesquisa franceses e centros experimentais enol\u00f3gicos em todo o mundo.<\/span><\/span><\/p>\n<p><br data-source=\"\n\n\"><strong>Dosagem: <\/strong>Vinhos tintos 20 g \/ hl (1,67 lb \/ 1.000 gal)<\/p>\n<p><br data-source=\"\n\n\"><strong>Ingredientes:<\/strong> Levedura (Saccharomyces cerevisiae*), Emulsificante: Monoestearato de sorbitano<\/p>\n<p><br data-source=\"\n\n\">*De acordo com \u00abRevisitando os sin\u00f4nimos taxon\u00f4micos e popula\u00e7\u00f5es de Saccharomyces cerevisiae \u2013 Filogenia, Fen\u00f3tipos, Ecologia e Domestica\u00e7\u00e3o.\u00bb Pontes A., Hutzler M., Brito P.H. e Sampaio J.P., 2020 e \u00ab Diversidade e Evolu\u00e7\u00e3o do Genoma nas Leveduras em Brotamento (Saccharomycotina). Gen\u00e9tica. \u00bb Dujon BA, Louis EJ, 2017; 206(2):717\u2010750.<br data-source=\"\n\n\">\t<div id=\"gap-1519447772\" class=\"gap-element clearfix\" style=\"display:block; height:auto;\">\n\t\t\n<style>\n#gap-1519447772 {\n  padding-top: 30px;\n}\n<\/style>\n\t<\/div>\n\t\n<div class=\"container section-title-container\" ><h3 class=\"section-title section-title-center\"><b aria-hidden=\"true\"><\/b><span class=\"section-title-main\" style=\"font-size:115%;\">Caracter\u00edsticas sensoriais do Saf\u0152no\u2122 FV 19<\/span><b aria-hidden=\"true\"><\/b><\/h3><\/div>\n\n\t\t<div class=\"tabbed-content\">\n\t\t\t\n\t\t\t<ul class=\"nav nav-tabs nav-uppercase nav-size-normal nav-left\" role=\"tablist\"><li id=\"tab-recomenda\u00e7\u00f5es\" class=\"tab active has-icon\" role=\"presentation\"><a href=\"#tab_recomenda\u00e7\u00f5es\" role=\"tab\" aria-selected=\"true\" aria-controls=\"tab_recomenda\u00e7\u00f5es\"><span>Recomenda\u00e7\u00f5es<\/span><\/a><\/li>\n<li id=\"tab-julgamento\" class=\"tab has-icon\" role=\"presentation\"><a href=\"#tab_julgamento\" tabindex=\"-1\" role=\"tab\" aria-selected=\"false\" aria-controls=\"tab_julgamento\"><span>julgamento<\/span><\/a><\/li><\/ul><div class=\"tab-panels\"><div id=\"tab_recomenda\u00e7\u00f5es\" class=\"panel active entry-content\" role=\"tabpanel\" aria-labelledby=\"tab-recomenda\u00e7\u00f5es\">\n<p><br data-source=\"\n\n\">Para vinhos tintos frutados e suaves:<br \/><br data-source=\"\n\">SafOEno\u2122 FV 19 tem a capacidade de mascarar as notas vegetais de certos vinhos, melhorando as sensa\u00e7\u00f5es de frutado e suavidade. Ao trazer do\u00e7ura e redondeza aos vinhos, o SafOEno\u2122 FV 19 melhora muito a percep\u00e7\u00e3o de qualidade dos taninos, diminuindo sua adstring\u00eancia.<\/p>\n<p><br data-source=\"\n\n\">O SafOEno\u2122 FV 19 tamb\u00e9m produz uma quantidade significativa de aromas fermentativos frutados que v\u00e3o desde frutas vermelhas (rom\u00e3, cereja) at\u00e9 frutas pretas (groselha preta) e \u00e9 a escolha ideal para a produ\u00e7\u00e3o de vinhos tintos frutados e aveludados elaborados para uma r\u00e1pida libera\u00e7\u00e3o no mercado.<\/p>\n<p><br data-source=\"\n\n\">SafOEno\u2122 FV 19 \u00e9 uma \u00f3tima ferramenta para a vinifica\u00e7\u00e3o de vinhos elegantes e suaves de variedades como Merlot, Cabernet Sauvignon, Syrah, Grenache, Tempranillo, Nero d&#039;Avola e Nebbiolo.<br data-source=\"\n\n\"><\/p>\n<\/div>\n<div id=\"tab_julgamento\" class=\"panel entry-content\" role=\"tabpanel\" aria-labelledby=\"tab-julgamento\">\n<div class=\"row\"  id=\"row-898341796\">\n\n\t<div id=\"col-1293989629\" class=\"col small-12 large-12\"  >\n\t\t\t\t<div class=\"col-inner\"  >\n\t\t\t\n\t\t\t\n\t<div class=\"img has-hover x md-x lg-x y md-y lg-y\" id=\"image_1354548523\">\n\t\t\t\t\t\t\t\t<div class=\"img-inner dark\" >\n\t\t\t<img loading=\"lazy\" decoding=\"async\" width=\"1020\" height=\"365\" src=\"https:\/\/fermentis.com\/wp-content\/uploads\/2023\/05\/FV19-organoleptic-Profile-1024x366.png\" class=\"attachment-large size-large\" alt=\"FV19 organoleptic Profile\" srcset=\"https:\/\/fermentis.com\/wp-content\/uploads\/2023\/05\/FV19-organoleptic-Profile-1024x366.png 1024w, https:\/\/fermentis.com\/wp-content\/uploads\/2023\/05\/FV19-organoleptic-Profile-800x286.png 800w, https:\/\/fermentis.com\/wp-content\/uploads\/2023\/05\/FV19-organoleptic-Profile-768x275.png 768w, https:\/\/fermentis.com\/wp-content\/uploads\/2023\/05\/FV19-organoleptic-Profile-600x215.png 600w, https:\/\/fermentis.com\/wp-content\/uploads\/2023\/05\/FV19-organoleptic-Profile.png 1186w\" sizes=\"auto, (max-width: 1020px) 100vw, 1020px\" \/>\t\t\t\t\t\t\n\t\t\t\t\t<\/div>\n\t\t\t\t\t\t\t\t\n<style>\n#image_1354548523 {\n  width: 94%;\n}\n<\/style>\n\t<\/div>\n\t\n<p><strong>Pa\u00eds:<\/strong> It\u00e1lia, Casta: Nero d&#039;Avola\/Syrah, Colheita: 2021.<br data-source=\"\n\">Caracter\u00edsticas qu\u00edmicas do vinho ap\u00f3s ALF: \u00c1lcool: 14,31% v\/v, pH: 3,65, acidez total: 5,37 g\/L H2SO4, acidez vol\u00e1til: 0,49 g\/L H2SO4<br data-source=\"\n\n\"><strong>SafOEno\u2122 FV 19<\/strong> leva os vinhos a um perfil frutado (fruta vermelha e preta), floral, fresco e equilibrado, mascarando os taninos secos no final.<\/p>\n\t\t<\/div>\n\t\t\t\t\t<\/div>\n\n\t\n<\/div>\n\t<div id=\"gap-679749983\" class=\"gap-element clearfix\" style=\"display:block; height:auto;\">\n\t\t\n<style>\n#gap-679749983 {\n  padding-top: 10px;\n}\n<\/style>\n\t<\/div>\n\t\n<\/div><\/div><\/div>\n\t<div id=\"gap-1435725132\" class=\"gap-element clearfix\" style=\"display:block; height:auto;\">\n\t\t\n<style>\n#gap-1435725132 {\n  padding-top: 30px;\n}\n<\/style>\n\t<\/div>\n\t\n<div class=\"container section-title-container\" ><h3 class=\"section-title section-title-center\"><b aria-hidden=\"true\"><\/b><span class=\"section-title-main\" style=\"font-size:115%;\">Saf\u0152no\u2122 FV 19<\/span><b aria-hidden=\"true\"><\/b><\/h3><\/div>\n\n\t\t<div class=\"tabbed-content\">\n\t\t\t\n\t\t\t<ul class=\"nav nav-tabs nav-uppercase nav-size-normal nav-left\" role=\"tablist\"><li id=\"tab-fermenta\u00e7\u00e3o\" class=\"tab active has-icon\" role=\"presentation\"><a href=\"#tab_fermenta\u00e7\u00e3o\" role=\"tab\" aria-selected=\"true\" aria-controls=\"tab_fermenta\u00e7\u00e3o\"><span>fermenta\u00e7\u00e3o<\/span><\/a><\/li>\n<li id=\"tab-metab\u00f3licos\" class=\"tab has-icon\" role=\"presentation\"><a href=\"#tab_metab\u00f3licos\" tabindex=\"-1\" role=\"tab\" aria-selected=\"false\" aria-controls=\"tab_metab\u00f3licos\"><span>metab\u00f3licos<\/span><\/a><\/li>\n<li id=\"tab-f\u00e1cil-2-uso\" class=\"tab has-icon\" role=\"presentation\"><a href=\"#tab_f\u00e1cil-2-uso\" tabindex=\"-1\" role=\"tab\" aria-selected=\"false\" aria-controls=\"tab_f\u00e1cil-2-uso\"><span>F\u00e1cil 2 Uso<\/span><\/a><\/li>\n<li id=\"tab-embalagem-e-garantia\" class=\"tab has-icon\" role=\"presentation\"><a href=\"#tab_embalagem-e-garantia\" tabindex=\"-1\" role=\"tab\" aria-selected=\"false\" aria-controls=\"tab_embalagem-e-garantia\"><span>Embalagem e garantia<\/span><\/a><\/li><\/ul><div class=\"tab-panels\"><div id=\"tab_fermenta\u00e7\u00e3o\" class=\"panel active entry-content\" role=\"tabpanel\" aria-labelledby=\"tab-fermenta\u00e7\u00e3o\">\n<p><br data-source=\"\n\n\"><b>Habilidades de fermenta\u00e7\u00e3o:<\/b><br data-source=\"\n\"><\/p>\n<ul><br data-source=\"\n\"> \t<\/p>\n<li>Fase de atraso curto a m\u00e9dio<\/li>\n<p><br data-source=\"\n\"> \t<\/p>\n<li>Cin\u00e9tica de fermenta\u00e7\u00e3o m\u00e9dia e regular<\/li>\n<p><br data-source=\"\n\"> \t<\/p>\n<li>Toler\u00e2ncia m\u00e1xima ao etanol: at\u00e9 16% v\/v<\/li>\n<p><br data-source=\"\n\"> \t<\/p>\n<li>Faixa de temperatura recomendada: 17-28 \u00b0 C (62,6-82,4 \u00b0 F)<\/li>\n<p><br data-source=\"\n\"> \t<\/p>\n<li>Requisitos m\u00e9dios de nitrog\u00eanio: propor\u00e7\u00e3o YAN (mg\/L) \/ A\u00e7\u00facares iniciais (g\/L) \u2265 0,8 &#8211; 0,9<\/li>\n<p><br data-source=\"\n\"><\/ul>\n<p><br data-source=\"\n\"><br \/>\n<\/div>\n<div id=\"tab_metab\u00f3licos\" class=\"panel entry-content\" role=\"tabpanel\" aria-labelledby=\"tab-metab\u00f3licos\">\n<p><br data-source=\"\n\n\"><b>Caracter\u00edsticas metab\u00f3licas:<\/b><br data-source=\"\n\"><\/p>\n<ul><br data-source=\"\n\"> \t<\/p>\n<li>Alta for\u00e7a de implanta\u00e7\u00e3o<\/li>\n<p><br data-source=\"\n\"> \t<\/p>\n<li>Fator assassino: Neutro<\/li>\n<p><br data-source=\"\n\"> \t<\/p>\n<li>Consumo muito baixo de \u00e1cido m\u00e1lico<\/li>\n<p><br data-source=\"\n\"> \t<\/p>\n<li>Produ\u00e7\u00e3o de acidez vol\u00e1til m\u00e9dia<\/li>\n<p><br data-source=\"\n\"> \t<\/p>\n<li>Baixa produ\u00e7\u00e3o de H2S e SO2<\/li>\n<p><br data-source=\"\n\"><\/ul>\n<p><br data-source=\"\n\"><br \/>\n<\/div>\n<div id=\"tab_f\u00e1cil-2-uso\" class=\"panel entry-content\" role=\"tabpanel\" aria-labelledby=\"tab-f\u00e1cil-2-uso\">\n<p><br data-source=\"\n\n\">O know-how da Lesaffre e a melhoria cont\u00ednua do processo de produ\u00e7\u00e3o de leveduras geram uma qualidade excepcional de leveduras secas capazes de resistir a uma ampla gama de usos, incluindo condi\u00e7\u00f5es de aclimata\u00e7\u00e3o por by-pass, frio ou sem reidrata\u00e7\u00e3o, sem afetar sua viabilidade, perfil cin\u00e9tico e\/ou anal\u00edtico. Os produtores de vinho podem optar por usar nossa levedura E2UTM com o processo que melhor se adapta \u00e0s suas necessidades:<br data-source=\"\n\"><br data-source=\"\n\"><\/p>\n<ul><br data-source=\"\n\"> \t<\/p>\n<li><strong>Inocula\u00e7\u00e3o direta:<\/strong> Inocule a quantidade desejada de fermento diretamente no mosto no tanque de fermenta\u00e7\u00e3o, tendo o cuidado de homogeneizar todo o volume. Nos vinhos brancos ou ros\u00e9s, o ideal \u00e9 polvilhar diretamente a levedura no tanque de fermenta\u00e7\u00e3o durante o enchimento (ap\u00f3s a decanta\u00e7\u00e3o) para garantir uma boa homogeneiza\u00e7\u00e3o. Como alternativa, despeje a quantidade desejada de fermento na superf\u00edcie de pelo menos 10 vezes o peso do mosto. Mexa delicadamente para evitar grumos. Transfira imediatamente para o tanque e homogeneize todo o volume.<\/li>\n<p><br data-source=\"\n\"><br data-source=\"\n\"> \t<\/p>\n<li><strong>Com reidrata\u00e7\u00e3o pr\u00e9via e potencial aclimata\u00e7\u00e3o:<\/strong> Despeje delicadamente a quantidade desejada de fermento em 10 vezes seu peso de \u00e1gua da torneira a 15-37 \u00b0 C (59-98.6 \u00b0 F). Mexa suavemente para evitar a forma\u00e7\u00e3o de grumos. Deixe descansar por 20 minutos e incorpore o fermento inicial ao tanque de fermenta\u00e7\u00e3o com homogeneiza\u00e7\u00e3o. Ap\u00f3s a reidrata\u00e7\u00e3o, \u00e9 poss\u00edvel continuar com a aclimata\u00e7\u00e3o incorporando ao fermento 1\/2 de um volume de mosto e deixar descansar por 10 minutos. Repita a opera\u00e7\u00e3o at\u00e9 que a diferen\u00e7a de temperatura entre o tanque de fermenta\u00e7\u00e3o e a cultura inicial de levedura seja inferior a 10 \u00b0 C (50 \u00b0 F).<\/li>\n<p><br data-source=\"\n\"><\/ul>\n<p><br data-source=\"\n\"><br \/>\n<\/div>\n<div id=\"tab_embalagem-e-garantia\" class=\"panel entry-content\" role=\"tabpanel\" aria-labelledby=\"tab-embalagem-e-garantia\">\n<p><br data-source=\"\n\n\"><b>Empacotamento<\/b><br data-source=\"\n\"><\/p>\n<ul><br data-source=\"\n\"> \t<\/p>\n<li>Caixa de papel\u00e3o de 20 sach\u00eas embalados a v\u00e1cuo de 500g \/ 1,1 lb cada (peso l\u00edquido da caixa completa: 10 kg \/ 22,05 lb)<\/li>\n<p><br data-source=\"\n\"> \t<\/p>\n<li>Caixa de papel\u00e3o de 1 embalagem a v\u00e1cuo de 10 kg \/ 22,05 lb (peso l\u00edquido da caixa completa: 10 kg \/ 22,05 lb)<\/li>\n<p><br data-source=\"\n\"><\/ul>\n<p><br data-source=\"\n\"><br data-source=\"\n\"><b>Garantia<\/b><br data-source=\"\n\n\">O produto deve ser armazenado\/transportado em condi\u00e7\u00f5es secas e protegido da luz solar direta. Por menos de 6 meses, o produto pode ser armazenado\/transportado em temperatura ambiente abaixo de 25\u00b0C (77\u00b0F) sem afetar seu desempenho. Picos de at\u00e9 40 \u00b0 C (104 \u00b0 F) s\u00e3o permitidos por um per\u00edodo limitado de tempo (menos de 5 dias). A Fermentis recomenda um armazenamento de longo prazo a uma temperatura controlada (abaixo de 15\u00b0C\/59\u00b0F), uma vez que o produto chegue ao destino final. A Fermentis garante que o produto est\u00e1 em conformidade com as especifica\u00e7\u00f5es da OIV at\u00e9 \u00e0 data de validade nas condi\u00e7\u00f5es de armazenamento mencionadas acima. O produto tamb\u00e9m \u00e9 autorizado de acordo com o TTB.<\/p>\n<p><br data-source=\"\n\n\"><em>Cada levedura Fermentis \u00e9 desenvolvida sob um esquema de produ\u00e7\u00e3o espec\u00edfico e se beneficia do know-how do grupo Lesaffre, l\u00edder mundial na fabrica\u00e7\u00e3o de leveduras. Isso garante a mais alta pureza microbiol\u00f3gica e a m\u00e1xima atividade de fermenta\u00e7\u00e3o.<\/em><br data-source=\"\n\n\"><\/p>\n<\/div><\/div><\/div>\n\t<div id=\"gap-1922185597\" class=\"gap-element clearfix\" style=\"display:block; height:auto;\">\n\t\t\n<style>\n#gap-1922185597 {\n  padding-top: 30px;\n}\n<\/style>\n\t<\/div>\n\t<br data-source=\"\n\n\"><em>As informa\u00e7\u00f5es fornecidas pela Fermentis s\u00e3o para fins informativos apenas aos profissionais N\u00e3o fazemos nenhuma representa\u00e7\u00e3o ou garantia de qualquer tipo, expressa ou impl\u00edcita, em rela\u00e7\u00e3o \u00e0s informa\u00e7\u00f5es: os requisitos regulamentares e de propriedade intelectual (incluindo uso e reclama\u00e7\u00f5es do produto) devem ser revisados localmente para seus fins espec\u00edficos.<\/em><\/p>\n","protected":false},"excerpt":{"rendered":"<p>Para vinhos tintos frutados e aveludados.<\/p>\n","protected":false},"featured_media":44162,"comment_status":"closed","ping_status":"closed","template":"","meta":{"_acf_changed":false},"product_brand":[],"product_cat":[2555,2556,2557],"product_tag":[2574,2575],"class_list":{"0":"post-44161","1":"product","2":"type-product","3":"status-publish","4":"has-post-thumbnail","6":"product_cat-active-dry-yeast-wine-pt-br","7":"product_cat-safoeno-pt-br-2","8":"product_cat-wine-making-pt-br","9":"product_tag-fv-19-pt-br","10":"product_tag-fv19-pt-br","11":"pa_max-alcohol-15-pt-br","12":"pa_roundness-low-pt-br","13":"pa_wine-color-white-pt-br","15":"first","16":"instock","17":"shipping-taxable","18":"product-type-simple"},"acf":[],"yoast_head":"<!-- This site is optimized with the Yoast SEO Premium plugin v27.4 (Yoast SEO v27.4) - https:\/\/yoast.com\/product\/yoast-seo-premium-wordpress\/ -->\n<title>Saf\u0152no\u2122 FV 19 - Para Vinhos Tintos Frutados E Aveludados - Fermentis<\/title>\n<meta name=\"description\" content=\"O Saf\u0152no\u2122 FV 19 \u00e9 uma excelente op\u00e7\u00e3o para quem procura criar vinhos tintos frutados e suaves.\" \/>\n<meta name=\"robots\" content=\"index, follow, max-snippet:-1, max-image-preview:large, max-video-preview:-1\" \/>\n<link rel=\"canonical\" href=\"https:\/\/fermentis.com\/pt-br\/produto\/safoeno-fv-19\/\" \/>\n<meta property=\"og:locale\" content=\"pt_BR\" \/>\n<meta property=\"og:type\" content=\"article\" \/>\n<meta property=\"og:title\" content=\"Saf\u0152no\u2122 FV\u00a019\" \/>\n<meta property=\"og:description\" content=\"O Saf\u0152no\u2122 FV 19 \u00e9 uma excelente op\u00e7\u00e3o para quem procura criar vinhos tintos frutados e suaves.\" \/>\n<meta property=\"og:url\" content=\"https:\/\/fermentis.com\/pt-br\/produto\/safoeno-fv-19\/\" \/>\n<meta property=\"og:site_name\" content=\"Fermentis\" \/>\n<meta property=\"article:publisher\" content=\"https:\/\/www.facebook.com\/Fermentis\" \/>\n<meta property=\"article:modified_time\" content=\"2026-04-17T10:05:49+00:00\" \/>\n<meta property=\"og:image\" content=\"https:\/\/fermentis.com\/wp-content\/uploads\/2023\/05\/SafOEnoTM-FV-19.png\" \/>\n\t<meta property=\"og:image:width\" content=\"1200\" \/>\n\t<meta property=\"og:image:height\" content=\"1200\" \/>\n\t<meta property=\"og:image:type\" content=\"image\/png\" \/>\n<meta name=\"twitter:card\" content=\"summary_large_image\" \/>\n<meta name=\"twitter:site\" content=\"@fermentis\" \/>\n<meta name=\"twitter:label1\" content=\"Pre\u00e7o\" \/>\n\t<meta name=\"twitter:data1\" content=\"\" \/>\n\t<meta name=\"twitter:label2\" content=\"Disponibilidade\" \/>\n\t<meta name=\"twitter:data2\" content=\"Em Estoque\" \/>\n<script type=\"application\/ld+json\" class=\"yoast-schema-graph\">{\"@context\":\"https:\\\/\\\/schema.org\",\"@graph\":[{\"@type\":\"WebPage\",\"@id\":\"https:\\\/\\\/fermentis.com\\\/pt-br\\\/produto\\\/safoeno-fv-19\\\/\",\"url\":\"https:\\\/\\\/fermentis.com\\\/pt-br\\\/produto\\\/safoeno-fv-19\\\/\",\"name\":\"Saf\u0152no\u2122 FV 19 - Para Vinhos Tintos Frutados E Aveludados - Fermentis\",\"isPartOf\":{\"@id\":\"https:\\\/\\\/fermentis.com\\\/pt-br\\\/#website\"},\"primaryImageOfPage\":{\"@id\":\"https:\\\/\\\/fermentis.com\\\/pt-br\\\/produto\\\/safoeno-fv-19\\\/#primaryimage\"},\"image\":{\"@id\":\"https:\\\/\\\/fermentis.com\\\/pt-br\\\/produto\\\/safoeno-fv-19\\\/#primaryimage\"},\"thumbnailUrl\":\"https:\\\/\\\/fermentis.com\\\/wp-content\\\/uploads\\\/2023\\\/05\\\/SafOEnoTM-FV-19.png\",\"datePublished\":\"2023-05-26T14:09:57+00:00\",\"dateModified\":\"2026-04-17T10:05:49+00:00\",\"description\":\"O Saf\u0152no\u2122 FV 19 \u00e9 uma excelente op\u00e7\u00e3o para quem procura criar vinhos tintos frutados e suaves.\",\"breadcrumb\":{\"@id\":\"https:\\\/\\\/fermentis.com\\\/pt-br\\\/produto\\\/safoeno-fv-19\\\/#breadcrumb\"},\"inLanguage\":\"pt-BR\",\"potentialAction\":[{\"@type\":\"ReadAction\",\"target\":[\"https:\\\/\\\/fermentis.com\\\/pt-br\\\/produto\\\/safoeno-fv-19\\\/\"]}]},{\"@type\":\"ImageObject\",\"inLanguage\":\"pt-BR\",\"@id\":\"https:\\\/\\\/fermentis.com\\\/pt-br\\\/produto\\\/safoeno-fv-19\\\/#primaryimage\",\"url\":\"https:\\\/\\\/fermentis.com\\\/wp-content\\\/uploads\\\/2023\\\/05\\\/SafOEnoTM-FV-19.png\",\"contentUrl\":\"https:\\\/\\\/fermentis.com\\\/wp-content\\\/uploads\\\/2023\\\/05\\\/SafOEnoTM-FV-19.png\",\"width\":1200,\"height\":1200},{\"@type\":\"BreadcrumbList\",\"@id\":\"https:\\\/\\\/fermentis.com\\\/pt-br\\\/produto\\\/safoeno-fv-19\\\/#breadcrumb\",\"itemListElement\":[{\"@type\":\"ListItem\",\"position\":1,\"name\":\"Home\",\"item\":\"https:\\\/\\\/fermentis.com\\\/pt-br\\\/\"},{\"@type\":\"ListItem\",\"position\":2,\"name\":\"Produtos\"},{\"@type\":\"ListItem\",\"position\":3,\"name\":\"Wine making\",\"item\":\"https:\\\/\\\/fermentis.com\\\/pt-br\\\/fermentation\\\/wine-making-pt-br\\\/\"},{\"@type\":\"ListItem\",\"position\":4,\"name\":\"Saf\u0152no\u2122 FV\u00a019\"}]},{\"@type\":\"WebSite\",\"@id\":\"https:\\\/\\\/fermentis.com\\\/pt-br\\\/#website\",\"url\":\"https:\\\/\\\/fermentis.com\\\/pt-br\\\/\",\"name\":\"Fermentis\",\"description\":\"Un site utilisant WordPress\",\"publisher\":{\"@id\":\"https:\\\/\\\/fermentis.com\\\/pt-br\\\/#organization\"},\"potentialAction\":[{\"@type\":\"SearchAction\",\"target\":{\"@type\":\"EntryPoint\",\"urlTemplate\":\"https:\\\/\\\/fermentis.com\\\/pt-br\\\/?s={search_term_string}\"},\"query-input\":{\"@type\":\"PropertyValueSpecification\",\"valueRequired\":true,\"valueName\":\"search_term_string\"}}],\"inLanguage\":\"pt-BR\"},{\"@type\":\"Organization\",\"@id\":\"https:\\\/\\\/fermentis.com\\\/pt-br\\\/#organization\",\"name\":\"Fermentis\",\"url\":\"https:\\\/\\\/fermentis.com\\\/pt-br\\\/\",\"logo\":{\"@type\":\"ImageObject\",\"inLanguage\":\"pt-BR\",\"@id\":\"https:\\\/\\\/fermentis.com\\\/pt-br\\\/#\\\/schema\\\/logo\\\/image\\\/\",\"url\":\"https:\\\/\\\/fermentis.com\\\/wp-content\\\/uploads\\\/2021\\\/07\\\/Logo-Fermentis-5.png\",\"contentUrl\":\"https:\\\/\\\/fermentis.com\\\/wp-content\\\/uploads\\\/2021\\\/07\\\/Logo-Fermentis-5.png\",\"width\":308,\"height\":95,\"caption\":\"Fermentis\"},\"image\":{\"@id\":\"https:\\\/\\\/fermentis.com\\\/pt-br\\\/#\\\/schema\\\/logo\\\/image\\\/\"},\"sameAs\":[\"https:\\\/\\\/www.facebook.com\\\/Fermentis\",\"https:\\\/\\\/x.com\\\/fermentis\",\"https:\\\/\\\/www.instagram.com\\\/fermentisbylesaffre\\\/\",\"https:\\\/\\\/www.linkedin.com\\\/company\\\/fermentis\\\/\",\"https:\\\/\\\/www.youtube.com\\\/channel\\\/UCt_Lp3IZnUNXZeqSi6iiAdA\"]}]}<\/script>\n<meta property=\"product:price:currency\" content=\"GBP\" \/>\n<meta property=\"og:availability\" content=\"instock\" \/>\n<meta property=\"product:availability\" content=\"instock\" \/>\n<meta property=\"product:condition\" content=\"new\" \/>\n<!-- \/ Yoast SEO Premium plugin. -->","yoast_head_json":{"title":"Saf\u0152no\u2122 FV 19 - Para Vinhos Tintos Frutados E Aveludados - Fermentis","description":"O Saf\u0152no\u2122 FV 19 \u00e9 uma excelente op\u00e7\u00e3o para quem procura criar vinhos tintos frutados e suaves.","robots":{"index":"index","follow":"follow","max-snippet":"max-snippet:-1","max-image-preview":"max-image-preview:large","max-video-preview":"max-video-preview:-1"},"canonical":"https:\/\/fermentis.com\/pt-br\/produto\/safoeno-fv-19\/","og_locale":"pt_BR","og_type":"article","og_title":"Saf\u0152no\u2122 FV\u00a019","og_description":"O Saf\u0152no\u2122 FV 19 \u00e9 uma excelente op\u00e7\u00e3o para quem procura criar vinhos tintos frutados e suaves.","og_url":"https:\/\/fermentis.com\/pt-br\/produto\/safoeno-fv-19\/","og_site_name":"Fermentis","article_publisher":"https:\/\/www.facebook.com\/Fermentis","article_modified_time":"2026-04-17T10:05:49+00:00","og_image":[{"width":1200,"height":1200,"url":"https:\/\/fermentis.com\/wp-content\/uploads\/2023\/05\/SafOEnoTM-FV-19.png","type":"image\/png"}],"twitter_card":"summary_large_image","twitter_site":"@fermentis","twitter_misc":{"Pre\u00e7o":"","Disponibilidade":"Em Estoque"},"schema":{"@context":"https:\/\/schema.org","@graph":[{"@type":"WebPage","@id":"https:\/\/fermentis.com\/pt-br\/produto\/safoeno-fv-19\/","url":"https:\/\/fermentis.com\/pt-br\/produto\/safoeno-fv-19\/","name":"Saf\u0152no\u2122 FV 19 - Para Vinhos Tintos Frutados E Aveludados - Fermentis","isPartOf":{"@id":"https:\/\/fermentis.com\/pt-br\/#website"},"primaryImageOfPage":{"@id":"https:\/\/fermentis.com\/pt-br\/produto\/safoeno-fv-19\/#primaryimage"},"image":{"@id":"https:\/\/fermentis.com\/pt-br\/produto\/safoeno-fv-19\/#primaryimage"},"thumbnailUrl":"https:\/\/fermentis.com\/wp-content\/uploads\/2023\/05\/SafOEnoTM-FV-19.png","datePublished":"2023-05-26T14:09:57+00:00","dateModified":"2026-04-17T10:05:49+00:00","description":"O Saf\u0152no\u2122 FV 19 \u00e9 uma excelente op\u00e7\u00e3o para quem procura criar vinhos tintos frutados e suaves.","breadcrumb":{"@id":"https:\/\/fermentis.com\/pt-br\/produto\/safoeno-fv-19\/#breadcrumb"},"inLanguage":"pt-BR","potentialAction":[{"@type":"ReadAction","target":["https:\/\/fermentis.com\/pt-br\/produto\/safoeno-fv-19\/"]}]},{"@type":"ImageObject","inLanguage":"pt-BR","@id":"https:\/\/fermentis.com\/pt-br\/produto\/safoeno-fv-19\/#primaryimage","url":"https:\/\/fermentis.com\/wp-content\/uploads\/2023\/05\/SafOEnoTM-FV-19.png","contentUrl":"https:\/\/fermentis.com\/wp-content\/uploads\/2023\/05\/SafOEnoTM-FV-19.png","width":1200,"height":1200},{"@type":"BreadcrumbList","@id":"https:\/\/fermentis.com\/pt-br\/produto\/safoeno-fv-19\/#breadcrumb","itemListElement":[{"@type":"ListItem","position":1,"name":"Home","item":"https:\/\/fermentis.com\/pt-br\/"},{"@type":"ListItem","position":2,"name":"Produtos"},{"@type":"ListItem","position":3,"name":"Wine making","item":"https:\/\/fermentis.com\/pt-br\/fermentation\/wine-making-pt-br\/"},{"@type":"ListItem","position":4,"name":"Saf\u0152no\u2122 FV\u00a019"}]},{"@type":"WebSite","@id":"https:\/\/fermentis.com\/pt-br\/#website","url":"https:\/\/fermentis.com\/pt-br\/","name":"Fermentis","description":"Un site utilisant WordPress","publisher":{"@id":"https:\/\/fermentis.com\/pt-br\/#organization"},"potentialAction":[{"@type":"SearchAction","target":{"@type":"EntryPoint","urlTemplate":"https:\/\/fermentis.com\/pt-br\/?s={search_term_string}"},"query-input":{"@type":"PropertyValueSpecification","valueRequired":true,"valueName":"search_term_string"}}],"inLanguage":"pt-BR"},{"@type":"Organization","@id":"https:\/\/fermentis.com\/pt-br\/#organization","name":"Fermentis","url":"https:\/\/fermentis.com\/pt-br\/","logo":{"@type":"ImageObject","inLanguage":"pt-BR","@id":"https:\/\/fermentis.com\/pt-br\/#\/schema\/logo\/image\/","url":"https:\/\/fermentis.com\/wp-content\/uploads\/2021\/07\/Logo-Fermentis-5.png","contentUrl":"https:\/\/fermentis.com\/wp-content\/uploads\/2021\/07\/Logo-Fermentis-5.png","width":308,"height":95,"caption":"Fermentis"},"image":{"@id":"https:\/\/fermentis.com\/pt-br\/#\/schema\/logo\/image\/"},"sameAs":["https:\/\/www.facebook.com\/Fermentis","https:\/\/x.com\/fermentis","https:\/\/www.instagram.com\/fermentisbylesaffre\/","https:\/\/www.linkedin.com\/company\/fermentis\/","https:\/\/www.youtube.com\/channel\/UCt_Lp3IZnUNXZeqSi6iiAdA"]}]},"product_price_currency":"GBP","og_availability":"instock","product_availability":"instock","product_condition":"new"},"_links":{"self":[{"href":"https:\/\/fermentis.com\/pt-br\/wp-json\/wp\/v2\/product\/44161","targetHints":{"allow":["GET"]}}],"collection":[{"href":"https:\/\/fermentis.com\/pt-br\/wp-json\/wp\/v2\/product"}],"about":[{"href":"https:\/\/fermentis.com\/pt-br\/wp-json\/wp\/v2\/types\/product"}],"replies":[{"embeddable":true,"href":"https:\/\/fermentis.com\/pt-br\/wp-json\/wp\/v2\/comments?post=44161"}],"wp:featuredmedia":[{"embeddable":true,"href":"https:\/\/fermentis.com\/pt-br\/wp-json\/wp\/v2\/media\/44162"}],"wp:attachment":[{"href":"https:\/\/fermentis.com\/pt-br\/wp-json\/wp\/v2\/media?parent=44161"}],"wp:term":[{"taxonomy":"product_brand","embeddable":true,"href":"https:\/\/fermentis.com\/pt-br\/wp-json\/wp\/v2\/product_brand?post=44161"},{"taxonomy":"product_cat","embeddable":true,"href":"https:\/\/fermentis.com\/pt-br\/wp-json\/wp\/v2\/product_cat?post=44161"},{"taxonomy":"product_tag","embeddable":true,"href":"https:\/\/fermentis.com\/pt-br\/wp-json\/wp\/v2\/product_tag?post=44161"}],"curies":[{"name":"wp","href":"https:\/\/api.w.org\/{rel}","templated":true}]}}