{"id":44166,"date":"2022-05-23T18:04:55","date_gmt":"2022-05-23T16:04:55","guid":{"rendered":"https:\/\/fermentis.com\/product\/safoeno-ef-85\/"},"modified":"2026-04-21T03:06:34","modified_gmt":"2026-04-21T01:06:34","slug":"safoeno-ef-85","status":"publish","type":"product","link":"https:\/\/fermentis.com\/pt-br\/produto\/safoeno-ef-85\/","title":{"rendered":"Saf\u0152no\u2122 EF\u00a085"},"content":{"rendered":"<div class=\"container section-title-container\" ><h2 class=\"section-title section-title-center\"><b aria-hidden=\"true\"><\/b><span class=\"section-title-main\" style=\"font-size:115%;\">PARA VINHOS BRANCOS ELEGANTES COM AROMAS COMPLEXOS<\/span><b aria-hidden=\"true\"><\/b><\/h2><\/div>\n<p><span style=\"vertical-align: inherit\"><span style=\"vertical-align: inherit\"><strong>O Saf\u0152no\u2122 EF 85<\/strong> \u00e9 origin\u00e1rio do Vale do Loire (Fran\u00e7a) e vem de um programa de sele\u00e7\u00e3o realizado em parceria com o l&#039;Institut Fran\u00e7ais de la Vigne et du Vin.<\/span><\/span><\/p>\n<p><strong>Dosagem:<\/strong> Vinhos brancos tranquilos: 20 g\/hl (1,67 lb\/1.000 gal)<\/p>\n<p><strong>Ingredientes:<\/strong> Levedura (Saccharomyces cerevisiae*), Emulsificante: Monoestearato de sorbitano (E\/INS 491)<\/p>\n<p>*De acordo com \u00abRevisitando os sin\u00f4nimos taxon\u00f4micos e popula\u00e7\u00f5es de Saccharomyces cerevisiae \u2013 Filogenia, Fen\u00f3tipos, Ecologia e Domestica\u00e7\u00e3o.\u00bb Pontes A., Hutzler M., Brito P.H. e Sampaio J.P., 2020 e \u00abDiversidade e Evolu\u00e7\u00e3o do Genoma nas Leveduras em Brotamento (Saccharomycotina). Gen\u00e9tica.\u00bb Dujon BA, Louis EJ, 2017; 206(2):717\u2010750.<\/p>\n\t<div id=\"gap-739161097\" class=\"gap-element clearfix\" style=\"display:block; height:auto;\">\n\t\t\n<style>\n#gap-739161097 {\n  padding-top: 30px;\n}\n<\/style>\n\t<\/div>\n\t\n<div class=\"container section-title-container\" ><h3 class=\"section-title section-title-center\"><b aria-hidden=\"true\"><\/b><span class=\"section-title-main\" style=\"font-size:115%;\">Caracter\u00edsticas sensoriais do Saf\u0152no\u2122 EF 85<\/span><b aria-hidden=\"true\"><\/b><\/h3><\/div>\n\n\t\t<div class=\"tabbed-content\">\n\t\t\t\n\t\t\t<ul class=\"nav nav-tabs nav-uppercase nav-size-normal nav-left\" role=\"tablist\"><li id=\"tab-recomenda\u00e7\u00f5es\" class=\"tab active has-icon\" role=\"presentation\"><a href=\"#tab_recomenda\u00e7\u00f5es\" role=\"tab\" aria-selected=\"true\" aria-controls=\"tab_recomenda\u00e7\u00f5es\"><span>Recomenda\u00e7\u00f5es<\/span><\/a><\/li>\n<li id=\"tab-julgamento\" class=\"tab has-icon\" role=\"presentation\"><a href=\"#tab_julgamento\" tabindex=\"-1\" role=\"tab\" aria-selected=\"false\" aria-controls=\"tab_julgamento\"><span>julgamento<\/span><\/a><\/li><\/ul><div class=\"tab-panels\"><div id=\"tab_recomenda\u00e7\u00f5es\" class=\"panel active entry-content\" role=\"tabpanel\" aria-labelledby=\"tab-recomenda\u00e7\u00f5es\">\n<p>Gra\u00e7as \u00e0 sua alta produ\u00e7\u00e3o de \u00e9steres et\u00edlicos combinada com uma produ\u00e7\u00e3o m\u00e9dia de \u00e9steres de acetato, o Saf\u0152no\u2122 EF 85 traz notas frutadas complexas e equilibradas aos vinhos.<br \/>\nAo longo de in\u00fameras vinifica\u00e7\u00f5es realizadas durante o seu programa de sele\u00e7\u00e3o, o Saf\u0152no\u2122 EF 85 apresentou bons desempenhos em muitas cultivares brancas diferentes, desde variedades neutras (Chardonnay, Grenache blanc, Ugni blanc, etc.) at\u00e9 variedades arom\u00e1ticas (Muscat, etc.), sempre oferecendo um perfil arom\u00e1tico bem apreciado pelos provadores.<br \/>\nA sua capacidade de manter uma acidez total elevada favorece uma sensa\u00e7\u00e3o de boca fresca equilibrada, tornando o Saf\u0152no\u2122 EF 85 ideal para a produ\u00e7\u00e3o de vinhos brancos elegantes com respeito pela casta.<\/p>\n<\/div>\n<div id=\"tab_julgamento\" class=\"panel entry-content\" role=\"tabpanel\" aria-labelledby=\"tab-julgamento\">\n<p>Mel\u00e3o de Bourgogne (Vale do Loire \u2013 Fran\u00e7a), 12,14% v\/v, temperatura de fermenta\u00e7\u00e3o constante a 18\u00b0C (64\u00b0F), pH 3,1.<\/p>\n<p>Ajuste do nitrog\u00eanio assimil\u00e1vel com DAP para YAN (mg\/L) \/ A\u00e7\u00facares iniciais (g\/L) = 0,98.<\/p>\n\t<div class=\"img has-hover x md-x lg-x y md-y lg-y\" id=\"image_1928428587\">\n\t\t\t\t\t\t\t\t<div class=\"img-inner dark\" >\n\t\t\t<img loading=\"lazy\" decoding=\"async\" width=\"1020\" height=\"332\" src=\"https:\/\/fermentis.com\/wp-content\/uploads\/2022\/05\/EF-85-SENSORY-PROFILE-ANALYSIS-1024x333.jpg\" class=\"attachment-large size-large\" alt=\"Saf\u0152no\u2122 EF 85 SENSORY PROFILE &amp; ANALYSIS\" srcset=\"https:\/\/fermentis.com\/wp-content\/uploads\/2022\/05\/EF-85-SENSORY-PROFILE-ANALYSIS-1024x333.jpg 1024w, https:\/\/fermentis.com\/wp-content\/uploads\/2022\/05\/EF-85-SENSORY-PROFILE-ANALYSIS-800x260.jpg 800w, https:\/\/fermentis.com\/wp-content\/uploads\/2022\/05\/EF-85-SENSORY-PROFILE-ANALYSIS-768x250.jpg 768w, https:\/\/fermentis.com\/wp-content\/uploads\/2022\/05\/EF-85-SENSORY-PROFILE-ANALYSIS-600x195.jpg 600w, https:\/\/fermentis.com\/wp-content\/uploads\/2022\/05\/EF-85-SENSORY-PROFILE-ANALYSIS.jpg 1159w\" sizes=\"auto, (max-width: 1020px) 100vw, 1020px\" \/>\t\t\t\t\t\t\n\t\t\t\t\t<\/div>\n\t\t\t\t\t\t\t\t\n<style>\n#image_1928428587 {\n  width: 100%;\n}\n<\/style>\n\t<\/div>\n\t\n\t<div id=\"gap-1395653597\" class=\"gap-element clearfix\" style=\"display:block; height:auto;\">\n\t\t\n<style>\n#gap-1395653597 {\n  padding-top: 10px;\n}\n<\/style>\n\t<\/div>\n\t\n<p>&#8220;\/&gt;Fig. 1 e 2.: O Saf\u0152no\u2122 EF 85 leva a um perfil frutado, complexo e equilibrado, aumentando a concentra\u00e7\u00e3o de \u00e9steres et\u00edlicos no vinho quando comparado com o Saf\u0152no\u2122 HD A54, que \u00e9 altamente produtor de \u00e9steres de acetato, resultando em perfis mais intensos, mas menos complexos.<\/p>\n<\/div><\/div><\/div>\n\t<div id=\"gap-45812221\" class=\"gap-element clearfix\" style=\"display:block; height:auto;\">\n\t\t\n<style>\n#gap-45812221 {\n  padding-top: 30px;\n}\n<\/style>\n\t<\/div>\n\t\n<div class=\"container section-title-container\" ><h3 class=\"section-title section-title-center\"><b aria-hidden=\"true\"><\/b><span class=\"section-title-main\" style=\"font-size:115%;\">Caracter\u00edsticas t\u00e9cnicas do Saf\u0152no\u2122 EF 85<\/span><b aria-hidden=\"true\"><\/b><\/h3><\/div>\n\n\t\t<div class=\"tabbed-content\">\n\t\t\t\n\t\t\t<ul class=\"nav nav-tabs nav-uppercase nav-size-normal nav-left\" role=\"tablist\"><li id=\"tab-fermenta\u00e7\u00e3o\" class=\"tab active has-icon\" role=\"presentation\"><a href=\"#tab_fermenta\u00e7\u00e3o\" role=\"tab\" aria-selected=\"true\" aria-controls=\"tab_fermenta\u00e7\u00e3o\"><span>fermenta\u00e7\u00e3o<\/span><\/a><\/li>\n<li id=\"tab-metab\u00f3licos\" class=\"tab has-icon\" role=\"presentation\"><a href=\"#tab_metab\u00f3licos\" tabindex=\"-1\" role=\"tab\" aria-selected=\"false\" aria-controls=\"tab_metab\u00f3licos\"><span>metab\u00f3licos<\/span><\/a><\/li>\n<li id=\"tab-f\u00e1cil-2-uso\" class=\"tab has-icon\" role=\"presentation\"><a href=\"#tab_f\u00e1cil-2-uso\" tabindex=\"-1\" role=\"tab\" aria-selected=\"false\" aria-controls=\"tab_f\u00e1cil-2-uso\"><span>F\u00e1cil 2 Uso<\/span><\/a><\/li>\n<li id=\"tab-embalagem-e-garantia\" class=\"tab has-icon\" role=\"presentation\"><a href=\"#tab_embalagem-e-garantia\" tabindex=\"-1\" role=\"tab\" aria-selected=\"false\" aria-controls=\"tab_embalagem-e-garantia\"><span>Embalagem e garantia<\/span><\/a><\/li><\/ul><div class=\"tab-panels\"><div id=\"tab_fermenta\u00e7\u00e3o\" class=\"panel active entry-content\" role=\"tabpanel\" aria-labelledby=\"tab-fermenta\u00e7\u00e3o\">\n<p><b>Habilidades de fermenta\u00e7\u00e3o:<\/b><\/p>\n<p>\u2022 Alta for\u00e7a de implanta\u00e7\u00e3o gra\u00e7as ao seu fen\u00f3tipo Killer<br \/>\n\u2022 Fase de atraso curto a m\u00e9dio; ent\u00e3o, cin\u00e9tica r\u00e1pida e regular<br \/>\n\u2022 Boa toler\u00e2ncia ao \u00e1lcool: at\u00e9 15,5% v\/v<br \/>\n\u2022 Ampla faixa de temperatura de fermenta\u00e7\u00e3o: 10-30 \u00b0 C (50-86 \u00b0 F)<br \/>\n\u2022 Requisitos moderados de nitrog\u00eanio: Propor\u00e7\u00e3o YAN (mg \/ L) A\u00e7\u00facares iniciais (g \/ L) \u2265 0,8<\/p>\n<\/div>\n<div id=\"tab_metab\u00f3licos\" class=\"panel entry-content\" role=\"tabpanel\" aria-labelledby=\"tab-metab\u00f3licos\">\n<p><b>Metabolic Characteristics:<\/b><\/p>\n<p>\u2022 Low malic acid consumption and good retention of the total acidity<br \/>\n\u2022 Medium volatile acidity production<br \/>\n\u2022 Low H<sub>2<\/sub>S production and medium SO<sub>2<\/sub>production<br \/>\n\u2022 High ethyl esters production<br \/>\n\u2022 Medium acetate esters production, especially isoamyl acetate<\/p>\n<\/div>\n<div id=\"tab_f\u00e1cil-2-uso\" class=\"panel entry-content\" role=\"tabpanel\" aria-labelledby=\"tab-f\u00e1cil-2-uso\">\n<p>O know-how da Lesaffre e a melhoria cont\u00ednua do processo de produ\u00e7\u00e3o de leveduras geram uma <strong>qualidade excepcional de leveduras secas capazes de resistir a uma ampla gama de usos, incluindo aclimata\u00e7\u00e3o por by-pass, condi\u00e7\u00f5es de reidrata\u00e7\u00e3o a frio ou sem reidrata\u00e7\u00e3o, sem afetar sua viabilidade, perfil cin\u00e9tico e\/ou anal\u00edtico.<\/strong> Os produtores de vinho podem optar por usar nossa levedura E2U\u2122 com o processo que melhor se adapta \u00e0s suas necessidades:<\/p>\n<ul>\n<li><strong>Inocula\u00e7\u00e3o direta<\/strong>: Inocular a quantidade desejada de levedura diretamente no mosto no tanque de fermenta\u00e7\u00e3o, tendo o cuidado de homogeneizar todo o volume. Em brancos ou ros\u00e9s, o ideal \u00e9 polvilhar diretamente o fermento no tanque de fermenta\u00e7\u00e3o ap\u00f3s o in\u00edcio da transfer\u00eancia do tanque de decanta\u00e7\u00e3o e continuar transferindo para garantir uma boa homogeneiza\u00e7\u00e3o. Como alternativa, despeje a quantidade de fermento desejada na superf\u00edcie de pelo menos 10 vezes o peso do mosto. Mexa delicadamente para evitar grumos. Transfira imediatamente para o tanque e homogeneize todo o volume.<\/li>\n<li><strong>Com reidrata\u00e7\u00e3o pr\u00e9via e potencial aclimata\u00e7\u00e3o: Despeje<\/strong> suavemente a quantidade desejada de fermento em 10 vezes seu peso de \u00e1gua da torneira de 15-37 \u00b0 C (59-98,6 \u00b0 F). Mexa delicadamente para completar a reidrata\u00e7\u00e3o do fermento e evitar a forma\u00e7\u00e3o de grumos. Deixe descansar por 20 minutos e incorpore o fermento fermentado no tanque de fermenta\u00e7\u00e3o com homogeneiza\u00e7\u00e3o. Ap\u00f3s a reidrata\u00e7\u00e3o, \u00e9 poss\u00edvel continuar com uma aclimata\u00e7\u00e3o incorporando ao fermento fermentador 1\/2 de um volume de mosto e deixar descansar por 10 minutos. Repita a opera\u00e7\u00e3o at\u00e9 que a diferen\u00e7a de temperatura entre o tanque de fermenta\u00e7\u00e3o e a cultura inicial de levedura seja inferior a 10 \u00b0 C (50 \u00b0 F).<\/li>\n<\/ul>\n<\/div>\n<div id=\"tab_embalagem-e-garantia\" class=\"panel entry-content\" role=\"tabpanel\" aria-labelledby=\"tab-embalagem-e-garantia\">\n<p><b>Empacotamento<\/b><\/p>\n<p>Caixa de papel\u00e3o de 20 sach\u00eas embalados a v\u00e1cuo de 500g \/ 1,1 lb cada (peso l\u00edquido da caixa completa: 10 kg \/ 22,05 lb)<\/p>\n<p>Caixa de papel\u00e3o de 1 embalagem a v\u00e1cuo de 10 kg \/ 22,05 lb (peso l\u00edquido da caixa completa: 10 kg \/ 22,05 lb)<\/p>\n<p><b>Garantia<\/b><\/p>\n<p>O produto deve ser armazenado\/transportado em condi\u00e7\u00f5es secas e protegido da luz solar direta. Por menos de 6 meses, o produto pode ser armazenado\/transportado em temperatura ambiente abaixo de 25\u00b0C (77\u00b0F) sem afetar seu desempenho. Picos de at\u00e9 40 \u00b0 C (104 \u00b0 F) s\u00e3o permitidos por um per\u00edodo limitado de tempo (menos de 5 dias).<\/p>\n<p>A Fermentis recomenda um armazenamento de longo prazo a uma temperatura controlada (abaixo de 15\u00b0C\/59\u00b0F), uma vez que o produto chegue ao destino final.<\/p>\n<p>A Fermentis garante que o produto est\u00e1 em conformidade com as especifica\u00e7\u00f5es da OIV at\u00e9 \u00e0 data de validade nas condi\u00e7\u00f5es de armazenamento mencionadas acima. O produto tamb\u00e9m \u00e9 autorizado de acordo com o TTB.<\/p>\n<p><em>Cada levedura Fermentis \u00e9 desenvolvida sob um esquema de produ\u00e7\u00e3o espec\u00edfico e se beneficia do know-how do grupo Lesaffre, l\u00edder mundial na fabrica\u00e7\u00e3o de leveduras. Isso garante a mais alta pureza microbiol\u00f3gica e a m\u00e1xima atividade de fermenta\u00e7\u00e3o.<\/em><\/p>\n<\/div><\/div><\/div>\n\t<div id=\"gap-104925155\" class=\"gap-element clearfix\" style=\"display:block; height:auto;\">\n\t\t\n<style>\n#gap-104925155 {\n  padding-top: 30px;\n}\n<\/style>\n\t<\/div>\n\t\n<p><em>As informa\u00e7\u00f5es fornecidas pela Fermentis s\u00e3o para fins informativos apenas aos profissionais N\u00e3o fazemos nenhuma representa\u00e7\u00e3o ou garantia de qualquer tipo, expressa ou impl\u00edcita, em rela\u00e7\u00e3o \u00e0s informa\u00e7\u00f5es: os requisitos regulamentares e de propriedade intelectual (incluindo uso e reclama\u00e7\u00f5es do produto) devem ser revisados localmente para seus fins espec\u00edficos.<\/em><\/p>\n","protected":false},"excerpt":{"rendered":"<p>Para vinhos brancos elegantes com aromas complexos<\/p>\n<p>\u00a0<\/p>\n","protected":false},"featured_media":44168,"comment_status":"closed","ping_status":"closed","template":"","meta":{"_acf_changed":false},"product_brand":[],"product_cat":[2555,2556,2557],"product_tag":[2580,2581],"class_list":{"0":"post-44166","1":"product","2":"type-product","3":"status-publish","4":"has-post-thumbnail","6":"product_cat-active-dry-yeast-wine-pt-br","7":"product_cat-safoeno-pt-br-2","8":"product_cat-wine-making-pt-br","9":"product_tag-ef-85-pt-br","10":"product_tag-ef85-pt-br","11":"pa_max-alcohol-15-pt-br","12":"pa_roundness-low-pt-br","13":"pa_wine-color-white-pt-br","15":"first","16":"instock","17":"shipping-taxable","18":"product-type-simple"},"acf":[],"yoast_head":"<!-- This site is optimized with the Yoast SEO Premium plugin v27.4 (Yoast SEO v27.4) - https:\/\/yoast.com\/product\/yoast-seo-premium-wordpress\/ -->\n<title>Saf\u0152no EF 85 - Levedura para vinhos brancos elegantes com aromas complexos - Fermentis<\/title>\n<meta name=\"description\" content=\"A levedura de vinho Fermentis Saf\u0152no EF 85 \u00e9 ideal para a produ\u00e7\u00e3o de vinhos brancos elegantes com respeito pela casta.\" \/>\n<meta name=\"robots\" content=\"index, follow, max-snippet:-1, max-image-preview:large, max-video-preview:-1\" \/>\n<link rel=\"canonical\" href=\"https:\/\/fermentis.com\/pt-br\/produto\/safoeno-ef-85\/\" \/>\n<meta property=\"og:locale\" content=\"pt_BR\" \/>\n<meta property=\"og:type\" content=\"article\" \/>\n<meta property=\"og:title\" content=\"Saf\u0152no\u2122 EF\u00a085\" \/>\n<meta property=\"og:description\" content=\"A levedura de vinho Fermentis Saf\u0152no EF 85 \u00e9 ideal para a produ\u00e7\u00e3o de vinhos brancos elegantes com respeito pela casta.\" \/>\n<meta property=\"og:url\" content=\"https:\/\/fermentis.com\/pt-br\/produto\/safoeno-ef-85\/\" \/>\n<meta property=\"og:site_name\" content=\"Fermentis\" \/>\n<meta property=\"article:publisher\" content=\"https:\/\/www.facebook.com\/Fermentis\" \/>\n<meta property=\"article:modified_time\" content=\"2026-04-21T01:06:34+00:00\" \/>\n<meta property=\"og:image\" content=\"https:\/\/fermentis.com\/wp-content\/uploads\/2022\/05\/packshot-safoeno-ef85-1200.jpg\" \/>\n\t<meta property=\"og:image:width\" content=\"1200\" \/>\n\t<meta property=\"og:image:height\" content=\"1200\" \/>\n\t<meta property=\"og:image:type\" content=\"image\/jpeg\" \/>\n<meta name=\"twitter:card\" content=\"summary_large_image\" \/>\n<meta name=\"twitter:site\" content=\"@fermentis\" \/>\n<meta name=\"twitter:label1\" content=\"Pre\u00e7o\" \/>\n\t<meta name=\"twitter:data1\" content=\"\" \/>\n\t<meta name=\"twitter:label2\" content=\"Disponibilidade\" \/>\n\t<meta name=\"twitter:data2\" content=\"Em Estoque\" \/>\n<script type=\"application\/ld+json\" class=\"yoast-schema-graph\">{\"@context\":\"https:\\\/\\\/schema.org\",\"@graph\":[{\"@type\":\"WebPage\",\"@id\":\"https:\\\/\\\/fermentis.com\\\/pt-br\\\/produto\\\/safoeno-ef-85\\\/\",\"url\":\"https:\\\/\\\/fermentis.com\\\/pt-br\\\/produto\\\/safoeno-ef-85\\\/\",\"name\":\"Saf\u0152no EF 85 - Levedura para vinhos brancos elegantes com aromas complexos - Fermentis\",\"isPartOf\":{\"@id\":\"https:\\\/\\\/fermentis.com\\\/pt-br\\\/#website\"},\"primaryImageOfPage\":{\"@id\":\"https:\\\/\\\/fermentis.com\\\/pt-br\\\/produto\\\/safoeno-ef-85\\\/#primaryimage\"},\"image\":{\"@id\":\"https:\\\/\\\/fermentis.com\\\/pt-br\\\/produto\\\/safoeno-ef-85\\\/#primaryimage\"},\"thumbnailUrl\":\"https:\\\/\\\/fermentis.com\\\/wp-content\\\/uploads\\\/2022\\\/05\\\/packshot-safoeno-ef85-1200.jpg\",\"datePublished\":\"2022-05-23T16:04:55+00:00\",\"dateModified\":\"2026-04-21T01:06:34+00:00\",\"description\":\"A levedura de vinho Fermentis Saf\u0152no EF 85 \u00e9 ideal para a produ\u00e7\u00e3o de vinhos brancos elegantes com respeito pela casta.\",\"breadcrumb\":{\"@id\":\"https:\\\/\\\/fermentis.com\\\/pt-br\\\/produto\\\/safoeno-ef-85\\\/#breadcrumb\"},\"inLanguage\":\"pt-BR\",\"potentialAction\":[{\"@type\":\"ReadAction\",\"target\":[\"https:\\\/\\\/fermentis.com\\\/pt-br\\\/produto\\\/safoeno-ef-85\\\/\"]}]},{\"@type\":\"ImageObject\",\"inLanguage\":\"pt-BR\",\"@id\":\"https:\\\/\\\/fermentis.com\\\/pt-br\\\/produto\\\/safoeno-ef-85\\\/#primaryimage\",\"url\":\"https:\\\/\\\/fermentis.com\\\/wp-content\\\/uploads\\\/2022\\\/05\\\/packshot-safoeno-ef85-1200.jpg\",\"contentUrl\":\"https:\\\/\\\/fermentis.com\\\/wp-content\\\/uploads\\\/2022\\\/05\\\/packshot-safoeno-ef85-1200.jpg\",\"width\":1200,\"height\":1200},{\"@type\":\"BreadcrumbList\",\"@id\":\"https:\\\/\\\/fermentis.com\\\/pt-br\\\/produto\\\/safoeno-ef-85\\\/#breadcrumb\",\"itemListElement\":[{\"@type\":\"ListItem\",\"position\":1,\"name\":\"Home\",\"item\":\"https:\\\/\\\/fermentis.com\\\/pt-br\\\/\"},{\"@type\":\"ListItem\",\"position\":2,\"name\":\"Produtos\"},{\"@type\":\"ListItem\",\"position\":3,\"name\":\"Wine making\",\"item\":\"https:\\\/\\\/fermentis.com\\\/pt-br\\\/fermentation\\\/wine-making-pt-br\\\/\"},{\"@type\":\"ListItem\",\"position\":4,\"name\":\"Saf\u0152no\u2122 EF\u00a085\"}]},{\"@type\":\"WebSite\",\"@id\":\"https:\\\/\\\/fermentis.com\\\/pt-br\\\/#website\",\"url\":\"https:\\\/\\\/fermentis.com\\\/pt-br\\\/\",\"name\":\"Fermentis\",\"description\":\"Un site utilisant WordPress\",\"publisher\":{\"@id\":\"https:\\\/\\\/fermentis.com\\\/pt-br\\\/#organization\"},\"potentialAction\":[{\"@type\":\"SearchAction\",\"target\":{\"@type\":\"EntryPoint\",\"urlTemplate\":\"https:\\\/\\\/fermentis.com\\\/pt-br\\\/?s={search_term_string}\"},\"query-input\":{\"@type\":\"PropertyValueSpecification\",\"valueRequired\":true,\"valueName\":\"search_term_string\"}}],\"inLanguage\":\"pt-BR\"},{\"@type\":\"Organization\",\"@id\":\"https:\\\/\\\/fermentis.com\\\/pt-br\\\/#organization\",\"name\":\"Fermentis\",\"url\":\"https:\\\/\\\/fermentis.com\\\/pt-br\\\/\",\"logo\":{\"@type\":\"ImageObject\",\"inLanguage\":\"pt-BR\",\"@id\":\"https:\\\/\\\/fermentis.com\\\/pt-br\\\/#\\\/schema\\\/logo\\\/image\\\/\",\"url\":\"https:\\\/\\\/fermentis.com\\\/wp-content\\\/uploads\\\/2021\\\/07\\\/Logo-Fermentis-5.png\",\"contentUrl\":\"https:\\\/\\\/fermentis.com\\\/wp-content\\\/uploads\\\/2021\\\/07\\\/Logo-Fermentis-5.png\",\"width\":308,\"height\":95,\"caption\":\"Fermentis\"},\"image\":{\"@id\":\"https:\\\/\\\/fermentis.com\\\/pt-br\\\/#\\\/schema\\\/logo\\\/image\\\/\"},\"sameAs\":[\"https:\\\/\\\/www.facebook.com\\\/Fermentis\",\"https:\\\/\\\/x.com\\\/fermentis\",\"https:\\\/\\\/www.instagram.com\\\/fermentisbylesaffre\\\/\",\"https:\\\/\\\/www.linkedin.com\\\/company\\\/fermentis\\\/\",\"https:\\\/\\\/www.youtube.com\\\/channel\\\/UCt_Lp3IZnUNXZeqSi6iiAdA\"]}]}<\/script>\n<meta property=\"product:price:currency\" content=\"GBP\" \/>\n<meta property=\"og:availability\" content=\"instock\" \/>\n<meta property=\"product:availability\" content=\"instock\" \/>\n<meta property=\"product:condition\" content=\"new\" \/>\n<!-- \/ Yoast SEO Premium plugin. -->","yoast_head_json":{"title":"Saf\u0152no EF 85 - Levedura para vinhos brancos elegantes com aromas complexos - Fermentis","description":"A levedura de vinho Fermentis Saf\u0152no EF 85 \u00e9 ideal para a produ\u00e7\u00e3o de vinhos brancos elegantes com respeito pela casta.","robots":{"index":"index","follow":"follow","max-snippet":"max-snippet:-1","max-image-preview":"max-image-preview:large","max-video-preview":"max-video-preview:-1"},"canonical":"https:\/\/fermentis.com\/pt-br\/produto\/safoeno-ef-85\/","og_locale":"pt_BR","og_type":"article","og_title":"Saf\u0152no\u2122 EF\u00a085","og_description":"A levedura de vinho Fermentis Saf\u0152no EF 85 \u00e9 ideal para a produ\u00e7\u00e3o de vinhos brancos elegantes com respeito pela casta.","og_url":"https:\/\/fermentis.com\/pt-br\/produto\/safoeno-ef-85\/","og_site_name":"Fermentis","article_publisher":"https:\/\/www.facebook.com\/Fermentis","article_modified_time":"2026-04-21T01:06:34+00:00","og_image":[{"width":1200,"height":1200,"url":"https:\/\/fermentis.com\/wp-content\/uploads\/2022\/05\/packshot-safoeno-ef85-1200.jpg","type":"image\/jpeg"}],"twitter_card":"summary_large_image","twitter_site":"@fermentis","twitter_misc":{"Pre\u00e7o":"","Disponibilidade":"Em Estoque"},"schema":{"@context":"https:\/\/schema.org","@graph":[{"@type":"WebPage","@id":"https:\/\/fermentis.com\/pt-br\/produto\/safoeno-ef-85\/","url":"https:\/\/fermentis.com\/pt-br\/produto\/safoeno-ef-85\/","name":"Saf\u0152no EF 85 - Levedura para vinhos brancos elegantes com aromas complexos - Fermentis","isPartOf":{"@id":"https:\/\/fermentis.com\/pt-br\/#website"},"primaryImageOfPage":{"@id":"https:\/\/fermentis.com\/pt-br\/produto\/safoeno-ef-85\/#primaryimage"},"image":{"@id":"https:\/\/fermentis.com\/pt-br\/produto\/safoeno-ef-85\/#primaryimage"},"thumbnailUrl":"https:\/\/fermentis.com\/wp-content\/uploads\/2022\/05\/packshot-safoeno-ef85-1200.jpg","datePublished":"2022-05-23T16:04:55+00:00","dateModified":"2026-04-21T01:06:34+00:00","description":"A levedura de vinho Fermentis Saf\u0152no EF 85 \u00e9 ideal para a produ\u00e7\u00e3o de vinhos brancos elegantes com respeito pela casta.","breadcrumb":{"@id":"https:\/\/fermentis.com\/pt-br\/produto\/safoeno-ef-85\/#breadcrumb"},"inLanguage":"pt-BR","potentialAction":[{"@type":"ReadAction","target":["https:\/\/fermentis.com\/pt-br\/produto\/safoeno-ef-85\/"]}]},{"@type":"ImageObject","inLanguage":"pt-BR","@id":"https:\/\/fermentis.com\/pt-br\/produto\/safoeno-ef-85\/#primaryimage","url":"https:\/\/fermentis.com\/wp-content\/uploads\/2022\/05\/packshot-safoeno-ef85-1200.jpg","contentUrl":"https:\/\/fermentis.com\/wp-content\/uploads\/2022\/05\/packshot-safoeno-ef85-1200.jpg","width":1200,"height":1200},{"@type":"BreadcrumbList","@id":"https:\/\/fermentis.com\/pt-br\/produto\/safoeno-ef-85\/#breadcrumb","itemListElement":[{"@type":"ListItem","position":1,"name":"Home","item":"https:\/\/fermentis.com\/pt-br\/"},{"@type":"ListItem","position":2,"name":"Produtos"},{"@type":"ListItem","position":3,"name":"Wine making","item":"https:\/\/fermentis.com\/pt-br\/fermentation\/wine-making-pt-br\/"},{"@type":"ListItem","position":4,"name":"Saf\u0152no\u2122 EF\u00a085"}]},{"@type":"WebSite","@id":"https:\/\/fermentis.com\/pt-br\/#website","url":"https:\/\/fermentis.com\/pt-br\/","name":"Fermentis","description":"Un site utilisant WordPress","publisher":{"@id":"https:\/\/fermentis.com\/pt-br\/#organization"},"potentialAction":[{"@type":"SearchAction","target":{"@type":"EntryPoint","urlTemplate":"https:\/\/fermentis.com\/pt-br\/?s={search_term_string}"},"query-input":{"@type":"PropertyValueSpecification","valueRequired":true,"valueName":"search_term_string"}}],"inLanguage":"pt-BR"},{"@type":"Organization","@id":"https:\/\/fermentis.com\/pt-br\/#organization","name":"Fermentis","url":"https:\/\/fermentis.com\/pt-br\/","logo":{"@type":"ImageObject","inLanguage":"pt-BR","@id":"https:\/\/fermentis.com\/pt-br\/#\/schema\/logo\/image\/","url":"https:\/\/fermentis.com\/wp-content\/uploads\/2021\/07\/Logo-Fermentis-5.png","contentUrl":"https:\/\/fermentis.com\/wp-content\/uploads\/2021\/07\/Logo-Fermentis-5.png","width":308,"height":95,"caption":"Fermentis"},"image":{"@id":"https:\/\/fermentis.com\/pt-br\/#\/schema\/logo\/image\/"},"sameAs":["https:\/\/www.facebook.com\/Fermentis","https:\/\/x.com\/fermentis","https:\/\/www.instagram.com\/fermentisbylesaffre\/","https:\/\/www.linkedin.com\/company\/fermentis\/","https:\/\/www.youtube.com\/channel\/UCt_Lp3IZnUNXZeqSi6iiAdA"]}]},"product_price_currency":"GBP","og_availability":"instock","product_availability":"instock","product_condition":"new"},"_links":{"self":[{"href":"https:\/\/fermentis.com\/pt-br\/wp-json\/wp\/v2\/product\/44166","targetHints":{"allow":["GET"]}}],"collection":[{"href":"https:\/\/fermentis.com\/pt-br\/wp-json\/wp\/v2\/product"}],"about":[{"href":"https:\/\/fermentis.com\/pt-br\/wp-json\/wp\/v2\/types\/product"}],"replies":[{"embeddable":true,"href":"https:\/\/fermentis.com\/pt-br\/wp-json\/wp\/v2\/comments?post=44166"}],"wp:featuredmedia":[{"embeddable":true,"href":"https:\/\/fermentis.com\/pt-br\/wp-json\/wp\/v2\/media\/44168"}],"wp:attachment":[{"href":"https:\/\/fermentis.com\/pt-br\/wp-json\/wp\/v2\/media?parent=44166"}],"wp:term":[{"taxonomy":"product_brand","embeddable":true,"href":"https:\/\/fermentis.com\/pt-br\/wp-json\/wp\/v2\/product_brand?post=44166"},{"taxonomy":"product_cat","embeddable":true,"href":"https:\/\/fermentis.com\/pt-br\/wp-json\/wp\/v2\/product_cat?post=44166"},{"taxonomy":"product_tag","embeddable":true,"href":"https:\/\/fermentis.com\/pt-br\/wp-json\/wp\/v2\/product_tag?post=44166"}],"curies":[{"name":"wp","href":"https:\/\/api.w.org\/{rel}","templated":true}]}}