{"id":44170,"date":"2020-06-30T00:00:00","date_gmt":"2020-06-29T22:00:00","guid":{"rendered":"https:\/\/fermentis.com\/product\/safoeno-pr-106\/"},"modified":"2026-04-09T05:41:06","modified_gmt":"2026-04-09T03:41:06","slug":"safoeno-pr-106","status":"publish","type":"product","link":"https:\/\/fermentis.com\/pt-br\/produto\/safoeno-pr-106\/","title":{"rendered":"Saf\u0152no\u2122 PR\u00a0106"},"content":{"rendered":"<div class=\"container section-title-container\" ><h2 class=\"section-title section-title-center\"><b aria-hidden=\"true\"><\/b><span class=\"section-title-main\" style=\"font-size:115%;\">Para vinhos espumantes frutados<\/span><b aria-hidden=\"true\"><\/b><\/h2><\/div>\n<p>Esta levedura seca ativa apresenta um perfil arom\u00e1tico intenso, frutado e floral, combinando acidez e do\u00e7ura, ao mesmo tempo que reduz eventuais defeitos (vegetal, amargo) do vinho base espumante. Sua orienta\u00e7\u00e3o para \u00e9steres et\u00edlicos frutados traz complexidade ao vinho. Saf\u0152no\u2122 PR 106 \u00e9 particularmente adequado para bases de Prosecco premium.<\/p>\n<p>Vinhos brancos tranquilos: 20 g\/hl<br \/>\n<span style=\"vertical-align: inherit\"><span style=\"vertical-align: inherit\">Defini\u00e7\u00e3o de espuma: 15 a 40 g\/hl<\/span><\/span><\/p>\n<p><strong>Ingredientes:<\/strong> levedura (Saccharomyces cerevisiae), emulsificante: (monoestearato de sorbitano)<\/p>\n\t<div id=\"gap-857808553\" class=\"gap-element clearfix\" style=\"display:block; height:auto;\">\n\t\t\n<style>\n#gap-857808553 {\n  padding-top: 30px;\n}\n<\/style>\n\t<\/div>\n\t\n<div class=\"container section-title-container\" ><h3 class=\"section-title section-title-center\"><b aria-hidden=\"true\"><\/b><span class=\"section-title-main\" style=\"font-size:115%;\">Caracter\u00edsticas sensoriais do Saf\u0152no\u2122 PR 106<\/span><b aria-hidden=\"true\"><\/b><\/h3><\/div>\n\n\t\t<div class=\"tabbed-content\">\n\t\t\t\n\t\t\t<ul class=\"nav nav-tabs nav-uppercase nav-size-normal nav-left\" role=\"tablist\"><li id=\"tab-recomenda\u00e7\u00f5es\" class=\"tab active has-icon\" role=\"presentation\"><a href=\"#tab_recomenda\u00e7\u00f5es\" role=\"tab\" aria-selected=\"true\" aria-controls=\"tab_recomenda\u00e7\u00f5es\"><span>Recomenda\u00e7\u00f5es<\/span><\/a><\/li>\n<li id=\"tab-experimento\" class=\"tab has-icon\" role=\"presentation\"><a href=\"#tab_experimento\" tabindex=\"-1\" role=\"tab\" aria-selected=\"false\" aria-controls=\"tab_experimento\"><span>experimento<\/span><\/a><\/li><\/ul><div class=\"tab-panels\"><div id=\"tab_recomenda\u00e7\u00f5es\" class=\"panel active entry-content\" role=\"tabpanel\" aria-labelledby=\"tab-recomenda\u00e7\u00f5es\">\n<p><b>Para vinhos base Prosecco premium<\/b><\/p>\n<p>Saf\u0152no\u2122 PR 106 exibe um perfil arom\u00e1tico limpo, intensamente frutado e floral, produzindo uma grande quantidade de \u00e9steres e limitando defeitos de fermenta\u00e7\u00e3o. Sua orienta\u00e7\u00e3o para \u00e9steres et\u00edlicos frutados traz complexidade ao vinho, enquanto sua gera\u00e7\u00e3o n\u00e3o desprez\u00edvel de acetato de isoamila pode ajudar a reduzir algumas notas vegetais, \u00e0s vezes inerentes a uvas n\u00e3o totalmente maduras. Embora o consumo de \u00e1cido m\u00e1lico e o fornecimento de do\u00e7ura n\u00e3o sejam normalmente desejados para essas bases, o Saf\u0152no\u2122 PR 106 demonstrou, curiosamente, uma sensa\u00e7\u00e3o agrad\u00e1vel e fresca na boca, apoiada por uma acidez e persist\u00eancia agrad\u00e1veis \u200b\u200bna boca, e foi avaliado localmente de forma bastante positiva em rela\u00e7\u00e3o aos vinhos base Prosecco feitos de uvas Glera.<\/p>\n<p><b>Para brancos florais e frutados, especialmente terp\u00eanicos<\/b><\/p>\n<p>O Saf\u0152no\u2122 PR 106 promove particularmente a libera\u00e7\u00e3o de terpenos e, portanto, \u00e9 adequado para variedades terp\u00eanicas frescas e florais como o Moscatel Seu equil\u00edbrio entre notas am\u00edlicas e frutadas tamb\u00e9m se adapta bem \u00e0s bases Chardonnay, cultivadas em climas quentes.<\/p>\n<\/div>\n<div id=\"tab_experimento\" class=\"panel entry-content\" role=\"tabpanel\" aria-labelledby=\"tab-experimento\">\n<p>Treviso DOC &#8211; Glera, 10,4% v \/ v, pH 3,3, vinho base Prosecco.<\/p>\n\t<div class=\"img has-hover x md-x lg-x y md-y lg-y\" id=\"image_1120037997\">\n\t\t\t\t\t\t\t\t<div class=\"img-inner dark\" >\n\t\t\t<img loading=\"lazy\" decoding=\"async\" width=\"1020\" height=\"625\" src=\"https:\/\/fermentis.com\/wp-content\/uploads\/2020\/06\/pr-106-trials-1024x627.png\" class=\"attachment-large size-large\" alt=\"pr-106-trials\" srcset=\"https:\/\/fermentis.com\/wp-content\/uploads\/2020\/06\/pr-106-trials-1024x627.png 1024w, https:\/\/fermentis.com\/wp-content\/uploads\/2020\/06\/pr-106-trials-800x490.png 800w, https:\/\/fermentis.com\/wp-content\/uploads\/2020\/06\/pr-106-trials-768x471.png 768w, https:\/\/fermentis.com\/wp-content\/uploads\/2020\/06\/pr-106-trials-600x368.png 600w, https:\/\/fermentis.com\/wp-content\/uploads\/2020\/06\/pr-106-trials-300x184.png 300w, https:\/\/fermentis.com\/wp-content\/uploads\/2020\/06\/pr-106-trials.png 1299w\" sizes=\"auto, (max-width: 1020px) 100vw, 1020px\" \/>\t\t\t\t\t\t\n\t\t\t\t\t<\/div>\n\t\t\t\t\t\t\t\t\n<style>\n#image_1120037997 {\n  width: 100%;\n}\n<\/style>\n\t<\/div>\n\t\n<\/div><\/div><\/div>\n\t<div id=\"gap-1585324033\" class=\"gap-element clearfix\" style=\"display:block; height:auto;\">\n\t\t\n<style>\n#gap-1585324033 {\n  padding-top: 30px;\n}\n<\/style>\n\t<\/div>\n\t\n<div class=\"container section-title-container\" ><h3 class=\"section-title section-title-center\"><b aria-hidden=\"true\"><\/b><span class=\"section-title-main\" style=\"font-size:115%;\">Caracter\u00edsticas t\u00e9cnicas do Saf\u0152no\u2122 PR 106<\/span><b aria-hidden=\"true\"><\/b><\/h3><\/div>\n\n\t\t<div class=\"tabbed-content\">\n\t\t\t\n\t\t\t<ul class=\"nav nav-tabs nav-uppercase nav-size-normal nav-left\" role=\"tablist\"><li id=\"tab-fermenta\u00e7\u00e3o\" class=\"tab active has-icon\" role=\"presentation\"><a href=\"#tab_fermenta\u00e7\u00e3o\" role=\"tab\" aria-selected=\"true\" aria-controls=\"tab_fermenta\u00e7\u00e3o\"><span>fermenta\u00e7\u00e3o<\/span><\/a><\/li>\n<li id=\"tab-metab\u00f3licos\" class=\"tab has-icon\" role=\"presentation\"><a href=\"#tab_metab\u00f3licos\" tabindex=\"-1\" role=\"tab\" aria-selected=\"false\" aria-controls=\"tab_metab\u00f3licos\"><span>metab\u00f3licos<\/span><\/a><\/li>\n<li id=\"tab-f\u00e1cil-de-usar\" class=\"tab has-icon\" role=\"presentation\"><a href=\"#tab_f\u00e1cil-de-usar\" tabindex=\"-1\" role=\"tab\" aria-selected=\"false\" aria-controls=\"tab_f\u00e1cil-de-usar\"><span>F\u00e1cil de Usar<\/span><\/a><\/li>\n<li id=\"tab-embalagem-e-garantia\" class=\"tab has-icon\" role=\"presentation\"><a href=\"#tab_embalagem-e-garantia\" tabindex=\"-1\" role=\"tab\" aria-selected=\"false\" aria-controls=\"tab_embalagem-e-garantia\"><span>Embalagem e garantia<\/span><\/a><\/li><\/ul><div class=\"tab-panels\"><div id=\"tab_fermenta\u00e7\u00e3o\" class=\"panel active entry-content\" role=\"tabpanel\" aria-labelledby=\"tab-fermenta\u00e7\u00e3o\">\n<p><b>Capacidades de fermenta\u00e7\u00e3o:<\/b><\/p>\n<p>\u2192 Fase de atraso curta e cin\u00e9tica<\/p>\n<p>\u2192 Faixa de temperatura recomendada: 10-30\u00b0C (50-86\u00b0F)<\/p>\n<p>\u2192 Teor alco\u00f3lico m\u00e1ximo recomendado: 15% vol.\/vol.<\/p>\n<p>\u2192 Baixa necessidade de nitrog\u00eanio: rela\u00e7\u00e3o YAN (mg\/L) \/ A\u00e7\u00facares (g\/L) &gt; 0,7-0,8<\/p>\n<p>\u2192 Boa assimila\u00e7\u00e3o de frutose<\/p>\n<\/div>\n<div id=\"tab_metab\u00f3licos\" class=\"panel entry-content\" role=\"tabpanel\" aria-labelledby=\"tab-metab\u00f3licos\">\n<p><b>Caracter\u00edsticas metab\u00f3licas:<\/b><\/p>\n<p>\u2192 Consumo m\u00e9dio de \u00e1cido m\u00e1lico (mas sem percep\u00e7\u00e3o de perda de acidez)<br \/>\n\u2192 Alta resist\u00eancia ao SO<sub>2<\/sub> e baixa produ\u00e7\u00e3o de SO<sub>2<\/sub><br \/>\n\u2192 Alta produ\u00e7\u00e3o de \u00e1lcoois superiores e \u00e9steres, especialmente \u00e9steres et\u00edlicos<br \/>\n\u2192 Favorecendo uma alta libera\u00e7\u00e3o de terpenos<\/p>\n<\/div>\n<div id=\"tab_f\u00e1cil-de-usar\" class=\"panel entry-content\" role=\"tabpanel\" aria-labelledby=\"tab-f\u00e1cil-de-usar\">\n<p>O know-how da Lesaffre e a melhoria cont\u00ednua do processo de produ\u00e7\u00e3o de leveduras levam \u00e0 obten\u00e7\u00e3o de uma qualidade <strong>excepcional de leveduras secas capazes de resistir a uma ampla gama de usos, incluindo frio ou nenhuma reidrata\u00e7\u00e3o, sem afetar sua viabilidade, perfil cin\u00e9tico e\/ou anal\u00edtico<\/strong>. Os produtores de vinho podem escolher as condi\u00e7\u00f5es de utiliza\u00e7\u00e3o que melhor se adaptam \u00e0s suas necessidades, ou seja:<\/p>\n<ul>\n<li><strong>Inocula\u00e7\u00e3o direta<\/strong>: Despeje a levedura na superf\u00edcie <strong>de pelo menos 10 vezes o seu peso de mosto <\/strong>(possivelmente diretamente no topo do tanque ou durante o enchimento do tanque ap\u00f3s a decanta\u00e7\u00e3o para brancos e ros\u00e9s). Misture delicadamente para evitar ou desfazer grumos. <strong>Transfira imediatamente para o tanque por meio de bombeamento com aera\u00e7\u00e3o<\/strong> (ou homogeneize o volume do tanque).<\/li>\n<li><strong>Com reidrata\u00e7\u00e3o pr\u00e9via<\/strong>: Despeje o fermento na superf\u00edcie de <strong>10 vezes seu peso em \u00e1gua da torneira em temperatura ambiente.<\/strong> Misture delicadamente para evitar ou desfazer grumos. <strong>Aguarde 20 minutos e transfira para o tanque por meio de bombeamento com aera\u00e7\u00e3o.<\/strong><\/li>\n<\/ul>\n<\/div>\n<div id=\"tab_embalagem-e-garantia\" class=\"panel entry-content\" role=\"tabpanel\" aria-labelledby=\"tab-embalagem-e-garantia\">\n<p><b>Armazenamento<\/b><\/p>\n<p>Caixa com 20 sach\u00eas embalados a v\u00e1cuo de 500g cada (peso l\u00edquido da caixa completa: 10 kg).<\/p>\n<p><b>Garantia<\/b><\/p>\n<p>O alto teor de mat\u00e9ria seca de nossas leveduras garante um armazenamento ideal em sua embalagem original a uma temperatura n\u00e3o superior a 20\u00b0C (durante 3 anos) e 10\u00b0C para armazenamento prolongado (4 anos). A Fermentis garante que o produto est\u00e1 em conformidade com o Codex Enol\u00f3gico Internacional at\u00e9 a Data de Validade nas condi\u00e7\u00f5es de armazenamento mencionadas acima.<\/p>\n<p><em>Cada levedura Fermentis \u00e9 desenvolvida sob um esquema de produ\u00e7\u00e3o espec\u00edfico e se beneficia do know-how do grupo Lesaffre, l\u00edder mundial na fabrica\u00e7\u00e3o de leveduras. Isso garante a mais alta pureza microbiol\u00f3gica e m\u00e1xima atividade de fermenta\u00e7\u00e3o.<\/em><\/p>\n<\/div><\/div><\/div>\n\t<div id=\"gap-1857353135\" class=\"gap-element clearfix\" style=\"display:block; height:auto;\">\n\t\t\n<style>\n#gap-1857353135 {\n  padding-top: 30px;\n}\n<\/style>\n\t<\/div>\n\t\n<p><i>Os dados contidos nesta ficha t\u00e9cnica s\u00e3o a transcri\u00e7\u00e3o exata do nosso conhecimento do produto na data mencionada. Eles s\u00e3o propriedade exclusiva da Fermentis-Division da S.I.Lesaffre. \u00c9 de responsabilidade do usu\u00e1rio garantir que o uso deste produto espec\u00edfico esteja em conformidade com a legisla\u00e7\u00e3o.<\/i><\/p>\n<div class=\"container section-title-container\" ><h3 class=\"section-title section-title-center\"><b aria-hidden=\"true\"><\/b><span class=\"section-title-main\" style=\"font-size:115%;\">Conte\u00fado relacionado<\/span><b aria-hidden=\"true\"><\/b><\/h3><\/div>\n\n  \n    <div id=\"row-93020499\" class=\"row large-columns-3 medium-columns-1 small-columns-1 has-shadow row-box-shadow-2 row-masonry\" data-packery-options='{\"itemSelector\": \".col\", \"gutter\": 0, \"presentageWidth\" : true}'>\n\n  <\/div>\n","protected":false},"excerpt":{"rendered":"<p>Para vinhos espumantes frutados<\/p>\n","protected":false},"featured_media":44171,"comment_status":"closed","ping_status":"closed","template":"","meta":{"_acf_changed":false},"product_brand":[],"product_cat":[2555,2556,2557],"product_tag":[2586,2587],"class_list":{"0":"post-44170","1":"product","2":"type-product","3":"status-publish","4":"has-post-thumbnail","6":"product_cat-active-dry-yeast-wine-pt-br","7":"product_cat-safoeno-pt-br-2","8":"product_cat-wine-making-pt-br","9":"product_tag-pr-106-pt-br","10":"product_tag-pr106-pt-br","11":"pa_max-alcohol-15-pt-br","12":"pa_roundness-medium-pt-br","13":"pa_structure-medium-pt-br","14":"pa_wine-color-red-pt-br","15":"pa_wine-color-rose-pt-br","16":"pa_wine-color-white-pt-br","18":"first","19":"instock","20":"shipping-taxable","21":"product-type-simple"},"acf":[],"yoast_head":"<!-- This site is optimized with the Yoast SEO Premium plugin v27.4 (Yoast SEO v27.4) - https:\/\/yoast.com\/product\/yoast-seo-premium-wordpress\/ -->\n<title>SafOeno PR 106 - levedura para vinhos espumantes frutados - Fermentis<\/title>\n<meta name=\"description\" content=\"A levedura de vinho Fermentis SafOeno PR 106 \u00e9 ideal para vinhos espumantes premium de tanque fechado, como Prosecco, e para vinhos brancos terp\u00eanicos florais e frutados.\" \/>\n<meta name=\"robots\" content=\"index, follow, max-snippet:-1, max-image-preview:large, max-video-preview:-1\" \/>\n<link rel=\"canonical\" href=\"https:\/\/fermentis.com\/pt-br\/produto\/safoeno-pr-106\/\" \/>\n<meta property=\"og:locale\" content=\"pt_BR\" \/>\n<meta property=\"og:type\" content=\"article\" \/>\n<meta property=\"og:title\" content=\"Saf\u0152no\u2122 PR\u00a0106\" \/>\n<meta property=\"og:description\" content=\"A levedura de vinho Fermentis SafOeno PR 106 \u00e9 ideal para vinhos espumantes premium de tanque fechado, como Prosecco, e para vinhos brancos terp\u00eanicos florais e frutados.\" \/>\n<meta property=\"og:url\" content=\"https:\/\/fermentis.com\/pt-br\/produto\/safoeno-pr-106\/\" \/>\n<meta property=\"og:site_name\" content=\"Fermentis\" \/>\n<meta property=\"article:publisher\" content=\"https:\/\/www.facebook.com\/Fermentis\" \/>\n<meta property=\"article:modified_time\" content=\"2026-04-09T03:41:06+00:00\" \/>\n<meta property=\"og:image\" content=\"https:\/\/fermentis.com\/wp-content\/uploads\/2020\/06\/safoeno-pr106.jpg\" \/>\n\t<meta property=\"og:image:width\" content=\"1200\" \/>\n\t<meta property=\"og:image:height\" content=\"1200\" \/>\n\t<meta property=\"og:image:type\" content=\"image\/jpeg\" \/>\n<meta name=\"twitter:card\" content=\"summary_large_image\" \/>\n<meta name=\"twitter:site\" content=\"@fermentis\" \/>\n<meta name=\"twitter:label1\" content=\"Pre\u00e7o\" \/>\n\t<meta name=\"twitter:data1\" content=\"\" \/>\n\t<meta name=\"twitter:label2\" content=\"Disponibilidade\" \/>\n\t<meta name=\"twitter:data2\" content=\"Em Estoque\" \/>\n<script type=\"application\/ld+json\" class=\"yoast-schema-graph\">{\"@context\":\"https:\\\/\\\/schema.org\",\"@graph\":[{\"@type\":\"WebPage\",\"@id\":\"https:\\\/\\\/fermentis.com\\\/pt-br\\\/produto\\\/safoeno-pr-106\\\/\",\"url\":\"https:\\\/\\\/fermentis.com\\\/pt-br\\\/produto\\\/safoeno-pr-106\\\/\",\"name\":\"SafOeno PR 106 - levedura para vinhos espumantes frutados - Fermentis\",\"isPartOf\":{\"@id\":\"https:\\\/\\\/fermentis.com\\\/pt-br\\\/#website\"},\"primaryImageOfPage\":{\"@id\":\"https:\\\/\\\/fermentis.com\\\/pt-br\\\/produto\\\/safoeno-pr-106\\\/#primaryimage\"},\"image\":{\"@id\":\"https:\\\/\\\/fermentis.com\\\/pt-br\\\/produto\\\/safoeno-pr-106\\\/#primaryimage\"},\"thumbnailUrl\":\"https:\\\/\\\/fermentis.com\\\/wp-content\\\/uploads\\\/2020\\\/06\\\/safoeno-pr106.jpg\",\"datePublished\":\"2020-06-29T22:00:00+00:00\",\"dateModified\":\"2026-04-09T03:41:06+00:00\",\"description\":\"A levedura de vinho Fermentis SafOeno PR 106 \u00e9 ideal para vinhos espumantes premium de tanque fechado, como Prosecco, e para vinhos brancos terp\u00eanicos florais e frutados.\",\"breadcrumb\":{\"@id\":\"https:\\\/\\\/fermentis.com\\\/pt-br\\\/produto\\\/safoeno-pr-106\\\/#breadcrumb\"},\"inLanguage\":\"pt-BR\",\"potentialAction\":[{\"@type\":\"ReadAction\",\"target\":[\"https:\\\/\\\/fermentis.com\\\/pt-br\\\/produto\\\/safoeno-pr-106\\\/\"]}]},{\"@type\":\"ImageObject\",\"inLanguage\":\"pt-BR\",\"@id\":\"https:\\\/\\\/fermentis.com\\\/pt-br\\\/produto\\\/safoeno-pr-106\\\/#primaryimage\",\"url\":\"https:\\\/\\\/fermentis.com\\\/wp-content\\\/uploads\\\/2020\\\/06\\\/safoeno-pr106.jpg\",\"contentUrl\":\"https:\\\/\\\/fermentis.com\\\/wp-content\\\/uploads\\\/2020\\\/06\\\/safoeno-pr106.jpg\",\"width\":1200,\"height\":1200},{\"@type\":\"BreadcrumbList\",\"@id\":\"https:\\\/\\\/fermentis.com\\\/pt-br\\\/produto\\\/safoeno-pr-106\\\/#breadcrumb\",\"itemListElement\":[{\"@type\":\"ListItem\",\"position\":1,\"name\":\"Home\",\"item\":\"https:\\\/\\\/fermentis.com\\\/pt-br\\\/\"},{\"@type\":\"ListItem\",\"position\":2,\"name\":\"Produtos\"},{\"@type\":\"ListItem\",\"position\":3,\"name\":\"Wine making\",\"item\":\"https:\\\/\\\/fermentis.com\\\/pt-br\\\/fermentation\\\/wine-making-pt-br\\\/\"},{\"@type\":\"ListItem\",\"position\":4,\"name\":\"Saf\u0152no\u2122 PR\u00a0106\"}]},{\"@type\":\"WebSite\",\"@id\":\"https:\\\/\\\/fermentis.com\\\/pt-br\\\/#website\",\"url\":\"https:\\\/\\\/fermentis.com\\\/pt-br\\\/\",\"name\":\"Fermentis\",\"description\":\"Un site utilisant WordPress\",\"publisher\":{\"@id\":\"https:\\\/\\\/fermentis.com\\\/pt-br\\\/#organization\"},\"potentialAction\":[{\"@type\":\"SearchAction\",\"target\":{\"@type\":\"EntryPoint\",\"urlTemplate\":\"https:\\\/\\\/fermentis.com\\\/pt-br\\\/?s={search_term_string}\"},\"query-input\":{\"@type\":\"PropertyValueSpecification\",\"valueRequired\":true,\"valueName\":\"search_term_string\"}}],\"inLanguage\":\"pt-BR\"},{\"@type\":\"Organization\",\"@id\":\"https:\\\/\\\/fermentis.com\\\/pt-br\\\/#organization\",\"name\":\"Fermentis\",\"url\":\"https:\\\/\\\/fermentis.com\\\/pt-br\\\/\",\"logo\":{\"@type\":\"ImageObject\",\"inLanguage\":\"pt-BR\",\"@id\":\"https:\\\/\\\/fermentis.com\\\/pt-br\\\/#\\\/schema\\\/logo\\\/image\\\/\",\"url\":\"https:\\\/\\\/fermentis.com\\\/wp-content\\\/uploads\\\/2021\\\/07\\\/Logo-Fermentis-5.png\",\"contentUrl\":\"https:\\\/\\\/fermentis.com\\\/wp-content\\\/uploads\\\/2021\\\/07\\\/Logo-Fermentis-5.png\",\"width\":308,\"height\":95,\"caption\":\"Fermentis\"},\"image\":{\"@id\":\"https:\\\/\\\/fermentis.com\\\/pt-br\\\/#\\\/schema\\\/logo\\\/image\\\/\"},\"sameAs\":[\"https:\\\/\\\/www.facebook.com\\\/Fermentis\",\"https:\\\/\\\/x.com\\\/fermentis\",\"https:\\\/\\\/www.instagram.com\\\/fermentisbylesaffre\\\/\",\"https:\\\/\\\/www.linkedin.com\\\/company\\\/fermentis\\\/\",\"https:\\\/\\\/www.youtube.com\\\/channel\\\/UCt_Lp3IZnUNXZeqSi6iiAdA\"]}]}<\/script>\n<meta property=\"product:price:currency\" content=\"GBP\" \/>\n<meta property=\"og:availability\" content=\"instock\" \/>\n<meta property=\"product:availability\" content=\"instock\" \/>\n<meta property=\"product:condition\" content=\"new\" \/>\n<!-- \/ Yoast SEO Premium plugin. -->","yoast_head_json":{"title":"SafOeno PR 106 - levedura para vinhos espumantes frutados - Fermentis","description":"A levedura de vinho Fermentis SafOeno PR 106 \u00e9 ideal para vinhos espumantes premium de tanque fechado, como Prosecco, e para vinhos brancos terp\u00eanicos florais e frutados.","robots":{"index":"index","follow":"follow","max-snippet":"max-snippet:-1","max-image-preview":"max-image-preview:large","max-video-preview":"max-video-preview:-1"},"canonical":"https:\/\/fermentis.com\/pt-br\/produto\/safoeno-pr-106\/","og_locale":"pt_BR","og_type":"article","og_title":"Saf\u0152no\u2122 PR\u00a0106","og_description":"A levedura de vinho Fermentis SafOeno PR 106 \u00e9 ideal para vinhos espumantes premium de tanque fechado, como Prosecco, e para vinhos brancos terp\u00eanicos florais e frutados.","og_url":"https:\/\/fermentis.com\/pt-br\/produto\/safoeno-pr-106\/","og_site_name":"Fermentis","article_publisher":"https:\/\/www.facebook.com\/Fermentis","article_modified_time":"2026-04-09T03:41:06+00:00","og_image":[{"width":1200,"height":1200,"url":"https:\/\/fermentis.com\/wp-content\/uploads\/2020\/06\/safoeno-pr106.jpg","type":"image\/jpeg"}],"twitter_card":"summary_large_image","twitter_site":"@fermentis","twitter_misc":{"Pre\u00e7o":"","Disponibilidade":"Em Estoque"},"schema":{"@context":"https:\/\/schema.org","@graph":[{"@type":"WebPage","@id":"https:\/\/fermentis.com\/pt-br\/produto\/safoeno-pr-106\/","url":"https:\/\/fermentis.com\/pt-br\/produto\/safoeno-pr-106\/","name":"SafOeno PR 106 - levedura para vinhos espumantes frutados - Fermentis","isPartOf":{"@id":"https:\/\/fermentis.com\/pt-br\/#website"},"primaryImageOfPage":{"@id":"https:\/\/fermentis.com\/pt-br\/produto\/safoeno-pr-106\/#primaryimage"},"image":{"@id":"https:\/\/fermentis.com\/pt-br\/produto\/safoeno-pr-106\/#primaryimage"},"thumbnailUrl":"https:\/\/fermentis.com\/wp-content\/uploads\/2020\/06\/safoeno-pr106.jpg","datePublished":"2020-06-29T22:00:00+00:00","dateModified":"2026-04-09T03:41:06+00:00","description":"A levedura de vinho Fermentis SafOeno PR 106 \u00e9 ideal para vinhos espumantes premium de tanque fechado, como Prosecco, e para vinhos brancos terp\u00eanicos florais e frutados.","breadcrumb":{"@id":"https:\/\/fermentis.com\/pt-br\/produto\/safoeno-pr-106\/#breadcrumb"},"inLanguage":"pt-BR","potentialAction":[{"@type":"ReadAction","target":["https:\/\/fermentis.com\/pt-br\/produto\/safoeno-pr-106\/"]}]},{"@type":"ImageObject","inLanguage":"pt-BR","@id":"https:\/\/fermentis.com\/pt-br\/produto\/safoeno-pr-106\/#primaryimage","url":"https:\/\/fermentis.com\/wp-content\/uploads\/2020\/06\/safoeno-pr106.jpg","contentUrl":"https:\/\/fermentis.com\/wp-content\/uploads\/2020\/06\/safoeno-pr106.jpg","width":1200,"height":1200},{"@type":"BreadcrumbList","@id":"https:\/\/fermentis.com\/pt-br\/produto\/safoeno-pr-106\/#breadcrumb","itemListElement":[{"@type":"ListItem","position":1,"name":"Home","item":"https:\/\/fermentis.com\/pt-br\/"},{"@type":"ListItem","position":2,"name":"Produtos"},{"@type":"ListItem","position":3,"name":"Wine making","item":"https:\/\/fermentis.com\/pt-br\/fermentation\/wine-making-pt-br\/"},{"@type":"ListItem","position":4,"name":"Saf\u0152no\u2122 PR\u00a0106"}]},{"@type":"WebSite","@id":"https:\/\/fermentis.com\/pt-br\/#website","url":"https:\/\/fermentis.com\/pt-br\/","name":"Fermentis","description":"Un site utilisant WordPress","publisher":{"@id":"https:\/\/fermentis.com\/pt-br\/#organization"},"potentialAction":[{"@type":"SearchAction","target":{"@type":"EntryPoint","urlTemplate":"https:\/\/fermentis.com\/pt-br\/?s={search_term_string}"},"query-input":{"@type":"PropertyValueSpecification","valueRequired":true,"valueName":"search_term_string"}}],"inLanguage":"pt-BR"},{"@type":"Organization","@id":"https:\/\/fermentis.com\/pt-br\/#organization","name":"Fermentis","url":"https:\/\/fermentis.com\/pt-br\/","logo":{"@type":"ImageObject","inLanguage":"pt-BR","@id":"https:\/\/fermentis.com\/pt-br\/#\/schema\/logo\/image\/","url":"https:\/\/fermentis.com\/wp-content\/uploads\/2021\/07\/Logo-Fermentis-5.png","contentUrl":"https:\/\/fermentis.com\/wp-content\/uploads\/2021\/07\/Logo-Fermentis-5.png","width":308,"height":95,"caption":"Fermentis"},"image":{"@id":"https:\/\/fermentis.com\/pt-br\/#\/schema\/logo\/image\/"},"sameAs":["https:\/\/www.facebook.com\/Fermentis","https:\/\/x.com\/fermentis","https:\/\/www.instagram.com\/fermentisbylesaffre\/","https:\/\/www.linkedin.com\/company\/fermentis\/","https:\/\/www.youtube.com\/channel\/UCt_Lp3IZnUNXZeqSi6iiAdA"]}]},"product_price_currency":"GBP","og_availability":"instock","product_availability":"instock","product_condition":"new"},"_links":{"self":[{"href":"https:\/\/fermentis.com\/pt-br\/wp-json\/wp\/v2\/product\/44170","targetHints":{"allow":["GET"]}}],"collection":[{"href":"https:\/\/fermentis.com\/pt-br\/wp-json\/wp\/v2\/product"}],"about":[{"href":"https:\/\/fermentis.com\/pt-br\/wp-json\/wp\/v2\/types\/product"}],"replies":[{"embeddable":true,"href":"https:\/\/fermentis.com\/pt-br\/wp-json\/wp\/v2\/comments?post=44170"}],"wp:featuredmedia":[{"embeddable":true,"href":"https:\/\/fermentis.com\/pt-br\/wp-json\/wp\/v2\/media\/44171"}],"wp:attachment":[{"href":"https:\/\/fermentis.com\/pt-br\/wp-json\/wp\/v2\/media?parent=44170"}],"wp:term":[{"taxonomy":"product_brand","embeddable":true,"href":"https:\/\/fermentis.com\/pt-br\/wp-json\/wp\/v2\/product_brand?post=44170"},{"taxonomy":"product_cat","embeddable":true,"href":"https:\/\/fermentis.com\/pt-br\/wp-json\/wp\/v2\/product_cat?post=44170"},{"taxonomy":"product_tag","embeddable":true,"href":"https:\/\/fermentis.com\/pt-br\/wp-json\/wp\/v2\/product_tag?post=44170"}],"curies":[{"name":"wp","href":"https:\/\/api.w.org\/{rel}","templated":true}]}}