{"id":44176,"date":"2020-05-16T00:00:00","date_gmt":"2020-05-15T22:00:00","guid":{"rendered":"https:\/\/fermentis.com\/product\/safoeno-vr-44-bio\/"},"modified":"2026-04-17T19:56:34","modified_gmt":"2026-04-17T17:56:34","slug":"safoeno-vr-44-bio","status":"publish","type":"product","link":"https:\/\/fermentis.com\/pt-br\/produto\/safoeno-vr-44-bio\/","title":{"rendered":"Saf\u0152no\u2122 VR\u00a044 BIO"},"content":{"rendered":"<div class=\"container section-title-container\" ><h2 class=\"section-title section-title-center\"><b aria-hidden=\"true\"><\/b><span class=\"section-title-main\" style=\"font-size:115%;\">PARA TODOS OS VINHOS ORG\u00c2NICOS CERTIFICADOS<\/span><b aria-hidden=\"true\"><\/b><\/h2><\/div>\n<p>Esta levedura seca ativa \u00e9 a cepa <strong>Saf\u0152no\u2122 VR 44 <\/strong>certificada org\u00e2nica pela <strong>ECOCERT FR-BIO-01<\/strong> de acordo com os regulamentos europeus.<\/p>\n<p>Em conformidade com o Regulamento (CE) n.\u00ba 834\/2007 do Conselho sobre produ\u00e7\u00e3o org\u00e2nica e rotulagem de produtos org\u00e2nicos e com sua implementa\u00e7\u00e3o por meio do Regulamento (CE) n.\u00ba 889\/2008 da Comiss\u00e3o (e suas altera\u00e7\u00f5es), o uso desta levedura est\u00e1 em conformidade com as regras de produ\u00e7\u00e3o de vinho org\u00e2nico definidas pelo Regulamento de Execu\u00e7\u00e3o (UE) n.\u00ba 203\/2012 da Comiss\u00e3o (e suas altera\u00e7\u00f5es).<\/p>\n<p>Com base no reconhecimento m\u00fatuo com a regulamenta\u00e7\u00e3o da UE, o <strong>Saf\u0152no\u2122 VR 44 BIO<\/strong> pode ser reconhecido como org\u00e2nico nos EUA, pois atende aos requisitos do NOP conforme as diretrizes do USDA.<\/p>\n<p><strong>Ingredientes<\/strong>: Levedura (Saccharomyces cerevisiae)<\/p>\n<p><em>* De acordo com \u00ab The Yeasts, A Taxonomic Study \u00bb 5\u00aa edi\u00e7\u00e3o, C.P. Kurtzman, J.W. Fell e T. Boekhout, 2011.<\/em><\/p>\n\t<div id=\"gap-1193283148\" class=\"gap-element clearfix\" style=\"display:block; height:auto;\">\n\t\t\n<style>\n#gap-1193283148 {\n  padding-top: 30px;\n}\n<\/style>\n\t<\/div>\n\t\n<div class=\"container section-title-container\" ><h3 class=\"section-title section-title-center\"><b aria-hidden=\"true\"><\/b><span class=\"section-title-main\" style=\"font-size:115%;\">Caracter\u00edsticas sensoriais do Saf\u0152no\u2122 VR 44 BIO<\/span><b aria-hidden=\"true\"><\/b><\/h3><\/div>\n\n\t\t<div class=\"tabbed-content\">\n\t\t\t\n\t\t\t<ul class=\"nav nav-tabs nav-uppercase nav-size-normal nav-left\" role=\"tablist\"><li id=\"tab-recomenda\u00e7\u00f5es\" class=\"tab active has-icon\" role=\"presentation\"><a href=\"#tab_recomenda\u00e7\u00f5es\" role=\"tab\" aria-selected=\"true\" aria-controls=\"tab_recomenda\u00e7\u00f5es\"><span>Recomenda\u00e7\u00f5es<\/span><\/a><\/li>\n<li id=\"tab-uso\" class=\"tab has-icon\" role=\"presentation\"><a href=\"#tab_uso\" tabindex=\"-1\" role=\"tab\" aria-selected=\"false\" aria-controls=\"tab_uso\"><span>Uso<\/span><\/a><\/li><\/ul><div class=\"tab-panels\"><div id=\"tab_recomenda\u00e7\u00f5es\" class=\"panel active entry-content\" role=\"tabpanel\" aria-labelledby=\"tab-recomenda\u00e7\u00f5es\">\n<p><strong>O Saf\u0152no\u2122 VR 44 BIO <\/strong>\u00e9 conveniente para todos os tipos de aplica\u00e7\u00f5es, mesmo em condi\u00e7\u00f5es dif\u00edceis de produ\u00e7\u00e3o de vinho. Resistente, robusta e com baixas necessidades em nitrog\u00eanio, esta cepa permite diminuir o uso de insumos. \u00c9 por isso que \u00e9 particularmente adaptada \u00e0 produ\u00e7\u00e3o de vinhos org\u00e2nicos.<\/p>\n<h4>Vinhos base org\u00e2nicos e prise de mousse<\/h4>\n<p><strong>Saf\u0152no\u2122 VR 44 BIO<\/strong> expressa todas as caracter\u00edsticas adequadas para vinhos base org\u00e2nicos de alta qualidade destinados \u00e0 produ\u00e7\u00e3o de vinhos espumantes org\u00e2nicos pelo m\u00e9todo cl\u00e1ssico, ou seja, croc\u00e2ncia, frescor e franqueza. Tamb\u00e9m \u00e9 particularmente adaptado \u00e0 fermenta\u00e7\u00e3o secund\u00e1ria (em garrafa pelo m\u00e9todo cl\u00e1ssico particularmente ou em tanque).<\/p>\n\t<div id=\"gap-789287200\" class=\"gap-element clearfix\" style=\"display:block; height:auto;\">\n\t\t\n<style>\n#gap-789287200 {\n  padding-top: &quot;20px&quot;;\n}\n<\/style>\n\t<\/div>\n\t\n<h4>Vinhos brancos org\u00e2nicos<\/h4>\n<p>Ideal para fermenta\u00e7\u00f5es sob temperaturas controladas (em Chardonnay, S\u00e9millon, Trebbiano, Malvasia, Pinot Grigio\u2026).<\/p>\n\t<div id=\"gap-1155949993\" class=\"gap-element clearfix\" style=\"display:block; height:auto;\">\n\t\t\n<style>\n#gap-1155949993 {\n  padding-top: &quot;20px&quot;;\n}\n<\/style>\n\t<\/div>\n\t\n<h4>Vinhos tintos<\/h4>\n<p>Dadas as suas caracter\u00edsticas de fermenta\u00e7\u00e3o, o Saf\u0152no\u2122 VR 44 BIO permite a produ\u00e7\u00e3o de prestigiados vinhos tintos biol\u00f3gicos, finos, limpos e com caracter\u00edsticas de terroir (Cabernet Sauvignon, Merlot, Carmen\u00e8re, Barbera, Sangiovese, Teroldego&#8230;).<\/p>\n\t<div id=\"gap-1114138138\" class=\"gap-element clearfix\" style=\"display:block; height:auto;\">\n\t\t\n<style>\n#gap-1114138138 {\n  padding-top: 30px;\n}\n<\/style>\n\t<\/div>\n\t\n<h4>Origem<\/h4>\n<p><strong>O Saf\u0152no\u2122 VR 44<\/strong> foi selecionado por suas excelentes caracter\u00edsticas de fermenta\u00e7\u00e3o e sua adequa\u00e7\u00e3o \u00e0s condi\u00e7\u00f5es de produ\u00e7\u00e3o de vinhos espumantes (sele\u00e7\u00e3o Fermentis\u00ae).<\/p>\n<\/div>\n<div id=\"tab_uso\" class=\"panel entry-content\" role=\"tabpanel\" aria-labelledby=\"tab-uso\">\n<h4>Uso<\/h4>\n<ul>\n<li>Despeje delicadamente a quantidade desejada de fermento em 10 vezes seu peso de \u00e1gua da torneira a 30-35\u00b0C em um recipiente largo. Preste aten\u00e7\u00e3o para cobrir toda a superf\u00edcie da \u00e1gua criando uma fina camada de fermento.<\/li>\n<li>Deixe descansar por 20 minutos.<\/li>\n<li>Misture delicadamente para completar a reidrata\u00e7\u00e3o do fermento, evitando a forma\u00e7\u00e3o de grumos antes da aclimata\u00e7\u00e3o.<\/li>\n<li>Duplique progressivamente o volume da suspens\u00e3o de levedura adicionando mosto do tanque enquanto agita a mistura, para que a temperatura do fermento inicial diminua e a ativa\u00e7\u00e3o da levedura comece.<\/li>\n<li>Deixe descansar por 10 minutos.<\/li>\n<li>Homogeneizar e incorporar o fermento inicial no tanque de fermenta\u00e7\u00e3o durante uma remontagem com aera\u00e7\u00e3o.<\/li>\n<\/ul>\n<\/div><\/div><\/div>\n\t<div id=\"gap-462175123\" class=\"gap-element clearfix\" style=\"display:block; height:auto;\">\n\t\t\n<style>\n#gap-462175123 {\n  padding-top: 30px;\n}\n<\/style>\n\t<\/div>\n\t\n<div class=\"container section-title-container\" ><h3 class=\"section-title section-title-center\"><b aria-hidden=\"true\"><\/b><span class=\"section-title-main\" style=\"font-size:115%;\">Caracter\u00edsticas t\u00e9cnicas do Saf\u0152no\u2122 VR 44 BIO<\/span><b aria-hidden=\"true\"><\/b><\/h3><\/div>\n\n\t\t<div class=\"tabbed-content\">\n\t\t\t\n\t\t\t<ul class=\"nav nav-tabs nav-uppercase nav-size-normal nav-left\" role=\"tablist\"><li id=\"tab-fermenta\u00e7\u00e3o\" class=\"tab active has-icon\" role=\"presentation\"><a href=\"#tab_fermenta\u00e7\u00e3o\" role=\"tab\" aria-selected=\"true\" aria-controls=\"tab_fermenta\u00e7\u00e3o\"><span>Fermenta\u00e7\u00e3o<\/span><\/a><\/li>\n<li id=\"tab-metab\u00f3licos\" class=\"tab has-icon\" role=\"presentation\"><a href=\"#tab_metab\u00f3licos\" tabindex=\"-1\" role=\"tab\" aria-selected=\"false\" aria-controls=\"tab_metab\u00f3licos\"><span>Metab\u00f3licos<\/span><\/a><\/li>\n<li id=\"tab-armazenamento-e-garantia\" class=\"tab has-icon\" role=\"presentation\"><a href=\"#tab_armazenamento-e-garantia\" tabindex=\"-1\" role=\"tab\" aria-selected=\"false\" aria-controls=\"tab_armazenamento-e-garantia\"><span>Armazenamento e garantia<\/span><\/a><\/li><\/ul><div class=\"tab-panels\"><div id=\"tab_fermenta\u00e7\u00e3o\" class=\"panel active entry-content\" role=\"tabpanel\" aria-labelledby=\"tab-fermenta\u00e7\u00e3o\">\n<p>\u2192 In\u00edcio da fermenta\u00e7\u00e3o m\u00e9dio-r\u00e1pida e cin\u00e9tica da fermenta\u00e7\u00e3o m\u00e9dio-r\u00e1pida<br \/>\n\u2192 Teor alco\u00f3lico m\u00e1ximo recomendado: at\u00e9 16% vol.\/vol.<br \/>\n\u2192 Faixa de temperatura recomendada: 10-30 \u00b0C (50-86 \u00b0F)<br \/>\n\u2192 Muito boa assimila\u00e7\u00e3o de frutose<br \/>\n\u2192 Necessidades de nitrog\u00eanio muito baixas: Raz\u00e3o YAN (mg\/L) \/ A\u00e7\u00facares (g\/L): a partir de 0,7<\/p>\n<\/div>\n<div id=\"tab_metab\u00f3licos\" class=\"panel entry-content\" role=\"tabpanel\" aria-labelledby=\"tab-metab\u00f3licos\">\n<p>\u2192\u00a0Killer phenotype, very good settlement strength<br \/>\n\u2192\u00a0Very high acidity maintenance<br \/>\n\u2192\u00a0Medium production of volatile acidity<br \/>\n\u2192\u00a0Very low production of H<sub>2<\/sub>S, medium production of SO<sub>2<\/sub> and medium-high combination<br \/>\n\u2192\u00a0Medium high production of higher alcohols and acetate esters, very high production of ethyl esters<\/p>\n<\/div>\n<div id=\"tab_armazenamento-e-garantia\" class=\"panel entry-content\" role=\"tabpanel\" aria-labelledby=\"tab-armazenamento-e-garantia\">\n<h4>Empacotamento<\/h4>\n<p>Caixa com 20 sach\u00eas embalados a v\u00e1cuo de 500g cada (peso l\u00edquido da caixa cheia: 10 kg)<\/p>\n<h4>Garantia<\/h4>\n<p>O alto teor de mat\u00e9ria seca das nossas leveduras garante um armazenamento ideal na embalagem original, a uma temperatura n\u00e3o superior a 10\u00b0C (durante 2 anos).<br \/>\nA Fermentis\u00ae garante que o produto est\u00e1 em conformidade com o Codex Enol\u00f3gico Internacional at\u00e9 a Data de Validade nas condi\u00e7\u00f5es de armazenamento mencionadas acima Todos os nossos produtos tamb\u00e9m s\u00e3o totalmente autorizados conforme TTB 27 CFR 24.246 antes e durante a fermenta\u00e7\u00e3o.<\/p>\n<p><em>Esta levedura Fermentis\u00ae \u00e9 desenvolvida sob um esquema <strong>espec\u00edfico de produ\u00e7\u00e3o org\u00e2nica<\/strong> e se beneficia do <strong>know-how do grupo Lesaffre<\/strong>, l\u00edder mundial na fabrica\u00e7\u00e3o de leveduras. Isso garante a mais alta pureza microbiol\u00f3gica e m\u00e1xima atividade de fermenta\u00e7\u00e3o.<\/em><\/p>\n<\/div><\/div><\/div>\n\t<div id=\"gap-1375743287\" class=\"gap-element clearfix\" style=\"display:block; height:auto;\">\n\t\t\n<style>\n#gap-1375743287 {\n  padding-top: 30px;\n}\n<\/style>\n\t<\/div>\n\t\n<p><em>Observe que voc\u00ea pode encontrar uma classifica\u00e7\u00e3o de levedura diferente para este produto em nossos sach\u00eas e em vers\u00f5es mais antigas de nossas ferramentas de comunica\u00e7\u00e3o. <\/em><br \/>\n<em>De fato, este produto foi anteriormente classificado como Saccharomyces bayanus, mas como a classifica\u00e7\u00e3o taxon\u00f4mica de leveduras \u00e9 um conceito altamente evolutivo, a edi\u00e7\u00e3o mais recente de \u2018The Yeast, a taxonomic study\u2019 nos fez revisar nossa classifica\u00e7\u00e3o para estar alinhada \u00e0 comunidade cient\u00edfica. <\/em><br \/>\n<em>Por raz\u00f5es sustent\u00e1veis, decidimos usar nosso estoque restante de sach\u00eas impressos antes de reimprimir novos.<\/em><br \/>\n<em>Enquanto isso, n\u00e3o se preocupe se voc\u00ea j\u00e1 fermentou sua bebida com essa cepa de levedura, a classifica\u00e7\u00e3o taxon\u00f4mica da levedura n\u00e3o tem impacto nas caracter\u00edsticas do produto.<\/em><\/p>\n\t<div id=\"gap-159131392\" class=\"gap-element clearfix\" style=\"display:block; height:auto;\">\n\t\t\n<style>\n#gap-159131392 {\n  padding-top: 30px;\n}\n<\/style>\n\t<\/div>\n\t\n<p><i>Os dados contidos nesta ficha t\u00e9cnica s\u00e3o a transcri\u00e7\u00e3o exata do nosso conhecimento do produto na data mencionada. Eles s\u00e3o propriedade exclusiva da Fermentis-Division da S.I.Lesaffre. \u00c9 de responsabilidade do usu\u00e1rio garantir que o uso deste produto espec\u00edfico esteja em conformidade com a legisla\u00e7\u00e3o.<\/i><\/p>\n","protected":false},"excerpt":{"rendered":"<p>Para todos os vinhos org\u00e2nicos certificados<\/p>\n","protected":false},"featured_media":44177,"comment_status":"closed","ping_status":"closed","template":"","meta":{"_acf_changed":false},"product_brand":[],"product_cat":[2555,2556,2557],"product_tag":[2590,2591,2592],"class_list":{"0":"post-44176","1":"product","2":"type-product","3":"status-publish","4":"has-post-thumbnail","6":"product_cat-active-dry-yeast-wine-pt-br","7":"product_cat-safoeno-pt-br-2","8":"product_cat-wine-making-pt-br","9":"product_tag-vr-44-bio-pt-br","10":"product_tag-vr44-bio-pt-br","11":"product_tag-vr44bio-pt-br","12":"pa_fermentation-temperature-10-pt-br","13":"pa_fermentation-temperature-30-pt-br","14":"pa_flavor-profile-fruity-pt-br","15":"pa_flavor-profile-terpenes-pt-br","16":"pa_kinetics-fast-pt-br","17":"pa_max-alcohol-16-pt-br","18":"pa_nutrients-need-very-low-pt-br","19":"pa_red-fruity-profile-ripe-fruit-pt-br","20":"pa_roundness-high-pt-br","21":"pa_structure-low-pt-br","22":"pa_wine-color-red-pt-br","23":"pa_wine-color-rose-pt-br","24":"pa_wine-color-sparkling-pt-br","25":"pa_wine-color-white-pt-br","27":"first","28":"instock","29":"shipping-taxable","30":"product-type-simple"},"acf":[],"yoast_head":"<!-- This site is optimized with the Yoast SEO Premium plugin v27.4 (Yoast SEO v27.4) - https:\/\/yoast.com\/product\/yoast-seo-premium-wordpress\/ -->\n<title>SafOeno VR 44 BIO - Levedura de vinho org\u00e2nico - Fermentis<\/title>\n<meta name=\"description\" content=\"A levedura de vinho Fermentis SafOeno VR 44 BIO \u00e9 ideal para produzir vinhos tintos, ros\u00e9s, brancos e espumantes, mesmo em condi\u00e7\u00f5es extremas. Obtenha ajuda com o aplicativo Fermentis!\" \/>\n<meta name=\"robots\" content=\"index, follow, max-snippet:-1, max-image-preview:large, max-video-preview:-1\" \/>\n<link rel=\"canonical\" href=\"https:\/\/fermentis.com\/pt-br\/produto\/safoeno-vr-44-bio\/\" \/>\n<meta property=\"og:locale\" content=\"pt_BR\" \/>\n<meta property=\"og:type\" content=\"article\" \/>\n<meta property=\"og:title\" content=\"Saf\u0152no\u2122 VR\u00a044 BIO\" \/>\n<meta property=\"og:description\" content=\"A levedura de vinho Fermentis SafOeno VR 44 BIO \u00e9 ideal para produzir vinhos tintos, ros\u00e9s, brancos e espumantes, mesmo em condi\u00e7\u00f5es extremas. Obtenha ajuda com o aplicativo Fermentis!\" \/>\n<meta property=\"og:url\" content=\"https:\/\/fermentis.com\/pt-br\/produto\/safoeno-vr-44-bio\/\" \/>\n<meta property=\"og:site_name\" content=\"Fermentis\" \/>\n<meta property=\"article:publisher\" content=\"https:\/\/www.facebook.com\/Fermentis\" \/>\n<meta property=\"article:modified_time\" content=\"2026-04-17T17:56:34+00:00\" \/>\n<meta property=\"og:image\" content=\"https:\/\/fermentis.com\/wp-content\/uploads\/2020\/07\/safoeno-vr44_bio.jpg\" \/>\n\t<meta property=\"og:image:width\" content=\"1200\" \/>\n\t<meta property=\"og:image:height\" content=\"1200\" \/>\n\t<meta property=\"og:image:type\" content=\"image\/jpeg\" \/>\n<meta name=\"twitter:card\" content=\"summary_large_image\" \/>\n<meta name=\"twitter:site\" content=\"@fermentis\" \/>\n<meta name=\"twitter:label1\" content=\"Pre\u00e7o\" \/>\n\t<meta name=\"twitter:data1\" content=\"\" \/>\n\t<meta name=\"twitter:label2\" content=\"Disponibilidade\" \/>\n\t<meta name=\"twitter:data2\" content=\"Em Estoque\" \/>\n<script type=\"application\/ld+json\" class=\"yoast-schema-graph\">{\"@context\":\"https:\\\/\\\/schema.org\",\"@graph\":[{\"@type\":\"WebPage\",\"@id\":\"https:\\\/\\\/fermentis.com\\\/pt-br\\\/produto\\\/safoeno-vr-44-bio\\\/\",\"url\":\"https:\\\/\\\/fermentis.com\\\/pt-br\\\/produto\\\/safoeno-vr-44-bio\\\/\",\"name\":\"SafOeno VR 44 BIO - Levedura de vinho org\u00e2nico - Fermentis\",\"isPartOf\":{\"@id\":\"https:\\\/\\\/fermentis.com\\\/pt-br\\\/#website\"},\"primaryImageOfPage\":{\"@id\":\"https:\\\/\\\/fermentis.com\\\/pt-br\\\/produto\\\/safoeno-vr-44-bio\\\/#primaryimage\"},\"image\":{\"@id\":\"https:\\\/\\\/fermentis.com\\\/pt-br\\\/produto\\\/safoeno-vr-44-bio\\\/#primaryimage\"},\"thumbnailUrl\":\"https:\\\/\\\/fermentis.com\\\/wp-content\\\/uploads\\\/2020\\\/07\\\/safoeno-vr44_bio.jpg\",\"datePublished\":\"2020-05-15T22:00:00+00:00\",\"dateModified\":\"2026-04-17T17:56:34+00:00\",\"description\":\"A levedura de vinho Fermentis SafOeno VR 44 BIO \u00e9 ideal para produzir vinhos tintos, ros\u00e9s, brancos e espumantes, mesmo em condi\u00e7\u00f5es extremas. Obtenha ajuda com o aplicativo Fermentis!\",\"breadcrumb\":{\"@id\":\"https:\\\/\\\/fermentis.com\\\/pt-br\\\/produto\\\/safoeno-vr-44-bio\\\/#breadcrumb\"},\"inLanguage\":\"pt-BR\",\"potentialAction\":[{\"@type\":\"ReadAction\",\"target\":[\"https:\\\/\\\/fermentis.com\\\/pt-br\\\/produto\\\/safoeno-vr-44-bio\\\/\"]}]},{\"@type\":\"ImageObject\",\"inLanguage\":\"pt-BR\",\"@id\":\"https:\\\/\\\/fermentis.com\\\/pt-br\\\/produto\\\/safoeno-vr-44-bio\\\/#primaryimage\",\"url\":\"https:\\\/\\\/fermentis.com\\\/wp-content\\\/uploads\\\/2020\\\/07\\\/safoeno-vr44_bio.jpg\",\"contentUrl\":\"https:\\\/\\\/fermentis.com\\\/wp-content\\\/uploads\\\/2020\\\/07\\\/safoeno-vr44_bio.jpg\",\"width\":1200,\"height\":1200},{\"@type\":\"BreadcrumbList\",\"@id\":\"https:\\\/\\\/fermentis.com\\\/pt-br\\\/produto\\\/safoeno-vr-44-bio\\\/#breadcrumb\",\"itemListElement\":[{\"@type\":\"ListItem\",\"position\":1,\"name\":\"Home\",\"item\":\"https:\\\/\\\/fermentis.com\\\/pt-br\\\/\"},{\"@type\":\"ListItem\",\"position\":2,\"name\":\"Produtos\"},{\"@type\":\"ListItem\",\"position\":3,\"name\":\"Wine making\",\"item\":\"https:\\\/\\\/fermentis.com\\\/pt-br\\\/fermentation\\\/wine-making-pt-br\\\/\"},{\"@type\":\"ListItem\",\"position\":4,\"name\":\"Saf\u0152no\u2122 VR\u00a044 BIO\"}]},{\"@type\":\"WebSite\",\"@id\":\"https:\\\/\\\/fermentis.com\\\/pt-br\\\/#website\",\"url\":\"https:\\\/\\\/fermentis.com\\\/pt-br\\\/\",\"name\":\"Fermentis\",\"description\":\"Un site utilisant WordPress\",\"publisher\":{\"@id\":\"https:\\\/\\\/fermentis.com\\\/pt-br\\\/#organization\"},\"potentialAction\":[{\"@type\":\"SearchAction\",\"target\":{\"@type\":\"EntryPoint\",\"urlTemplate\":\"https:\\\/\\\/fermentis.com\\\/pt-br\\\/?s={search_term_string}\"},\"query-input\":{\"@type\":\"PropertyValueSpecification\",\"valueRequired\":true,\"valueName\":\"search_term_string\"}}],\"inLanguage\":\"pt-BR\"},{\"@type\":\"Organization\",\"@id\":\"https:\\\/\\\/fermentis.com\\\/pt-br\\\/#organization\",\"name\":\"Fermentis\",\"url\":\"https:\\\/\\\/fermentis.com\\\/pt-br\\\/\",\"logo\":{\"@type\":\"ImageObject\",\"inLanguage\":\"pt-BR\",\"@id\":\"https:\\\/\\\/fermentis.com\\\/pt-br\\\/#\\\/schema\\\/logo\\\/image\\\/\",\"url\":\"https:\\\/\\\/fermentis.com\\\/wp-content\\\/uploads\\\/2021\\\/07\\\/Logo-Fermentis-5.png\",\"contentUrl\":\"https:\\\/\\\/fermentis.com\\\/wp-content\\\/uploads\\\/2021\\\/07\\\/Logo-Fermentis-5.png\",\"width\":308,\"height\":95,\"caption\":\"Fermentis\"},\"image\":{\"@id\":\"https:\\\/\\\/fermentis.com\\\/pt-br\\\/#\\\/schema\\\/logo\\\/image\\\/\"},\"sameAs\":[\"https:\\\/\\\/www.facebook.com\\\/Fermentis\",\"https:\\\/\\\/x.com\\\/fermentis\",\"https:\\\/\\\/www.instagram.com\\\/fermentisbylesaffre\\\/\",\"https:\\\/\\\/www.linkedin.com\\\/company\\\/fermentis\\\/\",\"https:\\\/\\\/www.youtube.com\\\/channel\\\/UCt_Lp3IZnUNXZeqSi6iiAdA\"]}]}<\/script>\n<meta property=\"product:price:currency\" content=\"GBP\" \/>\n<meta property=\"og:availability\" content=\"instock\" \/>\n<meta property=\"product:availability\" content=\"instock\" \/>\n<meta property=\"product:condition\" content=\"new\" \/>\n<!-- \/ Yoast SEO Premium plugin. -->","yoast_head_json":{"title":"SafOeno VR 44 BIO - Levedura de vinho org\u00e2nico - Fermentis","description":"A levedura de vinho Fermentis SafOeno VR 44 BIO \u00e9 ideal para produzir vinhos tintos, ros\u00e9s, brancos e espumantes, mesmo em condi\u00e7\u00f5es extremas. Obtenha ajuda com o aplicativo Fermentis!","robots":{"index":"index","follow":"follow","max-snippet":"max-snippet:-1","max-image-preview":"max-image-preview:large","max-video-preview":"max-video-preview:-1"},"canonical":"https:\/\/fermentis.com\/pt-br\/produto\/safoeno-vr-44-bio\/","og_locale":"pt_BR","og_type":"article","og_title":"Saf\u0152no\u2122 VR\u00a044 BIO","og_description":"A levedura de vinho Fermentis SafOeno VR 44 BIO \u00e9 ideal para produzir vinhos tintos, ros\u00e9s, brancos e espumantes, mesmo em condi\u00e7\u00f5es extremas. Obtenha ajuda com o aplicativo Fermentis!","og_url":"https:\/\/fermentis.com\/pt-br\/produto\/safoeno-vr-44-bio\/","og_site_name":"Fermentis","article_publisher":"https:\/\/www.facebook.com\/Fermentis","article_modified_time":"2026-04-17T17:56:34+00:00","og_image":[{"width":1200,"height":1200,"url":"https:\/\/fermentis.com\/wp-content\/uploads\/2020\/07\/safoeno-vr44_bio.jpg","type":"image\/jpeg"}],"twitter_card":"summary_large_image","twitter_site":"@fermentis","twitter_misc":{"Pre\u00e7o":"","Disponibilidade":"Em Estoque"},"schema":{"@context":"https:\/\/schema.org","@graph":[{"@type":"WebPage","@id":"https:\/\/fermentis.com\/pt-br\/produto\/safoeno-vr-44-bio\/","url":"https:\/\/fermentis.com\/pt-br\/produto\/safoeno-vr-44-bio\/","name":"SafOeno VR 44 BIO - Levedura de vinho org\u00e2nico - Fermentis","isPartOf":{"@id":"https:\/\/fermentis.com\/pt-br\/#website"},"primaryImageOfPage":{"@id":"https:\/\/fermentis.com\/pt-br\/produto\/safoeno-vr-44-bio\/#primaryimage"},"image":{"@id":"https:\/\/fermentis.com\/pt-br\/produto\/safoeno-vr-44-bio\/#primaryimage"},"thumbnailUrl":"https:\/\/fermentis.com\/wp-content\/uploads\/2020\/07\/safoeno-vr44_bio.jpg","datePublished":"2020-05-15T22:00:00+00:00","dateModified":"2026-04-17T17:56:34+00:00","description":"A levedura de vinho Fermentis SafOeno VR 44 BIO \u00e9 ideal para produzir vinhos tintos, ros\u00e9s, brancos e espumantes, mesmo em condi\u00e7\u00f5es extremas. Obtenha ajuda com o aplicativo Fermentis!","breadcrumb":{"@id":"https:\/\/fermentis.com\/pt-br\/produto\/safoeno-vr-44-bio\/#breadcrumb"},"inLanguage":"pt-BR","potentialAction":[{"@type":"ReadAction","target":["https:\/\/fermentis.com\/pt-br\/produto\/safoeno-vr-44-bio\/"]}]},{"@type":"ImageObject","inLanguage":"pt-BR","@id":"https:\/\/fermentis.com\/pt-br\/produto\/safoeno-vr-44-bio\/#primaryimage","url":"https:\/\/fermentis.com\/wp-content\/uploads\/2020\/07\/safoeno-vr44_bio.jpg","contentUrl":"https:\/\/fermentis.com\/wp-content\/uploads\/2020\/07\/safoeno-vr44_bio.jpg","width":1200,"height":1200},{"@type":"BreadcrumbList","@id":"https:\/\/fermentis.com\/pt-br\/produto\/safoeno-vr-44-bio\/#breadcrumb","itemListElement":[{"@type":"ListItem","position":1,"name":"Home","item":"https:\/\/fermentis.com\/pt-br\/"},{"@type":"ListItem","position":2,"name":"Produtos"},{"@type":"ListItem","position":3,"name":"Wine making","item":"https:\/\/fermentis.com\/pt-br\/fermentation\/wine-making-pt-br\/"},{"@type":"ListItem","position":4,"name":"Saf\u0152no\u2122 VR\u00a044 BIO"}]},{"@type":"WebSite","@id":"https:\/\/fermentis.com\/pt-br\/#website","url":"https:\/\/fermentis.com\/pt-br\/","name":"Fermentis","description":"Un site utilisant WordPress","publisher":{"@id":"https:\/\/fermentis.com\/pt-br\/#organization"},"potentialAction":[{"@type":"SearchAction","target":{"@type":"EntryPoint","urlTemplate":"https:\/\/fermentis.com\/pt-br\/?s={search_term_string}"},"query-input":{"@type":"PropertyValueSpecification","valueRequired":true,"valueName":"search_term_string"}}],"inLanguage":"pt-BR"},{"@type":"Organization","@id":"https:\/\/fermentis.com\/pt-br\/#organization","name":"Fermentis","url":"https:\/\/fermentis.com\/pt-br\/","logo":{"@type":"ImageObject","inLanguage":"pt-BR","@id":"https:\/\/fermentis.com\/pt-br\/#\/schema\/logo\/image\/","url":"https:\/\/fermentis.com\/wp-content\/uploads\/2021\/07\/Logo-Fermentis-5.png","contentUrl":"https:\/\/fermentis.com\/wp-content\/uploads\/2021\/07\/Logo-Fermentis-5.png","width":308,"height":95,"caption":"Fermentis"},"image":{"@id":"https:\/\/fermentis.com\/pt-br\/#\/schema\/logo\/image\/"},"sameAs":["https:\/\/www.facebook.com\/Fermentis","https:\/\/x.com\/fermentis","https:\/\/www.instagram.com\/fermentisbylesaffre\/","https:\/\/www.linkedin.com\/company\/fermentis\/","https:\/\/www.youtube.com\/channel\/UCt_Lp3IZnUNXZeqSi6iiAdA"]}]},"product_price_currency":"GBP","og_availability":"instock","product_availability":"instock","product_condition":"new"},"_links":{"self":[{"href":"https:\/\/fermentis.com\/pt-br\/wp-json\/wp\/v2\/product\/44176","targetHints":{"allow":["GET"]}}],"collection":[{"href":"https:\/\/fermentis.com\/pt-br\/wp-json\/wp\/v2\/product"}],"about":[{"href":"https:\/\/fermentis.com\/pt-br\/wp-json\/wp\/v2\/types\/product"}],"replies":[{"embeddable":true,"href":"https:\/\/fermentis.com\/pt-br\/wp-json\/wp\/v2\/comments?post=44176"}],"wp:featuredmedia":[{"embeddable":true,"href":"https:\/\/fermentis.com\/pt-br\/wp-json\/wp\/v2\/media\/44177"}],"wp:attachment":[{"href":"https:\/\/fermentis.com\/pt-br\/wp-json\/wp\/v2\/media?parent=44176"}],"wp:term":[{"taxonomy":"product_brand","embeddable":true,"href":"https:\/\/fermentis.com\/pt-br\/wp-json\/wp\/v2\/product_brand?post=44176"},{"taxonomy":"product_cat","embeddable":true,"href":"https:\/\/fermentis.com\/pt-br\/wp-json\/wp\/v2\/product_cat?post=44176"},{"taxonomy":"product_tag","embeddable":true,"href":"https:\/\/fermentis.com\/pt-br\/wp-json\/wp\/v2\/product_tag?post=44176"}],"curies":[{"name":"wp","href":"https:\/\/api.w.org\/{rel}","templated":true}]}}