{"id":44178,"date":"2020-04-29T00:00:00","date_gmt":"2020-04-28T22:00:00","guid":{"rendered":"https:\/\/fermentis.com\/product\/safoeno-hd-t18\/"},"modified":"2026-04-18T19:24:36","modified_gmt":"2026-04-18T17:24:36","slug":"safoeno-hd-t18","status":"publish","type":"product","link":"https:\/\/fermentis.com\/pt-br\/produto\/safoeno-hd-t18\/","title":{"rendered":"Saf\u0152no\u2122 HD\u00a0T18"},"content":{"rendered":"<div class=\"container section-title-container\" ><h2 class=\"section-title section-title-center\"><b aria-hidden=\"true\"><\/b><span class=\"section-title-main\" style=\"font-size:115%;\">PARA VINHOS BRANCOS TERP\u00caNICOS ELEGANTES E FRESCOS<\/span><b aria-hidden=\"true\"><\/b><\/h2><\/div>\n<p><strong>O Saf\u0152no\u2122 HD T18<\/strong> foi criado por meio de um programa de hibridiza\u00e7\u00e3o de leveduras de P&amp;D da Lesaffre. Este trabalho teve como objetivo selecionar uma cepa de levedura particularmente adequada para a express\u00e3o de aromas terp\u00eanicos varietais com um bom equil\u00edbrio na boca e perfil de fermenta\u00e7\u00e3o limpo.<\/p>\n<p>Dosagem para vinhos brancos tranquilos: 20 g\/hl<\/p>\n\t<div id=\"gap-1203256771\" class=\"gap-element clearfix\" style=\"display:block; height:auto;\">\n\t\t\n<style>\n#gap-1203256771 {\n  padding-top: 30px;\n}\n<\/style>\n\t<\/div>\n\t\n<div class=\"container section-title-container\" ><h3 class=\"section-title section-title-center\"><b aria-hidden=\"true\"><\/b><span class=\"section-title-main\" style=\"font-size:115%;\">Caracter\u00edsticas sensoriais do Saf\u0152no\u2122 HD T18<\/span><b aria-hidden=\"true\"><\/b><\/h3><\/div>\n\n\t\t<div class=\"tabbed-content\">\n\t\t\t\n\t\t\t<ul class=\"nav nav-tabs nav-uppercase nav-size-normal nav-left\" role=\"tablist\"><li id=\"tab-recomenda\u00e7\u00f5es\" class=\"tab active has-icon\" role=\"presentation\"><a href=\"#tab_recomenda\u00e7\u00f5es\" role=\"tab\" aria-selected=\"true\" aria-controls=\"tab_recomenda\u00e7\u00f5es\"><span>Recomenda\u00e7\u00f5es<\/span><\/a><\/li>\n<li id=\"tab-experimento\" class=\"tab has-icon\" role=\"presentation\"><a href=\"#tab_experimento\" tabindex=\"-1\" role=\"tab\" aria-selected=\"false\" aria-controls=\"tab_experimento\"><span>Experimento<\/span><\/a><\/li><\/ul><div class=\"tab-panels\"><div id=\"tab_recomenda\u00e7\u00f5es\" class=\"panel active entry-content\" role=\"tabpanel\" aria-labelledby=\"tab-recomenda\u00e7\u00f5es\">\n<h3>Para vinho branco terp\u00eanico fresco e complexo<\/h3>\n<p>Saf\u0152no\u2122 HD T18 aumenta o potencial arom\u00e1tico de <strong>variedades terp\u00eanicas<\/strong> como Muscat, Viognier, Gew\u00fcrztraminer, Riesling, Pinot Gris\u2026 gra\u00e7as aos <strong>terpen\u00f3is e \u00e0 libera\u00e7\u00e3o de \u03b2-damascenona<\/strong> apoiada por uma produ\u00e7\u00e3o equilibrada de acetato e \u00e9steres et\u00edlicos, o que fortalece a complexidade dos vinhos. Real\u00e7a particularmente notas florais frescas e frutas c\u00edtricas.<\/p>\n<p><strong>Seu perfil de fermenta\u00e7\u00e3o limpo<\/strong> em rela\u00e7\u00e3o a metab\u00f3litos indesej\u00e1veis, combinado com suas propriedades arom\u00e1ticas, d\u00e1 ao en\u00f3logo uma ferramenta para elaborar <strong>vinhos varietais frescos e vinhos brancos complexos.<\/strong><\/p>\n\t<div id=\"gap-186556609\" class=\"gap-element clearfix\" style=\"display:block; height:auto;\">\n\t\t\n<style>\n#gap-186556609 {\n  padding-top: &quot;20px&quot;;\n}\n<\/style>\n\t<\/div>\n\t\n<\/div>\n<div id=\"tab_experimento\" class=\"panel entry-content\" role=\"tabpanel\" aria-labelledby=\"tab-experimento\">\n<p>Viognier, Languedoc Roussillon, 12,6% v\/v, Ajuste com DAP de YAN\/S = 0,4 a 0,9 e Ajuste de turbidez de 2 a 100. NTU mais 10g\/hl SpringCell na inocula\u00e7\u00e3o de levedura, temperatura de fermenta\u00e7\u00e3o 17-19\u00b0C (63-66 \u00b0F).<br \/>\n7 provadores profissionais.OAV: Valor Ativo de Odor (Limiar de Concentra\u00e7\u00e3o\/Percep\u00e7\u00e3o)<\/p>\n<\/div><\/div><\/div>\n<div class=\"container section-title-container\" ><h3 class=\"section-title section-title-center\"><b aria-hidden=\"true\"><\/b><span class=\"section-title-main\" style=\"font-size:115%;\">Caracter\u00edsticas t\u00e9cnicas do Saf\u0152no\u2122 HD T18<\/span><b aria-hidden=\"true\"><\/b><\/h3><\/div>\n\n\t\t<div class=\"tabbed-content\">\n\t\t\t\n\t\t\t<ul class=\"nav nav-tabs nav-uppercase nav-size-normal nav-left\" role=\"tablist\"><li id=\"tab-fermenta\u00e7\u00e3o\" class=\"tab active has-icon\" role=\"presentation\"><a href=\"#tab_fermenta\u00e7\u00e3o\" role=\"tab\" aria-selected=\"true\" aria-controls=\"tab_fermenta\u00e7\u00e3o\"><span>Fermenta\u00e7\u00e3o<\/span><\/a><\/li>\n<li id=\"tab-metab\u00f3licos\" class=\"tab has-icon\" role=\"presentation\"><a href=\"#tab_metab\u00f3licos\" tabindex=\"-1\" role=\"tab\" aria-selected=\"false\" aria-controls=\"tab_metab\u00f3licos\"><span>Metab\u00f3licos<\/span><\/a><\/li>\n<li id=\"tab-f\u00e1cil-de-usar\" class=\"tab has-icon\" role=\"presentation\"><a href=\"#tab_f\u00e1cil-de-usar\" tabindex=\"-1\" role=\"tab\" aria-selected=\"false\" aria-controls=\"tab_f\u00e1cil-de-usar\"><span>F\u00e1cil de Usar<\/span><\/a><\/li>\n<li id=\"tab-embalagem-e-garantia\" class=\"tab has-icon\" role=\"presentation\"><a href=\"#tab_embalagem-e-garantia\" tabindex=\"-1\" role=\"tab\" aria-selected=\"false\" aria-controls=\"tab_embalagem-e-garantia\"><span>Embalagem e garantia<\/span><\/a><\/li><\/ul><div class=\"tab-panels\"><div id=\"tab_fermenta\u00e7\u00e3o\" class=\"panel active entry-content\" role=\"tabpanel\" aria-labelledby=\"tab-fermenta\u00e7\u00e3o\">\n<p>\u2192 Fen\u00f3tipo assassino<br \/>\n\u2192 For\u00e7a de implanta\u00e7\u00e3o m\u00e9dia a alta<br \/>\n\u2192 Fase de lat\u00eancia baixa a m\u00e9dia com cin\u00e9tica r\u00e1pida e regular<strong> <br \/>\n<\/strong>\u2192 Boa toler\u00e2ncia ao \u00e1lcool: at\u00e9 15% v\/v<br \/>\n\u2192 Temperatura ideal de fermenta\u00e7\u00e3o: 10-30\u00b0C (50-86\u00b0F)<br \/>\n\u2192 Boa assimila\u00e7\u00e3o de frutose<\/p>\n<\/div>\n<div id=\"tab_metab\u00f3licos\" class=\"panel entry-content\" role=\"tabpanel\" aria-labelledby=\"tab-metab\u00f3licos\">\n<p>\u2192 Baixo consumo de \u00e1cido m\u00e1lico<br \/>\n\u2192 Produ\u00e7\u00e3o de glicerol m\u00e9dio<br \/>\n\u2192 Produ\u00e7\u00e3o de baixa acidez vol\u00e1til<br \/>\n\u2192 Produ\u00e7\u00e3o de H<sub>2<\/sub>S baixa a m\u00e9dia<br \/>\n\u2192 Produ\u00e7\u00e3o\/combina\u00e7\u00e3o de SO<sub>2<\/sub> baixa a m\u00e9dia<br \/>\n\u2192 Produ\u00e7\u00e3o balanceada de \u00e9steres et\u00edlicos e acetato<br \/>\n\u2192 Favorece alta libera\u00e7\u00e3o e manuten\u00e7\u00e3o de terpenol<\/p>\n<\/div>\n<div id=\"tab_f\u00e1cil-de-usar\" class=\"panel entry-content\" role=\"tabpanel\" aria-labelledby=\"tab-f\u00e1cil-de-usar\">\n<ul>\n<li>O know-how da Lesaffre e a melhoria cont\u00ednua do processo de produ\u00e7\u00e3o de leveduras levam \u00e0 obten\u00e7\u00e3o<strong> de uma qualidade excepcional de leveduras secas capazes de resistir a uma ampla gama de usos, incluindo frio ou nenhuma reidrata\u00e7\u00e3o, sem afetar sua viabilidade, perfil cin\u00e9tico e\/ou anal\u00edtico.<\/strong> Os produtores de vinho podem escolher as condi\u00e7\u00f5es de uso que melhor se adaptam \u00e0s suas necessidades, ou seja:\n<ul>\n<li><strong>Aplica\u00e7\u00e3o direta:<\/strong> Despeje a levedura na superf\u00edcie de pelo menos 10 vezes o seu peso de mosto (possivelmente diretamente no topo do tanque ou durante o enchimento do tanque ap\u00f3s a decanta\u00e7\u00e3o para brancos e ros\u00e9s). Misture delicadamente para evitar ou desfazer grumos. Transfira imediatamente para o tanque por meio de bombeamento com aera\u00e7\u00e3o (ou homogeneize o volume do tanque).<\/li>\n<li><strong>Com reidrata\u00e7\u00e3o pr\u00e9via:<\/strong> Despeje o fermento na superf\u00edcie de <strong>10 vezes seu peso em \u00e1gua da torneira em temperatura ambiente.<\/strong> Misture delicadamente para evitar ou desfazer grumos. <strong>Aguarde 20 minutos e transfira para o tanque por meio de bombeamento com aera\u00e7\u00e3o.<\/strong><\/li>\n<\/ul>\n<\/li>\n<\/ul>\n<\/div>\n<div id=\"tab_embalagem-e-garantia\" class=\"panel entry-content\" role=\"tabpanel\" aria-labelledby=\"tab-embalagem-e-garantia\">\n<h4>Armazenamento<\/h4>\n<p>Caixa de 20 sach\u00eas embalados a v\u00e1cuo de 500g cada (peso l\u00edquido da caixa completa: 10 kg)<br \/>\nCaixa com 1 caixa embalada a v\u00e1cuo de 10 Kg (peso l\u00edquido da caixa completa: 10 kg).<\/p>\n<h4>Garantia<\/h4>\n<p>A alta taxa de mat\u00e9ria seca de nossas leveduras garante um \u00f3timo armazenamento em sua embalagem original a uma temperatura n\u00e3o superior a 20\u00b0C (durante 3 anos) e 10\u00b0C para um armazenamento prolongado (4 anos). A Fermentis garante que o produto est\u00e1 em conformidade com o Codex Enol\u00f3gico Internacional at\u00e9 a Data de Validade nas condi\u00e7\u00f5es de armazenamento mencionadas acima.<\/p>\n<p><em>Cada levedura Fermentis \u00e9 desenvolvida sob um esquema de produ\u00e7\u00e3o espec\u00edfico e se beneficia do know-how do grupo Lesaffre, l\u00edder mundial na fabrica\u00e7\u00e3o de leveduras.  Isso garante a mais alta pureza microbiol\u00f3gica e a m\u00e1xima atividade de fermenta\u00e7\u00e3o.<\/em><\/p>\n<\/div><\/div><\/div>\n\t<div id=\"gap-1978256750\" class=\"gap-element clearfix\" style=\"display:block; height:auto;\">\n\t\t\n<style>\n#gap-1978256750 {\n  padding-top: 30px;\n}\n<\/style>\n\t<\/div>\n\t\n<p><i>Os dados contidos nesta ficha t\u00e9cnica s\u00e3o a transcri\u00e7\u00e3o exata do nosso conhecimento do produto na data mencionada. Eles s\u00e3o propriedade exclusiva da Fermentis-Division da S.I.Lesaffre. \u00c9 de responsabilidade do usu\u00e1rio garantir que o uso deste produto espec\u00edfico esteja em conformidade com a legisla\u00e7\u00e3o.<\/i><\/p>\n","protected":false},"excerpt":{"rendered":"<p>Para vinhos brancos terp\u00eanicos elegantes e frescos<\/p>\n","protected":false},"featured_media":44183,"comment_status":"closed","ping_status":"closed","template":"","meta":{"_acf_changed":false},"product_brand":[],"product_cat":[2555,2556,2557],"product_tag":[2601,2602,2603,2604],"class_list":{"0":"post-44178","1":"product","2":"type-product","3":"status-publish","4":"has-post-thumbnail","6":"product_cat-active-dry-yeast-wine-pt-br","7":"product_cat-safoeno-pt-br-2","8":"product_cat-wine-making-pt-br","9":"product_tag-hd-t18-pt-br","10":"product_tag-hdt18-pt-br","11":"product_tag-t-18-pt-br","12":"product_tag-t18-pt-br","13":"pa_max-alcohol-15-pt-br","14":"pa_roundness-medium-pt-br","15":"pa_structure-medium-pt-br","16":"pa_wine-color-white-pt-br","18":"first","19":"instock","20":"shipping-taxable","21":"product-type-simple"},"acf":[],"yoast_head":"<!-- This site is optimized with the Yoast SEO Premium plugin v27.4 (Yoast SEO v27.4) - https:\/\/yoast.com\/product\/yoast-seo-premium-wordpress\/ -->\n<title>SafOeno HD T18 - Levedura de vinho para brancos terp\u00eanicos - Fermentis<\/title>\n<meta name=\"description\" content=\"A levedura de vinho Fermentis SafOeno HD T18 \u00e9 ideal para produzir vinhos brancos terp\u00eanicos elegantes e frescos, mas tamb\u00e9m pode ser adequada para outros estilos de vinho\" \/>\n<meta name=\"robots\" content=\"index, follow, max-snippet:-1, max-image-preview:large, max-video-preview:-1\" \/>\n<link rel=\"canonical\" href=\"https:\/\/fermentis.com\/pt-br\/produto\/safoeno-hd-t18\/\" \/>\n<meta property=\"og:locale\" content=\"pt_BR\" \/>\n<meta property=\"og:type\" content=\"article\" \/>\n<meta property=\"og:title\" content=\"Saf\u0152no\u2122 HD\u00a0T18\" \/>\n<meta property=\"og:description\" content=\"A levedura de vinho Fermentis SafOeno HD T18 \u00e9 ideal para produzir vinhos brancos terp\u00eanicos elegantes e frescos, mas tamb\u00e9m pode ser adequada para outros estilos de vinho\" \/>\n<meta property=\"og:url\" content=\"https:\/\/fermentis.com\/pt-br\/produto\/safoeno-hd-t18\/\" \/>\n<meta property=\"og:site_name\" content=\"Fermentis\" \/>\n<meta property=\"article:publisher\" content=\"https:\/\/www.facebook.com\/Fermentis\" \/>\n<meta property=\"article:modified_time\" content=\"2026-04-18T17:24:36+00:00\" \/>\n<meta property=\"og:image\" content=\"https:\/\/fermentis.com\/wp-content\/uploads\/2020\/10\/safoeno-hdt18-1.jpg\" \/>\n\t<meta property=\"og:image:width\" content=\"1200\" \/>\n\t<meta property=\"og:image:height\" content=\"1200\" \/>\n\t<meta property=\"og:image:type\" content=\"image\/jpeg\" \/>\n<meta name=\"twitter:card\" content=\"summary_large_image\" \/>\n<meta name=\"twitter:site\" content=\"@fermentis\" \/>\n<meta name=\"twitter:label1\" content=\"Pre\u00e7o\" \/>\n\t<meta name=\"twitter:data1\" content=\"\" \/>\n\t<meta name=\"twitter:label2\" content=\"Disponibilidade\" \/>\n\t<meta name=\"twitter:data2\" content=\"Em Estoque\" \/>\n<script type=\"application\/ld+json\" class=\"yoast-schema-graph\">{\"@context\":\"https:\\\/\\\/schema.org\",\"@graph\":[{\"@type\":\"WebPage\",\"@id\":\"https:\\\/\\\/fermentis.com\\\/pt-br\\\/produto\\\/safoeno-hd-t18\\\/\",\"url\":\"https:\\\/\\\/fermentis.com\\\/pt-br\\\/produto\\\/safoeno-hd-t18\\\/\",\"name\":\"SafOeno HD T18 - Levedura de vinho para brancos terp\u00eanicos - Fermentis\",\"isPartOf\":{\"@id\":\"https:\\\/\\\/fermentis.com\\\/pt-br\\\/#website\"},\"primaryImageOfPage\":{\"@id\":\"https:\\\/\\\/fermentis.com\\\/pt-br\\\/produto\\\/safoeno-hd-t18\\\/#primaryimage\"},\"image\":{\"@id\":\"https:\\\/\\\/fermentis.com\\\/pt-br\\\/produto\\\/safoeno-hd-t18\\\/#primaryimage\"},\"thumbnailUrl\":\"https:\\\/\\\/fermentis.com\\\/wp-content\\\/uploads\\\/2020\\\/10\\\/safoeno-hdt18-1.jpg\",\"datePublished\":\"2020-04-28T22:00:00+00:00\",\"dateModified\":\"2026-04-18T17:24:36+00:00\",\"description\":\"A levedura de vinho Fermentis SafOeno HD T18 \u00e9 ideal para produzir vinhos brancos terp\u00eanicos elegantes e frescos, mas tamb\u00e9m pode ser adequada para outros estilos de vinho\",\"breadcrumb\":{\"@id\":\"https:\\\/\\\/fermentis.com\\\/pt-br\\\/produto\\\/safoeno-hd-t18\\\/#breadcrumb\"},\"inLanguage\":\"pt-BR\",\"potentialAction\":[{\"@type\":\"ReadAction\",\"target\":[\"https:\\\/\\\/fermentis.com\\\/pt-br\\\/produto\\\/safoeno-hd-t18\\\/\"]}]},{\"@type\":\"ImageObject\",\"inLanguage\":\"pt-BR\",\"@id\":\"https:\\\/\\\/fermentis.com\\\/pt-br\\\/produto\\\/safoeno-hd-t18\\\/#primaryimage\",\"url\":\"https:\\\/\\\/fermentis.com\\\/wp-content\\\/uploads\\\/2020\\\/10\\\/safoeno-hdt18-1.jpg\",\"contentUrl\":\"https:\\\/\\\/fermentis.com\\\/wp-content\\\/uploads\\\/2020\\\/10\\\/safoeno-hdt18-1.jpg\",\"width\":1200,\"height\":1200},{\"@type\":\"BreadcrumbList\",\"@id\":\"https:\\\/\\\/fermentis.com\\\/pt-br\\\/produto\\\/safoeno-hd-t18\\\/#breadcrumb\",\"itemListElement\":[{\"@type\":\"ListItem\",\"position\":1,\"name\":\"Home\",\"item\":\"https:\\\/\\\/fermentis.com\\\/pt-br\\\/\"},{\"@type\":\"ListItem\",\"position\":2,\"name\":\"Produtos\"},{\"@type\":\"ListItem\",\"position\":3,\"name\":\"Wine making\",\"item\":\"https:\\\/\\\/fermentis.com\\\/pt-br\\\/fermentation\\\/wine-making-pt-br\\\/\"},{\"@type\":\"ListItem\",\"position\":4,\"name\":\"Saf\u0152no\u2122 HD\u00a0T18\"}]},{\"@type\":\"WebSite\",\"@id\":\"https:\\\/\\\/fermentis.com\\\/pt-br\\\/#website\",\"url\":\"https:\\\/\\\/fermentis.com\\\/pt-br\\\/\",\"name\":\"Fermentis\",\"description\":\"Un site utilisant WordPress\",\"publisher\":{\"@id\":\"https:\\\/\\\/fermentis.com\\\/pt-br\\\/#organization\"},\"potentialAction\":[{\"@type\":\"SearchAction\",\"target\":{\"@type\":\"EntryPoint\",\"urlTemplate\":\"https:\\\/\\\/fermentis.com\\\/pt-br\\\/?s={search_term_string}\"},\"query-input\":{\"@type\":\"PropertyValueSpecification\",\"valueRequired\":true,\"valueName\":\"search_term_string\"}}],\"inLanguage\":\"pt-BR\"},{\"@type\":\"Organization\",\"@id\":\"https:\\\/\\\/fermentis.com\\\/pt-br\\\/#organization\",\"name\":\"Fermentis\",\"url\":\"https:\\\/\\\/fermentis.com\\\/pt-br\\\/\",\"logo\":{\"@type\":\"ImageObject\",\"inLanguage\":\"pt-BR\",\"@id\":\"https:\\\/\\\/fermentis.com\\\/pt-br\\\/#\\\/schema\\\/logo\\\/image\\\/\",\"url\":\"https:\\\/\\\/fermentis.com\\\/wp-content\\\/uploads\\\/2021\\\/07\\\/Logo-Fermentis-5.png\",\"contentUrl\":\"https:\\\/\\\/fermentis.com\\\/wp-content\\\/uploads\\\/2021\\\/07\\\/Logo-Fermentis-5.png\",\"width\":308,\"height\":95,\"caption\":\"Fermentis\"},\"image\":{\"@id\":\"https:\\\/\\\/fermentis.com\\\/pt-br\\\/#\\\/schema\\\/logo\\\/image\\\/\"},\"sameAs\":[\"https:\\\/\\\/www.facebook.com\\\/Fermentis\",\"https:\\\/\\\/x.com\\\/fermentis\",\"https:\\\/\\\/www.instagram.com\\\/fermentisbylesaffre\\\/\",\"https:\\\/\\\/www.linkedin.com\\\/company\\\/fermentis\\\/\",\"https:\\\/\\\/www.youtube.com\\\/channel\\\/UCt_Lp3IZnUNXZeqSi6iiAdA\"]}]}<\/script>\n<meta property=\"product:price:currency\" content=\"GBP\" \/>\n<meta property=\"og:availability\" content=\"instock\" \/>\n<meta property=\"product:availability\" content=\"instock\" \/>\n<meta property=\"product:condition\" content=\"new\" \/>\n<!-- \/ Yoast SEO Premium plugin. -->","yoast_head_json":{"title":"SafOeno HD T18 - Levedura de vinho para brancos terp\u00eanicos - Fermentis","description":"A levedura de vinho Fermentis SafOeno HD T18 \u00e9 ideal para produzir vinhos brancos terp\u00eanicos elegantes e frescos, mas tamb\u00e9m pode ser adequada para outros estilos de vinho","robots":{"index":"index","follow":"follow","max-snippet":"max-snippet:-1","max-image-preview":"max-image-preview:large","max-video-preview":"max-video-preview:-1"},"canonical":"https:\/\/fermentis.com\/pt-br\/produto\/safoeno-hd-t18\/","og_locale":"pt_BR","og_type":"article","og_title":"Saf\u0152no\u2122 HD\u00a0T18","og_description":"A levedura de vinho Fermentis SafOeno HD T18 \u00e9 ideal para produzir vinhos brancos terp\u00eanicos elegantes e frescos, mas tamb\u00e9m pode ser adequada para outros estilos de vinho","og_url":"https:\/\/fermentis.com\/pt-br\/produto\/safoeno-hd-t18\/","og_site_name":"Fermentis","article_publisher":"https:\/\/www.facebook.com\/Fermentis","article_modified_time":"2026-04-18T17:24:36+00:00","og_image":[{"width":1200,"height":1200,"url":"https:\/\/fermentis.com\/wp-content\/uploads\/2020\/10\/safoeno-hdt18-1.jpg","type":"image\/jpeg"}],"twitter_card":"summary_large_image","twitter_site":"@fermentis","twitter_misc":{"Pre\u00e7o":"","Disponibilidade":"Em Estoque"},"schema":{"@context":"https:\/\/schema.org","@graph":[{"@type":"WebPage","@id":"https:\/\/fermentis.com\/pt-br\/produto\/safoeno-hd-t18\/","url":"https:\/\/fermentis.com\/pt-br\/produto\/safoeno-hd-t18\/","name":"SafOeno HD T18 - Levedura de vinho para brancos terp\u00eanicos - Fermentis","isPartOf":{"@id":"https:\/\/fermentis.com\/pt-br\/#website"},"primaryImageOfPage":{"@id":"https:\/\/fermentis.com\/pt-br\/produto\/safoeno-hd-t18\/#primaryimage"},"image":{"@id":"https:\/\/fermentis.com\/pt-br\/produto\/safoeno-hd-t18\/#primaryimage"},"thumbnailUrl":"https:\/\/fermentis.com\/wp-content\/uploads\/2020\/10\/safoeno-hdt18-1.jpg","datePublished":"2020-04-28T22:00:00+00:00","dateModified":"2026-04-18T17:24:36+00:00","description":"A levedura de vinho Fermentis SafOeno HD T18 \u00e9 ideal para produzir vinhos brancos terp\u00eanicos elegantes e frescos, mas tamb\u00e9m pode ser adequada para outros estilos de vinho","breadcrumb":{"@id":"https:\/\/fermentis.com\/pt-br\/produto\/safoeno-hd-t18\/#breadcrumb"},"inLanguage":"pt-BR","potentialAction":[{"@type":"ReadAction","target":["https:\/\/fermentis.com\/pt-br\/produto\/safoeno-hd-t18\/"]}]},{"@type":"ImageObject","inLanguage":"pt-BR","@id":"https:\/\/fermentis.com\/pt-br\/produto\/safoeno-hd-t18\/#primaryimage","url":"https:\/\/fermentis.com\/wp-content\/uploads\/2020\/10\/safoeno-hdt18-1.jpg","contentUrl":"https:\/\/fermentis.com\/wp-content\/uploads\/2020\/10\/safoeno-hdt18-1.jpg","width":1200,"height":1200},{"@type":"BreadcrumbList","@id":"https:\/\/fermentis.com\/pt-br\/produto\/safoeno-hd-t18\/#breadcrumb","itemListElement":[{"@type":"ListItem","position":1,"name":"Home","item":"https:\/\/fermentis.com\/pt-br\/"},{"@type":"ListItem","position":2,"name":"Produtos"},{"@type":"ListItem","position":3,"name":"Wine making","item":"https:\/\/fermentis.com\/pt-br\/fermentation\/wine-making-pt-br\/"},{"@type":"ListItem","position":4,"name":"Saf\u0152no\u2122 HD\u00a0T18"}]},{"@type":"WebSite","@id":"https:\/\/fermentis.com\/pt-br\/#website","url":"https:\/\/fermentis.com\/pt-br\/","name":"Fermentis","description":"Un site utilisant WordPress","publisher":{"@id":"https:\/\/fermentis.com\/pt-br\/#organization"},"potentialAction":[{"@type":"SearchAction","target":{"@type":"EntryPoint","urlTemplate":"https:\/\/fermentis.com\/pt-br\/?s={search_term_string}"},"query-input":{"@type":"PropertyValueSpecification","valueRequired":true,"valueName":"search_term_string"}}],"inLanguage":"pt-BR"},{"@type":"Organization","@id":"https:\/\/fermentis.com\/pt-br\/#organization","name":"Fermentis","url":"https:\/\/fermentis.com\/pt-br\/","logo":{"@type":"ImageObject","inLanguage":"pt-BR","@id":"https:\/\/fermentis.com\/pt-br\/#\/schema\/logo\/image\/","url":"https:\/\/fermentis.com\/wp-content\/uploads\/2021\/07\/Logo-Fermentis-5.png","contentUrl":"https:\/\/fermentis.com\/wp-content\/uploads\/2021\/07\/Logo-Fermentis-5.png","width":308,"height":95,"caption":"Fermentis"},"image":{"@id":"https:\/\/fermentis.com\/pt-br\/#\/schema\/logo\/image\/"},"sameAs":["https:\/\/www.facebook.com\/Fermentis","https:\/\/x.com\/fermentis","https:\/\/www.instagram.com\/fermentisbylesaffre\/","https:\/\/www.linkedin.com\/company\/fermentis\/","https:\/\/www.youtube.com\/channel\/UCt_Lp3IZnUNXZeqSi6iiAdA"]}]},"product_price_currency":"GBP","og_availability":"instock","product_availability":"instock","product_condition":"new"},"_links":{"self":[{"href":"https:\/\/fermentis.com\/pt-br\/wp-json\/wp\/v2\/product\/44178","targetHints":{"allow":["GET"]}}],"collection":[{"href":"https:\/\/fermentis.com\/pt-br\/wp-json\/wp\/v2\/product"}],"about":[{"href":"https:\/\/fermentis.com\/pt-br\/wp-json\/wp\/v2\/types\/product"}],"replies":[{"embeddable":true,"href":"https:\/\/fermentis.com\/pt-br\/wp-json\/wp\/v2\/comments?post=44178"}],"wp:featuredmedia":[{"embeddable":true,"href":"https:\/\/fermentis.com\/pt-br\/wp-json\/wp\/v2\/media\/44183"}],"wp:attachment":[{"href":"https:\/\/fermentis.com\/pt-br\/wp-json\/wp\/v2\/media?parent=44178"}],"wp:term":[{"taxonomy":"product_brand","embeddable":true,"href":"https:\/\/fermentis.com\/pt-br\/wp-json\/wp\/v2\/product_brand?post=44178"},{"taxonomy":"product_cat","embeddable":true,"href":"https:\/\/fermentis.com\/pt-br\/wp-json\/wp\/v2\/product_cat?post=44178"},{"taxonomy":"product_tag","embeddable":true,"href":"https:\/\/fermentis.com\/pt-br\/wp-json\/wp\/v2\/product_tag?post=44178"}],"curies":[{"name":"wp","href":"https:\/\/api.w.org\/{rel}","templated":true}]}}