{"id":44192,"date":"2020-04-07T00:00:00","date_gmt":"2020-04-06T22:00:00","guid":{"rendered":"https:\/\/fermentis.com\/product\/safoeno-sc-22\/"},"modified":"2026-04-13T19:18:52","modified_gmt":"2026-04-13T17:18:52","slug":"safoeno-sc-22","status":"publish","type":"product","link":"https:\/\/fermentis.com\/pt-br\/produto\/safoeno-sc-22\/","title":{"rendered":"Saf\u0152no\u2122 SC\u00a022"},"content":{"rendered":"<div class=\"container section-title-container\" ><h2 class=\"section-title section-title-center\"><b aria-hidden=\"true\"><\/b><span class=\"section-title-main\" style=\"font-size:115%;\">A variedade original para respeitar a tipicidade do terroir<\/span><b aria-hidden=\"true\"><\/b><\/h2><\/div>\n<p><strong>A Saf\u0152no\u2122 SC 22<\/strong> foi a primeira variedade a ser selecionada para uma aplica\u00e7\u00e3o de vinho por respeitar o car\u00e1ter varietal das cultivares e por sua cin\u00e9tica de fermenta\u00e7\u00e3o regular e completa. \u00c9 um excelente fermentador.<\/p>\n<p><br data-source=\"\n\n\"><strong>Vinhos tranquilos. Dosagem:<\/strong> 20 g\/hl<br \/><br data-source=\"\n\"><strong>Rein\u00edcio da fermenta\u00e7\u00e3o. Dosagem:<\/strong> 30 a 40 g\/hl<\/p>\n<p><br data-source=\"\n\n\"><strong>Ingredientes: <\/strong>levedura (<em>Saccharomyces cerevisiae*<\/em>), Emulsificante: E491 (monoestearato de sorbitano).<br data-source=\"\n\n\">\t<div id=\"gap-834359646\" class=\"gap-element clearfix\" style=\"display:block; height:auto;\">\n\t\t\n<style>\n#gap-834359646 {\n  padding-top: 30px;\n}\n<\/style>\n\t<\/div>\n\t\n<div class=\"container section-title-container\" ><h3 class=\"section-title section-title-center\"><b aria-hidden=\"true\"><\/b><span class=\"section-title-main\" style=\"font-size:115%;\">Caracter\u00edsticas sensoriais do Saf\u0152no\u2122 SC 22<\/span><b aria-hidden=\"true\"><\/b><\/h3><\/div>\n<h4>Para vinhos tintos premium<\/h4>\n<p><br data-source=\"\n\">Saf\u0152no\u2122 SC 22 \u00e9 a variedade de escolha das propriedades da regi\u00e3o de Bordelais e, como tal, \u00e9 particularmente adaptada a cultivares como Cabernet Sauvignon, Cabernet Franc e Merlot. Permite um r\u00e1pido in\u00edcio de fermenta\u00e7\u00e3o e uma excelente regularidade fermentativa, produzindo vinhos finos, limpos e com caracter\u00edsticas de terroir.<br data-source=\"\n\"><\/p>\n<h4>Para fermenta\u00e7\u00e3o ou envelhecimento em barricas<\/h4>\n<p><br data-source=\"\n\">O Saf\u0152no\u2122 SC 22 \u00e9 ideal para fermenta\u00e7\u00f5es em barricas. Mesmo sem controlar as temperaturas, a cepa fermenta regularmente e sua temperatura raramente ultrapassa 30\u00b0C, tornando os riscos de fermenta\u00e7\u00e3o presos muito baixos. Al\u00e9m disso, permite uma express\u00e3o muito boa dos aromas ligados ao envelhecimento em barrica.<br data-source=\"\n\"><\/p>\n<h4 class=\"separator transparent center \">Para vinhos brancos e ros\u00e9s<\/h4>\n<p><br data-source=\"\n\">A Saf\u0152no\u2122 SC 22 \u00e9 uma variedade neutra que permite a produ\u00e7\u00e3o de vinhos com grande delicadeza, respeitando o car\u00e1ter das variedades. Tamb\u00e9m est\u00e1 adaptado \u00e0 fermenta\u00e7\u00e3o de cultivares arom\u00e1ticas brancas a baixa temperatura com um longo envelhecimento sobre borras (Chenin Blanc, Viognier).<br data-source=\"\n\n\">\t<div id=\"gap-1554177000\" class=\"gap-element clearfix\" style=\"display:block; height:auto;\">\n\t\t\n<style>\n#gap-1554177000 {\n  padding-top: 30px;\n}\n<\/style>\n\t<\/div>\n\t\n<div class=\"container section-title-container\" ><h3 class=\"section-title section-title-center\"><b aria-hidden=\"true\"><\/b><span class=\"section-title-main\" style=\"font-size:115%;\">Caracter\u00edsticas t\u00e9cnicas do Saf\u0152no\u2122 SC 22<\/span><b aria-hidden=\"true\"><\/b><\/h3><\/div>\n\n\t\t<div class=\"tabbed-content\">\n\t\t\t\n\t\t\t<ul class=\"nav nav-tabs nav-uppercase nav-size-normal nav-left\" role=\"tablist\"><li id=\"tab-fermenta\u00e7\u00e3o\" class=\"tab active has-icon\" role=\"presentation\"><a href=\"#tab_fermenta\u00e7\u00e3o\" role=\"tab\" aria-selected=\"true\" aria-controls=\"tab_fermenta\u00e7\u00e3o\"><span>Fermenta\u00e7\u00e3o<\/span><\/a><\/li>\n<li id=\"tab-metab\u00f3licos\" class=\"tab has-icon\" role=\"presentation\"><a href=\"#tab_metab\u00f3licos\" tabindex=\"-1\" role=\"tab\" aria-selected=\"false\" aria-controls=\"tab_metab\u00f3licos\"><span>Metab\u00f3licos<\/span><\/a><\/li>\n<li id=\"tab-f\u00e1cil-2-uso\" class=\"tab has-icon\" role=\"presentation\"><a href=\"#tab_f\u00e1cil-2-uso\" tabindex=\"-1\" role=\"tab\" aria-selected=\"false\" aria-controls=\"tab_f\u00e1cil-2-uso\"><span>F\u00e1cil 2 Uso<\/span><\/a><\/li>\n<li id=\"tab-embalagem-e-garantia\" class=\"tab has-icon\" role=\"presentation\"><a href=\"#tab_embalagem-e-garantia\" tabindex=\"-1\" role=\"tab\" aria-selected=\"false\" aria-controls=\"tab_embalagem-e-garantia\"><span>Embalagem e garantia<\/span><\/a><\/li><\/ul><div class=\"tab-panels\"><div id=\"tab_fermenta\u00e7\u00e3o\" class=\"panel active entry-content\" role=\"tabpanel\" aria-labelledby=\"tab-fermenta\u00e7\u00e3o\">\n<p><br data-source=\"\n\n\">\u2192 In\u00edcio r\u00e1pido da fermenta\u00e7\u00e3o<br \/><br data-source=\"\n\">\u2192 Toler\u00e2ncia ao \u00e1lcool: 15% vol.\/vol.<br \/><br data-source=\"\n\">\u2192 Fermenta\u00e7\u00e3o regular e completa dos a\u00e7\u00facares<br \/><br data-source=\"\n\">\u2192 Temperatura de fermenta\u00e7\u00e3o: 12 a 35 \u00b0C<br \/><br data-source=\"\n\">\u2192 Necessidade de nitrog\u00eanio m\u00e9dio: entre 150 e 180 mg\/L de nitrog\u00eanio dispon\u00edvel, \u00e9 necess\u00e1rio fornecer 20g\/hl de Springferm\u00ae &amp; 20g\/hl de DAP na inocula\u00e7\u00e3o de levedura.<br \/><br data-source=\"\n\"><br data-source=\"\n\n\"><\/p>\n<\/div>\n<div id=\"tab_metab\u00f3licos\" class=\"panel entry-content\" role=\"tabpanel\" aria-labelledby=\"tab-metab\u00f3licos\">\n<p>\u2192\u00a0Sugar\/Alcohol yield: 17.2 g\/l for 1% vol.\/vol.<br \/>\n\u2192\u00a0Very low production of volatile acidity (&lt;0.15 g\/L) and of SO<sub>2<\/sub><br \/>\n\u2192 Average glycerol production: 4g\/L.<\/p>\n<\/div>\n<div id=\"tab_f\u00e1cil-2-uso\" class=\"panel entry-content\" role=\"tabpanel\" aria-labelledby=\"tab-f\u00e1cil-2-uso\">\n<br data-source=\"\n\"><\/p>\n<ul><br data-source=\"\n\"> \t<\/p>\n<li>O know-how da Lesaffre e a melhoria cont\u00ednua do processo de produ\u00e7\u00e3o de leveduras levam \u00e0 obten\u00e7\u00e3o <strong>de leveduras secas de qualidade excepcional, capazes de resistir a uma ampla gama de usos, incluindo ou sem reidrata\u00e7\u00e3o, sem afetar sua viabilidade, perfil cin\u00e9tico e\/ou anal\u00edtico.<\/strong>Os en\u00f3logos podem escolher as condi\u00e7\u00f5es de utiliza\u00e7\u00e3o que melhor se adequam \u00e0s suas necessidades, ou seja:<br data-source=\"\n\">\n<ul><br data-source=\"\n\"> \t<\/p>\n<li><strong>Inocula\u00e7\u00e3o direta:<\/strong> Despeje o fermento na superf\u00edcie de <strong>pelo menos 10 vezes o peso do mosto<\/strong> (possivelmente diretamente no topo do tanque ou durante o enchimento do tanque ap\u00f3s a acomoda\u00e7\u00e3o para brancos e ros\u00e9s). Mexa suavemente para evitar ou quebrar grumos. <strong>Transfira imediatamente para o tanque por meio de um bombeamento com aera\u00e7\u00e3o<\/strong> (ou homogeneizar o volume do tanque).<\/li>\n<p><br data-source=\"\n\"> \t<\/p>\n<li><strong>Com reidrata\u00e7\u00e3o pr\u00e9via:<\/strong> Despeje o fermento na superf\u00edcie de <strong>10 vezes o peso da \u00e1gua da torneira em temperatura ambiente.<\/strong> Mexa suavemente para evitar ou quebrar grumos. <strong>Aguarde 20 minutos e transfira para o tanque por meio de um bombeamento com aera\u00e7\u00e3o.<\/strong><\/li>\n<p><br data-source=\"\n\"><\/ul>\n<p><br data-source=\"\n\"><\/li>\n<p><br data-source=\"\n\"><\/ul>\n<p><br data-source=\"\n\"><br \/>\n<\/div>\n<div id=\"tab_embalagem-e-garantia\" class=\"panel entry-content\" role=\"tabpanel\" aria-labelledby=\"tab-embalagem-e-garantia\">\n<br data-source=\"\n\"><\/p>\n<h4>Empacotamento<\/h4>\n<p><br data-source=\"\n\">Caixa de 20 saquetas embaladas a v\u00e1cuo de 500g cada (peso l\u00edquido da caixa completa: 10 kg).<br \/><br data-source=\"\n\">Caixa de 1 caixa embalada a v\u00e1cuo de 10 Kg (peso l\u00edquido da caixa completa: 10 kg).<br data-source=\"\n\"><\/p>\n<h4>Garantia<\/h4>\n<p><br data-source=\"\n\">A alta taxa de mat\u00e9ria seca de nossas leveduras garante um \u00f3timo armazenamento em sua embalagem original a uma temperatura n\u00e3o superior a 20\u00b0C (durante 3 anos) e 10\u00b0C para um armazenamento prolongado (4 anos).<\/p>\n<p><br data-source=\"\n\n\">A Fermentis garante que o produto est\u00e1 em conformidade com o Codex Enol\u00f3gico Internacional at\u00e9 \u00e0 data de validade nas condi\u00e7\u00f5es de armazenamento acima mencionadas.<\/p>\n<p><br data-source=\"\n\n\"><em>Cada levedura Fermentis \u00e9 desenvolvida sob um esquema de produ\u00e7\u00e3o espec\u00edfico e se beneficia do know-how do grupo Lesaffre, l\u00edder mundial na fabrica\u00e7\u00e3o de leveduras. Isso garante a mais alta pureza microbiol\u00f3gica e a m\u00e1xima atividade de fermenta\u00e7\u00e3o.<\/em><br data-source=\"\n\n\"><\/p>\n<\/div><\/div><\/div>\n\t<div id=\"gap-858197460\" class=\"gap-element clearfix\" style=\"display:block; height:auto;\">\n\t\t\n<style>\n#gap-858197460 {\n  padding-top: 30px;\n}\n<\/style>\n\t<\/div>\n\t<br data-source=\"\n\n\"><i>Os dados contidos nesta ficha t\u00e9cnica s\u00e3o a transcri\u00e7\u00e3o exata do nosso conhecimento do produto na data mencionada. Eles s\u00e3o propriedade exclusiva da Fermentis-Division da S.I.Lesaffre. \u00c9 da responsabilidade do utilizador certificar-se de que a utiliza\u00e7\u00e3o deste produto espec\u00edfico est\u00e1 em conformidade com a legisla\u00e7\u00e3o.<\/i><\/p>\n","protected":false},"excerpt":{"rendered":"<p>A variedade original para respeitar a tipicidade do terroir<\/p>\n","protected":false},"featured_media":44193,"comment_status":"closed","ping_status":"closed","template":"","meta":{"_acf_changed":false},"product_brand":[],"product_cat":[2555,2556,2557],"product_tag":[2621,2622],"class_list":{"0":"post-44192","1":"product","2":"type-product","3":"status-publish","4":"has-post-thumbnail","6":"product_cat-active-dry-yeast-wine-pt-br","7":"product_cat-safoeno-pt-br-2","8":"product_cat-wine-making-pt-br","9":"product_tag-sc-22-pt-br","10":"product_tag-sc22-pt-br","11":"pa_fermentation-temperature-14-pt-br","12":"pa_fermentation-temperature-30-pt-br","13":"pa_flavor-profile-amylic-pt-br","14":"pa_flavor-profile-fruity-pt-br","15":"pa_kinetics-medium-pt-br","16":"pa_max-alcohol-15-pt-br","17":"pa_nutrients-need-low-pt-br","18":"pa_red-fruity-profile-fresh-fruit-pt-br","19":"pa_roundness-medium-low-pt-br","20":"pa_structure-medium-pt-br","21":"pa_wine-color-red-pt-br","22":"pa_wine-color-rose-pt-br","23":"pa_wine-color-white-pt-br","25":"first","26":"instock","27":"shipping-taxable","28":"product-type-simple"},"acf":[],"yoast_head":"<!-- This site is optimized with the Yoast SEO Premium plugin v27.4 (Yoast SEO v27.4) - https:\/\/yoast.com\/product\/yoast-seo-premium-wordpress\/ -->\n<title>SafOeno SC 22 - A cepa que respeita a tipicidade do terroir - Fermentis<\/title>\n<meta name=\"description\" content=\"A Fermentis Saf\u0152no\u2122 SC 22 \u00e9 uma das primeiras cepas de levedura a ser selecionada para fins de vinifica\u00e7\u00e3o, apreciada mundialmente por seu respeito \u00e0 tipicidade varietal e do terroir.\" \/>\n<meta name=\"robots\" content=\"index, follow, max-snippet:-1, max-image-preview:large, max-video-preview:-1\" \/>\n<link rel=\"canonical\" href=\"https:\/\/fermentis.com\/pt-br\/produto\/safoeno-sc-22\/\" \/>\n<meta property=\"og:locale\" content=\"pt_BR\" \/>\n<meta property=\"og:type\" content=\"article\" \/>\n<meta property=\"og:title\" content=\"Saf\u0152no\u2122 SC\u00a022\" \/>\n<meta property=\"og:description\" content=\"A Fermentis Saf\u0152no\u2122 SC 22 \u00e9 uma das primeiras cepas de levedura a ser selecionada para fins de vinifica\u00e7\u00e3o, apreciada mundialmente por seu respeito \u00e0 tipicidade varietal e do terroir.\" \/>\n<meta property=\"og:url\" content=\"https:\/\/fermentis.com\/pt-br\/produto\/safoeno-sc-22\/\" \/>\n<meta property=\"og:site_name\" content=\"Fermentis\" \/>\n<meta property=\"article:publisher\" content=\"https:\/\/www.facebook.com\/Fermentis\" \/>\n<meta property=\"article:modified_time\" content=\"2026-04-13T17:18:52+00:00\" \/>\n<meta property=\"og:image\" content=\"https:\/\/fermentis.com\/wp-content\/uploads\/2020\/10\/safoeno-sc22.jpg\" \/>\n\t<meta property=\"og:image:width\" content=\"1200\" \/>\n\t<meta property=\"og:image:height\" content=\"1200\" \/>\n\t<meta property=\"og:image:type\" content=\"image\/jpeg\" \/>\n<meta name=\"twitter:card\" content=\"summary_large_image\" \/>\n<meta name=\"twitter:site\" content=\"@fermentis\" \/>\n<meta name=\"twitter:label1\" content=\"Pre\u00e7o\" \/>\n\t<meta name=\"twitter:data1\" content=\"\" \/>\n\t<meta name=\"twitter:label2\" content=\"Disponibilidade\" \/>\n\t<meta name=\"twitter:data2\" content=\"Em Estoque\" \/>\n<script type=\"application\/ld+json\" class=\"yoast-schema-graph\">{\"@context\":\"https:\\\/\\\/schema.org\",\"@graph\":[{\"@type\":\"WebPage\",\"@id\":\"https:\\\/\\\/fermentis.com\\\/pt-br\\\/produto\\\/safoeno-sc-22\\\/\",\"url\":\"https:\\\/\\\/fermentis.com\\\/pt-br\\\/produto\\\/safoeno-sc-22\\\/\",\"name\":\"SafOeno SC 22 - A cepa que respeita a tipicidade do terroir - Fermentis\",\"isPartOf\":{\"@id\":\"https:\\\/\\\/fermentis.com\\\/pt-br\\\/#website\"},\"primaryImageOfPage\":{\"@id\":\"https:\\\/\\\/fermentis.com\\\/pt-br\\\/produto\\\/safoeno-sc-22\\\/#primaryimage\"},\"image\":{\"@id\":\"https:\\\/\\\/fermentis.com\\\/pt-br\\\/produto\\\/safoeno-sc-22\\\/#primaryimage\"},\"thumbnailUrl\":\"https:\\\/\\\/fermentis.com\\\/wp-content\\\/uploads\\\/2020\\\/10\\\/safoeno-sc22.jpg\",\"datePublished\":\"2020-04-06T22:00:00+00:00\",\"dateModified\":\"2026-04-13T17:18:52+00:00\",\"description\":\"A Fermentis Saf\u0152no\u2122 SC 22 \u00e9 uma das primeiras cepas de levedura a ser selecionada para fins de vinifica\u00e7\u00e3o, apreciada mundialmente por seu respeito \u00e0 tipicidade varietal e do terroir.\",\"breadcrumb\":{\"@id\":\"https:\\\/\\\/fermentis.com\\\/pt-br\\\/produto\\\/safoeno-sc-22\\\/#breadcrumb\"},\"inLanguage\":\"pt-BR\",\"potentialAction\":[{\"@type\":\"ReadAction\",\"target\":[\"https:\\\/\\\/fermentis.com\\\/pt-br\\\/produto\\\/safoeno-sc-22\\\/\"]}]},{\"@type\":\"ImageObject\",\"inLanguage\":\"pt-BR\",\"@id\":\"https:\\\/\\\/fermentis.com\\\/pt-br\\\/produto\\\/safoeno-sc-22\\\/#primaryimage\",\"url\":\"https:\\\/\\\/fermentis.com\\\/wp-content\\\/uploads\\\/2020\\\/10\\\/safoeno-sc22.jpg\",\"contentUrl\":\"https:\\\/\\\/fermentis.com\\\/wp-content\\\/uploads\\\/2020\\\/10\\\/safoeno-sc22.jpg\",\"width\":1200,\"height\":1200},{\"@type\":\"BreadcrumbList\",\"@id\":\"https:\\\/\\\/fermentis.com\\\/pt-br\\\/produto\\\/safoeno-sc-22\\\/#breadcrumb\",\"itemListElement\":[{\"@type\":\"ListItem\",\"position\":1,\"name\":\"Home\",\"item\":\"https:\\\/\\\/fermentis.com\\\/pt-br\\\/\"},{\"@type\":\"ListItem\",\"position\":2,\"name\":\"Produtos\"},{\"@type\":\"ListItem\",\"position\":3,\"name\":\"Wine making\",\"item\":\"https:\\\/\\\/fermentis.com\\\/pt-br\\\/fermentation\\\/wine-making-pt-br\\\/\"},{\"@type\":\"ListItem\",\"position\":4,\"name\":\"Saf\u0152no\u2122 SC\u00a022\"}]},{\"@type\":\"WebSite\",\"@id\":\"https:\\\/\\\/fermentis.com\\\/pt-br\\\/#website\",\"url\":\"https:\\\/\\\/fermentis.com\\\/pt-br\\\/\",\"name\":\"Fermentis\",\"description\":\"Un site utilisant WordPress\",\"publisher\":{\"@id\":\"https:\\\/\\\/fermentis.com\\\/pt-br\\\/#organization\"},\"potentialAction\":[{\"@type\":\"SearchAction\",\"target\":{\"@type\":\"EntryPoint\",\"urlTemplate\":\"https:\\\/\\\/fermentis.com\\\/pt-br\\\/?s={search_term_string}\"},\"query-input\":{\"@type\":\"PropertyValueSpecification\",\"valueRequired\":true,\"valueName\":\"search_term_string\"}}],\"inLanguage\":\"pt-BR\"},{\"@type\":\"Organization\",\"@id\":\"https:\\\/\\\/fermentis.com\\\/pt-br\\\/#organization\",\"name\":\"Fermentis\",\"url\":\"https:\\\/\\\/fermentis.com\\\/pt-br\\\/\",\"logo\":{\"@type\":\"ImageObject\",\"inLanguage\":\"pt-BR\",\"@id\":\"https:\\\/\\\/fermentis.com\\\/pt-br\\\/#\\\/schema\\\/logo\\\/image\\\/\",\"url\":\"https:\\\/\\\/fermentis.com\\\/wp-content\\\/uploads\\\/2021\\\/07\\\/Logo-Fermentis-5.png\",\"contentUrl\":\"https:\\\/\\\/fermentis.com\\\/wp-content\\\/uploads\\\/2021\\\/07\\\/Logo-Fermentis-5.png\",\"width\":308,\"height\":95,\"caption\":\"Fermentis\"},\"image\":{\"@id\":\"https:\\\/\\\/fermentis.com\\\/pt-br\\\/#\\\/schema\\\/logo\\\/image\\\/\"},\"sameAs\":[\"https:\\\/\\\/www.facebook.com\\\/Fermentis\",\"https:\\\/\\\/x.com\\\/fermentis\",\"https:\\\/\\\/www.instagram.com\\\/fermentisbylesaffre\\\/\",\"https:\\\/\\\/www.linkedin.com\\\/company\\\/fermentis\\\/\",\"https:\\\/\\\/www.youtube.com\\\/channel\\\/UCt_Lp3IZnUNXZeqSi6iiAdA\"]}]}<\/script>\n<meta property=\"product:price:currency\" content=\"GBP\" \/>\n<meta property=\"og:availability\" content=\"instock\" \/>\n<meta property=\"product:availability\" content=\"instock\" \/>\n<meta property=\"product:condition\" content=\"new\" \/>\n<!-- \/ Yoast SEO Premium plugin. -->","yoast_head_json":{"title":"SafOeno SC 22 - A cepa que respeita a tipicidade do terroir - Fermentis","description":"A Fermentis Saf\u0152no\u2122 SC 22 \u00e9 uma das primeiras cepas de levedura a ser selecionada para fins de vinifica\u00e7\u00e3o, apreciada mundialmente por seu respeito \u00e0 tipicidade varietal e do terroir.","robots":{"index":"index","follow":"follow","max-snippet":"max-snippet:-1","max-image-preview":"max-image-preview:large","max-video-preview":"max-video-preview:-1"},"canonical":"https:\/\/fermentis.com\/pt-br\/produto\/safoeno-sc-22\/","og_locale":"pt_BR","og_type":"article","og_title":"Saf\u0152no\u2122 SC\u00a022","og_description":"A Fermentis Saf\u0152no\u2122 SC 22 \u00e9 uma das primeiras cepas de levedura a ser selecionada para fins de vinifica\u00e7\u00e3o, apreciada mundialmente por seu respeito \u00e0 tipicidade varietal e do terroir.","og_url":"https:\/\/fermentis.com\/pt-br\/produto\/safoeno-sc-22\/","og_site_name":"Fermentis","article_publisher":"https:\/\/www.facebook.com\/Fermentis","article_modified_time":"2026-04-13T17:18:52+00:00","og_image":[{"width":1200,"height":1200,"url":"https:\/\/fermentis.com\/wp-content\/uploads\/2020\/10\/safoeno-sc22.jpg","type":"image\/jpeg"}],"twitter_card":"summary_large_image","twitter_site":"@fermentis","twitter_misc":{"Pre\u00e7o":"","Disponibilidade":"Em Estoque"},"schema":{"@context":"https:\/\/schema.org","@graph":[{"@type":"WebPage","@id":"https:\/\/fermentis.com\/pt-br\/produto\/safoeno-sc-22\/","url":"https:\/\/fermentis.com\/pt-br\/produto\/safoeno-sc-22\/","name":"SafOeno SC 22 - A cepa que respeita a tipicidade do terroir - Fermentis","isPartOf":{"@id":"https:\/\/fermentis.com\/pt-br\/#website"},"primaryImageOfPage":{"@id":"https:\/\/fermentis.com\/pt-br\/produto\/safoeno-sc-22\/#primaryimage"},"image":{"@id":"https:\/\/fermentis.com\/pt-br\/produto\/safoeno-sc-22\/#primaryimage"},"thumbnailUrl":"https:\/\/fermentis.com\/wp-content\/uploads\/2020\/10\/safoeno-sc22.jpg","datePublished":"2020-04-06T22:00:00+00:00","dateModified":"2026-04-13T17:18:52+00:00","description":"A Fermentis Saf\u0152no\u2122 SC 22 \u00e9 uma das primeiras cepas de levedura a ser selecionada para fins de vinifica\u00e7\u00e3o, apreciada mundialmente por seu respeito \u00e0 tipicidade varietal e do terroir.","breadcrumb":{"@id":"https:\/\/fermentis.com\/pt-br\/produto\/safoeno-sc-22\/#breadcrumb"},"inLanguage":"pt-BR","potentialAction":[{"@type":"ReadAction","target":["https:\/\/fermentis.com\/pt-br\/produto\/safoeno-sc-22\/"]}]},{"@type":"ImageObject","inLanguage":"pt-BR","@id":"https:\/\/fermentis.com\/pt-br\/produto\/safoeno-sc-22\/#primaryimage","url":"https:\/\/fermentis.com\/wp-content\/uploads\/2020\/10\/safoeno-sc22.jpg","contentUrl":"https:\/\/fermentis.com\/wp-content\/uploads\/2020\/10\/safoeno-sc22.jpg","width":1200,"height":1200},{"@type":"BreadcrumbList","@id":"https:\/\/fermentis.com\/pt-br\/produto\/safoeno-sc-22\/#breadcrumb","itemListElement":[{"@type":"ListItem","position":1,"name":"Home","item":"https:\/\/fermentis.com\/pt-br\/"},{"@type":"ListItem","position":2,"name":"Produtos"},{"@type":"ListItem","position":3,"name":"Wine making","item":"https:\/\/fermentis.com\/pt-br\/fermentation\/wine-making-pt-br\/"},{"@type":"ListItem","position":4,"name":"Saf\u0152no\u2122 SC\u00a022"}]},{"@type":"WebSite","@id":"https:\/\/fermentis.com\/pt-br\/#website","url":"https:\/\/fermentis.com\/pt-br\/","name":"Fermentis","description":"Un site utilisant WordPress","publisher":{"@id":"https:\/\/fermentis.com\/pt-br\/#organization"},"potentialAction":[{"@type":"SearchAction","target":{"@type":"EntryPoint","urlTemplate":"https:\/\/fermentis.com\/pt-br\/?s={search_term_string}"},"query-input":{"@type":"PropertyValueSpecification","valueRequired":true,"valueName":"search_term_string"}}],"inLanguage":"pt-BR"},{"@type":"Organization","@id":"https:\/\/fermentis.com\/pt-br\/#organization","name":"Fermentis","url":"https:\/\/fermentis.com\/pt-br\/","logo":{"@type":"ImageObject","inLanguage":"pt-BR","@id":"https:\/\/fermentis.com\/pt-br\/#\/schema\/logo\/image\/","url":"https:\/\/fermentis.com\/wp-content\/uploads\/2021\/07\/Logo-Fermentis-5.png","contentUrl":"https:\/\/fermentis.com\/wp-content\/uploads\/2021\/07\/Logo-Fermentis-5.png","width":308,"height":95,"caption":"Fermentis"},"image":{"@id":"https:\/\/fermentis.com\/pt-br\/#\/schema\/logo\/image\/"},"sameAs":["https:\/\/www.facebook.com\/Fermentis","https:\/\/x.com\/fermentis","https:\/\/www.instagram.com\/fermentisbylesaffre\/","https:\/\/www.linkedin.com\/company\/fermentis\/","https:\/\/www.youtube.com\/channel\/UCt_Lp3IZnUNXZeqSi6iiAdA"]}]},"product_price_currency":"GBP","og_availability":"instock","product_availability":"instock","product_condition":"new"},"_links":{"self":[{"href":"https:\/\/fermentis.com\/pt-br\/wp-json\/wp\/v2\/product\/44192","targetHints":{"allow":["GET"]}}],"collection":[{"href":"https:\/\/fermentis.com\/pt-br\/wp-json\/wp\/v2\/product"}],"about":[{"href":"https:\/\/fermentis.com\/pt-br\/wp-json\/wp\/v2\/types\/product"}],"replies":[{"embeddable":true,"href":"https:\/\/fermentis.com\/pt-br\/wp-json\/wp\/v2\/comments?post=44192"}],"wp:featuredmedia":[{"embeddable":true,"href":"https:\/\/fermentis.com\/pt-br\/wp-json\/wp\/v2\/media\/44193"}],"wp:attachment":[{"href":"https:\/\/fermentis.com\/pt-br\/wp-json\/wp\/v2\/media?parent=44192"}],"wp:term":[{"taxonomy":"product_brand","embeddable":true,"href":"https:\/\/fermentis.com\/pt-br\/wp-json\/wp\/v2\/product_brand?post=44192"},{"taxonomy":"product_cat","embeddable":true,"href":"https:\/\/fermentis.com\/pt-br\/wp-json\/wp\/v2\/product_cat?post=44192"},{"taxonomy":"product_tag","embeddable":true,"href":"https:\/\/fermentis.com\/pt-br\/wp-json\/wp\/v2\/product_tag?post=44192"}],"curies":[{"name":"wp","href":"https:\/\/api.w.org\/{rel}","templated":true}]}}